{"id":1259,"date":"2020-03-20T18:16:27","date_gmt":"2020-03-20T17:16:27","guid":{"rendered":"https:\/\/www.halifax-consulting.com\/en\/?page_id=1259"},"modified":"2026-02-10T16:55:23","modified_gmt":"2026-02-10T15:55:23","slug":"home","status":"publish","type":"page","link":"https:\/\/www.halifax-consulting.com\/br\/","title":{"rendered":"Home"},"content":{"rendered":" \n<section class=\"slider\">\n\t\n\t<div class=\"swiper-container slider__container\">\n\n\t\t<div class=\"swiper-wrapper slider__container--wrapper\">\n\n\t\t\t\t\t\t\t\n\t\t\t\t<div class=\"swiper-slide slider__slide\">\n\t\t\t\t\t\n\t\t\t\t\t<div class=\"slider__slide--content\">\n\t\t\t\t\t\t\n\t\t\t\t\t\t<div class=\"scontent__title\">Depoimentos dos clientes<br \/>\nHalifax<\/div>\n\t\t\t\t\t\t\n\t\t\t\t\t\t\t\t\t\t\t\t\t<p>\n\t\t\t\t\t\t\t\t<a data-fancybox href=\"https:\/\/www.youtube.com\/watch?v=_Z_hNf0QxTw\" class=\"btn-hx btn-hx-orange\">Ver o v\u00eddeo<\/a>\n\t\t\t\t\t\t\t<\/p>\n\t\t\t\t\t\t\t\t\t\t\t\t\n\t\t\t\t\t<\/div>\n\t\t\t\t\t\n\t\t\t\t\t<figure class=\"slider__slide--image\">\n\t\t\n\t\t\t\t\t\t\t<div class=\"slider__image--overlay\"><\/div>\n\t\t\t\t\t\t\n\t\t\t\t\t\t\t<img decoding=\"async\" loading=\"lazy\" src=\"https:\/\/www.halifax-consulting.com\/br\/wp-content\/uploads\/sites\/4\/2025\/08\/O-CLUBE-DA-EXELENCIA-COMERCIAL-16.png\" alt=\"\" width=\"100%\" height=\"\" >\t\t\t\t\t<\/figure>\n\t\t\t\t\t\n\t\t\t\t<\/div>\n\t\t\t\n\t\t\t\t\t\t\t\n\t\t\t\t<div class=\"swiper-slide slider__slide\">\n\t\t\t\t\t\n\t\t\t\t\t<div class=\"slider__slide--content\">\n\t\t\t\t\t\t\n\t\t\t\t\t\t<div class=\"scontent__title\">DESCUBRA NOSSA FORMA\u00c7\u00c3O IA !<\/div>\n\t\t\t\t\t\t\n\t\t\t\t\t\t\t\t\t\t\t\t\t<p>\n\t\t\t\t\t\t\t\t<a  href=\"https:\/\/www.halifax-consulting.com\/br\/treinamento-inteligencia-artificial\" class=\"btn-hx btn-hx-orange\">DESCOBRIR<\/a>\n\t\t\t\t\t\t\t<\/p>\n\t\t\t\t\t\t\t\t\t\t\t\t\n\t\t\t\t\t<\/div>\n\t\t\t\t\t\n\t\t\t\t\t<figure class=\"slider__slide--image\">\n\t\t\n\t\t\t\t\t\t\t<div class=\"slider__image--overlay\"><\/div>\n\t\t\t\t\t\t\n\t\t\t\t\t\t\t<img decoding=\"async\" loading=\"lazy\" src=\"https:\/\/www.halifax-consulting.com\/br\/wp-content\/uploads\/sites\/4\/2025\/08\/O-CLUBE-DA-EXELENCIA-COMERCIAL-17.png\" alt=\"\" width=\"100%\" height=\"\" >\t\t\t\t\t<\/figure>\n\t\t\t\t\t\n\t\t\t\t<\/div>\n\t\t\t\n\t\t\t\t\t\t\t\n\t\t\t\t<div class=\"swiper-slide slider__slide\">\n\t\t\t\t\t\n\t\t\t\t\t<div class=\"slider__slide--content\">\n\t\t\t\t\t\t\n\t\t\t\t\t\t<div class=\"scontent__title\">Halifax Consulting est\u00e1 em Sales Training e Enablement Companies Watch List de Training Industry (EUA)<\/div>\n\t\t\t\t\t\t\n\t\t\t\t\t\t\t\t\t\t\t\t\t<p>\n\t\t\t\t\t\t\t\t<a  href=\"https:\/\/trainingindustry.com\/top-training-companies\/sales\/2022-top-sales-training-and-enablement-companies\/\" class=\"btn-hx btn-hx-orange\">Leia mais <\/a>\n\t\t\t\t\t\t\t<\/p>\n\t\t\t\t\t\t\t\t\t\t\t\t\n\t\t\t\t\t<\/div>\n\t\t\t\t\t\n\t\t\t\t\t<figure class=\"slider__slide--image\">\n\t\t\n\t\t\t\t\t\t\t<div class=\"slider__image--overlay\"><\/div>\n\t\t\t\t\t\t\n\t\t\t\t\t\t\t<img decoding=\"async\" loading=\"lazy\" src=\"https:\/\/www.halifax-consulting.com\/br\/wp-content\/uploads\/sites\/4\/2026\/02\/Bandeaux-Signatures-Sigilium-2000-x-720-px-7.jpg\" alt=\"\" width=\"100%\" height=\"\" >\t\t\t\t\t<\/figure>\n\t\t\t\t\t\n\t\t\t\t<\/div>\n\t\t\t\n\t\t\t\t\t\t\t\t\t\t\t<\/div>\n\t\t<!-- If we need pagination -->\n\t\t<div class=\"swiper-pagination\"><\/div>\n\t\n\t\n\t\t<!-- If we need scrollbar -->\n\t\t<div class=\"swiper-scrollbar\"><\/div>\n\t\t\n\t<\/div>\n<\/section>\n\n\n\n<div class=\"container\">\n\t<div class=\"row\">\n\t\t<div class=\"col-lg-12 col-md-12 col-sm-12\">\n\t\t\t<h2 class=\"intro\">\n\t\t\t\t<strong class=\"intro-h2 d-block\">Halifax Consulting, gabinete especializado em consultoria e forma\u00e7\u00e3o comercial B2B a n\u00edvel internacional<\/strong>\n\t\t\t\t<p data-start=\"326\" data-end=\"475\"><strong data-start=\"326\" data-end=\"348\">Nossa raz&atilde;o de ser<\/strong>: ser parceira da performance comercial de nossos clientes locais e globais, atuando nos pontos que aceleram a transforma&ccedil;&atilde;o:<\/p>\n<p data-start=\"477\" data-end=\"929\"><strong data-start=\"477\" data-end=\"487\">Humano<\/strong>: desenvolver uma equipe de l&iacute;deres e comerciais engajada, adapt&aacute;vel e eficaz.<br data-start=\"565\" data-end=\"568\" \/><strong data-start=\"568\" data-end=\"581\">Estrutura<\/strong>: garantir uma organiza&ccedil;&atilde;o, processos e m&eacute;todos eficientes.<br data-start=\"640\" data-end=\"643\" \/><strong data-start=\"643\" data-end=\"658\">Tecnologias<\/strong>: selecionar e dominar as ferramentas necess&aacute;rias para orientar, apoiar e sustentar a performance.<br data-start=\"756\" data-end=\"759\" \/><strong data-start=\"759\" data-end=\"788\">N&oacute;s nos posicionamos como<\/strong>: especialistas, cofacilitadores junto aos seus managers para assegurar a robustez e a excel&ecirc;ncia da sua fun&ccedil;&atilde;o comercial at&eacute; o &uacute;ltimo metro.<\/p>\n<p data-start=\"931\" data-end=\"1322\">Halifax Consulting &eacute; premiada como gabinete &ldquo;incontorn&aacute;vel&rdquo; em performance comercial na Fran&ccedil;a desde 2016 pela revista <a href=\"https:\/\/www.decideurs-magazine.com\"><em>D&eacute;cideurs<\/em><\/a> e figura tamb&eacute;m, desde 2021, na <strong data-start=\"1100\" data-end=\"1152\">&ldquo;<\/strong><a href=\"https:\/\/trainingindustry.com\/top-training-companies\/sales\/top-sales-training-companies\">Watch List 40<\/a><strong data-start=\"1100\" data-end=\"1152\"> des Top Sales Training Companies&rdquo;<\/strong> no mundo, da Training Industry (USA). Halifax Consulting &eacute; igualmente reconhecida no <strong data-start=\"1246\" data-end=\"1289\">&ldquo;Top 10 Sales Training Company in APAC&rdquo;<\/strong> pela revista Manage HR Asia.<\/p>\n<p data-start=\"1324\" data-end=\"1740\">Halifax Consulting tem tamb&eacute;m forte reconhecimento acad&ecirc;mico nas profiss&otilde;es comerciais e estabeleceu parcerias com as melhores business schools europeias a fim de oferecer percursos com diploma. Por exemplo, o <a href=\"https:\/\/neoma-bs.fr\/formations\/msc-business-development-clients-grands-comptes\">MSc Business Development &amp; Clients Grands Comptes<\/a> da <strong data-start=\"1599\" data-end=\"1624\">Neoma Business School<\/strong> figura em 1&ordm; lugar de sua categoria na Fran&ccedil;a entre os melhores Master MS e MBA no ranking Eduniversal.<\/p>\n<p data-start=\"1742\" data-end=\"2032\">Halifax Consulting est&aacute; igualmente na vanguarda das pesquisas, estudos e publica&ccedil;&otilde;es sobre as tem&aacute;ticas Sales B2B e pilota o <strong data-start=\"1875\" data-end=\"1909\">Club du Key Account Management<\/strong> em Paris com cerca de cinquenta empresas-membro, um <strong data-start=\"1962\" data-end=\"1993\">Club KAM &amp; Sales Excellence<\/strong> em Mil&atilde;o, em S&atilde;o Paulo o <a href=\"https:\/\/www.halifax-consulting.com\/br\/clube-da-excelencia\">Clube da Excel&ecirc;ncia Comercial<\/a>&nbsp; e em Singapura.<\/p>\n<p data-start=\"2034\" data-end=\"2106\">Halifax Consulting est&aacute; presente em todo o <a href=\"https:\/\/www.halifax-consulting.com\/br\/o-grupo\/presenca-internacional\">mundo<\/a>, em l&iacute;nguas locais.<\/p>\n<p data-start=\"2108\" data-end=\"2145\">N&oacute;s intervimos sobre 3 alavancas:<\/p>\n<p data-start=\"2147\" data-end=\"2216\" data-is-last-node=\"\" data-is-only-node=\"\">performance commerciale &ndash; management commercial &ndash; relation client<\/p>\t\t\t<\/h2>\n\t\t<\/div>\n\t<\/div>\n<\/div>\n\n\n<section class=\"my-0 metiers\">\n\t<div class=\"container-fluid\">\n\t\t<div class=\"row\">\n\t\t\t<div class=\"col-lg-4 col-md-4 col-sm-12 metier\">\n\t\t\t\t<h3>Consultoria<\/h3>\n\t\t\t\t<h4>A Halifax Consulting oferece uma gama completa de solu\u00e7\u00f5es de consultoria para possibilitar uma transforma\u00e7\u00e3o de vendas bem-sucedida.\n<\/h4>\n\t\t\t\t\t\t\t\t<p><a href=\"https:\/\/www.halifax-consulting.com\/br\/https:\/\/www.halifax-consulting.com\/br\/consultoria\/\" title=\"\" class=\"more\">Saiba mais<\/a><\/p>\t\n\t\t\t\t\t\t\t<\/div>\n\t\t\t<div class=\"col-lg-4 col-md-4 col-sm-12 metier\">\n\t\t\t\t<h3>Treinamento<\/h3>\n\t\t\t\t<h4>A Halifax Consulting pode ajud\u00e1-lo a desenvolver suas habilidades comerciais, gerenciamento de contas-chave (KAM), t\u00e9cnicas de negocia\u00e7\u00e3o e gerenciamento de times de vendas.<\/h4>\n\t\t\t\t\t\t\t\t<p><a href=\"https:\/\/www.halifax-consulting.com\/br\/https:\/\/www.halifax-consulting.com\/br\/treinamento\/\" title=\"\" class=\"more\">Saiba mais<\/a><\/p>\n\t\t\t\t\t\t\t<\/div>\n\t\t\t<div class=\"col-lg-4 col-md-4 col-sm-12 metier\">\n\t\t\t\t<h3>Aprendizagem Digital<\/h3>\n\t\t\t\t<h4>A aprendizagem digital potencializa o alcance e oferece a todos uma experi\u00eancia \u00fanica de aprendizado.<\/h4>\n\t\t\t\t\t\t\t\t<p><a href=\"https:\/\/www.halifax-consulting.com\/br\/https:\/\/www.halifax-consulting.com\/br\/aprendizagem-digital\/\" title=\"\" class=\"more\">Saiba mais<\/a><\/p>\n\t\t\t\t\t\t\t<\/div>\n\t\t<\/div>\n\t<\/div>\n<\/section>\n\n<section class=\"navy vousetes\">\n\t<div class=\"container-fluid\">\n\t\t<div class=\"row\">\n\t\t\t<div class=\"col-lg-4 col-md-4 col-sm-12 padding\">\n\t\t\t\t<div class=\"vousetes__title\">\n\t\t\t\t\t<div class=\"vousetes__title--main\">Empresas<\/div>\n\t\t\t\t\t<div class=\"vousetes__title--sub\"><\/div>\n\t\t\t\t<\/div>\n\t\t\t\t\n\t\t\t\t\n\t\t\t\t<p>\n\t\t\t\t\t\t\t\t\t<\/p>\n\t\t\t\t<p>\n\t\t\t\t\t<a href=\"https:\/\/www.halifax-consulting.com\/br\/treinamento\/\" class=\"btn btn-hx btn-hx-orange\" title=\"Treinamentos para a sua empresa\">Treinamentos para a sua empresa<\/a>\n\t\t\t\t<\/p>\n\t\t\t<\/div>\n\t\t\t<div class=\"col-lg-4 col-md-4 col-sm-12 no-padding\">\n\t\t\t\t\t\t\t\t<figure>\n\t\t\t\t\t<img decoding=\"async\" src=\"https:\/\/www.halifax-consulting.com\/br\/wp-content\/themes\/halifax\/library\/img\/halifax-consulting-formation3.jpg\" alt=\"Les formations\" \/>\n\t\t\t\t<\/figure>\n\t\t\t\t\t\t\t<\/div>\n\t\t\t<div class=\"col-lg-4 col-md-4 col-sm-12 padding\">\n\t\t\t\t\n\t\t\t\t<div class=\"vousetes__title\">\n\t\t\t\t\t<div class=\"vousetes__title--main\">Indiv\u00edduos<\/div>\n\t\t\t\t\t<div class=\"vousetes__title--sub\"><\/div>\n\t\t\t\t<\/div>\n\t\t\t\t\n\t\t\t\n\t\t\t\t<p>\n\t\t\t\t\t\t\t\t\t<\/p>\n\t\t\t\t<p>\n\t\t\t\t\t<a href=\"https:\/\/www.halifax-consulting.com\/br\/treinamento\/cursos-de-treinamento-qualificados-e-certificados\/\" class=\"btn btn-hx btn-hx-orange\" title=\"Treinamento individual certificado\">Treinamento individual certificado<\/a>\n\t\t\t\t<\/p>\n\t\t\t<\/div>\n\t\t<\/div>\n\t<\/div>\n<\/section>\n\n<section class=\"light py-6 conseil\">\n\t\t<div class=\"container\">\n\t\t\t<div class=\"row\">\n\t\t\t\t<div class=\"col-lg-12 col-md-12 col-sm-12\">\n\t\t\t\t\t<h3 class=\"conseil__titre\">A abordagem da Halifax Consulting para a Transforma\u00e7\u00e3o de Vendas<\/h3>\n\t\t\t\t<\/div>\n\t\t\t<\/div>\n\t\t\t\n\t\t\t<div class=\"row\">\n\t\t\t\t<div class=\"col-lg-12 col-md-12 col-sm-12\">\n\t\t\t\t\t\t\t\t\t<\/div>\n\t\t\t<\/div>\n\t\t\t\n\t\t\t<div class=\"row\">\n\t\t\t\t<div class=\"col-lg-3 col-md-3 col-sm-12 text-center\">\n\t\t\t\t\t<h4 class=\"conseil__method\">Consultoria<\/h4>\n\t\t\t\t\t<p class=\"text-center\"><img decoding=\"async\" src=\"https:\/\/www.halifax-consulting.com\/br\/wp-content\/themes\/halifax\/library\/img\/halifax-picto-1-conseiller.png\" alt=\"halifax-consulting-conseiller\" width=\"130\" \/><\/p>\n\t\t\t\t\t<p class=\"text-center\">Transforma\u00e7\u00e3o de time<br>\n&amp; gerenciamento da mudan\u00e7a<\/p>\n\t\t\t\t<\/div>\n\t\t\t\t<div class=\"col-lg-3 col-md-3 col-sm-12 text-center\">\n\t\t\t\t\t<h4 class=\"conseil__method\">Avalia\u00e7\u00e3o<\/h4>\n\t\t\t\t\t<p class=\"text-center\"><img decoding=\"async\" src=\"https:\/\/www.halifax-consulting.com\/br\/wp-content\/themes\/halifax\/library\/img\/halifax-picto-2-evaluer.png\" alt=\"halifax-consulting-conseiller\" width=\"130\" \/><\/p>\n\t\t\t\t\t<p class=\"text-center\">Identifica\u00e7\u00e3o de talentos &amp;<br>\ngest\u00e3o de habilidades<\/p>\n\t\t\t\t<\/div>\n\t\t\t\t<div class=\"col-lg-3 col-md-3 col-sm-12 text-center\">\n\t\t\t\t\t<h4 class=\"conseil__method\">Implementa\u00e7\u00e3o<\/h4>\n\t\t\t\t\t<p class=\"text-center\"><img decoding=\"async\" src=\"https:\/\/www.halifax-consulting.com\/br\/wp-content\/themes\/halifax\/library\/img\/halifax-picto-3-implementer.png\" alt=\"halifax-consulting-conseiller\" width=\"130\" \/><\/p>\n\t\t\t\t\t<p class=\"text-center\">Cursos personalizados de aprendizado h\u00edbrido <br>\npara indiv\u00edduos e grupos<\/p>\n\t\t\t\t<\/div>\n\t\t\t\t<div class=\"col-lg-3 col-md-3 col-sm-12 text-center\">\n\t\t\t\t\t<h4 class=\"conseil__method\">Treinamento<\/h4>\n\t\t\t\t\t<p class=\"text-center\"><img decoding=\"async\" src=\"https:\/\/www.halifax-consulting.com\/br\/wp-content\/themes\/halifax\/library\/img\/halifax-picto-4-former.png\" alt=\"halifax-consulting-conseiller\" width=\"130\" \/><\/p>\n\t\t\t\t\t<p class=\"text-center\">Treinamento<br>\n&amp; suporte<\/p>\n\t\t\t\t<\/div>\n\t\t\t<\/div>\n\t\t<\/div>\n\t<\/section>\n\n\n<section class=\"blanc py-6 bloclogos\">\t\n\t<div class=\"container\">\n\t\t\t\t<div class=\"row\">\n\t\t\t\t\t\t\t\t\t\t\t\t\t\t\t\t\t\t\t\n\t\t\t\t<div class=\"col-lg-3 col-md-3 col-sm-12\">\t\t\t\n\t\t\t\t\t<a href=\"https:\/\/www.halifax-consulting.com\/br\/casos-de-sucesso\/allianz\/\" title=\"Allianz\">\n\t\t\t\t\t\t<img decoding=\"async\" loading=\"lazy\" src=\"https:\/\/www.halifax-consulting.com\/br\/wp-content\/uploads\/sites\/4\/2022\/06\/halifax-consulting-clients-allianz.png\" width=\"100%\" alt=\"Logo Allianz\">\n\t\t\t\t\t<\/a>\n\t\t\t\t<\/div>\n\t\t\t\t\n\t\t\t\t\t\t\t\t\n\t\t\t\t\t\t\t\t\t\t\t\t\t\t\t\t\t\t\t\n\t\t\t\t<div class=\"col-lg-3 col-md-3 col-sm-12\">\t\t\t\n\t\t\t\t\t<a href=\"https:\/\/www.halifax-consulting.com\/br\/casos-de-sucesso\/dassault-systemes\/\" title=\"Dassault Systemes 3DS\">\n\t\t\t\t\t\t<img decoding=\"async\" loading=\"lazy\" src=\"https:\/\/www.halifax-consulting.com\/br\/wp-content\/uploads\/sites\/4\/2022\/06\/halifax-consulting-clientes-3ds.png\" width=\"100%\" alt=\"Logo Dassault Systemes 3DS\">\n\t\t\t\t\t<\/a>\n\t\t\t\t<\/div>\n\t\t\t\t\n\t\t\t\t\t\t\t\t\n\t\t\t\t\t\t\t\t\t\t\t\t\t\t\t\t\t\t\t\n\t\t\t\t<div class=\"col-lg-3 col-md-3 col-sm-12\">\t\t\t\n\t\t\t\t\t<a href=\"https:\/\/www.halifax-consulting.com\/br\/casos-de-sucesso\/nexans-chili\/\" title=\"Nexans\">\n\t\t\t\t\t\t<img decoding=\"async\" loading=\"lazy\" src=\"https:\/\/www.halifax-consulting.com\/br\/wp-content\/uploads\/sites\/4\/2022\/06\/halifax-consulting-clientes-nexans.png\" width=\"100%\" alt=\"Logo Nexans\">\n\t\t\t\t\t<\/a>\n\t\t\t\t<\/div>\n\t\t\t\t\n\t\t\t\t\t\t\t\t\n\t\t\t\t\t\t\t\t\t\t\t\t\t\t\t\t\t\t\t\n\t\t\t\t<div class=\"col-lg-3 col-md-3 col-sm-12\">\t\t\t\n\t\t\t\t\t<a href=\"https:\/\/www.halifax-consulting.com\/br\/casos-de-sucesso\/renault-nissan-mitsubishi\/\" title=\"Renault Nissan Mitsubishi\">\n\t\t\t\t\t\t<img decoding=\"async\" loading=\"lazy\" src=\"https:\/\/www.halifax-consulting.com\/br\/wp-content\/uploads\/sites\/4\/2022\/06\/halifax-consulting-clientes-rnm.png\" width=\"100%\" alt=\"Logo Renault Nissan Mitsubishi\">\n\t\t\t\t\t<\/a>\n\t\t\t\t<\/div>\n\t\t\t\t\n\t\t\t\t\t\t\t\t\n\t\t\t\t\t<\/div>\n\t\t\t\t<div class=\"row pt-4\">\n\t\t\t<div class=\"col-lg-12 col-md-12 col-sm-12\">\n\t\t\t\t\n\t\t\t\t<p class=\"text-center\">\n\t\t\t\t\t\n\t\t\t\t\t<a class=\"btn btn-hx btn-hx-ducky\" href=\"casos-de-sucesso\">Ver nossos outros casos de sucesso<\/a>\n\t\t\t\t\t\n\t\t\t\t<\/p>\n\t\t\t\t\n\t\t\t<\/div>\n\t\t<\/div>\n\t\t\t<\/div>\n<\/section>\n\n\n\n<p><script><br \/>\n(function(){if(!window.chatbase||window.chatbase(\"getState\")!==\"initialized\"){window.chatbase=(...arguments)=>{if(!window.chatbase.q){window.chatbase.q=[]}window.chatbase.q.push(arguments)};window.chatbase=new Proxy(window.chatbase,{get(target,prop){if(prop===\"q\"){return target.q}return(...args)=>target(prop,...args)}})}const onLoad=function(){const script=document.createElement(\"script\");script.src=\"https:\/\/www.chatbase.co\/embed.min.js\";script.id=\"P3GquCktwZ0Hn5d9MIPix\";script.domain=\"www.chatbase.co\";document.body.appendChild(script)};if(document.readyState===\"complete\"){onLoad()}else{window.addEventListener(\"load\",onLoad)}})();<br \/>\n<\/script><\/p>","protected":false},"excerpt":{"rendered":"","protected":false},"author":1,"featured_media":0,"parent":0,"menu_order":0,"comment_status":"closed","ping_status":"closed","template":"page-accueil.php","meta":[],"categories":[],"acf":[],"yoast_head":"<!-- This site is optimized with the Yoast SEO plugin v19.9 - https:\/\/yoast.com\/wordpress\/plugins\/seo\/ -->\n<title>Halifax Consulting<\/title>\n<meta name=\"description\" content=\"A Halifax Consulting pode ajud\u00e1-lo a desenvolver suas habilidades em vendas, gerenciamento e t\u00e9cnicas de negocia\u00e7\u00e3o gra\u00e7as \u00e0s ferramentas...\" \/>\n<link rel=\"canonical\" href=\"https:\/\/www.halifax-consulting.com\/br\/\" \/>\n<meta property=\"og:locale\" content=\"pt_BR\" \/>\n<meta property=\"og:type\" content=\"article\" \/>\n<meta property=\"og:title\" content=\"Halifax Consulting\" \/>\n<meta property=\"og:description\" content=\"A Halifax Consulting pode ajud\u00e1-lo a desenvolver suas habilidades em vendas, gerenciamento e t\u00e9cnicas de negocia\u00e7\u00e3o gra\u00e7as \u00e0s ferramentas...\" \/>\n<meta property=\"og:url\" content=\"https:\/\/www.halifax-consulting.com\/br\/\" \/>\n<meta property=\"og:site_name\" content=\"Halifax Consulting \u2013 BR\" \/>\n<meta property=\"article:modified_time\" content=\"2026-02-10T15:55:23+00:00\" \/>\n<meta name=\"twitter:card\" content=\"summary_large_image\" \/>\n<script type=\"application\/ld+json\" class=\"yoast-schema-graph\">{\"@context\":\"https:\/\/schema.org\",\"@graph\":[{\"@type\":\"WebPage\",\"@id\":\"https:\/\/www.halifax-consulting.com\/br\/\",\"url\":\"https:\/\/www.halifax-consulting.com\/br\/\",\"name\":\"Halifax Consulting\",\"isPartOf\":{\"@id\":\"https:\/\/www.halifax-consulting.com\/br\/#website\"},\"datePublished\":\"2020-03-20T17:16:27+00:00\",\"dateModified\":\"2026-02-10T15:55:23+00:00\",\"description\":\"A Halifax Consulting pode ajud\u00e1-lo a desenvolver suas habilidades em vendas, gerenciamento e t\u00e9cnicas de negocia\u00e7\u00e3o gra\u00e7as \u00e0s ferramentas...\",\"breadcrumb\":{\"@id\":\"https:\/\/www.halifax-consulting.com\/br\/#breadcrumb\"},\"inLanguage\":\"pt-BR\",\"potentialAction\":[{\"@type\":\"ReadAction\",\"target\":[\"https:\/\/www.halifax-consulting.com\/br\/\"]}]},{\"@type\":\"BreadcrumbList\",\"@id\":\"https:\/\/www.halifax-consulting.com\/br\/#breadcrumb\",\"itemListElement\":[{\"@type\":\"ListItem\",\"position\":1,\"name\":\"Accueil\",\"item\":\"https:\/\/www.halifax-consulting.com\/br\/\"},{\"@type\":\"ListItem\",\"position\":2,\"name\":\"Home\"}]},{\"@type\":\"WebSite\",\"@id\":\"https:\/\/www.halifax-consulting.com\/br\/#website\",\"url\":\"https:\/\/www.halifax-consulting.com\/br\/\",\"name\":\"Halifax Consulting \u2013 BR\",\"description\":\"Halifax Consulting est un cabinet de conseil en performance commerciale sp\u00e9cialis\u00e9 dans la formation des \u00e9quipes et managers\",\"potentialAction\":[{\"@type\":\"SearchAction\",\"target\":{\"@type\":\"EntryPoint\",\"urlTemplate\":\"https:\/\/www.halifax-consulting.com\/br\/?s={search_term_string}\"},\"query-input\":\"required name=search_term_string\"}],\"inLanguage\":\"pt-BR\"}]}<\/script>\n<!-- \/ Yoast SEO plugin. -->","yoast_head_json":{"title":"Halifax Consulting","description":"A Halifax Consulting pode ajud\u00e1-lo a desenvolver suas habilidades em vendas, gerenciamento e t\u00e9cnicas de negocia\u00e7\u00e3o gra\u00e7as \u00e0s ferramentas...","canonical":"https:\/\/www.halifax-consulting.com\/br\/","og_locale":"pt_BR","og_type":"article","og_title":"Halifax Consulting","og_description":"A Halifax Consulting pode ajud\u00e1-lo a desenvolver suas habilidades em vendas, gerenciamento e t\u00e9cnicas de negocia\u00e7\u00e3o gra\u00e7as \u00e0s ferramentas...","og_url":"https:\/\/www.halifax-consulting.com\/br\/","og_site_name":"Halifax Consulting \u2013 BR","article_modified_time":"2026-02-10T15:55:23+00:00","twitter_card":"summary_large_image","schema":{"@context":"https:\/\/schema.org","@graph":[{"@type":"WebPage","@id":"https:\/\/www.halifax-consulting.com\/br\/","url":"https:\/\/www.halifax-consulting.com\/br\/","name":"Halifax Consulting","isPartOf":{"@id":"https:\/\/www.halifax-consulting.com\/br\/#website"},"datePublished":"2020-03-20T17:16:27+00:00","dateModified":"2026-02-10T15:55:23+00:00","description":"A Halifax Consulting pode ajud\u00e1-lo a desenvolver suas habilidades em vendas, gerenciamento e t\u00e9cnicas de negocia\u00e7\u00e3o gra\u00e7as \u00e0s ferramentas...","breadcrumb":{"@id":"https:\/\/www.halifax-consulting.com\/br\/#breadcrumb"},"inLanguage":"pt-BR","potentialAction":[{"@type":"ReadAction","target":["https:\/\/www.halifax-consulting.com\/br\/"]}]},{"@type":"BreadcrumbList","@id":"https:\/\/www.halifax-consulting.com\/br\/#breadcrumb","itemListElement":[{"@type":"ListItem","position":1,"name":"Accueil","item":"https:\/\/www.halifax-consulting.com\/br\/"},{"@type":"ListItem","position":2,"name":"Home"}]},{"@type":"WebSite","@id":"https:\/\/www.halifax-consulting.com\/br\/#website","url":"https:\/\/www.halifax-consulting.com\/br\/","name":"Halifax Consulting \u2013 BR","description":"Halifax Consulting est un cabinet de conseil en performance commerciale sp\u00e9cialis\u00e9 dans la formation des \u00e9quipes et managers","potentialAction":[{"@type":"SearchAction","target":{"@type":"EntryPoint","urlTemplate":"https:\/\/www.halifax-consulting.com\/br\/?s={search_term_string}"},"query-input":"required name=search_term_string"}],"inLanguage":"pt-BR"}]}},"_links":{"self":[{"href":"https:\/\/www.halifax-consulting.com\/br\/wp-json\/wp\/v2\/pages\/1259"}],"collection":[{"href":"https:\/\/www.halifax-consulting.com\/br\/wp-json\/wp\/v2\/pages"}],"about":[{"href":"https:\/\/www.halifax-consulting.com\/br\/wp-json\/wp\/v2\/types\/page"}],"author":[{"embeddable":true,"href":"https:\/\/www.halifax-consulting.com\/br\/wp-json\/wp\/v2\/users\/1"}],"replies":[{"embeddable":true,"href":"https:\/\/www.halifax-consulting.com\/br\/wp-json\/wp\/v2\/comments?post=1259"}],"version-history":[{"count":53,"href":"https:\/\/www.halifax-consulting.com\/br\/wp-json\/wp\/v2\/pages\/1259\/revisions"}],"predecessor-version":[{"id":4010,"href":"https:\/\/www.halifax-consulting.com\/br\/wp-json\/wp\/v2\/pages\/1259\/revisions\/4010"}],"wp:attachment":[{"href":"https:\/\/www.halifax-consulting.com\/br\/wp-json\/wp\/v2\/media?parent=1259"}],"wp:term":[{"taxonomy":"category","embeddable":true,"href":"https:\/\/www.halifax-consulting.com\/br\/wp-json\/wp\/v2\/categories?post=1259"}],"curies":[{"name":"wp","href":"https:\/\/api.w.org\/{rel}","templated":true}]}}