{"id":1425,"date":"2020-03-21T16:40:00","date_gmt":"2020-03-21T15:40:00","guid":{"rendered":"https:\/\/www.halifax-consulting.com\/en\/?page_id=1425"},"modified":"2025-07-08T15:17:31","modified_gmt":"2025-07-08T13:17:31","slug":"laboratorio-veterinario","status":"publish","type":"page","link":"https:\/\/www.halifax-consulting.com\/br\/casos-de-sucesso\/laboratorio-veterinario\/","title":{"rendered":"Laborat\u00f3rio veterin\u00e1rio"},"content":{"rendered":"<div class=\"container\">\n\t<div class=\"row\">\n\t\t<div class=\"col-lg-12 col-md-12 col-sm-12\">\n\t\t\t<h2 class=\"intro\">\n\t\t\t\t<strong class=\"intro-h2 d-block\">Desafios<\/strong>\n\t\t\t\tO objetivo era intensificar e apoiar as habilidades e os conhecimentos dos representantes de vendas em uma diversidade de produtos. O programa precisava atualizar o conhecimento sobre os produtos e o mercado, devido ao crescente n\u00famero de lan\u00e7amentos e \u00e0s mudan\u00e7as dos requisitos legais, identificando e corrigindo eventuais defici\u00eancias.\t\t\t<\/h2>\n\t\t<\/div>\n\t<\/div>\n<\/div>\n\n\n<div class=\"container pb-6\">\n\t<div class=\"row\">\n\t\t<div class=\"col-lg-4 col-md-4 col-sm-12\">\n\t\t\t<h4 class=\"key\">40%<\/h4>\n\t\t\t<p class=\"key-description\">crescimento nos n\u00edveis de <br><br \/>\nconhecimento dos produtos<br \/>\n<\/p>\t\t\t\t\t\t\t\n\t\t<\/div>\n\t\t<div class=\"col-lg-4 col-md-4 col-sm-12\">\n\t\t\t<h4 class=\"key\">10<\/h4>\n\t\t\t<p class=\"key-description\">minutos por semana<\/p>\t\t\t\t\t\t\n\t\t<\/div>\n\t\t<div class=\"col-lg-4 col-md-4 col-sm-12\">\n\t\t\t<h4 class=\"key\">6<\/h4>\t\n\t\t\t<p class=\"key-description\">semanas<\/p>\t\t\t\t\t\n\t\t<\/div>\n\t<\/div>\n<\/div>\n\n<section class=\"grey bloc-solution p-0\">\t\n\t<div class=\"container-fluid\">\n\t\t<div class=\"row\">\n\t\t\t<div class=\"col-lg-6 col-md-6 col-md-12 p-6\">\n\t\t\t\t<h3 class=\"success-single-titre\">A Solu\u00e7\u00e3o Halifax Consulting<\/h3>\n\t\t\t\t<p>Desenvolvemos uma solu\u00e7\u00e3o que refor\u00e7ou as habilidades, permitindo que as pessoas testassem os conhecimentos e aprendessem por meio da gamifica\u00e7\u00e3o. Um workshop de um dia com gerentes de produto e outros supervisores foi usado para projetar uma nova abordagem para o treinamento do produto.<\/p>\n\t\t\t<\/div>\n\t\t\t<div class=\"col-lg-6 col-md-6 col-md-12 p-0\">\n\t\t\t\t<figure>\n\t\t\t\t\t<!--<img decoding=\"async\" src=\"https:\/\/www.halifax-consulting.com\/br\/wp-content\/uploads\/sites\/4\/2020\/03\/halifax-consulting-success-story-Laboratoire-veterinaire-2.jpg\" alt=\"photo success story Laborat\u00f3rio veterin\u00e1rio\" width=\"100%\" \/>-->\n\t\t\t\t\t<img decoding=\"async\" loading=\"lazy\" src=\"https:\/\/www.halifax-consulting.com\/br\/wp-content\/uploads\/sites\/4\/2020\/03\/halifax-consulting-success-story-Laboratoire-veterinaire-2.jpg\" alt=\"\" width=\"100%\" height=\"\" >\t\t\t\t<\/figure>\n\t\t\t<\/div>\n\t\t<\/div>\n\t<\/div>\n<\/section>\n\n<section class=\"light py-6\">\n\t<div class=\"container\">\n\t\t<div class=\"row\">\n\t\t\t<div class=\"col-lg-12 col-md-12 col-sm-12\">\n\t\t\t\t<h2 class=\"text-center\">\n\t\t\t\t\tFatores de sucesso\t\t\t\n\t\t\t\t<\/h2>\n\t\t\t<\/div>\n\t\t<\/div>\n\t\t<div class=\"row\">\n\t\t\t<div class=\"col-lg-12 col-md-12 col-sm-12 bloc-cles-success\">\n\t\t\t\t<ul>\n<li>Cocria\u00e7\u00e3o com os gerentes e equipes de marketing.<\/li>\n<li>Melhorias no direcionamento individual.<\/li>\n<li>Avalia\u00e7\u00e3o de desempenho.<\/li>\n<\/ul>\n\t\t\t<\/div>\n\t\t<\/div>\n\t<\/div>\n<\/section>","protected":false},"excerpt":{"rendered":"<p>O objetivo era intensificar o apoio \u00e0s habilidades e \u00e0 expertise dos representantes de vendas em uma variedade de produtos.<\/p>\n","protected":false},"author":1,"featured_media":1427,"parent":547,"menu_order":0,"comment_status":"closed","ping_status":"closed","template":"page-success-single.php","meta":[],"categories":[3],"acf":[],"yoast_head":"<!-- This site is optimized with the Yoast SEO plugin v19.9 - https:\/\/yoast.com\/wordpress\/plugins\/seo\/ -->\n<title>Laborat\u00f3rio veterin\u00e1rio - Halifax Consulting \u2013 BR<\/title>\n<link rel=\"canonical\" href=\"https:\/\/www.halifax-consulting.com\/br\/casos-de-sucesso\/laboratorio-veterinario\/\" \/>\n<meta property=\"og:locale\" content=\"pt_BR\" \/>\n<meta property=\"og:type\" content=\"article\" \/>\n<meta property=\"og:title\" content=\"Laborat\u00f3rio veterin\u00e1rio - Halifax Consulting \u2013 BR\" \/>\n<meta property=\"og:description\" content=\"O objetivo era intensificar o apoio \u00e0s habilidades e \u00e0 expertise dos representantes de vendas em uma variedade de produtos.\" \/>\n<meta property=\"og:url\" content=\"https:\/\/www.halifax-consulting.com\/br\/casos-de-sucesso\/laboratorio-veterinario\/\" \/>\n<meta property=\"og:site_name\" content=\"Halifax Consulting \u2013 BR\" \/>\n<meta property=\"article:modified_time\" content=\"2025-07-08T13:17:31+00:00\" \/>\n<meta property=\"og:image\" content=\"https:\/\/www.halifax-consulting.com\/br\/wp-content\/uploads\/sites\/4\/2020\/03\/halifax-consulting-success-story-Laboratoire-veterinaire.jpg\" \/>\n\t<meta property=\"og:image:width\" content=\"1180\" \/>\n\t<meta property=\"og:image:height\" content=\"735\" \/>\n\t<meta property=\"og:image:type\" content=\"image\/jpeg\" \/>\n<meta name=\"twitter:card\" content=\"summary_large_image\" \/>\n<script type=\"application\/ld+json\" class=\"yoast-schema-graph\">{\"@context\":\"https:\/\/schema.org\",\"@graph\":[{\"@type\":\"WebPage\",\"@id\":\"https:\/\/www.halifax-consulting.com\/br\/casos-de-sucesso\/laboratorio-veterinario\/\",\"url\":\"https:\/\/www.halifax-consulting.com\/br\/casos-de-sucesso\/laboratorio-veterinario\/\",\"name\":\"Laborat\u00f3rio veterin\u00e1rio - Halifax Consulting \u2013 BR\",\"isPartOf\":{\"@id\":\"https:\/\/www.halifax-consulting.com\/br\/#website\"},\"datePublished\":\"2020-03-21T15:40:00+00:00\",\"dateModified\":\"2025-07-08T13:17:31+00:00\",\"breadcrumb\":{\"@id\":\"https:\/\/www.halifax-consulting.com\/br\/casos-de-sucesso\/laboratorio-veterinario\/#breadcrumb\"},\"inLanguage\":\"pt-BR\",\"potentialAction\":[{\"@type\":\"ReadAction\",\"target\":[\"https:\/\/www.halifax-consulting.com\/br\/casos-de-sucesso\/laboratorio-veterinario\/\"]}]},{\"@type\":\"BreadcrumbList\",\"@id\":\"https:\/\/www.halifax-consulting.com\/br\/casos-de-sucesso\/laboratorio-veterinario\/#breadcrumb\",\"itemListElement\":[{\"@type\":\"ListItem\",\"position\":1,\"name\":\"Accueil\",\"item\":\"https:\/\/www.halifax-consulting.com\/br\/\"},{\"@type\":\"ListItem\",\"position\":2,\"name\":\"Casos de sucesso\",\"item\":\"https:\/\/www.halifax-consulting.com\/br\/casos-de-sucesso\/\"},{\"@type\":\"ListItem\",\"position\":3,\"name\":\"Laborat\u00f3rio veterin\u00e1rio\"}]},{\"@type\":\"WebSite\",\"@id\":\"https:\/\/www.halifax-consulting.com\/br\/#website\",\"url\":\"https:\/\/www.halifax-consulting.com\/br\/\",\"name\":\"Halifax Consulting \u2013 BR\",\"description\":\"Halifax Consulting est un cabinet de conseil en performance commerciale sp\u00e9cialis\u00e9 dans la formation des \u00e9quipes et managers\",\"potentialAction\":[{\"@type\":\"SearchAction\",\"target\":{\"@type\":\"EntryPoint\",\"urlTemplate\":\"https:\/\/www.halifax-consulting.com\/br\/?s={search_term_string}\"},\"query-input\":\"required name=search_term_string\"}],\"inLanguage\":\"pt-BR\"}]}<\/script>\n<!-- \/ Yoast SEO plugin. -->","yoast_head_json":{"title":"Laborat\u00f3rio veterin\u00e1rio - Halifax Consulting \u2013 BR","canonical":"https:\/\/www.halifax-consulting.com\/br\/casos-de-sucesso\/laboratorio-veterinario\/","og_locale":"pt_BR","og_type":"article","og_title":"Laborat\u00f3rio veterin\u00e1rio - Halifax Consulting \u2013 BR","og_description":"O objetivo era intensificar o apoio \u00e0s habilidades e \u00e0 expertise dos representantes de vendas em uma variedade de produtos.","og_url":"https:\/\/www.halifax-consulting.com\/br\/casos-de-sucesso\/laboratorio-veterinario\/","og_site_name":"Halifax Consulting \u2013 BR","article_modified_time":"2025-07-08T13:17:31+00:00","og_image":[{"width":1180,"height":735,"url":"https:\/\/www.halifax-consulting.com\/br\/wp-content\/uploads\/sites\/4\/2020\/03\/halifax-consulting-success-story-Laboratoire-veterinaire.jpg","type":"image\/jpeg"}],"twitter_card":"summary_large_image","schema":{"@context":"https:\/\/schema.org","@graph":[{"@type":"WebPage","@id":"https:\/\/www.halifax-consulting.com\/br\/casos-de-sucesso\/laboratorio-veterinario\/","url":"https:\/\/www.halifax-consulting.com\/br\/casos-de-sucesso\/laboratorio-veterinario\/","name":"Laborat\u00f3rio veterin\u00e1rio - Halifax Consulting \u2013 BR","isPartOf":{"@id":"https:\/\/www.halifax-consulting.com\/br\/#website"},"datePublished":"2020-03-21T15:40:00+00:00","dateModified":"2025-07-08T13:17:31+00:00","breadcrumb":{"@id":"https:\/\/www.halifax-consulting.com\/br\/casos-de-sucesso\/laboratorio-veterinario\/#breadcrumb"},"inLanguage":"pt-BR","potentialAction":[{"@type":"ReadAction","target":["https:\/\/www.halifax-consulting.com\/br\/casos-de-sucesso\/laboratorio-veterinario\/"]}]},{"@type":"BreadcrumbList","@id":"https:\/\/www.halifax-consulting.com\/br\/casos-de-sucesso\/laboratorio-veterinario\/#breadcrumb","itemListElement":[{"@type":"ListItem","position":1,"name":"Accueil","item":"https:\/\/www.halifax-consulting.com\/br\/"},{"@type":"ListItem","position":2,"name":"Casos de sucesso","item":"https:\/\/www.halifax-consulting.com\/br\/casos-de-sucesso\/"},{"@type":"ListItem","position":3,"name":"Laborat\u00f3rio veterin\u00e1rio"}]},{"@type":"WebSite","@id":"https:\/\/www.halifax-consulting.com\/br\/#website","url":"https:\/\/www.halifax-consulting.com\/br\/","name":"Halifax Consulting \u2013 BR","description":"Halifax Consulting est un cabinet de conseil en performance commerciale sp\u00e9cialis\u00e9 dans la formation des \u00e9quipes et managers","potentialAction":[{"@type":"SearchAction","target":{"@type":"EntryPoint","urlTemplate":"https:\/\/www.halifax-consulting.com\/br\/?s={search_term_string}"},"query-input":"required name=search_term_string"}],"inLanguage":"pt-BR"}]}},"_links":{"self":[{"href":"https:\/\/www.halifax-consulting.com\/br\/wp-json\/wp\/v2\/pages\/1425"}],"collection":[{"href":"https:\/\/www.halifax-consulting.com\/br\/wp-json\/wp\/v2\/pages"}],"about":[{"href":"https:\/\/www.halifax-consulting.com\/br\/wp-json\/wp\/v2\/types\/page"}],"author":[{"embeddable":true,"href":"https:\/\/www.halifax-consulting.com\/br\/wp-json\/wp\/v2\/users\/1"}],"replies":[{"embeddable":true,"href":"https:\/\/www.halifax-consulting.com\/br\/wp-json\/wp\/v2\/comments?post=1425"}],"version-history":[{"count":4,"href":"https:\/\/www.halifax-consulting.com\/br\/wp-json\/wp\/v2\/pages\/1425\/revisions"}],"predecessor-version":[{"id":3657,"href":"https:\/\/www.halifax-consulting.com\/br\/wp-json\/wp\/v2\/pages\/1425\/revisions\/3657"}],"up":[{"embeddable":true,"href":"https:\/\/www.halifax-consulting.com\/br\/wp-json\/wp\/v2\/pages\/547"}],"wp:featuredmedia":[{"embeddable":true,"href":"https:\/\/www.halifax-consulting.com\/br\/wp-json\/wp\/v2\/media\/1427"}],"wp:attachment":[{"href":"https:\/\/www.halifax-consulting.com\/br\/wp-json\/wp\/v2\/media?parent=1425"}],"wp:term":[{"taxonomy":"category","embeddable":true,"href":"https:\/\/www.halifax-consulting.com\/br\/wp-json\/wp\/v2\/categories?post=1425"}],"curies":[{"name":"wp","href":"https:\/\/api.w.org\/{rel}","templated":true}]}}