{"id":183,"date":"2019-12-30T17:55:19","date_gmt":"2019-12-30T16:55:19","guid":{"rendered":"https:\/\/www.halifax-consulting.com\/?page_id=183"},"modified":"2025-07-08T20:36:31","modified_gmt":"2025-07-08T18:36:31","slug":"otimizacao-do-desempenho-comercial","status":"publish","type":"page","link":"https:\/\/www.halifax-consulting.com\/br\/consultoria\/otimizacao-do-desempenho-comercial\/","title":{"rendered":"Consultoria em organiza\u00e7\u00e3o de vendas e IA em vendas"},"content":{"rendered":"<div class=\"container\">\n\t<div class=\"row\">\n\t\t<div class=\"col-lg-12 col-md-12 col-sm-12\">\n\t\t\t<h2 class=\"intro\">\n\t\t\t\t<strong class=\"intro-h2 d-block\">Antes de treinar e gerenciar, certifique-se de executar bem<\/strong>\n\t\t\t\t<h3 data-start=\"165\" data-end=\"243\">A execu&ccedil;&atilde;o de vendas est&aacute; no centro das preocupa&ccedil;&otilde;es de nossos clientes.<\/h3>\n<p data-start=\"244\" data-end=\"282\">Os temas s&atilde;o diversos e podem incluir:<\/p>\n<ul data-start=\"284\" data-end=\"689\">\n<li data-start=\"284\" data-end=\"350\">\n<p data-start=\"286\" data-end=\"350\">integra&ccedil;&atilde;o da intelig&ecirc;ncia artificial aos processos de vendas;<\/p>\n<\/li>\n<li data-start=\"351\" data-end=\"393\">\n<p data-start=\"353\" data-end=\"393\">estrutura&ccedil;&atilde;o da organiza&ccedil;&atilde;o comercial;<\/p>\n<\/li>\n<li data-start=\"394\" data-end=\"442\">\n<p data-start=\"396\" data-end=\"442\">defini&ccedil;&atilde;o de perfis por mercado ou segmento;<\/p>\n<\/li>\n<li data-start=\"443\" data-end=\"510\">\n<p data-start=\"445\" data-end=\"510\">compet&ecirc;ncias individuais versus exig&ecirc;ncias da fun&ccedil;&atilde;o comercial;<\/p>\n<\/li>\n<li data-start=\"511\" data-end=\"585\">\n<p data-start=\"513\" data-end=\"585\">vendas, gest&atilde;o de contas-chave e processos de gerenciamento comercial;<\/p>\n<\/li>\n<li data-start=\"586\" data-end=\"689\">\n<p data-start=\"588\" data-end=\"689\">ferramentas dispon&iacute;veis al&eacute;m do CRM, incluindo a prolifera&ccedil;&atilde;o de &ldquo;softwares de acelera&ccedil;&atilde;o de vendas&rdquo;.<\/p>\n<\/li>\n<\/ul>\n<hr data-start=\"691\" data-end=\"694\" \/>\n<h3 data-start=\"696\" data-end=\"790\">Uma nova dimens&atilde;o se imp&otilde;e: a transforma&ccedil;&atilde;o digital por meio da intelig&ecirc;ncia artificial.<\/h3>\n<p data-start=\"791\" data-end=\"1063\">Nossos consultores, com ampla experi&ecirc;ncia pr&aacute;tica, oferecem suporte estruturado, simples e concreto &mdash; n&atilde;o apenas na transforma&ccedil;&atilde;o das suas opera&ccedil;&otilde;es de vendas, mas tamb&eacute;m na integra&ccedil;&atilde;o e otimiza&ccedil;&atilde;o de ferramentas de IA voltadas &agrave;s suas necessidades espec&iacute;ficas de neg&oacute;cio.<\/p>\n<p data-start=\"1065\" data-end=\"1089\">Esse apoio pode incluir:<\/p>\n<ul data-start=\"1091\" data-end=\"1663\">\n<li data-start=\"1091\" data-end=\"1157\">\n<p data-start=\"1093\" data-end=\"1157\">diagn&oacute;stico 360&deg; da sua estrutura de vendas sob a &oacute;tica da IA;<\/p>\n<\/li>\n<li data-start=\"1158\" data-end=\"1283\">\n<p data-start=\"1160\" data-end=\"1283\">avalia&ccedil;&atilde;o das habilidades da equipe (prospec&ccedil;&atilde;o, vendas internas, vendas consultivas, negocia&ccedil;&atilde;o, gest&atilde;o de contas etc.);<\/p>\n<\/li>\n<li data-start=\"1284\" data-end=\"1377\">\n<p data-start=\"1286\" data-end=\"1377\">an&aacute;lise de rotinas e processos comerciais (prospec&ccedil;&atilde;o, desenvolvimento, fechamento etc.);<\/p>\n<\/li>\n<li data-start=\"1378\" data-end=\"1448\">\n<p data-start=\"1380\" data-end=\"1448\">mapeamento e uso de ferramentas de apoio (digitais ou anal&oacute;gicas);<\/p>\n<\/li>\n<li data-start=\"1449\" data-end=\"1527\">\n<p data-start=\"1451\" data-end=\"1527\">identifica&ccedil;&atilde;o e implementa&ccedil;&atilde;o de solu&ccedil;&otilde;es de IA adequadas &agrave; sua realidade;<\/p>\n<\/li>\n<li data-start=\"1528\" data-end=\"1599\">\n<p data-start=\"1530\" data-end=\"1599\">capacita&ccedil;&atilde;o e orienta&ccedil;&atilde;o das equipes sobre essas novas tecnologias;<\/p>\n<\/li>\n<li data-start=\"1600\" data-end=\"1663\">\n<p data-start=\"1602\" data-end=\"1663\">mensura&ccedil;&atilde;o e otimiza&ccedil;&atilde;o da efic&aacute;cia comercial por meio da IA.<\/p>\n<\/li>\n<\/ul>\t\t\t<\/h2>\n\t\t<\/div>\n\t<\/div>\n<\/div>\n\n\n<section class=\"navy p-6 essentiels\">\t\n\t\n\t<div class=\"container\">\n\t\t\n\t\t<div class=\"row\">\n\t\t\t\n\t\t\t<div class=\"col-lg-7 col-md-7 col-sm-12\">\n\t\t\t\t\n\t\t\t\t\t\t\t\t\t<h3>Os objetivos<\/h3>\n\t\t\t\t\t<p>Ajudar a sua empresa a transformar sua fun&ccedil;&atilde;o de vendas com IA<\/p>\t\t\t\t\t\t\t\t\n\t\t\t\t\t\t\t\t\t<h3>As vantagens<\/h3>\n\t\t\t\t\t<ul>\n<li>Especialistas em IA para dar suporte a voc&ecirc;<\/li>\n<li>Suporte de vendas experiente<\/li>\n<\/ul>\t\t\t\t\t\t\t\t\n\t\t\t\t\t\t\t\t\t<h3>Por que Halifax?<\/h3>\n\t\t\t\t\t<p>H&aacute; mais de 20 anos, somos especializados em consultoria de vendas e na integra&ccedil;&atilde;o de ferramentas digitais e de IA.<\/p>\t\t\t\t\t\t\t<\/div>\n\t\t\t\n\t\t\t<div class=\"col-lg-1 col-md-1 col-sm-12\">\t\t\t\n\t\t\t<\/div>\n\t\t\t\n\t\t\t<div class=\"col-lg-4 col-md-4 col-sm-12\">\n\t\t\t\n\t\t\t\t<!-- Notation CPF -->\n\t\t\t\t\n\t\t\t\t\n\t\t\t\t<!-- Bouton VOIR LE PROGRAMME -->\n\t\t\t\t\n\t\t\t\t<p class=\"mt-4\">\n\t\t\t\t\t\n\t\t\t\t\t\t\t\t\t\t<!-- true = ouverture lien externe -->\n\t\t\t\t\t<a class=\"btn btn-hx btn-hx-orange d-block\" href=\"https:\/\/forms.zohopublic.com\/andernagroup\/form\/brcontact\/formperma\/QK_89tERotb7PZjGA1CFwHbWouQcjlMbOMwGBh_VvlU\" title=\"Entre em contato conosco\" target=\"_blank\">Entre em contato conosco<\/a>\n\t\t\t\t\t\n\t\t\t\t\t\t\t\t\t\t\n\t\t\t\t<\/p>\n\t\t\t<\/div>\n\t\t<\/div>\n\t<\/div>\n<\/section>\n\n<!-- MODALE -->\n\n<div class=\"modal fade\" id=\"programme\" tabindex=\"-1\" role=\"dialog\" aria-labelledby=\"programme\" aria-hidden=\"true\">\n\t\n\t<div class=\"modal-dialog modal-dialog-centered modal-lg modal-dialog-scrollable\" role=\"document\">\n    \t\n    \t<div class=\"modal-content\">\n\t\t\t\n\t\t\t<div class=\"modal-header\">\n\t\t\t\t\n\t\t\t\t<h5 class=\"modal-title\" id=\"prog\"><\/h5>\n\t\t\t\t\n\t\t\t\t<button type=\"button\" class=\"close\" data-dismiss=\"modal\" aria-label=\"Close\" title=\"\">\n\t\t\t\t\t<span aria-hidden=\"true\">&times;<\/span>\n\t\t\t\t<\/button>\n\t\t\t\t\n    \t\t<\/div>\n\t\t\t\n\t\t\t<div class=\"modal-body\">\n\t\t\t\t\n\t\t\t\t<div class=\"row\">\n\t\t\t\t\n\t\t\t\t\t<div class=\"col-lg-12 col-md-9 col-sm-12\">\n\t\t\t\t\t\t\n\t\t\t\t\t\t<div class=\"accordion accordion-programme\" id=\"prog\">\n\t\t\t\t\n\t\t\t\t\t\t\t\t\t\t\t\t\t\t\t\n\t\t\t\t\t\t\t\t\t\t\t\t\n\t\t\t\t\t\t\t\t<div class=\"card\">\n\t\t\t\t\t\n\t\t\t\t\t\t\t\t\t<div class=\"card-header\" id=\"heading1\">\n\t\t\t\t\t\t\n\t\t\t\t\t\t\t\t\t\t<button class=\"btn btn-link btn-block\" type=\"button\" data-toggle=\"collapse\" data-target=\"#collapse1\" aria-expanded=\"false\" aria-controls=\"collapse1\">\n\t\t\t\t\t\t\t\t\t\t\t\t\t\t\t\t\t\t\t\t\t\t\n\t\t\t\t\t\t\t\t\t\t<\/button>\n\t\t\n\t\t\t\t\t\t\t\t\t<\/div><!-- .card-header -->\n\t\t\t\t\t\n\t\t\t\t\t\t\t\t\t<div id=\"collapse1\" class=\"collapse\" aria-labelledby=\"heading1\" data-parent=\"#prog\">\n\t\t\t\t\t\t\t\t\t\t\n\t\t\t\t\t\t\t\t\t\t<div class=\"card-body\">\n\t\t\t\t\t\t\t\t\t\t\t\t\t\t\t\t\t\t\t\t\t<\/div><!-- .card-body -->\n\t\t\t\t\t\t\t\t\t\t\n\t\t\t\t\t\t\t\t\t<\/div><!-- .collapseID -->\n\t\t\t\t\t\t\t\t<\/div>\n\t\t\t\t\t\t\n\t\t\t\t\t\t\t\t\t\t\t\t\t\t\t\t\t\t\t\t\n\t\t\t\t\t\t<\/div>\n\t\t\t\t\t<\/div>\n\t\t\t\t<\/div>\n    \t\t<\/div>\n    \t<\/div>\n\t<\/div>\n<\/div>\n\n\n\n\n<section class=\"light block-benefits-4 py-6\">\n\t<div class=\"container\">\n\t\t<div class=\"row\">\n\t\t\t<div class=\"col-lg-12 col-md-12 col-sm-12\">\n\t\t\t\t<h2 class=\"text-center\">\n\t\t\t\t\tBenef\u00edcios\t\t\t\t\t<span class=\"h2-subtitle\"><\/span>\n\t\t\t\t\t\n\t\t\t\t\t\n\t\t\t\t<\/h2>\n\t\t\t<\/div>\n\t\t<\/div>\n\t\t<div class=\"row\">\n\t\t\t\t\n\t\t\t\t\t\n\t\t\t\t\t<div class=\"col-lg-6 col-md-6 col-sm-12 mb-4\">\n\t\t\t\t\t\t<div class=\"row\">\n\t\t\t\t\t\t\t<div class=\"col-lg-2 col-sm-3 col-sm-12\">\n\t\t\t\t\t\t\t\t<img decoding=\"async\" class=\"fadeIn\" src=\"https:\/\/www.halifax-consulting.com\/br\/wp-content\/themes\/halifax\/library\/img\/halifax-consulting-benefits-icon.svg\" alt=\"icone benefices\" width=\"100%\" \/>\n\t\t\t\t\t\t\t<\/div>\n\t\t\t\t\t\t\t<div class=\"col-lg-10 col-sm-9 col-sm-12 fadeIn\">\n\t\t\t\t\t\t\t\t<h3 class=\"benef-title\">100% operacional<\/h3>\n\t\t\t\t\t\t\t\t<p class=\"benef-content\">Nossos consultores s\u00e3o, acima de tudo, ex-gerentes de vendas com s\u00f3lida experi\u00eancia pr\u00e1tica e foco em resultados. Entregamos solu\u00e7\u00f5es simples, eficazes e voltadas \u00e0 melhoria concreta do seu desempenho comercial.<br>\n\t\t\t\t\t\t\t\t\t\t\t\t\t\t\t\t\t<\/p>\n\t\t\t\t\t\t\t<\/div>\n\t\t\t\t\t\t<\/div>\n\t\t\t\t\t<\/div>\n\t\t\t\t\t\n\t\t\t\t\t\t\n\t\t\t\t\t\n\t\t\t\t\t<div class=\"col-lg-6 col-md-6 col-sm-12 mb-4\">\n\t\t\t\t\t\t<div class=\"row\">\n\t\t\t\t\t\t\t<div class=\"col-lg-2 col-sm-3 col-sm-12\">\n\t\t\t\t\t\t\t\t<img decoding=\"async\" class=\"fadeIn\" src=\"https:\/\/www.halifax-consulting.com\/br\/wp-content\/themes\/halifax\/library\/img\/halifax-consulting-benefits-icon.svg\" alt=\"icone benefices\" width=\"100%\" \/>\n\t\t\t\t\t\t\t<\/div>\n\t\t\t\t\t\t\t<div class=\"col-lg-10 col-sm-9 col-sm-12 fadeIn\">\n\t\t\t\t\t\t\t\t<h3 class=\"benef-title\">A mesma equipe, do in\u00edcio ao fim<\/h3>\n\t\t\t\t\t\t\t\t<p class=\"benef-content\">A mesma equipe estar\u00e1 ao seu lado em todas as etapas: desde a imers\u00e3o inicial at\u00e9 a consolida\u00e7\u00e3o das compet\u00eancias e o acompanhamento da implementa\u00e7\u00e3o das solu\u00e7\u00f5es comerciais na pr\u00e1tica.<br>\n\t\t\t\t\t\t\t\t\t\t\t\t\t\t\t\t\t<\/p>\n\t\t\t\t\t\t\t<\/div>\n\t\t\t\t\t\t<\/div>\n\t\t\t\t\t<\/div>\n\t\t\t\t\t\n\t\t\t\t\t\t\n\t\t\t\t\t\n\t\t\t\t\t<div class=\"col-lg-6 col-md-6 col-sm-12 mb-4\">\n\t\t\t\t\t\t<div class=\"row\">\n\t\t\t\t\t\t\t<div class=\"col-lg-2 col-sm-3 col-sm-12\">\n\t\t\t\t\t\t\t\t<img decoding=\"async\" class=\"fadeIn\" src=\"https:\/\/www.halifax-consulting.com\/br\/wp-content\/themes\/halifax\/library\/img\/halifax-consulting-benefits-icon.svg\" alt=\"icone benefices\" width=\"100%\" \/>\n\t\t\t\t\t\t\t<\/div>\n\t\t\t\t\t\t\t<div class=\"col-lg-10 col-sm-9 col-sm-12 fadeIn\">\n\t\t\t\t\t\t\t\t<h3 class=\"benef-title\">Efici\u00eancia comercial<\/h3>\n\t\t\t\t\t\t\t\t<p class=\"benef-content\">Nosso \u00fanico crit\u00e9rio de sucesso s\u00e3o os resultados comerciais gerados pelas solu\u00e7\u00f5es implementadas. Esses resultados podem ser medidos de diferentes formas: entrada de pedidos, margens, taxa de convers\u00e3o (hit rate), volume e qualidade do pipeline, satisfa\u00e7\u00e3o dos clientes, entre outros.<br \/>\n<br \/>\n<br>\n\t\t\t\t\t\t\t\t\t\t\t\t\t\t\t\t\t<\/p>\n\t\t\t\t\t\t\t<\/div>\n\t\t\t\t\t\t<\/div>\n\t\t\t\t\t<\/div>\n\t\t\t\t\t\n\t\t\t\t\t\t\n\t\t\t\t\t\n\t\t\t\t\t<div class=\"col-lg-6 col-md-6 col-sm-12 mb-4\">\n\t\t\t\t\t\t<div class=\"row\">\n\t\t\t\t\t\t\t<div class=\"col-lg-2 col-sm-3 col-sm-12\">\n\t\t\t\t\t\t\t\t<img decoding=\"async\" class=\"fadeIn\" src=\"https:\/\/www.halifax-consulting.com\/br\/wp-content\/themes\/halifax\/library\/img\/halifax-consulting-benefits-icon.svg\" alt=\"icone benefices\" width=\"100%\" \/>\n\t\t\t\t\t\t\t<\/div>\n\t\t\t\t\t\t\t<div class=\"col-lg-10 col-sm-9 col-sm-12 fadeIn\">\n\t\t\t\t\t\t\t\t<h3 class=\"benef-title\">100% feito sob medida<\/h3>\n\t\t\t\t\t\t\t\t<p class=\"benef-content\">N\u00e3o trabalhamos com f\u00f3rmulas prontas ou solu\u00e7\u00f5es gen\u00e9ricas para \u201copera\u00e7\u00f5es de vendas\u201d. Tampouco oferecemos ferramentas m\u00e1gicas. Nossa abordagem \u00e9 baseada em experi\u00eancia pr\u00e1tica, m\u00e9todos testados e profunda compreens\u00e3o dos desafios comerciais. Junto com voc\u00ea, constru\u00edmos uma organiza\u00e7\u00e3o comercial simples, eficaz e 100% sob medida \u2014 alinhada \u00e0 sua estrat\u00e9gia e cultura.<br>\n\t\t\t\t\t\t\t\t\t\t\t\t\t\t\t\t\t<\/p>\n\t\t\t\t\t\t\t<\/div>\n\t\t\t\t\t\t<\/div>\n\t\t\t\t\t<\/div>\n\t\t\t\t\t\n\t\t\t\t\t\t\t\t\n\t\t<\/div>\n\t<\/div>\n<\/section>\n\n<section class=\"success-single grey\">\n\t<div class=\"container-fluid\">\n\t\t<div class=\"row\">\n\t\t\t\t\t\t\t \n\t\t\t\t\t\t\t\t\t\t\n\t\t\t\t\t\t\t\t\t\t<div class=\"col-lg-7 col-md-6 col-sm-12 p-6\">\n\t\t\t\t\t\t<div>\n\t\t\t\t\t\t\t<h3>Casos de sucesso: Equipamentos m\u00e9dicos<\/h3>\n\t\t\t\t\t\t\t<p>Uma empresa l\u00edder de mercado na \u00c1frica havia estabelecido uma meta ambiciosa de crescimento org\u00e2nico para dois anos.<\/p>\n\t\t\t\t\t\t\t<p>\n\t\t\t\t\t\t\t\t<a href=\"https:\/\/www.halifax-consulting.com\/br\/casos-de-sucesso\/equipamentos-medicos\/\" class=\"btn btn-hx btn-hx-ducky\">Leia mais<\/a>\n\t\t\t\t\t\t\t<\/p>\n\t\t\t\t\t\t<\/div>\n\t\t\t\t\t<\/div>\n\t\t\t\t\t<div class=\"col-lg-5 col-md-6 col-sm-12 p-0\">\n\t\t\t\t\t\t\t<figure class=\"\">\n<!-- \t\t\t\t\t\t\t\t<img decoding=\"async\" src=\"https:\/\/www.halifax-consulting.com\/br\/wp-content\/uploads\/sites\/4\/2020\/03\/halifax-consulting-success-story-fabricant-equipements-medicaux-2.jpg\" alt=\"image success-story\" \/> -->\n\t\t\t\t\t\t\t\t<img decoding=\"async\" loading=\"lazy\" src=\"https:\/\/www.halifax-consulting.com\/br\/wp-content\/uploads\/sites\/4\/2020\/03\/halifax-consulting-success-story-fabricant-equipements-medicaux-2.jpg\" alt=\"\" width=\"100%\" height=\"\" >\t\t\t\t\t\t\t<\/figure>\n\t\t\t\t\t<\/div>\n\t\t\t\t\t\t\t\t\t<\/div>\n\t<\/div>\n<\/section>\n","protected":false},"excerpt":{"rendered":"<p>Antes de treinar e gerenciar, certifique-se de executar bem<\/p>\n","protected":false},"author":1,"featured_media":3206,"parent":543,"menu_order":20,"comment_status":"closed","ping_status":"closed","template":"","meta":[],"categories":[2],"acf":[],"yoast_head":"<!-- This site is optimized with the Yoast SEO plugin v19.9 - https:\/\/yoast.com\/wordpress\/plugins\/seo\/ -->\n<title>Consultoria em organiza\u00e7\u00e3o de vendas e IA em vendas - Halifax Consulting \u2013 BR<\/title>\n<meta name=\"description\" content=\"A execu\u00e7\u00e3o de vendas bem-sucedida \u00e9 uma das principais preocupa\u00e7\u00f5es de nossos clientes e abrange uma s\u00e9rie de quest\u00f5es que incluem...\" \/>\n<link rel=\"canonical\" href=\"https:\/\/www.halifax-consulting.com\/br\/consultoria\/otimizacao-do-desempenho-comercial\/\" \/>\n<meta property=\"og:locale\" content=\"pt_BR\" \/>\n<meta property=\"og:type\" content=\"article\" \/>\n<meta property=\"og:title\" content=\"Consultoria em organiza\u00e7\u00e3o de vendas e IA em vendas - Halifax Consulting \u2013 BR\" \/>\n<meta property=\"og:description\" content=\"A execu\u00e7\u00e3o de vendas bem-sucedida \u00e9 uma das principais preocupa\u00e7\u00f5es de nossos clientes e abrange uma s\u00e9rie de quest\u00f5es que incluem...\" \/>\n<meta property=\"og:url\" content=\"https:\/\/www.halifax-consulting.com\/br\/consultoria\/otimizacao-do-desempenho-comercial\/\" \/>\n<meta property=\"og:site_name\" content=\"Halifax Consulting \u2013 BR\" \/>\n<meta property=\"article:modified_time\" content=\"2025-07-08T18:36:31+00:00\" \/>\n<meta property=\"og:image\" content=\"https:\/\/www.halifax-consulting.com\/br\/wp-content\/uploads\/sites\/4\/2024\/04\/Conseil-organisation-commerciale-IA.png\" \/>\n\t<meta property=\"og:image:width\" content=\"2500\" \/>\n\t<meta property=\"og:image:height\" content=\"400\" \/>\n\t<meta property=\"og:image:type\" content=\"image\/png\" \/>\n<meta name=\"twitter:card\" content=\"summary_large_image\" \/>\n<script type=\"application\/ld+json\" class=\"yoast-schema-graph\">{\"@context\":\"https:\/\/schema.org\",\"@graph\":[{\"@type\":\"WebPage\",\"@id\":\"https:\/\/www.halifax-consulting.com\/br\/consultoria\/otimizacao-do-desempenho-comercial\/\",\"url\":\"https:\/\/www.halifax-consulting.com\/br\/consultoria\/otimizacao-do-desempenho-comercial\/\",\"name\":\"Consultoria em organiza\u00e7\u00e3o de vendas e IA em vendas - Halifax Consulting \u2013 BR\",\"isPartOf\":{\"@id\":\"https:\/\/www.halifax-consulting.com\/br\/#website\"},\"datePublished\":\"2019-12-30T16:55:19+00:00\",\"dateModified\":\"2025-07-08T18:36:31+00:00\",\"description\":\"A execu\u00e7\u00e3o de vendas bem-sucedida \u00e9 uma das principais preocupa\u00e7\u00f5es de nossos clientes e abrange uma s\u00e9rie de quest\u00f5es que incluem...\",\"breadcrumb\":{\"@id\":\"https:\/\/www.halifax-consulting.com\/br\/consultoria\/otimizacao-do-desempenho-comercial\/#breadcrumb\"},\"inLanguage\":\"pt-BR\",\"potentialAction\":[{\"@type\":\"ReadAction\",\"target\":[\"https:\/\/www.halifax-consulting.com\/br\/consultoria\/otimizacao-do-desempenho-comercial\/\"]}]},{\"@type\":\"BreadcrumbList\",\"@id\":\"https:\/\/www.halifax-consulting.com\/br\/consultoria\/otimizacao-do-desempenho-comercial\/#breadcrumb\",\"itemListElement\":[{\"@type\":\"ListItem\",\"position\":1,\"name\":\"Accueil\",\"item\":\"https:\/\/www.halifax-consulting.com\/br\/\"},{\"@type\":\"ListItem\",\"position\":2,\"name\":\"Consultoria\",\"item\":\"https:\/\/www.halifax-consulting.com\/br\/consultoria\/\"},{\"@type\":\"ListItem\",\"position\":3,\"name\":\"Consultoria em organiza\u00e7\u00e3o de vendas e IA em vendas\"}]},{\"@type\":\"WebSite\",\"@id\":\"https:\/\/www.halifax-consulting.com\/br\/#website\",\"url\":\"https:\/\/www.halifax-consulting.com\/br\/\",\"name\":\"Halifax Consulting \u2013 BR\",\"description\":\"Halifax Consulting est un cabinet de conseil en performance commerciale sp\u00e9cialis\u00e9 dans la formation des \u00e9quipes et managers\",\"potentialAction\":[{\"@type\":\"SearchAction\",\"target\":{\"@type\":\"EntryPoint\",\"urlTemplate\":\"https:\/\/www.halifax-consulting.com\/br\/?s={search_term_string}\"},\"query-input\":\"required name=search_term_string\"}],\"inLanguage\":\"pt-BR\"}]}<\/script>\n<!-- \/ Yoast SEO plugin. -->","yoast_head_json":{"title":"Consultoria em organiza\u00e7\u00e3o de vendas e IA em vendas - Halifax Consulting \u2013 BR","description":"A execu\u00e7\u00e3o de vendas bem-sucedida \u00e9 uma das principais preocupa\u00e7\u00f5es de nossos clientes e abrange uma s\u00e9rie de quest\u00f5es que incluem...","canonical":"https:\/\/www.halifax-consulting.com\/br\/consultoria\/otimizacao-do-desempenho-comercial\/","og_locale":"pt_BR","og_type":"article","og_title":"Consultoria em organiza\u00e7\u00e3o de vendas e IA em vendas - Halifax Consulting \u2013 BR","og_description":"A execu\u00e7\u00e3o de vendas bem-sucedida \u00e9 uma das principais preocupa\u00e7\u00f5es de nossos clientes e abrange uma s\u00e9rie de quest\u00f5es que incluem...","og_url":"https:\/\/www.halifax-consulting.com\/br\/consultoria\/otimizacao-do-desempenho-comercial\/","og_site_name":"Halifax Consulting \u2013 BR","article_modified_time":"2025-07-08T18:36:31+00:00","og_image":[{"width":2500,"height":400,"url":"https:\/\/www.halifax-consulting.com\/br\/wp-content\/uploads\/sites\/4\/2024\/04\/Conseil-organisation-commerciale-IA.png","type":"image\/png"}],"twitter_card":"summary_large_image","schema":{"@context":"https:\/\/schema.org","@graph":[{"@type":"WebPage","@id":"https:\/\/www.halifax-consulting.com\/br\/consultoria\/otimizacao-do-desempenho-comercial\/","url":"https:\/\/www.halifax-consulting.com\/br\/consultoria\/otimizacao-do-desempenho-comercial\/","name":"Consultoria em organiza\u00e7\u00e3o de vendas e IA em vendas - Halifax Consulting \u2013 BR","isPartOf":{"@id":"https:\/\/www.halifax-consulting.com\/br\/#website"},"datePublished":"2019-12-30T16:55:19+00:00","dateModified":"2025-07-08T18:36:31+00:00","description":"A execu\u00e7\u00e3o de vendas bem-sucedida \u00e9 uma das principais preocupa\u00e7\u00f5es de nossos clientes e abrange uma s\u00e9rie de quest\u00f5es que incluem...","breadcrumb":{"@id":"https:\/\/www.halifax-consulting.com\/br\/consultoria\/otimizacao-do-desempenho-comercial\/#breadcrumb"},"inLanguage":"pt-BR","potentialAction":[{"@type":"ReadAction","target":["https:\/\/www.halifax-consulting.com\/br\/consultoria\/otimizacao-do-desempenho-comercial\/"]}]},{"@type":"BreadcrumbList","@id":"https:\/\/www.halifax-consulting.com\/br\/consultoria\/otimizacao-do-desempenho-comercial\/#breadcrumb","itemListElement":[{"@type":"ListItem","position":1,"name":"Accueil","item":"https:\/\/www.halifax-consulting.com\/br\/"},{"@type":"ListItem","position":2,"name":"Consultoria","item":"https:\/\/www.halifax-consulting.com\/br\/consultoria\/"},{"@type":"ListItem","position":3,"name":"Consultoria em organiza\u00e7\u00e3o de vendas e IA em vendas"}]},{"@type":"WebSite","@id":"https:\/\/www.halifax-consulting.com\/br\/#website","url":"https:\/\/www.halifax-consulting.com\/br\/","name":"Halifax Consulting \u2013 BR","description":"Halifax Consulting est un cabinet de conseil en performance commerciale sp\u00e9cialis\u00e9 dans la formation des \u00e9quipes et managers","potentialAction":[{"@type":"SearchAction","target":{"@type":"EntryPoint","urlTemplate":"https:\/\/www.halifax-consulting.com\/br\/?s={search_term_string}"},"query-input":"required name=search_term_string"}],"inLanguage":"pt-BR"}]}},"_links":{"self":[{"href":"https:\/\/www.halifax-consulting.com\/br\/wp-json\/wp\/v2\/pages\/183"}],"collection":[{"href":"https:\/\/www.halifax-consulting.com\/br\/wp-json\/wp\/v2\/pages"}],"about":[{"href":"https:\/\/www.halifax-consulting.com\/br\/wp-json\/wp\/v2\/types\/page"}],"author":[{"embeddable":true,"href":"https:\/\/www.halifax-consulting.com\/br\/wp-json\/wp\/v2\/users\/1"}],"replies":[{"embeddable":true,"href":"https:\/\/www.halifax-consulting.com\/br\/wp-json\/wp\/v2\/comments?post=183"}],"version-history":[{"count":16,"href":"https:\/\/www.halifax-consulting.com\/br\/wp-json\/wp\/v2\/pages\/183\/revisions"}],"predecessor-version":[{"id":3683,"href":"https:\/\/www.halifax-consulting.com\/br\/wp-json\/wp\/v2\/pages\/183\/revisions\/3683"}],"up":[{"embeddable":true,"href":"https:\/\/www.halifax-consulting.com\/br\/wp-json\/wp\/v2\/pages\/543"}],"wp:featuredmedia":[{"embeddable":true,"href":"https:\/\/www.halifax-consulting.com\/br\/wp-json\/wp\/v2\/media\/3206"}],"wp:attachment":[{"href":"https:\/\/www.halifax-consulting.com\/br\/wp-json\/wp\/v2\/media?parent=183"}],"wp:term":[{"taxonomy":"category","embeddable":true,"href":"https:\/\/www.halifax-consulting.com\/br\/wp-json\/wp\/v2\/categories?post=183"}],"curies":[{"name":"wp","href":"https:\/\/api.w.org\/{rel}","templated":true}]}}