{"id":206,"date":"2019-12-30T20:30:50","date_gmt":"2019-12-30T19:30:50","guid":{"rendered":"https:\/\/www.halifax-consulting.com\/?page_id=206"},"modified":"2025-05-19T10:25:14","modified_gmt":"2025-05-19T08:25:14","slug":"serious-game","status":"publish","type":"page","link":"https:\/\/www.halifax-consulting.com\/br\/aprendizagem-digital\/serious-game\/","title":{"rendered":"Serious game"},"content":{"rendered":"<div class=\"container\">\n\t<div class=\"row\">\n\t\t<div class=\"col-lg-12 col-md-12 col-sm-12\">\n\t\t\t<h2 class=\"intro\">\n\t\t\t\t<strong class=\"intro-h2 d-block\">Jogue, negocie e melhore<\/strong>\n\t\t\t\t<p>&#8220;Serious Game&#8221; &eacute; um videogame educacional imersivo que leva os alunos para um mundo fict&iacute;cio que lhes permite experimentar quatro cen&aacute;rios e aprimorar suas habilidades ao lidar com quatro tipos diferentes de negociadores. &#8220;Serious Game&#8221; &eacute; uma maneira divertida de otimizar a absor&ccedil;&atilde;o e a reten&ccedil;&atilde;o, fornecendo feedback imediato a cada passo.<\/p>\t\t\t<\/h2>\n\t\t<\/div>\n\t<\/div>\n<\/div>\n\n\n<div class=\"container pb-6\">\n\t<div class=\"row\">\n\t\t<div class=\"col-lg-4 col-md-4 col-sm-12\">\n\t\t\t<h4 class=\"key\">4 x 15<\/h4>\n\t\t\t<p class=\"key-description\">minutos cheios de a\u00e7\u00e3o!<\/p>\t\t\t\t\t\t\t\n\t\t<\/div>\n\t\t<div class=\"col-lg-4 col-md-4 col-sm-12\">\n\t\t\t<h4 class=\"key\">6<\/h4>\n\t\t\t<p class=\"key-description\">idiomas dispon\u00edveis<\/p>\t\t\t\t\t\t\n\t\t<\/div>\n\t\t<div class=\"col-lg-4 col-md-4 col-sm-12\">\n\t\t\t<h4 class=\"key\">1<\/h4>\t\n\t\t\t<p class=\"key-description\">revis\u00e3o supervisionada das escolhas feitas e esclarecimento das decis\u00f5es corretas.<\/p>\t\t\t\t\t\n\t\t<\/div>\n\t<\/div>\n<\/div>\n\n<section class=\"light py-6\">\n\t<div class=\"container\">\n\t\t<div class=\"row\">\n\t\t\t<div class=\"col-lg-12 col-md-12 col-sm-12\">\n\t\t\t\t<h2 class=\"text-center\">\n\t\t\t\t\tBenef\u00edcios\t\t\t\t\t<span class=\"h2-subtitle\"><\/span>\n\t\t\t\t\t\n\t\t\t\t\t\n\t\t\t\t<\/h2>\n\t\t\t<\/div>\n\t\t<\/div>\n\t\t<div class=\"row\">\n\t\t\t\t\n\t\t\t\t\t\n\t\t\t\t\t<div class=\"col-lg-6 col-md-6 col-sm-12 mb-4\">\n\t\t\t\t\t\t<div class=\"row\">\n\t\t\t\t\t\t\t<div class=\"col-lg-2 col-sm-3 col-sm-12\">\n\t\t\t\t\t\t\t\t<img decoding=\"async\" class=\"wow fadeIn\" data-wow-delay=\"0s\" src=\"https:\/\/www.halifax-consulting.com\/br\/wp-content\/themes\/halifax\/library\/img\/halifax-consulting-benefits-icon.svg\" alt=\"icone benefices\" width=\"100%\" \/>\n\t\t\t\t\t\t\t<\/div>\n\t\t\t\t\t\t\t<div class=\"col-lg-10 col-sm-9 col-sm-12 wow fadeIn\" data-wow-delay=\"0s\">\n\t\t\t\t\t\t\t\t<h3 class=\"benef-title\">Imers\u00e3o e feedback constante<\/h3>\n\t\t\t\t\t\t\t\t<p class=\"benef-content\"><p>Capacite as pessoas a aprender atrav\u00e9s da gamifica\u00e7\u00e3o.<\/p>\n<\/p>\n\t\t\t\t\t\t\t<\/div>\n\t\t\t\t\t\t<\/div>\n\t\t\t\t\t<\/div>\n\t\t\t\t\t\n\t\t\t\t\t\t\n\t\t\t\t\t\n\t\t\t\t\t<div class=\"col-lg-6 col-md-6 col-sm-12 mb-4\">\n\t\t\t\t\t\t<div class=\"row\">\n\t\t\t\t\t\t\t<div class=\"col-lg-2 col-sm-3 col-sm-12\">\n\t\t\t\t\t\t\t\t<img decoding=\"async\" class=\"wow fadeIn\" data-wow-delay=\"0.5s\" src=\"https:\/\/www.halifax-consulting.com\/br\/wp-content\/themes\/halifax\/library\/img\/halifax-consulting-benefits-icon.svg\" alt=\"icone benefices\" width=\"100%\" \/>\n\t\t\t\t\t\t\t<\/div>\n\t\t\t\t\t\t\t<div class=\"col-lg-10 col-sm-9 col-sm-12 wow fadeIn\" data-wow-delay=\"0.5s\">\n\t\t\t\t\t\t\t\t<h3 class=\"benef-title\">Desafio e progress\u00e3o<\/h3>\n\t\t\t\t\t\t\t\t<p class=\"benef-content\"><p>Cen\u00e1rios realistas, di\u00e1logo acelerado e um n\u00edvel de conte\u00fado que surpreende e desafia os jogadores.<\/p>\n<\/p>\n\t\t\t\t\t\t\t<\/div>\n\t\t\t\t\t\t<\/div>\n\t\t\t\t\t<\/div>\n\t\t\t\t\t\n\t\t\t\t\t\t\t\t\n\t\t<\/div>\n\t<\/div>\n<\/section>\n\n<section class=\"navy py-6\">\n\t<div class=\"container\">\n\t\t<div class=\"row\">\n\t\t\t<div class=\"col-lg-12 col-md-12 col-sm-12\">\n\t\t\t\t\t\t\t\t<h2 class=\"text-center\">\n\t\t\t\t\tCen\u00e1rios do &#8220;Serious Game&#8221;\t\t\t\t<\/h2>\n\t\t\t<\/div>\n\t\t<\/div>\n\t\t<div class=\"row\">\n\t\t\t<div class=\"col-lg-12 col-md-12 col-sm-12\">\n\t\t\t\t<p class=\"benef-content pb-3\">\n\t\t\t\t\t<p>A Halifax Consulting desenvolveu um &#8220;Serious Game&#8221; para negocia\u00e7\u00f5es de vendas com base em quatro situa\u00e7\u00f5es para vendedores de campo, gerentes de contas-chave (KAM), gerentes de vendas e todas as outras equipes multifuncionais da empresa.<\/p>\n\t\t\t\t<\/p>\n\t\t\t<\/div>\n\t\t<\/div>\n\t\t<div class=\"row\">\n\t\t\t<div class=\"col-lg-3 col-md-3 col-sm-12\">\n\t\t\t\t<h5 class=\"text-center py-4\">Campanha Catirex<\/h5>\n\t\t\t\t<p class=\"benef-content\"><p>Um jovem colega pede seu conselho antes de encontrar um cliente para fechar um importante contrato. Voc\u00ea ser\u00e1 capaz de fornecer a orienta\u00e7\u00e3o correta e explicar como se preparar efetivamente para a pr\u00f3xima negocia\u00e7\u00e3o?<\/p>\n<\/p>\t\t\t\t\t\t\n\t\t\t<\/div>\n\t\t\t<div class=\"col-lg-3 col-md-3 col-sm-12\">\n\t\t\t\t<h5 class=\"text-center py-4\">&#8220;Mission Princess&#8221;<\/h5>\n\t\t\t\t<p class=\"benef-content\"><p>Voc\u00ea est\u00e1 tendo uma discuss\u00e3o dif\u00edcil com um produtor de cinema que est\u00e1 preparando o filme &#8220;Mission Princess&#8221; de um famoso diretor. Voc\u00ea tem que chegar a um acordo, mas suas posi\u00e7\u00f5es s\u00e3o bastante distantes e seu contato \u00e9 bem nervoso.<\/p>\n<\/p>\t\t\t\t\t\t\n\t\t\t<\/div>\n\t\t\t<div class=\"col-lg-3 col-md-3 col-sm-12\">\n\t\t\t\t<h5 class=\"text-center py-4\">Muitas felicidades<\/h5>\n\t\t\t\t<p class=\"benef-content\"><p>Voc\u00ea est\u00e1 conversando com um jovem casal. A negocia\u00e7\u00e3o parece estar indo bem, mas como negociar com duas pessoas ao mesmo tempo? \u00c9 f\u00e1cil?<\/p>\n<\/p>\t\t\t\t\t\t\n\t\t\t<\/div>\n\t\t\t<div class=\"col-lg-3 col-md-3 col-sm-12\">\n\t\t\t\t<h5 class=\"text-center py-4\">Caro Bertrand<\/h5>\n\t\t\t\t<p class=\"benef-content\"><p>Voc\u00ea encontra um velho conhecido, Bertrand, que est\u00e1 claramente tentando alavancar seu relacionamento pessoal para tirar o m\u00e1ximo proveito das negocia\u00e7\u00f5es. Como voc\u00ea vai reagir?<\/p>\n<\/p>\t\t\t\t\t\t\n\t\t\t<\/div>\n\t\t<\/div>\n\t<\/div>\n<\/section>\n\n<section class=\"white py-6\">\n\t<div class=\"container\">\n\t\t<div class=\"row\">\n\t\t\t<div class=\"col-lg-12 col-md-12 col-sm-12\">\n\t\t\t\t<h2 class=\"text-center\">\n\t\t\t\t\tComo o &#8220;Serious Game&#8221; pode ajud\u00e1-lo?\t\t\t\t\t<span class=\"h2-subtitle\"><\/span>\n\t\t\t\t\t\n\t\t\t\t\t\n\t\t\t\t<\/h2>\n\t\t\t<\/div>\n\t\t<\/div>\n\t\t<div class=\"row\">\n\t\t\t\n\t\t\t<div class=\"col-lg-12 col-md-12 col-sm-12\">\n\t\t\t\t<div class=\"accordion\" id=\"accordionExample\">\n\t\t\t\t\t<div class=\"card\">\n\t\t\t\t\t    <div class=\"card-header\" id=\"headingOne\">\n\t\t\t\t\t\n\t\t\t\t\t        <button type=\"button\" data-toggle=\"collapse\" data-target=\"#collapseOne\" aria-expanded=\"true\" aria-controls=\"collapseOne\">\n\t\t\t\t\t        \tGest\u00e3o\t\t\t\t\t        \t<i data-feather=\"chevron-down\"><\/i>\n\t\t\t\t\t        <\/button>\n\t\t\t\t\t\t\t\n\t\t\t\t\t    <\/div>\n\t\t\t\t\t\n\t\t\t\t\t    <div id=\"collapseOne\" class=\"collapse show\" aria-labelledby=\"headingOne\" data-parent=\"#accordionExample\">\n\t\t\t\t\t\t    <div class=\"card-body\">\n\t\t\t\t\t\t        <ul>\n<li>Alinhar grandes times internamente sobre a import\u00e2ncia de negociar melhor em todas as frentes com os clientes, internas e externas.<\/li>\n<li>Ser capaz de motivar e capacitar as pessoas da \u00e1rea comercial sobre a real capacidade quanto a assertividade e defesa dos interesses da empresa.<\/li>\n<li>Melhorar rapidamente os reflexos certos para as negocia\u00e7\u00f5es de venda.<\/li>\n<\/ul>\n\t\t\t\t\t\t    <\/div>\n\t\t\t\t\t    <\/div>\n\t\t\t\t\t<\/div>\n\t\t\t\t\t<div class=\"card\">\n\t\t\t\t\t    <div class=\"card-header\" id=\"headingTwo\">\n\t\t\t\t\t      \n\t\t\t\t\t        <button class=\"btn btn-link collapsed\" type=\"button\" data-toggle=\"collapse\" data-target=\"#collapseTwo\" aria-expanded=\"false\" aria-controls=\"collapseTwo\">\n\t\t\t\t\t        \tSintonia\t\t\t\t\t        \t<i data-feather=\"chevron-down\"><\/i>\n\t\t\t\t\t        <\/button>\n\t\t\t\t\t    <\/div>\n\t\t\t\t\t    <div id=\"collapseTwo\" class=\"collapse\" aria-labelledby=\"headingTwo\" data-parent=\"#accordionExample\">\n\t\t\t\t\t      <div class=\"card-body\">\n\t\t\t\t\t        <ul>\n<li> F\u00e1cil imers\u00e3o para todos os tipos de funcion\u00e1rios da empresa. <\/li>\n<li> Foco em jogos na melhoria de todos os aspectos das negocia\u00e7\u00f5es com os clientes, dentro e fora da empresa. <\/li>\n<li> V\u00e1rios cen\u00e1rios de aprendizado. <\/li>\n<li> Incorporar pr\u00e1ticas recomendadas e evitar as alternativas ruins.<\/li>\n<\/ul>\n\t\t\t\t\t      <\/div>\n\t\t\t\t\t    <\/div>\n\t\t\t\t\t  <\/div>\n\t\t\t\t\t\t\t\t\t\t<div class=\"card\">\n\t\t\t\t\t    <div class=\"card-header\" id=\"headingThree\">\n\t\t\t\t\t      \n\t\t\t\t\t        <button class=\"btn btn-link collapsed\" type=\"button\" data-toggle=\"collapse\" data-target=\"#collapseThree\" aria-expanded=\"false\" aria-controls=\"collapseThree\">\n\t\t\t\t\t        \tMarketing\t\t\t\t\t        \t<i data-feather=\"chevron-down\"><\/i>\n\t\t\t\t\t        <\/button>\n\t\t\t\t\t    <\/div>\n\t\t\t\t\t    <div id=\"collapseThree\" class=\"collapse\" aria-labelledby=\"headingThree\" data-parent=\"#accordionExample\">\n\t\t\t\t\t      <div class=\"card-body\">\n\t\t\t\t\t        <ul>\n<li> Jogar para desempenhar. <\/li>\n<li> Melhorar a reten\u00e7\u00e3o de informa\u00e7\u00f5es. <\/li>\n<li> Simular reuni\u00f5es com clientes dif\u00edceis. <\/li>\n<\/ul>\n\t\t\t\t\t      <\/div>\n\t\t\t\t\t    <\/div>\n\t\t\t\t\t  <\/div>\t\n\t\t\t\t\t\t\t\t\t\t\t\t\t\t\t<div class=\"card\">\n\t\t\t\t\t    <div class=\"card-header\" id=\"headingFour\">\n\t\t\t\t\t      \n\t\t\t\t\t        <button class=\"btn btn-link collapsed\" type=\"button\" data-toggle=\"collapse\" data-target=\"#collapseFour\" aria-expanded=\"false\" aria-controls=\"collapseFour\">\n\t\t\t\t\t        \tRH\t\t\t\t\t        \t<i data-feather=\"chevron-down\"><\/i>\n\t\t\t\t\t        <\/button>\n\t\t\t\t\t    <\/div>\n\t\t\t\t\t    <div id=\"collapseFour\" class=\"collapse\" aria-labelledby=\"headingFour\" data-parent=\"#accordionExample\">\n\t\t\t\t\t      <div class=\"card-body\">\n\t\t\t\t\t        <ul>\n<li> V\u00e1lido para todos os tipos de LMS. <\/li>\n<li> Alto engajamento. <\/li>\n<\/ul>\n\t\t\t\t\t      <\/div>\n\t\t\t\t\t    <\/div>\n\t\t\t\t\t  <\/div>\t\n\t\t\t\t\t\t\t\t\t\t\t\t\t\t\t\t\t\t\t\t\t\t\t\t\t\t\t\t\t<\/div>\n\t\t\t<\/div>\n\t\t\t\n\t\t<\/div>\n\t<\/div>\n<\/section>","protected":false},"excerpt":{"rendered":"<p>Enhancing learning and skills development through gamification<\/p>\n","protected":false},"author":1,"featured_media":1462,"parent":549,"menu_order":50,"comment_status":"closed","ping_status":"closed","template":"page-generique-simple.php","meta":[],"categories":[],"acf":[],"yoast_head":"<!-- This site is optimized with the Yoast SEO plugin v19.9 - https:\/\/yoast.com\/wordpress\/plugins\/seo\/ -->\n<title>Serious game - Halifax Consulting \u2013 BR<\/title>\n<meta name=\"description\" content=\"&quot;Serious Game&quot; \u00e9 um videogame educacional imersivo que leva os alunos para um mundo fict\u00edcio que lhes permite experimentar quatro cen\u00e1rios...\" \/>\n<link rel=\"canonical\" href=\"https:\/\/www.halifax-consulting.com\/br\/aprendizagem-digital\/serious-game\/\" \/>\n<meta property=\"og:locale\" content=\"pt_BR\" \/>\n<meta property=\"og:type\" content=\"article\" \/>\n<meta property=\"og:title\" content=\"Serious game - Halifax Consulting \u2013 BR\" \/>\n<meta property=\"og:description\" content=\"&quot;Serious Game&quot; \u00e9 um videogame educacional imersivo que leva os alunos para um mundo fict\u00edcio que lhes permite experimentar quatro cen\u00e1rios...\" \/>\n<meta property=\"og:url\" content=\"https:\/\/www.halifax-consulting.com\/br\/aprendizagem-digital\/serious-game\/\" \/>\n<meta property=\"og:site_name\" content=\"Halifax Consulting \u2013 BR\" \/>\n<meta property=\"article:modified_time\" content=\"2025-05-19T08:25:14+00:00\" \/>\n<meta property=\"og:image\" content=\"https:\/\/www.halifax-consulting.com\/br\/wp-content\/uploads\/sites\/4\/2020\/03\/halifax-consulting-digital-learning-serious-game.jpg\" \/>\n\t<meta property=\"og:image:width\" content=\"1000\" \/>\n\t<meta property=\"og:image:height\" content=\"360\" \/>\n\t<meta property=\"og:image:type\" content=\"image\/jpeg\" \/>\n<meta name=\"twitter:card\" content=\"summary_large_image\" \/>\n<script type=\"application\/ld+json\" class=\"yoast-schema-graph\">{\"@context\":\"https:\/\/schema.org\",\"@graph\":[{\"@type\":\"WebPage\",\"@id\":\"https:\/\/www.halifax-consulting.com\/br\/aprendizagem-digital\/serious-game\/\",\"url\":\"https:\/\/www.halifax-consulting.com\/br\/aprendizagem-digital\/serious-game\/\",\"name\":\"Serious game - Halifax Consulting \u2013 BR\",\"isPartOf\":{\"@id\":\"https:\/\/www.halifax-consulting.com\/br\/#website\"},\"datePublished\":\"2019-12-30T19:30:50+00:00\",\"dateModified\":\"2025-05-19T08:25:14+00:00\",\"description\":\"\\\"Serious Game\\\" \u00e9 um videogame educacional imersivo que leva os alunos para um mundo fict\u00edcio que lhes permite experimentar quatro cen\u00e1rios...\",\"breadcrumb\":{\"@id\":\"https:\/\/www.halifax-consulting.com\/br\/aprendizagem-digital\/serious-game\/#breadcrumb\"},\"inLanguage\":\"pt-BR\",\"potentialAction\":[{\"@type\":\"ReadAction\",\"target\":[\"https:\/\/www.halifax-consulting.com\/br\/aprendizagem-digital\/serious-game\/\"]}]},{\"@type\":\"BreadcrumbList\",\"@id\":\"https:\/\/www.halifax-consulting.com\/br\/aprendizagem-digital\/serious-game\/#breadcrumb\",\"itemListElement\":[{\"@type\":\"ListItem\",\"position\":1,\"name\":\"Accueil\",\"item\":\"https:\/\/www.halifax-consulting.com\/br\/\"},{\"@type\":\"ListItem\",\"position\":2,\"name\":\"Digital &amp; IA\",\"item\":\"https:\/\/www.halifax-consulting.com\/br\/aprendizagem-digital\/\"},{\"@type\":\"ListItem\",\"position\":3,\"name\":\"Serious game\"}]},{\"@type\":\"WebSite\",\"@id\":\"https:\/\/www.halifax-consulting.com\/br\/#website\",\"url\":\"https:\/\/www.halifax-consulting.com\/br\/\",\"name\":\"Halifax Consulting \u2013 BR\",\"description\":\"Halifax Consulting est un cabinet de conseil en performance commerciale sp\u00e9cialis\u00e9 dans la formation des \u00e9quipes et managers\",\"potentialAction\":[{\"@type\":\"SearchAction\",\"target\":{\"@type\":\"EntryPoint\",\"urlTemplate\":\"https:\/\/www.halifax-consulting.com\/br\/?s={search_term_string}\"},\"query-input\":\"required name=search_term_string\"}],\"inLanguage\":\"pt-BR\"}]}<\/script>\n<!-- \/ Yoast SEO plugin. -->","yoast_head_json":{"title":"Serious game - Halifax Consulting \u2013 BR","description":"\"Serious Game\" \u00e9 um videogame educacional imersivo que leva os alunos para um mundo fict\u00edcio que lhes permite experimentar quatro cen\u00e1rios...","canonical":"https:\/\/www.halifax-consulting.com\/br\/aprendizagem-digital\/serious-game\/","og_locale":"pt_BR","og_type":"article","og_title":"Serious game - Halifax Consulting \u2013 BR","og_description":"\"Serious Game\" \u00e9 um videogame educacional imersivo que leva os alunos para um mundo fict\u00edcio que lhes permite experimentar quatro cen\u00e1rios...","og_url":"https:\/\/www.halifax-consulting.com\/br\/aprendizagem-digital\/serious-game\/","og_site_name":"Halifax Consulting \u2013 BR","article_modified_time":"2025-05-19T08:25:14+00:00","og_image":[{"width":1000,"height":360,"url":"https:\/\/www.halifax-consulting.com\/br\/wp-content\/uploads\/sites\/4\/2020\/03\/halifax-consulting-digital-learning-serious-game.jpg","type":"image\/jpeg"}],"twitter_card":"summary_large_image","schema":{"@context":"https:\/\/schema.org","@graph":[{"@type":"WebPage","@id":"https:\/\/www.halifax-consulting.com\/br\/aprendizagem-digital\/serious-game\/","url":"https:\/\/www.halifax-consulting.com\/br\/aprendizagem-digital\/serious-game\/","name":"Serious game - Halifax Consulting \u2013 BR","isPartOf":{"@id":"https:\/\/www.halifax-consulting.com\/br\/#website"},"datePublished":"2019-12-30T19:30:50+00:00","dateModified":"2025-05-19T08:25:14+00:00","description":"\"Serious Game\" \u00e9 um videogame educacional imersivo que leva os alunos para um mundo fict\u00edcio que lhes permite experimentar quatro cen\u00e1rios...","breadcrumb":{"@id":"https:\/\/www.halifax-consulting.com\/br\/aprendizagem-digital\/serious-game\/#breadcrumb"},"inLanguage":"pt-BR","potentialAction":[{"@type":"ReadAction","target":["https:\/\/www.halifax-consulting.com\/br\/aprendizagem-digital\/serious-game\/"]}]},{"@type":"BreadcrumbList","@id":"https:\/\/www.halifax-consulting.com\/br\/aprendizagem-digital\/serious-game\/#breadcrumb","itemListElement":[{"@type":"ListItem","position":1,"name":"Accueil","item":"https:\/\/www.halifax-consulting.com\/br\/"},{"@type":"ListItem","position":2,"name":"Digital &amp; IA","item":"https:\/\/www.halifax-consulting.com\/br\/aprendizagem-digital\/"},{"@type":"ListItem","position":3,"name":"Serious game"}]},{"@type":"WebSite","@id":"https:\/\/www.halifax-consulting.com\/br\/#website","url":"https:\/\/www.halifax-consulting.com\/br\/","name":"Halifax Consulting \u2013 BR","description":"Halifax Consulting est un cabinet de conseil en performance commerciale sp\u00e9cialis\u00e9 dans la formation des \u00e9quipes et managers","potentialAction":[{"@type":"SearchAction","target":{"@type":"EntryPoint","urlTemplate":"https:\/\/www.halifax-consulting.com\/br\/?s={search_term_string}"},"query-input":"required name=search_term_string"}],"inLanguage":"pt-BR"}]}},"_links":{"self":[{"href":"https:\/\/www.halifax-consulting.com\/br\/wp-json\/wp\/v2\/pages\/206"}],"collection":[{"href":"https:\/\/www.halifax-consulting.com\/br\/wp-json\/wp\/v2\/pages"}],"about":[{"href":"https:\/\/www.halifax-consulting.com\/br\/wp-json\/wp\/v2\/types\/page"}],"author":[{"embeddable":true,"href":"https:\/\/www.halifax-consulting.com\/br\/wp-json\/wp\/v2\/users\/1"}],"replies":[{"embeddable":true,"href":"https:\/\/www.halifax-consulting.com\/br\/wp-json\/wp\/v2\/comments?post=206"}],"version-history":[{"count":10,"href":"https:\/\/www.halifax-consulting.com\/br\/wp-json\/wp\/v2\/pages\/206\/revisions"}],"predecessor-version":[{"id":3623,"href":"https:\/\/www.halifax-consulting.com\/br\/wp-json\/wp\/v2\/pages\/206\/revisions\/3623"}],"up":[{"embeddable":true,"href":"https:\/\/www.halifax-consulting.com\/br\/wp-json\/wp\/v2\/pages\/549"}],"wp:featuredmedia":[{"embeddable":true,"href":"https:\/\/www.halifax-consulting.com\/br\/wp-json\/wp\/v2\/media\/1462"}],"wp:attachment":[{"href":"https:\/\/www.halifax-consulting.com\/br\/wp-json\/wp\/v2\/media?parent=206"}],"wp:term":[{"taxonomy":"category","embeddable":true,"href":"https:\/\/www.halifax-consulting.com\/br\/wp-json\/wp\/v2\/categories?post=206"}],"curies":[{"name":"wp","href":"https:\/\/api.w.org\/{rel}","templated":true}]}}