{"id":2960,"date":"2023-06-05T16:31:42","date_gmt":"2023-06-05T14:31:42","guid":{"rendered":"https:\/\/www.halifax-consulting.com\/br\/?page_id=2960"},"modified":"2025-07-08T21:05:04","modified_gmt":"2025-07-08T19:05:04","slug":"diagnostico-de-sua-organizacao-comercial-e-segmentacao-de-sua-carteira-de-clientes","status":"publish","type":"page","link":"https:\/\/www.halifax-consulting.com\/br\/consultoria\/diagnostico-de-sua-organizacao-comercial-e-segmentacao-de-sua-carteira-de-clientes\/","title":{"rendered":"Diagn\u00f3stico de sua organiza\u00e7\u00e3o comercial e segmenta\u00e7\u00e3o de sua carteira de clientes"},"content":{"rendered":"<div class=\"container\">\n\t<div class=\"row\">\n\t\t<div class=\"col-lg-12 col-md-12 col-sm-12\">\n\t\t\t<h2 class=\"intro\">\n\t\t\t\t<strong class=\"intro-h2 d-block\">Uma plataforma abrangente que concentra a energia de suas equipes de vendas por meio de uma gest\u00e3o estrat\u00e9gica de clientes otimizada e estruturada.<\/strong>\n\t\t\t\t<p data-start=\"67\" data-end=\"284\"><strong data-start=\"67\" data-end=\"284\">Alinhe os esfor&ccedil;os da sua equipe de vendas para reter os melhores clientes, aumentar o valor dos clientes de alto potencial e qualificar oportunidades promissoras por meio de um plano de crescimento personalizado.<\/strong><\/p>\n<p data-start=\"286\" data-end=\"489\"><strong data-start=\"286\" data-end=\"346\">Venturi &eacute; uma solu&ccedil;&atilde;o estrat&eacute;gica de gest&atilde;o de clientes.<\/strong><br data-start=\"346\" data-end=\"349\" \/>Com um plano de vendas estruturado e focado nos clientes de maior potencial, voc&ecirc; cria a base para o crescimento sustent&aacute;vel do seu neg&oacute;cio.<\/p>\n<p data-start=\"491\" data-end=\"724\">A Venturi permite exatamente isso. Essa ferramenta simples <strong data-start=\"550\" data-end=\"600\">se conecta diretamente &agrave; sua plataforma de CRM<\/strong> e ajuda a construir um plano de a&ccedil;&atilde;o comercial claro, que sua equipe pode seguir e executar com facilidade, em tr&ecirc;s etapas:<\/p>\n<ol>\n<li><strong>An&aacute;lise da sua base de vendas<\/strong><\/li>\n<li><strong>Categoriza&ccedil;&atilde;o automatizada de seus clientes<\/strong><\/li>\n<li><strong>Planejamento das atividades comerciais na agenda da equipe de vendas<\/strong><\/li>\n<\/ol>\n<p data-start=\"890\" data-end=\"1278\">Al&eacute;m disso, a Venturi oferece <strong data-start=\"920\" data-end=\"979\">um diagn&oacute;stico instant&acirc;neo da sua organiza&ccedil;&atilde;o de vendas<\/strong>, com base em um estudo robusto de <strong data-start=\"1014\" data-end=\"1031\">180 crit&eacute;rios<\/strong>, avaliando todos os seus processos e a chamada &ldquo;Efici&ecirc;ncia de Vendas&rdquo;. Esse diagn&oacute;stico &eacute; feito online, em formato colaborativo com suas equipes de gest&atilde;o, e permite que voc&ecirc; <strong data-start=\"1207\" data-end=\"1244\">fa&ccedil;a benchmarking da sua opera&ccedil;&atilde;o<\/strong> com dados concretos e relevantes.<\/p>\t\t\t<\/h2>\n\t\t<\/div>\n\t<\/div>\n<\/div>\n\n\n<section class=\"navy block-benefits-4 py-6\">\n\t<div class=\"container\">\n\t\t<div class=\"row\">\n\t\t\t<div class=\"col-lg-12 col-md-12 col-sm-12\">\n\t\t\t\t<h2 class=\"text-center\">\n\t\t\t\t\tVENTURI INCLUI V\u00c1RIAS APLICA\u00c7\u00d5ES PARA:\t\t\t\t\t<span class=\"h2-subtitle\"><\/span>\n\t\t\t\t\t\n\t\t\t\t\t\n\t\t\t\t<\/h2>\n\t\t\t<\/div>\n\t\t<\/div>\n\t\t<div class=\"row\">\n\t\t\t\t\n\t\t\t\t\t\n\t\t\t\t\t<div class=\"col-lg-6 col-md-6 col-sm-12 mb-4\">\n\t\t\t\t\t\t<div class=\"row\">\n\t\t\t\t\t\t\t<div class=\"col-lg-2 col-sm-3 col-sm-12\">\n\t\t\t\t\t\t\t\t<img decoding=\"async\" class=\"fadeIn\" src=\"https:\/\/www.halifax-consulting.com\/br\/wp-content\/themes\/halifax\/library\/img\/halifax-consulting-benefits-icon.svg\" alt=\"icone benefices\" width=\"100%\" \/>\n\t\t\t\t\t\t\t<\/div>\n\t\t\t\t\t\t\t<div class=\"col-lg-10 col-sm-9 col-sm-12 fadeIn\">\n\t\t\t\t\t\t\t\t<h3 class=\"benef-title\">Analisar<\/h3>\n\t\t\t\t\t\t\t\t<p class=\"benef-content\">Em profundidade a sua carteira de clientes<br>\n\t\t\t\t\t\t\t\t\t\t\t\t\t\t\t\t\t<\/p>\n\t\t\t\t\t\t\t<\/div>\n\t\t\t\t\t\t<\/div>\n\t\t\t\t\t<\/div>\n\t\t\t\t\t\n\t\t\t\t\t\t\n\t\t\t\t\t\n\t\t\t\t\t<div class=\"col-lg-6 col-md-6 col-sm-12 mb-4\">\n\t\t\t\t\t\t<div class=\"row\">\n\t\t\t\t\t\t\t<div class=\"col-lg-2 col-sm-3 col-sm-12\">\n\t\t\t\t\t\t\t\t<img decoding=\"async\" class=\"fadeIn\" src=\"https:\/\/www.halifax-consulting.com\/br\/wp-content\/themes\/halifax\/library\/img\/halifax-consulting-benefits-icon.svg\" alt=\"icone benefices\" width=\"100%\" \/>\n\t\t\t\t\t\t\t<\/div>\n\t\t\t\t\t\t\t<div class=\"col-lg-10 col-sm-9 col-sm-12 fadeIn\">\n\t\t\t\t\t\t\t\t<h3 class=\"benef-title\">Segmentar<\/h3>\n\t\t\t\t\t\t\t\t<p class=\"benef-content\">Seus clientes de acordo com seu potencial<br>\n\t\t\t\t\t\t\t\t\t\t\t\t\t\t\t\t\t<\/p>\n\t\t\t\t\t\t\t<\/div>\n\t\t\t\t\t\t<\/div>\n\t\t\t\t\t<\/div>\n\t\t\t\t\t\n\t\t\t\t\t\t\n\t\t\t\t\t\n\t\t\t\t\t<div class=\"col-lg-6 col-md-6 col-sm-12 mb-4\">\n\t\t\t\t\t\t<div class=\"row\">\n\t\t\t\t\t\t\t<div class=\"col-lg-2 col-sm-3 col-sm-12\">\n\t\t\t\t\t\t\t\t<img decoding=\"async\" class=\"fadeIn\" src=\"https:\/\/www.halifax-consulting.com\/br\/wp-content\/themes\/halifax\/library\/img\/halifax-consulting-benefits-icon.svg\" alt=\"icone benefices\" width=\"100%\" \/>\n\t\t\t\t\t\t\t<\/div>\n\t\t\t\t\t\t\t<div class=\"col-lg-10 col-sm-9 col-sm-12 fadeIn\">\n\t\t\t\t\t\t\t\t<h3 class=\"benef-title\">Identificar<\/h3>\n\t\t\t\t\t\t\t\t<p class=\"benef-content\">As atividades e sua frequ\u00eancia requerida por seu pessoal de vendas<br>\n\t\t\t\t\t\t\t\t\t\t\t\t\t\t\t\t\t<\/p>\n\t\t\t\t\t\t\t<\/div>\n\t\t\t\t\t\t<\/div>\n\t\t\t\t\t<\/div>\n\t\t\t\t\t\n\t\t\t\t\t\t\n\t\t\t\t\t\n\t\t\t\t\t<div class=\"col-lg-6 col-md-6 col-sm-12 mb-4\">\n\t\t\t\t\t\t<div class=\"row\">\n\t\t\t\t\t\t\t<div class=\"col-lg-2 col-sm-3 col-sm-12\">\n\t\t\t\t\t\t\t\t<img decoding=\"async\" class=\"fadeIn\" src=\"https:\/\/www.halifax-consulting.com\/br\/wp-content\/themes\/halifax\/library\/img\/halifax-consulting-benefits-icon.svg\" alt=\"icone benefices\" width=\"100%\" \/>\n\t\t\t\t\t\t\t<\/div>\n\t\t\t\t\t\t\t<div class=\"col-lg-10 col-sm-9 col-sm-12 fadeIn\">\n\t\t\t\t\t\t\t\t<h3 class=\"benef-title\">Priorizar<\/h3>\n\t\t\t\t\t\t\t\t<p class=\"benef-content\">Os esfor\u00e7os de sua equipe de vendas<br>\n\t\t\t\t\t\t\t\t\t\t\t\t\t\t\t\t\t<\/p>\n\t\t\t\t\t\t\t<\/div>\n\t\t\t\t\t\t<\/div>\n\t\t\t\t\t<\/div>\n\t\t\t\t\t\n\t\t\t\t\t\t\t\t\n\t\t<\/div>\n\t<\/div>\n<\/section>\n\n<section class=\"light bloc-texte-image p-0\">\t\n\t<div class=\"container-fluid\">\n\t\t<div class=\"row\">\n\t\t\t\t\t\t<div class=\"col-lg-4 col-md-6 col-md-12 p-0\">\n\t\t\t\t<figure>\n<!-- \t\t\t\t\t<img decoding=\"async\" src=\"https:\/\/www.halifax-consulting.com\/br\/wp-content\/uploads\/sites\/4\/2020\/03\/halifax-consulting-formation-televente.jpg\" alt=\"photo\" width=\"100%\" \/> -->\n\t\t\t\t\t<img decoding=\"async\" loading=\"lazy\" src=\"https:\/\/www.halifax-consulting.com\/br\/wp-content\/uploads\/sites\/4\/2020\/03\/halifax-consulting-formation-televente.jpg\" alt=\"\" width=\"100%\" height=\"\" >\t\t\t\t<\/figure>\n\t\t\t<\/div>\n\t\t\t\t\t\t\n\t\t\t<div class=\"col-lg-8 col-md-6 col-md-12 p-6 bloc-texte-image--content\">\n\t\t\t\t<h4>DA MONTANTE DA GEST\u00c3O ESTRAT\u00c9GICA DE SUA CARTEIRA DE CLIENTES, A VENTURI TAMB\u00c9M OFERECE UM DIAGN\u00d3STICO DE SUA ORGANIZA\u00c7\u00c3O COMERCIAL<\/h4>\n\t\t\t\t<p>Sua fun\u00e7\u00e3o de vendas (objetivos, estrutura, processos, gest\u00e3o de equipe, de clientes, intermedi\u00e1ria, painel de controle&#8230;) \u00e9 capaz de aumentar as chances de atingir seus objetivos de vendas ano ap\u00f3s ano? Identifique, atrav\u00e9s do \u00edndice de maturidade as melhorias que ter\u00e3o maior impacto a curto e m\u00e9dio prazo na realiza\u00e7\u00e3o de seus objetivos.<\/p>\n\t\t\t\t\t\t\t\t<p><a class=\"btn btn-hx btn-hx-orange\" href=\"https:\/\/forms.zohopublic.com\/andernagroup\/form\/brcontact\/formperma\/QK_89tERotb7PZjGA1CFwHbWouQcjlMbOMwGBh_VvlU\">Quero saber mais sobre a Venturi<\/a><\/p>\n\t\t\t\t\t\t\t<\/div>\n\t\t\t\n\t\t\t\t\t<\/div>\n\t<\/div>\n<\/section>\n\n<section class=\"success-single grey\">\n\t<div class=\"container-fluid\">\n\t\t<div class=\"row\">\n\t\t\t\t\t\t\t \n\t\t\t\t\t\t\t\t\t\t\n\t\t\t\t\t\t\t\t\t\t<div class=\"col-lg-7 col-md-6 col-sm-12 p-6\">\n\t\t\t\t\t\t<div>\n\t\t\t\t\t\t\t<h3>Casos de sucesso: Gr\u00e3os e ingredientes alimentares<\/h3>\n\t\t\t\t\t\t\t<p>A empresa estava planejando crescer e se diversificar por meio do aumento das vendas de produtos complementares e da conquista de novos clientes.<\/p>\n\t\t\t\t\t\t\t<p>\n\t\t\t\t\t\t\t\t<a href=\"https:\/\/www.halifax-consulting.com\/br\/casos-de-sucesso\/graos-e-ingredientes-alimentares\/\" class=\"btn btn-hx btn-hx-ducky\">Leia mais<\/a>\n\t\t\t\t\t\t\t<\/p>\n\t\t\t\t\t\t<\/div>\n\t\t\t\t\t<\/div>\n\t\t\t\t\t<div class=\"col-lg-5 col-md-6 col-sm-12 p-0\">\n\t\t\t\t\t\t\t<figure class=\"\">\n<!-- \t\t\t\t\t\t\t\t<img decoding=\"async\" src=\"https:\/\/www.halifax-consulting.com\/br\/wp-content\/uploads\/sites\/4\/2020\/03\/halifax-consulting-success-story-Distributeur-mondial-agroalimentaire.jpg\" alt=\"image success-story\" \/> -->\n\t\t\t\t\t\t\t\t<img decoding=\"async\" loading=\"lazy\" src=\"https:\/\/www.halifax-consulting.com\/br\/wp-content\/uploads\/sites\/4\/2020\/03\/halifax-consulting-success-story-Distributeur-mondial-agroalimentaire.jpg\" alt=\"\" width=\"100%\" height=\"\" >\t\t\t\t\t\t\t<\/figure>\n\t\t\t\t\t<\/div>\n\t\t\t\t\t\t\t\t\t<\/div>\n\t<\/div>\n<\/section>\n","protected":false},"excerpt":{"rendered":"","protected":false},"author":17,"featured_media":2964,"parent":543,"menu_order":40,"comment_status":"closed","ping_status":"closed","template":"","meta":[],"categories":[],"acf":[],"yoast_head":"<!-- This site is optimized with the Yoast SEO plugin v19.9 - https:\/\/yoast.com\/wordpress\/plugins\/seo\/ -->\n<title>Diagn\u00f3stico de sua organiza\u00e7\u00e3o comercial e segmenta\u00e7\u00e3o de sua carteira de clientes - Halifax Consulting \u2013 BR<\/title>\n<meta name=\"description\" content=\"Alinhe os esfor\u00e7os de suas equipes de vendas para reter seus melhores clientes, maximizar o valor dos clientes de alto potencial...\" \/>\n<link rel=\"canonical\" href=\"https:\/\/www.halifax-consulting.com\/br\/consultoria\/diagnostico-de-sua-organizacao-comercial-e-segmentacao-de-sua-carteira-de-clientes\/\" \/>\n<meta property=\"og:locale\" content=\"pt_BR\" \/>\n<meta property=\"og:type\" content=\"article\" \/>\n<meta property=\"og:title\" content=\"Diagn\u00f3stico de sua organiza\u00e7\u00e3o comercial e segmenta\u00e7\u00e3o de sua carteira de clientes - Halifax Consulting \u2013 BR\" \/>\n<meta property=\"og:description\" content=\"Alinhe os esfor\u00e7os de suas equipes de vendas para reter seus melhores clientes, maximizar o valor dos clientes de alto potencial...\" \/>\n<meta property=\"og:url\" content=\"https:\/\/www.halifax-consulting.com\/br\/consultoria\/diagnostico-de-sua-organizacao-comercial-e-segmentacao-de-sua-carteira-de-clientes\/\" \/>\n<meta property=\"og:site_name\" content=\"Halifax Consulting \u2013 BR\" \/>\n<meta property=\"article:modified_time\" content=\"2025-07-08T19:05:04+00:00\" \/>\n<meta property=\"og:image\" content=\"https:\/\/www.halifax-consulting.com\/br\/wp-content\/uploads\/sites\/4\/2023\/06\/visuel-bandeaux-autres-formations-10.png\" \/>\n\t<meta property=\"og:image:width\" content=\"1920\" \/>\n\t<meta property=\"og:image:height\" content=\"545\" \/>\n\t<meta property=\"og:image:type\" content=\"image\/png\" \/>\n<meta name=\"twitter:card\" content=\"summary_large_image\" \/>\n<script type=\"application\/ld+json\" class=\"yoast-schema-graph\">{\"@context\":\"https:\/\/schema.org\",\"@graph\":[{\"@type\":\"WebPage\",\"@id\":\"https:\/\/www.halifax-consulting.com\/br\/consultoria\/diagnostico-de-sua-organizacao-comercial-e-segmentacao-de-sua-carteira-de-clientes\/\",\"url\":\"https:\/\/www.halifax-consulting.com\/br\/consultoria\/diagnostico-de-sua-organizacao-comercial-e-segmentacao-de-sua-carteira-de-clientes\/\",\"name\":\"Diagn\u00f3stico de sua organiza\u00e7\u00e3o comercial e segmenta\u00e7\u00e3o de sua carteira de clientes - Halifax Consulting \u2013 BR\",\"isPartOf\":{\"@id\":\"https:\/\/www.halifax-consulting.com\/br\/#website\"},\"datePublished\":\"2023-06-05T14:31:42+00:00\",\"dateModified\":\"2025-07-08T19:05:04+00:00\",\"description\":\"Alinhe os esfor\u00e7os de suas equipes de vendas para reter seus melhores clientes, maximizar o valor dos clientes de alto potencial...\",\"breadcrumb\":{\"@id\":\"https:\/\/www.halifax-consulting.com\/br\/consultoria\/diagnostico-de-sua-organizacao-comercial-e-segmentacao-de-sua-carteira-de-clientes\/#breadcrumb\"},\"inLanguage\":\"pt-BR\",\"potentialAction\":[{\"@type\":\"ReadAction\",\"target\":[\"https:\/\/www.halifax-consulting.com\/br\/consultoria\/diagnostico-de-sua-organizacao-comercial-e-segmentacao-de-sua-carteira-de-clientes\/\"]}]},{\"@type\":\"BreadcrumbList\",\"@id\":\"https:\/\/www.halifax-consulting.com\/br\/consultoria\/diagnostico-de-sua-organizacao-comercial-e-segmentacao-de-sua-carteira-de-clientes\/#breadcrumb\",\"itemListElement\":[{\"@type\":\"ListItem\",\"position\":1,\"name\":\"Accueil\",\"item\":\"https:\/\/www.halifax-consulting.com\/br\/\"},{\"@type\":\"ListItem\",\"position\":2,\"name\":\"Consultoria\",\"item\":\"https:\/\/www.halifax-consulting.com\/br\/consultoria\/\"},{\"@type\":\"ListItem\",\"position\":3,\"name\":\"Diagn\u00f3stico de sua organiza\u00e7\u00e3o comercial e segmenta\u00e7\u00e3o de sua carteira de clientes\"}]},{\"@type\":\"WebSite\",\"@id\":\"https:\/\/www.halifax-consulting.com\/br\/#website\",\"url\":\"https:\/\/www.halifax-consulting.com\/br\/\",\"name\":\"Halifax Consulting \u2013 BR\",\"description\":\"Halifax Consulting est un cabinet de conseil en performance commerciale sp\u00e9cialis\u00e9 dans la formation des \u00e9quipes et managers\",\"potentialAction\":[{\"@type\":\"SearchAction\",\"target\":{\"@type\":\"EntryPoint\",\"urlTemplate\":\"https:\/\/www.halifax-consulting.com\/br\/?s={search_term_string}\"},\"query-input\":\"required name=search_term_string\"}],\"inLanguage\":\"pt-BR\"}]}<\/script>\n<!-- \/ Yoast SEO plugin. -->","yoast_head_json":{"title":"Diagn\u00f3stico de sua organiza\u00e7\u00e3o comercial e segmenta\u00e7\u00e3o de sua carteira de clientes - Halifax Consulting \u2013 BR","description":"Alinhe os esfor\u00e7os de suas equipes de vendas para reter seus melhores clientes, maximizar o valor dos clientes de alto potencial...","canonical":"https:\/\/www.halifax-consulting.com\/br\/consultoria\/diagnostico-de-sua-organizacao-comercial-e-segmentacao-de-sua-carteira-de-clientes\/","og_locale":"pt_BR","og_type":"article","og_title":"Diagn\u00f3stico de sua organiza\u00e7\u00e3o comercial e segmenta\u00e7\u00e3o de sua carteira de clientes - Halifax Consulting \u2013 BR","og_description":"Alinhe os esfor\u00e7os de suas equipes de vendas para reter seus melhores clientes, maximizar o valor dos clientes de alto potencial...","og_url":"https:\/\/www.halifax-consulting.com\/br\/consultoria\/diagnostico-de-sua-organizacao-comercial-e-segmentacao-de-sua-carteira-de-clientes\/","og_site_name":"Halifax Consulting \u2013 BR","article_modified_time":"2025-07-08T19:05:04+00:00","og_image":[{"width":1920,"height":545,"url":"https:\/\/www.halifax-consulting.com\/br\/wp-content\/uploads\/sites\/4\/2023\/06\/visuel-bandeaux-autres-formations-10.png","type":"image\/png"}],"twitter_card":"summary_large_image","schema":{"@context":"https:\/\/schema.org","@graph":[{"@type":"WebPage","@id":"https:\/\/www.halifax-consulting.com\/br\/consultoria\/diagnostico-de-sua-organizacao-comercial-e-segmentacao-de-sua-carteira-de-clientes\/","url":"https:\/\/www.halifax-consulting.com\/br\/consultoria\/diagnostico-de-sua-organizacao-comercial-e-segmentacao-de-sua-carteira-de-clientes\/","name":"Diagn\u00f3stico de sua organiza\u00e7\u00e3o comercial e segmenta\u00e7\u00e3o de sua carteira de clientes - Halifax Consulting \u2013 BR","isPartOf":{"@id":"https:\/\/www.halifax-consulting.com\/br\/#website"},"datePublished":"2023-06-05T14:31:42+00:00","dateModified":"2025-07-08T19:05:04+00:00","description":"Alinhe os esfor\u00e7os de suas equipes de vendas para reter seus melhores clientes, maximizar o valor dos clientes de alto potencial...","breadcrumb":{"@id":"https:\/\/www.halifax-consulting.com\/br\/consultoria\/diagnostico-de-sua-organizacao-comercial-e-segmentacao-de-sua-carteira-de-clientes\/#breadcrumb"},"inLanguage":"pt-BR","potentialAction":[{"@type":"ReadAction","target":["https:\/\/www.halifax-consulting.com\/br\/consultoria\/diagnostico-de-sua-organizacao-comercial-e-segmentacao-de-sua-carteira-de-clientes\/"]}]},{"@type":"BreadcrumbList","@id":"https:\/\/www.halifax-consulting.com\/br\/consultoria\/diagnostico-de-sua-organizacao-comercial-e-segmentacao-de-sua-carteira-de-clientes\/#breadcrumb","itemListElement":[{"@type":"ListItem","position":1,"name":"Accueil","item":"https:\/\/www.halifax-consulting.com\/br\/"},{"@type":"ListItem","position":2,"name":"Consultoria","item":"https:\/\/www.halifax-consulting.com\/br\/consultoria\/"},{"@type":"ListItem","position":3,"name":"Diagn\u00f3stico de sua organiza\u00e7\u00e3o comercial e segmenta\u00e7\u00e3o de sua carteira de clientes"}]},{"@type":"WebSite","@id":"https:\/\/www.halifax-consulting.com\/br\/#website","url":"https:\/\/www.halifax-consulting.com\/br\/","name":"Halifax Consulting \u2013 BR","description":"Halifax Consulting est un cabinet de conseil en performance commerciale sp\u00e9cialis\u00e9 dans la formation des \u00e9quipes et managers","potentialAction":[{"@type":"SearchAction","target":{"@type":"EntryPoint","urlTemplate":"https:\/\/www.halifax-consulting.com\/br\/?s={search_term_string}"},"query-input":"required name=search_term_string"}],"inLanguage":"pt-BR"}]}},"_links":{"self":[{"href":"https:\/\/www.halifax-consulting.com\/br\/wp-json\/wp\/v2\/pages\/2960"}],"collection":[{"href":"https:\/\/www.halifax-consulting.com\/br\/wp-json\/wp\/v2\/pages"}],"about":[{"href":"https:\/\/www.halifax-consulting.com\/br\/wp-json\/wp\/v2\/types\/page"}],"author":[{"embeddable":true,"href":"https:\/\/www.halifax-consulting.com\/br\/wp-json\/wp\/v2\/users\/17"}],"replies":[{"embeddable":true,"href":"https:\/\/www.halifax-consulting.com\/br\/wp-json\/wp\/v2\/comments?post=2960"}],"version-history":[{"count":5,"href":"https:\/\/www.halifax-consulting.com\/br\/wp-json\/wp\/v2\/pages\/2960\/revisions"}],"predecessor-version":[{"id":3696,"href":"https:\/\/www.halifax-consulting.com\/br\/wp-json\/wp\/v2\/pages\/2960\/revisions\/3696"}],"up":[{"embeddable":true,"href":"https:\/\/www.halifax-consulting.com\/br\/wp-json\/wp\/v2\/pages\/543"}],"wp:featuredmedia":[{"embeddable":true,"href":"https:\/\/www.halifax-consulting.com\/br\/wp-json\/wp\/v2\/media\/2964"}],"wp:attachment":[{"href":"https:\/\/www.halifax-consulting.com\/br\/wp-json\/wp\/v2\/media?parent=2960"}],"wp:term":[{"taxonomy":"category","embeddable":true,"href":"https:\/\/www.halifax-consulting.com\/br\/wp-json\/wp\/v2\/categories?post=2960"}],"curies":[{"name":"wp","href":"https:\/\/api.w.org\/{rel}","templated":true}]}}