{"id":2965,"date":"2023-06-05T16:41:49","date_gmt":"2023-06-05T14:41:49","guid":{"rendered":"https:\/\/www.halifax-consulting.com\/br\/?page_id=2965"},"modified":"2025-07-10T15:01:51","modified_gmt":"2025-07-10T13:01:51","slug":"nossos-cursos-de-treinamento-de-vendas-mais-vendidos","status":"publish","type":"page","link":"https:\/\/www.halifax-consulting.com\/br\/treinamento\/nossos-cursos-de-treinamento-de-vendas-mais-vendidos\/","title":{"rendered":"Nossos cursos de treinamento de vendas mais vendidos"},"content":{"rendered":"<div class=\"container\">\n\t<div class=\"row\">\n\t\t<div class=\"col-lg-12 col-md-12 col-sm-12\">\n\t\t\t<h2 class=\"intro\">\n\t\t\t\t<strong class=\"intro-h2 d-block\">O que \u00e9 simples \u00e9 complexo de implementar<\/strong>\n\t\t\t\t<p data-start=\"86\" data-end=\"352\">Com 20 anos de experi&ecirc;ncia em desempenho de vendas, a Halifax Consulting j&aacute; impactou mais de 200 clientes em 5 continentes. Oferecemos programas de <strong data-start=\"234\" data-end=\"296\">treinamento em vendas, negocia&ccedil;&atilde;o e gest&atilde;o de contas-chave<\/strong>, adaptados &agrave; realidade local e em escala internacional.<\/p>\n<p data-start=\"354\" data-end=\"512\">Podemos treinar seus vendedores e l&iacute;deres comerciais para elevar o desempenho e transformar seus indicadores de resultado. A Halifax implementa os m&eacute;todos Best-Seller dedicados ao desempenho de vendas: Venda com o M&Eacute;TODO LEAD&reg;, negocia&ccedil;&atilde;o com o M&Eacute;TODO DEAL&reg;, gerenciamento de equipe com o M&Eacute;TODO BOSS&reg; e gerenciamento de contas-chave com o M&Eacute;TODO PAC$&reg;.<\/p>\n<p style=\"text-align: justify\">Nossos m&eacute;todos t&ecirc;m como objetivos:<\/p>\n<ul style=\"text-align: justify\">\n<li><strong data-start=\"721\" data-end=\"746\">Treinamento em vendas<\/strong>: estruturar conversas comerciais mais eficazes, dominar as alavancas de persuas&atilde;o, aumentar a taxa de convers&atilde;o e o valor m&eacute;dio das vendas.<\/li>\n<li><strong data-start=\"890\" data-end=\"919\">Treinamento em negocia&ccedil;&atilde;o<\/strong>: identificar os diferentes perfis de interlocutores, estruturar negocia&ccedil;&otilde;es B2B de forma estrat&eacute;gica e obter melhores margens, especialmente em campanhas de aumento de pre&ccedil;os.<\/li>\n<li><strong data-start=\"1099\" data-end=\"1134\">Treinamento em gest&atilde;o de vendas<\/strong>: reter talentos comerciais, medir o progresso das equipes e fortalecer a correla&ccedil;&atilde;o entre capacita&ccedil;&atilde;o e performance.<\/li>\n<li><strong data-start=\"1255\" data-end=\"1296\">Treinamento em gest&atilde;o de contas-chave<\/strong>: desenvolver an&aacute;lises estrat&eacute;gicas de contas, vender internamente suas ideias e impulsionar vendas consultivas com clientes-chaveNossos programas combinam <strong data-start=\"1654\" data-end=\"1678\">4 m&eacute;todos exclusivos<\/strong>, desenvolvidos com base na experi&ecirc;ncia pr&aacute;tica com milhares de vendedores B2B. Eles integram o que h&aacute; de mais moderno em <strong data-start=\"1800\" data-end=\"1853\">coaching, tecnologia digital e aprendizagem ativa<\/strong>, para transformar o desempenho das equipes e gerar impacto real no seu mercado.<\/li>\n<li><strong data-start=\"1431\" data-end=\"1478\">Treinamento em gest&atilde;o estrat&eacute;gica de contas<\/strong>: definir estrat&eacute;gias para contas lucrativas, alinhar suas equipes com metas de alto impacto e implementar iniciativas comerciais consistentes.<\/li>\n<\/ul>\n<p style=\"text-align: justify\">Nossos cursos de treinamento re&uacute;nem 4 m&eacute;todos de treinamento criados pela Halifax Consulting. Eles s&atilde;o nossos Best Sellers, resultado de muitos aprimoramentos com milhares de vendedores B2B treinados e incorporando as mais recentes tecnologias de coaching e aprendizado digital para for&ccedil;as de vendas. Nosso objetivo &eacute; oferecer a melhor experi&ecirc;ncia de aprendizado em vendas e gerenciamento de vendas para que voc&ecirc; fa&ccedil;a a diferen&ccedil;a em seu mercado.<\/p>\t\t\t<\/h2>\n\t\t<\/div>\n\t<\/div>\n<\/div>\n\n\n<!-- Bloc Formations -->\n<section class=\"navy py-6 formations\">\n\t\n\t<div class=\"container\">\n\t\t\n\t\t<div class=\"row\">\n\t\t\t\n\t\t\t<div class=\"col-lg-12 col-md-12 col-sm-12\">\n\t\t\t\t\n\t\t\t\t<h2 class=\"text-center\">\n\t\t\t\t\t\n\t\t\t\t\tCursos de treinamento comercial &#8220;Best-Sellers&#8221; da Halifax Consulting\t\t\n\t\t\t\t<\/h2>\n\t\t\t\t\n\t\t\t<\/div>\n\t\t\t\n\t\t<\/div>\n\t\t\n\t\t<div class=\"row\">\n\t\t\t\t\t\t\t\n\t\t\t\t\t\t\t\t\t\n\t\t\t\t\t\t\t\t\t\n\t\t\t\t\t<div class=\"col-lg-4 col-md-4 col-sm-12\">\n\t\t\t\t\t\t<div class=\"formation\">\n\t\t\t\t\t\t<h3 class=\"pb-1 formation__h3\">Treinamento em vendas <i class=\"fas fa-arrow-right\"><\/i><\/h3>\n\t\t\t\t\t\t<p><a class=\"stretched-link\" href=\"\"><\/a><\/p>\n\t\t\t\t\t\t<\/div>\n\t\t\t\t\t<\/div>\n\t\t\t\t\t\n\t\t\t\t\t\t\t\t\t\n\t\t\t\t\t\t\t\t\t\n\t\t\t\t\t<div class=\"col-lg-4 col-md-4 col-sm-12\">\n\t\t\t\t\t\t<div class=\"formation\">\n\t\t\t\t\t\t<h3 class=\"pb-1 formation__h3\">Treinamento em Negocia\u00e7\u00e3o Comercial <i class=\"fas fa-arrow-right\"><\/i><\/h3>\n\t\t\t\t\t\t<p><a class=\"stretched-link\" href=\"\"><\/a><\/p>\n\t\t\t\t\t\t<\/div>\n\t\t\t\t\t<\/div>\n\t\t\t\t\t\n\t\t\t\t\t\t\t\t\t\n\t\t\t\t\t\t\t\t\t\n\t\t\t\t\t<div class=\"col-lg-4 col-md-4 col-sm-12\">\n\t\t\t\t\t\t<div class=\"formation\">\n\t\t\t\t\t\t<h3 class=\"pb-1 formation__h3\">Treinamento em gest\u00e3o de vendas <i class=\"fas fa-arrow-right\"><\/i><\/h3>\n\t\t\t\t\t\t<p><a class=\"stretched-link\" href=\"\"><\/a><\/p>\n\t\t\t\t\t\t<\/div>\n\t\t\t\t\t<\/div>\n\t\t\t\t\t\n\t\t\t\t\t\t\t\t\t\n\t\t\t\t\t\t\t\t\t\n\t\t\t\t\t<div class=\"col-lg-4 col-md-4 col-sm-12\">\n\t\t\t\t\t\t<div class=\"formation\">\n\t\t\t\t\t\t<h3 class=\"pb-1 formation__h3\">Treinamento em gerenciamento de contas-chave <i class=\"fas fa-arrow-right\"><\/i><\/h3>\n\t\t\t\t\t\t<p><a class=\"stretched-link\" href=\"\"><\/a><\/p>\n\t\t\t\t\t\t<\/div>\n\t\t\t\t\t<\/div>\n\t\t\t\t\t\n\t\t\t\t\t\t\t\t\t\n\t\t\t\t\t\t\t\t\t\n\t\t\t\t\t<div class=\"col-lg-4 col-md-4 col-sm-12\">\n\t\t\t\t\t\t<div class=\"formation\">\n\t\t\t\t\t\t<h3 class=\"pb-1 formation__h3\">Treinamento em Gest\u00e3o Estrat\u00e9gica de Contas <i class=\"fas fa-arrow-right\"><\/i><\/h3>\n\t\t\t\t\t\t<p><a class=\"stretched-link\" href=\"\"><\/a><\/p>\n\t\t\t\t\t\t<\/div>\n\t\t\t\t\t<\/div>\n\t\t\t\t\t\n\t\t\t\t\t\n\t\t\t\t\n\t\t\t\t\t\t\n\t\t\t\t\t\t\n\t\t<\/div>\n\n<\/section>\n\n<section class=\"success-single grey\">\n\t<div class=\"container-fluid\">\n\t\t<div class=\"row\">\n\t\t\t\t\t\t\t \n\t\t\t\t\t\t\t\t\t\t\n\t\t\t\t\t\t\t\t\t\t<div class=\"col-lg-7 col-md-6 col-sm-12 p-6\">\n\t\t\t\t\t\t<div>\n\t\t\t\t\t\t\t<h3>Casos de sucesso: Laborat\u00f3rio veterin\u00e1rio<\/h3>\n\t\t\t\t\t\t\t<p>O objetivo era intensificar o apoio \u00e0s habilidades e \u00e0 expertise dos representantes de vendas em uma variedade de produtos.<\/p>\n\t\t\t\t\t\t\t<p>\n\t\t\t\t\t\t\t\t<a href=\"https:\/\/www.halifax-consulting.com\/br\/casos-de-sucesso\/laboratorio-veterinario\/\" class=\"btn btn-hx btn-hx-ducky\">Leia mais<\/a>\n\t\t\t\t\t\t\t<\/p>\n\t\t\t\t\t\t<\/div>\n\t\t\t\t\t<\/div>\n\t\t\t\t\t<div class=\"col-lg-5 col-md-6 col-sm-12 p-0\">\n\t\t\t\t\t\t\t<figure class=\"\">\n<!-- \t\t\t\t\t\t\t\t<img decoding=\"async\" src=\"https:\/\/www.halifax-consulting.com\/br\/wp-content\/uploads\/sites\/4\/2020\/03\/halifax-consulting-success-story-Laboratoire-veterinaire.jpg\" alt=\"image success-story\" \/> -->\n\t\t\t\t\t\t\t\t<img decoding=\"async\" loading=\"lazy\" src=\"https:\/\/www.halifax-consulting.com\/br\/wp-content\/uploads\/sites\/4\/2020\/03\/halifax-consulting-success-story-Laboratoire-veterinaire.jpg\" alt=\"\" width=\"100%\" height=\"\" >\t\t\t\t\t\t\t<\/figure>\n\t\t\t\t\t<\/div>\n\t\t\t\t\t\t\t\t\t<\/div>\n\t<\/div>\n<\/section>\n","protected":false},"excerpt":{"rendered":"","protected":false},"author":17,"featured_media":2967,"parent":545,"menu_order":0,"comment_status":"closed","ping_status":"closed","template":"","meta":[],"categories":[],"acf":[],"yoast_head":"<!-- This site is optimized with the Yoast SEO plugin v19.9 - https:\/\/yoast.com\/wordpress\/plugins\/seo\/ -->\n<title>Nossos cursos de treinamento de vendas mais vendidos - Halifax Consulting \u2013 BR<\/title>\n<meta name=\"description\" content=\"Com 20 anos de experi\u00eancia em desempenho de vendas, a Halifax Consulting deixou sua marca com 200 clientes ativos em 5 continentes...\" \/>\n<link rel=\"canonical\" href=\"https:\/\/www.halifax-consulting.com\/br\/treinamento\/nossos-cursos-de-treinamento-de-vendas-mais-vendidos\/\" \/>\n<meta property=\"og:locale\" content=\"pt_BR\" \/>\n<meta property=\"og:type\" content=\"article\" \/>\n<meta property=\"og:title\" content=\"Nossos cursos de treinamento de vendas mais vendidos - Halifax Consulting \u2013 BR\" \/>\n<meta property=\"og:description\" content=\"Com 20 anos de experi\u00eancia em desempenho de vendas, a Halifax Consulting deixou sua marca com 200 clientes ativos em 5 continentes...\" \/>\n<meta property=\"og:url\" content=\"https:\/\/www.halifax-consulting.com\/br\/treinamento\/nossos-cursos-de-treinamento-de-vendas-mais-vendidos\/\" \/>\n<meta property=\"og:site_name\" content=\"Halifax Consulting \u2013 BR\" \/>\n<meta property=\"article:modified_time\" content=\"2025-07-10T13:01:51+00:00\" \/>\n<meta property=\"og:image\" content=\"https:\/\/www.halifax-consulting.com\/br\/wp-content\/uploads\/sites\/4\/2023\/06\/nos-formations-commerciales-best-sellers.jpg\" \/>\n\t<meta property=\"og:image:width\" content=\"1920\" \/>\n\t<meta property=\"og:image:height\" content=\"545\" \/>\n\t<meta property=\"og:image:type\" content=\"image\/jpeg\" \/>\n<meta name=\"twitter:card\" content=\"summary_large_image\" \/>\n<script type=\"application\/ld+json\" class=\"yoast-schema-graph\">{\"@context\":\"https:\/\/schema.org\",\"@graph\":[{\"@type\":\"WebPage\",\"@id\":\"https:\/\/www.halifax-consulting.com\/br\/treinamento\/nossos-cursos-de-treinamento-de-vendas-mais-vendidos\/\",\"url\":\"https:\/\/www.halifax-consulting.com\/br\/treinamento\/nossos-cursos-de-treinamento-de-vendas-mais-vendidos\/\",\"name\":\"Nossos cursos de treinamento de vendas mais vendidos - Halifax Consulting \u2013 BR\",\"isPartOf\":{\"@id\":\"https:\/\/www.halifax-consulting.com\/br\/#website\"},\"datePublished\":\"2023-06-05T14:41:49+00:00\",\"dateModified\":\"2025-07-10T13:01:51+00:00\",\"description\":\"Com 20 anos de experi\u00eancia em desempenho de vendas, a Halifax Consulting deixou sua marca com 200 clientes ativos em 5 continentes...\",\"breadcrumb\":{\"@id\":\"https:\/\/www.halifax-consulting.com\/br\/treinamento\/nossos-cursos-de-treinamento-de-vendas-mais-vendidos\/#breadcrumb\"},\"inLanguage\":\"pt-BR\",\"potentialAction\":[{\"@type\":\"ReadAction\",\"target\":[\"https:\/\/www.halifax-consulting.com\/br\/treinamento\/nossos-cursos-de-treinamento-de-vendas-mais-vendidos\/\"]}]},{\"@type\":\"BreadcrumbList\",\"@id\":\"https:\/\/www.halifax-consulting.com\/br\/treinamento\/nossos-cursos-de-treinamento-de-vendas-mais-vendidos\/#breadcrumb\",\"itemListElement\":[{\"@type\":\"ListItem\",\"position\":1,\"name\":\"Accueil\",\"item\":\"https:\/\/www.halifax-consulting.com\/br\/\"},{\"@type\":\"ListItem\",\"position\":2,\"name\":\"Treinamento\",\"item\":\"https:\/\/www.halifax-consulting.com\/br\/treinamento\/\"},{\"@type\":\"ListItem\",\"position\":3,\"name\":\"Nossos cursos de treinamento de vendas mais vendidos\"}]},{\"@type\":\"WebSite\",\"@id\":\"https:\/\/www.halifax-consulting.com\/br\/#website\",\"url\":\"https:\/\/www.halifax-consulting.com\/br\/\",\"name\":\"Halifax Consulting \u2013 BR\",\"description\":\"Halifax Consulting est un cabinet de conseil en performance commerciale sp\u00e9cialis\u00e9 dans la formation des \u00e9quipes et managers\",\"potentialAction\":[{\"@type\":\"SearchAction\",\"target\":{\"@type\":\"EntryPoint\",\"urlTemplate\":\"https:\/\/www.halifax-consulting.com\/br\/?s={search_term_string}\"},\"query-input\":\"required name=search_term_string\"}],\"inLanguage\":\"pt-BR\"}]}<\/script>\n<!-- \/ Yoast SEO plugin. -->","yoast_head_json":{"title":"Nossos cursos de treinamento de vendas mais vendidos - Halifax Consulting \u2013 BR","description":"Com 20 anos de experi\u00eancia em desempenho de vendas, a Halifax Consulting deixou sua marca com 200 clientes ativos em 5 continentes...","canonical":"https:\/\/www.halifax-consulting.com\/br\/treinamento\/nossos-cursos-de-treinamento-de-vendas-mais-vendidos\/","og_locale":"pt_BR","og_type":"article","og_title":"Nossos cursos de treinamento de vendas mais vendidos - Halifax Consulting \u2013 BR","og_description":"Com 20 anos de experi\u00eancia em desempenho de vendas, a Halifax Consulting deixou sua marca com 200 clientes ativos em 5 continentes...","og_url":"https:\/\/www.halifax-consulting.com\/br\/treinamento\/nossos-cursos-de-treinamento-de-vendas-mais-vendidos\/","og_site_name":"Halifax Consulting \u2013 BR","article_modified_time":"2025-07-10T13:01:51+00:00","og_image":[{"width":1920,"height":545,"url":"https:\/\/www.halifax-consulting.com\/br\/wp-content\/uploads\/sites\/4\/2023\/06\/nos-formations-commerciales-best-sellers.jpg","type":"image\/jpeg"}],"twitter_card":"summary_large_image","schema":{"@context":"https:\/\/schema.org","@graph":[{"@type":"WebPage","@id":"https:\/\/www.halifax-consulting.com\/br\/treinamento\/nossos-cursos-de-treinamento-de-vendas-mais-vendidos\/","url":"https:\/\/www.halifax-consulting.com\/br\/treinamento\/nossos-cursos-de-treinamento-de-vendas-mais-vendidos\/","name":"Nossos cursos de treinamento de vendas mais vendidos - Halifax Consulting \u2013 BR","isPartOf":{"@id":"https:\/\/www.halifax-consulting.com\/br\/#website"},"datePublished":"2023-06-05T14:41:49+00:00","dateModified":"2025-07-10T13:01:51+00:00","description":"Com 20 anos de experi\u00eancia em desempenho de vendas, a Halifax Consulting deixou sua marca com 200 clientes ativos em 5 continentes...","breadcrumb":{"@id":"https:\/\/www.halifax-consulting.com\/br\/treinamento\/nossos-cursos-de-treinamento-de-vendas-mais-vendidos\/#breadcrumb"},"inLanguage":"pt-BR","potentialAction":[{"@type":"ReadAction","target":["https:\/\/www.halifax-consulting.com\/br\/treinamento\/nossos-cursos-de-treinamento-de-vendas-mais-vendidos\/"]}]},{"@type":"BreadcrumbList","@id":"https:\/\/www.halifax-consulting.com\/br\/treinamento\/nossos-cursos-de-treinamento-de-vendas-mais-vendidos\/#breadcrumb","itemListElement":[{"@type":"ListItem","position":1,"name":"Accueil","item":"https:\/\/www.halifax-consulting.com\/br\/"},{"@type":"ListItem","position":2,"name":"Treinamento","item":"https:\/\/www.halifax-consulting.com\/br\/treinamento\/"},{"@type":"ListItem","position":3,"name":"Nossos cursos de treinamento de vendas mais vendidos"}]},{"@type":"WebSite","@id":"https:\/\/www.halifax-consulting.com\/br\/#website","url":"https:\/\/www.halifax-consulting.com\/br\/","name":"Halifax Consulting \u2013 BR","description":"Halifax Consulting est un cabinet de conseil en performance commerciale sp\u00e9cialis\u00e9 dans la formation des \u00e9quipes et managers","potentialAction":[{"@type":"SearchAction","target":{"@type":"EntryPoint","urlTemplate":"https:\/\/www.halifax-consulting.com\/br\/?s={search_term_string}"},"query-input":"required name=search_term_string"}],"inLanguage":"pt-BR"}]}},"_links":{"self":[{"href":"https:\/\/www.halifax-consulting.com\/br\/wp-json\/wp\/v2\/pages\/2965"}],"collection":[{"href":"https:\/\/www.halifax-consulting.com\/br\/wp-json\/wp\/v2\/pages"}],"about":[{"href":"https:\/\/www.halifax-consulting.com\/br\/wp-json\/wp\/v2\/types\/page"}],"author":[{"embeddable":true,"href":"https:\/\/www.halifax-consulting.com\/br\/wp-json\/wp\/v2\/users\/17"}],"replies":[{"embeddable":true,"href":"https:\/\/www.halifax-consulting.com\/br\/wp-json\/wp\/v2\/comments?post=2965"}],"version-history":[{"count":4,"href":"https:\/\/www.halifax-consulting.com\/br\/wp-json\/wp\/v2\/pages\/2965\/revisions"}],"predecessor-version":[{"id":3701,"href":"https:\/\/www.halifax-consulting.com\/br\/wp-json\/wp\/v2\/pages\/2965\/revisions\/3701"}],"up":[{"embeddable":true,"href":"https:\/\/www.halifax-consulting.com\/br\/wp-json\/wp\/v2\/pages\/545"}],"wp:featuredmedia":[{"embeddable":true,"href":"https:\/\/www.halifax-consulting.com\/br\/wp-json\/wp\/v2\/media\/2967"}],"wp:attachment":[{"href":"https:\/\/www.halifax-consulting.com\/br\/wp-json\/wp\/v2\/media?parent=2965"}],"wp:term":[{"taxonomy":"category","embeddable":true,"href":"https:\/\/www.halifax-consulting.com\/br\/wp-json\/wp\/v2\/categories?post=2965"}],"curies":[{"name":"wp","href":"https:\/\/api.w.org\/{rel}","templated":true}]}}