{"id":2993,"date":"2023-06-06T15:26:39","date_gmt":"2023-06-06T13:26:39","guid":{"rendered":"https:\/\/www.halifax-consulting.com\/br\/?page_id=2993"},"modified":"2025-07-10T17:01:43","modified_gmt":"2025-07-10T15:01:43","slug":"treinamento-de-vendas-para-nivel-c","status":"publish","type":"page","link":"https:\/\/www.halifax-consulting.com\/br\/treinamento\/nossos-outros-cursos-de-treinamento-comercial\/treinamento-de-vendas-para-nivel-c\/","title":{"rendered":"Treinamento para vender a C-Level"},"content":{"rendered":"<div class=\"container\">\n\t<div class=\"row\">\n\t\t<div class=\"col-lg-12 col-md-12 col-sm-12\">\n\t\t\t<h2 class=\"intro\">\n\t\t\t\t<strong class=\"intro-h2 d-block\">Vendendo inova\u00e7\u00e3o disruptiva, vendendo consultoria de alto n\u00edvel, desenvolvimento de neg\u00f3cios e estrat\u00e9gia de alian\u00e7a&#8230; como voc\u00ea engaja o &#8216;C-Level&#8217;, ou seja, os executivos seniores em n\u00edvel de diretoria?<\/strong>\n\t\t\t\t<p>Os desenvolvedores de neg&oacute;cios est&atilde;o focados em encontrar oportunidades de crescimento e diferencia&ccedil;&atilde;o comercial para seus clientes. Muitas vezes as solu&ccedil;&otilde;es propostas tendem a, transformar os usos ou h&aacute;bitos das organiza&ccedil;&otilde;es de clientes existentes e exigir uma vis&atilde;o estrat&eacute;gica de mudan&ccedil;a. Portanto, subir na cadeia de tomada de decis&otilde;es no cliente &eacute; crucial para o sucesso, ou seja, saber como iniciar e conduzir conversas comerciais com executivos seniores e comit&ecirc;s de gest&atilde;o &#8220;C-Level&#8221;.<br \/>Este curso fornece as chaves para entender a agenda de um executivo, a maneira como operam e as quest&otilde;es que s&atilde;o importantes para eles. Nossa abordagem &#8220;C-Level selling&#8221; &eacute; &#8220;n&atilde;o-mec&acirc;nica&#8221; para evitar estere&oacute;tipos. Cada cliente, cada tomador de decis&atilde;o &eacute;, antes de tudo, um indiv&iacute;duo. Procuramos facilitar a autoconfian&ccedil;a e a assertividade necess&aacute;rias para contatar decisores de alto n&iacute;vel e criar uma rela&ccedil;&atilde;o interpessoal para melhor vender suas ideias.<\/p>\t\t\t<\/h2>\n\t\t<\/div>\n\t<\/div>\n<\/div>\n\n\n<section class=\"grey p-6 essentiels\">\t\n\t\n\t<div class=\"container\">\n\t\t\n\t\t<div class=\"row\">\n\t\t\t\n\t\t\t<div class=\"col-lg-7 col-md-7 col-sm-12\">\n\t\t\t\t\n\t\t\t\t\t\t\t\t\t<h3>OS OBJETIVOS<\/h3>\n\t\t\t\t\t<ul>\n<li>Construir confian&ccedil;a na pr&oacute;pria capacidade de interagir com executivos de alto n&iacute;vel ou perfis que s&atilde;o incomuns para si mesmo.<\/li>\n<li>Saber como criar a rela&ccedil;&atilde;o e o interesse para abrir uma discuss&atilde;o comercial<\/li>\n<li>Identificar as quest&otilde;es certas para qualifica&ccedil;&atilde;o e gera&ccedil;&atilde;o de ideias<\/li>\n<li>Conhecer a linguagem e postura de diferentes tipos de gerentes (CEO, CFO, Diretor de Marketing, Diretor de RH, etc.)<\/li>\n<li>Adotando a postura correta de &#8220;consultor de neg&oacute;cios&rdquo;<\/li>\n<\/ul>\t\t\t\t\t\t\t\t\n\t\t\t\t\t\t\t\t\t<h3>AS VANTAGENS DO TREINAMENTO<\/h3>\n\t\t\t\t\t<ul>\n<li>Um equil&iacute;brio entre tempo individual e em grupo, aplica&ccedil;&atilde;o pr&aacute;tica (coaching, treinamento, simula&ccedil;&atilde;o) em per&iacute;odos curtos e eficazes.<\/li>\n<li>Este curso combina o conhecimento das predisposi&ccedil;&otilde;es e talentos individuais do aprendiz, uma sess&atilde;o em grupo para adquirir as ferramentas e m&eacute;todos necess&aacute;rios e uma situa&ccedil;&atilde;o da vida real.<\/li>\n<li>Coaching individual sobre os pr&oacute;prios talentos e as melhores combina&ccedil;&otilde;es com o perfil t&iacute;pico de uma Administra&ccedil;&atilde;o Geral por categoria (CEO, CFO, HRD, etc.) gra&ccedil;as &agrave; solu&ccedil;&atilde;o avan&ccedil;ada de nosso parceiro AtmanCo (1 hora), seguido de um curso de treinamento em subgrupos (3 horas) pontuado por uma situa&ccedil;&atilde;o de um caso real (2 horas).<\/li>\n<\/ul>\t\t\t\t\t\t\t\t\n\t\t\t\t\t\t\t\t\t<h3>PARA QUEM \u00c9 ESTE TREINAMENTO?<\/h3>\n\t\t\t\t\t<p>Principais gerentes de contas, gerentes de pr&aacute;tica, consultores s&ecirc;niores, gerentes de desenvolvimento, gerentes de vendas; e qualquer pessoa que tenha que se encontrar e iniciar um relacionamento com um perfil de gest&atilde;o geral (RP, RH, parcerias estrat&eacute;gicas etc.)<\/p>\n<p>Pr&eacute;-requisitos: dom&iacute;nio das t&eacute;cnicas de vendas e experi&ecirc;ncia comercial de alto n&iacute;vel.<\/p>\t\t\t\t\t\t\t<\/div>\n\t\t\t\n\t\t\t<div class=\"col-lg-1 col-md-1 col-sm-12\">\t\t\t\n\t\t\t<\/div>\n\t\t\t\n\t\t\t<div class=\"col-lg-4 col-md-4 col-sm-12\">\n\t\t\t\n\t\t\t\t<!-- Notation CPF -->\n\t\t\t\t\t\t\t\t\n\t\t\t\t<div class=\"card\">\n\t\t\t\t\t\n\t\t\t\t\t<div class=\"card-header\">\n\t\t\t\t\t\n\t\t\t\t\t\t\u00cdndice de satisfa\u00e7\u00e3o\t\t\t\t\t\t\n\t\t\t\t\t<\/div>\n\t\t\t\t\t\n\t\t\t\t\t\t\t\t\t\t\n\t\t\t\t\t<div class=\"satisfaction\">\n\t\t\t\t\t\t<label class=\"rating-label\">\n\t\t\t\t\t\t\t<input\n\t\t\t\t\t\t    class=\"rating\"\n\t\t\t\t\t\t    max=\"5\"\n\t\t\t\t\t\t    step=\"0.5\"\n\t\t\t\t\t\t    style=\"--value:3.5\"\n\t\t\t\t\t\t    type=\"range\"\n\t\t\t\t\t\t    value=\"3.5\">\n\t\t\t\t\t\t<\/label>\n\t\t\t\t\t\n\t\t\t\t\t\t\t\t\t\t\t\n\t\t\t\t\t\t<small class=\"text-left\"><em>De 4 coment\u00e1rios<\/em><\/small>\n\t\t\t\t\t\n\t\t\t\t\t\t\t\t\t\t\n\t\t\t\t\t<\/div>\n\t\t\t\t\t\n\t\t\t\t<\/div>\n\t\t\t\t\n\t\t\t\t\n\t\t\t\t<!-- Bouton VOIR LE PROGRAMME -->\n\t\t\t\t\n\t\t\t\t<p class=\"mt-4\">\n\t\t\t\t\t\n\t\t\t\t\t\t\t\t\t\t<!-- true = ouverture lien externe -->\n\t\t\t\t\t<a class=\"btn btn-hx btn-hx-orange d-block\" href=\"https:\/\/forms.zohopublic.com\/andernagroup\/form\/brcontact\/formperma\/QK_89tERotb7PZjGA1CFwHbWouQcjlMbOMwGBh_VvlU\" title=\"Contato\" target=\"_blank\">Contato<\/a>\n\t\t\t\t\t\n\t\t\t\t\t\t\t\t\t\t\n\t\t\t\t<\/p>\n\t\t\t<\/div>\n\t\t<\/div>\n\t<\/div>\n<\/section>\n\n<!-- MODALE -->\n\n\n\n<section class=\"block_texte_cta\">\n\t<div class=\"container\">\n\t\t<div class=\"row\">\n\t\t\n\t\t\t<div class=\"col-lg-6 col-md-6 col-sm-12 block_texte_cta--contenu\">\n\t\t\t\t\n\t\t\t\tA Halifax Consulting tamb\u00e9m oferece outros cursos de treinamento empresarial adaptados \u00e0s suas necessidades espec\u00edficas.\t\t\t\t\n\t\t\t<\/div>\n\t\t\t<div class=\"col-lg-6 col-md-6 col-sm-12 block_texte_cta--bouton\">\n\t\t\t\t\n\t\t\t\t<a class=\"btn\" href=\"https:\/\/www.halifax-consulting.com\/br\/treinamento\/\" title=\"Descubra nossos outros cursos de treinamento\">Descubra nossos outros cursos de treinamento<\/a>\n\t\t\t\t\n\t\t\t<\/div>\n\t\t\n\t\t<\/div>\n\t<\/div>\n\t\n<\/section>\n\n<section class=\"success-single grey\">\n\t<div class=\"container-fluid\">\n\t\t<div class=\"row\">\n\t\t\t\t\t\t\t \n\t\t\t\t\t\t\t\t\t\t\n\t\t\t\t\t\t\t\t\t\t<div class=\"col-lg-7 col-md-6 col-sm-12 p-6\">\n\t\t\t\t\t\t<div>\n\t\t\t\t\t\t\t<h3>Casos de sucesso: Empresa global de tecnologia<\/h3>\n\t\t\t\t\t\t\t<p>Como parte de um programa de transforma\u00e7\u00e3o em vendas voltado para acelerar o crescimento, a empresa optou por introduzir um curso de treinamento para novos vendedores, incluindo jovens rec\u00e9m-formados e novos contratados.<\/p>\n\t\t\t\t\t\t\t<p>\n\t\t\t\t\t\t\t\t<a href=\"https:\/\/www.halifax-consulting.com\/br\/casos-de-sucesso\/empresa-global-de-tecnologia\/\" class=\"btn btn-hx btn-hx-ducky\">Leia mais<\/a>\n\t\t\t\t\t\t\t<\/p>\n\t\t\t\t\t\t<\/div>\n\t\t\t\t\t<\/div>\n\t\t\t\t\t<div class=\"col-lg-5 col-md-6 col-sm-12 p-0\">\n\t\t\t\t\t\t\t<figure class=\"\">\n<!-- \t\t\t\t\t\t\t\t<img decoding=\"async\" src=\"https:\/\/www.halifax-consulting.com\/br\/wp-content\/uploads\/sites\/4\/2019\/12\/halifax-consulting-success-story-thales.jpg\" alt=\"image success-story\" \/> -->\n\t\t\t\t\t\t\t\t<img decoding=\"async\" loading=\"lazy\" src=\"https:\/\/www.halifax-consulting.com\/br\/wp-content\/uploads\/sites\/4\/2019\/12\/halifax-consulting-success-story-thales.jpg\" alt=\"\" width=\"100%\" height=\"\" >\t\t\t\t\t\t\t<\/figure>\n\t\t\t\t\t<\/div>\n\t\t\t\t\t\t\t\t\t<\/div>\n\t<\/div>\n<\/section>\n","protected":false},"excerpt":{"rendered":"","protected":false},"author":17,"featured_media":2959,"parent":2990,"menu_order":0,"comment_status":"closed","ping_status":"closed","template":"","meta":[],"categories":[],"acf":[],"yoast_head":"<!-- This site is optimized with the Yoast SEO plugin v19.9 - https:\/\/yoast.com\/wordpress\/plugins\/seo\/ -->\n<title>Treinamento para vender a C-Level - Halifax Consulting \u2013 BR<\/title>\n<meta name=\"description\" content=\"Os desenvolvedores de neg\u00f3cios est\u00e3o focados em encontrar oportunidades de crescimento e diferencia\u00e7\u00e3o comercial para seus clientes.\" \/>\n<link rel=\"canonical\" href=\"https:\/\/www.halifax-consulting.com\/br\/treinamento\/nossos-outros-cursos-de-treinamento-comercial\/treinamento-de-vendas-para-nivel-c\/\" \/>\n<meta property=\"og:locale\" content=\"pt_BR\" \/>\n<meta property=\"og:type\" content=\"article\" \/>\n<meta property=\"og:title\" content=\"Treinamento para vender a C-Level - Halifax Consulting \u2013 BR\" \/>\n<meta property=\"og:description\" content=\"Os desenvolvedores de neg\u00f3cios est\u00e3o focados em encontrar oportunidades de crescimento e diferencia\u00e7\u00e3o comercial para seus clientes.\" \/>\n<meta property=\"og:url\" content=\"https:\/\/www.halifax-consulting.com\/br\/treinamento\/nossos-outros-cursos-de-treinamento-comercial\/treinamento-de-vendas-para-nivel-c\/\" \/>\n<meta property=\"og:site_name\" content=\"Halifax Consulting \u2013 BR\" \/>\n<meta property=\"article:modified_time\" content=\"2025-07-10T15:01:43+00:00\" \/>\n<meta property=\"og:image\" content=\"https:\/\/www.halifax-consulting.com\/br\/wp-content\/uploads\/sites\/4\/2023\/06\/Clevel.png\" \/>\n\t<meta property=\"og:image:width\" content=\"1920\" \/>\n\t<meta property=\"og:image:height\" content=\"545\" \/>\n\t<meta property=\"og:image:type\" content=\"image\/png\" \/>\n<meta name=\"twitter:card\" content=\"summary_large_image\" \/>\n<script type=\"application\/ld+json\" class=\"yoast-schema-graph\">{\"@context\":\"https:\/\/schema.org\",\"@graph\":[{\"@type\":\"WebPage\",\"@id\":\"https:\/\/www.halifax-consulting.com\/br\/treinamento\/nossos-outros-cursos-de-treinamento-comercial\/treinamento-de-vendas-para-nivel-c\/\",\"url\":\"https:\/\/www.halifax-consulting.com\/br\/treinamento\/nossos-outros-cursos-de-treinamento-comercial\/treinamento-de-vendas-para-nivel-c\/\",\"name\":\"Treinamento para vender a C-Level - Halifax Consulting \u2013 BR\",\"isPartOf\":{\"@id\":\"https:\/\/www.halifax-consulting.com\/br\/#website\"},\"datePublished\":\"2023-06-06T13:26:39+00:00\",\"dateModified\":\"2025-07-10T15:01:43+00:00\",\"description\":\"Os desenvolvedores de neg\u00f3cios est\u00e3o focados em encontrar oportunidades de crescimento e diferencia\u00e7\u00e3o comercial para seus clientes.\",\"breadcrumb\":{\"@id\":\"https:\/\/www.halifax-consulting.com\/br\/treinamento\/nossos-outros-cursos-de-treinamento-comercial\/treinamento-de-vendas-para-nivel-c\/#breadcrumb\"},\"inLanguage\":\"pt-BR\",\"potentialAction\":[{\"@type\":\"ReadAction\",\"target\":[\"https:\/\/www.halifax-consulting.com\/br\/treinamento\/nossos-outros-cursos-de-treinamento-comercial\/treinamento-de-vendas-para-nivel-c\/\"]}]},{\"@type\":\"BreadcrumbList\",\"@id\":\"https:\/\/www.halifax-consulting.com\/br\/treinamento\/nossos-outros-cursos-de-treinamento-comercial\/treinamento-de-vendas-para-nivel-c\/#breadcrumb\",\"itemListElement\":[{\"@type\":\"ListItem\",\"position\":1,\"name\":\"Accueil\",\"item\":\"https:\/\/www.halifax-consulting.com\/br\/\"},{\"@type\":\"ListItem\",\"position\":2,\"name\":\"Treinamento\",\"item\":\"https:\/\/www.halifax-consulting.com\/br\/treinamento\/\"},{\"@type\":\"ListItem\",\"position\":3,\"name\":\"Nossos outros cursos de treinamento comercial\",\"item\":\"https:\/\/www.halifax-consulting.com\/br\/treinamento\/nossos-outros-cursos-de-treinamento-comercial\/\"},{\"@type\":\"ListItem\",\"position\":4,\"name\":\"Treinamento para vender a C-Level\"}]},{\"@type\":\"WebSite\",\"@id\":\"https:\/\/www.halifax-consulting.com\/br\/#website\",\"url\":\"https:\/\/www.halifax-consulting.com\/br\/\",\"name\":\"Halifax Consulting \u2013 BR\",\"description\":\"Halifax Consulting est un cabinet de conseil en performance commerciale sp\u00e9cialis\u00e9 dans la formation des \u00e9quipes et managers\",\"potentialAction\":[{\"@type\":\"SearchAction\",\"target\":{\"@type\":\"EntryPoint\",\"urlTemplate\":\"https:\/\/www.halifax-consulting.com\/br\/?s={search_term_string}\"},\"query-input\":\"required name=search_term_string\"}],\"inLanguage\":\"pt-BR\"}]}<\/script>\n<!-- \/ Yoast SEO plugin. -->","yoast_head_json":{"title":"Treinamento para vender a C-Level - Halifax Consulting \u2013 BR","description":"Os desenvolvedores de neg\u00f3cios est\u00e3o focados em encontrar oportunidades de crescimento e diferencia\u00e7\u00e3o comercial para seus clientes.","canonical":"https:\/\/www.halifax-consulting.com\/br\/treinamento\/nossos-outros-cursos-de-treinamento-comercial\/treinamento-de-vendas-para-nivel-c\/","og_locale":"pt_BR","og_type":"article","og_title":"Treinamento para vender a C-Level - Halifax Consulting \u2013 BR","og_description":"Os desenvolvedores de neg\u00f3cios est\u00e3o focados em encontrar oportunidades de crescimento e diferencia\u00e7\u00e3o comercial para seus clientes.","og_url":"https:\/\/www.halifax-consulting.com\/br\/treinamento\/nossos-outros-cursos-de-treinamento-comercial\/treinamento-de-vendas-para-nivel-c\/","og_site_name":"Halifax Consulting \u2013 BR","article_modified_time":"2025-07-10T15:01:43+00:00","og_image":[{"width":1920,"height":545,"url":"https:\/\/www.halifax-consulting.com\/br\/wp-content\/uploads\/sites\/4\/2023\/06\/Clevel.png","type":"image\/png"}],"twitter_card":"summary_large_image","schema":{"@context":"https:\/\/schema.org","@graph":[{"@type":"WebPage","@id":"https:\/\/www.halifax-consulting.com\/br\/treinamento\/nossos-outros-cursos-de-treinamento-comercial\/treinamento-de-vendas-para-nivel-c\/","url":"https:\/\/www.halifax-consulting.com\/br\/treinamento\/nossos-outros-cursos-de-treinamento-comercial\/treinamento-de-vendas-para-nivel-c\/","name":"Treinamento para vender a C-Level - Halifax Consulting \u2013 BR","isPartOf":{"@id":"https:\/\/www.halifax-consulting.com\/br\/#website"},"datePublished":"2023-06-06T13:26:39+00:00","dateModified":"2025-07-10T15:01:43+00:00","description":"Os desenvolvedores de neg\u00f3cios est\u00e3o focados em encontrar oportunidades de crescimento e diferencia\u00e7\u00e3o comercial para seus clientes.","breadcrumb":{"@id":"https:\/\/www.halifax-consulting.com\/br\/treinamento\/nossos-outros-cursos-de-treinamento-comercial\/treinamento-de-vendas-para-nivel-c\/#breadcrumb"},"inLanguage":"pt-BR","potentialAction":[{"@type":"ReadAction","target":["https:\/\/www.halifax-consulting.com\/br\/treinamento\/nossos-outros-cursos-de-treinamento-comercial\/treinamento-de-vendas-para-nivel-c\/"]}]},{"@type":"BreadcrumbList","@id":"https:\/\/www.halifax-consulting.com\/br\/treinamento\/nossos-outros-cursos-de-treinamento-comercial\/treinamento-de-vendas-para-nivel-c\/#breadcrumb","itemListElement":[{"@type":"ListItem","position":1,"name":"Accueil","item":"https:\/\/www.halifax-consulting.com\/br\/"},{"@type":"ListItem","position":2,"name":"Treinamento","item":"https:\/\/www.halifax-consulting.com\/br\/treinamento\/"},{"@type":"ListItem","position":3,"name":"Nossos outros cursos de treinamento comercial","item":"https:\/\/www.halifax-consulting.com\/br\/treinamento\/nossos-outros-cursos-de-treinamento-comercial\/"},{"@type":"ListItem","position":4,"name":"Treinamento para vender a C-Level"}]},{"@type":"WebSite","@id":"https:\/\/www.halifax-consulting.com\/br\/#website","url":"https:\/\/www.halifax-consulting.com\/br\/","name":"Halifax Consulting \u2013 BR","description":"Halifax Consulting est un cabinet de conseil en performance commerciale sp\u00e9cialis\u00e9 dans la formation des \u00e9quipes et managers","potentialAction":[{"@type":"SearchAction","target":{"@type":"EntryPoint","urlTemplate":"https:\/\/www.halifax-consulting.com\/br\/?s={search_term_string}"},"query-input":"required name=search_term_string"}],"inLanguage":"pt-BR"}]}},"_links":{"self":[{"href":"https:\/\/www.halifax-consulting.com\/br\/wp-json\/wp\/v2\/pages\/2993"}],"collection":[{"href":"https:\/\/www.halifax-consulting.com\/br\/wp-json\/wp\/v2\/pages"}],"about":[{"href":"https:\/\/www.halifax-consulting.com\/br\/wp-json\/wp\/v2\/types\/page"}],"author":[{"embeddable":true,"href":"https:\/\/www.halifax-consulting.com\/br\/wp-json\/wp\/v2\/users\/17"}],"replies":[{"embeddable":true,"href":"https:\/\/www.halifax-consulting.com\/br\/wp-json\/wp\/v2\/comments?post=2993"}],"version-history":[{"count":7,"href":"https:\/\/www.halifax-consulting.com\/br\/wp-json\/wp\/v2\/pages\/2993\/revisions"}],"predecessor-version":[{"id":3707,"href":"https:\/\/www.halifax-consulting.com\/br\/wp-json\/wp\/v2\/pages\/2993\/revisions\/3707"}],"up":[{"embeddable":true,"href":"https:\/\/www.halifax-consulting.com\/br\/wp-json\/wp\/v2\/pages\/2990"}],"wp:featuredmedia":[{"embeddable":true,"href":"https:\/\/www.halifax-consulting.com\/br\/wp-json\/wp\/v2\/media\/2959"}],"wp:attachment":[{"href":"https:\/\/www.halifax-consulting.com\/br\/wp-json\/wp\/v2\/media?parent=2993"}],"wp:term":[{"taxonomy":"category","embeddable":true,"href":"https:\/\/www.halifax-consulting.com\/br\/wp-json\/wp\/v2\/categories?post=2993"}],"curies":[{"name":"wp","href":"https:\/\/api.w.org\/{rel}","templated":true}]}}