{"id":2999,"date":"2023-06-07T11:29:06","date_gmt":"2023-06-07T09:29:06","guid":{"rendered":"https:\/\/www.halifax-consulting.com\/br\/?page_id=2999"},"modified":"2025-05-19T10:19:53","modified_gmt":"2025-05-19T08:19:53","slug":"treinamento-em-vendas-de-luxo","status":"publish","type":"page","link":"https:\/\/www.halifax-consulting.com\/br\/treinamento\/nossos-outros-cursos-de-treinamento-comercial\/treinamento-em-vendas-de-luxo\/","title":{"rendered":"Treinamento em vendas de luxo"},"content":{"rendered":"<div class=\"container\">\n\t<div class=\"row\">\n\t\t<div class=\"col-lg-12 col-md-12 col-sm-12\">\n\t\t\t<h2 class=\"intro\">\n\t\t\t\t<strong class=\"intro-h2 d-block\">Treinamento &#8221; Vender com os c\u00f3digos do luxo \u201c: A eleg\u00e2ncia relacional n\u00e3o \u00e9 uma op\u00e7\u00e3o, mas uma condi\u00e7\u00e3o para o sucesso<\/strong>\n\t\t\t\t<p>O luxo &eacute; um mundo &agrave; parte, com seus pr&oacute;prios c&oacute;digos. Um dos pontos essenciais das pr&aacute;ticas das principais marcas de luxo &eacute; garantir que os valores da marca sejam sempre postos em pr&aacute;tica pelos funcion&aacute;rios. Isto n&atilde;o &eacute; opcional, &eacute; a prioridade. O n&iacute;vel de exig&ecirc;ncia &eacute; enorme neste ponto e todos os meios necess&aacute;rios s&atilde;o implementados para garantir uma boa transmiss&atilde;o dos comportamentos esperados, das emo&ccedil;&otilde;es a serem transmitidas e da aten&ccedil;&atilde;o aos detalhes. Al&eacute;m destes poucos pontos, estas marcas tamb&eacute;m est&atilde;o atentas ao respeito dos novos c&oacute;digos de luxo em todos os n&iacute;veis da cadeia comercial.<\/p>\t\t\t<\/h2>\n\t\t<\/div>\n\t<\/div>\n<\/div>\n\n\n<section class=\"grey p-6 essentiels\">\t\n\t\n\t<div class=\"container\">\n\t\t\n\t\t<div class=\"row\">\n\t\t\t\n\t\t\t<div class=\"col-lg-7 col-md-7 col-sm-12\">\n\t\t\t\t\n\t\t\t\t\t\t\t\t\t<h3>OS OBJETIVOS<\/h3>\n\t\t\t\t\t<ul>\n<li>Entenda melhor os c&oacute;digos de vendas no setor de luxo e as exig&ecirc;ncias de uma clientela premium.<\/li>\n<li>Seja capaz de se sincronizar com seus clientes em um n&iacute;vel cultural.<\/li>\n<li>Compreender os mecanismos emocionais na venda de luxo.<\/li>\n<\/ul>\t\t\t\t\t\t\t\t\n\t\t\t\t\t\t\t\t\t<h3>AS VANTAGENS DO TREINAMENTO<\/h3>\n\t\t\t\t\t<ul>\n<li>Um curso de &#8220;aprendizagem combinada&#8221;, com uma parte anal&iacute;tica de boas pr&aacute;ticas em formato de e-learning, din&acirc;mico e r&iacute;tmico.<\/li>\n<li>Uma parte em uma oficina de grupo para co-construir, implementar e praticar os n&iacute;veis de fala com uma clientela exigente.<\/li>\n<li>A abordagem combina bom comportamento e habilidades suaves inspiradas pelas melhores pr&aacute;ticas em vendas de luxo.<\/li>\n<li>Simula&ccedil;&atilde;o final com interrogat&oacute;rio individual.<\/li>\n<\/ul>\t\t\t\t\t\t\t\t\n\t\t\t\t\t\t\t\t\t<h3>PARA QUEM \u00c9 ESTE TREINAMENTO?<\/h3>\n\t\t\t\t\t<p>Todos os tipos de vendedores que trabalham em ambientes premium ou com clientes premium.<\/p>\t\t\t\t\t\t\t<\/div>\n\t\t\t\n\t\t\t<div class=\"col-lg-1 col-md-1 col-sm-12\">\t\t\t\n\t\t\t<\/div>\n\t\t\t\n\t\t\t<div class=\"col-lg-4 col-md-4 col-sm-12\">\n\t\t\t\n\t\t\t\t<!-- Notation CPF -->\n\t\t\t\t\n\t\t\t\t\n\t\t\t\t<!-- Bouton VOIR LE PROGRAMME -->\n\t\t\t\t\n\t\t\t\t<p class=\"mt-4\">\n\t\t\t\t\t\n\t\t\t\t\t\t\t\t\t\t<!-- true = ouverture lien externe -->\n\t\t\t\t\t<a class=\"btn btn-hx btn-hx-orange d-block\" href=\"https:\/\/forms.zohopublic.com\/andernagroup\/form\/brcontact\/formperma\/QK_89tERotb7PZjGA1CFwHbWouQcjlMbOMwGBh_VvlU\" title=\"Entre em contato conosco em\" target=\"_blank\">Entre em contato conosco em<\/a>\n\t\t\t\t\t\n\t\t\t\t\t\t\t\t\t\t\n\t\t\t\t<\/p>\n\t\t\t<\/div>\n\t\t<\/div>\n\t<\/div>\n<\/section>\n\n<!-- MODALE -->\n\n\n\n<section class=\"block_texte_cta\">\n\t<div class=\"container\">\n\t\t<div class=\"row\">\n\t\t\n\t\t\t<div class=\"col-lg-6 col-md-6 col-sm-12 block_texte_cta--contenu\">\n\t\t\t\t\n\t\t\t\tA Halifax Consulting tamb\u00e9m oferece outros cursos de treinamento empresarial adaptados \u00e0s suas necessidades espec\u00edficas.\t\t\t\t\n\t\t\t<\/div>\n\t\t\t<div class=\"col-lg-6 col-md-6 col-sm-12 block_texte_cta--bouton\">\n\t\t\t\t\n\t\t\t\t<a class=\"btn\" href=\"https:\/\/www.halifax-consulting.com\/br\/treinamento\/\" title=\"Descubra nossos outros cursos de treinamento\">Descubra nossos outros cursos de treinamento<\/a>\n\t\t\t\t\n\t\t\t<\/div>\n\t\t\n\t\t<\/div>\n\t<\/div>\n\t\n<\/section>\n\n<section class=\"success-single grey\">\n\t<div class=\"container-fluid\">\n\t\t<div class=\"row\">\n\t\t\t\t\t\t\t \n\t\t\t\t\t\t\t\t\t\t\n\t\t\t\t\t\t\t\t\t\t<div class=\"col-lg-7 col-md-6 col-sm-12 p-6\">\n\t\t\t\t\t\t<div>\n\t\t\t\t\t\t\t<h3>Casos de sucesso: Dassault Systems<\/h3>\n\t\t\t\t\t\t\t<p>Para acelerar o crescimento, a Dassault Syst\u00e8mes tamb\u00e9m conta com o apoio de uma equipe interna de vendas altamente qualificada.<\/p>\n\t\t\t\t\t\t\t<p>\n\t\t\t\t\t\t\t\t<a href=\"https:\/\/www.halifax-consulting.com\/br\/casos-de-sucesso\/dassault-systemes\/\" class=\"btn btn-hx btn-hx-ducky\">Leia mais<\/a>\n\t\t\t\t\t\t\t<\/p>\n\t\t\t\t\t\t<\/div>\n\t\t\t\t\t<\/div>\n\t\t\t\t\t<div class=\"col-lg-5 col-md-6 col-sm-12 p-0\">\n\t\t\t\t\t\t\t<figure class=\"\">\n<!-- \t\t\t\t\t\t\t\t<img decoding=\"async\" src=\"https:\/\/www.halifax-consulting.com\/br\/wp-content\/uploads\/sites\/4\/2019\/12\/halifax-consulting-success-story-3DS.jpg\" alt=\"image success-story\" \/> -->\n\t\t\t\t\t\t\t\t<img decoding=\"async\" loading=\"lazy\" src=\"https:\/\/www.halifax-consulting.com\/br\/wp-content\/uploads\/sites\/4\/2019\/12\/halifax-consulting-success-story-3DS.jpg\" alt=\"\" width=\"100%\" height=\"\" >\t\t\t\t\t\t\t<\/figure>\n\t\t\t\t\t<\/div>\n\t\t\t\t\t\t\t\t\t<\/div>\n\t<\/div>\n<\/section>\n","protected":false},"excerpt":{"rendered":"","protected":false},"author":17,"featured_media":1309,"parent":2990,"menu_order":10,"comment_status":"closed","ping_status":"closed","template":"","meta":[],"categories":[],"acf":[],"yoast_head":"<!-- This site is optimized with the Yoast SEO plugin v19.9 - https:\/\/yoast.com\/wordpress\/plugins\/seo\/ -->\n<title>Treinamento em vendas de luxo - Halifax Consulting \u2013 BR<\/title>\n<meta name=\"description\" content=\"O luxo \u00e9 um mundo \u00e0 parte, com seus pr\u00f3prios c\u00f3digos. Um dos pontos essenciais das pr\u00e1ticas das principais marcas de luxo...\" \/>\n<link rel=\"canonical\" href=\"https:\/\/www.halifax-consulting.com\/br\/treinamento\/nossos-outros-cursos-de-treinamento-comercial\/treinamento-em-vendas-de-luxo\/\" \/>\n<meta property=\"og:locale\" content=\"pt_BR\" \/>\n<meta property=\"og:type\" content=\"article\" \/>\n<meta property=\"og:title\" content=\"Treinamento em vendas de luxo - Halifax Consulting \u2013 BR\" \/>\n<meta property=\"og:description\" content=\"O luxo \u00e9 um mundo \u00e0 parte, com seus pr\u00f3prios c\u00f3digos. Um dos pontos essenciais das pr\u00e1ticas das principais marcas de luxo...\" \/>\n<meta property=\"og:url\" content=\"https:\/\/www.halifax-consulting.com\/br\/treinamento\/nossos-outros-cursos-de-treinamento-comercial\/treinamento-em-vendas-de-luxo\/\" \/>\n<meta property=\"og:site_name\" content=\"Halifax Consulting \u2013 BR\" \/>\n<meta property=\"article:modified_time\" content=\"2025-05-19T08:19:53+00:00\" \/>\n<meta property=\"og:image\" content=\"https:\/\/www.halifax-consulting.com\/br\/wp-content\/uploads\/sites\/4\/2020\/03\/halifax-consulting-formation-luxe.jpg\" \/>\n\t<meta property=\"og:image:width\" content=\"1000\" \/>\n\t<meta property=\"og:image:height\" content=\"360\" \/>\n\t<meta property=\"og:image:type\" content=\"image\/jpeg\" \/>\n<meta name=\"twitter:card\" content=\"summary_large_image\" \/>\n<script type=\"application\/ld+json\" class=\"yoast-schema-graph\">{\"@context\":\"https:\/\/schema.org\",\"@graph\":[{\"@type\":\"WebPage\",\"@id\":\"https:\/\/www.halifax-consulting.com\/br\/treinamento\/nossos-outros-cursos-de-treinamento-comercial\/treinamento-em-vendas-de-luxo\/\",\"url\":\"https:\/\/www.halifax-consulting.com\/br\/treinamento\/nossos-outros-cursos-de-treinamento-comercial\/treinamento-em-vendas-de-luxo\/\",\"name\":\"Treinamento em vendas de luxo - Halifax Consulting \u2013 BR\",\"isPartOf\":{\"@id\":\"https:\/\/www.halifax-consulting.com\/br\/#website\"},\"datePublished\":\"2023-06-07T09:29:06+00:00\",\"dateModified\":\"2025-05-19T08:19:53+00:00\",\"description\":\"O luxo \u00e9 um mundo \u00e0 parte, com seus pr\u00f3prios c\u00f3digos. Um dos pontos essenciais das pr\u00e1ticas das principais marcas de luxo...\",\"breadcrumb\":{\"@id\":\"https:\/\/www.halifax-consulting.com\/br\/treinamento\/nossos-outros-cursos-de-treinamento-comercial\/treinamento-em-vendas-de-luxo\/#breadcrumb\"},\"inLanguage\":\"pt-BR\",\"potentialAction\":[{\"@type\":\"ReadAction\",\"target\":[\"https:\/\/www.halifax-consulting.com\/br\/treinamento\/nossos-outros-cursos-de-treinamento-comercial\/treinamento-em-vendas-de-luxo\/\"]}]},{\"@type\":\"BreadcrumbList\",\"@id\":\"https:\/\/www.halifax-consulting.com\/br\/treinamento\/nossos-outros-cursos-de-treinamento-comercial\/treinamento-em-vendas-de-luxo\/#breadcrumb\",\"itemListElement\":[{\"@type\":\"ListItem\",\"position\":1,\"name\":\"Accueil\",\"item\":\"https:\/\/www.halifax-consulting.com\/br\/\"},{\"@type\":\"ListItem\",\"position\":2,\"name\":\"Treinamento\",\"item\":\"https:\/\/www.halifax-consulting.com\/br\/treinamento\/\"},{\"@type\":\"ListItem\",\"position\":3,\"name\":\"Nossos outros cursos de treinamento comercial\",\"item\":\"https:\/\/www.halifax-consulting.com\/br\/treinamento\/nossos-outros-cursos-de-treinamento-comercial\/\"},{\"@type\":\"ListItem\",\"position\":4,\"name\":\"Treinamento em vendas de luxo\"}]},{\"@type\":\"WebSite\",\"@id\":\"https:\/\/www.halifax-consulting.com\/br\/#website\",\"url\":\"https:\/\/www.halifax-consulting.com\/br\/\",\"name\":\"Halifax Consulting \u2013 BR\",\"description\":\"Halifax Consulting est un cabinet de conseil en performance commerciale sp\u00e9cialis\u00e9 dans la formation des \u00e9quipes et managers\",\"potentialAction\":[{\"@type\":\"SearchAction\",\"target\":{\"@type\":\"EntryPoint\",\"urlTemplate\":\"https:\/\/www.halifax-consulting.com\/br\/?s={search_term_string}\"},\"query-input\":\"required name=search_term_string\"}],\"inLanguage\":\"pt-BR\"}]}<\/script>\n<!-- \/ Yoast SEO plugin. -->","yoast_head_json":{"title":"Treinamento em vendas de luxo - Halifax Consulting \u2013 BR","description":"O luxo \u00e9 um mundo \u00e0 parte, com seus pr\u00f3prios c\u00f3digos. Um dos pontos essenciais das pr\u00e1ticas das principais marcas de luxo...","canonical":"https:\/\/www.halifax-consulting.com\/br\/treinamento\/nossos-outros-cursos-de-treinamento-comercial\/treinamento-em-vendas-de-luxo\/","og_locale":"pt_BR","og_type":"article","og_title":"Treinamento em vendas de luxo - Halifax Consulting \u2013 BR","og_description":"O luxo \u00e9 um mundo \u00e0 parte, com seus pr\u00f3prios c\u00f3digos. Um dos pontos essenciais das pr\u00e1ticas das principais marcas de luxo...","og_url":"https:\/\/www.halifax-consulting.com\/br\/treinamento\/nossos-outros-cursos-de-treinamento-comercial\/treinamento-em-vendas-de-luxo\/","og_site_name":"Halifax Consulting \u2013 BR","article_modified_time":"2025-05-19T08:19:53+00:00","og_image":[{"width":1000,"height":360,"url":"https:\/\/www.halifax-consulting.com\/br\/wp-content\/uploads\/sites\/4\/2020\/03\/halifax-consulting-formation-luxe.jpg","type":"image\/jpeg"}],"twitter_card":"summary_large_image","schema":{"@context":"https:\/\/schema.org","@graph":[{"@type":"WebPage","@id":"https:\/\/www.halifax-consulting.com\/br\/treinamento\/nossos-outros-cursos-de-treinamento-comercial\/treinamento-em-vendas-de-luxo\/","url":"https:\/\/www.halifax-consulting.com\/br\/treinamento\/nossos-outros-cursos-de-treinamento-comercial\/treinamento-em-vendas-de-luxo\/","name":"Treinamento em vendas de luxo - Halifax Consulting \u2013 BR","isPartOf":{"@id":"https:\/\/www.halifax-consulting.com\/br\/#website"},"datePublished":"2023-06-07T09:29:06+00:00","dateModified":"2025-05-19T08:19:53+00:00","description":"O luxo \u00e9 um mundo \u00e0 parte, com seus pr\u00f3prios c\u00f3digos. Um dos pontos essenciais das pr\u00e1ticas das principais marcas de luxo...","breadcrumb":{"@id":"https:\/\/www.halifax-consulting.com\/br\/treinamento\/nossos-outros-cursos-de-treinamento-comercial\/treinamento-em-vendas-de-luxo\/#breadcrumb"},"inLanguage":"pt-BR","potentialAction":[{"@type":"ReadAction","target":["https:\/\/www.halifax-consulting.com\/br\/treinamento\/nossos-outros-cursos-de-treinamento-comercial\/treinamento-em-vendas-de-luxo\/"]}]},{"@type":"BreadcrumbList","@id":"https:\/\/www.halifax-consulting.com\/br\/treinamento\/nossos-outros-cursos-de-treinamento-comercial\/treinamento-em-vendas-de-luxo\/#breadcrumb","itemListElement":[{"@type":"ListItem","position":1,"name":"Accueil","item":"https:\/\/www.halifax-consulting.com\/br\/"},{"@type":"ListItem","position":2,"name":"Treinamento","item":"https:\/\/www.halifax-consulting.com\/br\/treinamento\/"},{"@type":"ListItem","position":3,"name":"Nossos outros cursos de treinamento comercial","item":"https:\/\/www.halifax-consulting.com\/br\/treinamento\/nossos-outros-cursos-de-treinamento-comercial\/"},{"@type":"ListItem","position":4,"name":"Treinamento em vendas de luxo"}]},{"@type":"WebSite","@id":"https:\/\/www.halifax-consulting.com\/br\/#website","url":"https:\/\/www.halifax-consulting.com\/br\/","name":"Halifax Consulting \u2013 BR","description":"Halifax Consulting est un cabinet de conseil en performance commerciale sp\u00e9cialis\u00e9 dans la formation des \u00e9quipes et managers","potentialAction":[{"@type":"SearchAction","target":{"@type":"EntryPoint","urlTemplate":"https:\/\/www.halifax-consulting.com\/br\/?s={search_term_string}"},"query-input":"required name=search_term_string"}],"inLanguage":"pt-BR"}]}},"_links":{"self":[{"href":"https:\/\/www.halifax-consulting.com\/br\/wp-json\/wp\/v2\/pages\/2999"}],"collection":[{"href":"https:\/\/www.halifax-consulting.com\/br\/wp-json\/wp\/v2\/pages"}],"about":[{"href":"https:\/\/www.halifax-consulting.com\/br\/wp-json\/wp\/v2\/types\/page"}],"author":[{"embeddable":true,"href":"https:\/\/www.halifax-consulting.com\/br\/wp-json\/wp\/v2\/users\/17"}],"replies":[{"embeddable":true,"href":"https:\/\/www.halifax-consulting.com\/br\/wp-json\/wp\/v2\/comments?post=2999"}],"version-history":[{"count":3,"href":"https:\/\/www.halifax-consulting.com\/br\/wp-json\/wp\/v2\/pages\/2999\/revisions"}],"predecessor-version":[{"id":3611,"href":"https:\/\/www.halifax-consulting.com\/br\/wp-json\/wp\/v2\/pages\/2999\/revisions\/3611"}],"up":[{"embeddable":true,"href":"https:\/\/www.halifax-consulting.com\/br\/wp-json\/wp\/v2\/pages\/2990"}],"wp:featuredmedia":[{"embeddable":true,"href":"https:\/\/www.halifax-consulting.com\/br\/wp-json\/wp\/v2\/media\/1309"}],"wp:attachment":[{"href":"https:\/\/www.halifax-consulting.com\/br\/wp-json\/wp\/v2\/media?parent=2999"}],"wp:term":[{"taxonomy":"category","embeddable":true,"href":"https:\/\/www.halifax-consulting.com\/br\/wp-json\/wp\/v2\/categories?post=2999"}],"curies":[{"name":"wp","href":"https:\/\/api.w.org\/{rel}","templated":true}]}}