{"id":3011,"date":"2023-06-07T11:29:07","date_gmt":"2023-06-07T09:29:07","guid":{"rendered":"https:\/\/www.halifax-consulting.com\/br\/?page_id=3011"},"modified":"2025-07-10T19:14:22","modified_gmt":"2025-07-10T17:14:22","slug":"treinamento-em-vendas-sociais","status":"publish","type":"page","link":"https:\/\/www.halifax-consulting.com\/br\/treinamento\/nossos-outros-cursos-de-treinamento-comercial\/treinamento-em-vendas-sociais\/","title":{"rendered":"Treinamento em Social Selling"},"content":{"rendered":"<div class=\"container\">\n\t<div class=\"row\">\n\t\t<div class=\"col-lg-12 col-md-12 col-sm-12\">\n\t\t\t<h2 class=\"intro\">\n\t\t\t\t<strong class=\"intro-h2 d-block\">Treinamento em Social Selling: Prospec\u00e7\u00e3o com redes sociais, constru\u00e7\u00e3o de um ecossistema de influ\u00eancia, gera\u00e7\u00e3o de compromissos atrav\u00e9s de vendas sociais&#8230;<\/strong>\n\t\t\t\t<p>O uso de redes sociais e da Internet tornou-se parte integrante de nossa vida profissional e pessoal. O n&uacute;mero de pessoas conectadas representa 60% da popula&ccedil;&atilde;o mundial, com 5,7 bilh&otilde;es de pessoas. A cada minuto, a cada dia, milh&otilde;es de mensagens, v&iacute;deos e posts s&atilde;o trocados nas principais redes sociais como LinkedIn, Facebook, Instagram, Tiktok, ClubHouse&#8230;<\/p>\n<p>Este curso foi concebido para ajudar os profissionais de vendas a integrar esses novos meios de comunica&ccedil;&atilde;o em seu processo de vendas, a fim de se relacionar ou influenciar para desenvolver sua reputa&ccedil;&atilde;o pessoal (personal branding), a de sua empresa (lobbying), a de seus produtos e servi&ccedil;os (brand awareness).<br \/>O curso se concentra principalmente em redes profissionais e em particular no LinkedIn para melhor prospec&ccedil;&atilde;o e venda.<\/p>\t\t\t<\/h2>\n\t\t<\/div>\n\t<\/div>\n<\/div>\n\n\n<section class=\"grey p-6 essentiels\">\t\n\t\n\t<div class=\"container\">\n\t\t\n\t\t<div class=\"row\">\n\t\t\t\n\t\t\t<div class=\"col-lg-7 col-md-7 col-sm-12\">\n\t\t\t\t\n\t\t\t\t\t\t\t\t\t<h3>OS OBJETIVOS<\/h3>\n\t\t\t\t\t<ul>\n<li>Compreender o papel das redes sociais no processo de prospec&ccedil;&atilde;o e venda B2B,<\/li>\n<li>Avaliar seu potencial pessoal de vendas como um networker virtual.<\/li>\n<li>Construir sua imagem comercial e presen&ccedil;a de aquisi&ccedil;&atilde;o de clientes em redes sociais<\/li>\n<li>Ampliar seu espectro de contatos e conhecimentos para uma melhor prospec&ccedil;&atilde;o<\/li>\n<li>Fazer posts que geram rea&ccedil;&otilde;es e aumentam a visibilidade comercial de suas solu&ccedil;&otilde;es<\/li>\n<\/ul>\t\t\t\t\t\t\t\t\n\t\t\t\t\t\t\t\t\t<h3>AS VANTAGENS DO TREINAMENTO<\/h3>\n\t\t\t\t\t<ul>\n<li>Um treinamento pr&aacute;tico englobando princ&iacute;pios, boas pr&aacute;ticas e aplica&ccedil;&atilde;o em plataformas de redes sociais.<\/li>\n<li>Coaching individual no final do curso para ajudar os participantes a melhorar seu perfil no LinkedIn e no &iacute;ndice de vendas sociais (SSI), expandir sua rede, fazer publica&ccedil;&otilde;es direcionadas e conectar-se com seus contatos relevantes de prospectos.<\/li>\n<li>Um programa de aprendizagem combinada de 5h30 (30min de e-learning antes + 4h de aula virtual em grupo + 1h de coaching individual)<\/li>\n<\/ul>\t\t\t\t\t\t\t\t\n\t\t\t\t\t\t\t\t\t<h3>PARA QUEM \u00c9 ESTE TREINAMENTO?<\/h3>\n\t\t\t\t\t<p>Todos os tipos de profissional de vendas, SDR, BDR, pr&eacute;-vendas, gerentes de contas-chave, consultores, gerentes de vendas<\/p>\t\t\t\t\t\t\t<\/div>\n\t\t\t\n\t\t\t<div class=\"col-lg-1 col-md-1 col-sm-12\">\t\t\t\n\t\t\t<\/div>\n\t\t\t\n\t\t\t<div class=\"col-lg-4 col-md-4 col-sm-12\">\n\t\t\t\n\t\t\t\t<!-- Notation CPF -->\n\t\t\t\t\t\t\t\t\n\t\t\t\t<div class=\"card\">\n\t\t\t\t\t\n\t\t\t\t\t<div class=\"card-header\">\n\t\t\t\t\t\n\t\t\t\t\t\t\u00cdndice de satisfa\u00e7\u00e3o\t\t\t\t\t\t\n\t\t\t\t\t<\/div>\n\t\t\t\t\t\n\t\t\t\t\t\t\t\t\t\t\n\t\t\t\t\t<div class=\"satisfaction\">\n\t\t\t\t\t\t<label class=\"rating-label\">\n\t\t\t\t\t\t\t<input\n\t\t\t\t\t\t    class=\"rating\"\n\t\t\t\t\t\t    max=\"5\"\n\t\t\t\t\t\t    step=\"0.5\"\n\t\t\t\t\t\t    style=\"--value:4.5\"\n\t\t\t\t\t\t    type=\"range\"\n\t\t\t\t\t\t    value=\"4.5\">\n\t\t\t\t\t\t<\/label>\n\t\t\t\t\t\n\t\t\t\t\t\t\t\t\t\t\t\n\t\t\t\t\t\t<small class=\"text-left\"><em>De 58 coment\u00e1rios<\/em><\/small>\n\t\t\t\t\t\n\t\t\t\t\t\t\t\t\t\t\n\t\t\t\t\t<\/div>\n\t\t\t\t\t\n\t\t\t\t<\/div>\n\t\t\t\t\n\t\t\t\t\n\t\t\t\t<!-- Bouton VOIR LE PROGRAMME -->\n\t\t\t\t\n\t\t\t\t<p class=\"mt-4\">\n\t\t\t\t\t\n\t\t\t\t\t\t\t\t\t\t<!-- true = ouverture lien externe -->\n\t\t\t\t\t<a class=\"btn btn-hx btn-hx-orange d-block\" href=\"https:\/\/forms.zohopublic.com\/andernagroup\/form\/brcontact\/formperma\/QK_89tERotb7PZjGA1CFwHbWouQcjlMbOMwGBh_VvlU\" title=\"Entre em contato conosco em\" target=\"_blank\">Entre em contato conosco em<\/a>\n\t\t\t\t\t\n\t\t\t\t\t\t\t\t\t\t\n\t\t\t\t<\/p>\n\t\t\t<\/div>\n\t\t<\/div>\n\t<\/div>\n<\/section>\n\n<!-- MODALE -->\n\n\n\n<section class=\"block_texte_cta\">\n\t<div class=\"container\">\n\t\t<div class=\"row\">\n\t\t\n\t\t\t<div class=\"col-lg-6 col-md-6 col-sm-12 block_texte_cta--contenu\">\n\t\t\t\t\n\t\t\t\tA Halifax Consulting tamb\u00e9m oferece outros cursos de treinamento empresarial adaptados \u00e0s suas necessidades espec\u00edficas.\t\t\t\t\n\t\t\t<\/div>\n\t\t\t<div class=\"col-lg-6 col-md-6 col-sm-12 block_texte_cta--bouton\">\n\t\t\t\t\n\t\t\t\t<a class=\"btn\" href=\"https:\/\/www.halifax-consulting.com\/br\/treinamento\/\" title=\"Descubra nossos outros cursos de treinamento\">Descubra nossos outros cursos de treinamento<\/a>\n\t\t\t\t\n\t\t\t<\/div>\n\t\t\n\t\t<\/div>\n\t<\/div>\n\t\n<\/section>\n\n<section class=\"success-single grey\">\n\t<div class=\"container-fluid\">\n\t\t<div class=\"row\">\n\t\t\t\t\t\t\t \n\t\t\t\t\t\t\t\t\t\t\n\t\t\t\t\t\t\t\t\t\t<div class=\"col-lg-7 col-md-6 col-sm-12 p-6\">\n\t\t\t\t\t\t<div>\n\t\t\t\t\t\t\t<h3>Casos de sucesso: Empresa de saneamento<\/h3>\n\t\t\t\t\t\t\t<p>A empresa \u00e9 parceira de diversos fabricantes e autoridades locais, e tem como objetivo estabelecer o padr\u00e3o na gest\u00e3o de recursos renov\u00e1veis.<\/p>\n\t\t\t\t\t\t\t<p>\n\t\t\t\t\t\t\t\t<a href=\"https:\/\/www.halifax-consulting.com\/br\/casos-de-sucesso\/empresa-de-saneamento\/\" class=\"btn btn-hx btn-hx-ducky\">Leia mais<\/a>\n\t\t\t\t\t\t\t<\/p>\n\t\t\t\t\t\t<\/div>\n\t\t\t\t\t<\/div>\n\t\t\t\t\t<div class=\"col-lg-5 col-md-6 col-sm-12 p-0\">\n\t\t\t\t\t\t\t<figure class=\"\">\n<!-- \t\t\t\t\t\t\t\t<img decoding=\"async\" src=\"https:\/\/www.halifax-consulting.com\/br\/wp-content\/uploads\/sites\/4\/2020\/04\/halifax-consulting-success-story-Veolia.jpg\" alt=\"image success-story\" \/> -->\n\t\t\t\t\t\t\t\t<img decoding=\"async\" loading=\"lazy\" src=\"https:\/\/www.halifax-consulting.com\/br\/wp-content\/uploads\/sites\/4\/2020\/04\/halifax-consulting-success-story-Veolia.jpg\" alt=\"\" width=\"100%\" height=\"\" >\t\t\t\t\t\t\t<\/figure>\n\t\t\t\t\t<\/div>\n\t\t\t\t\t\t\t\t\t<\/div>\n\t<\/div>\n<\/section>\n","protected":false},"excerpt":{"rendered":"","protected":false},"author":17,"featured_media":3013,"parent":2990,"menu_order":60,"comment_status":"closed","ping_status":"closed","template":"","meta":[],"categories":[],"acf":[],"yoast_head":"<!-- This site is optimized with the Yoast SEO plugin v19.9 - https:\/\/yoast.com\/wordpress\/plugins\/seo\/ -->\n<title>Treinamento em Social Selling - Halifax Consulting \u2013 BR<\/title>\n<meta name=\"description\" content=\"O uso de redes sociais e da Internet tornou-se parte integrante de nossa vida profissional e pessoal. O n\u00famero de pessoas conectadas...\" \/>\n<link rel=\"canonical\" href=\"https:\/\/www.halifax-consulting.com\/br\/treinamento\/nossos-outros-cursos-de-treinamento-comercial\/treinamento-em-vendas-sociais\/\" \/>\n<meta property=\"og:locale\" content=\"pt_BR\" \/>\n<meta property=\"og:type\" content=\"article\" \/>\n<meta property=\"og:title\" content=\"Treinamento em Social Selling - Halifax Consulting \u2013 BR\" \/>\n<meta property=\"og:description\" content=\"O uso de redes sociais e da Internet tornou-se parte integrante de nossa vida profissional e pessoal. O n\u00famero de pessoas conectadas...\" \/>\n<meta property=\"og:url\" content=\"https:\/\/www.halifax-consulting.com\/br\/treinamento\/nossos-outros-cursos-de-treinamento-comercial\/treinamento-em-vendas-sociais\/\" \/>\n<meta property=\"og:site_name\" content=\"Halifax Consulting \u2013 BR\" \/>\n<meta property=\"article:modified_time\" content=\"2025-07-10T17:14:22+00:00\" \/>\n<meta property=\"og:image\" content=\"https:\/\/www.halifax-consulting.com\/br\/wp-content\/uploads\/sites\/4\/2023\/06\/social-selling2.png\" \/>\n\t<meta property=\"og:image:width\" content=\"1920\" \/>\n\t<meta property=\"og:image:height\" content=\"545\" \/>\n\t<meta property=\"og:image:type\" content=\"image\/png\" \/>\n<meta name=\"twitter:card\" content=\"summary_large_image\" \/>\n<script type=\"application\/ld+json\" class=\"yoast-schema-graph\">{\"@context\":\"https:\/\/schema.org\",\"@graph\":[{\"@type\":\"WebPage\",\"@id\":\"https:\/\/www.halifax-consulting.com\/br\/treinamento\/nossos-outros-cursos-de-treinamento-comercial\/treinamento-em-vendas-sociais\/\",\"url\":\"https:\/\/www.halifax-consulting.com\/br\/treinamento\/nossos-outros-cursos-de-treinamento-comercial\/treinamento-em-vendas-sociais\/\",\"name\":\"Treinamento em Social Selling - Halifax Consulting \u2013 BR\",\"isPartOf\":{\"@id\":\"https:\/\/www.halifax-consulting.com\/br\/#website\"},\"datePublished\":\"2023-06-07T09:29:07+00:00\",\"dateModified\":\"2025-07-10T17:14:22+00:00\",\"description\":\"O uso de redes sociais e da Internet tornou-se parte integrante de nossa vida profissional e pessoal. O n\u00famero de pessoas conectadas...\",\"breadcrumb\":{\"@id\":\"https:\/\/www.halifax-consulting.com\/br\/treinamento\/nossos-outros-cursos-de-treinamento-comercial\/treinamento-em-vendas-sociais\/#breadcrumb\"},\"inLanguage\":\"pt-BR\",\"potentialAction\":[{\"@type\":\"ReadAction\",\"target\":[\"https:\/\/www.halifax-consulting.com\/br\/treinamento\/nossos-outros-cursos-de-treinamento-comercial\/treinamento-em-vendas-sociais\/\"]}]},{\"@type\":\"BreadcrumbList\",\"@id\":\"https:\/\/www.halifax-consulting.com\/br\/treinamento\/nossos-outros-cursos-de-treinamento-comercial\/treinamento-em-vendas-sociais\/#breadcrumb\",\"itemListElement\":[{\"@type\":\"ListItem\",\"position\":1,\"name\":\"Accueil\",\"item\":\"https:\/\/www.halifax-consulting.com\/br\/\"},{\"@type\":\"ListItem\",\"position\":2,\"name\":\"Treinamento\",\"item\":\"https:\/\/www.halifax-consulting.com\/br\/treinamento\/\"},{\"@type\":\"ListItem\",\"position\":3,\"name\":\"Nossos outros cursos de treinamento comercial\",\"item\":\"https:\/\/www.halifax-consulting.com\/br\/treinamento\/nossos-outros-cursos-de-treinamento-comercial\/\"},{\"@type\":\"ListItem\",\"position\":4,\"name\":\"Treinamento em Social Selling\"}]},{\"@type\":\"WebSite\",\"@id\":\"https:\/\/www.halifax-consulting.com\/br\/#website\",\"url\":\"https:\/\/www.halifax-consulting.com\/br\/\",\"name\":\"Halifax Consulting \u2013 BR\",\"description\":\"Halifax Consulting est un cabinet de conseil en performance commerciale sp\u00e9cialis\u00e9 dans la formation des \u00e9quipes et managers\",\"potentialAction\":[{\"@type\":\"SearchAction\",\"target\":{\"@type\":\"EntryPoint\",\"urlTemplate\":\"https:\/\/www.halifax-consulting.com\/br\/?s={search_term_string}\"},\"query-input\":\"required name=search_term_string\"}],\"inLanguage\":\"pt-BR\"}]}<\/script>\n<!-- \/ Yoast SEO plugin. -->","yoast_head_json":{"title":"Treinamento em Social Selling - Halifax Consulting \u2013 BR","description":"O uso de redes sociais e da Internet tornou-se parte integrante de nossa vida profissional e pessoal. O n\u00famero de pessoas conectadas...","canonical":"https:\/\/www.halifax-consulting.com\/br\/treinamento\/nossos-outros-cursos-de-treinamento-comercial\/treinamento-em-vendas-sociais\/","og_locale":"pt_BR","og_type":"article","og_title":"Treinamento em Social Selling - Halifax Consulting \u2013 BR","og_description":"O uso de redes sociais e da Internet tornou-se parte integrante de nossa vida profissional e pessoal. O n\u00famero de pessoas conectadas...","og_url":"https:\/\/www.halifax-consulting.com\/br\/treinamento\/nossos-outros-cursos-de-treinamento-comercial\/treinamento-em-vendas-sociais\/","og_site_name":"Halifax Consulting \u2013 BR","article_modified_time":"2025-07-10T17:14:22+00:00","og_image":[{"width":1920,"height":545,"url":"https:\/\/www.halifax-consulting.com\/br\/wp-content\/uploads\/sites\/4\/2023\/06\/social-selling2.png","type":"image\/png"}],"twitter_card":"summary_large_image","schema":{"@context":"https:\/\/schema.org","@graph":[{"@type":"WebPage","@id":"https:\/\/www.halifax-consulting.com\/br\/treinamento\/nossos-outros-cursos-de-treinamento-comercial\/treinamento-em-vendas-sociais\/","url":"https:\/\/www.halifax-consulting.com\/br\/treinamento\/nossos-outros-cursos-de-treinamento-comercial\/treinamento-em-vendas-sociais\/","name":"Treinamento em Social Selling - Halifax Consulting \u2013 BR","isPartOf":{"@id":"https:\/\/www.halifax-consulting.com\/br\/#website"},"datePublished":"2023-06-07T09:29:07+00:00","dateModified":"2025-07-10T17:14:22+00:00","description":"O uso de redes sociais e da Internet tornou-se parte integrante de nossa vida profissional e pessoal. O n\u00famero de pessoas conectadas...","breadcrumb":{"@id":"https:\/\/www.halifax-consulting.com\/br\/treinamento\/nossos-outros-cursos-de-treinamento-comercial\/treinamento-em-vendas-sociais\/#breadcrumb"},"inLanguage":"pt-BR","potentialAction":[{"@type":"ReadAction","target":["https:\/\/www.halifax-consulting.com\/br\/treinamento\/nossos-outros-cursos-de-treinamento-comercial\/treinamento-em-vendas-sociais\/"]}]},{"@type":"BreadcrumbList","@id":"https:\/\/www.halifax-consulting.com\/br\/treinamento\/nossos-outros-cursos-de-treinamento-comercial\/treinamento-em-vendas-sociais\/#breadcrumb","itemListElement":[{"@type":"ListItem","position":1,"name":"Accueil","item":"https:\/\/www.halifax-consulting.com\/br\/"},{"@type":"ListItem","position":2,"name":"Treinamento","item":"https:\/\/www.halifax-consulting.com\/br\/treinamento\/"},{"@type":"ListItem","position":3,"name":"Nossos outros cursos de treinamento comercial","item":"https:\/\/www.halifax-consulting.com\/br\/treinamento\/nossos-outros-cursos-de-treinamento-comercial\/"},{"@type":"ListItem","position":4,"name":"Treinamento em Social Selling"}]},{"@type":"WebSite","@id":"https:\/\/www.halifax-consulting.com\/br\/#website","url":"https:\/\/www.halifax-consulting.com\/br\/","name":"Halifax Consulting \u2013 BR","description":"Halifax Consulting est un cabinet de conseil en performance commerciale sp\u00e9cialis\u00e9 dans la formation des \u00e9quipes et managers","potentialAction":[{"@type":"SearchAction","target":{"@type":"EntryPoint","urlTemplate":"https:\/\/www.halifax-consulting.com\/br\/?s={search_term_string}"},"query-input":"required name=search_term_string"}],"inLanguage":"pt-BR"}]}},"_links":{"self":[{"href":"https:\/\/www.halifax-consulting.com\/br\/wp-json\/wp\/v2\/pages\/3011"}],"collection":[{"href":"https:\/\/www.halifax-consulting.com\/br\/wp-json\/wp\/v2\/pages"}],"about":[{"href":"https:\/\/www.halifax-consulting.com\/br\/wp-json\/wp\/v2\/types\/page"}],"author":[{"embeddable":true,"href":"https:\/\/www.halifax-consulting.com\/br\/wp-json\/wp\/v2\/users\/17"}],"replies":[{"embeddable":true,"href":"https:\/\/www.halifax-consulting.com\/br\/wp-json\/wp\/v2\/comments?post=3011"}],"version-history":[{"count":7,"href":"https:\/\/www.halifax-consulting.com\/br\/wp-json\/wp\/v2\/pages\/3011\/revisions"}],"predecessor-version":[{"id":3713,"href":"https:\/\/www.halifax-consulting.com\/br\/wp-json\/wp\/v2\/pages\/3011\/revisions\/3713"}],"up":[{"embeddable":true,"href":"https:\/\/www.halifax-consulting.com\/br\/wp-json\/wp\/v2\/pages\/2990"}],"wp:featuredmedia":[{"embeddable":true,"href":"https:\/\/www.halifax-consulting.com\/br\/wp-json\/wp\/v2\/media\/3013"}],"wp:attachment":[{"href":"https:\/\/www.halifax-consulting.com\/br\/wp-json\/wp\/v2\/media?parent=3011"}],"wp:term":[{"taxonomy":"category","embeddable":true,"href":"https:\/\/www.halifax-consulting.com\/br\/wp-json\/wp\/v2\/categories?post=3011"}],"curies":[{"name":"wp","href":"https:\/\/api.w.org\/{rel}","templated":true}]}}