{"id":3110,"date":"2023-09-15T17:50:26","date_gmt":"2023-09-15T15:50:26","guid":{"rendered":"https:\/\/www.halifax-consulting.com\/br\/?page_id=3110"},"modified":"2025-08-19T17:01:12","modified_gmt":"2025-08-19T15:01:12","slug":"calcule-o-impacto-do-carbono-de-seu-treinamento","status":"publish","type":"page","link":"https:\/\/www.halifax-consulting.com\/br\/treinamento\/calcule-o-impacto-do-carbono-de-seu-treinamento\/","title":{"rendered":"Calcule o impacto do carbono de seu treinamento"},"content":{"rendered":" <section class=\"calculateur white\">\n\t \n\t<div class=\"container\">\n\t\t\n\t\t<div class=\"row\">\n\t\t\t\n\t\t\t<div class=\"col-lg-12 col-sm-12 col-md-12\">\n\t\t\t\t\n\t\t\t\t<iframe class=\"embed-responsive-item calculateur__iframe\" src=\"https:\/\/anderna-formations.ma\/distance\/index.php?lang=PT\"><\/iframe>\n\t\t\t\t\n\t\t\t<\/div>\n\t\t\t\n\t\t<\/div>\n\t\t\n\t<\/div>\n\t \n <\/section>","protected":false},"excerpt":{"rendered":"","protected":false},"author":17,"featured_media":3091,"parent":545,"menu_order":90,"comment_status":"closed","ping_status":"closed","template":"","meta":[],"categories":[],"acf":[],"yoast_head":"<!-- This site is optimized with the Yoast SEO plugin v19.9 - https:\/\/yoast.com\/wordpress\/plugins\/seo\/ -->\n<title>Calcule o impacto do carbono de seu treinamento - Halifax Consulting \u2013 BR<\/title>\n<link rel=\"canonical\" href=\"https:\/\/www.halifax-consulting.com\/br\/treinamento\/calcule-o-impacto-do-carbono-de-seu-treinamento\/\" \/>\n<meta property=\"og:locale\" content=\"pt_BR\" \/>\n<meta property=\"og:type\" content=\"article\" \/>\n<meta property=\"og:title\" content=\"Calcule o impacto do carbono de seu treinamento - Halifax Consulting \u2013 BR\" \/>\n<meta property=\"og:url\" content=\"https:\/\/www.halifax-consulting.com\/br\/treinamento\/calcule-o-impacto-do-carbono-de-seu-treinamento\/\" \/>\n<meta property=\"og:site_name\" content=\"Halifax Consulting \u2013 BR\" \/>\n<meta property=\"article:modified_time\" content=\"2025-08-19T15:01:12+00:00\" \/>\n<meta property=\"og:image\" content=\"https:\/\/www.halifax-consulting.com\/br\/wp-content\/uploads\/sites\/4\/2023\/07\/empreinte-carbon-2.jpg\" \/>\n\t<meta property=\"og:image:width\" content=\"1024\" \/>\n\t<meta property=\"og:image:height\" content=\"439\" \/>\n\t<meta property=\"og:image:type\" content=\"image\/jpeg\" \/>\n<meta name=\"twitter:card\" content=\"summary_large_image\" \/>\n<script type=\"application\/ld+json\" class=\"yoast-schema-graph\">{\"@context\":\"https:\/\/schema.org\",\"@graph\":[{\"@type\":\"WebPage\",\"@id\":\"https:\/\/www.halifax-consulting.com\/br\/treinamento\/calcule-o-impacto-do-carbono-de-seu-treinamento\/\",\"url\":\"https:\/\/www.halifax-consulting.com\/br\/treinamento\/calcule-o-impacto-do-carbono-de-seu-treinamento\/\",\"name\":\"Calcule o impacto do carbono de seu treinamento - Halifax Consulting \u2013 BR\",\"isPartOf\":{\"@id\":\"https:\/\/www.halifax-consulting.com\/br\/#website\"},\"datePublished\":\"2023-09-15T15:50:26+00:00\",\"dateModified\":\"2025-08-19T15:01:12+00:00\",\"breadcrumb\":{\"@id\":\"https:\/\/www.halifax-consulting.com\/br\/treinamento\/calcule-o-impacto-do-carbono-de-seu-treinamento\/#breadcrumb\"},\"inLanguage\":\"pt-BR\",\"potentialAction\":[{\"@type\":\"ReadAction\",\"target\":[\"https:\/\/www.halifax-consulting.com\/br\/treinamento\/calcule-o-impacto-do-carbono-de-seu-treinamento\/\"]}]},{\"@type\":\"BreadcrumbList\",\"@id\":\"https:\/\/www.halifax-consulting.com\/br\/treinamento\/calcule-o-impacto-do-carbono-de-seu-treinamento\/#breadcrumb\",\"itemListElement\":[{\"@type\":\"ListItem\",\"position\":1,\"name\":\"Accueil\",\"item\":\"https:\/\/www.halifax-consulting.com\/br\/\"},{\"@type\":\"ListItem\",\"position\":2,\"name\":\"Treinamento\",\"item\":\"https:\/\/www.halifax-consulting.com\/br\/treinamento\/\"},{\"@type\":\"ListItem\",\"position\":3,\"name\":\"Calcule o impacto do carbono de seu treinamento\"}]},{\"@type\":\"WebSite\",\"@id\":\"https:\/\/www.halifax-consulting.com\/br\/#website\",\"url\":\"https:\/\/www.halifax-consulting.com\/br\/\",\"name\":\"Halifax Consulting \u2013 BR\",\"description\":\"Halifax Consulting est un cabinet de conseil en performance commerciale sp\u00e9cialis\u00e9 dans la formation des \u00e9quipes et managers\",\"potentialAction\":[{\"@type\":\"SearchAction\",\"target\":{\"@type\":\"EntryPoint\",\"urlTemplate\":\"https:\/\/www.halifax-consulting.com\/br\/?s={search_term_string}\"},\"query-input\":\"required name=search_term_string\"}],\"inLanguage\":\"pt-BR\"}]}<\/script>\n<!-- \/ Yoast SEO plugin. -->","yoast_head_json":{"title":"Calcule o impacto do carbono de seu treinamento - Halifax Consulting \u2013 BR","canonical":"https:\/\/www.halifax-consulting.com\/br\/treinamento\/calcule-o-impacto-do-carbono-de-seu-treinamento\/","og_locale":"pt_BR","og_type":"article","og_title":"Calcule o impacto do carbono de seu treinamento - Halifax Consulting \u2013 BR","og_url":"https:\/\/www.halifax-consulting.com\/br\/treinamento\/calcule-o-impacto-do-carbono-de-seu-treinamento\/","og_site_name":"Halifax Consulting \u2013 BR","article_modified_time":"2025-08-19T15:01:12+00:00","og_image":[{"width":1024,"height":439,"url":"https:\/\/www.halifax-consulting.com\/br\/wp-content\/uploads\/sites\/4\/2023\/07\/empreinte-carbon-2.jpg","type":"image\/jpeg"}],"twitter_card":"summary_large_image","schema":{"@context":"https:\/\/schema.org","@graph":[{"@type":"WebPage","@id":"https:\/\/www.halifax-consulting.com\/br\/treinamento\/calcule-o-impacto-do-carbono-de-seu-treinamento\/","url":"https:\/\/www.halifax-consulting.com\/br\/treinamento\/calcule-o-impacto-do-carbono-de-seu-treinamento\/","name":"Calcule o impacto do carbono de seu treinamento - Halifax Consulting \u2013 BR","isPartOf":{"@id":"https:\/\/www.halifax-consulting.com\/br\/#website"},"datePublished":"2023-09-15T15:50:26+00:00","dateModified":"2025-08-19T15:01:12+00:00","breadcrumb":{"@id":"https:\/\/www.halifax-consulting.com\/br\/treinamento\/calcule-o-impacto-do-carbono-de-seu-treinamento\/#breadcrumb"},"inLanguage":"pt-BR","potentialAction":[{"@type":"ReadAction","target":["https:\/\/www.halifax-consulting.com\/br\/treinamento\/calcule-o-impacto-do-carbono-de-seu-treinamento\/"]}]},{"@type":"BreadcrumbList","@id":"https:\/\/www.halifax-consulting.com\/br\/treinamento\/calcule-o-impacto-do-carbono-de-seu-treinamento\/#breadcrumb","itemListElement":[{"@type":"ListItem","position":1,"name":"Accueil","item":"https:\/\/www.halifax-consulting.com\/br\/"},{"@type":"ListItem","position":2,"name":"Treinamento","item":"https:\/\/www.halifax-consulting.com\/br\/treinamento\/"},{"@type":"ListItem","position":3,"name":"Calcule o impacto do carbono de seu treinamento"}]},{"@type":"WebSite","@id":"https:\/\/www.halifax-consulting.com\/br\/#website","url":"https:\/\/www.halifax-consulting.com\/br\/","name":"Halifax Consulting \u2013 BR","description":"Halifax Consulting est un cabinet de conseil en performance commerciale sp\u00e9cialis\u00e9 dans la formation des \u00e9quipes et managers","potentialAction":[{"@type":"SearchAction","target":{"@type":"EntryPoint","urlTemplate":"https:\/\/www.halifax-consulting.com\/br\/?s={search_term_string}"},"query-input":"required name=search_term_string"}],"inLanguage":"pt-BR"}]}},"_links":{"self":[{"href":"https:\/\/www.halifax-consulting.com\/br\/wp-json\/wp\/v2\/pages\/3110"}],"collection":[{"href":"https:\/\/www.halifax-consulting.com\/br\/wp-json\/wp\/v2\/pages"}],"about":[{"href":"https:\/\/www.halifax-consulting.com\/br\/wp-json\/wp\/v2\/types\/page"}],"author":[{"embeddable":true,"href":"https:\/\/www.halifax-consulting.com\/br\/wp-json\/wp\/v2\/users\/17"}],"replies":[{"embeddable":true,"href":"https:\/\/www.halifax-consulting.com\/br\/wp-json\/wp\/v2\/comments?post=3110"}],"version-history":[{"count":2,"href":"https:\/\/www.halifax-consulting.com\/br\/wp-json\/wp\/v2\/pages\/3110\/revisions"}],"predecessor-version":[{"id":3116,"href":"https:\/\/www.halifax-consulting.com\/br\/wp-json\/wp\/v2\/pages\/3110\/revisions\/3116"}],"up":[{"embeddable":true,"href":"https:\/\/www.halifax-consulting.com\/br\/wp-json\/wp\/v2\/pages\/545"}],"wp:featuredmedia":[{"embeddable":true,"href":"https:\/\/www.halifax-consulting.com\/br\/wp-json\/wp\/v2\/media\/3091"}],"wp:attachment":[{"href":"https:\/\/www.halifax-consulting.com\/br\/wp-json\/wp\/v2\/media?parent=3110"}],"wp:term":[{"taxonomy":"category","embeddable":true,"href":"https:\/\/www.halifax-consulting.com\/br\/wp-json\/wp\/v2\/categories?post=3110"}],"curies":[{"name":"wp","href":"https:\/\/api.w.org\/{rel}","templated":true}]}}