{"id":3469,"date":"2025-08-13T17:09:51","date_gmt":"2025-08-13T15:09:51","guid":{"rendered":"https:\/\/www.halifax-consulting.com\/br\/?page_id=3469"},"modified":"2025-08-20T14:05:11","modified_gmt":"2025-08-20T12:05:11","slug":"clube-da-excelencia","status":"publish","type":"page","link":"https:\/\/www.halifax-consulting.com\/br\/clube-da-excelencia\/","title":{"rendered":"Clube da Excel\u00eancia"},"content":{"rendered":"<div class=\"container\">\n\t<div class=\"row\">\n\t\t<div class=\"col-lg-12 col-md-12 col-sm-12\">\n\t\t\t<h2 class=\"intro\">\n\t\t\t\t<strong class=\"intro-h2 d-block\">O Clube da Excel\u00eancia Comercial Brasil<\/strong>\n\t\t\t\t<p data-start=\"92\" data-end=\"384\"><strong data-start=\"92\" data-end=\"384\">O Clube da Excel&ecirc;ncia Comercial Brasil tem como objetivo fortalecer a comunidade de decisores comerciais, oferecendo insights estrat&eacute;gicos, palestras, eventos, encontros para troca de boas pr&aacute;ticas e cursos exclusivos, que contribuem para o aumento da produtividade comercial B2B no pa&iacute;s.<\/strong><\/p>\t\t\t<\/h2>\n\t\t<\/div>\n\t<\/div>\n<\/div>\n\n\n\n<div class=\"wp-block-columns is-layout-flex wp-container-2\">\n<div class=\"wp-block-column is-layout-flow\" style=\"flex-basis:100%\"><section class=\"navy p-6 essentiels\">\t\n\t\n\t<div class=\"container\">\n\t\t\n\t\t<div class=\"row\">\n\t\t\t\n\t\t\t<div class=\"col-lg-7 col-md-7 col-sm-12\">\n\t\t\t\t\n\t\t\t\t\t\t\t\t\t<h3>O QUE \u00c9 O CLUBE DE EXCEL\u00caNCIA COMERCIAL?<\/h3>\n\t\t\t\t\t<p style=\"padding-left: 40px\">Inspirado pelas experi&ecirc;ncias de sucesso na Fran&ccedil;a (desde 2015) e na It&aacute;lia (desde 2023), o Clube da Excel&ecirc;ncia Comercial Brasil re&uacute;ne executivos operacionais de alto n&iacute;vel com um objetivo claro: aprofundar a abordagem estrat&eacute;gica das rela&ccedil;&otilde;es comerciais, em contato direto com seus pares e os melhores especialistas do mercado.<\/p>\n<p style=\"padding-left: 40px\">Aqui, exploramos tanto a pr&aacute;tica do Key Account Management (KAM) no dia a dia quanto a implementa&ccedil;&atilde;o eficaz de programas estruturados, com foco em rentabilidade, sustentabilidade e fatores cr&iacute;ticos de sucesso.<\/p>\n<p style=\"padding-left: 40px\">Mais do que uma agenda de eventos, o Clube funciona como uma verdadeira plataforma de trocas estrat&eacute;gicas e experi&ecirc;ncias reais.<\/p>\n<p style=\"padding-left: 80px\">Ao longo do ano, os membros t&ecirc;m acesso a uma programa&ccedil;&atilde;o exclusiva, que inclui:<br \/>&#8211; \u2705 Simp&oacute;sio anual<br \/>&#8211; \ud83d\udcbb Mesas-redondas virtuais<br \/>&#8211; \u2615 Caf&eacute;s da manh&atilde; e jantares com especialistas<\/p>\n<p style=\"padding-left: 40px\">Nossa ambi&ccedil;&atilde;o de compartilhar &ldquo;o que h&aacute; de melhor&rdquo; amplia horizontes e traz uma perspectiva internacional sobre as melhores pr&aacute;ticas em contas-chave, com f&oacute;runs e discuss&otilde;es aprofundadas sobre os principais desafios e tend&ecirc;ncias do Key Account Management.<\/p>\t\t\t\t\t\t\t\t\n\t\t\t\t\t\t\t\t\n\t\t\t\t\t\t\t<\/div>\n\t\t\t\n\t\t\t<div class=\"col-lg-1 col-md-1 col-sm-12\">\t\t\t\n\t\t\t<\/div>\n\t\t\t\n\t\t\t<div class=\"col-lg-4 col-md-4 col-sm-12\">\n\t\t\t\n\t\t\t\t<!-- Notation CPF -->\n\t\t\t\t\n\t\t\t\t\n\t\t\t\t<!-- Bouton VOIR LE PROGRAMME -->\n\t\t\t\t\n\t\t\t\t<p class=\"mt-4\">\n\t\t\t\t\t\n\t\t\t\t\t\t\t\t\t\t<!-- true = ouverture lien externe -->\n\t\t\t\t\t<a class=\"btn btn-hx btn-hx-orange d-block\" href=\"https:\/\/forms.zohopublic.com\/andernagroup\/form\/RegistronoClubedaExcelnciaComercial\/formperma\/Cma-MJ4f_eLMmvzGCSPk43Zo3dBCI3pD4290MSRT8nA\" title=\"Quero saber mais sobre o Clube\" target=\"_blank\">Quero saber mais sobre o Clube<\/a>\n\t\t\t\t\t\n\t\t\t\t\t\t\t\t\t\t\n\t\t\t\t<\/p>\n\t\t\t<\/div>\n\t\t<\/div>\n\t<\/div>\n<\/section>\n\n<!-- MODALE -->\n\n<\/div>\n<\/div>\n\n\n \n <section class=\"light consultants consultants--map py-6\">\n\t  \n\t<div class=\"container\">\n\t  \n\t\t \t\t \n\t\t\t <div class=\"row\">\n\t\t\t\t \n\t\t\t\t <div class=\"col-lg-12 col-md-12 col-sm-12\">\n\t\t\t\t\t \n\t\t\t\t\t <h2 class=\"text-center\">\n\t\t\t\t\t\t \n\t\t\t\t\t\t Os organizadores do Clube\t\t\t \n\t\t\t\t\t <\/h2>\n\t\t\t\t\t \n\t\t\t\t <\/div>\n\t\t\t\t \n\t\t\t <\/div>\n\t\t \n\t\t \t  \n\t\t <div class=\"row\">\n\t\t \n\t\t\t\t\t\t\t \n\t\t\t\t\t\t\t\t\t \n\t\t\t\t\t\t\t\t\t\t\t \n\t\t\t\t\t\t\t\t\t\t\t\t\n\t\t\t\t\t\t<div class=\"col-lg-3 col-md-3 col-sm-4 consultants__img\">\n\t\t\t\t\t\t\t<!-- <div class=\"consult-more\">\n\t\t\t\t\t\t\t\t\n\t\t\t\t\t\t\t\t<button type=\"button\" class=\"\" data-toggle=\"modal\" data-target=\"#c-3477\">\n\t\t\t\t\t\t\t\t  <i data-feather=\"eye\"><\/i>\n\t\t\t\t\t\t\t\t<\/button>\n\t\t\t\t\t\t\t\t\n\t\t\t\t\t\t\t<\/div> -->\n\t\t\t\t\t\t\t<div class=\"consultants__img--container\">\n\t\t\t\t\t\t\t\t\n\t\t\t\t\t\t\t\n\t\t\t\t\t\t\t\t\t\n\t\t\t\t\t\t\t\t\t<button type=\"button\" class=\"consult-more\" data-toggle=\"modal\" data-target=\"#c-3477\">\n\t\t\t\t\t\t\t\t\t  <i data-feather=\"eye\"><\/i>\n\t\t\t\t\t\t\t\t\t<\/button>\n\t\t\t\t\t\t\t\t\t\n\t\t\t\t\t\t\t\n\t\t\t\t\t\t\t\t\n\t\t\t\t\t\t\t\t<img decoding=\"async\" loading=\"lazy\" src=\"https:\/\/www.halifax-consulting.com\/br\/wp-content\/uploads\/sites\/4\/2025\/01\/vincent-2.jpg\" alt=\"\" width=\"100%\" height=\"\" >\t\t\t\t\t\t\t<\/div>\n\t\t\t\t\t\t\t\n\t\t\t\t\t\t<\/div>\t\n\t\t\t\t\t\t\n\t\t\t\t\t\t<!-- Modal -->\n\t\t\t\t\t\t<div class=\"modal fade\" id=\"c-3477\" tabindex=\"-1\" role=\"dialog\" aria-labelledby=\"Vincent Parachini\" aria-hidden=\"true\">\n\t\t\t\t\t\t\t<div class=\"modal-dialog modal-dialog-scrollable modal-fullscreen\" role=\"document\">\n\t\t\t\t\t\t\t\t<div class=\"modal-content text-center\">\n\t\t\t\t\t\t\t\t\t<div class=\"modal-header mx-auto\">\n\t\t\t\t\t\t\t\t\t\t\t\t\t\t\t\t\t\t\t<figure><img decoding=\"async\" loading=\"lazy\" src=\"https:\/\/www.halifax-consulting.com\/br\/wp-content\/uploads\/sites\/4\/2025\/01\/vincent-2.jpg\" alt=\"\" width=\"90\" height=\"border: solid 2px #fff !important;\n\t\t\t\t\t\t\t\t\tdisplay: block !important;\n\t\t\t\t\t\t\t\t\tobject-fit: cover !important;\n\t\t\t\t\t\t\t\t\tobject-position: center top !important;\n\t\t\t\t\t\t\t\t\t\tborder-radius: 50% !important;\t\" ><\/figure>\t\t\t\t\t\t\t\t\t\n\t\t\t\t\t\t\t\t\t<\/div>\n\t\t\t\t\t\t\t\t\t<div class=\"modal-body w-80 mx-auto\">\n\t\t\t\t\t\t\t\t\t\t<h5 class=\"modal-title\" id=\"3477\">\n\t\t\t\t\t\t\t\t\t\t\tVincent Parachini<br>\n\t\t\t\t\t\t\t\t\t\t\t<small class=\"mute\">Managing Partner, Halifax Consulting Brasil and Halifax Consulting LATAM<\/small>\n\t\t\t\t\t\t\t\t\t\t<\/h5>\n\t\t\t\t\t\t\t\t\t\t\n\t\t\t\t\t\t\t\t\t\n\t\t\t\t\t\t\t\t\t\n\t\t\t\t\t\t\t\t\t\t\t<p class=\"text-center\">\n\t\t\t\t\t\t\t\t\t\t\t\t<p>Possui MBA em marketing, p&oacute;s-gradua&ccedil;&atilde;o em rela&ccedil;&otilde;es internacionais e negocia&ccedil;&atilde;o intercultural pela Universidade Sorbonne em Paris.<\/p>\n<p>Vincent iniciou sua carreira na BIC, come&ccedil;ando em uma posi&ccedil;&atilde;o de marketing em Paris antes de seguir para a Am&eacute;rica do Sul, onde passou 15 anos em diversas posi&ccedil;&otilde;es, incluindo diretor de marketing, gerente de categoria no Brasil, gerente de vendas na Argentina e gerente geral no Chile. Ele treinou v&aacute;rias for&ccedil;as de vendas e lidou com rela&ccedil;&otilde;es com os principais varejistas, como Walmart, Carrefour, Casino e Cencosud, sendo respons&aacute;vel pela constru&ccedil;&atilde;o de planos de neg&oacute;cios conjuntos, gerenciamento de categorias, gerenciamento de contas-chave e muito mais.<\/p>\n<p>Vincent se qualificou como coach certificado pela ICF na Newfield Network e representou com sucesso as solu&ccedil;&otilde;es Halifax no Chile por tr&ecirc;s anos antes de assumir o escrit&oacute;rio da Halifax na Am&eacute;rica Latina com sede no Brasil como parceiro administrativo LATAM.<\/p>\t\t\t\t\t\t\t\t\t\t\t<\/p>\n\t\t\t\t\t\t\t\t\t\t\n\t\t\t\t\t\t\t\t\t\t\n\t\t\t\t\t\t\t\t\t\n\t\t\t\t\t\t\t\t\t\t<p class=\"mt-4 text-center\">\n\t\t\t\t\t\t\t\t\t\t\t<a data-dismiss=\"modal\" class=\"btn-close\" aria-label=\"Close\"><span aria-hidden=\"true\">&times;<\/span><\/a>\n\t\t\t\t\t\t\t\t\t\t<\/p>\n\t\t\t\t\t\t\t\t\t<\/div><!-- modal-body -->\t\n\t\t\t\t\t\t\t\t<\/div><!-- modal-content -->\t\n\t\t\t\t\t\t\t<\/div><!-- modal-dialog -->\t\n\t\t\t\t\t\t<\/div><!-- modal --> \n\t\t\t\t\t \n\t\t\t\t\t\t\t\t\t \n\t\t\t\t\t\t\t\t\t\t\t \n\t\t\t\t\t\t\t\t\t\t\t\t\n\t\t\t\t\t\t<div class=\"col-lg-3 col-md-3 col-sm-4 consultants__img\">\n\t\t\t\t\t\t\t<!-- <div class=\"consult-more\">\n\t\t\t\t\t\t\t\t\n\t\t\t\t\t\t\t\t<button type=\"button\" class=\"\" data-toggle=\"modal\" data-target=\"#c-3478\">\n\t\t\t\t\t\t\t\t  <i data-feather=\"eye\"><\/i>\n\t\t\t\t\t\t\t\t<\/button>\n\t\t\t\t\t\t\t\t\n\t\t\t\t\t\t\t<\/div> -->\n\t\t\t\t\t\t\t<div class=\"consultants__img--container\">\n\t\t\t\t\t\t\t\t\n\t\t\t\t\t\t\t\n\t\t\t\t\t\t\t\t\t\n\t\t\t\t\t\t\t\t\t<button type=\"button\" class=\"consult-more\" data-toggle=\"modal\" data-target=\"#c-3478\">\n\t\t\t\t\t\t\t\t\t  <i data-feather=\"eye\"><\/i>\n\t\t\t\t\t\t\t\t\t<\/button>\n\t\t\t\t\t\t\t\t\t\n\t\t\t\t\t\t\t\n\t\t\t\t\t\t\t\t\n\t\t\t\t\t\t\t\t<img decoding=\"async\" loading=\"lazy\" src=\"https:\/\/www.halifax-consulting.com\/br\/wp-content\/uploads\/sites\/4\/2025\/01\/cynthia-2.jpg\" alt=\"\" width=\"100%\" height=\"\" >\t\t\t\t\t\t\t<\/div>\n\t\t\t\t\t\t\t\n\t\t\t\t\t\t<\/div>\t\n\t\t\t\t\t\t\n\t\t\t\t\t\t<!-- Modal -->\n\t\t\t\t\t\t<div class=\"modal fade\" id=\"c-3478\" tabindex=\"-1\" role=\"dialog\" aria-labelledby=\"Cyntia Braz\" aria-hidden=\"true\">\n\t\t\t\t\t\t\t<div class=\"modal-dialog modal-dialog-scrollable modal-fullscreen\" role=\"document\">\n\t\t\t\t\t\t\t\t<div class=\"modal-content text-center\">\n\t\t\t\t\t\t\t\t\t<div class=\"modal-header mx-auto\">\n\t\t\t\t\t\t\t\t\t\t\t\t\t\t\t\t\t\t\t<figure><img decoding=\"async\" loading=\"lazy\" src=\"https:\/\/www.halifax-consulting.com\/br\/wp-content\/uploads\/sites\/4\/2025\/01\/cynthia-2.jpg\" alt=\"\" width=\"90\" height=\"border: solid 2px #fff !important;\n\t\t\t\t\t\t\t\t\tdisplay: block !important;\n\t\t\t\t\t\t\t\t\tobject-fit: cover !important;\n\t\t\t\t\t\t\t\t\tobject-position: center top !important;\n\t\t\t\t\t\t\t\t\t\tborder-radius: 50% !important;\t\" ><\/figure>\t\t\t\t\t\t\t\t\t\n\t\t\t\t\t\t\t\t\t<\/div>\n\t\t\t\t\t\t\t\t\t<div class=\"modal-body w-80 mx-auto\">\n\t\t\t\t\t\t\t\t\t\t<h5 class=\"modal-title\" id=\"3478\">\n\t\t\t\t\t\t\t\t\t\t\tCyntia Braz<br>\n\t\t\t\t\t\t\t\t\t\t\t<small class=\"mute\">Managing Partner, Halifax Consulting Brasil &amp; Halifax Consulting LATAM<\/small>\n\t\t\t\t\t\t\t\t\t\t<\/h5>\n\t\t\t\t\t\t\t\t\t\t\n\t\t\t\t\t\t\t\t\t\n\t\t\t\t\t\t\t\t\t\n\t\t\t\t\t\t\t\t\t\t\t<p class=\"text-center\">\n\t\t\t\t\t\t\t\t\t\t\t\t<p>Cynthia &eacute; formada em comunica&ccedil;&atilde;o social e publicidade pela escola de jornalismo da Faculdade Casper Libero e possui um MBA da principal escola de publicidade e marketing do Brasil. Ela tamb&eacute;m &eacute; coach certificada pela ICF atrav&eacute;s da Newfield Network.<\/p>\n<p>Cynthia come&ccedil;ou sua carreira com um per&iacute;odo de oito anos em vendas e marketing para empresas de bens de consumo e servi&ccedil;os financeiros, incluindo BIC, Nestl&eacute; e American Express. Ela passou 11 anos em uma empresa l&iacute;der de pesquisa de mercado como consultora de vendas e marketing para Europa e Am&eacute;rica Latina. Ela lidou com negocia&ccedil;&otilde;es regionais, projetos de vendas e desenvolvimento de produtos para v&aacute;rias marcas.<\/p>\n<p>Atualmente, Cynthia &eacute; parceira administrativa da Halifax na Am&eacute;rica Latina, supervisionando iniciativas de facilita&ccedil;&atilde;o, lideran&ccedil;a e transforma&ccedil;&atilde;o de vendas.<\/p>\t\t\t\t\t\t\t\t\t\t\t<\/p>\n\t\t\t\t\t\t\t\t\t\t\n\t\t\t\t\t\t\t\t\t\t\n\t\t\t\t\t\t\t\t\t\n\t\t\t\t\t\t\t\t\t\t<p class=\"mt-4 text-center\">\n\t\t\t\t\t\t\t\t\t\t\t<a data-dismiss=\"modal\" class=\"btn-close\" aria-label=\"Close\"><span aria-hidden=\"true\">&times;<\/span><\/a>\n\t\t\t\t\t\t\t\t\t\t<\/p>\n\t\t\t\t\t\t\t\t\t<\/div><!-- modal-body -->\t\n\t\t\t\t\t\t\t\t<\/div><!-- modal-content -->\t\n\t\t\t\t\t\t\t<\/div><!-- modal-dialog -->\t\n\t\t\t\t\t\t<\/div><!-- modal --> \n\t\t\t\t\t \n\t\t\t\t\t\n\t\t\t\t \n\t\t\t\t\t\t \n\t\t\t\t\t <\/div>\n\t<\/div>\n\t  \n <\/section>\n\n<section class=\"navy bloc-texte-image p-0\">\t\n\t<div class=\"container-fluid\">\n\t\t<div class=\"row\">\n\t\t\t\t\t\t\n\t\t\t<div class=\"col-lg-8 col-md-6 col-md-12 p-6 bloc-texte-image--content\">\n\t\t\t\t<h4>CONFIRA O SIMP\u00d3SIO REALIZADO NA FRAN\u00c7A!<\/h4>\n\t\t\t\t<p>Desde 2015, o Simp\u00f3sio da Halifax na Fran\u00e7a re\u00fane executivos comerciais e l\u00edderes de grandes contas para um dia de conte\u00fado estrat\u00e9gico, networking e troca de experi\u00eancias. Com palestras, pain\u00e9is e convidados de alto n\u00edvel, o evento se tornou refer\u00eancia em gest\u00e3o comercial B2B na Europa \u2014 e inspira o modelo do Clube da Excel\u00eancia Comercial no Brasil.<\/p>\n\t\t\t\t\t\t\t\t<p><a class=\"btn btn-hx btn-hx-orange\" href=\"https:\/\/youtu.be\/o4uyBiRnIR4?si=rYE438MjDvwr7YPu\">Assista ao v\u00eddeo<\/a><\/p>\n\t\t\t\t\t\t\t<\/div>\n\t\t\t\n\t\t\t\t\t\t<div class=\"col-lg-4 col-md-6 col-md-12 p-0\">\n\t\t\t\t<figure>\n<!-- \t\t\t\t\t<img decoding=\"async\" src=\"https:\/\/www.halifax-consulting.com\/br\/wp-content\/uploads\/sites\/4\/2025\/01\/Migna-sympo.jpg\" alt=\"photo\" width=\"100%\" \/> -->\n\t\t\t\t\t<img decoding=\"async\" loading=\"lazy\" src=\"https:\/\/www.halifax-consulting.com\/br\/wp-content\/uploads\/sites\/4\/2025\/01\/Migna-sympo.jpg\" alt=\"\" width=\"100%\" height=\"\" >\t\t\t\t<\/figure>\n\t\t\t<\/div>\n\t\t\t\t\t<\/div>\n\t<\/div>\n<\/section>\n\n<section class=\"block_texte_cta\">\n\t<div class=\"container\">\n\t\t<div class=\"row\">\n\t\t\n\t\t\t<div class=\"col-lg-6 col-md-6 col-sm-12 block_texte_cta--contenu\">\n\t\t\t\t\n\t\t\t\tUma comunidade exclusiva para l\u00edderes comerciais que buscam alta performance em vendas B2B.\t\t\t\t\n\t\t\t<\/div>\n\t\t\t<div class=\"col-lg-6 col-md-6 col-sm-12 block_texte_cta--bouton\">\n\t\t\t\t\n\t\t\t\t<a class=\"btn\" href=\"https:\/\/zfrmz.com\/IDTYoIgzZ3tZ0QgOTSdp\" title=\"Participe do Clube da Excel\u00eancia Comercial\">Participe do Clube da Excel\u00eancia Comercial<\/a>\n\t\t\t\t\n\t\t\t<\/div>\n\t\t\n\t\t<\/div>\n\t<\/div>\n\t\n<\/section>\n\n\n<div class=\"wp-block-buttons is-layout-flex\"><\/div>\n","protected":false},"excerpt":{"rendered":"","protected":false},"author":17,"featured_media":3826,"parent":0,"menu_order":0,"comment_status":"closed","ping_status":"closed","template":"","meta":[],"categories":[],"acf":[],"yoast_head":"<!-- This site is optimized with the Yoast SEO plugin v19.9 - https:\/\/yoast.com\/wordpress\/plugins\/seo\/ -->\n<title>Clube da Excel\u00eancia - Halifax Consulting \u2013 BR<\/title>\n<link rel=\"canonical\" href=\"https:\/\/www.halifax-consulting.com\/br\/clube-da-excelencia\/\" \/>\n<meta property=\"og:locale\" content=\"pt_BR\" \/>\n<meta property=\"og:type\" content=\"article\" \/>\n<meta property=\"og:title\" content=\"Clube da Excel\u00eancia - Halifax Consulting \u2013 BR\" \/>\n<meta property=\"og:url\" content=\"https:\/\/www.halifax-consulting.com\/br\/clube-da-excelencia\/\" \/>\n<meta property=\"og:site_name\" content=\"Halifax Consulting \u2013 BR\" \/>\n<meta property=\"article:modified_time\" content=\"2025-08-20T12:05:11+00:00\" \/>\n<meta property=\"og:image\" content=\"https:\/\/www.halifax-consulting.com\/br\/wp-content\/uploads\/sites\/4\/2025\/08\/O-CLUBE-DA-EXELENCIA-COMERCIAL-7.png\" \/>\n\t<meta property=\"og:image:width\" content=\"1920\" \/>\n\t<meta property=\"og:image:height\" content=\"600\" \/>\n\t<meta property=\"og:image:type\" content=\"image\/png\" \/>\n<meta name=\"twitter:card\" content=\"summary_large_image\" \/>\n<script type=\"application\/ld+json\" class=\"yoast-schema-graph\">{\"@context\":\"https:\/\/schema.org\",\"@graph\":[{\"@type\":\"WebPage\",\"@id\":\"https:\/\/www.halifax-consulting.com\/br\/clube-da-excelencia\/\",\"url\":\"https:\/\/www.halifax-consulting.com\/br\/clube-da-excelencia\/\",\"name\":\"Clube da Excel\u00eancia - Halifax Consulting \u2013 BR\",\"isPartOf\":{\"@id\":\"https:\/\/www.halifax-consulting.com\/br\/#website\"},\"datePublished\":\"2025-08-13T15:09:51+00:00\",\"dateModified\":\"2025-08-20T12:05:11+00:00\",\"breadcrumb\":{\"@id\":\"https:\/\/www.halifax-consulting.com\/br\/clube-da-excelencia\/#breadcrumb\"},\"inLanguage\":\"pt-BR\",\"potentialAction\":[{\"@type\":\"ReadAction\",\"target\":[\"https:\/\/www.halifax-consulting.com\/br\/clube-da-excelencia\/\"]}]},{\"@type\":\"BreadcrumbList\",\"@id\":\"https:\/\/www.halifax-consulting.com\/br\/clube-da-excelencia\/#breadcrumb\",\"itemListElement\":[{\"@type\":\"ListItem\",\"position\":1,\"name\":\"Accueil\",\"item\":\"https:\/\/www.halifax-consulting.com\/br\/\"},{\"@type\":\"ListItem\",\"position\":2,\"name\":\"Clube da Excel\u00eancia\"}]},{\"@type\":\"WebSite\",\"@id\":\"https:\/\/www.halifax-consulting.com\/br\/#website\",\"url\":\"https:\/\/www.halifax-consulting.com\/br\/\",\"name\":\"Halifax Consulting \u2013 BR\",\"description\":\"Halifax Consulting est un cabinet de conseil en performance commerciale sp\u00e9cialis\u00e9 dans la formation des \u00e9quipes et managers\",\"potentialAction\":[{\"@type\":\"SearchAction\",\"target\":{\"@type\":\"EntryPoint\",\"urlTemplate\":\"https:\/\/www.halifax-consulting.com\/br\/?s={search_term_string}\"},\"query-input\":\"required name=search_term_string\"}],\"inLanguage\":\"pt-BR\"}]}<\/script>\n<!-- \/ Yoast SEO plugin. -->","yoast_head_json":{"title":"Clube da Excel\u00eancia - Halifax Consulting \u2013 BR","canonical":"https:\/\/www.halifax-consulting.com\/br\/clube-da-excelencia\/","og_locale":"pt_BR","og_type":"article","og_title":"Clube da Excel\u00eancia - Halifax Consulting \u2013 BR","og_url":"https:\/\/www.halifax-consulting.com\/br\/clube-da-excelencia\/","og_site_name":"Halifax Consulting \u2013 BR","article_modified_time":"2025-08-20T12:05:11+00:00","og_image":[{"width":1920,"height":600,"url":"https:\/\/www.halifax-consulting.com\/br\/wp-content\/uploads\/sites\/4\/2025\/08\/O-CLUBE-DA-EXELENCIA-COMERCIAL-7.png","type":"image\/png"}],"twitter_card":"summary_large_image","schema":{"@context":"https:\/\/schema.org","@graph":[{"@type":"WebPage","@id":"https:\/\/www.halifax-consulting.com\/br\/clube-da-excelencia\/","url":"https:\/\/www.halifax-consulting.com\/br\/clube-da-excelencia\/","name":"Clube da Excel\u00eancia - Halifax Consulting \u2013 BR","isPartOf":{"@id":"https:\/\/www.halifax-consulting.com\/br\/#website"},"datePublished":"2025-08-13T15:09:51+00:00","dateModified":"2025-08-20T12:05:11+00:00","breadcrumb":{"@id":"https:\/\/www.halifax-consulting.com\/br\/clube-da-excelencia\/#breadcrumb"},"inLanguage":"pt-BR","potentialAction":[{"@type":"ReadAction","target":["https:\/\/www.halifax-consulting.com\/br\/clube-da-excelencia\/"]}]},{"@type":"BreadcrumbList","@id":"https:\/\/www.halifax-consulting.com\/br\/clube-da-excelencia\/#breadcrumb","itemListElement":[{"@type":"ListItem","position":1,"name":"Accueil","item":"https:\/\/www.halifax-consulting.com\/br\/"},{"@type":"ListItem","position":2,"name":"Clube da Excel\u00eancia"}]},{"@type":"WebSite","@id":"https:\/\/www.halifax-consulting.com\/br\/#website","url":"https:\/\/www.halifax-consulting.com\/br\/","name":"Halifax Consulting \u2013 BR","description":"Halifax Consulting est un cabinet de conseil en performance commerciale sp\u00e9cialis\u00e9 dans la formation des \u00e9quipes et managers","potentialAction":[{"@type":"SearchAction","target":{"@type":"EntryPoint","urlTemplate":"https:\/\/www.halifax-consulting.com\/br\/?s={search_term_string}"},"query-input":"required name=search_term_string"}],"inLanguage":"pt-BR"}]}},"_links":{"self":[{"href":"https:\/\/www.halifax-consulting.com\/br\/wp-json\/wp\/v2\/pages\/3469"}],"collection":[{"href":"https:\/\/www.halifax-consulting.com\/br\/wp-json\/wp\/v2\/pages"}],"about":[{"href":"https:\/\/www.halifax-consulting.com\/br\/wp-json\/wp\/v2\/types\/page"}],"author":[{"embeddable":true,"href":"https:\/\/www.halifax-consulting.com\/br\/wp-json\/wp\/v2\/users\/17"}],"replies":[{"embeddable":true,"href":"https:\/\/www.halifax-consulting.com\/br\/wp-json\/wp\/v2\/comments?post=3469"}],"version-history":[{"count":47,"href":"https:\/\/www.halifax-consulting.com\/br\/wp-json\/wp\/v2\/pages\/3469\/revisions"}],"predecessor-version":[{"id":3894,"href":"https:\/\/www.halifax-consulting.com\/br\/wp-json\/wp\/v2\/pages\/3469\/revisions\/3894"}],"wp:featuredmedia":[{"embeddable":true,"href":"https:\/\/www.halifax-consulting.com\/br\/wp-json\/wp\/v2\/media\/3826"}],"wp:attachment":[{"href":"https:\/\/www.halifax-consulting.com\/br\/wp-json\/wp\/v2\/media?parent=3469"}],"wp:term":[{"taxonomy":"category","embeddable":true,"href":"https:\/\/www.halifax-consulting.com\/br\/wp-json\/wp\/v2\/categories?post=3469"}],"curies":[{"name":"wp","href":"https:\/\/api.w.org\/{rel}","templated":true}]}}