{"id":3771,"date":"2025-08-13T16:46:49","date_gmt":"2025-08-13T14:46:49","guid":{"rendered":"https:\/\/www.halifax-consulting.com\/br\/?page_id=3771"},"modified":"2025-08-20T21:19:05","modified_gmt":"2025-08-20T19:19:05","slug":"treinamento-inteligencia-artificial","status":"publish","type":"page","link":"https:\/\/www.halifax-consulting.com\/br\/treinamento-inteligencia-artificial\/","title":{"rendered":"A Intelig\u00eancia Artificial para Equipes Comerciais e Corporativas"},"content":{"rendered":"<div class=\"container\">\n\t<div class=\"row\">\n\t\t<div class=\"col-lg-12 col-md-12 col-sm-12\">\n\t\t\t<h2 class=\"intro\">\n\t\t\t\t<strong class=\"intro-h2 d-block\">A Intelig\u00eancia Artificial para Equipes Comerciais e Corporativas<\/strong>\n\t\t\t\t<p data-start=\"251\" data-end=\"604\">A Intelig&ecirc;ncia Artificial deixou de ser tend&ecirc;ncia para se tornar uma alavanca concreta de performance, produtividade e inova&ccedil;&atilde;o nas organiza&ccedil;&otilde;es. Seja na automa&ccedil;&atilde;o de processos, na an&aacute;lise inteligente de dados ou na personaliza&ccedil;&atilde;o da experi&ecirc;ncia do cliente, a IA est&aacute; transformando a forma como as empresas operam, decidem e se relacionam com o mercado.<\/p>\n<p data-start=\"606\" data-end=\"910\">Mas para colher os benef&iacute;cios dessa transforma&ccedil;&atilde;o, n&atilde;o basta apenas adotar ferramentas tecnol&oacute;gicas &mdash; &eacute; preciso preparar as pessoas. O verdadeiro diferencial competitivo est&aacute; em <strong data-start=\"784\" data-end=\"844\">equipes capacitadas para pensar e agir com o apoio da IA<\/strong>, usando essas tecnologias como aliadas estrat&eacute;gicas no dia a dia.<\/p>\n<p data-start=\"912\" data-end=\"1212\">Nosso programa de <strong data-start=\"930\" data-end=\"994\">Treinamento em Intelig&ecirc;ncia Artificial aplicada aos neg&oacute;cios<\/strong> foi criado justamente com esse prop&oacute;sito: <strong data-start=\"1037\" data-end=\"1136\">tornar a IA acess&iacute;vel, compreens&iacute;vel e aplic&aacute;vel na pr&aacute;tica por profissionais de diversas &aacute;reas<\/strong>, especialmente em contextos comerciais, de gest&atilde;o e atendimento ao cliente.<\/p>\t\t\t<\/h2>\n\t\t<\/div>\n\t<\/div>\n<\/div>\n\n\n<section class=\"navy py-6\">\n\t<div class=\"container\">\n\t\t<div class=\"row\">\n\t\t\t<div class=\"col-lg-12 col-md-12 col-sm-12\">\n\t\t\t\t\t\t\t\t<h2 class=\"text-center\">\n\t\t\t\t\t\t\t\t\t\tCapacite sua Equipe e Implemente uma IA Sob Medida\t\t\t\t\t\t\t\t\t\t\t\t\t\t\t\n\t\t\t\t\t\n\t\t\t\t<\/h2>\n\t\t\t\t\t\t\t<\/div>\n\t\t<\/div>\n\t\t<div class=\"row\">\n\t\t\t<div class=\"col-lg-12 col-md-12 col-sm-12\">\n\t\t\t\t<div class=\"accordion\" id=\"args\">\n\t\t\t\t\t\t\t\t\t\t\t\t\t\t\t\t<div class=\"card\">\n\t\t\t\t\t<div class=\"card-header\" id=\"heading-1\">\n\t\t\t\t\t\t<button  type=\"button\" data-toggle=\"collapse\" data-target=\"#collapse-1\" aria-expanded=\"true\" aria-controls=\"collapse-1\">\n\t\t\t\t\t\tDesenvolva suas compet\u00eancias\t\t\t\t\t\t<i data-feather=\"chevron-down\"><\/i>\n\t\t\t\t\t\t<\/button>\n\t\t\t\t\t\t\t\t\t\t\t<\/div>\n\t\t\t\t\t<div id=\"collapse-1\" class=\"collapse show\" aria-labelledby=\"heading-1\" data-parent=\"#args\">\n\t\t\t\t\t\t<div class=\"card-body\">\n\t\t\t\t\t\t\t<p>Capacitar suas equipes para o uso estrat\u00e9gico da Intelig\u00eancia Artificial \u00e9 o primeiro passo para impulsionar a transforma\u00e7\u00e3o digital. Nossas forma\u00e7\u00f5es ajudam profissionais de diferentes \u00e1reas a desenvolver as compet\u00eancias essenciais para aplicar a IA no dia a dia \u2014 da an\u00e1lise de dados \u00e0 automa\u00e7\u00e3o de tarefas, da tomada de decis\u00e3o ao relacionamento com o cliente.<\/p>\n<p>Ao final da forma\u00e7\u00e3o, sua empresa estar\u00e1 preparada para integrar uma IA personalizada, ajustada \u00e0 sua realidade, objetivos e fluxos de trabalho.<\/p>\n\t\t\t\t\t\t<\/div>\n\t\t\t\t\t<\/div>\n\t\t\t\t<\/div>\n\t\t\t\t\t\t\t\t\t\t\t\t\t\t\t\t\t\t\t\t<div class=\"card\">\n\t\t\t\t\t<div class=\"card-header\" id=\"heading-2\">\n\t\t\t\t\t\t<button class=\"btn btn-link collapsed\" type=\"button\" data-toggle=\"collapse\" data-target=\"#collapse-2\" aria-expanded=\"false\" aria-controls=\"collapse-2\">\n\t\t\t\t\t\tEngaje seus aprendizes\t\t\t\t\t\t<i data-feather=\"chevron-down\"><\/i>\n\t\t\t\t\t\t<\/button>\n\t\t\t\t\t\t\t\t\t\t\t<\/div>\n\t\t\t\t\t<div id=\"collapse-2\" class=\"collapse \" aria-labelledby=\"heading-2\" data-parent=\"#args\">\n\t\t\t\t\t\t<div class=\"card-body\">\n\t\t\t\t\t\t\t<p>A IA torna o aprendizado mais din\u00e2mico, interativo e personalizado. Com conte\u00fados adapt\u00e1veis e aplica\u00e7\u00f5es pr\u00e1ticas, conseguimos aumentar o engajamento dos participantes e acelerar a absor\u00e7\u00e3o do conhecimento. Seus colaboradores aprendem de forma mais eficiente, conectando teoria, pr\u00e1tica e contexto real de neg\u00f3cios \u2014 criando as bases para utilizar uma IA que fale a l\u00edngua da sua empresa.<\/p>\n\t\t\t\t\t\t<\/div>\n\t\t\t\t\t<\/div>\n\t\t\t\t<\/div>\n\t\t\t\t\t\t\t\t\t\t\t\t\t\t\t\t\t\t\t\t<div class=\"card\">\n\t\t\t\t\t<div class=\"card-header\" id=\"heading-3\">\n\t\t\t\t\t\t<button class=\"btn btn-link collapsed\" type=\"button\" data-toggle=\"collapse\" data-target=\"#collapse-3\" aria-expanded=\"false\" aria-controls=\"collapse-3\">\n\t\t\t\t\t\tGerencie sua performance\t\t\t\t\t\t<i data-feather=\"chevron-down\"><\/i>\n\t\t\t\t\t\t<\/button>\n\t\t\t\t\t\t\t\t\t\t\t<\/div>\n\t\t\t\t\t<div id=\"collapse-3\" class=\"collapse \" aria-labelledby=\"heading-3\" data-parent=\"#args\">\n\t\t\t\t\t\t<div class=\"card-body\">\n\t\t\t\t\t\t\t<p>Oferecemos ferramentas e abordagens que permitem acompanhar a evolu\u00e7\u00e3o do aprendizado com clareza e objetividade. A partir de dados concretos, sua empresa poder\u00e1 identificar avan\u00e7os, lacunas de conhecimento e oportunidades de melhoria \u2014 conectando o investimento em forma\u00e7\u00e3o com resultados reais de performance.<\/p>\n<p>E o melhor: ao fim do processo, voc\u00ea contar\u00e1 com uma IA treinada para apoiar decis\u00f5es, acelerar processos e gerar valor de forma cont\u00ednua.<\/p><\/p>\n\t\t\t\t\t\t<\/div>\n\t\t\t\t\t<\/div>\n\t\t\t\t<\/div>\n\t\t\t\t\t\t\t\t\t\t\t\t<\/div>\n\t\t\t<\/div>\n\t\t\t\n\t\t<\/div>\n\t<\/div>\n<\/section>\n\n\n \n <section class=\"light consultants consultants--map py-6\">\n\t  \n\t<div class=\"container\">\n\t  \n\t\t \t\t \n\t\t\t <div class=\"row\">\n\t\t\t\t \n\t\t\t\t <div class=\"col-lg-12 col-md-12 col-sm-12\">\n\t\t\t\t\t \n\t\t\t\t\t <h2 class=\"text-center\">\n\t\t\t\t\t\t \n\t\t\t\t\t\t Nosso especialista\t\t\t \n\t\t\t\t\t <\/h2>\n\t\t\t\t\t \n\t\t\t\t <\/div>\n\t\t\t\t \n\t\t\t <\/div>\n\t\t \n\t\t \t  \n\t\t <div class=\"row\">\n\t\t \n\t\t\t\t\t\t\t \n\t\t\t\t\t\t\t\t\t \n\t\t\t\t\t\t\t\t\t\t\t \n\t\t\t\t\t\t\t\t\t\t\t\t\n\t\t\t\t\t\t<div class=\"col-lg-3 col-md-3 col-sm-4 consultants__img\">\n\t\t\t\t\t\t\t<!-- <div class=\"consult-more\">\n\t\t\t\t\t\t\t\t\n\t\t\t\t\t\t\t\t<button type=\"button\" class=\"\" data-toggle=\"modal\" data-target=\"#c-3914\">\n\t\t\t\t\t\t\t\t  <i data-feather=\"eye\"><\/i>\n\t\t\t\t\t\t\t\t<\/button>\n\t\t\t\t\t\t\t\t\n\t\t\t\t\t\t\t<\/div> -->\n\t\t\t\t\t\t\t<div class=\"consultants__img--container\">\n\t\t\t\t\t\t\t\t\n\t\t\t\t\t\t\t\n\t\t\t\t\t\t\t\t\t\n\t\t\t\t\t\t\t\t\t<button type=\"button\" class=\"consult-more\" data-toggle=\"modal\" data-target=\"#c-3914\">\n\t\t\t\t\t\t\t\t\t  <i data-feather=\"eye\"><\/i>\n\t\t\t\t\t\t\t\t\t<\/button>\n\t\t\t\t\t\t\t\t\t\n\t\t\t\t\t\t\t\n\t\t\t\t\t\t\t\t\n\t\t\t\t\t\t\t\t<img decoding=\"async\" loading=\"lazy\" src=\"https:\/\/www.halifax-consulting.com\/br\/wp-content\/uploads\/sites\/4\/2025\/08\/Guilherme-Favaron.jpg\" alt=\"\" width=\"100%\" height=\"\" >\t\t\t\t\t\t\t<\/div>\n\t\t\t\t\t\t\t\n\t\t\t\t\t\t<\/div>\t\n\t\t\t\t\t\t\n\t\t\t\t\t\t<!-- Modal -->\n\t\t\t\t\t\t<div class=\"modal fade\" id=\"c-3914\" tabindex=\"-1\" role=\"dialog\" aria-labelledby=\"Guilherme Favaron\" aria-hidden=\"true\">\n\t\t\t\t\t\t\t<div class=\"modal-dialog modal-dialog-scrollable modal-fullscreen\" role=\"document\">\n\t\t\t\t\t\t\t\t<div class=\"modal-content text-center\">\n\t\t\t\t\t\t\t\t\t<div class=\"modal-header mx-auto\">\n\t\t\t\t\t\t\t\t\t\t\t\t\t\t\t\t\t\t\t<figure><img decoding=\"async\" loading=\"lazy\" src=\"https:\/\/www.halifax-consulting.com\/br\/wp-content\/uploads\/sites\/4\/2025\/08\/Guilherme-Favaron.jpg\" alt=\"\" width=\"90\" height=\"border: solid 2px #fff !important;\n\t\t\t\t\t\t\t\t\tdisplay: block !important;\n\t\t\t\t\t\t\t\t\tobject-fit: cover !important;\n\t\t\t\t\t\t\t\t\tobject-position: center top !important;\n\t\t\t\t\t\t\t\t\t\tborder-radius: 50% !important;\t\" ><\/figure>\t\t\t\t\t\t\t\t\t\n\t\t\t\t\t\t\t\t\t<\/div>\n\t\t\t\t\t\t\t\t\t<div class=\"modal-body w-80 mx-auto\">\n\t\t\t\t\t\t\t\t\t\t<h5 class=\"modal-title\" id=\"3914\">\n\t\t\t\t\t\t\t\t\t\t\tGuilherme Favaron<br>\n\t\t\t\t\t\t\t\t\t\t\t<small class=\"mute\">Instrutor | Senior AI Executive &amp; Estrategista de Vendas<\/small>\n\t\t\t\t\t\t\t\t\t\t<\/h5>\n\t\t\t\t\t\t\t\t\t\t\n\t\t\t\t\t\t\t\t\t\n\t\t\t\t\t\t\t\t\t\n\t\t\t\t\t\t\t\t\t\t\t<p class=\"text-center\">\n\t\t\t\t\t\t\t\t\t\t\t\t<p class=\"x_whitespace-normal x_break-words\" data-olk-copy-source=\"MessageBody\">Executivo de IA com 15+ anos transformando organiza&ccedil;&otilde;es atrav&eacute;s da aplica&ccedil;&atilde;o estrat&eacute;gica de intelig&ecirc;ncia artificial, com impacto financeiro comprovado de US$500M+ em mais de 200 projetos inovadores.<\/p>\n<p class=\"x_whitespace-normal x_break-words\">Atual VP de Tecnologia de Multinacional brit&acirc;nica, atua como&nbsp;AI Strategy Executive, Guilherme especializou-se em traduzir t&eacute;cnicas complexas de IA em resultados comerciais quantific&aacute;veis, combinando vis&atilde;o estrat&eacute;gica com aplica&ccedil;&atilde;o pr&aacute;tica no dia a dia de vendas.<\/p>\n<p class=\"x_whitespace-normal x_break-words\">Experi&ecirc;ncia &Uacute;nica<strong>:<\/strong><\/p>\n<ul class=\"x_[&amp;:not(:last-child)_ul]:pb-1 x_[&amp;:not(:last-child)_ol]:pb-1 x_list-disc x_space-y-1.5 x_pl-7\">\n<li class=\"x_whitespace-normal x_break-words\">Lideran&ccedil;a tecnol&oacute;gica em empresas de diferentes setores e portes<\/li>\n<li class=\"x_whitespace-normal x_break-words\">Implementa&ccedil;&atilde;o real de IA em processos comerciais, marketing e back-office<\/li>\n<li class=\"x_whitespace-normal x_break-words\">Autor do livro&nbsp;<em>&#8220;Desbloqueando a Intelig&ecirc;ncia Artificial &#8211; Um Guia Estrat&eacute;gico para Empres&aacute;rios na Era da IA&#8221;<\/em><\/li>\n<li class=\"x_whitespace-normal x_break-words\">Forma&ccedil;&atilde;o t&eacute;cnica s&oacute;lida: Ci&ecirc;ncias da Computa&ccedil;&atilde;o, Machine Learning Engineering e MA em Artificial Intelligence &amp; Vendas<\/li>\n<\/ul>\n<p class=\"x_whitespace-normal x_break-words\">Abordagem Pr&aacute;tica:&nbsp;Guilherme acredita que IA deve ser acess&iacute;vel e imediatamente aplic&aacute;vel. Sua metodologia combina conhecimento t&eacute;cnico com linguagem comercial, garantindo que cada participante saia do curso com ferramentas funcionais para usar no mesmo dia.<\/p>\t\t\t\t\t\t\t\t\t\t\t<\/p>\n\t\t\t\t\t\t\t\t\t\t\n\t\t\t\t\t\t\t\t\t\t\n\t\t\t\t\t\t\t\t\t\n\t\t\t\t\t\t\t\t\t\t<p class=\"mt-4 text-center\">\n\t\t\t\t\t\t\t\t\t\t\t<a data-dismiss=\"modal\" class=\"btn-close\" aria-label=\"Close\"><span aria-hidden=\"true\">&times;<\/span><\/a>\n\t\t\t\t\t\t\t\t\t\t<\/p>\n\t\t\t\t\t\t\t\t\t<\/div><!-- modal-body -->\t\n\t\t\t\t\t\t\t\t<\/div><!-- modal-content -->\t\n\t\t\t\t\t\t\t<\/div><!-- modal-dialog -->\t\n\t\t\t\t\t\t<\/div><!-- modal --> \n\t\t\t\t\t \n\t\t\t\t\t\n\t\t\t\t \n\t\t\t\t\t\t \n\t\t\t\t\t <\/div>\n\t<\/div>\n\t  \n <\/section>\n\n<section class=\"light p-6 essentiels\">\t\n\t\n\t<div class=\"container\">\n\t\t\n\t\t<div class=\"row\">\n\t\t\t\n\t\t\t<div class=\"col-lg-7 col-md-7 col-sm-12\">\n\t\t\t\t\n\t\t\t\t\t\t\t\t\t<h3>Sobre o programa<\/h3>\n\t\t\t\t\t<ul>\n<li>Forma&ccedil;&atilde;o IA &amp; Sales N&iacute;vel 1<\/li>\n<li>Dura&ccedil;&atilde;o: 2 dias (14 horas) + 1 hora de coaching individual<\/li>\n<li>Modalidade: Online<\/li>\n<li>Investimento: R$ 3.499 (inclui os 2 dias de forma&ccedil;&atilde;o e certifica&ccedil;&atilde;o)<\/li>\n<\/ul>\t\t\t\t\t\t\t\t\n\t\t\t\t\t\t\t\t\t<h3>Objetivos da forma\u00e7\u00e3o<\/h3>\n\t\t\t\t\t<p>Compreender os fundamentos da IA generativa e sua aplica&ccedil;&atilde;o nas vendas.<\/p>\n<p>Aprender a utilizar ferramentas de IA para gerar conte&uacute;dos em texto, imagem e v&iacute;deo.<\/p>\n<p>Criar e personalizar sua pr&oacute;pria IA com base em seus dados.<\/p>\n<p>Desenvolver habilidades em prompting para otimizar suas intera&ccedil;&otilde;es com a IA.<\/p>\n<p>Integrar t&eacute;cnicas avan&ccedil;adas de IA nas suas estrat&eacute;gias comerciais.<\/p>\t\t\t\t\t\t\t\t\n\t\t\t\t\t\t\t\t\t<h3>Metodologia<\/h3>\n\t\t\t\t\t<p>A forma&ccedil;&atilde;o adota uma abordagem participativa e imersiva, combinando exerc&iacute;cios pr&aacute;ticos, estudos de caso e simula&ccedil;&otilde;es que permitem aos participantes aplicar imediatamente os conhecimentos adquiridos.<\/p>\n<p>Investimento: R$ 3.499 (<em>inclui os 2 dias de forma&ccedil;&atilde;o e certifica&ccedil;&atilde;o<\/em>)<\/p>\t\t\t\t\t\t\t<\/div>\n\t\t\t\n\t\t\t<div class=\"col-lg-1 col-md-1 col-sm-12\">\t\t\t\n\t\t\t<\/div>\n\t\t\t\n\t\t\t<div class=\"col-lg-4 col-md-4 col-sm-12\">\n\t\t\t\n\t\t\t\t<!-- Notation CPF -->\n\t\t\t\t\n\t\t\t\t\n\t\t\t\t<!-- Bouton VOIR LE PROGRAMME -->\n\t\t\t\t\n\t\t\t\t<p class=\"mt-4\">\n\t\t\t\t\t\n\t\t\t\t\t\t\t\t\t\t<!-- true = ouverture lien externe -->\n\t\t\t\t\t<a class=\"btn btn-hx btn-hx-orange d-block\" href=\"https:\/\/zfrmz.com\/3QPeML65AyVoPOBMkpjx\" title=\"Inscreva-se\" target=\"_blank\">Inscreva-se<\/a>\n\t\t\t\t\t\n\t\t\t\t\t\t\t\t\t\t\n\t\t\t\t<\/p>\n\t\t\t<\/div>\n\t\t<\/div>\n\t<\/div>\n<\/section>\n\n<!-- MODALE -->\n\n<div class=\"modal fade\" id=\"programme\" tabindex=\"-1\" role=\"dialog\" aria-labelledby=\"programme\" aria-hidden=\"true\">\n\t\n\t<div class=\"modal-dialog modal-dialog-centered modal-lg modal-dialog-scrollable\" role=\"document\">\n    \t\n    \t<div class=\"modal-content\">\n\t\t\t\n\t\t\t<div class=\"modal-header\">\n\t\t\t\t\n\t\t\t\t<h5 class=\"modal-title\" id=\"prog\">programa<\/h5>\n\t\t\t\t\n\t\t\t\t<button type=\"button\" class=\"close\" data-dismiss=\"modal\" aria-label=\"Close\" title=\"\">\n\t\t\t\t\t<span aria-hidden=\"true\">&times;<\/span>\n\t\t\t\t<\/button>\n\t\t\t\t\n    \t\t<\/div>\n\t\t\t\n\t\t\t<div class=\"modal-body\">\n\t\t\t\t\n\t\t\t\t<div class=\"row\">\n\t\t\t\t\n\t\t\t\t\t<div class=\"col-lg-12 col-md-9 col-sm-12\">\n\t\t\t\t\t\t\n\t\t\t\t\t\t<div class=\"accordion accordion-programme\" id=\"prog\">\n\t\t\t\t\n\t\t\t\t\t\t\t\t\t\t\t\t\t\t\t\n\t\t\t\t\t\t\t\t\t\t\t\t\n\t\t\t\t\t\t\t\t<div class=\"card\">\n\t\t\t\t\t\n\t\t\t\t\t\t\t\t\t<div class=\"card-header\" id=\"heading1\">\n\t\t\t\t\t\t\n\t\t\t\t\t\t\t\t\t\t<button class=\"btn btn-link btn-block\" type=\"button\" data-toggle=\"collapse\" data-target=\"#collapse1\" aria-expanded=\"false\" aria-controls=\"collapse1\">\n\t\t\t\t\t\t\t\t\t\t\t\t\t\t\t\t\t\t\t\t\t\t\n\t\t\t\t\t\t\t\t\t\t<\/button>\n\t\t\n\t\t\t\t\t\t\t\t\t<\/div><!-- .card-header -->\n\t\t\t\t\t\n\t\t\t\t\t\t\t\t\t<div id=\"collapse1\" class=\"collapse\" aria-labelledby=\"heading1\" data-parent=\"#prog\">\n\t\t\t\t\t\t\t\t\t\t\n\t\t\t\t\t\t\t\t\t\t<div class=\"card-body\">\n\t\t\t\t\t\t\t\t\t\t\t\t\t\t\t\t\t\t\t\t\t<\/div><!-- .card-body -->\n\t\t\t\t\t\t\t\t\t\t\n\t\t\t\t\t\t\t\t\t<\/div><!-- .collapseID -->\n\t\t\t\t\t\t\t\t<\/div>\n\t\t\t\t\t\t\n\t\t\t\t\t\t\t\t\t\t\t\t\t\t\t\t\t\t\t\t\n\t\t\t\t\t\t<\/div>\n\t\t\t\t\t<\/div>\n\t\t\t\t<\/div>\n    \t\t<\/div>\n    \t<\/div>\n\t<\/div>\n<\/div>\n\n\n\n\n\n<div class=\"wp-block-media-text alignwide has-media-on-the-right is-stacked-on-mobile\" style=\"grid-template-columns:auto 42%\"><div class=\"wp-block-media-text__content\">\n<h3 class=\"wp-block-heading\"><strong>Exemplo de Caso de Uso<\/strong><\/h3>\n\n\n\n<p><strong>Gera\u00e7\u00e3o de apresenta\u00e7\u00f5es comerciais assistida por IA<\/strong><\/p>\n\n\n\n<p>Preparar uma apresenta\u00e7\u00e3o para o cliente n\u00e3o deveria levar horas. Gra\u00e7as a um processo estruturado que combina IA generativa, integra\u00e7\u00e3o de ferramentas de mercado com as quais temos parcerias e valida\u00e7\u00e3o humana, ajudamos voc\u00ea a industrializar a cria\u00e7\u00e3o dos seus materiais comerciais.<\/p>\n\n\n\n<p>As informa\u00e7\u00f5es-chave s\u00e3o centralizadas, os dados s\u00e3o automaticamente enriquecidos e um agente de IA gera um roteiro slide a slide otimizado para a sua organiza\u00e7\u00e3o.<\/p>\n\n\n\n<p><strong>Resultado:<\/strong> um ganho de tempo significativo, homogeneidade das mensagens, capacidade de personalizar para cada cliente de forma simples e a garantia para a empresa de que n\u00e3o h\u00e1 uso \u201cfora do padr\u00e3o\u201d da IA por iniciativas isoladas dos vendedores.<\/p>\n<\/div><figure class=\"wp-block-media-text__media\"><img decoding=\"async\" loading=\"lazy\" width=\"1024\" height=\"1024\" src=\"https:\/\/www.halifax-consulting.com\/br\/wp-content\/uploads\/sites\/4\/2025\/08\/ChatGPT-Image-20-aout-2025-14_44_04.png\" alt=\"\" class=\"wp-image-3920 size-full\" srcset=\"https:\/\/www.halifax-consulting.com\/br\/wp-content\/uploads\/sites\/4\/2025\/08\/ChatGPT-Image-20-aout-2025-14_44_04.png 1024w, https:\/\/www.halifax-consulting.com\/br\/wp-content\/uploads\/sites\/4\/2025\/08\/ChatGPT-Image-20-aout-2025-14_44_04-768x768.png 768w\" sizes=\"(max-width: 1024px) 100vw, 1024px\" \/><\/figure><\/div>\n\n\n\n<div class=\"wp-block-media-text alignwide is-stacked-on-mobile\"><figure class=\"wp-block-media-text__media\"><img decoding=\"async\" loading=\"lazy\" width=\"2560\" height=\"1440\" src=\"https:\/\/www.halifax-consulting.com\/br\/wp-content\/uploads\/sites\/4\/2025\/08\/Design-sem-nome-17.png\" alt=\"\" class=\"wp-image-3839 size-full\" srcset=\"https:\/\/www.halifax-consulting.com\/br\/wp-content\/uploads\/sites\/4\/2025\/08\/Design-sem-nome-17.png 2560w, https:\/\/www.halifax-consulting.com\/br\/wp-content\/uploads\/sites\/4\/2025\/08\/Design-sem-nome-17-768x432.png 768w, https:\/\/www.halifax-consulting.com\/br\/wp-content\/uploads\/sites\/4\/2025\/08\/Design-sem-nome-17-1536x864.png 1536w, https:\/\/www.halifax-consulting.com\/br\/wp-content\/uploads\/sites\/4\/2025\/08\/Design-sem-nome-17-2048x1152.png 2048w\" sizes=\"(max-width: 2560px) 100vw, 2560px\" \/><\/figure><div class=\"wp-block-media-text__content\">\n<p>&#8220;Ambiente leve, descontra\u00eddo e acolhedor \u2014 nem parecia um dia t\u00edpico de trabalho! As aplica\u00e7\u00f5es foram feitas diretamente sobre nosso caso real, o que foi super \u00fatil. E o espa\u00e7o para perguntas e respostas sobre a utiliza\u00e7\u00e3o foi essencial, principalmente para garantir continuidade no p\u00f3s-venda.&#8221;<\/p>\n<\/div><\/div>\n","protected":false},"excerpt":{"rendered":"<p>Ambiente leve, descontra\u00eddo e acolhedor \u2014 nem parecia um dia t\u00edpico de trabalho! As aplica\u00e7\u00f5es foram feitas diretamente sobre nosso caso real, o que foi super \u00fatil. E o espa\u00e7o para perguntas e respostas sobre a utiliza\u00e7\u00e3o foi essencial, principalmente para garantir continuidade no p\u00f3s-venda.<\/p>\n","protected":false},"author":23,"featured_media":3924,"parent":0,"menu_order":0,"comment_status":"closed","ping_status":"closed","template":"","meta":[],"categories":[],"acf":[],"yoast_head":"<!-- This site is optimized with the Yoast SEO plugin v19.9 - https:\/\/yoast.com\/wordpress\/plugins\/seo\/ -->\n<title>A Intelig\u00eancia Artificial para Equipes Comerciais e Corporativas - Halifax Consulting \u2013 BR<\/title>\n<link rel=\"canonical\" href=\"https:\/\/www.halifax-consulting.com\/br\/treinamento-inteligencia-artificial\/\" \/>\n<meta property=\"og:locale\" content=\"pt_BR\" \/>\n<meta property=\"og:type\" content=\"article\" \/>\n<meta property=\"og:title\" content=\"A Intelig\u00eancia Artificial para Equipes Comerciais e Corporativas - Halifax Consulting \u2013 BR\" \/>\n<meta property=\"og:description\" content=\"Ambiente leve, descontra\u00eddo e acolhedor \u2014 nem parecia um dia t\u00edpico de trabalho! As aplica\u00e7\u00f5es foram feitas diretamente sobre nosso caso real, o que foi super \u00fatil. E o espa\u00e7o para perguntas e respostas sobre a utiliza\u00e7\u00e3o foi essencial, principalmente para garantir continuidade no p\u00f3s-venda.\" \/>\n<meta property=\"og:url\" content=\"https:\/\/www.halifax-consulting.com\/br\/treinamento-inteligencia-artificial\/\" \/>\n<meta property=\"og:site_name\" content=\"Halifax Consulting \u2013 BR\" \/>\n<meta property=\"article:modified_time\" content=\"2025-08-20T19:19:05+00:00\" \/>\n<meta property=\"og:image\" content=\"https:\/\/www.halifax-consulting.com\/br\/wp-content\/uploads\/sites\/4\/2025\/08\/O-CLUBE-DA-EXELENCIA-COMERCIAL-14.png\" \/>\n\t<meta property=\"og:image:width\" content=\"2400\" \/>\n\t<meta property=\"og:image:height\" content=\"750\" \/>\n\t<meta property=\"og:image:type\" content=\"image\/png\" \/>\n<meta name=\"twitter:card\" content=\"summary_large_image\" \/>\n<meta name=\"twitter:label1\" content=\"Est. tempo de leitura\" \/>\n\t<meta name=\"twitter:data1\" content=\"1 minuto\" \/>\n<script type=\"application\/ld+json\" class=\"yoast-schema-graph\">{\"@context\":\"https:\/\/schema.org\",\"@graph\":[{\"@type\":\"WebPage\",\"@id\":\"https:\/\/www.halifax-consulting.com\/br\/treinamento-inteligencia-artificial\/\",\"url\":\"https:\/\/www.halifax-consulting.com\/br\/treinamento-inteligencia-artificial\/\",\"name\":\"A Intelig\u00eancia Artificial para Equipes Comerciais e Corporativas - Halifax Consulting \u2013 BR\",\"isPartOf\":{\"@id\":\"https:\/\/www.halifax-consulting.com\/br\/#website\"},\"datePublished\":\"2025-08-13T14:46:49+00:00\",\"dateModified\":\"2025-08-20T19:19:05+00:00\",\"breadcrumb\":{\"@id\":\"https:\/\/www.halifax-consulting.com\/br\/treinamento-inteligencia-artificial\/#breadcrumb\"},\"inLanguage\":\"pt-BR\",\"potentialAction\":[{\"@type\":\"ReadAction\",\"target\":[\"https:\/\/www.halifax-consulting.com\/br\/treinamento-inteligencia-artificial\/\"]}]},{\"@type\":\"BreadcrumbList\",\"@id\":\"https:\/\/www.halifax-consulting.com\/br\/treinamento-inteligencia-artificial\/#breadcrumb\",\"itemListElement\":[{\"@type\":\"ListItem\",\"position\":1,\"name\":\"Accueil\",\"item\":\"https:\/\/www.halifax-consulting.com\/br\/\"},{\"@type\":\"ListItem\",\"position\":2,\"name\":\"A Intelig\u00eancia Artificial para Equipes Comerciais e Corporativas\"}]},{\"@type\":\"WebSite\",\"@id\":\"https:\/\/www.halifax-consulting.com\/br\/#website\",\"url\":\"https:\/\/www.halifax-consulting.com\/br\/\",\"name\":\"Halifax Consulting \u2013 BR\",\"description\":\"Halifax Consulting est un cabinet de conseil en performance commerciale sp\u00e9cialis\u00e9 dans la formation des \u00e9quipes et managers\",\"potentialAction\":[{\"@type\":\"SearchAction\",\"target\":{\"@type\":\"EntryPoint\",\"urlTemplate\":\"https:\/\/www.halifax-consulting.com\/br\/?s={search_term_string}\"},\"query-input\":\"required name=search_term_string\"}],\"inLanguage\":\"pt-BR\"}]}<\/script>\n<!-- \/ Yoast SEO plugin. -->","yoast_head_json":{"title":"A Intelig\u00eancia Artificial para Equipes Comerciais e Corporativas - Halifax Consulting \u2013 BR","canonical":"https:\/\/www.halifax-consulting.com\/br\/treinamento-inteligencia-artificial\/","og_locale":"pt_BR","og_type":"article","og_title":"A Intelig\u00eancia Artificial para Equipes Comerciais e Corporativas - Halifax Consulting \u2013 BR","og_description":"Ambiente leve, descontra\u00eddo e acolhedor \u2014 nem parecia um dia t\u00edpico de trabalho! As aplica\u00e7\u00f5es foram feitas diretamente sobre nosso caso real, o que foi super \u00fatil. E o espa\u00e7o para perguntas e respostas sobre a utiliza\u00e7\u00e3o foi essencial, principalmente para garantir continuidade no p\u00f3s-venda.","og_url":"https:\/\/www.halifax-consulting.com\/br\/treinamento-inteligencia-artificial\/","og_site_name":"Halifax Consulting \u2013 BR","article_modified_time":"2025-08-20T19:19:05+00:00","og_image":[{"width":2400,"height":750,"url":"https:\/\/www.halifax-consulting.com\/br\/wp-content\/uploads\/sites\/4\/2025\/08\/O-CLUBE-DA-EXELENCIA-COMERCIAL-14.png","type":"image\/png"}],"twitter_card":"summary_large_image","twitter_misc":{"Est. tempo de leitura":"1 minuto"},"schema":{"@context":"https:\/\/schema.org","@graph":[{"@type":"WebPage","@id":"https:\/\/www.halifax-consulting.com\/br\/treinamento-inteligencia-artificial\/","url":"https:\/\/www.halifax-consulting.com\/br\/treinamento-inteligencia-artificial\/","name":"A Intelig\u00eancia Artificial para Equipes Comerciais e Corporativas - Halifax Consulting \u2013 BR","isPartOf":{"@id":"https:\/\/www.halifax-consulting.com\/br\/#website"},"datePublished":"2025-08-13T14:46:49+00:00","dateModified":"2025-08-20T19:19:05+00:00","breadcrumb":{"@id":"https:\/\/www.halifax-consulting.com\/br\/treinamento-inteligencia-artificial\/#breadcrumb"},"inLanguage":"pt-BR","potentialAction":[{"@type":"ReadAction","target":["https:\/\/www.halifax-consulting.com\/br\/treinamento-inteligencia-artificial\/"]}]},{"@type":"BreadcrumbList","@id":"https:\/\/www.halifax-consulting.com\/br\/treinamento-inteligencia-artificial\/#breadcrumb","itemListElement":[{"@type":"ListItem","position":1,"name":"Accueil","item":"https:\/\/www.halifax-consulting.com\/br\/"},{"@type":"ListItem","position":2,"name":"A Intelig\u00eancia Artificial para Equipes Comerciais e Corporativas"}]},{"@type":"WebSite","@id":"https:\/\/www.halifax-consulting.com\/br\/#website","url":"https:\/\/www.halifax-consulting.com\/br\/","name":"Halifax Consulting \u2013 BR","description":"Halifax Consulting est un cabinet de conseil en performance commerciale sp\u00e9cialis\u00e9 dans la formation des \u00e9quipes et managers","potentialAction":[{"@type":"SearchAction","target":{"@type":"EntryPoint","urlTemplate":"https:\/\/www.halifax-consulting.com\/br\/?s={search_term_string}"},"query-input":"required name=search_term_string"}],"inLanguage":"pt-BR"}]}},"_links":{"self":[{"href":"https:\/\/www.halifax-consulting.com\/br\/wp-json\/wp\/v2\/pages\/3771"}],"collection":[{"href":"https:\/\/www.halifax-consulting.com\/br\/wp-json\/wp\/v2\/pages"}],"about":[{"href":"https:\/\/www.halifax-consulting.com\/br\/wp-json\/wp\/v2\/types\/page"}],"author":[{"embeddable":true,"href":"https:\/\/www.halifax-consulting.com\/br\/wp-json\/wp\/v2\/users\/23"}],"replies":[{"embeddable":true,"href":"https:\/\/www.halifax-consulting.com\/br\/wp-json\/wp\/v2\/comments?post=3771"}],"version-history":[{"count":35,"href":"https:\/\/www.halifax-consulting.com\/br\/wp-json\/wp\/v2\/pages\/3771\/revisions"}],"predecessor-version":[{"id":3943,"href":"https:\/\/www.halifax-consulting.com\/br\/wp-json\/wp\/v2\/pages\/3771\/revisions\/3943"}],"wp:featuredmedia":[{"embeddable":true,"href":"https:\/\/www.halifax-consulting.com\/br\/wp-json\/wp\/v2\/media\/3924"}],"wp:attachment":[{"href":"https:\/\/www.halifax-consulting.com\/br\/wp-json\/wp\/v2\/media?parent=3771"}],"wp:term":[{"taxonomy":"category","embeddable":true,"href":"https:\/\/www.halifax-consulting.com\/br\/wp-json\/wp\/v2\/categories?post=3771"}],"curies":[{"name":"wp","href":"https:\/\/api.w.org\/{rel}","templated":true}]}}