{"id":384,"date":"2020-01-02T18:24:14","date_gmt":"2020-01-02T17:24:14","guid":{"rendered":"https:\/\/www.halifax-consulting.com\/?page_id=384"},"modified":"2025-05-21T11:45:48","modified_gmt":"2025-05-21T09:45:48","slug":"o-grupo","status":"publish","type":"page","link":"https:\/\/www.halifax-consulting.com\/br\/o-grupo\/","title":{"rendered":"O grupo"},"content":{"rendered":"<div class=\"container\">\n\t<div class=\"row\">\n\t\t<div class=\"col-lg-12 col-md-12 col-sm-12\">\n\t\t\t<h2 class=\"intro\">\n\t\t\t\t<strong class=\"intro-h2 d-block\">Pense globalmente aja localmente<\/strong>\n\t\t\t\t<p>Halifax &eacute; uma empresa de consultoria e treinamento especializada em desempenho de vendas e relacionamento com clientes. Fundada em 2003, crescemos e nos tornamos uma das poucas empresas europ&eacute;ias do setor capazes de oferecer suporte a clientes em todo o mundo. Oferecemos uma combina&ccedil;&atilde;o poderosa para nossos clientes:<\/p>\n<ul>\n<li>Experi&ecirc;ncia empresarial e conhecimento da fun&ccedil;&atilde;o comercial.<\/li>\n<li>Uma organiza&ccedil;&atilde;o com foco no mercado, que entende dos principais segmentos que atuam nossos clientes e conhece as melhores pr&aacute;ticas.<\/li>\n<li>Conte&uacute;do e m&eacute;todos atualizados constantemente com amplo alcance (mais de 15 publica&ccedil;&otilde;es, traduzidas para v&aacute;rios idiomas).<\/li>\n<li>Parcerias com as melhores escolas de neg&oacute;cios francesas e players globais de LMS que fornecem nosso conte&uacute;do e-learning em v&aacute;rios idiomas.<\/li>\n<li>Tecnologias de ponta para aprimorar o desempenho, alterar pr&aacute;ticas e permitir a implanta&ccedil;&atilde;o flex&iacute;vel.<\/li>\n<li>Escopo para gerenciar projetos globais em sintonia com as necessidades locais.<\/li>\n<\/ul>\t\t\t<\/h2>\n\t\t<\/div>\n\t<\/div>\n<\/div>\n\n\n<section class=\"navy bloc-texte-image p-0\">\t\n\t<div class=\"container-fluid\">\n\t\t<div class=\"row\">\n\t\t\t\t\t\t\n\t\t\t<div class=\"col-lg-8 col-md-6 col-md-12 p-6 bloc-texte-image--content\">\n\t\t\t\t<h4>Uma equipe dedicada para apoi\u00e1-lo<\/h4>\n\t\t\t\t<p>Nossa equipe de consultores trabalha em estreita colabora\u00e7\u00e3o com os departamentos de vendas, os gerentes de excel\u00eancia em vendas e as universidades corporativas para aprimorar diversas habilidades de vendedores, gerentes de vendas, gerentes de contas-chave (KAM), consultores t\u00e9cnicos, funcion\u00e1rios de linha de frente, suporte e telemarketing.<\/p>\n\t\t\t\t\t\t\t\t<p><a class=\"btn btn-hx btn-hx-orange\" href=\"https:\/\/www.halifax-consulting.com\/br\/o-grupo\/o-time-halifax-consulting\/\">Conhe\u00e7a a equipe Halifax<\/a><\/p>\n\t\t\t\t\t\t\t<\/div>\n\t\t\t\n\t\t\t\t\t\t<div class=\"col-lg-4 col-md-6 col-md-12 p-0\">\n\t\t\t\t<figure>\n<!-- \t\t\t\t\t<img decoding=\"async\" src=\"https:\/\/www.halifax-consulting.com\/br\/wp-content\/uploads\/sites\/4\/2020\/01\/halifax-consulting-equipe.jpg\" alt=\"photo\" width=\"100%\" \/> -->\n\t\t\t\t\t<img decoding=\"async\" loading=\"lazy\" src=\"https:\/\/www.halifax-consulting.com\/br\/wp-content\/uploads\/sites\/4\/2020\/01\/halifax-consulting-equipe.jpg\" alt=\"\" width=\"100%\" height=\"\" >\t\t\t\t<\/figure>\n\t\t\t<\/div>\n\t\t\t\t\t<\/div>\n\t<\/div>\n<\/section>\n\n<section class=\"white bloc-texte-image p-0\">\t\n\t<div class=\"container-fluid\">\n\t\t<div class=\"row\">\n\t\t\t\t\t\t<div class=\"col-lg-4 col-md-6 col-md-12 p-0\">\n\t\t\t\t<figure>\n<!-- \t\t\t\t\t<img decoding=\"async\" src=\"https:\/\/www.halifax-consulting.com\/br\/wp-content\/uploads\/sites\/4\/2025\/05\/Map-Monde-22.04.25.png\" alt=\"photo\" width=\"100%\" \/> -->\n\t\t\t\t\t<img decoding=\"async\" loading=\"lazy\" src=\"https:\/\/www.halifax-consulting.com\/br\/wp-content\/uploads\/sites\/4\/2025\/05\/Map-Monde-22.04.25.png\" alt=\"\" width=\"100%\" height=\"\" >\t\t\t\t<\/figure>\n\t\t\t<\/div>\n\t\t\t\t\t\t\n\t\t\t<div class=\"col-lg-8 col-md-6 col-md-12 p-6 bloc-texte-image--content\">\n\t\t\t\t<h4>Halifax Consulting ao redor do mundo<\/h4>\n\t\t\t\t<p>A Halifax Consulting apoia seus clientes internacionalmente atrav\u00e9s de 3 subsidi\u00e1rias ao redor do mundo (LATAM &#8211; S\u00e3o Paulo, \u00c1sia &#8211; Cingapura, MEA &#8211; Casablanca) e uma poderosa rede de distribuidores exclusivos da Halifax (12 distribuidores e agentes), permitindo a implanta\u00e7\u00e3o em mais de 15 idiomas diferentes.<\/p>\n\t\t\t\t\t\t\t\t<p><a class=\"btn btn-hx btn-hx-orange\" href=\"https:\/\/www.halifax-consulting.com\/br\/o-grupo\/presenca-internacional\/\">Saiba mais<\/a><\/p>\n\t\t\t\t\t\t\t<\/div>\n\t\t\t\n\t\t\t\t\t<\/div>\n\t<\/div>\n<\/section>","protected":false},"excerpt":{"rendered":"","protected":false},"author":1,"featured_media":385,"parent":0,"menu_order":40,"comment_status":"closed","ping_status":"closed","template":"page-generique-simple.php","meta":[],"categories":[],"acf":[],"yoast_head":"<!-- This site is optimized with the Yoast SEO plugin v19.9 - https:\/\/yoast.com\/wordpress\/plugins\/seo\/ -->\n<title>O grupo - Halifax Consulting \u2013 BR<\/title>\n<meta name=\"description\" content=\"Halifax \u00e9 uma empresa de consultoria e treinamento especializada em desempenho de vendas e relacionamento com clientes...\" \/>\n<link rel=\"canonical\" href=\"https:\/\/www.halifax-consulting.com\/br\/o-grupo\/\" \/>\n<meta property=\"og:locale\" content=\"pt_BR\" \/>\n<meta property=\"og:type\" content=\"article\" \/>\n<meta property=\"og:title\" content=\"O grupo - Halifax Consulting \u2013 BR\" \/>\n<meta property=\"og:description\" content=\"Halifax \u00e9 uma empresa de consultoria e treinamento especializada em desempenho de vendas e relacionamento com clientes...\" \/>\n<meta property=\"og:url\" content=\"https:\/\/www.halifax-consulting.com\/br\/o-grupo\/\" \/>\n<meta property=\"og:site_name\" content=\"Halifax Consulting \u2013 BR\" \/>\n<meta property=\"article:modified_time\" content=\"2025-05-21T09:45:48+00:00\" \/>\n<meta property=\"og:image\" content=\"https:\/\/www.halifax-consulting.com\/br\/wp-content\/uploads\/sites\/4\/2020\/01\/halifax-consulting-groupe.jpg\" \/>\n\t<meta property=\"og:image:width\" content=\"1000\" \/>\n\t<meta property=\"og:image:height\" content=\"360\" \/>\n\t<meta property=\"og:image:type\" content=\"image\/jpeg\" \/>\n<meta name=\"twitter:card\" content=\"summary_large_image\" \/>\n<script type=\"application\/ld+json\" class=\"yoast-schema-graph\">{\"@context\":\"https:\/\/schema.org\",\"@graph\":[{\"@type\":\"WebPage\",\"@id\":\"https:\/\/www.halifax-consulting.com\/br\/o-grupo\/\",\"url\":\"https:\/\/www.halifax-consulting.com\/br\/o-grupo\/\",\"name\":\"O grupo - Halifax Consulting \u2013 BR\",\"isPartOf\":{\"@id\":\"https:\/\/www.halifax-consulting.com\/br\/#website\"},\"datePublished\":\"2020-01-02T17:24:14+00:00\",\"dateModified\":\"2025-05-21T09:45:48+00:00\",\"description\":\"Halifax \u00e9 uma empresa de consultoria e treinamento especializada em desempenho de vendas e relacionamento com clientes...\",\"breadcrumb\":{\"@id\":\"https:\/\/www.halifax-consulting.com\/br\/o-grupo\/#breadcrumb\"},\"inLanguage\":\"pt-BR\",\"potentialAction\":[{\"@type\":\"ReadAction\",\"target\":[\"https:\/\/www.halifax-consulting.com\/br\/o-grupo\/\"]}]},{\"@type\":\"BreadcrumbList\",\"@id\":\"https:\/\/www.halifax-consulting.com\/br\/o-grupo\/#breadcrumb\",\"itemListElement\":[{\"@type\":\"ListItem\",\"position\":1,\"name\":\"Accueil\",\"item\":\"https:\/\/www.halifax-consulting.com\/br\/\"},{\"@type\":\"ListItem\",\"position\":2,\"name\":\"O grupo\"}]},{\"@type\":\"WebSite\",\"@id\":\"https:\/\/www.halifax-consulting.com\/br\/#website\",\"url\":\"https:\/\/www.halifax-consulting.com\/br\/\",\"name\":\"Halifax Consulting \u2013 BR\",\"description\":\"Halifax Consulting est un cabinet de conseil en performance commerciale sp\u00e9cialis\u00e9 dans la formation des \u00e9quipes et managers\",\"potentialAction\":[{\"@type\":\"SearchAction\",\"target\":{\"@type\":\"EntryPoint\",\"urlTemplate\":\"https:\/\/www.halifax-consulting.com\/br\/?s={search_term_string}\"},\"query-input\":\"required name=search_term_string\"}],\"inLanguage\":\"pt-BR\"}]}<\/script>\n<!-- \/ Yoast SEO plugin. -->","yoast_head_json":{"title":"O grupo - Halifax Consulting \u2013 BR","description":"Halifax \u00e9 uma empresa de consultoria e treinamento especializada em desempenho de vendas e relacionamento com clientes...","canonical":"https:\/\/www.halifax-consulting.com\/br\/o-grupo\/","og_locale":"pt_BR","og_type":"article","og_title":"O grupo - Halifax Consulting \u2013 BR","og_description":"Halifax \u00e9 uma empresa de consultoria e treinamento especializada em desempenho de vendas e relacionamento com clientes...","og_url":"https:\/\/www.halifax-consulting.com\/br\/o-grupo\/","og_site_name":"Halifax Consulting \u2013 BR","article_modified_time":"2025-05-21T09:45:48+00:00","og_image":[{"width":1000,"height":360,"url":"https:\/\/www.halifax-consulting.com\/br\/wp-content\/uploads\/sites\/4\/2020\/01\/halifax-consulting-groupe.jpg","type":"image\/jpeg"}],"twitter_card":"summary_large_image","schema":{"@context":"https:\/\/schema.org","@graph":[{"@type":"WebPage","@id":"https:\/\/www.halifax-consulting.com\/br\/o-grupo\/","url":"https:\/\/www.halifax-consulting.com\/br\/o-grupo\/","name":"O grupo - Halifax Consulting \u2013 BR","isPartOf":{"@id":"https:\/\/www.halifax-consulting.com\/br\/#website"},"datePublished":"2020-01-02T17:24:14+00:00","dateModified":"2025-05-21T09:45:48+00:00","description":"Halifax \u00e9 uma empresa de consultoria e treinamento especializada em desempenho de vendas e relacionamento com clientes...","breadcrumb":{"@id":"https:\/\/www.halifax-consulting.com\/br\/o-grupo\/#breadcrumb"},"inLanguage":"pt-BR","potentialAction":[{"@type":"ReadAction","target":["https:\/\/www.halifax-consulting.com\/br\/o-grupo\/"]}]},{"@type":"BreadcrumbList","@id":"https:\/\/www.halifax-consulting.com\/br\/o-grupo\/#breadcrumb","itemListElement":[{"@type":"ListItem","position":1,"name":"Accueil","item":"https:\/\/www.halifax-consulting.com\/br\/"},{"@type":"ListItem","position":2,"name":"O grupo"}]},{"@type":"WebSite","@id":"https:\/\/www.halifax-consulting.com\/br\/#website","url":"https:\/\/www.halifax-consulting.com\/br\/","name":"Halifax Consulting \u2013 BR","description":"Halifax Consulting est un cabinet de conseil en performance commerciale sp\u00e9cialis\u00e9 dans la formation des \u00e9quipes et managers","potentialAction":[{"@type":"SearchAction","target":{"@type":"EntryPoint","urlTemplate":"https:\/\/www.halifax-consulting.com\/br\/?s={search_term_string}"},"query-input":"required name=search_term_string"}],"inLanguage":"pt-BR"}]}},"_links":{"self":[{"href":"https:\/\/www.halifax-consulting.com\/br\/wp-json\/wp\/v2\/pages\/384"}],"collection":[{"href":"https:\/\/www.halifax-consulting.com\/br\/wp-json\/wp\/v2\/pages"}],"about":[{"href":"https:\/\/www.halifax-consulting.com\/br\/wp-json\/wp\/v2\/types\/page"}],"author":[{"embeddable":true,"href":"https:\/\/www.halifax-consulting.com\/br\/wp-json\/wp\/v2\/users\/1"}],"replies":[{"embeddable":true,"href":"https:\/\/www.halifax-consulting.com\/br\/wp-json\/wp\/v2\/comments?post=384"}],"version-history":[{"count":13,"href":"https:\/\/www.halifax-consulting.com\/br\/wp-json\/wp\/v2\/pages\/384\/revisions"}],"predecessor-version":[{"id":3632,"href":"https:\/\/www.halifax-consulting.com\/br\/wp-json\/wp\/v2\/pages\/384\/revisions\/3632"}],"wp:featuredmedia":[{"embeddable":true,"href":"https:\/\/www.halifax-consulting.com\/br\/wp-json\/wp\/v2\/media\/385"}],"wp:attachment":[{"href":"https:\/\/www.halifax-consulting.com\/br\/wp-json\/wp\/v2\/media?parent=384"}],"wp:term":[{"taxonomy":"category","embeddable":true,"href":"https:\/\/www.halifax-consulting.com\/br\/wp-json\/wp\/v2\/categories?post=384"}],"curies":[{"name":"wp","href":"https:\/\/api.w.org\/{rel}","templated":true}]}}