{"id":39,"date":"2019-12-13T14:45:31","date_gmt":"2019-12-13T13:45:31","guid":{"rendered":"https:\/\/www.halifax-consulting.com\/?page_id=39"},"modified":"2025-07-10T20:07:13","modified_gmt":"2025-07-10T18:07:13","slug":"adaptive-learning","status":"publish","type":"page","link":"https:\/\/www.halifax-consulting.com\/br\/aprendizagem-digital\/adaptive-learning\/","title":{"rendered":"Aprendizagem adaptativa"},"content":{"rendered":"<div class=\"container\">\n\t<div class=\"row\">\n\t\t<div class=\"col-lg-12 col-md-12 col-sm-12\">\n\t\t\t<h2 class=\"intro\">\n\t\t\t\t<strong class=\"intro-h2 d-block\">Todo c\u00e9rebro \u00e9 diferente<\/strong>\n\t\t\t\t<p data-start=\"179\" data-end=\"425\">Os treinamentos sempre foram criados em torno de aulas e grupos, na tentativa de tornar o aprendizado mais eficiente. No entanto, todos sabemos que nada supera uma abordagem individual e personalizada, pois o c&eacute;rebro de cada pessoa &eacute; diferente.<\/p>\n<p data-start=\"427\" data-end=\"622\">Por isso, na Halifax, nos especializamos rapidamente em abordagens de aprendizado adaptativo, capacitando as pessoas a aprenderem no seu pr&oacute;prio ritmo, de acordo com suas prefer&ecirc;ncias pessoais.<\/p>\n<p data-start=\"624\" data-end=\"735\">Atualmente, utilizamos um dos melhores sistemas dispon&iacute;veis, com base em uma tecnologia dinamarquesa inovadora.<\/p>\t\t\t<\/h2>\n\t\t<\/div>\n\t<\/div>\n<\/div>\n\n\n<div class=\"container pb-6\">\n\t<div class=\"row\">\n\t\t<div class=\"col-lg-4 col-md-4 col-sm-12\">\n\t\t\t<h4 class=\"key\">50%<\/h4>\n\t\t\t<p class=\"key-description\">redu\u00e7\u00e3o m\u00e9dia no tempo de aprendizagem em compara\u00e7\u00e3o com as abordagens convencionais de e-learning<\/p>\t\t\t\t\t\t\t\n\t\t<\/div>\n\t\t<div class=\"col-lg-4 col-md-4 col-sm-12\">\n\t\t\t<h4 class=\"key\">20 milh\u00f5es<\/h4>\n\t\t\t<p class=\"key-description\">usu\u00e1rios em todo o mundo<\/p>\t\t\t\t\t\t\n\t\t<\/div>\n\t\t<div class=\"col-lg-4 col-md-4 col-sm-12\">\n\t\t\t<h4 class=\"key\">20 anos<\/h4>\t\n\t\t\t<p class=\"key-description\">de pesquisa combinando neuroci\u00eancia e intelig\u00eancia artificial<\/p>\t\t\t\t\t\n\t\t<\/div>\n\t<\/div>\n<\/div>\n\n<section class=\"light block-benefits-4 py-6\">\n\t<div class=\"container\">\n\t\t<div class=\"row\">\n\t\t\t<div class=\"col-lg-12 col-md-12 col-sm-12\">\n\t\t\t\t<h2 class=\"text-center\">\n\t\t\t\t\tBenef\u00edcios\t\t\t\t\t<span class=\"h2-subtitle\"><\/span>\n\t\t\t\t\t\n\t\t\t\t\t\n\t\t\t\t<\/h2>\n\t\t\t<\/div>\n\t\t<\/div>\n\t\t<div class=\"row\">\n\t\t\t\t\n\t\t\t\t\t\n\t\t\t\t\t<div class=\"col-lg-6 col-md-6 col-sm-12 mb-4\">\n\t\t\t\t\t\t<div class=\"row\">\n\t\t\t\t\t\t\t<div class=\"col-lg-2 col-sm-3 col-sm-12\">\n\t\t\t\t\t\t\t\t<img decoding=\"async\" class=\"fadeIn\" src=\"https:\/\/www.halifax-consulting.com\/br\/wp-content\/themes\/halifax\/library\/img\/halifax-consulting-benefits-icon.svg\" alt=\"icone benefices\" width=\"100%\" \/>\n\t\t\t\t\t\t\t<\/div>\n\t\t\t\t\t\t\t<div class=\"col-lg-10 col-sm-9 col-sm-12 fadeIn\">\n\t\t\t\t\t\t\t\t<h3 class=\"benef-title\">Uma experi\u00eancia de aprendizado sob medida<\/h3>\n\t\t\t\t\t\t\t\t<p class=\"benef-content\">Um curso de e-learning adaptado \u00e0s necessidades individuais, adequado para implanta\u00e7\u00e3o em larga escala.<br>\n\t\t\t\t\t\t\t\t\t\t\t\t\t\t\t\t\t<\/p>\n\t\t\t\t\t\t\t<\/div>\n\t\t\t\t\t\t<\/div>\n\t\t\t\t\t<\/div>\n\t\t\t\t\t\n\t\t\t\t\t\t\n\t\t\t\t\t\n\t\t\t\t\t<div class=\"col-lg-6 col-md-6 col-sm-12 mb-4\">\n\t\t\t\t\t\t<div class=\"row\">\n\t\t\t\t\t\t\t<div class=\"col-lg-2 col-sm-3 col-sm-12\">\n\t\t\t\t\t\t\t\t<img decoding=\"async\" class=\"fadeIn\" src=\"https:\/\/www.halifax-consulting.com\/br\/wp-content\/themes\/halifax\/library\/img\/halifax-consulting-benefits-icon.svg\" alt=\"icone benefices\" width=\"100%\" \/>\n\t\t\t\t\t\t\t<\/div>\n\t\t\t\t\t\t\t<div class=\"col-lg-10 col-sm-9 col-sm-12 fadeIn\">\n\t\t\t\t\t\t\t\t<h3 class=\"benef-title\">Uma vis\u00e3o hol\u00edstica do treinamento<\/h3>\n\t\t\t\t\t\t\t\t<p class=\"benef-content\">A solu\u00e7\u00e3o fornece ao participante e ao administrador da plataforma, relat\u00f3rios poderosos e precisos sobre a aquisi\u00e7\u00e3o de habilidades.<br>\n\t\t\t\t\t\t\t\t\t\t\t\t\t\t\t\t\t<\/p>\n\t\t\t\t\t\t\t<\/div>\n\t\t\t\t\t\t<\/div>\n\t\t\t\t\t<\/div>\n\t\t\t\t\t\n\t\t\t\t\t\t\n\t\t\t\t\t\n\t\t\t\t\t<div class=\"col-lg-6 col-md-6 col-sm-12 mb-4\">\n\t\t\t\t\t\t<div class=\"row\">\n\t\t\t\t\t\t\t<div class=\"col-lg-2 col-sm-3 col-sm-12\">\n\t\t\t\t\t\t\t\t<img decoding=\"async\" class=\"fadeIn\" src=\"https:\/\/www.halifax-consulting.com\/br\/wp-content\/themes\/halifax\/library\/img\/halifax-consulting-benefits-icon.svg\" alt=\"icone benefices\" width=\"100%\" \/>\n\t\t\t\t\t\t\t<\/div>\n\t\t\t\t\t\t\t<div class=\"col-lg-10 col-sm-9 col-sm-12 fadeIn\">\n\t\t\t\t\t\t\t\t<h3 class=\"benef-title\">V\u00e1rios recursos dispon\u00edveis<\/h3>\n\t\t\t\t\t\t\t\t<p class=\"benef-content\">Aumente o comprometimento do gerente com indicadores espec\u00edficos, permitindo treinamento e acompanhamento personalizados, al\u00e9m de uma avalia\u00e7\u00e3o precisa das habilidades adquiridas.<br>\n\t\t\t\t\t\t\t\t\t\t\t\t\t\t\t\t\t<\/p>\n\t\t\t\t\t\t\t<\/div>\n\t\t\t\t\t\t<\/div>\n\t\t\t\t\t<\/div>\n\t\t\t\t\t\n\t\t\t\t\t\t\n\t\t\t\t\t\n\t\t\t\t\t<div class=\"col-lg-6 col-md-6 col-sm-12 mb-4\">\n\t\t\t\t\t\t<div class=\"row\">\n\t\t\t\t\t\t\t<div class=\"col-lg-2 col-sm-3 col-sm-12\">\n\t\t\t\t\t\t\t\t<img decoding=\"async\" class=\"fadeIn\" src=\"https:\/\/www.halifax-consulting.com\/br\/wp-content\/themes\/halifax\/library\/img\/halifax-consulting-benefits-icon.svg\" alt=\"icone benefices\" width=\"100%\" \/>\n\t\t\t\t\t\t\t<\/div>\n\t\t\t\t\t\t\t<div class=\"col-lg-10 col-sm-9 col-sm-12 fadeIn\">\n\t\t\t\t\t\t\t\t<h3 class=\"benef-title\">Conte\u00fado personalizado<\/h3>\n\t\t\t\t\t\t\t\t<p class=\"benef-content\">Se voc\u00ea deseja melhorar o impacto de seus cursos de e-learning, possui m\u00f3dulos dif\u00edceis de implantar, atualiza\u00e7\u00f5es frequentes, certifica\u00e7\u00f5es para realizar, a Halifax ajuda voc\u00ea a criar suas pr\u00f3prias metodologias para ser independente.<br>\n\t\t\t\t\t\t\t\t\t\t\t\t\t\t\t\t\t<\/p>\n\t\t\t\t\t\t\t<\/div>\n\t\t\t\t\t\t<\/div>\n\t\t\t\t\t<\/div>\n\t\t\t\t\t\n\t\t\t\t\t\t\t\t\n\t\t<\/div>\n\t<\/div>\n<\/section>\n\n<section class=\"navy py-6\">\n\t<div class=\"container\">\n\t\t<div class=\"row\">\n\t\t\t<div class=\"col-lg-12 col-md-12 col-sm-12\">\n\t\t\t\t<h2 class=\"text-center\">\n\t\t\t\t\tAprendizagem adaptativa: uma solu\u00e7\u00e3o para todos\t\t\t\t\t<span class=\"h2-subtitle\"><\/span>\n\t\t\t\t\t\n\t\t\t\t\t\n\t\t\t\t<\/h2>\n\t\t\t<\/div>\n\t\t<\/div>\n\t\t<div class=\"row\">\n\t\t\t\n\t\t\t<div class=\"col-lg-12 col-md-12 col-sm-12\">\n\t\t\t\t<div class=\"accordion\" id=\"accordionExample\">\n\t\t\t\t\t<div class=\"card\">\n\t\t\t\t\t    <div class=\"card-header\" id=\"headingOne\">\n\t\t\t\t\t\n\t\t\t\t\t        <button type=\"button\" data-toggle=\"collapse\" data-target=\"#collapseOne\" aria-expanded=\"true\" aria-controls=\"collapseOne\">\n\t\t\t\t\t        \tPara os participantes\t\t\t\t\t        \t<i data-feather=\"chevron-down\"><\/i>\n\t\t\t\t\t        <\/button>\n\t\t\t\t\t\t\t\n\t\t\t\t\t    <\/div>\n\t\t\t\t\t\n\t\t\t\t\t    <div id=\"collapseOne\" class=\"collapse show\" aria-labelledby=\"headingOne\" data-parent=\"#accordionExample\">\n\t\t\t\t\t\t    <div class=\"card-body\">\n\t\t\t\t\t\t        <ul>\n<li> Aumente o seu engajamento com um sistema que permite que voc\u00ea aprenda no seu pr\u00f3prio ritmo, com base em suas prefer\u00eancias, oportunidades e dificuldades pessoais. <\/li>\n<li> Obtenha acesso a uma extensa biblioteca de recursos, com centenas de v\u00eddeos, PDFs, apresenta\u00e7\u00f5es e muito mais, que voc\u00ea pode usar como e quando estiver pronto. <\/li>\n<\/ul>\n\t\t\t\t\t\t    <\/div>\n\t\t\t\t\t    <\/div>\n\t\t\t\t\t<\/div>\n\t\t\t\t\t<div class=\"card\">\n\t\t\t\t\t    <div class=\"card-header\" id=\"headingTwo\">\n\t\t\t\t\t      \n\t\t\t\t\t        <button class=\"btn btn-link collapsed\" type=\"button\" data-toggle=\"collapse\" data-target=\"#collapseTwo\" aria-expanded=\"false\" aria-controls=\"collapseTwo\">\n\t\t\t\t\t        \tPara as empresas\t\t\t\t\t        \t<i data-feather=\"chevron-down\"><\/i>\n\t\t\t\t\t        <\/button>\n\t\t\t\t\t    <\/div>\n\t\t\t\t\t    <div id=\"collapseTwo\" class=\"collapse\" aria-labelledby=\"headingTwo\" data-parent=\"#accordionExample\">\n\t\t\t\t\t      <div class=\"card-body\">\n\t\t\t\t\t        <ul>\n<li> O aprendizado adapt\u00e1vel permite que pessoas de diferentes n\u00edveis iniciem o mesmo programa, garantindo que todos terminem com o mesmo n\u00edvel de habilidades e conhecimentos <\/li>\n<li> Em algumas quest\u00f5es cr\u00edticas, que exigem 100% de conhecimento, fornecemos uma maneira simples e f\u00e1cil de garantir que todos atinjam o mais alto padr\u00e3o <\/li>\n<li> Tenha um retrato detalhado dos perfis dos participantes e fa\u00e7a um trabalho especif\u00edco para suprir as defici\u00eancias. <\/li>\n<\/ul>\n\t\t\t\t\t      <\/div>\n\t\t\t\t\t    <\/div>\n\t\t\t\t\t  <\/div>\n\t\t\t\t\t\t\t\t\t\t\t\t\t\t\t\t\t\t\t\t\t\t\t\t\t\t\t\t\t\t\t\t\t\t<\/div>\n\t\t\t<\/div>\n\t\t\t\n\t\t<\/div>\n\t<\/div>\n<\/section>","protected":false},"excerpt":{"rendered":"<p>Bespoke learning based on neuroscience and artificial intelligence<\/p>\n","protected":false},"author":1,"featured_media":1460,"parent":549,"menu_order":30,"comment_status":"closed","ping_status":"closed","template":"page-generique-simple.php","meta":[],"categories":[],"acf":[],"yoast_head":"<!-- This site is optimized with the Yoast SEO plugin v19.9 - https:\/\/yoast.com\/wordpress\/plugins\/seo\/ -->\n<title>Aprendizagem adaptativa - Halifax Consulting \u2013 BR<\/title>\n<meta name=\"description\" content=\"Os treinamentos sempre foram criados em torno de aulas e grupos, na tentativa de tornar as coisas mais eficientes...\" \/>\n<link rel=\"canonical\" href=\"https:\/\/www.halifax-consulting.com\/br\/aprendizagem-digital\/adaptive-learning\/\" \/>\n<meta property=\"og:locale\" content=\"pt_BR\" \/>\n<meta property=\"og:type\" content=\"article\" \/>\n<meta property=\"og:title\" content=\"Aprendizagem adaptativa - Halifax Consulting \u2013 BR\" \/>\n<meta property=\"og:description\" content=\"Os treinamentos sempre foram criados em torno de aulas e grupos, na tentativa de tornar as coisas mais eficientes...\" \/>\n<meta property=\"og:url\" content=\"https:\/\/www.halifax-consulting.com\/br\/aprendizagem-digital\/adaptive-learning\/\" \/>\n<meta property=\"og:site_name\" content=\"Halifax Consulting \u2013 BR\" \/>\n<meta property=\"article:modified_time\" content=\"2025-07-10T18:07:13+00:00\" \/>\n<meta property=\"og:image\" content=\"https:\/\/www.halifax-consulting.com\/br\/wp-content\/uploads\/sites\/4\/2020\/03\/halifax-consulting-digital-learning-adaptive.jpg\" \/>\n\t<meta property=\"og:image:width\" content=\"1000\" \/>\n\t<meta property=\"og:image:height\" content=\"360\" \/>\n\t<meta property=\"og:image:type\" content=\"image\/jpeg\" \/>\n<meta name=\"twitter:card\" content=\"summary_large_image\" \/>\n<script type=\"application\/ld+json\" class=\"yoast-schema-graph\">{\"@context\":\"https:\/\/schema.org\",\"@graph\":[{\"@type\":\"WebPage\",\"@id\":\"https:\/\/www.halifax-consulting.com\/br\/aprendizagem-digital\/adaptive-learning\/\",\"url\":\"https:\/\/www.halifax-consulting.com\/br\/aprendizagem-digital\/adaptive-learning\/\",\"name\":\"Aprendizagem adaptativa - Halifax Consulting \u2013 BR\",\"isPartOf\":{\"@id\":\"https:\/\/www.halifax-consulting.com\/br\/#website\"},\"datePublished\":\"2019-12-13T13:45:31+00:00\",\"dateModified\":\"2025-07-10T18:07:13+00:00\",\"description\":\"Os treinamentos sempre foram criados em torno de aulas e grupos, na tentativa de tornar as coisas mais eficientes...\",\"breadcrumb\":{\"@id\":\"https:\/\/www.halifax-consulting.com\/br\/aprendizagem-digital\/adaptive-learning\/#breadcrumb\"},\"inLanguage\":\"pt-BR\",\"potentialAction\":[{\"@type\":\"ReadAction\",\"target\":[\"https:\/\/www.halifax-consulting.com\/br\/aprendizagem-digital\/adaptive-learning\/\"]}]},{\"@type\":\"BreadcrumbList\",\"@id\":\"https:\/\/www.halifax-consulting.com\/br\/aprendizagem-digital\/adaptive-learning\/#breadcrumb\",\"itemListElement\":[{\"@type\":\"ListItem\",\"position\":1,\"name\":\"Accueil\",\"item\":\"https:\/\/www.halifax-consulting.com\/br\/\"},{\"@type\":\"ListItem\",\"position\":2,\"name\":\"Digital &amp; IA\",\"item\":\"https:\/\/www.halifax-consulting.com\/br\/aprendizagem-digital\/\"},{\"@type\":\"ListItem\",\"position\":3,\"name\":\"Aprendizagem adaptativa\"}]},{\"@type\":\"WebSite\",\"@id\":\"https:\/\/www.halifax-consulting.com\/br\/#website\",\"url\":\"https:\/\/www.halifax-consulting.com\/br\/\",\"name\":\"Halifax Consulting \u2013 BR\",\"description\":\"Halifax Consulting est un cabinet de conseil en performance commerciale sp\u00e9cialis\u00e9 dans la formation des \u00e9quipes et managers\",\"potentialAction\":[{\"@type\":\"SearchAction\",\"target\":{\"@type\":\"EntryPoint\",\"urlTemplate\":\"https:\/\/www.halifax-consulting.com\/br\/?s={search_term_string}\"},\"query-input\":\"required name=search_term_string\"}],\"inLanguage\":\"pt-BR\"}]}<\/script>\n<!-- \/ Yoast SEO plugin. -->","yoast_head_json":{"title":"Aprendizagem adaptativa - Halifax Consulting \u2013 BR","description":"Os treinamentos sempre foram criados em torno de aulas e grupos, na tentativa de tornar as coisas mais eficientes...","canonical":"https:\/\/www.halifax-consulting.com\/br\/aprendizagem-digital\/adaptive-learning\/","og_locale":"pt_BR","og_type":"article","og_title":"Aprendizagem adaptativa - Halifax Consulting \u2013 BR","og_description":"Os treinamentos sempre foram criados em torno de aulas e grupos, na tentativa de tornar as coisas mais eficientes...","og_url":"https:\/\/www.halifax-consulting.com\/br\/aprendizagem-digital\/adaptive-learning\/","og_site_name":"Halifax Consulting \u2013 BR","article_modified_time":"2025-07-10T18:07:13+00:00","og_image":[{"width":1000,"height":360,"url":"https:\/\/www.halifax-consulting.com\/br\/wp-content\/uploads\/sites\/4\/2020\/03\/halifax-consulting-digital-learning-adaptive.jpg","type":"image\/jpeg"}],"twitter_card":"summary_large_image","schema":{"@context":"https:\/\/schema.org","@graph":[{"@type":"WebPage","@id":"https:\/\/www.halifax-consulting.com\/br\/aprendizagem-digital\/adaptive-learning\/","url":"https:\/\/www.halifax-consulting.com\/br\/aprendizagem-digital\/adaptive-learning\/","name":"Aprendizagem adaptativa - Halifax Consulting \u2013 BR","isPartOf":{"@id":"https:\/\/www.halifax-consulting.com\/br\/#website"},"datePublished":"2019-12-13T13:45:31+00:00","dateModified":"2025-07-10T18:07:13+00:00","description":"Os treinamentos sempre foram criados em torno de aulas e grupos, na tentativa de tornar as coisas mais eficientes...","breadcrumb":{"@id":"https:\/\/www.halifax-consulting.com\/br\/aprendizagem-digital\/adaptive-learning\/#breadcrumb"},"inLanguage":"pt-BR","potentialAction":[{"@type":"ReadAction","target":["https:\/\/www.halifax-consulting.com\/br\/aprendizagem-digital\/adaptive-learning\/"]}]},{"@type":"BreadcrumbList","@id":"https:\/\/www.halifax-consulting.com\/br\/aprendizagem-digital\/adaptive-learning\/#breadcrumb","itemListElement":[{"@type":"ListItem","position":1,"name":"Accueil","item":"https:\/\/www.halifax-consulting.com\/br\/"},{"@type":"ListItem","position":2,"name":"Digital &amp; IA","item":"https:\/\/www.halifax-consulting.com\/br\/aprendizagem-digital\/"},{"@type":"ListItem","position":3,"name":"Aprendizagem adaptativa"}]},{"@type":"WebSite","@id":"https:\/\/www.halifax-consulting.com\/br\/#website","url":"https:\/\/www.halifax-consulting.com\/br\/","name":"Halifax Consulting \u2013 BR","description":"Halifax Consulting est un cabinet de conseil en performance commerciale sp\u00e9cialis\u00e9 dans la formation des \u00e9quipes et managers","potentialAction":[{"@type":"SearchAction","target":{"@type":"EntryPoint","urlTemplate":"https:\/\/www.halifax-consulting.com\/br\/?s={search_term_string}"},"query-input":"required name=search_term_string"}],"inLanguage":"pt-BR"}]}},"_links":{"self":[{"href":"https:\/\/www.halifax-consulting.com\/br\/wp-json\/wp\/v2\/pages\/39"}],"collection":[{"href":"https:\/\/www.halifax-consulting.com\/br\/wp-json\/wp\/v2\/pages"}],"about":[{"href":"https:\/\/www.halifax-consulting.com\/br\/wp-json\/wp\/v2\/types\/page"}],"author":[{"embeddable":true,"href":"https:\/\/www.halifax-consulting.com\/br\/wp-json\/wp\/v2\/users\/1"}],"replies":[{"embeddable":true,"href":"https:\/\/www.halifax-consulting.com\/br\/wp-json\/wp\/v2\/comments?post=39"}],"version-history":[{"count":10,"href":"https:\/\/www.halifax-consulting.com\/br\/wp-json\/wp\/v2\/pages\/39\/revisions"}],"predecessor-version":[{"id":3723,"href":"https:\/\/www.halifax-consulting.com\/br\/wp-json\/wp\/v2\/pages\/39\/revisions\/3723"}],"up":[{"embeddable":true,"href":"https:\/\/www.halifax-consulting.com\/br\/wp-json\/wp\/v2\/pages\/549"}],"wp:featuredmedia":[{"embeddable":true,"href":"https:\/\/www.halifax-consulting.com\/br\/wp-json\/wp\/v2\/media\/1460"}],"wp:attachment":[{"href":"https:\/\/www.halifax-consulting.com\/br\/wp-json\/wp\/v2\/media?parent=39"}],"wp:term":[{"taxonomy":"category","embeddable":true,"href":"https:\/\/www.halifax-consulting.com\/br\/wp-json\/wp\/v2\/categories?post=39"}],"curies":[{"name":"wp","href":"https:\/\/api.w.org\/{rel}","templated":true}]}}