{"id":524,"date":"2020-01-23T20:53:34","date_gmt":"2020-01-23T19:53:34","guid":{"rendered":"https:\/\/www.halifax-consulting.com\/?page_id=524"},"modified":"2023-06-26T16:17:14","modified_gmt":"2023-06-26T14:17:14","slug":"o-time-halifax-consulting","status":"publish","type":"page","link":"https:\/\/www.halifax-consulting.com\/br\/o-grupo\/o-time-halifax-consulting\/","title":{"rendered":"O time Halifax Consulting"},"content":{"rendered":"<div class=\"container\">\n\t<div class=\"row\">\n\t\t<div class=\"col-lg-12 col-md-12 col-sm-12\">\n\t\t\t<h2 class=\"intro\">\n\t\t\t\t<strong class=\"intro-h2 d-block\">Especialistas em consultoria e treinamento<\/strong>\n\t\t\t\t<p>A Halifax Consulting foi criada na Fran&ccedil;a em 2003 e agora &eacute; l&iacute;der no mercado de treinamento e consultoria de vendas. Continuamos a crescer rapidamente <a title=\"An international presence\" href=\"https:\/\/www.halifax-consulting.com\/en\/about-us\/international-presence\/\" target=\"_self\">na Europa e no mundo, com presen&ccedil;a local em mais de 20 pa&iacute;ses<\/a>.<\/p>\t\t\t<\/h2>\n\t\t<\/div>\n\t<\/div>\n<\/div>\n\n\n<div class=\"consultants_auto\">\n<section class=\"light py-6\">\n\t<div class=\"container\">\n\t\t<div class=\"row\">\n\t\t\t<div class=\"col-lg-12 col-md-12 col-sm-12\">\n\t\t\t\t<h2 class=\"text-center\">\n\t\t\t\t\tManaging Partner Halifax Consulting no Brasil \t\t\t\t\t<span class=\"h2-subtitle\"><\/span>\n\t\t\t\t\t<span class=\"resp-show\">\n\t\t\t\t\t\t\t\t\t\t<\/span>\n\t\t\t\t\t\n\t\t\t\t<\/h2>\n\t\t\t<\/div>\n\t\t<\/div>\n\t\t<div class=\"row flex justify-content-center\">\n\t\t\t\n\t\t\t\t\n\t\t\t\t\n\t\t\t\t\t\t\n\t\t\t\t<div class=\"col-lg-3 col-md-4 col-sm-6 mb-5\">\n\t\t\t\t\t\n\t\t\t\t\t<div class=\"card-consultants-round\">\n\t\t\t\t\t\t\n\t\t\t\t\t\t<div class=\"consult-more\">\n\t\t\t\t\t\t\t\n\t\t\t\t\t\t\t<button type=\"button\" class=\"btn btn-primary\" data-toggle=\"modal\" data-target=\"#vincentparachini\">\n\t\t\t\t\t\t\t  <i data-feather=\"eye\"><\/i>\n\t\t\t\t\t\t\t<\/button>\n\t\t\t\t\t\t\t\n\t\t\t\t\t\t<\/div>\n\t\t\t\n\t\t\t\t\t\t<figure>\n\t\t\t\t\t\t\t<img decoding=\"async\" src=\"https:\/\/www.halifax-consulting.com\/br\/wp-content\/uploads\/sites\/4\/2022\/09\/vincent-2.jpg\" width=\"100%\" \/>\n\t\t\t\t\t\t<\/figure>\n\n\t\t\t\t\t<\/div>\n\t\t\t\t\t\n\t\t\t\t<\/div>\t\n\t\t\t\n\t\t\t\t\n\t\t\t\t<!-- Modal -->\n\t\t\t\t<div class=\"modal fade\" id=\"vincentparachini\" tabindex=\"-1\" role=\"dialog\" aria-labelledby=\"Vincent Parachini\" aria-hidden=\"true\">\n\t\t\t\t\t<div class=\"modal-dialog modal-dialog-scrollable modal-fullscreen\" role=\"document\">\n\t\t\t\t    \t<div class=\"modal-content text-center\">\n\t\t\t\t\t    \t<div class=\"modal-header mx-auto\">\n\t\t\t\t\t    \t\n\t\t\t\t\t\t    \t<img decoding=\"async\" loading=\"lazy\" src=\"https:\/\/www.halifax-consulting.com\/br\/wp-content\/uploads\/sites\/4\/2022\/09\/vincent-2.jpg\" width=\"90\" height=\"90\" class=\"rounded-circle\" \/>\n\t\t\t\t\t    \t\n\t\t\t\t\t    \t<\/div>\n\t\t\t\t\t\t\t<div class=\"modal-body w-80 mx-auto\">\n\t\t\t\t\t\t\t\t<h5 class=\"modal-title\" id=\"vincentparachini\">\n\t\t\t\t\t\t\t\t\tVincent Parachini<br>\n\t\t\t\t\t\t\t\t\t<small class=\"mute\">Managing Partner Halifax &#8211; LATAM<\/small>\n\t\t\t\t\t\t\t\t<\/h5>\n\t\t\t\t\t\t\t\t\n\t\t\t\t\t\t\t\t\t\t\t\t\t\t\t\n\t\t\t\t\t\t\t\t\t<p class=\"text-center\">\n\t\t\t\t\t\t\t\t\t\t<!-- wp:paragraph -->\n<p>Possui MBA em marketing, p\u00f3s-gradua\u00e7\u00e3o em rela\u00e7\u00f5es internacionais e negocia\u00e7\u00e3o intercultural pela Universidade Sorbonne em Paris.<\/p>\n<!-- \/wp:paragraph -->\n\n<!-- wp:paragraph -->\n<p>Vincent iniciou sua carreira na BIC, come\u00e7ando em uma posi\u00e7\u00e3o de marketing em Paris antes de seguir para a Am\u00e9rica do Sul, onde passou 15 anos em diversas posi\u00e7\u00f5es, incluindo diretor de marketing, gerente de categoria no Brasil, gerente de vendas na Argentina e gerente geral no Chile. Ele treinou v\u00e1rias for\u00e7as de vendas e lidou com rela\u00e7\u00f5es com os principais varejistas, como Walmart, Carrefour, Casino e Cencosud, sendo respons\u00e1vel pela constru\u00e7\u00e3o de planos de neg\u00f3cios conjuntos, gerenciamento de categorias, gerenciamento de contas-chave e muito mais.<\/p>\n<!-- \/wp:paragraph -->\n\n<!-- wp:paragraph -->\n<p>Vincent se qualificou como coach certificado pela ICF na Newfield Network e representou com sucesso as solu\u00e7\u00f5es Halifax no Chile por tr\u00eas anos antes de assumir o escrit\u00f3rio da Halifax na Am\u00e9rica Latina  com sede no Brasil como parceiro administrativo LATAM.<\/p>\n<!-- \/wp:paragraph -->\t\t\t\t\t\t\t\t\t<\/p>\n\t\t\t\t\t    \t\t\n\t\t\t\t\t    \t\t\t\t\t\t    \t\t\n\t\t\t\t\t\t\t\t<p class=\"mt-4 text-center\">\n\t\t\t\t\t\t    \t\t<a data-dismiss=\"modal\" class=\"btn-close\" aria-label=\"Close\"><span aria-hidden=\"true\">&times;<\/span><\/a>\n\t\t\t\t\t\t    \t<\/p>\n\t\t\t\t\t\t\t<\/div><!-- modal-body -->\t\n\t\t\t\t    \t<\/div><!-- modal-content -->\t\n\t\t\t\t    <\/div><!-- modal-dialog -->\t\n\t\t\t\t<\/div><!-- modal -->\t\n\t\t\t\t\n\t\t\t\t<!-- Fin Modal -->\t\n\t\t\t\t\n\t\t\t\t\n\t\t\t\t\t\t\n\t\t\t\t<div class=\"col-lg-3 col-md-4 col-sm-6 mb-5\">\n\t\t\t\t\t\n\t\t\t\t\t<div class=\"card-consultants-round\">\n\t\t\t\t\t\t\n\t\t\t\t\t\t<div class=\"consult-more\">\n\t\t\t\t\t\t\t\n\t\t\t\t\t\t\t<button type=\"button\" class=\"btn btn-primary\" data-toggle=\"modal\" data-target=\"#cyntiabraz\">\n\t\t\t\t\t\t\t  <i data-feather=\"eye\"><\/i>\n\t\t\t\t\t\t\t<\/button>\n\t\t\t\t\t\t\t\n\t\t\t\t\t\t<\/div>\n\t\t\t\n\t\t\t\t\t\t<figure>\n\t\t\t\t\t\t\t<img decoding=\"async\" src=\"https:\/\/www.halifax-consulting.com\/br\/wp-content\/uploads\/sites\/4\/2022\/09\/cynthia-2.jpg\" width=\"100%\" \/>\n\t\t\t\t\t\t<\/figure>\n\n\t\t\t\t\t<\/div>\n\t\t\t\t\t\n\t\t\t\t<\/div>\t\n\t\t\t\n\t\t\t\t\n\t\t\t\t<!-- Modal -->\n\t\t\t\t<div class=\"modal fade\" id=\"cyntiabraz\" tabindex=\"-1\" role=\"dialog\" aria-labelledby=\"Cyntia Braz\" aria-hidden=\"true\">\n\t\t\t\t\t<div class=\"modal-dialog modal-dialog-scrollable modal-fullscreen\" role=\"document\">\n\t\t\t\t    \t<div class=\"modal-content text-center\">\n\t\t\t\t\t    \t<div class=\"modal-header mx-auto\">\n\t\t\t\t\t    \t\n\t\t\t\t\t\t    \t<img decoding=\"async\" loading=\"lazy\" src=\"https:\/\/www.halifax-consulting.com\/br\/wp-content\/uploads\/sites\/4\/2022\/09\/cynthia-2.jpg\" width=\"90\" height=\"90\" class=\"rounded-circle\" \/>\n\t\t\t\t\t    \t\n\t\t\t\t\t    \t<\/div>\n\t\t\t\t\t\t\t<div class=\"modal-body w-80 mx-auto\">\n\t\t\t\t\t\t\t\t<h5 class=\"modal-title\" id=\"cyntiabraz\">\n\t\t\t\t\t\t\t\t\tCyntia Braz<br>\n\t\t\t\t\t\t\t\t\t<small class=\"mute\">Managing Partner Halifax LATAM<\/small>\n\t\t\t\t\t\t\t\t<\/h5>\n\t\t\t\t\t\t\t\t\n\t\t\t\t\t\t\t\t\t\t\t\t\t\t\t\n\t\t\t\t\t\t\t\t\t<p class=\"text-center\">\n\t\t\t\t\t\t\t\t\t\t<!-- wp:paragraph -->\n<p>Cynthia \u00e9 formada em comunica\u00e7\u00e3o social e publicidade pela escola de jornalismo da Faculdade Casper Libero e possui um MBA da principal escola de publicidade e marketing do Brasil. Ela tamb\u00e9m \u00e9 coach certificada pela ICF atrav\u00e9s da Newfield Network.<\/p>\n<!-- \/wp:paragraph -->\n\n<!-- wp:paragraph -->\n<p>Cynthia come\u00e7ou sua carreira com um per\u00edodo de oito anos em vendas e marketing para empresas de bens de consumo e servi\u00e7os financeiros, incluindo BIC, Nestl\u00e9 e American Express. Ela passou 11 anos em uma empresa l\u00edder de pesquisa de mercado como consultora de vendas e marketing para Europa e Am\u00e9rica Latina. Ela lidou com negocia\u00e7\u00f5es regionais, projetos de vendas e desenvolvimento de produtos para v\u00e1rias marcas.<\/p>\n<!-- \/wp:paragraph -->\n\n<!-- wp:paragraph -->\n<p>Atualmente, Cynthia \u00e9 parceira administrativa da Halifax na Am\u00e9rica Latina, supervisionando iniciativas de facilita\u00e7\u00e3o, lideran\u00e7a e transforma\u00e7\u00e3o de vendas.<\/p>\n<!-- \/wp:paragraph -->\t\t\t\t\t\t\t\t\t<\/p>\n\t\t\t\t\t    \t\t\n\t\t\t\t\t    \t\t\t\t\t\t    \t\t\n\t\t\t\t\t\t\t\t<p class=\"mt-4 text-center\">\n\t\t\t\t\t\t    \t\t<a data-dismiss=\"modal\" class=\"btn-close\" aria-label=\"Close\"><span aria-hidden=\"true\">&times;<\/span><\/a>\n\t\t\t\t\t\t    \t<\/p>\n\t\t\t\t\t\t\t<\/div><!-- modal-body -->\t\n\t\t\t\t    \t<\/div><!-- modal-content -->\t\n\t\t\t\t    <\/div><!-- modal-dialog -->\t\n\t\t\t\t<\/div><!-- modal -->\t\n\t\t\t\t\n\t\t\t\t<!-- Fin Modal -->\t\n\t\t\t\t\t<\/div>\n\t<\/div>\n<\/section>\n<\/div>\n\n<div class=\"consultants_auto\">\n<section class=\"white py-6\">\n\t<div class=\"container\">\n\t\t<div class=\"row\">\n\t\t\t<div class=\"col-lg-12 col-md-12 col-sm-12\">\n\t\t\t\t<h2 class=\"text-center\">\n\t\t\t\t\tConsultores seniores no Brasil \t\t\t\t\t<span class=\"h2-subtitle\"><\/span>\n\t\t\t\t\t<span class=\"resp-show\">\n\t\t\t\t\t\t\t\t\t\t<\/span>\n\t\t\t\t\t\n\t\t\t\t<\/h2>\n\t\t\t<\/div>\n\t\t<\/div>\n\t\t<div class=\"row flex justify-content-center\">\n\t\t\t\n\t\t\t\t\n\t\t\t\t\n\t\t\t\t\t\t\n\t\t\t\t<div class=\"col-lg-3 col-md-4 col-sm-6 mb-5\">\n\t\t\t\t\t\n\t\t\t\t\t<div class=\"card-consultants-round\">\n\t\t\t\t\t\t\n\t\t\t\t\t\t<div class=\"consult-more\">\n\t\t\t\t\t\t\t\n\t\t\t\t\t\t\t<button type=\"button\" class=\"btn btn-primary\" data-toggle=\"modal\" data-target=\"#alvaro\">\n\t\t\t\t\t\t\t  <i data-feather=\"eye\"><\/i>\n\t\t\t\t\t\t\t<\/button>\n\t\t\t\t\t\t\t\n\t\t\t\t\t\t<\/div>\n\t\t\t\n\t\t\t\t\t\t<figure>\n\t\t\t\t\t\t\t<img decoding=\"async\" src=\"https:\/\/www.halifax-consulting.com\/br\/wp-content\/uploads\/sites\/4\/2021\/02\/Halifax-consulting-consultores-brasil-alvaro.jpg\" width=\"100%\" \/>\n\t\t\t\t\t\t<\/figure>\n\n\t\t\t\t\t<\/div>\n\t\t\t\t\t\n\t\t\t\t<\/div>\t\n\t\t\t\n\t\t\t\t\n\t\t\t\t<!-- Modal -->\n\t\t\t\t<div class=\"modal fade\" id=\"alvaro\" tabindex=\"-1\" role=\"dialog\" aria-labelledby=\"\u00c1lvaro\" aria-hidden=\"true\">\n\t\t\t\t\t<div class=\"modal-dialog modal-dialog-scrollable modal-fullscreen\" role=\"document\">\n\t\t\t\t    \t<div class=\"modal-content text-center\">\n\t\t\t\t\t    \t<div class=\"modal-header mx-auto\">\n\t\t\t\t\t    \t\n\t\t\t\t\t\t    \t<img decoding=\"async\" loading=\"lazy\" src=\"https:\/\/www.halifax-consulting.com\/br\/wp-content\/uploads\/sites\/4\/2021\/02\/Halifax-consulting-consultores-brasil-alvaro.jpg\" width=\"90\" height=\"90\" class=\"rounded-circle\" \/>\n\t\t\t\t\t    \t\n\t\t\t\t\t    \t<\/div>\n\t\t\t\t\t\t\t<div class=\"modal-body w-80 mx-auto\">\n\t\t\t\t\t\t\t\t<h5 class=\"modal-title\" id=\"alvaro\">\n\t\t\t\t\t\t\t\t\t\u00c1lvaro<br>\n\t\t\t\t\t\t\t\t\t<small class=\"mute\">Consultor Senior de Halifax Consulting para Brasil, com base em S\u00e3o Paulo<\/small>\n\t\t\t\t\t\t\t\t<\/h5>\n\t\t\t\t\t\t\t\t\n\t\t\t\t\t\t\t\t\t\t\t\t    \t\t\n\t\t\t\t\t\t\t\t<p class=\"mt-4 text-center\">\n\t\t\t\t\t\t    \t\t<a data-dismiss=\"modal\" class=\"btn-close\" aria-label=\"Close\"><span aria-hidden=\"true\">&times;<\/span><\/a>\n\t\t\t\t\t\t    \t<\/p>\n\t\t\t\t\t\t\t<\/div><!-- modal-body -->\t\n\t\t\t\t    \t<\/div><!-- modal-content -->\t\n\t\t\t\t    <\/div><!-- modal-dialog -->\t\n\t\t\t\t<\/div><!-- modal -->\t\n\t\t\t\t\n\t\t\t\t<!-- Fin Modal -->\t\n\t\t\t\t\n\t\t\t\t\n\t\t\t\t\t\t\n\t\t\t\t<div class=\"col-lg-3 col-md-4 col-sm-6 mb-5\">\n\t\t\t\t\t\n\t\t\t\t\t<div class=\"card-consultants-round\">\n\t\t\t\t\t\t\n\t\t\t\t\t\t<div class=\"consult-more\">\n\t\t\t\t\t\t\t\n\t\t\t\t\t\t\t<button type=\"button\" class=\"btn btn-primary\" data-toggle=\"modal\" data-target=\"#marcelo\">\n\t\t\t\t\t\t\t  <i data-feather=\"eye\"><\/i>\n\t\t\t\t\t\t\t<\/button>\n\t\t\t\t\t\t\t\n\t\t\t\t\t\t<\/div>\n\t\t\t\n\t\t\t\t\t\t<figure>\n\t\t\t\t\t\t\t<img decoding=\"async\" src=\"https:\/\/www.halifax-consulting.com\/br\/wp-content\/uploads\/sites\/4\/2025\/08\/Aroldo-Couto-Neto.png\" width=\"100%\" \/>\n\t\t\t\t\t\t<\/figure>\n\n\t\t\t\t\t<\/div>\n\t\t\t\t\t\n\t\t\t\t<\/div>\t\n\t\t\t\n\t\t\t\t\n\t\t\t\t<!-- Modal -->\n\t\t\t\t<div class=\"modal fade\" id=\"marcelo\" tabindex=\"-1\" role=\"dialog\" aria-labelledby=\"Aroldo Couto Neto\" aria-hidden=\"true\">\n\t\t\t\t\t<div class=\"modal-dialog modal-dialog-scrollable modal-fullscreen\" role=\"document\">\n\t\t\t\t    \t<div class=\"modal-content text-center\">\n\t\t\t\t\t    \t<div class=\"modal-header mx-auto\">\n\t\t\t\t\t    \t\n\t\t\t\t\t\t    \t<img decoding=\"async\" loading=\"lazy\" src=\"https:\/\/www.halifax-consulting.com\/br\/wp-content\/uploads\/sites\/4\/2025\/08\/Aroldo-Couto-Neto.png\" width=\"90\" height=\"90\" class=\"rounded-circle\" \/>\n\t\t\t\t\t    \t\n\t\t\t\t\t    \t<\/div>\n\t\t\t\t\t\t\t<div class=\"modal-body w-80 mx-auto\">\n\t\t\t\t\t\t\t\t<h5 class=\"modal-title\" id=\"marcelo\">\n\t\t\t\t\t\t\t\t\tAroldo Couto Neto<br>\n\t\t\t\t\t\t\t\t\t<small class=\"mute\">Consultor Senior de Halifax Consulting para Brasil, com base em S\u00e3o Paulo<\/small>\n\t\t\t\t\t\t\t\t<\/h5>\n\t\t\t\t\t\t\t\t\n\t\t\t\t\t\t\t\t\t\t\t\t\t\t\t\n\t\t\t\t\t\t\t\t\t<p class=\"text-center\">\n\t\t\t\t\t\t\t\t\t\t<!-- wp:paragraph -->\n<p>Especialista em Estrat\u00e9gias de Crescimento (Vendas e Marketing), facilita\u00e7\u00e3o de treinamentos, coaching e mentoring de l\u00edderes s\u00eaniores | Pesquisador em Ecossistemas Empreendedores na USP | Ex-VP\/Diretor Geral com carreira internacional em grandes empresas FMCG\/CPG como Kimberly Clark, Philip Morris e AB\/Inbev | Mestre em Empreendedorismo e Inova\u00e7\u00e3o pela USP, Especialista em Sustentabilidade e ESG pela FIA, Coach pela Columbia University\/NYC, MBA pela FDC e Engenheiro pela UNESP | Fluente em Portugu\u00eas, Espanhol e Ingl\u00eas.<\/p>\n<!-- \/wp:paragraph -->\t\t\t\t\t\t\t\t\t<\/p>\n\t\t\t\t\t    \t\t\n\t\t\t\t\t    \t\t\t\t\t\t    \t\t\n\t\t\t\t\t\t\t\t<p class=\"mt-4 text-center\">\n\t\t\t\t\t\t    \t\t<a data-dismiss=\"modal\" class=\"btn-close\" aria-label=\"Close\"><span aria-hidden=\"true\">&times;<\/span><\/a>\n\t\t\t\t\t\t    \t<\/p>\n\t\t\t\t\t\t\t<\/div><!-- modal-body -->\t\n\t\t\t\t    \t<\/div><!-- modal-content -->\t\n\t\t\t\t    <\/div><!-- modal-dialog -->\t\n\t\t\t\t<\/div><!-- modal -->\t\n\t\t\t\t\n\t\t\t\t<!-- Fin Modal -->\t\n\t\t\t\t\t<\/div>\n\t<\/div>\n<\/section>\n<\/div>","protected":false},"excerpt":{"rendered":"","protected":false},"author":1,"featured_media":402,"parent":384,"menu_order":10,"comment_status":"closed","ping_status":"closed","template":"","meta":[],"categories":[],"acf":[],"yoast_head":"<!-- This site is optimized with the Yoast SEO plugin v19.9 - https:\/\/yoast.com\/wordpress\/plugins\/seo\/ -->\n<title>O time Halifax Consulting - Halifax Consulting \u2013 BR<\/title>\n<meta name=\"description\" content=\"A Halifax Consulting foi criada na Fran\u00e7a em 2003 e agora \u00e9 l\u00edder no mercado de treinamento e consultoria de vendas...\" \/>\n<link rel=\"canonical\" href=\"https:\/\/www.halifax-consulting.com\/br\/o-grupo\/o-time-halifax-consulting\/\" \/>\n<meta property=\"og:locale\" content=\"pt_BR\" \/>\n<meta property=\"og:type\" content=\"article\" \/>\n<meta property=\"og:title\" content=\"O time Halifax Consulting - Halifax Consulting \u2013 BR\" \/>\n<meta property=\"og:description\" content=\"A Halifax Consulting foi criada na Fran\u00e7a em 2003 e agora \u00e9 l\u00edder no mercado de treinamento e consultoria de vendas...\" \/>\n<meta property=\"og:url\" content=\"https:\/\/www.halifax-consulting.com\/br\/o-grupo\/o-time-halifax-consulting\/\" \/>\n<meta property=\"og:site_name\" content=\"Halifax Consulting \u2013 BR\" \/>\n<meta property=\"article:modified_time\" content=\"2023-06-26T14:17:14+00:00\" \/>\n<meta property=\"og:image\" content=\"https:\/\/www.halifax-consulting.com\/br\/wp-content\/uploads\/sites\/4\/2020\/01\/halifax-consulting-groupe-1.jpg\" \/>\n\t<meta property=\"og:image:width\" content=\"1000\" \/>\n\t<meta property=\"og:image:height\" content=\"360\" \/>\n\t<meta property=\"og:image:type\" content=\"image\/jpeg\" \/>\n<meta name=\"twitter:card\" content=\"summary_large_image\" \/>\n<script type=\"application\/ld+json\" class=\"yoast-schema-graph\">{\"@context\":\"https:\/\/schema.org\",\"@graph\":[{\"@type\":\"WebPage\",\"@id\":\"https:\/\/www.halifax-consulting.com\/br\/o-grupo\/o-time-halifax-consulting\/\",\"url\":\"https:\/\/www.halifax-consulting.com\/br\/o-grupo\/o-time-halifax-consulting\/\",\"name\":\"O time Halifax Consulting - Halifax Consulting \u2013 BR\",\"isPartOf\":{\"@id\":\"https:\/\/www.halifax-consulting.com\/br\/#website\"},\"datePublished\":\"2020-01-23T19:53:34+00:00\",\"dateModified\":\"2023-06-26T14:17:14+00:00\",\"description\":\"A Halifax Consulting foi criada na Fran\u00e7a em 2003 e agora \u00e9 l\u00edder no mercado de treinamento e consultoria de vendas...\",\"breadcrumb\":{\"@id\":\"https:\/\/www.halifax-consulting.com\/br\/o-grupo\/o-time-halifax-consulting\/#breadcrumb\"},\"inLanguage\":\"pt-BR\",\"potentialAction\":[{\"@type\":\"ReadAction\",\"target\":[\"https:\/\/www.halifax-consulting.com\/br\/o-grupo\/o-time-halifax-consulting\/\"]}]},{\"@type\":\"BreadcrumbList\",\"@id\":\"https:\/\/www.halifax-consulting.com\/br\/o-grupo\/o-time-halifax-consulting\/#breadcrumb\",\"itemListElement\":[{\"@type\":\"ListItem\",\"position\":1,\"name\":\"Accueil\",\"item\":\"https:\/\/www.halifax-consulting.com\/br\/\"},{\"@type\":\"ListItem\",\"position\":2,\"name\":\"O grupo\",\"item\":\"https:\/\/www.halifax-consulting.com\/br\/o-grupo\/\"},{\"@type\":\"ListItem\",\"position\":3,\"name\":\"O time Halifax Consulting\"}]},{\"@type\":\"WebSite\",\"@id\":\"https:\/\/www.halifax-consulting.com\/br\/#website\",\"url\":\"https:\/\/www.halifax-consulting.com\/br\/\",\"name\":\"Halifax Consulting \u2013 BR\",\"description\":\"Halifax Consulting est un cabinet de conseil en performance commerciale sp\u00e9cialis\u00e9 dans la formation des \u00e9quipes et managers\",\"potentialAction\":[{\"@type\":\"SearchAction\",\"target\":{\"@type\":\"EntryPoint\",\"urlTemplate\":\"https:\/\/www.halifax-consulting.com\/br\/?s={search_term_string}\"},\"query-input\":\"required name=search_term_string\"}],\"inLanguage\":\"pt-BR\"}]}<\/script>\n<!-- \/ Yoast SEO plugin. -->","yoast_head_json":{"title":"O time Halifax Consulting - Halifax Consulting \u2013 BR","description":"A Halifax Consulting foi criada na Fran\u00e7a em 2003 e agora \u00e9 l\u00edder no mercado de treinamento e consultoria de vendas...","canonical":"https:\/\/www.halifax-consulting.com\/br\/o-grupo\/o-time-halifax-consulting\/","og_locale":"pt_BR","og_type":"article","og_title":"O time Halifax Consulting - Halifax Consulting \u2013 BR","og_description":"A Halifax Consulting foi criada na Fran\u00e7a em 2003 e agora \u00e9 l\u00edder no mercado de treinamento e consultoria de vendas...","og_url":"https:\/\/www.halifax-consulting.com\/br\/o-grupo\/o-time-halifax-consulting\/","og_site_name":"Halifax Consulting \u2013 BR","article_modified_time":"2023-06-26T14:17:14+00:00","og_image":[{"width":1000,"height":360,"url":"https:\/\/www.halifax-consulting.com\/br\/wp-content\/uploads\/sites\/4\/2020\/01\/halifax-consulting-groupe-1.jpg","type":"image\/jpeg"}],"twitter_card":"summary_large_image","schema":{"@context":"https:\/\/schema.org","@graph":[{"@type":"WebPage","@id":"https:\/\/www.halifax-consulting.com\/br\/o-grupo\/o-time-halifax-consulting\/","url":"https:\/\/www.halifax-consulting.com\/br\/o-grupo\/o-time-halifax-consulting\/","name":"O time Halifax Consulting - Halifax Consulting \u2013 BR","isPartOf":{"@id":"https:\/\/www.halifax-consulting.com\/br\/#website"},"datePublished":"2020-01-23T19:53:34+00:00","dateModified":"2023-06-26T14:17:14+00:00","description":"A Halifax Consulting foi criada na Fran\u00e7a em 2003 e agora \u00e9 l\u00edder no mercado de treinamento e consultoria de vendas...","breadcrumb":{"@id":"https:\/\/www.halifax-consulting.com\/br\/o-grupo\/o-time-halifax-consulting\/#breadcrumb"},"inLanguage":"pt-BR","potentialAction":[{"@type":"ReadAction","target":["https:\/\/www.halifax-consulting.com\/br\/o-grupo\/o-time-halifax-consulting\/"]}]},{"@type":"BreadcrumbList","@id":"https:\/\/www.halifax-consulting.com\/br\/o-grupo\/o-time-halifax-consulting\/#breadcrumb","itemListElement":[{"@type":"ListItem","position":1,"name":"Accueil","item":"https:\/\/www.halifax-consulting.com\/br\/"},{"@type":"ListItem","position":2,"name":"O grupo","item":"https:\/\/www.halifax-consulting.com\/br\/o-grupo\/"},{"@type":"ListItem","position":3,"name":"O time Halifax Consulting"}]},{"@type":"WebSite","@id":"https:\/\/www.halifax-consulting.com\/br\/#website","url":"https:\/\/www.halifax-consulting.com\/br\/","name":"Halifax Consulting \u2013 BR","description":"Halifax Consulting est un cabinet de conseil en performance commerciale sp\u00e9cialis\u00e9 dans la formation des \u00e9quipes et managers","potentialAction":[{"@type":"SearchAction","target":{"@type":"EntryPoint","urlTemplate":"https:\/\/www.halifax-consulting.com\/br\/?s={search_term_string}"},"query-input":"required name=search_term_string"}],"inLanguage":"pt-BR"}]}},"_links":{"self":[{"href":"https:\/\/www.halifax-consulting.com\/br\/wp-json\/wp\/v2\/pages\/524"}],"collection":[{"href":"https:\/\/www.halifax-consulting.com\/br\/wp-json\/wp\/v2\/pages"}],"about":[{"href":"https:\/\/www.halifax-consulting.com\/br\/wp-json\/wp\/v2\/types\/page"}],"author":[{"embeddable":true,"href":"https:\/\/www.halifax-consulting.com\/br\/wp-json\/wp\/v2\/users\/1"}],"replies":[{"embeddable":true,"href":"https:\/\/www.halifax-consulting.com\/br\/wp-json\/wp\/v2\/comments?post=524"}],"version-history":[{"count":11,"href":"https:\/\/www.halifax-consulting.com\/br\/wp-json\/wp\/v2\/pages\/524\/revisions"}],"predecessor-version":[{"id":3076,"href":"https:\/\/www.halifax-consulting.com\/br\/wp-json\/wp\/v2\/pages\/524\/revisions\/3076"}],"up":[{"embeddable":true,"href":"https:\/\/www.halifax-consulting.com\/br\/wp-json\/wp\/v2\/pages\/384"}],"wp:featuredmedia":[{"embeddable":true,"href":"https:\/\/www.halifax-consulting.com\/br\/wp-json\/wp\/v2\/media\/402"}],"wp:attachment":[{"href":"https:\/\/www.halifax-consulting.com\/br\/wp-json\/wp\/v2\/media?parent=524"}],"wp:term":[{"taxonomy":"category","embeddable":true,"href":"https:\/\/www.halifax-consulting.com\/br\/wp-json\/wp\/v2\/categories?post=524"}],"curies":[{"name":"wp","href":"https:\/\/api.w.org\/{rel}","templated":true}]}}