{"id":546,"date":"2019-12-11T15:11:00","date_gmt":"2019-12-11T14:11:00","guid":{"rendered":"https:\/\/www.halifax-consulting.com\/?page_id=9"},"modified":"2023-10-24T10:40:57","modified_gmt":"2023-10-24T08:40:57","slug":"contato-halifax-consulting","status":"publish","type":"page","link":"https:\/\/www.halifax-consulting.com\/br\/contato-halifax-consulting\/","title":{"rendered":"Contato"},"content":{"rendered":"<div class=\"container\">\n\t<div class=\"row\">\n\t\t<div class=\"col-lg-12 col-md-12 col-sm-12\">\n\t\t\t<h2 class=\"intro\">\n\t\t\t\t<strong class=\"intro-h2 d-block\">Prazer em conhec\u00ea-lo!<\/strong>\n\t\t\t\t<p>Conte-nos sobre suas metas de melhoria de desempenho e trabalharemos com voc&ecirc; para criar a solu&ccedil;&atilde;o que voc&ecirc; precisa. Preencha o formul&aacute;rio abaixo se desejar que um dos especialistas da Halifax Consulting entre em contato.<\/p>\t\t\t<\/h2>\n\t\t<\/div>\n\t<\/div>\n<\/div>\n\n\n<section class=\"white pb-6\">\n\t<div class=\"container\">\n\t\t<div class=\"row\">\n\t\t\t<div class=\"col-lg-12 col-md-12 col-sm-12\">\n\t\t\t\t<div class=\"wpforms-container wpforms-container-full\" id=\"wpforms-3130\"><form id=\"wpforms-form-3130\" class=\"wpforms-validate wpforms-form wpforms-ajax-form\" data-formid=\"3130\" method=\"post\" enctype=\"multipart\/form-data\" action=\"\/br\/wp-json\/wp\/v2\/pages\/546\" data-token=\"ccc55cd2ced7ac8b80dfbb7ae2d2e440\"><noscript class=\"wpforms-error-noscript\">Ative o JavaScript no seu navegador para preencher este formul\u00e1rio.<\/noscript><div class=\"wpforms-field-container\"><div id=\"wpforms-3130-field_1-container\" class=\"wpforms-field wpforms-field-text form-control\" data-field-id=\"1\"><label class=\"wpforms-field-label\" for=\"wpforms-3130-field_1\">Empresa <span class=\"wpforms-required-label\">*<\/span><\/label><input type=\"text\" id=\"wpforms-3130-field_1\" class=\"wpforms-field-large wpforms-field-required\" name=\"wpforms[fields][1]\" required><\/div><div id=\"wpforms-3130-field_2-container\" class=\"wpforms-field wpforms-field-text form-control\" data-field-id=\"2\"><label class=\"wpforms-field-label\" for=\"wpforms-3130-field_2\">Nome <span class=\"wpforms-required-label\">*<\/span><\/label><input type=\"text\" id=\"wpforms-3130-field_2\" class=\"wpforms-field-large wpforms-field-required\" name=\"wpforms[fields][2]\" required><\/div><div id=\"wpforms-3130-field_3-container\" class=\"wpforms-field wpforms-field-text form-control\" data-field-id=\"3\"><label class=\"wpforms-field-label\" for=\"wpforms-3130-field_3\">Primeiro nome <span class=\"wpforms-required-label\">*<\/span><\/label><input type=\"text\" id=\"wpforms-3130-field_3\" class=\"wpforms-field-large wpforms-field-required\" name=\"wpforms[fields][3]\" required><\/div><div id=\"wpforms-3130-field_4-container\" class=\"wpforms-field wpforms-field-text form-control\" data-field-id=\"4\"><label class=\"wpforms-field-label\" for=\"wpforms-3130-field_4\">Cargo <span class=\"wpforms-required-label\">*<\/span><\/label><input type=\"text\" id=\"wpforms-3130-field_4\" class=\"wpforms-field-large wpforms-field-required\" name=\"wpforms[fields][4]\" required><\/div><div id=\"wpforms-3130-field_5-container\" class=\"wpforms-field wpforms-field-phone form-control\" data-field-id=\"5\"><label class=\"wpforms-field-label\" for=\"wpforms-3130-field_5\">Tel <span class=\"wpforms-required-label\">*<\/span><\/label><input type=\"tel\" id=\"wpforms-3130-field_5\" class=\"wpforms-field-large wpforms-field-required wpforms-smart-phone-field\" data-rule-smart-phone-field=\"true\" name=\"wpforms[fields][5]\" required><\/div><div id=\"wpforms-3130-field_6-container\" class=\"wpforms-field wpforms-field-email form-control\" data-field-id=\"6\"><label class=\"wpforms-field-label\" for=\"wpforms-3130-field_6\">E-mail <span class=\"wpforms-required-label\">*<\/span><\/label><input type=\"email\" id=\"wpforms-3130-field_6\" class=\"wpforms-field-large wpforms-field-required\" name=\"wpforms[fields][6]\" required><\/div><div id=\"wpforms-3130-field_7-container\" class=\"wpforms-field wpforms-field-textarea form-control\" data-field-id=\"7\"><label class=\"wpforms-field-label\" for=\"wpforms-3130-field_7\">Sua mensagem <span class=\"wpforms-required-label\">*<\/span><\/label><textarea id=\"wpforms-3130-field_7\" class=\"wpforms-field-large wpforms-field-required\" name=\"wpforms[fields][7]\" required><\/textarea><\/div><div id=\"wpforms-3130-field_8-container\" class=\"wpforms-field wpforms-field-checkbox form-check\" data-field-id=\"8\"><label class=\"wpforms-field-label wpforms-label-hide\" for=\"wpforms-3130-field_8\">RGPD<\/label><ul id=\"wpforms-3130-field_8\"><li class=\"choice-1 depth-1\"><input type=\"checkbox\" id=\"wpforms-3130-field_8_1\" name=\"wpforms[fields][8][]\" value=\"Selecionando esta op\u00e7\u00e3o, eu aceito que a Anderna Group, sociedade editora da p\u00e1gina internet da Halifax Consulting, registre os meus dados pessoais para poder enviar comunica\u00e7\u00f5es do tipo informativas ou comerciais, bem como respostas aos meus pedidos de informa\u00e7\u00e3o, ofertas comerciais, etc. \"  ><label class=\"wpforms-field-label-inline\" for=\"wpforms-3130-field_8_1\">Selecionando esta op\u00e7\u00e3o, eu aceito que a Anderna Group, sociedade editora da p\u00e1gina internet da Halifax Consulting, registre os meus dados pessoais para poder enviar comunica\u00e7\u00f5es do tipo informativas ou comerciais, bem como respostas aos meus pedidos de informa\u00e7\u00e3o, ofertas comerciais, etc. <\/label><\/li><\/ul><\/div><\/div><div class=\"wpforms-recaptcha-container wpforms-is-recaptcha\"><div class=\"g-recaptcha\" data-sitekey=\"6LcvGAAiAAAAAHsd-ZHmuzjyydsPguLuoNQvrIpg\" data-size=\"invisible\"><\/div><\/div><div class=\"wpforms-submit-container\"><input type=\"hidden\" name=\"wpforms[id]\" value=\"3130\"><input type=\"hidden\" name=\"wpforms[author]\" value=\"1\"><button type=\"submit\" name=\"wpforms[submit]\" id=\"wpforms-submit-3130\" class=\"wpforms-submit btn btn-hx btn-hx-orange\" data-alt-text=\"Enviando...\" data-submit-text=\"Enviar\" aria-live=\"assertive\" value=\"wpforms-submit\">Enviar<\/button><img decoding=\"async\" loading=\"lazy\" src=\"https:\/\/www.halifax-consulting.com\/br\/wp-content\/plugins\/wpforms\/assets\/images\/submit-spin.svg\" class=\"wpforms-submit-spinner\" style=\"display: none;\" width=\"26\" height=\"26\" alt=\"\"><\/div><\/form><\/div>  <!-- .wpforms-container -->\t\t\t<\/div>\n\t\t<\/div>\n\t<\/div>\n<\/section>","protected":false},"excerpt":{"rendered":"","protected":false},"author":1,"featured_media":353,"parent":0,"menu_order":50,"comment_status":"closed","ping_status":"closed","template":"","meta":[],"categories":[],"acf":[],"yoast_head":"<!-- This site is optimized with the Yoast SEO plugin v19.9 - https:\/\/yoast.com\/wordpress\/plugins\/seo\/ -->\n<title>Contato - Halifax Consulting \u2013 BR<\/title>\n<meta name=\"description\" content=\"Conte-nos sobre suas metas de melhoria de desempenho e trabalharemos com voc\u00ea para criar a solu\u00e7\u00e3o que voc\u00ea precisa...\" \/>\n<link rel=\"canonical\" href=\"https:\/\/www.halifax-consulting.com\/br\/contato-halifax-consulting\/\" \/>\n<meta property=\"og:locale\" content=\"pt_BR\" \/>\n<meta property=\"og:type\" content=\"article\" \/>\n<meta property=\"og:title\" content=\"Contato - Halifax Consulting \u2013 BR\" \/>\n<meta property=\"og:description\" content=\"Conte-nos sobre suas metas de melhoria de desempenho e trabalharemos com voc\u00ea para criar a solu\u00e7\u00e3o que voc\u00ea precisa...\" \/>\n<meta property=\"og:url\" content=\"https:\/\/www.halifax-consulting.com\/br\/contato-halifax-consulting\/\" \/>\n<meta property=\"og:site_name\" content=\"Halifax Consulting \u2013 BR\" \/>\n<meta property=\"article:modified_time\" content=\"2023-10-24T08:40:57+00:00\" \/>\n<meta property=\"og:image\" content=\"https:\/\/www.halifax-consulting.com\/br\/wp-content\/uploads\/sites\/4\/2020\/01\/halifax-consulting-contact.jpg\" \/>\n\t<meta property=\"og:image:width\" content=\"1000\" \/>\n\t<meta property=\"og:image:height\" content=\"360\" \/>\n\t<meta property=\"og:image:type\" content=\"image\/jpeg\" \/>\n<meta name=\"twitter:card\" content=\"summary_large_image\" \/>\n<script type=\"application\/ld+json\" class=\"yoast-schema-graph\">{\"@context\":\"https:\/\/schema.org\",\"@graph\":[{\"@type\":\"WebPage\",\"@id\":\"https:\/\/www.halifax-consulting.com\/br\/contato-halifax-consulting\/\",\"url\":\"https:\/\/www.halifax-consulting.com\/br\/contato-halifax-consulting\/\",\"name\":\"Contato - Halifax Consulting \u2013 BR\",\"isPartOf\":{\"@id\":\"https:\/\/www.halifax-consulting.com\/br\/#website\"},\"datePublished\":\"2019-12-11T14:11:00+00:00\",\"dateModified\":\"2023-10-24T08:40:57+00:00\",\"description\":\"Conte-nos sobre suas metas de melhoria de desempenho e trabalharemos com voc\u00ea para criar a solu\u00e7\u00e3o que voc\u00ea precisa...\",\"breadcrumb\":{\"@id\":\"https:\/\/www.halifax-consulting.com\/br\/contato-halifax-consulting\/#breadcrumb\"},\"inLanguage\":\"pt-BR\",\"potentialAction\":[{\"@type\":\"ReadAction\",\"target\":[\"https:\/\/www.halifax-consulting.com\/br\/contato-halifax-consulting\/\"]}]},{\"@type\":\"BreadcrumbList\",\"@id\":\"https:\/\/www.halifax-consulting.com\/br\/contato-halifax-consulting\/#breadcrumb\",\"itemListElement\":[{\"@type\":\"ListItem\",\"position\":1,\"name\":\"Accueil\",\"item\":\"https:\/\/www.halifax-consulting.com\/br\/\"},{\"@type\":\"ListItem\",\"position\":2,\"name\":\"Contato\"}]},{\"@type\":\"WebSite\",\"@id\":\"https:\/\/www.halifax-consulting.com\/br\/#website\",\"url\":\"https:\/\/www.halifax-consulting.com\/br\/\",\"name\":\"Halifax Consulting \u2013 BR\",\"description\":\"Halifax Consulting est un cabinet de conseil en performance commerciale sp\u00e9cialis\u00e9 dans la formation des \u00e9quipes et managers\",\"potentialAction\":[{\"@type\":\"SearchAction\",\"target\":{\"@type\":\"EntryPoint\",\"urlTemplate\":\"https:\/\/www.halifax-consulting.com\/br\/?s={search_term_string}\"},\"query-input\":\"required name=search_term_string\"}],\"inLanguage\":\"pt-BR\"}]}<\/script>\n<!-- \/ Yoast SEO plugin. -->","yoast_head_json":{"title":"Contato - Halifax Consulting \u2013 BR","description":"Conte-nos sobre suas metas de melhoria de desempenho e trabalharemos com voc\u00ea para criar a solu\u00e7\u00e3o que voc\u00ea precisa...","canonical":"https:\/\/www.halifax-consulting.com\/br\/contato-halifax-consulting\/","og_locale":"pt_BR","og_type":"article","og_title":"Contato - Halifax Consulting \u2013 BR","og_description":"Conte-nos sobre suas metas de melhoria de desempenho e trabalharemos com voc\u00ea para criar a solu\u00e7\u00e3o que voc\u00ea precisa...","og_url":"https:\/\/www.halifax-consulting.com\/br\/contato-halifax-consulting\/","og_site_name":"Halifax Consulting \u2013 BR","article_modified_time":"2023-10-24T08:40:57+00:00","og_image":[{"width":1000,"height":360,"url":"https:\/\/www.halifax-consulting.com\/br\/wp-content\/uploads\/sites\/4\/2020\/01\/halifax-consulting-contact.jpg","type":"image\/jpeg"}],"twitter_card":"summary_large_image","schema":{"@context":"https:\/\/schema.org","@graph":[{"@type":"WebPage","@id":"https:\/\/www.halifax-consulting.com\/br\/contato-halifax-consulting\/","url":"https:\/\/www.halifax-consulting.com\/br\/contato-halifax-consulting\/","name":"Contato - Halifax Consulting \u2013 BR","isPartOf":{"@id":"https:\/\/www.halifax-consulting.com\/br\/#website"},"datePublished":"2019-12-11T14:11:00+00:00","dateModified":"2023-10-24T08:40:57+00:00","description":"Conte-nos sobre suas metas de melhoria de desempenho e trabalharemos com voc\u00ea para criar a solu\u00e7\u00e3o que voc\u00ea precisa...","breadcrumb":{"@id":"https:\/\/www.halifax-consulting.com\/br\/contato-halifax-consulting\/#breadcrumb"},"inLanguage":"pt-BR","potentialAction":[{"@type":"ReadAction","target":["https:\/\/www.halifax-consulting.com\/br\/contato-halifax-consulting\/"]}]},{"@type":"BreadcrumbList","@id":"https:\/\/www.halifax-consulting.com\/br\/contato-halifax-consulting\/#breadcrumb","itemListElement":[{"@type":"ListItem","position":1,"name":"Accueil","item":"https:\/\/www.halifax-consulting.com\/br\/"},{"@type":"ListItem","position":2,"name":"Contato"}]},{"@type":"WebSite","@id":"https:\/\/www.halifax-consulting.com\/br\/#website","url":"https:\/\/www.halifax-consulting.com\/br\/","name":"Halifax Consulting \u2013 BR","description":"Halifax Consulting est un cabinet de conseil en performance commerciale sp\u00e9cialis\u00e9 dans la formation des \u00e9quipes et managers","potentialAction":[{"@type":"SearchAction","target":{"@type":"EntryPoint","urlTemplate":"https:\/\/www.halifax-consulting.com\/br\/?s={search_term_string}"},"query-input":"required name=search_term_string"}],"inLanguage":"pt-BR"}]}},"_links":{"self":[{"href":"https:\/\/www.halifax-consulting.com\/br\/wp-json\/wp\/v2\/pages\/546"}],"collection":[{"href":"https:\/\/www.halifax-consulting.com\/br\/wp-json\/wp\/v2\/pages"}],"about":[{"href":"https:\/\/www.halifax-consulting.com\/br\/wp-json\/wp\/v2\/types\/page"}],"author":[{"embeddable":true,"href":"https:\/\/www.halifax-consulting.com\/br\/wp-json\/wp\/v2\/users\/1"}],"replies":[{"embeddable":true,"href":"https:\/\/www.halifax-consulting.com\/br\/wp-json\/wp\/v2\/comments?post=546"}],"version-history":[{"count":4,"href":"https:\/\/www.halifax-consulting.com\/br\/wp-json\/wp\/v2\/pages\/546\/revisions"}],"predecessor-version":[{"id":3144,"href":"https:\/\/www.halifax-consulting.com\/br\/wp-json\/wp\/v2\/pages\/546\/revisions\/3144"}],"wp:featuredmedia":[{"embeddable":true,"href":"https:\/\/www.halifax-consulting.com\/br\/wp-json\/wp\/v2\/media\/353"}],"wp:attachment":[{"href":"https:\/\/www.halifax-consulting.com\/br\/wp-json\/wp\/v2\/media?parent=546"}],"wp:term":[{"taxonomy":"category","embeddable":true,"href":"https:\/\/www.halifax-consulting.com\/br\/wp-json\/wp\/v2\/categories?post=546"}],"curies":[{"name":"wp","href":"https:\/\/api.w.org\/{rel}","templated":true}]}}