{"id":547,"date":"2019-12-11T15:11:33","date_gmt":"2019-12-11T14:11:33","guid":{"rendered":"https:\/\/www.halifax-consulting.com\/?page_id=11"},"modified":"2023-04-21T15:17:33","modified_gmt":"2023-04-21T13:17:33","slug":"casos-de-sucesso","status":"publish","type":"page","link":"https:\/\/www.halifax-consulting.com\/br\/casos-de-sucesso\/","title":{"rendered":"Casos de sucesso"},"content":{"rendered":"","protected":false},"excerpt":{"rendered":"","protected":false},"author":1,"featured_media":0,"parent":0,"menu_order":30,"comment_status":"closed","ping_status":"closed","template":"page-success.php","meta":[],"categories":[],"acf":[],"yoast_head":"<!-- This site is optimized with the Yoast SEO plugin v19.9 - https:\/\/yoast.com\/wordpress\/plugins\/seo\/ -->\n<title>Casos de successo - Halifax Consulting<\/title>\n<link rel=\"canonical\" href=\"https:\/\/www.halifax-consulting.com\/br\/casos-de-sucesso\/\" \/>\n<meta property=\"og:locale\" content=\"pt_BR\" \/>\n<meta property=\"og:type\" content=\"article\" \/>\n<meta property=\"og:title\" content=\"Casos de successo - Halifax Consulting\" \/>\n<meta property=\"og:url\" content=\"https:\/\/www.halifax-consulting.com\/br\/casos-de-sucesso\/\" \/>\n<meta property=\"og:site_name\" content=\"Halifax Consulting \u2013 BR\" \/>\n<meta property=\"article:modified_time\" content=\"2023-04-21T13:17:33+00:00\" \/>\n<meta name=\"twitter:card\" content=\"summary_large_image\" \/>\n<script type=\"application\/ld+json\" class=\"yoast-schema-graph\">{\"@context\":\"https:\/\/schema.org\",\"@graph\":[{\"@type\":\"WebPage\",\"@id\":\"https:\/\/www.halifax-consulting.com\/br\/casos-de-sucesso\/\",\"url\":\"https:\/\/www.halifax-consulting.com\/br\/casos-de-sucesso\/\",\"name\":\"Casos de successo - Halifax Consulting\",\"isPartOf\":{\"@id\":\"https:\/\/www.halifax-consulting.com\/br\/#website\"},\"datePublished\":\"2019-12-11T14:11:33+00:00\",\"dateModified\":\"2023-04-21T13:17:33+00:00\",\"breadcrumb\":{\"@id\":\"https:\/\/www.halifax-consulting.com\/br\/casos-de-sucesso\/#breadcrumb\"},\"inLanguage\":\"pt-BR\",\"potentialAction\":[{\"@type\":\"ReadAction\",\"target\":[\"https:\/\/www.halifax-consulting.com\/br\/casos-de-sucesso\/\"]}]},{\"@type\":\"BreadcrumbList\",\"@id\":\"https:\/\/www.halifax-consulting.com\/br\/casos-de-sucesso\/#breadcrumb\",\"itemListElement\":[{\"@type\":\"ListItem\",\"position\":1,\"name\":\"Accueil\",\"item\":\"https:\/\/www.halifax-consulting.com\/br\/\"},{\"@type\":\"ListItem\",\"position\":2,\"name\":\"Casos de sucesso\"}]},{\"@type\":\"WebSite\",\"@id\":\"https:\/\/www.halifax-consulting.com\/br\/#website\",\"url\":\"https:\/\/www.halifax-consulting.com\/br\/\",\"name\":\"Halifax Consulting \u2013 BR\",\"description\":\"Halifax Consulting est un cabinet de conseil en performance commerciale sp\u00e9cialis\u00e9 dans la formation des \u00e9quipes et managers\",\"potentialAction\":[{\"@type\":\"SearchAction\",\"target\":{\"@type\":\"EntryPoint\",\"urlTemplate\":\"https:\/\/www.halifax-consulting.com\/br\/?s={search_term_string}\"},\"query-input\":\"required name=search_term_string\"}],\"inLanguage\":\"pt-BR\"}]}<\/script>\n<!-- \/ Yoast SEO plugin. -->","yoast_head_json":{"title":"Casos de successo - Halifax Consulting","canonical":"https:\/\/www.halifax-consulting.com\/br\/casos-de-sucesso\/","og_locale":"pt_BR","og_type":"article","og_title":"Casos de successo - Halifax Consulting","og_url":"https:\/\/www.halifax-consulting.com\/br\/casos-de-sucesso\/","og_site_name":"Halifax Consulting \u2013 BR","article_modified_time":"2023-04-21T13:17:33+00:00","twitter_card":"summary_large_image","schema":{"@context":"https:\/\/schema.org","@graph":[{"@type":"WebPage","@id":"https:\/\/www.halifax-consulting.com\/br\/casos-de-sucesso\/","url":"https:\/\/www.halifax-consulting.com\/br\/casos-de-sucesso\/","name":"Casos de successo - Halifax Consulting","isPartOf":{"@id":"https:\/\/www.halifax-consulting.com\/br\/#website"},"datePublished":"2019-12-11T14:11:33+00:00","dateModified":"2023-04-21T13:17:33+00:00","breadcrumb":{"@id":"https:\/\/www.halifax-consulting.com\/br\/casos-de-sucesso\/#breadcrumb"},"inLanguage":"pt-BR","potentialAction":[{"@type":"ReadAction","target":["https:\/\/www.halifax-consulting.com\/br\/casos-de-sucesso\/"]}]},{"@type":"BreadcrumbList","@id":"https:\/\/www.halifax-consulting.com\/br\/casos-de-sucesso\/#breadcrumb","itemListElement":[{"@type":"ListItem","position":1,"name":"Accueil","item":"https:\/\/www.halifax-consulting.com\/br\/"},{"@type":"ListItem","position":2,"name":"Casos de sucesso"}]},{"@type":"WebSite","@id":"https:\/\/www.halifax-consulting.com\/br\/#website","url":"https:\/\/www.halifax-consulting.com\/br\/","name":"Halifax Consulting \u2013 BR","description":"Halifax Consulting est un cabinet de conseil en performance commerciale sp\u00e9cialis\u00e9 dans la formation des \u00e9quipes et managers","potentialAction":[{"@type":"SearchAction","target":{"@type":"EntryPoint","urlTemplate":"https:\/\/www.halifax-consulting.com\/br\/?s={search_term_string}"},"query-input":"required name=search_term_string"}],"inLanguage":"pt-BR"}]}},"_links":{"self":[{"href":"https:\/\/www.halifax-consulting.com\/br\/wp-json\/wp\/v2\/pages\/547"}],"collection":[{"href":"https:\/\/www.halifax-consulting.com\/br\/wp-json\/wp\/v2\/pages"}],"about":[{"href":"https:\/\/www.halifax-consulting.com\/br\/wp-json\/wp\/v2\/types\/page"}],"author":[{"embeddable":true,"href":"https:\/\/www.halifax-consulting.com\/br\/wp-json\/wp\/v2\/users\/1"}],"replies":[{"embeddable":true,"href":"https:\/\/www.halifax-consulting.com\/br\/wp-json\/wp\/v2\/comments?post=547"}],"version-history":[{"count":2,"href":"https:\/\/www.halifax-consulting.com\/br\/wp-json\/wp\/v2\/pages\/547\/revisions"}],"predecessor-version":[{"id":3668,"href":"https:\/\/www.halifax-consulting.com\/br\/wp-json\/wp\/v2\/pages\/547\/revisions\/3668"}],"wp:attachment":[{"href":"https:\/\/www.halifax-consulting.com\/br\/wp-json\/wp\/v2\/media?parent=547"}],"wp:term":[{"taxonomy":"category","embeddable":true,"href":"https:\/\/www.halifax-consulting.com\/br\/wp-json\/wp\/v2\/categories?post=547"}],"curies":[{"name":"wp","href":"https:\/\/api.w.org\/{rel}","templated":true}]}}