{"id":549,"date":"2019-12-13T10:17:02","date_gmt":"2019-12-13T09:17:02","guid":{"rendered":"https:\/\/www.halifax-consulting.com\/?page_id=20"},"modified":"2025-05-19T10:23:17","modified_gmt":"2025-05-19T08:23:17","slug":"aprendizagem-digital","status":"publish","type":"page","link":"https:\/\/www.halifax-consulting.com\/br\/aprendizagem-digital\/","title":{"rendered":"Digital &amp; IA"},"content":{"rendered":"<div class=\"container\">\n\t<div class=\"row\">\n\t\t<div class=\"col-lg-12 col-md-12 col-sm-12\">\n\t\t\t<h2 class=\"intro\">\n\t\t\t\t<strong class=\"intro-h2 d-block\">Aprenda mais, aprenda r\u00e1pido<\/strong>\n\t\t\t\t<p>O aprendizado digital da Halifax Consulting reunem todas as ferramentas tecnol&oacute;gicas para melhorar o progresso em temas de vendas e gerenciamento comercial. Nem todos aprendemos da mesma maneira e a Halifax possui as mais recentes tecnologias de intelig&ecirc;ncia artificial para personalizar os caminhos de treinamento e melhorar a experi&ecirc;ncia de aprendizado.<\/p>\t\t\t<\/h2>\n\t\t<\/div>\n\t<\/div>\n<\/div>\n\n\n<div class=\"container pb-6\">\n\t<div class=\"row\">\n\t\t<div class=\"col-lg-4 col-md-4 col-sm-12\">\n\t\t\t<h4 class=\"key\">120+<\/h4>\n\t\t\t<p class=\"key-description\">M\u00f3dulos e-learning<br><br \/>\nprontos para uso<br \/>\n<\/p>\t\t\t\t\t\t\t\n\t\t<\/div>\n\t\t<div class=\"col-lg-4 col-md-4 col-sm-12\">\n\t\t\t<h4 class=\"key\">10<\/h4>\n\t\t\t<p class=\"key-description\">idiomas <br>dispon\u00edveis<\/p>\t\t\t\t\t\t\n\t\t<\/div>\n\t\t<div class=\"col-lg-4 col-md-4 col-sm-12\">\n\t\t\t<h4 class=\"key\">7<\/h4>\t\n\t\t\t<p class=\"key-description\">solu\u00e7\u00f5es espec\u00edficas para<br>ativa\u00e7\u00e3o de vendas<\/p>\t\t\t\t\t\n\t\t<\/div>\n\t<\/div>\n<\/div>\n\n<section class=\"light py-6 bloc_benefices\">\n\t<div class=\"container\">\n\t\t<div class=\"row\">\n\t\t\t<div class=\"col-lg-12 col-md-12 col-sm-12\">\n\t\t\t\t<h2 class=\"text-center\">\n\t\t\t\t\tBenef\u00edcios\t\t\t\t\t<span class=\"h2-subtitle\">Treine mais, treine r\u00e1pido, treine de maneira econ\u00f4mica<\/span>\n\t\t\t\t\t\n\t\t\t\t\t\n\t\t\t\t<\/h2>\n\t\t\t<\/div>\n\t\t<\/div>\n\t\t<div class=\"row\">\n\t\t\t\t\n\t\t\t\t\t\n\t\t\t\t\t<div class=\"col-lg-6 col-md-6 col-sm-12 mb-4 benefice\">\n\t\t\t\t\t\t<div class=\"row\">\n\t\t\t\t\t\t\t<div class=\"col-lg-2 col-sm-3 col-sm-12 bloc_benefices--image\">\n\t\t\t\t\t\t\t\t<img decoding=\"async\" class=\"wow fadeIn\" data-wow-delay=\"0s\" src=\"https:\/\/www.halifax-consulting.com\/br\/wp-content\/themes\/halifax\/library\/img\/halifax-consulting-benefits-icon.svg\" alt=\"icone benefices\" width=\"100%\" \/>\n\t\t\t\t\t\t\t<\/div>\n\t\t\t\t\t\t\t<div class=\"col-lg-10 col-sm-9 col-sm-12 wow fadeIn\" data-wow-delay=\"0s\">\n\t\t\t\t\t\t\t\t<h3 class=\"benef-title\">Melhor taxa de reten\u00e7\u00e3o<\/h3>\n\t\t\t\t\t\t\t\t<p class=\"benef-content\">O aprendizado digital aumenta a capacidade de reter informa\u00e7\u00f5es em at\u00e9 170%.<\/p>\n\t\t\t\t\t\t\t<\/div>\n\t\t\t\t\t\t<\/div>\n\t\t\t\t\t<\/div>\n\t\t\t\t\t\n\t\t\t\t\t\t\n\t\t\t\t\t\n\t\t\t\t\t<div class=\"col-lg-6 col-md-6 col-sm-12 mb-4 benefice\">\n\t\t\t\t\t\t<div class=\"row\">\n\t\t\t\t\t\t\t<div class=\"col-lg-2 col-sm-3 col-sm-12 bloc_benefices--image\">\n\t\t\t\t\t\t\t\t<img decoding=\"async\" class=\"wow fadeIn\" data-wow-delay=\"0.5s\" src=\"https:\/\/www.halifax-consulting.com\/br\/wp-content\/themes\/halifax\/library\/img\/halifax-consulting-benefits-icon.svg\" alt=\"icone benefices\" width=\"100%\" \/>\n\t\t\t\t\t\t\t<\/div>\n\t\t\t\t\t\t\t<div class=\"col-lg-10 col-sm-9 col-sm-12 wow fadeIn\" data-wow-delay=\"0.5s\">\n\t\t\t\t\t\t\t\t<h3 class=\"benef-title\">Custos reduzidos e desenvolvimento sustent\u00e1vel<\/h3>\n\t\t\t\t\t\t\t\t<p class=\"benef-content\">As despesas de log\u00edstica e viagens podem consumir at\u00e9 40% dos or\u00e7amentos de treinamento convencionais. Com o ensino a dist\u00e2ncia, esses custos caem a zero. Reduzir o tempo de viagem tamb\u00e9m permite reduzir as emiss\u00f5es de CO2 para apoiar o desenvolvimento sustent\u00e1vel.<\/p>\n\t\t\t\t\t\t\t<\/div>\n\t\t\t\t\t\t<\/div>\n\t\t\t\t\t<\/div>\n\t\t\t\t\t\n\t\t\t\t\t\t\n\t\t\t\t\t\n\t\t\t\t\t<div class=\"col-lg-6 col-md-6 col-sm-12 mb-4 benefice\">\n\t\t\t\t\t\t<div class=\"row\">\n\t\t\t\t\t\t\t<div class=\"col-lg-2 col-sm-3 col-sm-12 bloc_benefices--image\">\n\t\t\t\t\t\t\t\t<img decoding=\"async\" class=\"wow fadeIn\" data-wow-delay=\"1s\" src=\"https:\/\/www.halifax-consulting.com\/br\/wp-content\/themes\/halifax\/library\/img\/halifax-consulting-benefits-icon.svg\" alt=\"icone benefices\" width=\"100%\" \/>\n\t\t\t\t\t\t\t<\/div>\n\t\t\t\t\t\t\t<div class=\"col-lg-10 col-sm-9 col-sm-12 wow fadeIn\" data-wow-delay=\"1s\">\n\t\t\t\t\t\t\t\t<h3 class=\"benef-title\">Ferramentas personalizadas<\/h3>\n\t\t\t\t\t\t\t\t<p class=\"benef-content\">Fornecemos indicadores (KPIs) individuais para acompanhar com precis\u00e3o o desenvolvimento de habilidades.<\/p>\n\t\t\t\t\t\t\t<\/div>\n\t\t\t\t\t\t<\/div>\n\t\t\t\t\t<\/div>\n\t\t\t\t\t\n\t\t\t\t\t\t\n\t\t\t\t\t\n\t\t\t\t\t<div class=\"col-lg-6 col-md-6 col-sm-12 mb-4 benefice\">\n\t\t\t\t\t\t<div class=\"row\">\n\t\t\t\t\t\t\t<div class=\"col-lg-2 col-sm-3 col-sm-12 bloc_benefices--image\">\n\t\t\t\t\t\t\t\t<img decoding=\"async\" class=\"wow fadeIn\" data-wow-delay=\"1.5s\" src=\"https:\/\/www.halifax-consulting.com\/br\/wp-content\/themes\/halifax\/library\/img\/halifax-consulting-benefits-icon.svg\" alt=\"icone benefices\" width=\"100%\" \/>\n\t\t\t\t\t\t\t<\/div>\n\t\t\t\t\t\t\t<div class=\"col-lg-10 col-sm-9 col-sm-12 wow fadeIn\" data-wow-delay=\"1.5s\">\n\t\t\t\t\t\t\t\t<h3 class=\"benef-title\">Combina\u00e7\u00f5es infinitas e flexibilidade<\/h3>\n\t\t\t\t\t\t\t\t<p class=\"benef-content\">Nossas solu\u00e7\u00f5es e recursos modulares permitem adaptar e criar a combina\u00e7\u00e3o certa para atender \u00e0s suas necessidades.<\/p>\n\t\t\t\t\t\t\t<\/div>\n\t\t\t\t\t\t<\/div>\n\t\t\t\t\t<\/div>\n\t\t\t\t\t\n\t\t\t\t\t\t\n\t\t\t\t\t\n\t\t\t\t\t<div class=\"col-lg-6 col-md-6 col-sm-12 mb-4 benefice\">\n\t\t\t\t\t\t<div class=\"row\">\n\t\t\t\t\t\t\t<div class=\"col-lg-2 col-sm-3 col-sm-12 bloc_benefices--image\">\n\t\t\t\t\t\t\t\t<img decoding=\"async\" class=\"wow fadeIn\" data-wow-delay=\"2s\" src=\"https:\/\/www.halifax-consulting.com\/br\/wp-content\/themes\/halifax\/library\/img\/halifax-consulting-benefits-icon.svg\" alt=\"icone benefices\" width=\"100%\" \/>\n\t\t\t\t\t\t\t<\/div>\n\t\t\t\t\t\t\t<div class=\"col-lg-10 col-sm-9 col-sm-12 wow fadeIn\" data-wow-delay=\"2s\">\n\t\t\t\t\t\t\t\t<h3 class=\"benef-title\">Resultados instant\u00e2neos<\/h3>\n\t\t\t\t\t\t\t\t<p class=\"benef-content\">Os recursos de aprendizado digital oferecem feedback em tempo real para avaliar a efic\u00e1cia de suas iniciativas.<\/p>\n\t\t\t\t\t\t\t<\/div>\n\t\t\t\t\t\t<\/div>\n\t\t\t\t\t<\/div>\n\t\t\t\t\t\n\t\t\t\t\t\t\n\t\t\t\t\t\n\t\t\t\t\t<div class=\"col-lg-6 col-md-6 col-sm-12 mb-4 benefice\">\n\t\t\t\t\t\t<div class=\"row\">\n\t\t\t\t\t\t\t<div class=\"col-lg-2 col-sm-3 col-sm-12 bloc_benefices--image\">\n\t\t\t\t\t\t\t\t<img decoding=\"async\" class=\"wow fadeIn\" data-wow-delay=\"2.5s\" src=\"https:\/\/www.halifax-consulting.com\/br\/wp-content\/themes\/halifax\/library\/img\/halifax-consulting-benefits-icon.svg\" alt=\"icone benefices\" width=\"100%\" \/>\n\t\t\t\t\t\t\t<\/div>\n\t\t\t\t\t\t\t<div class=\"col-lg-10 col-sm-9 col-sm-12 wow fadeIn\" data-wow-delay=\"2.5s\">\n\t\t\t\t\t\t\t\t<h3 class=\"benef-title\">Adapta\u00e7\u00e3o \u00e0s necessidades espec\u00edficas dos alunos<\/h3>\n\t\t\t\t\t\t\t\t<p class=\"benef-content\">Capacitamos as pessoas a criarem sua pr\u00f3pria experi\u00eancia de aprendizado e progredir em seu pr\u00f3prio ritmo.<\/p>\n\t\t\t\t\t\t\t<\/div>\n\t\t\t\t\t\t<\/div>\n\t\t\t\t\t<\/div>\n\t\t\t\t\t\n\t\t\t\t\t\t\t\t\n\t\t<\/div>\n\t<\/div>\n<\/section>\n\n<section class=\"navy py-6\">\n\t<div class=\"container\">\n\t\t<div class=\"row\">\n\t\t\t<div class=\"col-lg-12 col-md-12 col-sm-12\">\n\t\t\t\t<h2 class=\"text-center\">\n\t\t\t\t\tComo as solu\u00e7\u00f5es de aprendizado digital da Halifax podem ajud\u00e1-lo?\t\t\t\t\t<span class=\"h2-subtitle\"><\/span>\n\t\t\t\t\t\n\t\t\t\t\t\n\t\t\t\t<\/h2>\n\t\t\t<\/div>\n\t\t<\/div>\n\t\t<div class=\"row\">\n\t\t\t\n\t\t\t<div class=\"col-lg-12 col-md-12 col-sm-12\">\n\t\t\t\t<div class=\"accordion\" id=\"accordionExample\">\n\t\t\t\t\t<div class=\"card\">\n\t\t\t\t\t    <div class=\"card-header\" id=\"headingOne\">\n\t\t\t\t\t\n\t\t\t\t\t        <button type=\"button\" data-toggle=\"collapse\" data-target=\"#collapseOne\" aria-expanded=\"true\" aria-controls=\"collapseOne\">\n\t\t\t\t\t        \tEmpresas\t\t\t\t\t        \t<i data-feather=\"chevron-down\"><\/i>\n\t\t\t\t\t        <\/button>\n\t\t\t\t\t\t\t\n\t\t\t\t\t    <\/div>\n\t\t\t\t\t\n\t\t\t\t\t    <div id=\"collapseOne\" class=\"collapse show\" aria-labelledby=\"headingOne\" data-parent=\"#accordionExample\">\n\t\t\t\t\t\t    <div class=\"card-body\">\n\t\t\t\t\t\t        <ul>\n<li> Acesse uma biblioteca de materiais de e-learning para vendas e gerenciamento em v\u00e1rios idiomas. <\/li>\n<li> Contrate as melhores equipes de vendas. <\/li>\n<li> Garanta que seu pessoal tenha uma compelta compreens\u00e3o das especifica\u00e7\u00f5es t\u00e9cnicas, produtos e linhas de neg\u00f3cios para obter os melhores argumentos poss\u00edveis. <\/li>\n<li> Forne\u00e7a aos gerentes recursos ass\u00edncronos de ensino \u00e0 dist\u00e2ncia para treinamento e treinamento. <\/li>\n<li> Lance planos de treinamento individuais com base em habilidades relevantes. <\/li>\n<li> Ofere\u00e7a aos seus funcion\u00e1rios cursos de treinamento online totalmente adaptados \u00e0s suas necessidades espec\u00edficas. <\/li>\n<li> Introduza solu\u00e7\u00f5es de treinamento e treinamento de longo prazo que capacitar\u00e3o seus gerentes e instrutores internos. <\/li>\n<li> Melhore significativamente a dura\u00e7\u00e3o e o impacto de seus programas de integra\u00e7\u00e3o para gerentes de vendas e equipes de vendas. <\/li>\n<\/ul>\n\t\t\t\t\t\t    <\/div>\n\t\t\t\t\t    <\/div>\n\t\t\t\t\t<\/div>\n\t\t\t\t\t<div class=\"card\">\n\t\t\t\t\t    <div class=\"card-header\" id=\"headingTwo\">\n\t\t\t\t\t      \n\t\t\t\t\t        <button class=\"btn btn-link collapsed\" type=\"button\" data-toggle=\"collapse\" data-target=\"#collapseTwo\" aria-expanded=\"false\" aria-controls=\"collapseTwo\">\n\t\t\t\t\t        \tEquipes e gerentes de vendas\t\t\t\t\t        \t<i data-feather=\"chevron-down\"><\/i>\n\t\t\t\t\t        <\/button>\n\t\t\t\t\t    <\/div>\n\t\t\t\t\t    <div id=\"collapseTwo\" class=\"collapse\" aria-labelledby=\"headingTwo\" data-parent=\"#accordionExample\">\n\t\t\t\t\t      <div class=\"card-body\">\n\t\t\t\t\t        <ul>\n<li> Aprimore suas habilidades em vendas, negocia\u00e7\u00f5es, gerenciamento de contas-chave (KAM) e gerenciamento de vendas da forma mais eficiente poss\u00edvel. <\/li>\n<li> Obtenha um t\u00edtulo equivalente ao mestrado em gerenciamento de contas-chave (KAM) em uma escola de neg\u00f3cios l\u00edder. <\/li>\n<li> Use um programa de desenvolvimento profissional cont\u00ednuo (por exemplo, CPF na Fran\u00e7a) para um de nossos tr\u00eas cursos que levam a qualifica\u00e7\u00f5es: <\/li>\n<ul>\n<li> Representante de vendas s\u00eanior B2B. <\/li>\n<li> Representante de vendas s\u00eanior KAM. <\/li>\n<li> T\u00e9cnicas de vendas e negocia\u00e7\u00e3o B2B. <\/li>\n<\/ul>\n<li> Beneficie-se de um curso avan\u00e7ado totalmente on-line, r\u00e1pido e completo, com orienta\u00e7\u00f5es e conte\u00fado personalizado com foco em um t\u00f3pico espec\u00edfico, como prospec\u00e7\u00e3o, vendas, negocia\u00e7\u00e3o, desenvolvimento de neg\u00f3cios para contas-chave (KAM) e t\u00e9cnicas de gerenciamento de vendas. <\/li>\n<\/ul>\n\t\t\t\t\t      <\/div>\n\t\t\t\t\t    <\/div>\n\t\t\t\t\t  <\/div>\n\t\t\t\t\t\t\t\t\t\t\t\t\t\t\t\t\t\t\t\t\t\t\t\t\t\t\t\t\t\t\t\t\t\t<\/div>\n\t\t\t<\/div>\n\t\t\t\n\t\t<\/div>\n\t<\/div>\n<\/section>\n\n<section class=\"success-single grey\">\n\t<div class=\"container-fluid\">\n\t\t<div class=\"row\">\n\t\t\t\t\t\t\t \n\t\t\t\t\t\t\t\t\t\t\n\t\t\t\t\t\t\t\t\t\t<div class=\"col-lg-7 col-md-6 col-sm-12 p-6\">\n\t\t\t\t\t\t<div>\n\t\t\t\t\t\t\t<h3>Casos de sucesso: Laborat\u00f3rio veterin\u00e1rio<\/h3>\n\t\t\t\t\t\t\t<p>O objetivo era intensificar o apoio \u00e0s habilidades e \u00e0 expertise dos representantes de vendas em uma variedade de produtos.<\/p>\n\t\t\t\t\t\t\t<p>\n\t\t\t\t\t\t\t\t<a href=\"https:\/\/www.halifax-consulting.com\/br\/casos-de-sucesso\/laboratorio-veterinario\/\" class=\"btn btn-hx btn-hx-ducky\">Leia mais<\/a>\n\t\t\t\t\t\t\t<\/p>\n\t\t\t\t\t\t<\/div>\n\t\t\t\t\t<\/div>\n\t\t\t\t\t<div class=\"col-lg-5 col-md-6 col-sm-12 p-0\">\n\t\t\t\t\t\t\t<figure class=\"\">\n<!-- \t\t\t\t\t\t\t\t<img decoding=\"async\" src=\"https:\/\/www.halifax-consulting.com\/br\/wp-content\/uploads\/sites\/4\/2020\/03\/halifax-consulting-success-story-Laboratoire-veterinaire.jpg\" alt=\"image success-story\" \/> -->\n\t\t\t\t\t\t\t\t<img decoding=\"async\" loading=\"lazy\" src=\"https:\/\/www.halifax-consulting.com\/br\/wp-content\/uploads\/sites\/4\/2020\/03\/halifax-consulting-success-story-Laboratoire-veterinaire.jpg\" alt=\"\" width=\"100%\" height=\"\" >\t\t\t\t\t\t\t<\/figure>\n\t\t\t\t\t<\/div>\n\t\t\t\t\t\t\t\t\t<\/div>\n\t<\/div>\n<\/section>\n","protected":false},"excerpt":{"rendered":"","protected":false},"author":1,"featured_media":1456,"parent":0,"menu_order":20,"comment_status":"closed","ping_status":"closed","template":"","meta":[],"categories":[],"acf":[],"yoast_head":"<!-- This site is optimized with the Yoast SEO plugin v19.9 - https:\/\/yoast.com\/wordpress\/plugins\/seo\/ -->\n<title>Aprendizagem Digital Halifax<\/title>\n<meta name=\"description\" content=\"O aprendizado digital da Halifax Consulting reunem todas as ferramentas tecnol\u00f3gicas para melhorar o progresso em temas de vendas...\" \/>\n<link rel=\"canonical\" href=\"https:\/\/www.halifax-consulting.com\/br\/aprendizagem-digital\/\" \/>\n<meta property=\"og:locale\" content=\"pt_BR\" \/>\n<meta property=\"og:type\" content=\"article\" \/>\n<meta property=\"og:title\" content=\"Aprendizagem Digital Halifax\" \/>\n<meta property=\"og:description\" content=\"O aprendizado digital da Halifax Consulting reunem todas as ferramentas tecnol\u00f3gicas para melhorar o progresso em temas de vendas...\" \/>\n<meta property=\"og:url\" content=\"https:\/\/www.halifax-consulting.com\/br\/aprendizagem-digital\/\" \/>\n<meta property=\"og:site_name\" content=\"Halifax Consulting \u2013 BR\" \/>\n<meta property=\"article:modified_time\" content=\"2025-05-19T08:23:17+00:00\" \/>\n<meta property=\"og:image\" content=\"https:\/\/www.halifax-consulting.com\/br\/wp-content\/uploads\/sites\/4\/2020\/03\/halifax-consulting-digital-learning.jpg\" \/>\n\t<meta property=\"og:image:width\" content=\"1000\" \/>\n\t<meta property=\"og:image:height\" content=\"360\" \/>\n\t<meta property=\"og:image:type\" content=\"image\/jpeg\" \/>\n<meta name=\"twitter:card\" content=\"summary_large_image\" \/>\n<script type=\"application\/ld+json\" class=\"yoast-schema-graph\">{\"@context\":\"https:\/\/schema.org\",\"@graph\":[{\"@type\":\"WebPage\",\"@id\":\"https:\/\/www.halifax-consulting.com\/br\/aprendizagem-digital\/\",\"url\":\"https:\/\/www.halifax-consulting.com\/br\/aprendizagem-digital\/\",\"name\":\"Aprendizagem Digital Halifax\",\"isPartOf\":{\"@id\":\"https:\/\/www.halifax-consulting.com\/br\/#website\"},\"datePublished\":\"2019-12-13T09:17:02+00:00\",\"dateModified\":\"2025-05-19T08:23:17+00:00\",\"description\":\"O aprendizado digital da Halifax Consulting reunem todas as ferramentas tecnol\u00f3gicas para melhorar o progresso em temas de vendas...\",\"breadcrumb\":{\"@id\":\"https:\/\/www.halifax-consulting.com\/br\/aprendizagem-digital\/#breadcrumb\"},\"inLanguage\":\"pt-BR\",\"potentialAction\":[{\"@type\":\"ReadAction\",\"target\":[\"https:\/\/www.halifax-consulting.com\/br\/aprendizagem-digital\/\"]}]},{\"@type\":\"BreadcrumbList\",\"@id\":\"https:\/\/www.halifax-consulting.com\/br\/aprendizagem-digital\/#breadcrumb\",\"itemListElement\":[{\"@type\":\"ListItem\",\"position\":1,\"name\":\"Accueil\",\"item\":\"https:\/\/www.halifax-consulting.com\/br\/\"},{\"@type\":\"ListItem\",\"position\":2,\"name\":\"Digital &amp; IA\"}]},{\"@type\":\"WebSite\",\"@id\":\"https:\/\/www.halifax-consulting.com\/br\/#website\",\"url\":\"https:\/\/www.halifax-consulting.com\/br\/\",\"name\":\"Halifax Consulting \u2013 BR\",\"description\":\"Halifax Consulting est un cabinet de conseil en performance commerciale sp\u00e9cialis\u00e9 dans la formation des \u00e9quipes et managers\",\"potentialAction\":[{\"@type\":\"SearchAction\",\"target\":{\"@type\":\"EntryPoint\",\"urlTemplate\":\"https:\/\/www.halifax-consulting.com\/br\/?s={search_term_string}\"},\"query-input\":\"required name=search_term_string\"}],\"inLanguage\":\"pt-BR\"}]}<\/script>\n<!-- \/ Yoast SEO plugin. -->","yoast_head_json":{"title":"Aprendizagem Digital Halifax","description":"O aprendizado digital da Halifax Consulting reunem todas as ferramentas tecnol\u00f3gicas para melhorar o progresso em temas de vendas...","canonical":"https:\/\/www.halifax-consulting.com\/br\/aprendizagem-digital\/","og_locale":"pt_BR","og_type":"article","og_title":"Aprendizagem Digital Halifax","og_description":"O aprendizado digital da Halifax Consulting reunem todas as ferramentas tecnol\u00f3gicas para melhorar o progresso em temas de vendas...","og_url":"https:\/\/www.halifax-consulting.com\/br\/aprendizagem-digital\/","og_site_name":"Halifax Consulting \u2013 BR","article_modified_time":"2025-05-19T08:23:17+00:00","og_image":[{"width":1000,"height":360,"url":"https:\/\/www.halifax-consulting.com\/br\/wp-content\/uploads\/sites\/4\/2020\/03\/halifax-consulting-digital-learning.jpg","type":"image\/jpeg"}],"twitter_card":"summary_large_image","schema":{"@context":"https:\/\/schema.org","@graph":[{"@type":"WebPage","@id":"https:\/\/www.halifax-consulting.com\/br\/aprendizagem-digital\/","url":"https:\/\/www.halifax-consulting.com\/br\/aprendizagem-digital\/","name":"Aprendizagem Digital Halifax","isPartOf":{"@id":"https:\/\/www.halifax-consulting.com\/br\/#website"},"datePublished":"2019-12-13T09:17:02+00:00","dateModified":"2025-05-19T08:23:17+00:00","description":"O aprendizado digital da Halifax Consulting reunem todas as ferramentas tecnol\u00f3gicas para melhorar o progresso em temas de vendas...","breadcrumb":{"@id":"https:\/\/www.halifax-consulting.com\/br\/aprendizagem-digital\/#breadcrumb"},"inLanguage":"pt-BR","potentialAction":[{"@type":"ReadAction","target":["https:\/\/www.halifax-consulting.com\/br\/aprendizagem-digital\/"]}]},{"@type":"BreadcrumbList","@id":"https:\/\/www.halifax-consulting.com\/br\/aprendizagem-digital\/#breadcrumb","itemListElement":[{"@type":"ListItem","position":1,"name":"Accueil","item":"https:\/\/www.halifax-consulting.com\/br\/"},{"@type":"ListItem","position":2,"name":"Digital &amp; IA"}]},{"@type":"WebSite","@id":"https:\/\/www.halifax-consulting.com\/br\/#website","url":"https:\/\/www.halifax-consulting.com\/br\/","name":"Halifax Consulting \u2013 BR","description":"Halifax Consulting est un cabinet de conseil en performance commerciale sp\u00e9cialis\u00e9 dans la formation des \u00e9quipes et managers","potentialAction":[{"@type":"SearchAction","target":{"@type":"EntryPoint","urlTemplate":"https:\/\/www.halifax-consulting.com\/br\/?s={search_term_string}"},"query-input":"required name=search_term_string"}],"inLanguage":"pt-BR"}]}},"_links":{"self":[{"href":"https:\/\/www.halifax-consulting.com\/br\/wp-json\/wp\/v2\/pages\/549"}],"collection":[{"href":"https:\/\/www.halifax-consulting.com\/br\/wp-json\/wp\/v2\/pages"}],"about":[{"href":"https:\/\/www.halifax-consulting.com\/br\/wp-json\/wp\/v2\/types\/page"}],"author":[{"embeddable":true,"href":"https:\/\/www.halifax-consulting.com\/br\/wp-json\/wp\/v2\/users\/1"}],"replies":[{"embeddable":true,"href":"https:\/\/www.halifax-consulting.com\/br\/wp-json\/wp\/v2\/comments?post=549"}],"version-history":[{"count":12,"href":"https:\/\/www.halifax-consulting.com\/br\/wp-json\/wp\/v2\/pages\/549\/revisions"}],"predecessor-version":[{"id":3620,"href":"https:\/\/www.halifax-consulting.com\/br\/wp-json\/wp\/v2\/pages\/549\/revisions\/3620"}],"wp:featuredmedia":[{"embeddable":true,"href":"https:\/\/www.halifax-consulting.com\/br\/wp-json\/wp\/v2\/media\/1456"}],"wp:attachment":[{"href":"https:\/\/www.halifax-consulting.com\/br\/wp-json\/wp\/v2\/media?parent=549"}],"wp:term":[{"taxonomy":"category","embeddable":true,"href":"https:\/\/www.halifax-consulting.com\/br\/wp-json\/wp\/v2\/categories?post=549"}],"curies":[{"name":"wp","href":"https:\/\/api.w.org\/{rel}","templated":true}]}}