{"id":56,"date":"2019-12-13T14:58:14","date_gmt":"2019-12-13T13:58:14","guid":{"rendered":"https:\/\/www.halifax-consulting.com\/?page_id=56"},"modified":"2025-07-10T20:02:37","modified_gmt":"2025-07-10T18:02:37","slug":"sales-talent-assessment","status":"publish","type":"page","link":"https:\/\/www.halifax-consulting.com\/br\/aprendizagem-digital\/sales-talent-assessment\/","title":{"rendered":"Assessment de talentos de vendas"},"content":{"rendered":"<div class=\"container\">\n\t<div class=\"row\">\n\t\t<div class=\"col-lg-12 col-md-12 col-sm-12\">\n\t\t\t<h2 class=\"intro\">\n\t\t\t\t<strong class=\"intro-h2 d-block\">Identifique talentos comerciais<\/strong>\n\t\t\t\t<p>Resultado de rigorosa pesquisa conduzida por cientistas da Universidade de Montreal, a solu&ccedil;&atilde;o de teste psicom&eacute;trico que comercializamos &eacute; especializada em profiss&otilde;es da &aacute;rea de vendas.<br data-start=\"444\" data-end=\"447\" \/>O aplicativo online tamb&eacute;m fornece uma solu&ccedil;&atilde;o de gerenciamento de talentos para combinar <strong data-start=\"539\" data-end=\"551\">melhores<\/strong> equipes, perfis e requisitos, para assim obter os melhores resultados em sua empresa.<\/p>\t\t\t<\/h2>\n\t\t<\/div>\n\t<\/div>\n<\/div>\n\n\n<div class=\"container pb-6\">\n\t<div class=\"row\">\n\t\t<div class=\"col-lg-4 col-md-4 col-sm-12\">\n\t\t\t<h4 class=\"key\">1<\/h4>\n\t\t\t<p class=\"key-description\">solu\u00e7\u00e3o online completa para gerenciar talentos comerciais (identifica\u00e7\u00e3o, recrutamento, evolu\u00e7\u00e3o, desenvolvimento, integra\u00e7\u00e3o de equipes)<\/p>\t\t\t\t\t\t\t\n\t\t<\/div>\n\t\t<div class=\"col-lg-4 col-md-4 col-sm-12\">\n\t\t\t<h4 class=\"key\">3<\/h4>\n\t\t\t<p class=\"key-description\">idiomas dispon\u00edveis franc\u00eas, ingl\u00eas, espanhol<\/p>\t\t\t\t\t\t\n\t\t<\/div>\n\t\t<div class=\"col-lg-4 col-md-4 col-sm-12\">\n\t\t\t<h4 class=\"key\">10+<\/h4>\t\n\t\t\t<p class=\"key-description\">anos de experi\u00eancia no Canad\u00e1 e Am\u00e9rica do Norte<\/p>\t\t\t\t\t\n\t\t<\/div>\n\t<\/div>\n<\/div>\n\n<section class=\"light block-benefits-4 py-6\">\n\t<div class=\"container\">\n\t\t<div class=\"row\">\n\t\t\t<div class=\"col-lg-12 col-md-12 col-sm-12\">\n\t\t\t\t<h2 class=\"text-center\">\n\t\t\t\t\tBenef\u00edcios\t\t\t\t\t<span class=\"h2-subtitle\"><\/span>\n\t\t\t\t\t\n\t\t\t\t\t\n\t\t\t\t<\/h2>\n\t\t\t<\/div>\n\t\t<\/div>\n\t\t<div class=\"row\">\n\t\t\t\t\n\t\t\t\t\t\n\t\t\t\t\t<div class=\"col-lg-6 col-md-6 col-sm-12 mb-4\">\n\t\t\t\t\t\t<div class=\"row\">\n\t\t\t\t\t\t\t<div class=\"col-lg-2 col-sm-3 col-sm-12\">\n\t\t\t\t\t\t\t\t<img decoding=\"async\" class=\"fadeIn\" src=\"https:\/\/www.halifax-consulting.com\/br\/wp-content\/themes\/halifax\/library\/img\/halifax-consulting-benefits-icon.svg\" alt=\"icone benefices\" width=\"100%\" \/>\n\t\t\t\t\t\t\t<\/div>\n\t\t\t\t\t\t\t<div class=\"col-lg-10 col-sm-9 col-sm-12 fadeIn\">\n\t\t\t\t\t\t\t\t<h3 class=\"benef-title\">Encontre o ajuste ideal \u00e0 posi\u00e7\u00e3o<\/h3>\n\t\t\t\t\t\t\t\t<p class=\"benef-content\">Defina um perfil para o candidato ideal com base em seus melhores desempenhos e requisitos de vendas em diferentes \u00e1reas.<br>\n\t\t\t\t\t\t\t\t\t\t\t\t\t\t\t\t\t<\/p>\n\t\t\t\t\t\t\t<\/div>\n\t\t\t\t\t\t<\/div>\n\t\t\t\t\t<\/div>\n\t\t\t\t\t\n\t\t\t\t\t\t\n\t\t\t\t\t\n\t\t\t\t\t<div class=\"col-lg-6 col-md-6 col-sm-12 mb-4\">\n\t\t\t\t\t\t<div class=\"row\">\n\t\t\t\t\t\t\t<div class=\"col-lg-2 col-sm-3 col-sm-12\">\n\t\t\t\t\t\t\t\t<img decoding=\"async\" class=\"fadeIn\" src=\"https:\/\/www.halifax-consulting.com\/br\/wp-content\/themes\/halifax\/library\/img\/halifax-consulting-benefits-icon.svg\" alt=\"icone benefices\" width=\"100%\" \/>\n\t\t\t\t\t\t\t<\/div>\n\t\t\t\t\t\t\t<div class=\"col-lg-10 col-sm-9 col-sm-12 fadeIn\">\n\t\t\t\t\t\t\t\t<h3 class=\"benef-title\">Aumente a taxa de sucesso de suas contrata\u00e7\u00f5es<\/h3>\n\t\t\t\t\t\t\t\t<p class=\"benef-content\">Contrate de forma mais eficaz e r\u00e1pida, melhorando a integra\u00e7\u00e3o de novos funcion\u00e1rios, garantindo que eles sejam colocados nas equipes certas e dando \u00e0 ger\u00eancia o suporte necess\u00e1rio.<br>\n\t\t\t\t\t\t\t\t\t\t\t\t\t\t\t\t\t<\/p>\n\t\t\t\t\t\t\t<\/div>\n\t\t\t\t\t\t<\/div>\n\t\t\t\t\t<\/div>\n\t\t\t\t\t\n\t\t\t\t\t\t\n\t\t\t\t\t\n\t\t\t\t\t<div class=\"col-lg-6 col-md-6 col-sm-12 mb-4\">\n\t\t\t\t\t\t<div class=\"row\">\n\t\t\t\t\t\t\t<div class=\"col-lg-2 col-sm-3 col-sm-12\">\n\t\t\t\t\t\t\t\t<img decoding=\"async\" class=\"fadeIn\" src=\"https:\/\/www.halifax-consulting.com\/br\/wp-content\/themes\/halifax\/library\/img\/halifax-consulting-benefits-icon.svg\" alt=\"icone benefices\" width=\"100%\" \/>\n\t\t\t\t\t\t\t<\/div>\n\t\t\t\t\t\t\t<div class=\"col-lg-10 col-sm-9 col-sm-12 fadeIn\">\n\t\t\t\t\t\t\t\t<h3 class=\"benef-title\">Fa\u00e7a a escolha certa<\/h3>\n\t\t\t\t\t\t\t\t<p class=\"benef-content\">Existem fatores-chave a serem considerados e explorados, dependendo do tipo de cargo para o qual voc\u00ea est\u00e1 contratando, mesmo quando um candidato parece ter uma s\u00f3lida experi\u00eancia no neg\u00f3cio ou uma atua\u00e7\u00e3o relevante e causa uma boa impress\u00e3o.<br>\n\t\t\t\t\t\t\t\t\t\t\t\t\t\t\t\t\t<\/p>\n\t\t\t\t\t\t\t<\/div>\n\t\t\t\t\t\t<\/div>\n\t\t\t\t\t<\/div>\n\t\t\t\t\t\n\t\t\t\t\t\t\n\t\t\t\t\t\n\t\t\t\t\t<div class=\"col-lg-6 col-md-6 col-sm-12 mb-4\">\n\t\t\t\t\t\t<div class=\"row\">\n\t\t\t\t\t\t\t<div class=\"col-lg-2 col-sm-3 col-sm-12\">\n\t\t\t\t\t\t\t\t<img decoding=\"async\" class=\"fadeIn\" src=\"https:\/\/www.halifax-consulting.com\/br\/wp-content\/themes\/halifax\/library\/img\/halifax-consulting-benefits-icon.svg\" alt=\"icone benefices\" width=\"100%\" \/>\n\t\t\t\t\t\t\t<\/div>\n\t\t\t\t\t\t\t<div class=\"col-lg-10 col-sm-9 col-sm-12 fadeIn\">\n\t\t\t\t\t\t\t\t<h3 class=\"benef-title\">Foco comercial<\/h3>\n\t\t\t\t\t\t\t\t<p class=\"benef-content\">Aproveite o resultado de pesquisas sobre as diferentes fun\u00e7\u00f5es (atua\u00e7\u00e3o em campo, KAM, gerente, vendas remotas, etc.), processos comerciais (produto, solu\u00e7\u00e3o complexa, servi\u00e7o etc.) e abordagens de vendas (hunter, farmer, etc.), consolidado em um banco de dados com milhares de perfis.<br>\n\t\t\t\t\t\t\t\t\t\t\t\t\t\t\t\t\t<\/p>\n\t\t\t\t\t\t\t<\/div>\n\t\t\t\t\t\t<\/div>\n\t\t\t\t\t<\/div>\n\t\t\t\t\t\n\t\t\t\t\t\t\t\t\n\t\t<\/div>\n\t<\/div>\n<\/section>\n\n<section class=\"navy py-6\">\n\t<div class=\"container\">\n\t\t<div class=\"row\">\n\t\t\t<div class=\"col-lg-12 col-md-12 col-sm-12\">\n\t\t\t\t<h2 class=\"text-center\">\n\t\t\t\t\tComo nossa solu\u00e7\u00e3o de gerenciamento de talentos pode ajud\u00e1-lo?\t\t\t\t\t<span class=\"h2-subtitle\"><\/span>\n\t\t\t\t\t\n\t\t\t\t\t\n\t\t\t\t<\/h2>\n\t\t\t<\/div>\n\t\t<\/div>\n\t\t<div class=\"row\">\n\t\t\t\n\t\t\t<div class=\"col-lg-12 col-md-12 col-sm-12\">\n\t\t\t\t<div class=\"accordion\" id=\"accordionExample\">\n\t\t\t\t\t<div class=\"card\">\n\t\t\t\t\t    <div class=\"card-header\" id=\"headingOne\">\n\t\t\t\t\t\n\t\t\t\t\t        <button type=\"button\" data-toggle=\"collapse\" data-target=\"#collapseOne\" aria-expanded=\"true\" aria-controls=\"collapseOne\">\n\t\t\t\t\t        \tNos seus neg\u00f3cios, os vendedores certos s\u00e3o cada vez mais escassos e caros para recrutar e treinar\t\t\t\t\t        \t<i data-feather=\"chevron-down\"><\/i>\n\t\t\t\t\t        <\/button>\n\t\t\t\t\t\t\t\n\t\t\t\t\t    <\/div>\n\t\t\t\t\t\n\t\t\t\t\t    <div id=\"collapseOne\" class=\"collapse show\" aria-labelledby=\"headingOne\" data-parent=\"#accordionExample\">\n\t\t\t\t\t\t    <div class=\"card-body\">\n\t\t\t\t\t\t        <ul>\n<li>Melhor identifica\u00e7\u00e3o, reten\u00e7\u00e3o, gerenciamento, desenvolvimento por crit\u00e9rios objetivos \u00e9 essencial<\/li>\n<li>Voc\u00ea n\u00e3o est\u00e1 apenas procurando uma avalia\u00e7\u00e3o, mas uma solu\u00e7\u00e3o gerencial dedicada a fun\u00e7\u00f5es comerciais, f\u00e1cil de usar por l\u00edderes ou equipes de RH.<\/li>\n<\/ul>\n\t\t\t\t\t\t    <\/div>\n\t\t\t\t\t    <\/div>\n\t\t\t\t\t<\/div>\n\t\t\t\t\t<div class=\"card\">\n\t\t\t\t\t    <div class=\"card-header\" id=\"headingTwo\">\n\t\t\t\t\t      \n\t\t\t\t\t        <button class=\"btn btn-link collapsed\" type=\"button\" data-toggle=\"collapse\" data-target=\"#collapseTwo\" aria-expanded=\"false\" aria-controls=\"collapseTwo\">\n\t\t\t\t\t        \tVoc\u00ea est\u00e1 planejando uma grande transforma\u00e7\u00e3o de vendas\t\t\t\t\t        \t<i data-feather=\"chevron-down\"><\/i>\n\t\t\t\t\t        <\/button>\n\t\t\t\t\t    <\/div>\n\t\t\t\t\t    <div id=\"collapseTwo\" class=\"collapse\" aria-labelledby=\"headingTwo\" data-parent=\"#accordionExample\">\n\t\t\t\t\t      <div class=\"card-body\">\n\t\t\t\t\t        <ul>\n<li> Suas pr\u00e1ticas de recrutamento n\u00e3o est\u00e3o mais produzindo os resultados que voc\u00ea precisa para lidar com novos desafios comerciais e mudan\u00e7as em suas solu\u00e7\u00f5es, abordagens e pr\u00e1ticas. <\/li>\n<li> Voc\u00ea gostaria de revisar o tipo de perfil necess\u00e1rio e encontrar uma maneira de renovar as equipes. <\/li>\n<\/ul>\n\t\t\t\t\t      <\/div>\n\t\t\t\t\t    <\/div>\n\t\t\t\t\t  <\/div>\n\t\t\t\t\t\t\t\t\t\t<div class=\"card\">\n\t\t\t\t\t    <div class=\"card-header\" id=\"headingThree\">\n\t\t\t\t\t      \n\t\t\t\t\t        <button class=\"btn btn-link collapsed\" type=\"button\" data-toggle=\"collapse\" data-target=\"#collapseThree\" aria-expanded=\"false\" aria-controls=\"collapseThree\">\n\t\t\t\t\t        \tSeu objetivo \u00e9 melhorar o gerenciamento de talentos \u00e0 medida que sua empresa cresce\t\t\t\t\t        \t<i data-feather=\"chevron-down\"><\/i>\n\t\t\t\t\t        <\/button>\n\t\t\t\t\t    <\/div>\n\t\t\t\t\t    <div id=\"collapseThree\" class=\"collapse\" aria-labelledby=\"headingThree\" data-parent=\"#accordionExample\">\n\t\t\t\t\t      <div class=\"card-body\">\n\t\t\t\t\t        <p>O poder do aplicativo online e a an\u00e1lise de dados, por meio de SaaS, podem oferecer uma vantagem competitiva, exigindo muito pouco investimento em opera\u00e7\u00f5es para impulsionar significativamente o desenvolvimento de seus neg\u00f3cios.<\/p>\n\t\t\t\t\t      <\/div>\n\t\t\t\t\t    <\/div>\n\t\t\t\t\t  <\/div>\t\n\t\t\t\t\t\t\t\t\t\t\t\t\t\t\t\t\t\t\t\t\t\t\t\t\t\t\t\t\t\t\t\t\t\t<\/div>\n\t\t\t<\/div>\n\t\t\t\n\t\t<\/div>\n\t<\/div>\n<\/section>","protected":false},"excerpt":{"rendered":"<p>Psychometric tests designed specifically for sales<\/p>\n","protected":false},"author":1,"featured_media":1513,"parent":549,"menu_order":20,"comment_status":"closed","ping_status":"closed","template":"","meta":[],"categories":[],"acf":[],"yoast_head":"<!-- This site is optimized with the Yoast SEO plugin v19.9 - https:\/\/yoast.com\/wordpress\/plugins\/seo\/ -->\n<title>Assessment de talentos de vendas - Halifax Consulting \u2013 BR<\/title>\n<meta name=\"description\" content=\"Resultado de rigorosa pesquisa conduzida por cientistas da Universidade de Montreal, a solu\u00e7\u00e3o de teste psicom\u00e9trico que comercializamos...\" \/>\n<link rel=\"canonical\" href=\"https:\/\/www.halifax-consulting.com\/br\/aprendizagem-digital\/sales-talent-assessment\/\" \/>\n<meta property=\"og:locale\" content=\"pt_BR\" \/>\n<meta property=\"og:type\" content=\"article\" \/>\n<meta property=\"og:title\" content=\"Assessment de talentos de vendas - Halifax Consulting \u2013 BR\" \/>\n<meta property=\"og:description\" content=\"Resultado de rigorosa pesquisa conduzida por cientistas da Universidade de Montreal, a solu\u00e7\u00e3o de teste psicom\u00e9trico que comercializamos...\" \/>\n<meta property=\"og:url\" content=\"https:\/\/www.halifax-consulting.com\/br\/aprendizagem-digital\/sales-talent-assessment\/\" \/>\n<meta property=\"og:site_name\" content=\"Halifax Consulting \u2013 BR\" \/>\n<meta property=\"article:modified_time\" content=\"2025-07-10T18:02:37+00:00\" \/>\n<meta property=\"og:image\" content=\"https:\/\/www.halifax-consulting.com\/br\/wp-content\/uploads\/sites\/4\/2020\/03\/halifax-consulting-digital-learning-sales-talent-assessment.jpg\" \/>\n\t<meta property=\"og:image:width\" content=\"1000\" \/>\n\t<meta property=\"og:image:height\" content=\"360\" \/>\n\t<meta property=\"og:image:type\" content=\"image\/jpeg\" \/>\n<meta name=\"twitter:card\" content=\"summary_large_image\" \/>\n<script type=\"application\/ld+json\" class=\"yoast-schema-graph\">{\"@context\":\"https:\/\/schema.org\",\"@graph\":[{\"@type\":\"WebPage\",\"@id\":\"https:\/\/www.halifax-consulting.com\/br\/aprendizagem-digital\/sales-talent-assessment\/\",\"url\":\"https:\/\/www.halifax-consulting.com\/br\/aprendizagem-digital\/sales-talent-assessment\/\",\"name\":\"Assessment de talentos de vendas - Halifax Consulting \u2013 BR\",\"isPartOf\":{\"@id\":\"https:\/\/www.halifax-consulting.com\/br\/#website\"},\"datePublished\":\"2019-12-13T13:58:14+00:00\",\"dateModified\":\"2025-07-10T18:02:37+00:00\",\"description\":\"Resultado de rigorosa pesquisa conduzida por cientistas da Universidade de Montreal, a solu\u00e7\u00e3o de teste psicom\u00e9trico que comercializamos...\",\"breadcrumb\":{\"@id\":\"https:\/\/www.halifax-consulting.com\/br\/aprendizagem-digital\/sales-talent-assessment\/#breadcrumb\"},\"inLanguage\":\"pt-BR\",\"potentialAction\":[{\"@type\":\"ReadAction\",\"target\":[\"https:\/\/www.halifax-consulting.com\/br\/aprendizagem-digital\/sales-talent-assessment\/\"]}]},{\"@type\":\"BreadcrumbList\",\"@id\":\"https:\/\/www.halifax-consulting.com\/br\/aprendizagem-digital\/sales-talent-assessment\/#breadcrumb\",\"itemListElement\":[{\"@type\":\"ListItem\",\"position\":1,\"name\":\"Accueil\",\"item\":\"https:\/\/www.halifax-consulting.com\/br\/\"},{\"@type\":\"ListItem\",\"position\":2,\"name\":\"Digital &amp; IA\",\"item\":\"https:\/\/www.halifax-consulting.com\/br\/aprendizagem-digital\/\"},{\"@type\":\"ListItem\",\"position\":3,\"name\":\"Assessment de talentos de vendas\"}]},{\"@type\":\"WebSite\",\"@id\":\"https:\/\/www.halifax-consulting.com\/br\/#website\",\"url\":\"https:\/\/www.halifax-consulting.com\/br\/\",\"name\":\"Halifax Consulting \u2013 BR\",\"description\":\"Halifax Consulting est un cabinet de conseil en performance commerciale sp\u00e9cialis\u00e9 dans la formation des \u00e9quipes et managers\",\"potentialAction\":[{\"@type\":\"SearchAction\",\"target\":{\"@type\":\"EntryPoint\",\"urlTemplate\":\"https:\/\/www.halifax-consulting.com\/br\/?s={search_term_string}\"},\"query-input\":\"required name=search_term_string\"}],\"inLanguage\":\"pt-BR\"}]}<\/script>\n<!-- \/ Yoast SEO plugin. -->","yoast_head_json":{"title":"Assessment de talentos de vendas - Halifax Consulting \u2013 BR","description":"Resultado de rigorosa pesquisa conduzida por cientistas da Universidade de Montreal, a solu\u00e7\u00e3o de teste psicom\u00e9trico que comercializamos...","canonical":"https:\/\/www.halifax-consulting.com\/br\/aprendizagem-digital\/sales-talent-assessment\/","og_locale":"pt_BR","og_type":"article","og_title":"Assessment de talentos de vendas - Halifax Consulting \u2013 BR","og_description":"Resultado de rigorosa pesquisa conduzida por cientistas da Universidade de Montreal, a solu\u00e7\u00e3o de teste psicom\u00e9trico que comercializamos...","og_url":"https:\/\/www.halifax-consulting.com\/br\/aprendizagem-digital\/sales-talent-assessment\/","og_site_name":"Halifax Consulting \u2013 BR","article_modified_time":"2025-07-10T18:02:37+00:00","og_image":[{"width":1000,"height":360,"url":"https:\/\/www.halifax-consulting.com\/br\/wp-content\/uploads\/sites\/4\/2020\/03\/halifax-consulting-digital-learning-sales-talent-assessment.jpg","type":"image\/jpeg"}],"twitter_card":"summary_large_image","schema":{"@context":"https:\/\/schema.org","@graph":[{"@type":"WebPage","@id":"https:\/\/www.halifax-consulting.com\/br\/aprendizagem-digital\/sales-talent-assessment\/","url":"https:\/\/www.halifax-consulting.com\/br\/aprendizagem-digital\/sales-talent-assessment\/","name":"Assessment de talentos de vendas - Halifax Consulting \u2013 BR","isPartOf":{"@id":"https:\/\/www.halifax-consulting.com\/br\/#website"},"datePublished":"2019-12-13T13:58:14+00:00","dateModified":"2025-07-10T18:02:37+00:00","description":"Resultado de rigorosa pesquisa conduzida por cientistas da Universidade de Montreal, a solu\u00e7\u00e3o de teste psicom\u00e9trico que comercializamos...","breadcrumb":{"@id":"https:\/\/www.halifax-consulting.com\/br\/aprendizagem-digital\/sales-talent-assessment\/#breadcrumb"},"inLanguage":"pt-BR","potentialAction":[{"@type":"ReadAction","target":["https:\/\/www.halifax-consulting.com\/br\/aprendizagem-digital\/sales-talent-assessment\/"]}]},{"@type":"BreadcrumbList","@id":"https:\/\/www.halifax-consulting.com\/br\/aprendizagem-digital\/sales-talent-assessment\/#breadcrumb","itemListElement":[{"@type":"ListItem","position":1,"name":"Accueil","item":"https:\/\/www.halifax-consulting.com\/br\/"},{"@type":"ListItem","position":2,"name":"Digital &amp; IA","item":"https:\/\/www.halifax-consulting.com\/br\/aprendizagem-digital\/"},{"@type":"ListItem","position":3,"name":"Assessment de talentos de vendas"}]},{"@type":"WebSite","@id":"https:\/\/www.halifax-consulting.com\/br\/#website","url":"https:\/\/www.halifax-consulting.com\/br\/","name":"Halifax Consulting \u2013 BR","description":"Halifax Consulting est un cabinet de conseil en performance commerciale sp\u00e9cialis\u00e9 dans la formation des \u00e9quipes et managers","potentialAction":[{"@type":"SearchAction","target":{"@type":"EntryPoint","urlTemplate":"https:\/\/www.halifax-consulting.com\/br\/?s={search_term_string}"},"query-input":"required name=search_term_string"}],"inLanguage":"pt-BR"}]}},"_links":{"self":[{"href":"https:\/\/www.halifax-consulting.com\/br\/wp-json\/wp\/v2\/pages\/56"}],"collection":[{"href":"https:\/\/www.halifax-consulting.com\/br\/wp-json\/wp\/v2\/pages"}],"about":[{"href":"https:\/\/www.halifax-consulting.com\/br\/wp-json\/wp\/v2\/types\/page"}],"author":[{"embeddable":true,"href":"https:\/\/www.halifax-consulting.com\/br\/wp-json\/wp\/v2\/users\/1"}],"replies":[{"embeddable":true,"href":"https:\/\/www.halifax-consulting.com\/br\/wp-json\/wp\/v2\/comments?post=56"}],"version-history":[{"count":7,"href":"https:\/\/www.halifax-consulting.com\/br\/wp-json\/wp\/v2\/pages\/56\/revisions"}],"predecessor-version":[{"id":3722,"href":"https:\/\/www.halifax-consulting.com\/br\/wp-json\/wp\/v2\/pages\/56\/revisions\/3722"}],"up":[{"embeddable":true,"href":"https:\/\/www.halifax-consulting.com\/br\/wp-json\/wp\/v2\/pages\/549"}],"wp:featuredmedia":[{"embeddable":true,"href":"https:\/\/www.halifax-consulting.com\/br\/wp-json\/wp\/v2\/media\/1513"}],"wp:attachment":[{"href":"https:\/\/www.halifax-consulting.com\/br\/wp-json\/wp\/v2\/media?parent=56"}],"wp:term":[{"taxonomy":"category","embeddable":true,"href":"https:\/\/www.halifax-consulting.com\/br\/wp-json\/wp\/v2\/categories?post=56"}],"curies":[{"name":"wp","href":"https:\/\/api.w.org\/{rel}","templated":true}]}}