{"id":633,"date":"2020-02-17T15:39:46","date_gmt":"2020-02-17T14:39:46","guid":{"rendered":"https:\/\/www.halifax-consulting.com\/en\/?page_id=633"},"modified":"2025-05-19T10:28:03","modified_gmt":"2025-05-19T08:28:03","slug":"presenca-internacional","status":"publish","type":"page","link":"https:\/\/www.halifax-consulting.com\/br\/o-grupo\/presenca-internacional\/","title":{"rendered":"Presen\u00e7a internacional"},"content":{"rendered":"<section class=\"white py-6\">\n\t<div class=\"container\">\n\t\t<div class=\"row\">\n\t\t\t<div class=\"col-lg-12 col-md-12 col-sm-12\">\n\t\t\t\t<h2 class=\"text-center\">Uma vis\u00e3o global sintonizada com as necessidades locais<\/h2>\n\t\t\t<\/div>\n\t\t<\/div>\n\t\t\n\t\t<div class=\"row\">\n\t\t\t<div class=\"col-lg-12 col-md-12 col-sm-12\">\n\t\t\t\t<p>\n\t\t\t\t\t<p>A Halifax Consulting trabalha com clientes em todo o mundo. Nossas quatro subsidi&aacute;rias internacionais abrangem a North America, Am&eacute;rica Latina, &Aacute;sia, Europa, Oriente M&eacute;dio &amp; &Aacute;frica e s&atilde;o apoiados por uma poderosa rede de representantes exclusivos da Halifax Consulting, (mais de 15 distribuidores e franqueados), o que nos permite oferecer solu&ccedil;&otilde;es e servi&ccedil;os em mais de 15 idiomas.<\/p>\t\t\t\t<\/p>\n\t\t\t\t\n\t\t\t<\/div>\n\n\t\t<\/div>\n\t<\/div>\n\t<\/section>\n\n\n<div class=\"wp-block-ootb-openstreetmap\"><div class=\"ootb-openstreetmap--map\" data-provider=\"openstreetmap\" data-markers=\"%5B%7B%22lat%22%3A%2248.899666100000005%22%2C%22lng%22%3A%222.093328440931799%22%2C%22text%22%3A%22%3Cp%3EHalifax%20Consulting%20%28HQ%29%3C\/p%3E%3Cp%3EFrance%3C\/p%3E%22%7D%2C%7B%22lat%22%3A%2240.4167047%22%2C%22lng%22%3A%22-3.7035825%22%2C%22text%22%3A%22%3Cp%3EMadrid%2C%20%C1rea%20metropolitana%20de%20Madrid%20y%20Corredor%20del%20Henares%2C%20Communaut%E9%20de%20Madrid%2C%20Espagne%3C\/p%3E%22%7D%2C%7B%22lat%22%3A%2251.5073219%22%2C%22lng%22%3A%22-0.1276474%22%2C%22text%22%3A%22%3Cp%3ELondres%2C%20Cit%E9%20de%20Westminster%2C%20Grand%20Londres%2C%20Angleterre%2C%20Royaume-Uni%3C\/p%3E%22%7D%2C%7B%22lat%22%3A%2245.4641943%22%2C%22lng%22%3A%229.1896346%22%2C%22text%22%3A%22%3Cp%3EMilan%2C%20Lombardie%2C%20Italie%3C\/p%3E%22%7D%2C%7B%22lat%22%3A%2245.4077172%22%2C%22lng%22%3A%2211.8734455%22%2C%22text%22%3A%22%3Cp%3EPadoue%2C%20Padova%2C%20V%E9n%E9tie%2C%2035100%2C%20Italie%3C\/p%3E%22%7D%2C%7B%22lat%22%3A%2250.8465573%22%2C%22lng%22%3A%224.351697%22%2C%22text%22%3A%22%3Cp%3EBruxelles%2C%20Ville%20de%20Bruxelles%2C%20Bruxelles-Capitale%2C%201000%2C%20Belgique%3C\/p%3E%22%7D%2C%7B%22lat%22%3A%2252.2319581%22%2C%22lng%22%3A%2221.0067249%22%2C%22text%22%3A%22%3Cp%3EVarsovie%2C%20Mazovie%2C%20Pologne%3C\/p%3E%22%7D%2C%7B%22lat%22%3A%2248.1371079%22%2C%22lng%22%3A%2211.5753822%22%2C%22text%22%3A%22%3Cp%3EMunich%2C%20Bavi%E8re%2C%20Allemagne%3C\/p%3E%22%7D%2C%7B%22lat%22%3A%2250.1106444%22%2C%22lng%22%3A%228.6820917%22%2C%22text%22%3A%22%3Cp%3EFrancfort-sur-le-Main%2C%20Hesse%2C%20Allemagne%3C\/p%3E%22%7D%2C%7B%22lat%22%3A%2237.9839412%22%2C%22lng%22%3A%2223.7283052%22%2C%22text%22%3A%22%3Cp%3EAth%E8nes%2C%20Municipality%20of%20Athens%2C%20Regional%20Unit%20of%20Central%20Athens%2C%20Attique%2C%2010431%2C%20Gr%E8ce%3C\/p%3E%22%7D%2C%7B%22lat%22%3A%2233.5675527%22%2C%22lng%22%3A%22-7.618756606822727%22%2C%22text%22%3A%22%3Cp%3EPr%E9fecture%20de%20Casablanca%2C%20Casablanca-Settat%2C%20Maroc%3C\/p%3E%22%7D%2C%7B%22lat%22%3A%2236.81776455%22%2C%22lng%22%3A%2210.21268372296034%22%2C%22text%22%3A%22%3Cp%3EGouvernorat%20Tunis%2C%20Tunisie%3C\/p%3E%22%7D%2C%7B%22lat%22%3A%22-26.205%22%2C%22lng%22%3A%2228.049722%22%2C%22text%22%3A%22%3Cp%3EJohannesbourg%2C%20City%20of%20Johannesburg%20Metropolitan%20Municipality%2C%20Municipalit%E9%20m%E9tropolitaine%20de%20la%20ville%20de%20Johannesburg%2C%20Gauteng%2C%202001%2C%20Afrique%20du%20Sud%3C\/p%3E%22%7D%2C%7B%22lat%22%3A%22-37.8142176%22%2C%22lng%22%3A%22144.9631608%22%2C%22text%22%3A%22%3Cp%3EMelbourne%2C%20City%20of%20Melbourne%2C%20Victoria%2C%20Australie%3C\/p%3E%22%7D%2C%7B%22lat%22%3A%2245.5031824%22%2C%22lng%22%3A%22-73.5698065%22%2C%22text%22%3A%22%3Cp%3EMontr%E9al%2C%20Agglom%E9ration%20de%20Montr%E9al%2C%20Montr%E9al%20%2806%29%2C%20Qu%E9bec%2C%20Canada%3C\/p%3E%22%7D%2C%7B%22lat%22%3A%2243.6534817%22%2C%22lng%22%3A%22-79.3839347%22%2C%22text%22%3A%22%3Cp%3EToronto%2C%20Golden%20Horseshoe%2C%20Ontario%2C%20Canada%3C\/p%3E%22%7D%2C%7B%22lat%22%3A%22-34.6075682%22%2C%22lng%22%3A%22-58.4370894%22%2C%22text%22%3A%22%3Cp%3EBuenos%20Aires%2C%20Comuna%206%2C%20Autonomous%20City%20of%20Buenos%20Aires%2C%20Argentine%3C\/p%3E%22%7D%2C%7B%22lat%22%3A%22-23.5506507%22%2C%22lng%22%3A%22-46.6333824%22%2C%22text%22%3A%22%3Cp%3ES%E3o%20Paulo%2C%20Regi%E3o%20Imediata%20de%20S%E3o%20Paulo%2C%20Regi%E3o%20Metropolitana%20de%20S%E3o%20Paulo%2C%20Regi%E3o%20Geogr%E1fica%20Intermedi%E1ria%20de%20S%E3o%20Paulo%2C%20S%E3o%20Paulo%2C%20R%E9gion%20Sud-est%2C%2001001-000%2C%20Br%E9sil%3C\/p%3E%22%7D%2C%7B%22lat%22%3A%22-22.2752762%22%2C%22lng%22%3A%22-42.419415%22%2C%22text%22%3A%22%3Cp%3ERio%20de%20Janeiro%2C%20R%E9gion%20Sud-est%2C%20Br%E9sil%3C\/p%3E%22%7D%2C%7B%22lat%22%3A%2219.4326296%22%2C%22lng%22%3A%22-99.1331785%22%2C%22text%22%3A%22%3Cp%3EMexico%2C%20Mexico%20City%2C%2006060%2C%20Mexique%3C\/p%3E%22%7D%2C%7B%22lat%22%3A%224.6533326%22%2C%22lng%22%3A%22-74.083652%22%2C%22text%22%3A%22%3Cp%3EBogota%2C%20Colombie%3C\/p%3E%22%7D%2C%7B%22lat%22%3A%22-33.4626389%22%2C%22lng%22%3A%22-70.654164%22%2C%22text%22%3A%22%3Cp%3ESantiago%2C%20Provincia%20de%20Santiago%2C%20M%E9tropolitaine%20de%20Santiago%2C%208360481%2C%20Chili%3C\/p%3E%22%7D%2C%7B%22lat%22%3A%221.357107%22%2C%22lng%22%3A%22103.8194992%22%2C%22text%22%3A%22%3Cp%3ESingapour%3C\/p%3E%22%7D%2C%7B%22lat%22%3A%22-17.7927491%22%2C%22lng%22%3A%22177.43036031681413%22%2C%22text%22%3A%22%3Cp%3EKuala%20lampur%2C%20Saunaka%20Village%20Road%2C%20FARM%2C%20Saunaka%20Village%2C%20Western%2C%20Fidji%3C\/p%3E%22%7D%2C%7B%22lat%22%3A%2213.7525438%22%2C%22lng%22%3A%22100.4934734%22%2C%22text%22%3A%22%3Cp%3EBangkok%2C%208200%2C%20Tha%EFlande%3C\/p%3E%22%7D%2C%7B%22lat%22%3A%2228.6273928%22%2C%22lng%22%3A%2277.1716954%22%2C%22text%22%3A%22%3Cp%3EDelhi%2C%20Inde%3C\/p%3E%22%7D%2C%7B%22lat%22%3A%2210.7758439%22%2C%22lng%22%3A%22106.7017555%22%2C%22text%22%3A%22%3Cp%3EH%F4%20Chi%20Minh-Ville%2C%2070000%2C%20Vi%EAt%20Nam%3C\/p%3E%22%7D%2C%7B%22lat%22%3A%2231.2252985%22%2C%22lng%22%3A%22121.4890497%22%2C%22text%22%3A%22%3Cp%3EShanghai%2C%20Chine%3C\/p%3E%22%7D%2C%7B%22lat%22%3A%2235.6828387%22%2C%22lng%22%3A%22139.7594549%22%2C%22text%22%3A%22%3Cp%3ETokyo%2C%20Japon%3C\/p%3E%22%7D%2C%7B%22lat%22%3A%2237.5666791%22%2C%22lng%22%3A%22126.9782914%22%2C%22text%22%3A%22%3Cp%3ES%E9oul%2C%20Cor%E9e%20du%20Sud%3C\/p%3E%22%7D%2C%7B%22lat%22%3A46.78501604269256%2C%22lng%22%3A-71.19140625000001%2C%22text%22%3A%22%3Cp%3EQu%E9bec%2C%20Canada%3C\/p%3E%22%7D%5D\" data-bounds=\"[7.330935799999999,39.148590908407066]\" data-zoom=\"1\" data-minzoom=\"2\" data-maxzoom=\"15\" data-dragging=\"true\" data-touchzoom=\"true\" data-doubleclickzoom=\"true\" data-scrollwheelzoom=\"false\" data-marker=\"%7B%22iconUrl%22%3A%22https%3A\/\/www.halifax-consulting.com\/wp-content\/uploads\/2022\/05\/marker-icon.png%22%2C%22iconAnchor%22%3A%5B13%2C41%5D%2C%22popupAnchor%22%3A%5B0%2C-41%5D%7D\" style=\"height:600px\"><\/div><\/div>\n\n\n<section class=\"navy py-6 bureaux\">\n\t<div class=\"container\">\n\t\t<div class=\"row\">\n\t\t\t<div class=\"col-lg-12 col-md-12 col-sm-12 p-6\">\n\t\t\t\t<div>\n\t\t\t\t\t<h2 class=\"text-center\">Nossos escrit\u00f3rios<\/h2>\n\t\t\t\t<\/div>\n\t\t\t<\/div>\n\t\t<\/div>\n\n\t\t<div class=\"row\">\n\t\t\t\t\t\t\t\t<div class=\"col-lg-2-4 col-md-3 col-sm-12\">\n\t\t\t\t<h4 class=\"region\"><i class=\"fas fa-map-marker-alt\"><\/i> Europa<\/h4>\n\n\t\t\t\t<div class=\"bureau\"><p><strong class=\"siege\">FRANCE &#8211; Swede<\/strong><br>Halifax Consulting<br>15, rue de Pontoise<br>78100 Saint Germain-en-Laye, France<br>Tel. : +33 (0) 1 30 61 81 91<br><a href=\"mailto:fra&#110;c&#101;&#064;&#104;a&#108;&#105;&#102;&#097;x&#045;c&#111;ns&#117;l&#116;in&#103;.c&#111;m\" title=\"fra&#110;c&#101;&#064;&#104;a&#108;&#105;&#102;&#097;x&#045;c&#111;ns&#117;l&#116;in&#103;.c&#111;m\">fra&#110;c&#101;&#064;&#104;a&#108;&#105;&#102;&#097;x&#045;c&#111;ns&#117;l&#116;in&#103;.c&#111;m<\/a><\/p><\/div><div class=\"bureau\"><p><strong>ITALIE<\/strong><br>Via Pitagora 11<br>Rubano 35030 (PD), Italy<br><a href=\"mailto:i&#116;&#097;l&#121;&#064;h&#097;l&#105;&#102;a&#120;&#045;c&#111;n&#115;&#117;&#108;&#116;&#105;&#110;g&#046;co&#109;\" title=\"i&#116;&#097;l&#121;&#064;h&#097;l&#105;&#102;a&#120;&#045;c&#111;n&#115;&#117;&#108;&#116;&#105;&#110;g&#046;co&#109;\">i&#116;&#097;l&#121;&#064;h&#097;l&#105;&#102;a&#120;&#045;c&#111;n&#115;&#117;&#108;&#116;&#105;&#110;g&#046;co&#109;<\/a><\/p><\/div><div class=\"bureau\"><p><strong>ESPAGNE<\/strong><br>Calle Castell\u00f3, 24. Esc1. 5\u00b0C<br>28001 Madrid, Spain<br><a href=\"mailto:&#115;p&#097;&#105;&#110;&#064;&#104;&#097;lifa&#120;&#045;co&#110;sulting.&#099;o&#109;\" title=\"&#115;p&#097;&#105;&#110;&#064;&#104;&#097;lifa&#120;&#045;co&#110;sulting.&#099;o&#109;\">&#115;p&#097;&#105;&#110;&#064;&#104;&#097;lifa&#120;&#045;co&#110;sulting.&#099;o&#109;<\/a><\/p><\/div><div class=\"bureau\"><p><strong>GR\u00c8CE<\/strong><br>3rd September str.<br>61 Athens 10433, Greece<br><a href=\"mailto:&#103;re&#101;&#099;e&#064;h&#097;&#108;ifa&#120;-c&#111;n&#115;u&#108;t&#105;ng.co&#109;\" title=\"&#103;re&#101;&#099;e&#064;h&#097;&#108;ifa&#120;-c&#111;n&#115;u&#108;t&#105;ng.co&#109;\">&#103;re&#101;&#099;e&#064;h&#097;&#108;ifa&#120;-c&#111;n&#115;u&#108;t&#105;ng.co&#109;<\/a><\/p><\/div><div class=\"bureau\"><p><strong>BENELUX<\/strong><br>Ottergemsesteenweg Zuid 808\/550<br>9000 Ghent, Belgium<br><a href=\"mailto:&#099;&#111;ntac&#116;&#064;hali&#102;&#097;x-&#099;on&#115;&#117;l&#116;&#105;ng&#046;co&#109;\" title=\"&#099;&#111;ntac&#116;&#064;hali&#102;&#097;x-&#099;on&#115;&#117;l&#116;&#105;ng&#046;co&#109;\">&#099;&#111;ntac&#116;&#064;hali&#102;&#097;x-&#099;on&#115;&#117;l&#116;&#105;ng&#046;co&#109;<\/a><\/p><\/div>\t\t\t<\/div>\n\t\t\t\t\t\t\t\t<div class=\"col-lg-2-4 col-md-3 col-sm-12\">\n\t\t\t\t<h4 class=\"region\"><i class=\"fas fa-map-marker-alt\"><\/i> \u00c1sia<\/h4>\n\n\t\t\t\t<div class=\"bureau\"><p><strong class=\"siege\">SINGAPOUR &#8211; filiais<\/strong><br>541 Orchard Road,<br>#09-01 Liat Towers,<br>Singapore 238881<br><a href=\"mailto:&#097;s&#105;&#097;&#064;h&#097;&#108;&#105;&#102;&#097;x-&#099;&#111;nsu&#108;&#116;i&#110;g.&#099;o&#109;\" title=\"&#097;s&#105;&#097;&#064;h&#097;&#108;&#105;&#102;&#097;x-&#099;&#111;nsu&#108;&#116;i&#110;g.&#099;o&#109;\">&#097;s&#105;&#097;&#064;h&#097;&#108;&#105;&#102;&#097;x-&#099;&#111;nsu&#108;&#116;i&#110;g.&#099;o&#109;<\/a><\/p><\/div><div class=\"bureau\"><p><strong>MALAISIE<\/strong><br>Halifax RERO<br>10th floor,<br>Plaza Sentral, Jalan Stesen Sentral 5,<br>50470 Kuala Lumpur, Malaysia<br><a href=\"mailto:&#097;&#115;&#105;&#097;&#064;h&#097;l&#105;f&#097;&#120;&#045;consu&#108;ti&#110;&#103;.&#099;o&#109;\" title=\"&#097;&#115;&#105;&#097;&#064;h&#097;l&#105;f&#097;&#120;&#045;consu&#108;ti&#110;&#103;.&#099;o&#109;\">&#097;&#115;&#105;&#097;&#064;h&#097;l&#105;f&#097;&#120;&#045;consu&#108;ti&#110;&#103;.&#099;o&#109;<\/a><\/p><\/div><div class=\"bureau\"><p><strong>CHINE<\/strong><br>C\/O Nego Asia<br>4802, 48\/F Grand Gateway Tower Building II,<br>N\u00b0 3 Hongqiao Road, Xuhui District,<br>200030 Shanghai, China<br><a href=\"mailto:&#099;h&#105;na&#064;ha&#108;if&#097;x&#045;&#099;on&#115;&#117;&#108;&#116;&#105;n&#103;&#046;com\" title=\"&#099;h&#105;na&#064;ha&#108;if&#097;x&#045;&#099;on&#115;&#117;&#108;&#116;&#105;n&#103;&#046;com\">&#099;h&#105;na&#064;ha&#108;if&#097;x&#045;&#099;on&#115;&#117;&#108;&#116;&#105;n&#103;&#046;com<\/a><\/p><\/div><div class=\"bureau\"><p><strong>HONG KONG<\/strong><br>C\/O Nego Asia LTD HK<br>Unit B 3\/F Kai Wan HSE 146 Kung Choi<br>St Mongkok Kowloon Hong Kong<br><a href=\"mailto:chi&#110;a&#064;ha&#108;&#105;&#102;a&#120;-con&#115;&#117;l&#116;in&#103;&#046;&#099;o&#109;\" title=\"chi&#110;a&#064;ha&#108;&#105;&#102;a&#120;-con&#115;&#117;l&#116;in&#103;&#046;&#099;o&#109;\">chi&#110;a&#064;ha&#108;&#105;&#102;a&#120;-con&#115;&#117;l&#116;in&#103;&#046;&#099;o&#109;<\/a><\/p><\/div>\t\t\t<\/div>\n\t\t\t\t\t\t\t\t<div class=\"col-lg-2-4 col-md-3 col-sm-12\">\n\t\t\t\t<h4 class=\"region\"><i class=\"fas fa-map-marker-alt\"><\/i> LATAM<\/h4>\n\n\t\t\t\t<div class=\"bureau\"><p><strong class=\"siege\">CHILI &#8211; filiais<\/strong><br>Roman Diaz 117<br>Providencia<br>Santiago de Chile, Chile<br><a href=\"mailto:&#108;atam&#064;ha&#108;&#105;fa&#120;-c&#111;&#110;&#115;u&#108;&#116;&#105;&#110;g&#046;c&#111;m\" title=\"&#108;atam&#064;ha&#108;&#105;fa&#120;-c&#111;&#110;&#115;u&#108;&#116;&#105;&#110;g&#046;c&#111;m\">&#108;atam&#064;ha&#108;&#105;fa&#120;-c&#111;&#110;&#115;u&#108;&#116;&#105;&#110;g&#046;c&#111;m<\/a><\/p><\/div><div class=\"bureau\"><p><strong>COLOMBIE<\/strong><br>Calle 27sur #27-21 Conjunto residencial Lyon<br>Loma del esmeralda, Envigado<br>Antioquia, Colombia<br><a href=\"mailto:&#108;a&#116;&#097;&#109;&#064;&#104;&#097;&#108;&#105;fa&#120;-consul&#116;&#105;&#110;&#103;&#046;&#099;om\" title=\"&#108;a&#116;&#097;&#109;&#064;&#104;&#097;&#108;&#105;fa&#120;-consul&#116;&#105;&#110;&#103;&#046;&#099;om\">&#108;a&#116;&#097;&#109;&#064;&#104;&#097;&#108;&#105;fa&#120;-consul&#116;&#105;&#110;&#103;&#046;&#099;om<\/a><\/p><\/div><div class=\"bureau\"><p><strong>MEXIQUE<\/strong><br>Rancho Mozota 60, colonia hacienda de Coyoac\u00e1n,<br>04970 Cuidad de Mexico, Mexico<br><a href=\"mailto:&#108;a&#116;a&#109;&#064;&#104;a&#108;i&#102;ax&#045;con&#115;&#117;l&#116;i&#110;&#103;.co&#109;\" title=\"&#108;a&#116;a&#109;&#064;&#104;a&#108;i&#102;ax&#045;con&#115;&#117;l&#116;i&#110;&#103;.co&#109;\">&#108;a&#116;a&#109;&#064;&#104;a&#108;i&#102;ax&#045;con&#115;&#117;l&#116;i&#110;&#103;.co&#109;<\/a><\/p><\/div><div class=\"bureau\"><p><strong>ARGENTINE<\/strong><br>Nu\u00f1ez 2210, Piso 12.B.<br>Ciudad de Buenos Aires, Argentina<br><a href=\"mailto:l&#097;&#116;a&#109;&#064;hali&#102;&#097;x-c&#111;&#110;su&#108;tin&#103;.c&#111;&#109;\" title=\"l&#097;&#116;a&#109;&#064;hali&#102;&#097;x-c&#111;&#110;su&#108;tin&#103;.c&#111;&#109;\">l&#097;&#116;a&#109;&#064;hali&#102;&#097;x-c&#111;&#110;su&#108;tin&#103;.c&#111;&#109;<\/a><\/p><\/div>\t\t\t<\/div>\n\t\t\t\t\t\t\t\t<div class=\"col-lg-2-4 col-md-3 col-sm-12\">\n\t\t\t\t<h4 class=\"region\"><i class=\"fas fa-map-marker-alt\"><\/i> Canada \/ Am\u00e9rica do Norte<\/h4>\n\n\t\t\t\t<div class=\"bureau\"><p><strong>QUEBEC<\/strong><br>600 Avenue Belv\u00e9d\u00e8re<br>Bureau C-101<br>Qu\u00e9bec, QC G1S 3E5<br>Canada<br><a href=\"mailto:n&#111;&#114;th&#097;&#109;&#064;&#104;al&#105;&#102;ax-consu&#108;&#116;&#105;ng&#046;&#099;&#111;&#109;\" title=\"n&#111;&#114;th&#097;&#109;&#064;&#104;al&#105;&#102;ax-consu&#108;&#116;&#105;ng&#046;&#099;&#111;&#109;\">n&#111;&#114;th&#097;&#109;&#064;&#104;al&#105;&#102;ax-consu&#108;&#116;&#105;ng&#046;&#099;&#111;&#109;<\/a><\/p><\/div><div class=\"bureau\"><p><strong>TORONTO<\/strong><br>2006 Penetanguishene Rd.<br>Springwater, Ontario, L9X 0R4<br>Canada<br><a href=\"mailto:&#110;o&#114;&#116;&#104;a&#109;&#064;h&#097;li&#102;a&#120;&#045;&#099;&#111;n&#115;ul&#116;i&#110;g&#046;&#099;&#111;m\" title=\"&#110;o&#114;&#116;&#104;a&#109;&#064;h&#097;li&#102;a&#120;&#045;&#099;&#111;n&#115;ul&#116;i&#110;g&#046;&#099;&#111;m\">&#110;o&#114;&#116;&#104;a&#109;&#064;h&#097;li&#102;a&#120;&#045;&#099;&#111;n&#115;ul&#116;i&#110;g&#046;&#099;&#111;m<\/a><\/p><\/div>\t\t\t<\/div>\n\t\t\t\t\t\t\t\t<div class=\"col-lg-2-4 col-md-3 col-sm-12\">\n\t\t\t\t<h4 class=\"region\"><i class=\"fas fa-map-marker-alt\"><\/i> MEA<\/h4>\n\n\t\t\t\t<div class=\"bureau\"><p><strong class=\"siege\">MAROC &#8211; filiais<\/strong><br>1, rue Ait Baamrane<br>Mohamed V Office Center, Bureau n\u00b0807<br>Casablanca, Morocco<br><a href=\"mailto:mo&#114;o&#099;co&#064;ha&#108;i&#102;&#097;x-&#099;&#111;n&#115;&#117;&#108;t&#105;ng&#046;c&#111;&#109;\" title=\"mo&#114;o&#099;co&#064;ha&#108;i&#102;&#097;x-&#099;&#111;n&#115;&#117;&#108;t&#105;ng&#046;c&#111;&#109;\">mo&#114;o&#099;co&#064;ha&#108;i&#102;&#097;x-&#099;&#111;n&#115;&#117;&#108;t&#105;ng&#046;c&#111;&#109;<\/a><\/p><\/div><div class=\"bureau\"><p><strong>TUNISIE<\/strong><br>76, Habib Bourguiba avenue<br>2080 Ariana, Tunisia<br><a href=\"mailto:&#116;u&#110;isi&#097;&#064;ha&#108;&#105;&#102;&#097;&#120;&#045;co&#110;&#115;&#117;&#108;&#116;i&#110;g&#046;c&#111;m\" title=\"&#116;u&#110;isi&#097;&#064;ha&#108;&#105;&#102;&#097;&#120;&#045;co&#110;&#115;&#117;&#108;&#116;i&#110;g&#046;c&#111;m\">&#116;u&#110;isi&#097;&#064;ha&#108;&#105;&#102;&#097;&#120;&#045;co&#110;&#115;&#117;&#108;&#116;i&#110;g&#046;c&#111;m<\/a><\/p><\/div>\t\t\t<\/div>\n\t\t\t\t\t\t\t\t<div class=\"col-lg-2-4 col-md-3 col-sm-12\">\n\t\t\t\t<h4 class=\"region\"><i class=\"fas fa-map-marker-alt\"><\/i> OCEANIA<\/h4>\n\n\t\t\t\t<div class=\"bureau\"><p><strong>AUSTRALIE<\/strong><br>PO Box 8800<br>Middle Camberwell VIC 3124<br>Melbourne, Australia<br><a href=\"mailto:&#097;&#117;&#115;t&#114;a&#108;&#105;&#097;&#064;&#104;&#097;lifa&#120;-&#099;on&#115;u&#108;&#116;i&#110;g.c&#111;m\" title=\"&#097;&#117;&#115;t&#114;a&#108;&#105;&#097;&#064;&#104;&#097;lifa&#120;-&#099;on&#115;u&#108;&#116;i&#110;g.c&#111;m\">&#097;&#117;&#115;t&#114;a&#108;&#105;&#097;&#064;&#104;&#097;lifa&#120;-&#099;on&#115;u&#108;&#116;i&#110;g.c&#111;m<\/a><\/p><\/div>\t\t\t<\/div>\n\t\t\t\t<\/div>\n\t<\/div>\n<\/section>","protected":false},"excerpt":{"rendered":"","protected":false},"author":1,"featured_media":635,"parent":384,"menu_order":20,"comment_status":"closed","ping_status":"closed","template":"page-presenceinter.php","meta":[],"categories":[],"acf":[],"yoast_head":"<!-- This site is optimized with the Yoast SEO plugin v19.9 - https:\/\/yoast.com\/wordpress\/plugins\/seo\/ -->\n<title>Presen\u00e7a internacional - Halifax Consulting \u2013 BR<\/title>\n<meta name=\"description\" content=\"Nossas quatro subsidi\u00e1rias internacionais abrangem a North America, Am\u00e9rica Latina, \u00c1sia, Europa, Oriente M\u00e9dio &amp; \u00c1frica e s\u00e3o apoiados...\" \/>\n<link rel=\"canonical\" href=\"https:\/\/www.halifax-consulting.com\/br\/o-grupo\/presenca-internacional\/\" \/>\n<meta property=\"og:locale\" content=\"pt_BR\" \/>\n<meta property=\"og:type\" content=\"article\" \/>\n<meta property=\"og:title\" content=\"Presen\u00e7a internacional - Halifax Consulting \u2013 BR\" \/>\n<meta property=\"og:description\" content=\"Nossas quatro subsidi\u00e1rias internacionais abrangem a North America, Am\u00e9rica Latina, \u00c1sia, Europa, Oriente M\u00e9dio &amp; \u00c1frica e s\u00e3o apoiados...\" \/>\n<meta property=\"og:url\" content=\"https:\/\/www.halifax-consulting.com\/br\/o-grupo\/presenca-internacional\/\" \/>\n<meta property=\"og:site_name\" content=\"Halifax Consulting \u2013 BR\" \/>\n<meta property=\"article:modified_time\" content=\"2025-05-19T08:28:03+00:00\" \/>\n<meta property=\"og:image\" content=\"https:\/\/www.halifax-consulting.com\/br\/wp-content\/uploads\/sites\/4\/2020\/02\/halifax-consulting-groupe-presence-internationale-1.jpg\" \/>\n\t<meta property=\"og:image:width\" content=\"1000\" \/>\n\t<meta property=\"og:image:height\" content=\"360\" \/>\n\t<meta property=\"og:image:type\" content=\"image\/jpeg\" \/>\n<meta name=\"twitter:card\" content=\"summary_large_image\" \/>\n<script type=\"application\/ld+json\" class=\"yoast-schema-graph\">{\"@context\":\"https:\/\/schema.org\",\"@graph\":[{\"@type\":\"WebPage\",\"@id\":\"https:\/\/www.halifax-consulting.com\/br\/o-grupo\/presenca-internacional\/\",\"url\":\"https:\/\/www.halifax-consulting.com\/br\/o-grupo\/presenca-internacional\/\",\"name\":\"Presen\u00e7a internacional - Halifax Consulting \u2013 BR\",\"isPartOf\":{\"@id\":\"https:\/\/www.halifax-consulting.com\/br\/#website\"},\"datePublished\":\"2020-02-17T14:39:46+00:00\",\"dateModified\":\"2025-05-19T08:28:03+00:00\",\"description\":\"Nossas quatro subsidi\u00e1rias internacionais abrangem a North America, Am\u00e9rica Latina, \u00c1sia, Europa, Oriente M\u00e9dio & \u00c1frica e s\u00e3o apoiados...\",\"breadcrumb\":{\"@id\":\"https:\/\/www.halifax-consulting.com\/br\/o-grupo\/presenca-internacional\/#breadcrumb\"},\"inLanguage\":\"pt-BR\",\"potentialAction\":[{\"@type\":\"ReadAction\",\"target\":[\"https:\/\/www.halifax-consulting.com\/br\/o-grupo\/presenca-internacional\/\"]}]},{\"@type\":\"BreadcrumbList\",\"@id\":\"https:\/\/www.halifax-consulting.com\/br\/o-grupo\/presenca-internacional\/#breadcrumb\",\"itemListElement\":[{\"@type\":\"ListItem\",\"position\":1,\"name\":\"Accueil\",\"item\":\"https:\/\/www.halifax-consulting.com\/br\/\"},{\"@type\":\"ListItem\",\"position\":2,\"name\":\"O grupo\",\"item\":\"https:\/\/www.halifax-consulting.com\/br\/o-grupo\/\"},{\"@type\":\"ListItem\",\"position\":3,\"name\":\"Presen\u00e7a internacional\"}]},{\"@type\":\"WebSite\",\"@id\":\"https:\/\/www.halifax-consulting.com\/br\/#website\",\"url\":\"https:\/\/www.halifax-consulting.com\/br\/\",\"name\":\"Halifax Consulting \u2013 BR\",\"description\":\"Halifax Consulting est un cabinet de conseil en performance commerciale sp\u00e9cialis\u00e9 dans la formation des \u00e9quipes et managers\",\"potentialAction\":[{\"@type\":\"SearchAction\",\"target\":{\"@type\":\"EntryPoint\",\"urlTemplate\":\"https:\/\/www.halifax-consulting.com\/br\/?s={search_term_string}\"},\"query-input\":\"required name=search_term_string\"}],\"inLanguage\":\"pt-BR\"}]}<\/script>\n<!-- \/ Yoast SEO plugin. -->","yoast_head_json":{"title":"Presen\u00e7a internacional - Halifax Consulting \u2013 BR","description":"Nossas quatro subsidi\u00e1rias internacionais abrangem a North America, Am\u00e9rica Latina, \u00c1sia, Europa, Oriente M\u00e9dio & \u00c1frica e s\u00e3o apoiados...","canonical":"https:\/\/www.halifax-consulting.com\/br\/o-grupo\/presenca-internacional\/","og_locale":"pt_BR","og_type":"article","og_title":"Presen\u00e7a internacional - Halifax Consulting \u2013 BR","og_description":"Nossas quatro subsidi\u00e1rias internacionais abrangem a North America, Am\u00e9rica Latina, \u00c1sia, Europa, Oriente M\u00e9dio & \u00c1frica e s\u00e3o apoiados...","og_url":"https:\/\/www.halifax-consulting.com\/br\/o-grupo\/presenca-internacional\/","og_site_name":"Halifax Consulting \u2013 BR","article_modified_time":"2025-05-19T08:28:03+00:00","og_image":[{"width":1000,"height":360,"url":"https:\/\/www.halifax-consulting.com\/br\/wp-content\/uploads\/sites\/4\/2020\/02\/halifax-consulting-groupe-presence-internationale-1.jpg","type":"image\/jpeg"}],"twitter_card":"summary_large_image","schema":{"@context":"https:\/\/schema.org","@graph":[{"@type":"WebPage","@id":"https:\/\/www.halifax-consulting.com\/br\/o-grupo\/presenca-internacional\/","url":"https:\/\/www.halifax-consulting.com\/br\/o-grupo\/presenca-internacional\/","name":"Presen\u00e7a internacional - Halifax Consulting \u2013 BR","isPartOf":{"@id":"https:\/\/www.halifax-consulting.com\/br\/#website"},"datePublished":"2020-02-17T14:39:46+00:00","dateModified":"2025-05-19T08:28:03+00:00","description":"Nossas quatro subsidi\u00e1rias internacionais abrangem a North America, Am\u00e9rica Latina, \u00c1sia, Europa, Oriente M\u00e9dio & \u00c1frica e s\u00e3o apoiados...","breadcrumb":{"@id":"https:\/\/www.halifax-consulting.com\/br\/o-grupo\/presenca-internacional\/#breadcrumb"},"inLanguage":"pt-BR","potentialAction":[{"@type":"ReadAction","target":["https:\/\/www.halifax-consulting.com\/br\/o-grupo\/presenca-internacional\/"]}]},{"@type":"BreadcrumbList","@id":"https:\/\/www.halifax-consulting.com\/br\/o-grupo\/presenca-internacional\/#breadcrumb","itemListElement":[{"@type":"ListItem","position":1,"name":"Accueil","item":"https:\/\/www.halifax-consulting.com\/br\/"},{"@type":"ListItem","position":2,"name":"O grupo","item":"https:\/\/www.halifax-consulting.com\/br\/o-grupo\/"},{"@type":"ListItem","position":3,"name":"Presen\u00e7a internacional"}]},{"@type":"WebSite","@id":"https:\/\/www.halifax-consulting.com\/br\/#website","url":"https:\/\/www.halifax-consulting.com\/br\/","name":"Halifax Consulting \u2013 BR","description":"Halifax Consulting est un cabinet de conseil en performance commerciale sp\u00e9cialis\u00e9 dans la formation des \u00e9quipes et managers","potentialAction":[{"@type":"SearchAction","target":{"@type":"EntryPoint","urlTemplate":"https:\/\/www.halifax-consulting.com\/br\/?s={search_term_string}"},"query-input":"required name=search_term_string"}],"inLanguage":"pt-BR"}]}},"_links":{"self":[{"href":"https:\/\/www.halifax-consulting.com\/br\/wp-json\/wp\/v2\/pages\/633"}],"collection":[{"href":"https:\/\/www.halifax-consulting.com\/br\/wp-json\/wp\/v2\/pages"}],"about":[{"href":"https:\/\/www.halifax-consulting.com\/br\/wp-json\/wp\/v2\/types\/page"}],"author":[{"embeddable":true,"href":"https:\/\/www.halifax-consulting.com\/br\/wp-json\/wp\/v2\/users\/1"}],"replies":[{"embeddable":true,"href":"https:\/\/www.halifax-consulting.com\/br\/wp-json\/wp\/v2\/comments?post=633"}],"version-history":[{"count":10,"href":"https:\/\/www.halifax-consulting.com\/br\/wp-json\/wp\/v2\/pages\/633\/revisions"}],"predecessor-version":[{"id":3629,"href":"https:\/\/www.halifax-consulting.com\/br\/wp-json\/wp\/v2\/pages\/633\/revisions\/3629"}],"up":[{"embeddable":true,"href":"https:\/\/www.halifax-consulting.com\/br\/wp-json\/wp\/v2\/pages\/384"}],"wp:featuredmedia":[{"embeddable":true,"href":"https:\/\/www.halifax-consulting.com\/br\/wp-json\/wp\/v2\/media\/635"}],"wp:attachment":[{"href":"https:\/\/www.halifax-consulting.com\/br\/wp-json\/wp\/v2\/media?parent=633"}],"wp:term":[{"taxonomy":"category","embeddable":true,"href":"https:\/\/www.halifax-consulting.com\/br\/wp-json\/wp\/v2\/categories?post=633"}],"curies":[{"name":"wp","href":"https:\/\/api.w.org\/{rel}","templated":true}]}}