{"id":642,"date":"2020-02-17T16:02:28","date_gmt":"2020-02-17T15:02:28","guid":{"rendered":"https:\/\/www.halifax-consulting.com\/en\/?page_id=642"},"modified":"2023-06-26T16:16:41","modified_gmt":"2023-06-26T14:16:41","slug":"nossa-abordagem","status":"publish","type":"page","link":"https:\/\/www.halifax-consulting.com\/br\/o-grupo\/nossa-abordagem\/","title":{"rendered":"Nossa abordagem"},"content":{"rendered":"<section class=\"white py-6\">\n\t<div class=\"container\">\n\t\t<div class=\"row\">\n\t\t\t<div class=\"col-lg-12 col-md-12 col-sm-12\">\n\t\t\t\t<h2 class=\"text-center\">Metodologia progressiva<\/h2>\n\t\t\t<\/div>\n\t\t<\/div>\n\t\t\n\t\t<div class=\"row\">\n\t\t\t<div class=\"col-lg-12 col-md-12 col-sm-12\">\n\t\t\t\t<p>\n\t\t\t\t\t<p>Os departamentos de vendas enfrentam importantes desafios para se adequarem aos novos direcionamentos do mercado, como aumento da concorr&ecirc;ncia, modelos de neg&oacute;cios disruptivos e compradores mais bem informados. Consequentemente, os clientes est&atilde;o buscando novas formas de apoiar suas equipes de vendas, simplificando seus processos, melhorando o recrutamento, desenvolvendo habilidades e realizando a gest&atilde;o de vendas e oferecendo treinamento cont&iacute;nuo. Todas essas &aacute;reas agora sustentam o desempenho geral das empresas. Enfrentamos cada um desses desafios atrav&eacute;s de uma abordagem abrangente, flex&iacute;vel e progressiva.<\/p>\t\t\t\t<\/p>\n\t\t\t\t\n\t\t\t<\/div>\n\n\t\t<\/div>\n\t<\/div>\n\t<\/section>\n\n<section class=\"light py-6\">\t\n\t<div class=\"container\">\n\t\t<div class=\"row\">\n\t\t\t<div class=\"col-lg-12 col-md-12 col-sm-12\">\n\t\t\t\t<h2 class=\"text-center\">Nossos parceiros tecnol\u00f3gicos<\/h2>\n\t\t\t<\/div>\n\t\t<\/div>\n\t\t<div class=\"row\">\n\t\t\t<div class=\"col-lg-4 col-md-3 col-sm-12\">\n\t\t\t\t<img decoding=\"async\" src=\"https:\/\/www.halifax-consulting.com\/br\/wp-content\/uploads\/sites\/4\/2020\/02\/halifax-consulting-partenaire-strategiques-cornerstone-1.png\" width=\"100%\" alt=\"Logo 1\">\n\t\t\t<\/div>\n\t\t\t<div class=\"col-lg-4 col-md-3 col-sm-12\">\n\t\t\t\t<img decoding=\"async\" src=\"https:\/\/www.halifax-consulting.com\/br\/wp-content\/uploads\/sites\/4\/2020\/03\/halifax-consulting-partenaire-talentsoft.png\" width=\"100%\" alt=\"Logo 2\">\n\t\t\t<\/div>\n\t\t\t<div class=\"col-lg-4 col-md-3 col-sm-12\">\n\t\t\t\t<img decoding=\"async\" src=\"https:\/\/www.halifax-consulting.com\/br\/wp-content\/uploads\/sites\/4\/2020\/02\/halifax-consulting-partenaire-strategiques-Atman-1.png\" width=\"100%\" alt=\"Logo 3\">\n\t\t\t<\/div>\n\t\t<\/div>\n\t\t<div class=\"row\">\n\t\t\t<div class=\"col-lg-4 col-md-3 col-sm-12\">\n\t\t\t\t<img decoding=\"async\" src=\"https:\/\/www.halifax-consulting.com\/br\/wp-content\/uploads\/sites\/4\/2020\/02\/halifax-consulting-partenaire-strategiques-Area9-1.png\" width=\"100%\" alt=\"Logo 4\">\n\t\t\t<\/div>\n\t\t\t<div class=\"col-lg-4 col-md-3 col-sm-12\">\n\t\t\t\t<img decoding=\"async\" src=\"https:\/\/www.halifax-consulting.com\/br\/wp-content\/uploads\/sites\/4\/2020\/02\/halifax-consulting-partenaire-strategiques-MindTickle-2.png\" width=\"100%\" alt=\"Logo 5\">\n\t\t\t<\/div>\n\t\t\t<div class=\"col-lg-4 col-md-3 col-sm-12\">\n\t\t\t\t<img decoding=\"async\" src=\"\" width=\"100%\" alt=\"\">\n\t\t\t<\/div>\n\t\t<\/div>\n\t<\/div>\n<\/section>","protected":false},"excerpt":{"rendered":"","protected":false},"author":1,"featured_media":402,"parent":384,"menu_order":0,"comment_status":"closed","ping_status":"closed","template":"","meta":[],"categories":[],"acf":[],"yoast_head":"<!-- This site is optimized with the Yoast SEO plugin v19.9 - https:\/\/yoast.com\/wordpress\/plugins\/seo\/ -->\n<title>Nossa abordagem - Halifax Consulting \u2013 BR<\/title>\n<meta name=\"description\" content=\"Os departamentos de vendas enfrentam importantes desafios para se adequarem aos novos direcionamentos do mercado...\" \/>\n<link rel=\"canonical\" href=\"https:\/\/www.halifax-consulting.com\/br\/o-grupo\/nossa-abordagem\/\" \/>\n<meta property=\"og:locale\" content=\"pt_BR\" \/>\n<meta property=\"og:type\" content=\"article\" \/>\n<meta property=\"og:title\" content=\"Nossa abordagem - Halifax Consulting \u2013 BR\" \/>\n<meta property=\"og:description\" content=\"Os departamentos de vendas enfrentam importantes desafios para se adequarem aos novos direcionamentos do mercado...\" \/>\n<meta property=\"og:url\" content=\"https:\/\/www.halifax-consulting.com\/br\/o-grupo\/nossa-abordagem\/\" \/>\n<meta property=\"og:site_name\" content=\"Halifax Consulting \u2013 BR\" \/>\n<meta property=\"article:modified_time\" content=\"2023-06-26T14:16:41+00:00\" \/>\n<meta property=\"og:image\" content=\"https:\/\/www.halifax-consulting.com\/br\/wp-content\/uploads\/sites\/4\/2020\/01\/halifax-consulting-groupe-1.jpg\" \/>\n\t<meta property=\"og:image:width\" content=\"1000\" \/>\n\t<meta property=\"og:image:height\" content=\"360\" \/>\n\t<meta property=\"og:image:type\" content=\"image\/jpeg\" \/>\n<meta name=\"twitter:card\" content=\"summary_large_image\" \/>\n<script type=\"application\/ld+json\" class=\"yoast-schema-graph\">{\"@context\":\"https:\/\/schema.org\",\"@graph\":[{\"@type\":\"WebPage\",\"@id\":\"https:\/\/www.halifax-consulting.com\/br\/o-grupo\/nossa-abordagem\/\",\"url\":\"https:\/\/www.halifax-consulting.com\/br\/o-grupo\/nossa-abordagem\/\",\"name\":\"Nossa abordagem - Halifax Consulting \u2013 BR\",\"isPartOf\":{\"@id\":\"https:\/\/www.halifax-consulting.com\/br\/#website\"},\"datePublished\":\"2020-02-17T15:02:28+00:00\",\"dateModified\":\"2023-06-26T14:16:41+00:00\",\"description\":\"Os departamentos de vendas enfrentam importantes desafios para se adequarem aos novos direcionamentos do mercado...\",\"breadcrumb\":{\"@id\":\"https:\/\/www.halifax-consulting.com\/br\/o-grupo\/nossa-abordagem\/#breadcrumb\"},\"inLanguage\":\"pt-BR\",\"potentialAction\":[{\"@type\":\"ReadAction\",\"target\":[\"https:\/\/www.halifax-consulting.com\/br\/o-grupo\/nossa-abordagem\/\"]}]},{\"@type\":\"BreadcrumbList\",\"@id\":\"https:\/\/www.halifax-consulting.com\/br\/o-grupo\/nossa-abordagem\/#breadcrumb\",\"itemListElement\":[{\"@type\":\"ListItem\",\"position\":1,\"name\":\"Accueil\",\"item\":\"https:\/\/www.halifax-consulting.com\/br\/\"},{\"@type\":\"ListItem\",\"position\":2,\"name\":\"O grupo\",\"item\":\"https:\/\/www.halifax-consulting.com\/br\/o-grupo\/\"},{\"@type\":\"ListItem\",\"position\":3,\"name\":\"Nossa abordagem\"}]},{\"@type\":\"WebSite\",\"@id\":\"https:\/\/www.halifax-consulting.com\/br\/#website\",\"url\":\"https:\/\/www.halifax-consulting.com\/br\/\",\"name\":\"Halifax Consulting \u2013 BR\",\"description\":\"Halifax Consulting est un cabinet de conseil en performance commerciale sp\u00e9cialis\u00e9 dans la formation des \u00e9quipes et managers\",\"potentialAction\":[{\"@type\":\"SearchAction\",\"target\":{\"@type\":\"EntryPoint\",\"urlTemplate\":\"https:\/\/www.halifax-consulting.com\/br\/?s={search_term_string}\"},\"query-input\":\"required name=search_term_string\"}],\"inLanguage\":\"pt-BR\"}]}<\/script>\n<!-- \/ Yoast SEO plugin. -->","yoast_head_json":{"title":"Nossa abordagem - Halifax Consulting \u2013 BR","description":"Os departamentos de vendas enfrentam importantes desafios para se adequarem aos novos direcionamentos do mercado...","canonical":"https:\/\/www.halifax-consulting.com\/br\/o-grupo\/nossa-abordagem\/","og_locale":"pt_BR","og_type":"article","og_title":"Nossa abordagem - Halifax Consulting \u2013 BR","og_description":"Os departamentos de vendas enfrentam importantes desafios para se adequarem aos novos direcionamentos do mercado...","og_url":"https:\/\/www.halifax-consulting.com\/br\/o-grupo\/nossa-abordagem\/","og_site_name":"Halifax Consulting \u2013 BR","article_modified_time":"2023-06-26T14:16:41+00:00","og_image":[{"width":1000,"height":360,"url":"https:\/\/www.halifax-consulting.com\/br\/wp-content\/uploads\/sites\/4\/2020\/01\/halifax-consulting-groupe-1.jpg","type":"image\/jpeg"}],"twitter_card":"summary_large_image","schema":{"@context":"https:\/\/schema.org","@graph":[{"@type":"WebPage","@id":"https:\/\/www.halifax-consulting.com\/br\/o-grupo\/nossa-abordagem\/","url":"https:\/\/www.halifax-consulting.com\/br\/o-grupo\/nossa-abordagem\/","name":"Nossa abordagem - Halifax Consulting \u2013 BR","isPartOf":{"@id":"https:\/\/www.halifax-consulting.com\/br\/#website"},"datePublished":"2020-02-17T15:02:28+00:00","dateModified":"2023-06-26T14:16:41+00:00","description":"Os departamentos de vendas enfrentam importantes desafios para se adequarem aos novos direcionamentos do mercado...","breadcrumb":{"@id":"https:\/\/www.halifax-consulting.com\/br\/o-grupo\/nossa-abordagem\/#breadcrumb"},"inLanguage":"pt-BR","potentialAction":[{"@type":"ReadAction","target":["https:\/\/www.halifax-consulting.com\/br\/o-grupo\/nossa-abordagem\/"]}]},{"@type":"BreadcrumbList","@id":"https:\/\/www.halifax-consulting.com\/br\/o-grupo\/nossa-abordagem\/#breadcrumb","itemListElement":[{"@type":"ListItem","position":1,"name":"Accueil","item":"https:\/\/www.halifax-consulting.com\/br\/"},{"@type":"ListItem","position":2,"name":"O grupo","item":"https:\/\/www.halifax-consulting.com\/br\/o-grupo\/"},{"@type":"ListItem","position":3,"name":"Nossa abordagem"}]},{"@type":"WebSite","@id":"https:\/\/www.halifax-consulting.com\/br\/#website","url":"https:\/\/www.halifax-consulting.com\/br\/","name":"Halifax Consulting \u2013 BR","description":"Halifax Consulting est un cabinet de conseil en performance commerciale sp\u00e9cialis\u00e9 dans la formation des \u00e9quipes et managers","potentialAction":[{"@type":"SearchAction","target":{"@type":"EntryPoint","urlTemplate":"https:\/\/www.halifax-consulting.com\/br\/?s={search_term_string}"},"query-input":"required name=search_term_string"}],"inLanguage":"pt-BR"}]}},"_links":{"self":[{"href":"https:\/\/www.halifax-consulting.com\/br\/wp-json\/wp\/v2\/pages\/642"}],"collection":[{"href":"https:\/\/www.halifax-consulting.com\/br\/wp-json\/wp\/v2\/pages"}],"about":[{"href":"https:\/\/www.halifax-consulting.com\/br\/wp-json\/wp\/v2\/types\/page"}],"author":[{"embeddable":true,"href":"https:\/\/www.halifax-consulting.com\/br\/wp-json\/wp\/v2\/users\/1"}],"replies":[{"embeddable":true,"href":"https:\/\/www.halifax-consulting.com\/br\/wp-json\/wp\/v2\/comments?post=642"}],"version-history":[{"count":4,"href":"https:\/\/www.halifax-consulting.com\/br\/wp-json\/wp\/v2\/pages\/642\/revisions"}],"predecessor-version":[{"id":3075,"href":"https:\/\/www.halifax-consulting.com\/br\/wp-json\/wp\/v2\/pages\/642\/revisions\/3075"}],"up":[{"embeddable":true,"href":"https:\/\/www.halifax-consulting.com\/br\/wp-json\/wp\/v2\/pages\/384"}],"wp:featuredmedia":[{"embeddable":true,"href":"https:\/\/www.halifax-consulting.com\/br\/wp-json\/wp\/v2\/media\/402"}],"wp:attachment":[{"href":"https:\/\/www.halifax-consulting.com\/br\/wp-json\/wp\/v2\/media?parent=642"}],"wp:term":[{"taxonomy":"category","embeddable":true,"href":"https:\/\/www.halifax-consulting.com\/br\/wp-json\/wp\/v2\/categories?post=642"}],"curies":[{"name":"wp","href":"https:\/\/api.w.org\/{rel}","templated":true}]}}