{"id":120,"date":"2019-12-19T22:00:07","date_gmt":"2019-12-19T22:00:07","guid":{"rendered":"https:\/\/www.halifax-consulting.com\/?page_id=120"},"modified":"2025-06-24T09:24:53","modified_gmt":"2025-06-24T08:24:53","slug":"assessment-viertriebsmitarbeitern-vertriebsmanagern","status":"publish","type":"page","link":"https:\/\/www.halifax-consulting.com\/de\/beratung\/assessment-viertriebsmitarbeitern-vertriebsmanagern\/","title":{"rendered":"Assessment von Viertriebsmitarbeitern und Vertriebsmanagern"},"content":{"rendered":"<div class=\"container\">\n\t<div class=\"row\">\n\t\t<div class=\"col-lg-12 col-md-12 col-sm-12\">\n\t\t\t<h2 class=\"intro\">\n\t\t\t\t<strong class=\"intro-h2 d-block\">Wir helfen Ihnen dabei, die richtigen Verkaufstalente f\u00fcr Ihr Unternehmen zu finden und\/oder Entwicklungspotenziale objektiv zu identifizieren.<\/strong>\n\t\t\t\t<p>Im Rahmen einer Kampagne zur Rekrutierung von Vertriebsmitarbeitern, einer Neuorganisation Ihrer Vertriebsfunktion oder einer allgemeinen Auffrischung der Vertriebskompetenzen <strong>ist eine gr&uuml;ndliche und objektivierte Bewertung der Profile und Kompetenzen Ihrer Vertriebsmitarbeiter und ihrer Manager unerl&auml;sslich<\/strong>. Aufgrund unseres Fachwissens &uuml;ber die Vertriebsfunktion bieten wir einen mehrdimensionalen Ansatz f&uuml;r die Bewertung von Vertriebsmitarbeitern und ihren Managern. Dieser st&uuml;tzt sich auf <strong>drei komplement&auml;re Achsen<\/strong>:<\/p>\n<ul>\n<li>Die psychometrischen Tests von <strong>ATMAN<\/strong>, einer nordamerikanischen L&ouml;sung auf der Grundlage k&uuml;nstlicher Intelligenz, deren psychometrisches Modell von Forschern der Universit&auml;t Montreal wissenschaftlich validiert wurde, erm&ouml;glichen uns die Messung von Gesch&auml;ftspotenzialen und -profilen. Dank dieser einzigartigen Zusammenarbeit mit unserem Partner helfen wir Ihnen, die kaufm&auml;nnischen Talente Ihres Unternehmens mithilfe von Daten darzustellen.<\/li>\n<li>Eine Plattform zur Diagnose der Kompetenzen und des Know-hows im Vertrieb, die an die spezifischen Profile Ihrer Teams angepasst werden kann, um deren tats&auml;chliches Niveau der Beherrschung der guten Vertriebspraktiken, der Verkaufstechniken, des Vertriebsmanagements und des Key Account Managements zu messen. Dies hilft uns auch, Ihnen dabei zu helfen, Ihre Teams mit unseren Datenbanken &uuml;ber Tausende von Vertriebsmitarbeitern zu benchmarken.<\/li>\n<li>Ein 180&deg; Diagnose, um die eigene Wahrnehmung der Kompetenzen Ihrer Teams zu messen.<\/li>\n<\/ul>\n<p>Au&szlig;erdem achten wir besonders auf <strong>die Nachbesprechungen mit den ausgewerteten Personen, <\/strong>die f&uuml;r die Betroffenen immer von gro&szlig;em Wert sind.<\/p>\t\t\t<\/h2>\n\t\t<\/div>\n\t<\/div>\n<\/div>\n\n\n<section class=\"light block-benefits-4 py-6\">\n\t<div class=\"container\">\n\t\t<div class=\"row\">\n\t\t\t<div class=\"col-lg-12 col-md-12 col-sm-12\">\n\t\t\t\t<h2 class=\"text-center\">\n\t\t\t\t\tDAS ASSESSMENT DURCH HALIFAX CONSULTING\t\t\t\t\t<span class=\"h2-subtitle\"><\/span>\n\t\t\t\t\t\n\t\t\t\t\t\n\t\t\t\t<\/h2>\n\t\t\t<\/div>\n\t\t<\/div>\n\t\t<div class=\"row\">\n\t\t\t\t\n\t\t\t\t\t\n\t\t\t\t\t<div class=\"col-lg-6 col-md-6 col-sm-12 mb-4\">\n\t\t\t\t\t\t<div class=\"row\">\n\t\t\t\t\t\t\t<div class=\"col-lg-2 col-sm-3 col-sm-12\">\n\t\t\t\t\t\t\t\t<img decoding=\"async\" class=\"fadeIn\" src=\"https:\/\/www.halifax-consulting.com\/de\/wp-content\/themes\/halifax\/library\/img\/halifax-consulting-benefits-icon.svg\" alt=\"icone benefices\" width=\"100%\" \/>\n\t\t\t\t\t\t\t<\/div>\n\t\t\t\t\t\t\t<div class=\"col-lg-10 col-sm-9 col-sm-12 fadeIn\">\n\t\t\t\t\t\t\t\t<h3 class=\"benef-title\">3 Dimensionen<\/h3>\n\t\t\t\t\t\t\t\t<p class=\"benef-content\">Das Gesch\u00e4ftsprofil einer Person ist mehrdimensional und komplex zu definieren. Mithilfe des dreidimensionalen Ansatzes, der auf der Festlegung eines psychometrischen Profils, der Beobachtung von Kompetenzen und einer Selbsteinsch\u00e4tzung beruht, k\u00f6nnen wir das Profil und den Entwicklungsbedarf eines Vertriebsmitarbeiters genau bestimmen.<br>\n\t\t\t\t\t\t\t\t\t\t\t\t\t\t\t\t\t<\/p>\n\t\t\t\t\t\t\t<\/div>\n\t\t\t\t\t\t<\/div>\n\t\t\t\t\t<\/div>\n\t\t\t\t\t\n\t\t\t\t\t\t\n\t\t\t\t\t\n\t\t\t\t\t<div class=\"col-lg-6 col-md-6 col-sm-12 mb-4\">\n\t\t\t\t\t\t<div class=\"row\">\n\t\t\t\t\t\t\t<div class=\"col-lg-2 col-sm-3 col-sm-12\">\n\t\t\t\t\t\t\t\t<img decoding=\"async\" class=\"fadeIn\" src=\"https:\/\/www.halifax-consulting.com\/de\/wp-content\/themes\/halifax\/library\/img\/halifax-consulting-benefits-icon.svg\" alt=\"icone benefices\" width=\"100%\" \/>\n\t\t\t\t\t\t\t<\/div>\n\t\t\t\t\t\t\t<div class=\"col-lg-10 col-sm-9 col-sm-12 fadeIn\">\n\t\t\t\t\t\t\t\t<h3 class=\"benef-title\">Funktionale Expertise<\/h3>\n\t\t\t\t\t\t\t\t<p class=\"benef-content\">Assessment-Tools, die speziell f\u00fcr die Bewertung von Vertriebsprofilen und Vertriebsmanagern entwickelt wurden, werden eingesetzt und die Ergebnisse von Beratern, die Experten f\u00fcr diese Funktion sind, analysiert.<br>\n\t\t\t\t\t\t\t\t\t\t\t\t\t\t\t\t\t<\/p>\n\t\t\t\t\t\t\t<\/div>\n\t\t\t\t\t\t<\/div>\n\t\t\t\t\t<\/div>\n\t\t\t\t\t\n\t\t\t\t\t\t\n\t\t\t\t\t\n\t\t\t\t\t<div class=\"col-lg-6 col-md-6 col-sm-12 mb-4\">\n\t\t\t\t\t\t<div class=\"row\">\n\t\t\t\t\t\t\t<div class=\"col-lg-2 col-sm-3 col-sm-12\">\n\t\t\t\t\t\t\t\t<img decoding=\"async\" class=\"fadeIn\" src=\"https:\/\/www.halifax-consulting.com\/de\/wp-content\/themes\/halifax\/library\/img\/halifax-consulting-benefits-icon.svg\" alt=\"icone benefices\" width=\"100%\" \/>\n\t\t\t\t\t\t\t<\/div>\n\t\t\t\t\t\t\t<div class=\"col-lg-10 col-sm-9 col-sm-12 fadeIn\">\n\t\t\t\t\t\t\t\t<h3 class=\"benef-title\">100% virtuell<\/h3>\n\t\t\t\t\t\t\t\t<p class=\"benef-content\">Unsere psychometrischen Tests und Selbstdiagnosetests k\u00f6nnen alle aus der Ferne durchgef\u00fchrt werden. Rollenspiele und Business-Case-Analysen k\u00f6nnen online, am Telefon oder per Videokonferenz vorgenommen werden.<br>\n\t\t\t\t\t\t\t\t\t\t\t\t\t\t\t\t\t<\/p>\n\t\t\t\t\t\t\t<\/div>\n\t\t\t\t\t\t<\/div>\n\t\t\t\t\t<\/div>\n\t\t\t\t\t\n\t\t\t\t\t\t\n\t\t\t\t\t\n\t\t\t\t\t<div class=\"col-lg-6 col-md-6 col-sm-12 mb-4\">\n\t\t\t\t\t\t<div class=\"row\">\n\t\t\t\t\t\t\t<div class=\"col-lg-2 col-sm-3 col-sm-12\">\n\t\t\t\t\t\t\t\t<img decoding=\"async\" class=\"fadeIn\" src=\"https:\/\/www.halifax-consulting.com\/de\/wp-content\/themes\/halifax\/library\/img\/halifax-consulting-benefits-icon.svg\" alt=\"icone benefices\" width=\"100%\" \/>\n\t\t\t\t\t\t\t<\/div>\n\t\t\t\t\t\t\t<div class=\"col-lg-10 col-sm-9 col-sm-12 fadeIn\">\n\t\t\t\t\t\t\t\t<h3 class=\"benef-title\">Ma\u00dfgeschneidert<\/h3>\n\t\t\t\t\t\t\t\t<p class=\"benef-content\">Job Fits, pychometrische Tests, Selbstdiagnosen, ma\u00dfgeschneiderte Rollenspiele: Unser Fachwissen \u00fcber die Vertriebsfunktion in Verbindung mit der Leistungsf\u00e4higkeit unserer Tests erm\u00f6glicht es, alle Bev\u00f6lkerungsgruppen mit besonderen Profilen zu bewerten.<br>\n\t\t\t\t\t\t\t\t\t\t\t\t\t\t\t\t\t<\/p>\n\t\t\t\t\t\t\t<\/div>\n\t\t\t\t\t\t<\/div>\n\t\t\t\t\t<\/div>\n\t\t\t\t\t\n\t\t\t\t\t\t\t\t\n\t\t<\/div>\n\t<\/div>\n<\/section>\n\n<section class=\"success-single grey\">\n\t<div class=\"container-fluid\">\n\t\t<div class=\"row\">\n\t\t\t\t\t\t\t \n\t\t\t\t\t\t\t\t\t\t\n\t\t\t\t\t\t\t\t\t\t<div class=\"col-lg-7 col-md-6 col-sm-12 p-6\">\n\t\t\t\t\t\t<div>\n\t\t\t\t\t\t\t<h3>Erfolgsgeschichten: Wasser- und Abfallmanagement<\/h3>\n\t\t\t\t\t\t\t<p>Das Unternehmen arbeitet mit einer Reihe von Herstellern und lokalen Beh\u00f6rden zusammen und hat es sich zum Ziel gesetzt, beim Management erneuerbarer Ressourcen neue Standards zu setzen.<\/p>\n\t\t\t\t\t\t\t<p>\n\t\t\t\t\t\t\t\t<a href=\"https:\/\/www.halifax-consulting.com\/de\/erfolgsgeschichten\/wasser-und-abfallmanagement\/\" class=\"btn btn-hx btn-hx-ducky\">Weiterlesen<\/a>\n\t\t\t\t\t\t\t<\/p>\n\t\t\t\t\t\t<\/div>\n\t\t\t\t\t<\/div>\n\t\t\t\t\t<div class=\"col-lg-5 col-md-6 col-sm-12 p-0\">\n\t\t\t\t\t\t\t<figure class=\"\">\n<!-- \t\t\t\t\t\t\t\t<img decoding=\"async\" src=\"https:\/\/www.halifax-consulting.com\/de\/wp-content\/uploads\/sites\/8\/2020\/04\/halifax-consulting-success-story-Veolia.jpg\" alt=\"image success-story\" \/> -->\n\t\t\t\t\t\t\t\t<img decoding=\"async\" loading=\"lazy\" src=\"https:\/\/www.halifax-consulting.com\/de\/wp-content\/uploads\/sites\/8\/2020\/04\/halifax-consulting-success-story-Veolia.jpg\" alt=\"\" width=\"100%\" height=\"\" >\t\t\t\t\t\t\t<\/figure>\n\t\t\t\t\t<\/div>\n\t\t\t\t\t\t\t\t\t<\/div>\n\t<\/div>\n<\/section>\n","protected":false},"excerpt":{"rendered":"<p>Wir helfen Ihnen bei der Suche nach dem richtigen Vertriebsteam<\/p>\n","protected":false},"author":3,"featured_media":1701,"parent":543,"menu_order":10,"comment_status":"closed","ping_status":"closed","template":"","meta":[],"categories":[],"acf":[],"yoast_head":"<!-- This site is optimized with the Yoast SEO plugin v19.9 - https:\/\/yoast.com\/wordpress\/plugins\/seo\/ -->\n<title>Assessment von Viertriebsmitarbeitern und Vertriebsmanagern<\/title>\n<meta name=\"description\" content=\"Assessment von Viertriebsmitarbeitern und Vertriebsmanagern\" \/>\n<link rel=\"canonical\" href=\"https:\/\/www.halifax-consulting.com\/de\/beratung\/assessment-viertriebsmitarbeitern-vertriebsmanagern\/\" \/>\n<meta property=\"og:locale\" content=\"de_DE\" \/>\n<meta property=\"og:type\" content=\"article\" \/>\n<meta property=\"og:title\" content=\"Assessment von Viertriebsmitarbeitern und Vertriebsmanagern\" \/>\n<meta property=\"og:description\" content=\"Assessment von Viertriebsmitarbeitern und Vertriebsmanagern\" \/>\n<meta property=\"og:url\" content=\"https:\/\/www.halifax-consulting.com\/de\/beratung\/assessment-viertriebsmitarbeitern-vertriebsmanagern\/\" \/>\n<meta property=\"og:site_name\" content=\"Halifax Consulting \u2013 DE\" \/>\n<meta property=\"article:modified_time\" content=\"2025-06-24T08:24:53+00:00\" \/>\n<meta property=\"og:image\" content=\"https:\/\/www.halifax-consulting.com\/de\/wp-content\/uploads\/sites\/8\/2020\/03\/halifax-consulting-conseil-assessing-sales-team.jpg\" \/>\n\t<meta property=\"og:image:width\" content=\"1000\" \/>\n\t<meta property=\"og:image:height\" content=\"360\" \/>\n\t<meta property=\"og:image:type\" content=\"image\/jpeg\" \/>\n<meta name=\"twitter:card\" content=\"summary_large_image\" \/>\n<script type=\"application\/ld+json\" class=\"yoast-schema-graph\">{\"@context\":\"https:\/\/schema.org\",\"@graph\":[{\"@type\":\"WebPage\",\"@id\":\"https:\/\/www.halifax-consulting.com\/de\/beratung\/assessment-viertriebsmitarbeitern-vertriebsmanagern\/\",\"url\":\"https:\/\/www.halifax-consulting.com\/de\/beratung\/assessment-viertriebsmitarbeitern-vertriebsmanagern\/\",\"name\":\"Assessment von Viertriebsmitarbeitern und Vertriebsmanagern\",\"isPartOf\":{\"@id\":\"https:\/\/www.halifax-consulting.com\/de\/#website\"},\"datePublished\":\"2019-12-19T22:00:07+00:00\",\"dateModified\":\"2025-06-24T08:24:53+00:00\",\"description\":\"Assessment von Viertriebsmitarbeitern und Vertriebsmanagern\",\"breadcrumb\":{\"@id\":\"https:\/\/www.halifax-consulting.com\/de\/beratung\/assessment-viertriebsmitarbeitern-vertriebsmanagern\/#breadcrumb\"},\"inLanguage\":\"de-DE\",\"potentialAction\":[{\"@type\":\"ReadAction\",\"target\":[\"https:\/\/www.halifax-consulting.com\/de\/beratung\/assessment-viertriebsmitarbeitern-vertriebsmanagern\/\"]}]},{\"@type\":\"BreadcrumbList\",\"@id\":\"https:\/\/www.halifax-consulting.com\/de\/beratung\/assessment-viertriebsmitarbeitern-vertriebsmanagern\/#breadcrumb\",\"itemListElement\":[{\"@type\":\"ListItem\",\"position\":1,\"name\":\"Accueil\",\"item\":\"https:\/\/www.halifax-consulting.com\/de\/\"},{\"@type\":\"ListItem\",\"position\":2,\"name\":\"Beratung\",\"item\":\"https:\/\/www.halifax-consulting.com\/de\/beratung\/\"},{\"@type\":\"ListItem\",\"position\":3,\"name\":\"Assessment von Viertriebsmitarbeitern und Vertriebsmanagern\"}]},{\"@type\":\"WebSite\",\"@id\":\"https:\/\/www.halifax-consulting.com\/de\/#website\",\"url\":\"https:\/\/www.halifax-consulting.com\/de\/\",\"name\":\"Halifax Consulting \u2013 DE\",\"description\":\"Halifax Consulting\",\"publisher\":{\"@id\":\"https:\/\/www.halifax-consulting.com\/de\/#organization\"},\"potentialAction\":[{\"@type\":\"SearchAction\",\"target\":{\"@type\":\"EntryPoint\",\"urlTemplate\":\"https:\/\/www.halifax-consulting.com\/de\/?s={search_term_string}\"},\"query-input\":\"required name=search_term_string\"}],\"inLanguage\":\"de-DE\"},{\"@type\":\"Organization\",\"@id\":\"https:\/\/www.halifax-consulting.com\/de\/#organization\",\"name\":\"Halifax Consulting\",\"url\":\"https:\/\/www.halifax-consulting.com\/de\/\",\"logo\":{\"@type\":\"ImageObject\",\"inLanguage\":\"de-DE\",\"@id\":\"https:\/\/www.halifax-consulting.com\/de\/#\/schema\/logo\/image\/\",\"url\":\"\",\"contentUrl\":\"\",\"caption\":\"Halifax Consulting\"},\"image\":{\"@id\":\"https:\/\/www.halifax-consulting.com\/de\/#\/schema\/logo\/image\/\"}}]}<\/script>\n<!-- \/ Yoast SEO plugin. -->","yoast_head_json":{"title":"Assessment von Viertriebsmitarbeitern und Vertriebsmanagern","description":"Assessment von Viertriebsmitarbeitern und Vertriebsmanagern","canonical":"https:\/\/www.halifax-consulting.com\/de\/beratung\/assessment-viertriebsmitarbeitern-vertriebsmanagern\/","og_locale":"de_DE","og_type":"article","og_title":"Assessment von Viertriebsmitarbeitern und Vertriebsmanagern","og_description":"Assessment von Viertriebsmitarbeitern und Vertriebsmanagern","og_url":"https:\/\/www.halifax-consulting.com\/de\/beratung\/assessment-viertriebsmitarbeitern-vertriebsmanagern\/","og_site_name":"Halifax Consulting \u2013 DE","article_modified_time":"2025-06-24T08:24:53+00:00","og_image":[{"width":1000,"height":360,"url":"https:\/\/www.halifax-consulting.com\/de\/wp-content\/uploads\/sites\/8\/2020\/03\/halifax-consulting-conseil-assessing-sales-team.jpg","type":"image\/jpeg"}],"twitter_card":"summary_large_image","schema":{"@context":"https:\/\/schema.org","@graph":[{"@type":"WebPage","@id":"https:\/\/www.halifax-consulting.com\/de\/beratung\/assessment-viertriebsmitarbeitern-vertriebsmanagern\/","url":"https:\/\/www.halifax-consulting.com\/de\/beratung\/assessment-viertriebsmitarbeitern-vertriebsmanagern\/","name":"Assessment von Viertriebsmitarbeitern und Vertriebsmanagern","isPartOf":{"@id":"https:\/\/www.halifax-consulting.com\/de\/#website"},"datePublished":"2019-12-19T22:00:07+00:00","dateModified":"2025-06-24T08:24:53+00:00","description":"Assessment von Viertriebsmitarbeitern und Vertriebsmanagern","breadcrumb":{"@id":"https:\/\/www.halifax-consulting.com\/de\/beratung\/assessment-viertriebsmitarbeitern-vertriebsmanagern\/#breadcrumb"},"inLanguage":"de-DE","potentialAction":[{"@type":"ReadAction","target":["https:\/\/www.halifax-consulting.com\/de\/beratung\/assessment-viertriebsmitarbeitern-vertriebsmanagern\/"]}]},{"@type":"BreadcrumbList","@id":"https:\/\/www.halifax-consulting.com\/de\/beratung\/assessment-viertriebsmitarbeitern-vertriebsmanagern\/#breadcrumb","itemListElement":[{"@type":"ListItem","position":1,"name":"Accueil","item":"https:\/\/www.halifax-consulting.com\/de\/"},{"@type":"ListItem","position":2,"name":"Beratung","item":"https:\/\/www.halifax-consulting.com\/de\/beratung\/"},{"@type":"ListItem","position":3,"name":"Assessment von Viertriebsmitarbeitern und Vertriebsmanagern"}]},{"@type":"WebSite","@id":"https:\/\/www.halifax-consulting.com\/de\/#website","url":"https:\/\/www.halifax-consulting.com\/de\/","name":"Halifax Consulting \u2013 DE","description":"Halifax Consulting","publisher":{"@id":"https:\/\/www.halifax-consulting.com\/de\/#organization"},"potentialAction":[{"@type":"SearchAction","target":{"@type":"EntryPoint","urlTemplate":"https:\/\/www.halifax-consulting.com\/de\/?s={search_term_string}"},"query-input":"required name=search_term_string"}],"inLanguage":"de-DE"},{"@type":"Organization","@id":"https:\/\/www.halifax-consulting.com\/de\/#organization","name":"Halifax Consulting","url":"https:\/\/www.halifax-consulting.com\/de\/","logo":{"@type":"ImageObject","inLanguage":"de-DE","@id":"https:\/\/www.halifax-consulting.com\/de\/#\/schema\/logo\/image\/","url":"","contentUrl":"","caption":"Halifax Consulting"},"image":{"@id":"https:\/\/www.halifax-consulting.com\/de\/#\/schema\/logo\/image\/"}}]}},"_links":{"self":[{"href":"https:\/\/www.halifax-consulting.com\/de\/wp-json\/wp\/v2\/pages\/120"}],"collection":[{"href":"https:\/\/www.halifax-consulting.com\/de\/wp-json\/wp\/v2\/pages"}],"about":[{"href":"https:\/\/www.halifax-consulting.com\/de\/wp-json\/wp\/v2\/types\/page"}],"author":[{"embeddable":true,"href":"https:\/\/www.halifax-consulting.com\/de\/wp-json\/wp\/v2\/users\/3"}],"replies":[{"embeddable":true,"href":"https:\/\/www.halifax-consulting.com\/de\/wp-json\/wp\/v2\/comments?post=120"}],"version-history":[{"count":8,"href":"https:\/\/www.halifax-consulting.com\/de\/wp-json\/wp\/v2\/pages\/120\/revisions"}],"predecessor-version":[{"id":3473,"href":"https:\/\/www.halifax-consulting.com\/de\/wp-json\/wp\/v2\/pages\/120\/revisions\/3473"}],"up":[{"embeddable":true,"href":"https:\/\/www.halifax-consulting.com\/de\/wp-json\/wp\/v2\/pages\/543"}],"wp:featuredmedia":[{"embeddable":true,"href":"https:\/\/www.halifax-consulting.com\/de\/wp-json\/wp\/v2\/media\/1701"}],"wp:attachment":[{"href":"https:\/\/www.halifax-consulting.com\/de\/wp-json\/wp\/v2\/media?parent=120"}],"wp:term":[{"taxonomy":"category","embeddable":true,"href":"https:\/\/www.halifax-consulting.com\/de\/wp-json\/wp\/v2\/categories?post=120"}],"curies":[{"name":"wp","href":"https:\/\/api.w.org\/{rel}","templated":true}]}}