{"id":1259,"date":"2020-03-20T18:16:27","date_gmt":"2020-03-20T17:16:27","guid":{"rendered":"https:\/\/www.halifax-consulting.com\/en\/?page_id=1259"},"modified":"2026-02-10T15:56:34","modified_gmt":"2026-02-10T15:56:34","slug":"accueil","status":"publish","type":"page","link":"https:\/\/www.halifax-consulting.com\/de\/","title":{"rendered":"Home"},"content":{"rendered":" \n<section class=\"slider\">\n\t\n\t<div class=\"swiper-container slider__container\">\n\n\t\t<div class=\"swiper-wrapper slider__container--wrapper\">\n\n\t\t\t\t\t\t\t\n\t\t\t\t<div class=\"swiper-slide slider__slide\">\n\t\t\t\t\t\n\t\t\t\t\t<div class=\"slider__slide--content\">\n\t\t\t\t\t\t\n\t\t\t\t\t\t<div class=\"scontent__title\">Was Kunden \u00fcber<br \/>\nHalifax sagen<\/div>\n\t\t\t\t\t\t\n\t\t\t\t\t\t\t\t\t\t\t\t\t<p>\n\t\t\t\t\t\t\t\t<a data-fancybox href=\"https:\/\/www.youtube.com\/watch?v=_Z_hNf0QxTw\" class=\"btn-hx btn-hx-orange\">Video anschauen<\/a>\n\t\t\t\t\t\t\t<\/p>\n\t\t\t\t\t\t\t\t\t\t\t\t\n\t\t\t\t\t<\/div>\n\t\t\t\t\t\n\t\t\t\t\t<figure class=\"slider__slide--image\">\n\t\t\n\t\t\t\t\t\t\t<div class=\"slider__image--overlay\"><\/div>\n\t\t\t\t\t\t\n\t\t\t\t\t\t\t<img decoding=\"async\" loading=\"lazy\" src=\"https:\/\/www.halifax-consulting.com\/de\/wp-content\/uploads\/sites\/8\/2022\/08\/halifax-consulting-formation-coaching-tutore.jpg\" alt=\"\" width=\"100%\" height=\"\" >\t\t\t\t\t<\/figure>\n\t\t\t\t\t\n\t\t\t\t<\/div>\n\t\t\t\n\t\t\t\t\t\t\t\n\t\t\t\t<div class=\"swiper-slide slider__slide\">\n\t\t\t\t\t\n\t\t\t\t\t<div class=\"slider__slide--content\">\n\t\t\t\t\t\t\n\t\t\t\t\t\t<div class=\"scontent__title\">Halifax Consulting ist an der Sales Training und Enablement Compagnies Watch List von Training Industry (USA)<\/div>\n\t\t\t\t\t\t\n\t\t\t\t\t\t\t\t\t\t\t\t\t<p>\n\t\t\t\t\t\t\t\t<a  href=\"https:\/\/trainingindustry.com\/top-training-companies\/sales\/2022-top-sales-training-and-enablement-companies\/\" class=\"btn-hx btn-hx-orange\">Mehr erfahren <\/a>\n\t\t\t\t\t\t\t<\/p>\n\t\t\t\t\t\t\t\t\t\t\t\t\n\t\t\t\t\t<\/div>\n\t\t\t\t\t\n\t\t\t\t\t<figure class=\"slider__slide--image\">\n\t\t\n\t\t\t\t\t\t\t<div class=\"slider__image--overlay\"><\/div>\n\t\t\t\t\t\t\n\t\t\t\t\t\t\t<img decoding=\"async\" loading=\"lazy\" src=\"https:\/\/www.halifax-consulting.com\/de\/wp-content\/uploads\/sites\/8\/2026\/02\/Bandeaux-Signatures-Sigilium-2000-x-720-px-7.jpg\" alt=\"\" width=\"100%\" height=\"\" >\t\t\t\t\t<\/figure>\n\t\t\t\t\t\n\t\t\t\t<\/div>\n\t\t\t\n\t\t\t\t\t\t\t\t\t\t\t<\/div>\n\t\t<!-- If we need pagination -->\n\t\t<div class=\"swiper-pagination\"><\/div>\n\t\n\t\n\t\t<!-- If we need scrollbar -->\n\t\t<div class=\"swiper-scrollbar\"><\/div>\n\t\t\n\t<\/div>\n<\/section>\n\n\n\n<div class=\"container\">\n\t<div class=\"row\">\n\t\t<div class=\"col-lg-12 col-md-12 col-sm-12\">\n\t\t\t<h2 class=\"intro\">\n\t\t\t\t<strong class=\"intro-h2 d-block\">Halifax Consulting, ein Unternehmen, das sich auf internationale B2B-Verkaufs- und Managementschulungen spezialisiert hat.<\/strong>\n\t\t\t\t<p>Halifax Consulting ist in Frankreich aufgrund der Qualit&auml;t seiner Kunden und der erzielten Ergebnisse als eine &#8220;unumg&auml;ngliche&#8221; Referenz f&uuml;r Beratung und Verkaufstraining anerkannt (seit 2016 von der Zeitschrift D&eacute;cideurs als beste Verkaufstrainingsfirma in Frankreich ausgezeichnet).<\/p>\n<p>Halifax Consulting ist seit 2021 auch in der &#8220;Watch List 40 of Top Sales Training Companies&#8221; von Training Industry (USA) aufgef&uuml;hrt.<\/p>\n<p>Halifax Consulting wurde 2003 gegr&uuml;ndet und bietet seinen Kunden ein einzigartiges und hochentwickeltes Angebot zur Unterst&uuml;tzung ihrer Verkaufsleistung, einschlie&szlig;lich einer Online Sales Academy mit mehr als 150 digitalen Lernmodulen in 14 Sprachen und einzigartigen L&ouml;sungen zur St&auml;rkung, zum &#8220;Sales Enablement&#8221; und zur k&uuml;nstlichen Intelligenz im Coachingbereich.<\/p>\n<p>Halifax Consulting hat auch eine starke akademische Anerkennung im Bereich des Vertriebs und ist Partnerschaften mit den besten europ&auml;ischen Business Schools eingegangen, um Diplomkurse anzubieten. So steht beispielsweise der Msc Business Development &amp; Clients Grands Comptes der Neoma Business School im Eduniversal-Ranking der besten Master MS und MBA in Frankreich ab 2022 auf Platz 1 seiner Kategorie.<\/p>\n<p>Halifax Consulting ist auch f&uuml;hrend in Forschung, Studien und Ver&ouml;ffentlichungen zum Thema B2B Sales und leitet zusammen den Key Account Management Club in Paris mit ca. 50 Mitgliedsunternehmen und die Veranstaltung AfriKAM in Casablanca.<\/p>\n<p>Halifax Consulting ist weltweit in lokalen Sprachen vertreten.<\/p>\n<p>Wir konzentrieren uns bei unseren Trainings- und Beratungsauftr&auml;gen auf drei Schwerpunkte:<\/p>\n<p><strong>Gesch&auml;ftsleistung &#8211; Gesch&auml;ftsmanagement &#8211; Kundenbeziehungen.<\/strong><\/p>\t\t\t<\/h2>\n\t\t<\/div>\n\t<\/div>\n<\/div>\n\n\n<section class=\"my-0 metiers\">\n\t<div class=\"container-fluid\">\n\t\t<div class=\"row\">\n\t\t\t<div class=\"col-lg-4 col-md-4 col-sm-12 metier\">\n\t\t\t\t<h3>Beratung<\/h3>\n\t\t\t\t<h4>Halifax Consulting deckt die gesamte Bandbreite der Consulting-L\u00f6sungen ab &#8211; f\u00fcr eine erfolgreiche Transformation Ihres Vertriebs.\n\n<\/h4>\n\t\t\t\t\t\t\t\t<p><a href=\"https:\/\/www.halifax-consulting.com\/de\/Beratung\" title=\"\" class=\"more\">Mehr lesen<\/a><\/p>\t\n\t\t\t\t\t\t\t<\/div>\n\t\t\t<div class=\"col-lg-4 col-md-4 col-sm-12 metier\">\n\t\t\t\t<h3>Training<\/h3>\n\t\t\t\t<h4>Halifax Consulting hilft Ihnen bei der Entwicklung Ihrer Skills bei Vertrieb, Management, Key Account Management und Verhandlungstechniken.<\/h4>\n\t\t\t\t\t\t\t\t<p><a href=\"https:\/\/www.halifax-consulting.com\/de\/training\" title=\"\" class=\"more\">Mehr lesen<\/a><\/p>\n\t\t\t\t\t\t\t<\/div>\n\t\t\t<div class=\"col-lg-4 col-md-4 col-sm-12 metier\">\n\t\t\t\t<h3>Digital Learning<\/h3>\n\t\t\t\t<h4>Digital Learning setzt das gesamte Potenzial der Lern-Tools frei und erm\u00f6glicht ein einzigartiges Lernerlebnis f\u00fcr alle.<\/h4>\n\t\t\t\t\t\t\t\t<p><a href=\"https:\/\/www.halifax-consulting.com\/de\/digital-learning\" title=\"\" class=\"more\">Mehr lesen<\/a><\/p>\n\t\t\t\t\t\t\t<\/div>\n\t\t<\/div>\n\t<\/div>\n<\/section>\n\n<section class=\"navy vousetes\">\n\t<div class=\"container-fluid\">\n\t\t<div class=\"row\">\n\t\t\t<div class=\"col-lg-4 col-md-4 col-sm-12 padding\">\n\t\t\t\t<div class=\"vousetes__title\">\n\t\t\t\t\t<div class=\"vousetes__title--main\">SIND SIE EIN UNTERNEHMEN?<\/div>\n\t\t\t\t\t<div class=\"vousetes__title--sub\"><\/div>\n\t\t\t\t<\/div>\n\t\t\t\t\n\t\t\t\t\n\t\t\t\t<p>\n\t\t\t\t\tSie m\u00f6chten ein spezielles Programm f\u00fcr Ihre Teams einrichten? Kontaktieren Sie uns, um mit unseren Beratern dar\u00fcber zu sprechen.\t\t\t\t<\/p>\n\t\t\t\t<p>\n\t\t\t\t\t<a href=\"https:\/\/forms.zohopublic.com\/andernagroup\/form\/decontact\/formperma\/XlIah4lncCRUOHcRkPqBjnowmSCTsFE8SVZgYrw4lQQ\" class=\"btn btn-hx btn-hx-orange\" title=\"Kontaktieren Sie uns, um dar\u00fcber zu sprechen\">Kontaktieren Sie uns, um dar\u00fcber zu sprechen<\/a>\n\t\t\t\t<\/p>\n\t\t\t<\/div>\n\t\t\t<div class=\"col-lg-4 col-md-4 col-sm-12 no-padding\">\n\t\t\t\t\t\t\t\t\n\t\t\t\t\t\t\t\t\n\t\t\t\t\t<div class=\"row divide-h-50 m-0 p-0\" style=\"background: url(https:\/\/www.halifax-consulting.com\/de\/wp-content\/uploads\/sites\/8\/2021\/01\/halifax-consulting-lead-video.jpg) center center no-repeat; background-size: cover;\">\n\t\t\t\t\t\t<div class=\"col-lg-12 col-md-12 col-sm-12\">\n\t\t\t\t\t\t\t<p>\n\t\t\t\t\t\t\t\t<b>NEW VIDEO<\/b><br>\n\t\t\t\t\t\t\t\tErfahren Sie mehr \u00fcber die LEAD-Methode\t\t\t\t\t\t\t<\/p>\n\t\t\t\t\t\t\t<a data-fancybox class=\"btn-hx-white btn-play\" href=\"https:\/\/www.youtube.com\/watch?v=FlWP6adsIH8\">Play vid\u00e9o<\/a>\n\t\t\t\t\t\t<\/div>\n\t\t\t\t\t<\/div>\n\t\t\t\t\t\t\t\t\t\t\t<div class=\"row divide-h-50 m-0 p-0\" style=\"background: url(https:\/\/www.halifax-consulting.com\/de\/wp-content\/uploads\/sites\/8\/2021\/01\/halifax-consulting-deal-video.jpg) center center no-repeat; background-size: cover;\">\n\t\t\t\t\t\t\t<div class=\"col-lg-12 col-md-12 col-sm-12\">\n\t\t\t\t\t\t\t\t<p>\n\t\t\t\t\t\t\t\t\t<b>NEW VIDEO<\/b><br>\n\t\t\t\t\t\t\t\t\tErfahren Sie mehr \u00fcber die DEAL-Methode\t\t\t\t\t\t\t\t<\/p>\n\t\t\t\t\t\t\t\t<a data-fancybox class=\"btn-hx-white btn-play\" href=\"https:\/\/www.youtube.com\/watch?v=980TxAr5nTs\">Play vid\u00e9o<\/a>\n\t\t\t\t\t\t\t<\/div>\n\t\t\t\t\t\t<\/div>\n\t\t\t\t\t\t\t\t\t\t\t\t<\/div>\n\t\t\t<div class=\"col-lg-4 col-md-4 col-sm-12 padding\">\n\t\t\t\t\n\t\t\t\t<div class=\"vousetes__title\">\n\t\t\t\t\t<div class=\"vousetes__title--main\">SIE SIND EINE EINZELPERSON?<\/div>\n\t\t\t\t\t<div class=\"vousetes__title--sub\"><\/div>\n\t\t\t\t<\/div>\n\t\t\t\t\n\t\t\t\n\t\t\t\t<p>\n\t\t\t\t\tEntdecken Sie unsere im Eshop verf\u00fcgbaren Schulungen sowie unsere CPF-zertifizierten Schulungen.\t\t\t\t<\/p>\n\t\t\t\t<p>\n\t\t\t\t\t<a href=\"https:\/\/forms.zohopublic.com\/andernagroup\/form\/decontact\/formperma\/XlIah4lncCRUOHcRkPqBjnowmSCTsFE8SVZgYrw4lQQ\" class=\"btn btn-hx btn-hx-orange\" title=\"Kontaktieren Sie uns, um dar\u00fcber zu sprechen\">Kontaktieren Sie uns, um dar\u00fcber zu sprechen<\/a>\n\t\t\t\t<\/p>\n\t\t\t<\/div>\n\t\t<\/div>\n\t<\/div>\n<\/section>\n\n<section class=\"light py-6 conseil\">\n\t\t<div class=\"container\">\n\t\t\t<div class=\"row\">\n\t\t\t\t<div class=\"col-lg-12 col-md-12 col-sm-12\">\n\t\t\t\t\t<h3 class=\"conseil__titre\">DER BERATUNGS- UND TRANSFORMATIONSANSATZ VON HALIFAX CONSULTING<\/h3>\n\t\t\t\t<\/div>\n\t\t\t<\/div>\n\t\t\t\n\t\t\t<div class=\"row\">\n\t\t\t\t<div class=\"col-lg-12 col-md-12 col-sm-12\">\n\t\t\t\t\t\t\t\t\t<\/div>\n\t\t\t<\/div>\n\t\t\t\n\t\t\t<div class=\"row\">\n\t\t\t\t<div class=\"col-lg-3 col-md-3 col-sm-12 text-center\">\n\t\t\t\t\t<h4 class=\"conseil__method\">Beraten<\/h4>\n\t\t\t\t\t<p class=\"text-center\"><img decoding=\"async\" src=\"https:\/\/www.halifax-consulting.com\/de\/wp-content\/themes\/halifax\/library\/img\/halifax-picto-1-conseiller.png\" alt=\"halifax-consulting-conseiller\" width=\"130\" \/><\/p>\n\t\t\t\t\t<p class=\"text-center\">Umstrukturierung,\nWerkzeuge, Prozesse\nVer\u00e4nderungsmanagement<\/p>\n\t\t\t\t<\/div>\n\t\t\t\t<div class=\"col-lg-3 col-md-3 col-sm-12 text-center\">\n\t\t\t\t\t<h4 class=\"conseil__method\">Bewerten<\/h4>\n\t\t\t\t\t<p class=\"text-center\"><img decoding=\"async\" src=\"https:\/\/www.halifax-consulting.com\/de\/wp-content\/themes\/halifax\/library\/img\/halifax-picto-2-evaluer.png\" alt=\"halifax-consulting-conseiller\" width=\"130\" \/><\/p>\n\t\t\t\t\t<p class=\"text-center\">Identifikation von Talenten \nund F\u00e4higkeiten<\/p>\n\t\t\t\t<\/div>\n\t\t\t\t<div class=\"col-lg-3 col-md-3 col-sm-12 text-center\">\n\t\t\t\t\t<h4 class=\"conseil__method\">Implementieren<\/h4>\n\t\t\t\t\t<p class=\"text-center\"><img decoding=\"async\" src=\"https:\/\/www.halifax-consulting.com\/de\/wp-content\/themes\/halifax\/library\/img\/halifax-picto-3-implementer.png\" alt=\"halifax-consulting-conseiller\" width=\"130\" \/><\/p>\n\t\t\t\t\t<p class=\"text-center\">Erstellung von \nma\u00dfgeschneiderten kollektiven oder individuellen Lernpfaden\n<\/p>\n\t\t\t\t<\/div>\n\t\t\t\t<div class=\"col-lg-3 col-md-3 col-sm-12 text-center\">\n\t\t\t\t\t<h4 class=\"conseil__method\">WEITERBILDEN<\/h4>\n\t\t\t\t\t<p class=\"text-center\"><img decoding=\"async\" src=\"https:\/\/www.halifax-consulting.com\/de\/wp-content\/themes\/halifax\/library\/img\/halifax-picto-4-former.png\" alt=\"halifax-consulting-conseiller\" width=\"130\" \/><\/p>\n\t\t\t\t\t<p class=\"text-center\">Begleitung \nTraining\nCoaching\n<\/p>\n\t\t\t\t<\/div>\n\t\t\t<\/div>\n\t\t<\/div>\n\t<\/section>\n\n\n<section class=\"blanc py-6 bloclogos\">\t\n\t<div class=\"container\">\n\t\t\t\t<div class=\"row\">\n\t\t\t\t\t\t\t\t\t\t\t\t\t\t\t\t\t\t\t\n\t\t\t\t<div class=\"col-lg-3 col-md-3 col-sm-12\">\t\t\t\n\t\t\t\t\t<a href=\"https:\/\/www.halifax-consulting.com\/de\/erfolgsgeschichten\/abbott\/\" title=\"Abbott\">\n\t\t\t\t\t\t<img decoding=\"async\" loading=\"lazy\" src=\"https:\/\/www.halifax-consulting.com\/de\/wp-content\/uploads\/sites\/8\/2022\/06\/halifax-consulting-kunden-abbott.png\" width=\"100%\" alt=\"Logo Abbott\">\n\t\t\t\t\t<\/a>\n\t\t\t\t<\/div>\n\t\t\t\t\n\t\t\t\t\t\t\t\t\n\t\t\t\t\t\t\t\t\t\t\t\t\t\t\t\t\t\t\t\n\t\t\t\t<div class=\"col-lg-3 col-md-3 col-sm-12\">\t\t\t\n\t\t\t\t\t<a href=\"https:\/\/www.halifax-consulting.com\/de\/erfolgsgeschichten\/la-banque-postale\/\" title=\"La Banque Postale\">\n\t\t\t\t\t\t<img decoding=\"async\" loading=\"lazy\" src=\"https:\/\/www.halifax-consulting.com\/de\/wp-content\/uploads\/sites\/8\/2022\/08\/halifax-consulting-clients-banque-postale.png\" width=\"100%\" alt=\"Logo La Banque Postale\">\n\t\t\t\t\t<\/a>\n\t\t\t\t<\/div>\n\t\t\t\t\n\t\t\t\t\t\t\t\t\n\t\t\t\t\t\t\t\t\t\t\t\t\t\t\t\t\t\t\t\n\t\t\t\t<div class=\"col-lg-3 col-md-3 col-sm-12\">\t\t\t\n\t\t\t\t\t<a href=\"https:\/\/www.halifax-consulting.com\/de\/\" title=\"Total Energies\">\n\t\t\t\t\t\t<img decoding=\"async\" loading=\"lazy\" src=\"https:\/\/www.halifax-consulting.com\/de\/wp-content\/uploads\/sites\/8\/2022\/08\/halifax-consulting-clients-total-energies.png\" width=\"100%\" alt=\"Logo Total Energies\">\n\t\t\t\t\t<\/a>\n\t\t\t\t<\/div>\n\t\t\t\t\n\t\t\t\t\t\t\t\t\n\t\t\t\t\t\t\t\t\t\t\t\t\t\t\t\t\t\t\t\n\t\t\t\t<div class=\"col-lg-3 col-md-3 col-sm-12\">\t\t\t\n\t\t\t\t\t<a href=\"https:\/\/www.halifax-consulting.com\/de\/\" title=\"Air Liquide\">\n\t\t\t\t\t\t<img decoding=\"async\" loading=\"lazy\" src=\"https:\/\/www.halifax-consulting.com\/de\/wp-content\/uploads\/sites\/8\/2022\/08\/halifax-consulting-clients-air-liquide.png\" width=\"100%\" alt=\"Logo Air Liquide\">\n\t\t\t\t\t<\/a>\n\t\t\t\t<\/div>\n\t\t\t\t\n\t\t\t\t\t\t\t\t\n\t\t\t\t\t\t\t\t\t\t\t\t\t\t\t\t\t\t\t\n\t\t\t\t<div class=\"col-lg-3 col-md-3 col-sm-12\">\t\t\t\n\t\t\t\t\t<a href=\"https:\/\/www.halifax-consulting.com\/de\/erfolgsgeschichten\/renault-nissan-mitsubishi\/\" title=\"Renault Nissan Mitsubishi\">\n\t\t\t\t\t\t<img decoding=\"async\" loading=\"lazy\" src=\"https:\/\/www.halifax-consulting.com\/de\/wp-content\/uploads\/sites\/8\/2022\/06\/halifax-consulting-clients-rnm.png\" width=\"100%\" alt=\"Logo Renault Nissan Mitsubishi\">\n\t\t\t\t\t<\/a>\n\t\t\t\t<\/div>\n\t\t\t\t\n\t\t\t\t\t\t\t\t\n\t\t\t\t\t\t\t\t\t\t\t\t\t\t\t\t\t\t\t\n\t\t\t\t<div class=\"col-lg-3 col-md-3 col-sm-12\">\t\t\t\n\t\t\t\t\t<a href=\"https:\/\/www.halifax-consulting.com\/de\/erfolgsgeschichten\/nexans-chili\/\" title=\"Nexans\">\n\t\t\t\t\t\t<img decoding=\"async\" loading=\"lazy\" src=\"https:\/\/www.halifax-consulting.com\/de\/wp-content\/uploads\/sites\/8\/2022\/06\/halifax-consulting-kunden-nexans-min.png\" width=\"100%\" alt=\"Logo Nexans\">\n\t\t\t\t\t<\/a>\n\t\t\t\t<\/div>\n\t\t\t\t\n\t\t\t\t\t\t\t\t\n\t\t\t\t\t\t\t\t\t\t\t\t\t\t\t\t\t\t\t\n\t\t\t\t<div class=\"col-lg-3 col-md-3 col-sm-12\">\t\t\t\n\t\t\t\t\t<a href=\"https:\/\/www.halifax-consulting.com\/de\/erfolgsgeschichten\/allianz\/\" title=\"Allianz\">\n\t\t\t\t\t\t<img decoding=\"async\" loading=\"lazy\" src=\"https:\/\/www.halifax-consulting.com\/de\/wp-content\/uploads\/sites\/8\/2022\/06\/halifax-consulting-clients-allianz.png\" width=\"100%\" alt=\"Logo Allianz\">\n\t\t\t\t\t<\/a>\n\t\t\t\t<\/div>\n\t\t\t\t\n\t\t\t\t\t\t\t\t\n\t\t\t\t\t\t\t\t\t\t\t\t\t\t\t\t\t\t\t\n\t\t\t\t<div class=\"col-lg-3 col-md-3 col-sm-12\">\t\t\t\n\t\t\t\t\t<a href=\"https:\/\/www.halifax-consulting.com\/de\/\" title=\"Deloitte\">\n\t\t\t\t\t\t<img decoding=\"async\" loading=\"lazy\" src=\"https:\/\/www.halifax-consulting.com\/de\/wp-content\/uploads\/sites\/8\/2022\/08\/halifax-consulting-clients-deloitte.png\" width=\"100%\" alt=\"Logo Deloitte\">\n\t\t\t\t\t<\/a>\n\t\t\t\t<\/div>\n\t\t\t\t\n\t\t\t\t\t\t\t\t\n\t\t\t\t\t<\/div>\n\t\t\t\t<div class=\"row pt-4\">\n\t\t\t<div class=\"col-lg-12 col-md-12 col-sm-12\">\n\t\t\t\t\n\t\t\t\t<p class=\"text-center\">\n\t\t\t\t\t\n\t\t\t\t\t<a class=\"btn btn-hx btn-hx-ducky\" href=\"erfolgsgeschichten\">Weitere Erfolgsgeschichten<\/a>\n\t\t\t\t\t\n\t\t\t\t<\/p>\n\t\t\t\t\n\t\t\t<\/div>\n\t\t<\/div>\n\t\t\t<\/div>\n<\/section>\n\n\n\n\n<p><\/p>\n","protected":false},"excerpt":{"rendered":"","protected":false},"author":3,"featured_media":0,"parent":0,"menu_order":0,"comment_status":"closed","ping_status":"closed","template":"page-accueil.php","meta":[],"categories":[],"acf":[],"yoast_head":"<!-- This site is optimized with the Yoast SEO plugin v19.9 - https:\/\/yoast.com\/wordpress\/plugins\/seo\/ -->\n<title>Halifax Consulting<\/title>\n<meta name=\"description\" content=\"Halifax Consulting hilft Ihnen bei der Entwicklung Ihrer Skills bei Vertrieb, Management, Key Account Management und Verhandlungstechniken.\" \/>\n<link rel=\"canonical\" href=\"https:\/\/www.halifax-consulting.com\/de\/\" \/>\n<meta property=\"og:locale\" content=\"de_DE\" \/>\n<meta property=\"og:type\" content=\"article\" \/>\n<meta property=\"og:title\" content=\"Halifax Consulting\" \/>\n<meta property=\"og:description\" content=\"Halifax Consulting hilft Ihnen bei der Entwicklung Ihrer Skills bei Vertrieb, Management, Key Account Management und Verhandlungstechniken.\" \/>\n<meta property=\"og:url\" content=\"https:\/\/www.halifax-consulting.com\/de\/\" \/>\n<meta property=\"og:site_name\" content=\"Halifax Consulting \u2013 DE\" \/>\n<meta property=\"article:modified_time\" content=\"2026-02-10T15:56:34+00:00\" \/>\n<meta name=\"twitter:card\" content=\"summary_large_image\" \/>\n<script type=\"application\/ld+json\" class=\"yoast-schema-graph\">{\"@context\":\"https:\/\/schema.org\",\"@graph\":[{\"@type\":\"WebPage\",\"@id\":\"https:\/\/www.halifax-consulting.com\/de\/\",\"url\":\"https:\/\/www.halifax-consulting.com\/de\/\",\"name\":\"Halifax Consulting\",\"isPartOf\":{\"@id\":\"https:\/\/www.halifax-consulting.com\/de\/#website\"},\"datePublished\":\"2020-03-20T17:16:27+00:00\",\"dateModified\":\"2026-02-10T15:56:34+00:00\",\"description\":\"Halifax Consulting hilft Ihnen bei der Entwicklung Ihrer Skills bei Vertrieb, Management, Key Account Management und Verhandlungstechniken.\",\"breadcrumb\":{\"@id\":\"https:\/\/www.halifax-consulting.com\/de\/#breadcrumb\"},\"inLanguage\":\"de-DE\",\"potentialAction\":[{\"@type\":\"ReadAction\",\"target\":[\"https:\/\/www.halifax-consulting.com\/de\/\"]}]},{\"@type\":\"BreadcrumbList\",\"@id\":\"https:\/\/www.halifax-consulting.com\/de\/#breadcrumb\",\"itemListElement\":[{\"@type\":\"ListItem\",\"position\":1,\"name\":\"Accueil\",\"item\":\"https:\/\/www.halifax-consulting.com\/de\/\"},{\"@type\":\"ListItem\",\"position\":2,\"name\":\"Home\"}]},{\"@type\":\"WebSite\",\"@id\":\"https:\/\/www.halifax-consulting.com\/de\/#website\",\"url\":\"https:\/\/www.halifax-consulting.com\/de\/\",\"name\":\"Halifax Consulting \u2013 DE\",\"description\":\"Halifax Consulting\",\"publisher\":{\"@id\":\"https:\/\/www.halifax-consulting.com\/de\/#organization\"},\"potentialAction\":[{\"@type\":\"SearchAction\",\"target\":{\"@type\":\"EntryPoint\",\"urlTemplate\":\"https:\/\/www.halifax-consulting.com\/de\/?s={search_term_string}\"},\"query-input\":\"required name=search_term_string\"}],\"inLanguage\":\"de-DE\"},{\"@type\":\"Organization\",\"@id\":\"https:\/\/www.halifax-consulting.com\/de\/#organization\",\"name\":\"Halifax Consulting\",\"url\":\"https:\/\/www.halifax-consulting.com\/de\/\",\"logo\":{\"@type\":\"ImageObject\",\"inLanguage\":\"de-DE\",\"@id\":\"https:\/\/www.halifax-consulting.com\/de\/#\/schema\/logo\/image\/\",\"url\":\"\",\"contentUrl\":\"\",\"caption\":\"Halifax Consulting\"},\"image\":{\"@id\":\"https:\/\/www.halifax-consulting.com\/de\/#\/schema\/logo\/image\/\"}}]}<\/script>\n<!-- \/ Yoast SEO plugin. -->","yoast_head_json":{"title":"Halifax Consulting","description":"Halifax Consulting hilft Ihnen bei der Entwicklung Ihrer Skills bei Vertrieb, Management, Key Account Management und Verhandlungstechniken.","canonical":"https:\/\/www.halifax-consulting.com\/de\/","og_locale":"de_DE","og_type":"article","og_title":"Halifax Consulting","og_description":"Halifax Consulting hilft Ihnen bei der Entwicklung Ihrer Skills bei Vertrieb, Management, Key Account Management und Verhandlungstechniken.","og_url":"https:\/\/www.halifax-consulting.com\/de\/","og_site_name":"Halifax Consulting \u2013 DE","article_modified_time":"2026-02-10T15:56:34+00:00","twitter_card":"summary_large_image","schema":{"@context":"https:\/\/schema.org","@graph":[{"@type":"WebPage","@id":"https:\/\/www.halifax-consulting.com\/de\/","url":"https:\/\/www.halifax-consulting.com\/de\/","name":"Halifax Consulting","isPartOf":{"@id":"https:\/\/www.halifax-consulting.com\/de\/#website"},"datePublished":"2020-03-20T17:16:27+00:00","dateModified":"2026-02-10T15:56:34+00:00","description":"Halifax Consulting hilft Ihnen bei der Entwicklung Ihrer Skills bei Vertrieb, Management, Key Account Management und Verhandlungstechniken.","breadcrumb":{"@id":"https:\/\/www.halifax-consulting.com\/de\/#breadcrumb"},"inLanguage":"de-DE","potentialAction":[{"@type":"ReadAction","target":["https:\/\/www.halifax-consulting.com\/de\/"]}]},{"@type":"BreadcrumbList","@id":"https:\/\/www.halifax-consulting.com\/de\/#breadcrumb","itemListElement":[{"@type":"ListItem","position":1,"name":"Accueil","item":"https:\/\/www.halifax-consulting.com\/de\/"},{"@type":"ListItem","position":2,"name":"Home"}]},{"@type":"WebSite","@id":"https:\/\/www.halifax-consulting.com\/de\/#website","url":"https:\/\/www.halifax-consulting.com\/de\/","name":"Halifax Consulting \u2013 DE","description":"Halifax Consulting","publisher":{"@id":"https:\/\/www.halifax-consulting.com\/de\/#organization"},"potentialAction":[{"@type":"SearchAction","target":{"@type":"EntryPoint","urlTemplate":"https:\/\/www.halifax-consulting.com\/de\/?s={search_term_string}"},"query-input":"required name=search_term_string"}],"inLanguage":"de-DE"},{"@type":"Organization","@id":"https:\/\/www.halifax-consulting.com\/de\/#organization","name":"Halifax Consulting","url":"https:\/\/www.halifax-consulting.com\/de\/","logo":{"@type":"ImageObject","inLanguage":"de-DE","@id":"https:\/\/www.halifax-consulting.com\/de\/#\/schema\/logo\/image\/","url":"","contentUrl":"","caption":"Halifax Consulting"},"image":{"@id":"https:\/\/www.halifax-consulting.com\/de\/#\/schema\/logo\/image\/"}}]}},"_links":{"self":[{"href":"https:\/\/www.halifax-consulting.com\/de\/wp-json\/wp\/v2\/pages\/1259"}],"collection":[{"href":"https:\/\/www.halifax-consulting.com\/de\/wp-json\/wp\/v2\/pages"}],"about":[{"href":"https:\/\/www.halifax-consulting.com\/de\/wp-json\/wp\/v2\/types\/page"}],"author":[{"embeddable":true,"href":"https:\/\/www.halifax-consulting.com\/de\/wp-json\/wp\/v2\/users\/3"}],"replies":[{"embeddable":true,"href":"https:\/\/www.halifax-consulting.com\/de\/wp-json\/wp\/v2\/comments?post=1259"}],"version-history":[{"count":29,"href":"https:\/\/www.halifax-consulting.com\/de\/wp-json\/wp\/v2\/pages\/1259\/revisions"}],"predecessor-version":[{"id":3514,"href":"https:\/\/www.halifax-consulting.com\/de\/wp-json\/wp\/v2\/pages\/1259\/revisions\/3514"}],"wp:attachment":[{"href":"https:\/\/www.halifax-consulting.com\/de\/wp-json\/wp\/v2\/media?parent=1259"}],"wp:term":[{"taxonomy":"category","embeddable":true,"href":"https:\/\/www.halifax-consulting.com\/de\/wp-json\/wp\/v2\/categories?post=1259"}],"curies":[{"name":"wp","href":"https:\/\/api.w.org\/{rel}","templated":true}]}}