{"id":1430,"date":"2020-03-20T16:43:00","date_gmt":"2020-03-20T16:43:00","guid":{"rendered":"https:\/\/www.halifax-consulting.com\/en\/?page_id=1430"},"modified":"2021-09-29T15:03:20","modified_gmt":"2021-09-29T14:03:20","slug":"medizinische-ausrustung","status":"publish","type":"page","link":"https:\/\/www.halifax-consulting.com\/de\/erfolgsgeschichten\/medizinische-ausrustung\/","title":{"rendered":"Medizinische Ausr\u00fcstung"},"content":{"rendered":"<div class=\"container\">\n\t<div class=\"row\">\n\t\t<div class=\"col-lg-12 col-md-12 col-sm-12\">\n\t\t\t<h2 class=\"intro\">\n\t\t\t\t<strong class=\"intro-h2 d-block\">Herausforderungen<\/strong>\n\t\t\t\tEin marktf\u00fchrendes Unternehmen in Afrika hatte sich ein ehrgeiziges Zwei-Jahres-Ziel f\u00fcr organisches Wachstum gesetzt. Es gab jedoch Zweifel, ob der Vertrieb in der Lage sein w\u00fcrde, dieses Wachstum zu unterst\u00fctzen. Das Unternehmen setzte es sich zum Ziel, die geeigneten F\u00fchrungskr\u00e4fte f\u00fcr das Business Development unter den internen Mitarbeitern besser identifizieren zu k\u00f6nnen.\t\t\t<\/h2>\n\t\t<\/div>\n\t<\/div>\n<\/div>\n\n\n<div class=\"container pb-6\">\n\t<div class=\"row\">\n\t\t<div class=\"col-lg-4 col-md-4 col-sm-12\">\n\t\t\t<h4 class=\"key\">50<\/h4>\n\t\t\t<p class=\"key-description\">beteiligte Personen <br>in der anf\u00e4nglichen Assessment-Phase<\/p>\t\t\t\t\t\t\t\n\t\t<\/div>\n\t\t<div class=\"col-lg-4 col-md-4 col-sm-12\">\n\t\t\t<h4 class=\"key\">50 %<\/h4>\n\t\t\t<p class=\"key-description\">Wachstumsziel f\u00fcr den Vertrieb <br>in zwei Jahren<\/p>\t\t\t\t\t\t\n\t\t<\/div>\n\t\t<div class=\"col-lg-4 col-md-4 col-sm-12\">\n\t\t\t<h4 class=\"key\">30<\/h4>\t\n\t\t\t<p class=\"key-description\">Tage zwischen Start<br> und \u00dcberpr\u00fcfung<\/p>\t\t\t\t\t\n\t\t<\/div>\n\t<\/div>\n<\/div>\n\n<section class=\"grey bloc-solution p-0\">\t\n\t<div class=\"container-fluid\">\n\t\t<div class=\"row\">\n\t\t\t<div class=\"col-lg-6 col-md-6 col-md-12 p-6\">\n\t\t\t\t<h3 class=\"success-single-titre\">Die L\u00f6sung von Halifax Consulting<\/h3>\n\t\t\t\t<p>Ziel war es, durch die bessere Erkennung von erworbenen Skills und Raum f\u00fcr Verbesserungen eine neue Vertriebsorganisation mitzugestalten. Bei dieser Gelegenheit sollten auch die Instrumente f\u00fcr das Tracking der Vertriebsleistung im Einklang mit der neuen Wachstumsstrategie angepasst werden. Wir f\u00fchrten eine Assessment-Methode ein und lie\u00dfen 50 psychometrische Tests, Simulations\u00fcbungen und Einzelgespr\u00e4che durchf\u00fchren. In einigen F\u00e4llen nutzten wir auch die Unterst\u00fctzung vor Ort, um die Best Practices in realen Situationen und die entsprechenden Verbesserungsm\u00f6glichkeiten gemeinsam mit dem Kunden zu bewerten.<\/p>\n\t\t\t<\/div>\n\t\t\t<div class=\"col-lg-6 col-md-6 col-md-12 p-0\">\n\t\t\t\t<figure>\n\t\t\t\t\t<!--<img decoding=\"async\" src=\"https:\/\/www.halifax-consulting.com\/de\/wp-content\/uploads\/sites\/8\/2020\/03\/halifax-consulting-success-story-fabricant-equipements-medicaux-2-1.jpg\" alt=\"photo success story Medizinische Ausr\u00fcstung\" width=\"100%\" \/>-->\n\t\t\t\t\t<img decoding=\"async\" loading=\"lazy\" src=\"https:\/\/www.halifax-consulting.com\/de\/wp-content\/uploads\/sites\/8\/2020\/03\/halifax-consulting-success-story-fabricant-equipements-medicaux-2-1.jpg\" alt=\"\" width=\"100%\" height=\"\" >\t\t\t\t<\/figure>\n\t\t\t<\/div>\n\t\t<\/div>\n\t<\/div>\n<\/section>\n\n<section class=\"light py-6\">\n\t<div class=\"container\">\n\t\t<div class=\"row\">\n\t\t\t<div class=\"col-lg-12 col-md-12 col-sm-12\">\n\t\t\t\t<h2 class=\"text-center\">\n\t\t\t\t\tSchl\u00fcssel zum Erfolg\t\t\t\n\t\t\t\t<\/h2>\n\t\t\t<\/div>\n\t\t<\/div>\n\t\t<div class=\"row\">\n\t\t\t<div class=\"col-lg-12 col-md-12 col-sm-12 bloc-cles-success\">\n\t\t\t\t<ul>\n<li>Unternehmensweite Kommunikationskampagne zum Auftakt zur Sicherstellung allgemeiner Beteiligung<\/li>\n<li>Implementierung entsprechend der Unternehmensstrategie mit Schwerpunkt auf Verbesserungsm\u00f6glichkeiten<\/li>\n<li>Umfassende Empfehlungen f\u00fcr drei Bereiche:\n<ul>\n<li>Vertriebsorganisation<\/li>\n<li>Mitarbeiterprofile und deren Potenziale f\u00fcr die \u00dcbernahme von mehr Verantwortung<\/li>\n<li>Neue Tools und Praktiken zur Steigerung der Vertriebs-Performance<\/li>\n<\/ul>\n<\/li>\n<\/ul>\n\t\t\t<\/div>\n\t\t<\/div>\n\t<\/div>\n<\/section>","protected":false},"excerpt":{"rendered":"<p>Ein marktf\u00fchrendes Unternehmen in Afrika hatte sich ein ehrgeiziges Zwei-Jahres-Ziel f\u00fcr organisches Wachstum gesetzt.<\/p>\n","protected":false},"author":3,"featured_media":1432,"parent":547,"menu_order":0,"comment_status":"closed","ping_status":"closed","template":"page-success-single.php","meta":[],"categories":[2],"acf":[],"yoast_head":"<!-- This site is optimized with the Yoast SEO plugin v19.9 - https:\/\/yoast.com\/wordpress\/plugins\/seo\/ -->\n<title>Medizinische Ausr\u00fcstung<\/title>\n<meta name=\"description\" content=\"Medizinische Ausr\u00fcstung\" \/>\n<link rel=\"canonical\" href=\"https:\/\/www.halifax-consulting.com\/de\/erfolgsgeschichten\/medizinische-ausrustung\/\" \/>\n<meta property=\"og:locale\" content=\"de_DE\" \/>\n<meta property=\"og:type\" content=\"article\" \/>\n<meta property=\"og:title\" content=\"Medizinische Ausr\u00fcstung\" \/>\n<meta property=\"og:description\" content=\"Medizinische Ausr\u00fcstung\" \/>\n<meta property=\"og:url\" content=\"https:\/\/www.halifax-consulting.com\/de\/erfolgsgeschichten\/medizinische-ausrustung\/\" \/>\n<meta property=\"og:site_name\" content=\"Halifax Consulting \u2013 DE\" \/>\n<meta property=\"article:modified_time\" content=\"2021-09-29T14:03:20+00:00\" \/>\n<meta property=\"og:image\" content=\"https:\/\/www.halifax-consulting.com\/de\/wp-content\/uploads\/sites\/8\/2020\/03\/halifax-consulting-success-story-fabricant-equipements-medicaux-2.jpg\" \/>\n\t<meta property=\"og:image:width\" content=\"1180\" \/>\n\t<meta property=\"og:image:height\" content=\"735\" \/>\n\t<meta property=\"og:image:type\" content=\"image\/jpeg\" \/>\n<meta name=\"twitter:card\" content=\"summary_large_image\" \/>\n<script type=\"application\/ld+json\" class=\"yoast-schema-graph\">{\"@context\":\"https:\/\/schema.org\",\"@graph\":[{\"@type\":\"WebPage\",\"@id\":\"https:\/\/www.halifax-consulting.com\/de\/erfolgsgeschichten\/medizinische-ausrustung\/\",\"url\":\"https:\/\/www.halifax-consulting.com\/de\/erfolgsgeschichten\/medizinische-ausrustung\/\",\"name\":\"Medizinische Ausr\u00fcstung\",\"isPartOf\":{\"@id\":\"https:\/\/www.halifax-consulting.com\/de\/#website\"},\"datePublished\":\"2020-03-20T16:43:00+00:00\",\"dateModified\":\"2021-09-29T14:03:20+00:00\",\"description\":\"Medizinische Ausr\u00fcstung\",\"breadcrumb\":{\"@id\":\"https:\/\/www.halifax-consulting.com\/de\/erfolgsgeschichten\/medizinische-ausrustung\/#breadcrumb\"},\"inLanguage\":\"de-DE\",\"potentialAction\":[{\"@type\":\"ReadAction\",\"target\":[\"https:\/\/www.halifax-consulting.com\/de\/erfolgsgeschichten\/medizinische-ausrustung\/\"]}]},{\"@type\":\"BreadcrumbList\",\"@id\":\"https:\/\/www.halifax-consulting.com\/de\/erfolgsgeschichten\/medizinische-ausrustung\/#breadcrumb\",\"itemListElement\":[{\"@type\":\"ListItem\",\"position\":1,\"name\":\"Accueil\",\"item\":\"https:\/\/www.halifax-consulting.com\/de\/\"},{\"@type\":\"ListItem\",\"position\":2,\"name\":\"Erfolgsgeschichten\",\"item\":\"https:\/\/www.halifax-consulting.com\/de\/erfolgsgeschichten\/\"},{\"@type\":\"ListItem\",\"position\":3,\"name\":\"Medizinische Ausr\u00fcstung\"}]},{\"@type\":\"WebSite\",\"@id\":\"https:\/\/www.halifax-consulting.com\/de\/#website\",\"url\":\"https:\/\/www.halifax-consulting.com\/de\/\",\"name\":\"Halifax Consulting \u2013 DE\",\"description\":\"Halifax Consulting\",\"publisher\":{\"@id\":\"https:\/\/www.halifax-consulting.com\/de\/#organization\"},\"potentialAction\":[{\"@type\":\"SearchAction\",\"target\":{\"@type\":\"EntryPoint\",\"urlTemplate\":\"https:\/\/www.halifax-consulting.com\/de\/?s={search_term_string}\"},\"query-input\":\"required name=search_term_string\"}],\"inLanguage\":\"de-DE\"},{\"@type\":\"Organization\",\"@id\":\"https:\/\/www.halifax-consulting.com\/de\/#organization\",\"name\":\"Halifax Consulting\",\"url\":\"https:\/\/www.halifax-consulting.com\/de\/\",\"logo\":{\"@type\":\"ImageObject\",\"inLanguage\":\"de-DE\",\"@id\":\"https:\/\/www.halifax-consulting.com\/de\/#\/schema\/logo\/image\/\",\"url\":\"\",\"contentUrl\":\"\",\"caption\":\"Halifax Consulting\"},\"image\":{\"@id\":\"https:\/\/www.halifax-consulting.com\/de\/#\/schema\/logo\/image\/\"}}]}<\/script>\n<!-- \/ Yoast SEO plugin. -->","yoast_head_json":{"title":"Medizinische Ausr\u00fcstung","description":"Medizinische Ausr\u00fcstung","canonical":"https:\/\/www.halifax-consulting.com\/de\/erfolgsgeschichten\/medizinische-ausrustung\/","og_locale":"de_DE","og_type":"article","og_title":"Medizinische Ausr\u00fcstung","og_description":"Medizinische Ausr\u00fcstung","og_url":"https:\/\/www.halifax-consulting.com\/de\/erfolgsgeschichten\/medizinische-ausrustung\/","og_site_name":"Halifax Consulting \u2013 DE","article_modified_time":"2021-09-29T14:03:20+00:00","og_image":[{"width":1180,"height":735,"url":"https:\/\/www.halifax-consulting.com\/de\/wp-content\/uploads\/sites\/8\/2020\/03\/halifax-consulting-success-story-fabricant-equipements-medicaux-2.jpg","type":"image\/jpeg"}],"twitter_card":"summary_large_image","schema":{"@context":"https:\/\/schema.org","@graph":[{"@type":"WebPage","@id":"https:\/\/www.halifax-consulting.com\/de\/erfolgsgeschichten\/medizinische-ausrustung\/","url":"https:\/\/www.halifax-consulting.com\/de\/erfolgsgeschichten\/medizinische-ausrustung\/","name":"Medizinische Ausr\u00fcstung","isPartOf":{"@id":"https:\/\/www.halifax-consulting.com\/de\/#website"},"datePublished":"2020-03-20T16:43:00+00:00","dateModified":"2021-09-29T14:03:20+00:00","description":"Medizinische Ausr\u00fcstung","breadcrumb":{"@id":"https:\/\/www.halifax-consulting.com\/de\/erfolgsgeschichten\/medizinische-ausrustung\/#breadcrumb"},"inLanguage":"de-DE","potentialAction":[{"@type":"ReadAction","target":["https:\/\/www.halifax-consulting.com\/de\/erfolgsgeschichten\/medizinische-ausrustung\/"]}]},{"@type":"BreadcrumbList","@id":"https:\/\/www.halifax-consulting.com\/de\/erfolgsgeschichten\/medizinische-ausrustung\/#breadcrumb","itemListElement":[{"@type":"ListItem","position":1,"name":"Accueil","item":"https:\/\/www.halifax-consulting.com\/de\/"},{"@type":"ListItem","position":2,"name":"Erfolgsgeschichten","item":"https:\/\/www.halifax-consulting.com\/de\/erfolgsgeschichten\/"},{"@type":"ListItem","position":3,"name":"Medizinische Ausr\u00fcstung"}]},{"@type":"WebSite","@id":"https:\/\/www.halifax-consulting.com\/de\/#website","url":"https:\/\/www.halifax-consulting.com\/de\/","name":"Halifax Consulting \u2013 DE","description":"Halifax Consulting","publisher":{"@id":"https:\/\/www.halifax-consulting.com\/de\/#organization"},"potentialAction":[{"@type":"SearchAction","target":{"@type":"EntryPoint","urlTemplate":"https:\/\/www.halifax-consulting.com\/de\/?s={search_term_string}"},"query-input":"required name=search_term_string"}],"inLanguage":"de-DE"},{"@type":"Organization","@id":"https:\/\/www.halifax-consulting.com\/de\/#organization","name":"Halifax Consulting","url":"https:\/\/www.halifax-consulting.com\/de\/","logo":{"@type":"ImageObject","inLanguage":"de-DE","@id":"https:\/\/www.halifax-consulting.com\/de\/#\/schema\/logo\/image\/","url":"","contentUrl":"","caption":"Halifax Consulting"},"image":{"@id":"https:\/\/www.halifax-consulting.com\/de\/#\/schema\/logo\/image\/"}}]}},"_links":{"self":[{"href":"https:\/\/www.halifax-consulting.com\/de\/wp-json\/wp\/v2\/pages\/1430"}],"collection":[{"href":"https:\/\/www.halifax-consulting.com\/de\/wp-json\/wp\/v2\/pages"}],"about":[{"href":"https:\/\/www.halifax-consulting.com\/de\/wp-json\/wp\/v2\/types\/page"}],"author":[{"embeddable":true,"href":"https:\/\/www.halifax-consulting.com\/de\/wp-json\/wp\/v2\/users\/3"}],"replies":[{"embeddable":true,"href":"https:\/\/www.halifax-consulting.com\/de\/wp-json\/wp\/v2\/comments?post=1430"}],"version-history":[{"count":4,"href":"https:\/\/www.halifax-consulting.com\/de\/wp-json\/wp\/v2\/pages\/1430\/revisions"}],"predecessor-version":[{"id":2533,"href":"https:\/\/www.halifax-consulting.com\/de\/wp-json\/wp\/v2\/pages\/1430\/revisions\/2533"}],"up":[{"embeddable":true,"href":"https:\/\/www.halifax-consulting.com\/de\/wp-json\/wp\/v2\/pages\/547"}],"wp:featuredmedia":[{"embeddable":true,"href":"https:\/\/www.halifax-consulting.com\/de\/wp-json\/wp\/v2\/media\/1432"}],"wp:attachment":[{"href":"https:\/\/www.halifax-consulting.com\/de\/wp-json\/wp\/v2\/media?parent=1430"}],"wp:term":[{"taxonomy":"category","embeddable":true,"href":"https:\/\/www.halifax-consulting.com\/de\/wp-json\/wp\/v2\/categories?post=1430"}],"curies":[{"name":"wp","href":"https:\/\/api.w.org\/{rel}","templated":true}]}}