{"id":1442,"date":"2020-01-02T16:00:16","date_gmt":"2020-01-02T16:00:16","guid":{"rendered":"https:\/\/www.halifax-consulting.com\/en\/?page_id=1442"},"modified":"2021-09-29T15:02:53","modified_gmt":"2021-09-29T14:02:53","slug":"getreide-und-lebensmittelzutaten","status":"publish","type":"page","link":"https:\/\/www.halifax-consulting.com\/de\/erfolgsgeschichten\/getreide-und-lebensmittelzutaten\/","title":{"rendered":"Getreide und Lebensmittelzutaten"},"content":{"rendered":"<div class=\"container\">\n\t<div class=\"row\">\n\t\t<div class=\"col-lg-12 col-md-12 col-sm-12\">\n\t\t\t<h2 class=\"intro\">\n\t\t\t\t<strong class=\"intro-h2 d-block\">Herausforderungen<\/strong>\n\t\t\t\tDas Unternehmen wollte \u00fcber seinen Vertriebspartner in Thailand wachsen und diversifizieren. Dazu sollten der Verkauf von Erg\u00e4nzungsprodukten gesteigert und neue Kunden gewonnen werden. Um dieser doppelten Herausforderung gerecht zu werden, musste in erster Linie das Produktbewusstsein der Vertriebsteams verbessert werden, wobei der Schwerpunkt auf neuen Erg\u00e4nzungsprodukten lag.\t\t\t<\/h2>\n\t\t<\/div>\n\t<\/div>\n<\/div>\n\n\n<div class=\"container pb-6\">\n\t<div class=\"row\">\n\t\t<div class=\"col-lg-4 col-md-4 col-sm-12\">\n\t\t\t<h4 class=\"key\">30 %<\/h4>\n\t\t\t<p class=\"key-description\">Verbesserung des <br>Produktbewusstseins innerhalb von zwei Monaten<\/p>\t\t\t\t\t\t\t\n\t\t<\/div>\n\t\t<div class=\"col-lg-4 col-md-4 col-sm-12\">\n\t\t\t<h4 class=\"key\">21 %<\/h4>\n\t\t\t<p class=\"key-description\">Umsatzsteigerung bei den wichtigsten <br>Produkten innerhalb von vier Monaten<\/p>\t\t\t\t\t\t\n\t\t<\/div>\n\t\t<div class=\"col-lg-4 col-md-4 col-sm-12\">\n\t\t\t<h4 class=\"key\">18<\/h4>\t\n\t\t\t<p class=\"key-description\">neue Kunden <br>im Rahmen der Kampagne hinzugewonnen<\/p>\t\t\t\t\t\n\t\t<\/div>\n\t<\/div>\n<\/div>\n\n<section class=\"grey bloc-solution p-0\">\t\n\t<div class=\"container-fluid\">\n\t\t<div class=\"row\">\n\t\t\t<div class=\"col-lg-6 col-md-6 col-md-12 p-6\">\n\t\t\t\t<h3 class=\"success-single-titre\">Die L\u00f6sung von Halifax Consulting<\/h3>\n\t\t\t\t<p>Zun\u00e4chst wurden Produktkenntnisse und Arbeitsbewusstsein der Vertriebsmitarbeiter mit Hilfe eines spielerischen Tests \u00fcberpr\u00fcft, der in Zusammenarbeit mit dem Managementteam (einschlie\u00dflich technischer Spezialisten und Vertriebsleiter) entwickelt wurde. Die Bewertung wurde innerhalb von zwei Monaten dreimal wiederholt. Darauf folgte ein Train-the-Trainer-Programm (TTT) f\u00fcr Manager, das den \u00dcbergang von einem stark produktzentrierten Schulungsprozess zu einem kundenorientierteren Ansatz erm\u00f6glichte.<\/p>\n\t\t\t<\/div>\n\t\t\t<div class=\"col-lg-6 col-md-6 col-md-12 p-0\">\n\t\t\t\t<figure>\n\t\t\t\t\t<!--<img decoding=\"async\" src=\"https:\/\/www.halifax-consulting.com\/de\/wp-content\/uploads\/sites\/8\/2020\/04\/halifax-consulting-success-story-grain-food-ingredients.jpg\" alt=\"photo success story Getreide und Lebensmittelzutaten\" width=\"100%\" \/>-->\n\t\t\t\t\t<img decoding=\"async\" loading=\"lazy\" src=\"https:\/\/www.halifax-consulting.com\/de\/wp-content\/uploads\/sites\/8\/2020\/04\/halifax-consulting-success-story-grain-food-ingredients.jpg\" alt=\"\" width=\"100%\" height=\"\" >\t\t\t\t<\/figure>\n\t\t\t<\/div>\n\t\t<\/div>\n\t<\/div>\n<\/section>\n\n<section class=\"light py-6\">\n\t<div class=\"container\">\n\t\t<div class=\"row\">\n\t\t\t<div class=\"col-lg-12 col-md-12 col-sm-12\">\n\t\t\t\t<h2 class=\"text-center\">\n\t\t\t\t\tSchl\u00fcssel zum Erfolg\t\t\t\n\t\t\t\t<\/h2>\n\t\t\t<\/div>\n\t\t<\/div>\n\t\t<div class=\"row\">\n\t\t\t<div class=\"col-lg-12 col-md-12 col-sm-12 bloc-cles-success\">\n\t\t\t\t<ul>\n<li>Einbeziehung des Managements, vor allem auf L\u00e4nderebene, und Bestimmung von KPIs<\/li>\n<li>Anpassung durch einen vielseitigen mobilen Lernansatz mit L\u00f6sungen, die voll an die spezifischen Bed\u00fcrfnisse des Unternehmens und des thail\u00e4ndischen Marktes angepasst sind<\/li>\n<li>Erstklassige Nachbetreuung durch regelm\u00e4\u00dfige Meetings mit dem Management. <\/li>\n<\/ul>\n\t\t\t<\/div>\n\t\t<\/div>\n\t<\/div>\n<\/section>","protected":false},"excerpt":{"rendered":"<p>Das Unternehmen wollte wachsen und diversifizieren; daf\u00fcr sollten der Verkauf von Erg\u00e4nzungsprodukten gesteigert und neue Kunden gewonnen werden.<\/p>\n","protected":false},"author":3,"featured_media":1444,"parent":547,"menu_order":0,"comment_status":"closed","ping_status":"closed","template":"page-success-single.php","meta":[],"categories":[3,6],"acf":[],"yoast_head":"<!-- This site is optimized with the Yoast SEO plugin v19.9 - https:\/\/yoast.com\/wordpress\/plugins\/seo\/ -->\n<title>Getreide und Lebensmittelzutaten<\/title>\n<meta name=\"description\" content=\"Getreide und Lebensmittelzutaten\" \/>\n<link rel=\"canonical\" href=\"https:\/\/www.halifax-consulting.com\/de\/erfolgsgeschichten\/getreide-und-lebensmittelzutaten\/\" \/>\n<meta property=\"og:locale\" content=\"de_DE\" \/>\n<meta property=\"og:type\" content=\"article\" \/>\n<meta property=\"og:title\" content=\"Getreide und Lebensmittelzutaten\" \/>\n<meta property=\"og:description\" content=\"Getreide und Lebensmittelzutaten\" \/>\n<meta property=\"og:url\" content=\"https:\/\/www.halifax-consulting.com\/de\/erfolgsgeschichten\/getreide-und-lebensmittelzutaten\/\" \/>\n<meta property=\"og:site_name\" content=\"Halifax Consulting \u2013 DE\" \/>\n<meta property=\"article:modified_time\" content=\"2021-09-29T14:02:53+00:00\" \/>\n<meta property=\"og:image\" content=\"https:\/\/www.halifax-consulting.com\/de\/wp-content\/uploads\/sites\/8\/2020\/03\/halifax-consulting-success-story-Distributeur-mondial-agroalimentaire.jpg\" \/>\n\t<meta property=\"og:image:width\" content=\"1180\" \/>\n\t<meta property=\"og:image:height\" content=\"735\" \/>\n\t<meta property=\"og:image:type\" content=\"image\/jpeg\" \/>\n<meta name=\"twitter:card\" content=\"summary_large_image\" \/>\n<script type=\"application\/ld+json\" class=\"yoast-schema-graph\">{\"@context\":\"https:\/\/schema.org\",\"@graph\":[{\"@type\":\"WebPage\",\"@id\":\"https:\/\/www.halifax-consulting.com\/de\/erfolgsgeschichten\/getreide-und-lebensmittelzutaten\/\",\"url\":\"https:\/\/www.halifax-consulting.com\/de\/erfolgsgeschichten\/getreide-und-lebensmittelzutaten\/\",\"name\":\"Getreide und Lebensmittelzutaten\",\"isPartOf\":{\"@id\":\"https:\/\/www.halifax-consulting.com\/de\/#website\"},\"datePublished\":\"2020-01-02T16:00:16+00:00\",\"dateModified\":\"2021-09-29T14:02:53+00:00\",\"description\":\"Getreide und Lebensmittelzutaten\",\"breadcrumb\":{\"@id\":\"https:\/\/www.halifax-consulting.com\/de\/erfolgsgeschichten\/getreide-und-lebensmittelzutaten\/#breadcrumb\"},\"inLanguage\":\"de-DE\",\"potentialAction\":[{\"@type\":\"ReadAction\",\"target\":[\"https:\/\/www.halifax-consulting.com\/de\/erfolgsgeschichten\/getreide-und-lebensmittelzutaten\/\"]}]},{\"@type\":\"BreadcrumbList\",\"@id\":\"https:\/\/www.halifax-consulting.com\/de\/erfolgsgeschichten\/getreide-und-lebensmittelzutaten\/#breadcrumb\",\"itemListElement\":[{\"@type\":\"ListItem\",\"position\":1,\"name\":\"Accueil\",\"item\":\"https:\/\/www.halifax-consulting.com\/de\/\"},{\"@type\":\"ListItem\",\"position\":2,\"name\":\"Erfolgsgeschichten\",\"item\":\"https:\/\/www.halifax-consulting.com\/de\/erfolgsgeschichten\/\"},{\"@type\":\"ListItem\",\"position\":3,\"name\":\"Getreide und Lebensmittelzutaten\"}]},{\"@type\":\"WebSite\",\"@id\":\"https:\/\/www.halifax-consulting.com\/de\/#website\",\"url\":\"https:\/\/www.halifax-consulting.com\/de\/\",\"name\":\"Halifax Consulting \u2013 DE\",\"description\":\"Halifax Consulting\",\"publisher\":{\"@id\":\"https:\/\/www.halifax-consulting.com\/de\/#organization\"},\"potentialAction\":[{\"@type\":\"SearchAction\",\"target\":{\"@type\":\"EntryPoint\",\"urlTemplate\":\"https:\/\/www.halifax-consulting.com\/de\/?s={search_term_string}\"},\"query-input\":\"required name=search_term_string\"}],\"inLanguage\":\"de-DE\"},{\"@type\":\"Organization\",\"@id\":\"https:\/\/www.halifax-consulting.com\/de\/#organization\",\"name\":\"Halifax Consulting\",\"url\":\"https:\/\/www.halifax-consulting.com\/de\/\",\"logo\":{\"@type\":\"ImageObject\",\"inLanguage\":\"de-DE\",\"@id\":\"https:\/\/www.halifax-consulting.com\/de\/#\/schema\/logo\/image\/\",\"url\":\"\",\"contentUrl\":\"\",\"caption\":\"Halifax Consulting\"},\"image\":{\"@id\":\"https:\/\/www.halifax-consulting.com\/de\/#\/schema\/logo\/image\/\"}}]}<\/script>\n<!-- \/ Yoast SEO plugin. -->","yoast_head_json":{"title":"Getreide und Lebensmittelzutaten","description":"Getreide und Lebensmittelzutaten","canonical":"https:\/\/www.halifax-consulting.com\/de\/erfolgsgeschichten\/getreide-und-lebensmittelzutaten\/","og_locale":"de_DE","og_type":"article","og_title":"Getreide und Lebensmittelzutaten","og_description":"Getreide und Lebensmittelzutaten","og_url":"https:\/\/www.halifax-consulting.com\/de\/erfolgsgeschichten\/getreide-und-lebensmittelzutaten\/","og_site_name":"Halifax Consulting \u2013 DE","article_modified_time":"2021-09-29T14:02:53+00:00","og_image":[{"width":1180,"height":735,"url":"https:\/\/www.halifax-consulting.com\/de\/wp-content\/uploads\/sites\/8\/2020\/03\/halifax-consulting-success-story-Distributeur-mondial-agroalimentaire.jpg","type":"image\/jpeg"}],"twitter_card":"summary_large_image","schema":{"@context":"https:\/\/schema.org","@graph":[{"@type":"WebPage","@id":"https:\/\/www.halifax-consulting.com\/de\/erfolgsgeschichten\/getreide-und-lebensmittelzutaten\/","url":"https:\/\/www.halifax-consulting.com\/de\/erfolgsgeschichten\/getreide-und-lebensmittelzutaten\/","name":"Getreide und Lebensmittelzutaten","isPartOf":{"@id":"https:\/\/www.halifax-consulting.com\/de\/#website"},"datePublished":"2020-01-02T16:00:16+00:00","dateModified":"2021-09-29T14:02:53+00:00","description":"Getreide und Lebensmittelzutaten","breadcrumb":{"@id":"https:\/\/www.halifax-consulting.com\/de\/erfolgsgeschichten\/getreide-und-lebensmittelzutaten\/#breadcrumb"},"inLanguage":"de-DE","potentialAction":[{"@type":"ReadAction","target":["https:\/\/www.halifax-consulting.com\/de\/erfolgsgeschichten\/getreide-und-lebensmittelzutaten\/"]}]},{"@type":"BreadcrumbList","@id":"https:\/\/www.halifax-consulting.com\/de\/erfolgsgeschichten\/getreide-und-lebensmittelzutaten\/#breadcrumb","itemListElement":[{"@type":"ListItem","position":1,"name":"Accueil","item":"https:\/\/www.halifax-consulting.com\/de\/"},{"@type":"ListItem","position":2,"name":"Erfolgsgeschichten","item":"https:\/\/www.halifax-consulting.com\/de\/erfolgsgeschichten\/"},{"@type":"ListItem","position":3,"name":"Getreide und Lebensmittelzutaten"}]},{"@type":"WebSite","@id":"https:\/\/www.halifax-consulting.com\/de\/#website","url":"https:\/\/www.halifax-consulting.com\/de\/","name":"Halifax Consulting \u2013 DE","description":"Halifax Consulting","publisher":{"@id":"https:\/\/www.halifax-consulting.com\/de\/#organization"},"potentialAction":[{"@type":"SearchAction","target":{"@type":"EntryPoint","urlTemplate":"https:\/\/www.halifax-consulting.com\/de\/?s={search_term_string}"},"query-input":"required name=search_term_string"}],"inLanguage":"de-DE"},{"@type":"Organization","@id":"https:\/\/www.halifax-consulting.com\/de\/#organization","name":"Halifax Consulting","url":"https:\/\/www.halifax-consulting.com\/de\/","logo":{"@type":"ImageObject","inLanguage":"de-DE","@id":"https:\/\/www.halifax-consulting.com\/de\/#\/schema\/logo\/image\/","url":"","contentUrl":"","caption":"Halifax Consulting"},"image":{"@id":"https:\/\/www.halifax-consulting.com\/de\/#\/schema\/logo\/image\/"}}]}},"_links":{"self":[{"href":"https:\/\/www.halifax-consulting.com\/de\/wp-json\/wp\/v2\/pages\/1442"}],"collection":[{"href":"https:\/\/www.halifax-consulting.com\/de\/wp-json\/wp\/v2\/pages"}],"about":[{"href":"https:\/\/www.halifax-consulting.com\/de\/wp-json\/wp\/v2\/types\/page"}],"author":[{"embeddable":true,"href":"https:\/\/www.halifax-consulting.com\/de\/wp-json\/wp\/v2\/users\/3"}],"replies":[{"embeddable":true,"href":"https:\/\/www.halifax-consulting.com\/de\/wp-json\/wp\/v2\/comments?post=1442"}],"version-history":[{"count":5,"href":"https:\/\/www.halifax-consulting.com\/de\/wp-json\/wp\/v2\/pages\/1442\/revisions"}],"predecessor-version":[{"id":2530,"href":"https:\/\/www.halifax-consulting.com\/de\/wp-json\/wp\/v2\/pages\/1442\/revisions\/2530"}],"up":[{"embeddable":true,"href":"https:\/\/www.halifax-consulting.com\/de\/wp-json\/wp\/v2\/pages\/547"}],"wp:featuredmedia":[{"embeddable":true,"href":"https:\/\/www.halifax-consulting.com\/de\/wp-json\/wp\/v2\/media\/1444"}],"wp:attachment":[{"href":"https:\/\/www.halifax-consulting.com\/de\/wp-json\/wp\/v2\/media?parent=1442"}],"wp:term":[{"taxonomy":"category","embeddable":true,"href":"https:\/\/www.halifax-consulting.com\/de\/wp-json\/wp\/v2\/categories?post=1442"}],"curies":[{"name":"wp","href":"https:\/\/api.w.org\/{rel}","templated":true}]}}