{"id":183,"date":"2019-12-30T17:55:19","date_gmt":"2019-12-30T17:55:19","guid":{"rendered":"https:\/\/www.halifax-consulting.com\/?page_id=183"},"modified":"2025-06-24T09:22:06","modified_gmt":"2025-06-24T08:22:06","slug":"beratung-zur-verkaufsorganisation","status":"publish","type":"page","link":"https:\/\/www.halifax-consulting.com\/de\/beratung\/beratung-zur-verkaufsorganisation\/","title":{"rendered":"Beratung zur Vertriebsorganisation und KI im Vertrieb"},"content":{"rendered":"<div class=\"container\">\n\t<div class=\"row\">\n\t\t<div class=\"col-lg-12 col-md-12 col-sm-12\">\n\t\t\t<h2 class=\"intro\">\n\t\t\t\t<strong class=\"intro-h2 d-block\">Bevor Sie ausbilden und managen, sollten Sie sicher sein, dass Sie richtig handlen<\/strong>\n\t\t\t\t<p>Die Verkaufsabwicklung steht im Mittelpunkt der Anliegen unserer Kunden. Die Themen sind vielf&auml;ltig und k&ouml;nnen umfassen:<\/p>\n<ul>\n<li>Integration von KI in die Vertriebsprozesse,<\/li>\n<li>die Strukturierung der Vertriebsorganisation,<\/li>\n<li>das Profil der Mitarbeiter nach Markt\/Segment,<\/li>\n<li>die damit verbundenen F&auml;higkeiten VS ihre Rolle im Vertrieb,<\/li>\n<li>Vertrieb, Key Account Management und Vertriebsmanagementprozesse,<\/li>\n<li>die ihnen zur Verf&uuml;gung stehenden Tools jenseits von CRM, die explosionsartige Zunahme von Anwendungen zur &#8220;Vertriebsbeschleunigung&#8221;&#8230;<\/li>\n<\/ul>\n<p>Und jetzt kommt eine entscheidende neue Dimension hinzu: die digitale Transformation durch k&uuml;nstliche Intelligenz. Unsere Berater mit ihrer umfassenden operativen Erfahrung unterst&uuml;tzen Sie auf strukturierte, einfache und konkrete Weise nicht nur bei der Transformation Ihres Vertriebs, sondern auch bei der Integration und Optimierung von KI-Tools, die speziell auf Ihre gesch&auml;ftlichen Bed&uuml;rfnisse zugeschnitten sind.<\/p>\n<ul>\n<li>360&deg;-Diagnose Ihrer Vertriebsorganisation aus der KI-Perspektive,<\/li>\n<li>Vertriebsf&auml;higkeiten im Team (Prospecting, station&auml;rer Vertrieb, L&ouml;sungsverkauf, Verhandlung, Vertriebsmanagement usw.),<\/li>\n<li>Vertriebsmanagement-Routinen und -Prozesse, Vertriebsprozesse (Akquise, Entwicklung&#8230;),<\/li>\n<li>ihnen zur Verf&uuml;gung stehende (digitale oder andere) Instrumente zur Verkaufsunterst&uuml;tzung usw.<\/li>\n<li>Identifizierung und Implementierung von KI-Tools, die auf Ihre spezifischen Bed&uuml;rfnisse zugeschnitten sind,<\/li>\n<li>Schulung und Coaching Ihrer Teams im Umgang mit diesen neuen Technologien,<\/li>\n<li>Messung und Optimierung der Vertriebseffizienz durch KI.<\/li>\n<\/ul>\t\t\t<\/h2>\n\t\t<\/div>\n\t<\/div>\n<\/div>\n\n\n<section class=\"navy p-6 essentiels\">\t\n\t\n\t<div class=\"container\">\n\t\t\n\t\t<div class=\"row\">\n\t\t\t\n\t\t\t<div class=\"col-lg-7 col-md-7 col-sm-12\">\n\t\t\t\t\n\t\t\t\t\t\t\t\t\t<h3>Die Ziele<\/h3>\n\t\t\t\t\t<p>Unterst&uuml;tzung Ihres Unternehmens bei der Umwandlung seiner Vertriebsfunktion mit KI<\/p>\t\t\t\t\t\t\t\t\n\t\t\t\t\t\t\t\t\t<h3>Die Vorteile<\/h3>\n\t\t\t\t\t<ul>\n<li>AI-Experten zu Ihrer Unterst&uuml;tzung<\/li>\n<li>Erfahrene Vertriebsunterst&uuml;tzung<\/li>\n<\/ul>\t\t\t\t\t\t\t\t\n\t\t\t\t\t\t\t\t\t<h3>Warum Halifax?<\/h3>\n\t\t\t\t\t<p>Seit mehr als 20 Jahren sind wir auf Vertriebsberatung und die Integration von digitalen und KI-Tools spezialisiert.<\/p>\t\t\t\t\t\t\t<\/div>\n\t\t\t\n\t\t\t<div class=\"col-lg-1 col-md-1 col-sm-12\">\t\t\t\n\t\t\t<\/div>\n\t\t\t\n\t\t\t<div class=\"col-lg-4 col-md-4 col-sm-12\">\n\t\t\t\n\t\t\t\t<!-- Notation CPF -->\n\t\t\t\t\n\t\t\t\t\n\t\t\t\t<!-- Bouton VOIR LE PROGRAMME -->\n\t\t\t\t\n\t\t\t\t<p class=\"mt-4\">\n\t\t\t\t\t\n\t\t\t\t\t\t\t\t\t\t<!-- true = ouverture lien externe -->\n\t\t\t\t\t<a class=\"btn btn-hx btn-hx-orange d-block\" href=\"https:\/\/forms.zohopublic.com\/andernagroup\/form\/decontact\/formperma\/XlIah4lncCRUOHcRkPqBjnowmSCTsFE8SVZgYrw4lQQ\" title=\"Kontakt\" target=\"_blank\">Kontakt<\/a>\n\t\t\t\t\t\n\t\t\t\t\t\t\t\t\t\t\n\t\t\t\t<\/p>\n\t\t\t<\/div>\n\t\t<\/div>\n\t<\/div>\n<\/section>\n\n<!-- MODALE -->\n\n<div class=\"modal fade\" id=\"programme\" tabindex=\"-1\" role=\"dialog\" aria-labelledby=\"programme\" aria-hidden=\"true\">\n\t\n\t<div class=\"modal-dialog modal-dialog-centered modal-lg modal-dialog-scrollable\" role=\"document\">\n    \t\n    \t<div class=\"modal-content\">\n\t\t\t\n\t\t\t<div class=\"modal-header\">\n\t\t\t\t\n\t\t\t\t<h5 class=\"modal-title\" id=\"prog\"><\/h5>\n\t\t\t\t\n\t\t\t\t<button type=\"button\" class=\"close\" data-dismiss=\"modal\" aria-label=\"Close\" title=\"\">\n\t\t\t\t\t<span aria-hidden=\"true\">&times;<\/span>\n\t\t\t\t<\/button>\n\t\t\t\t\n    \t\t<\/div>\n\t\t\t\n\t\t\t<div class=\"modal-body\">\n\t\t\t\t\n\t\t\t\t<div class=\"row\">\n\t\t\t\t\n\t\t\t\t\t<div class=\"col-lg-12 col-md-9 col-sm-12\">\n\t\t\t\t\t\t\n\t\t\t\t\t\t<div class=\"accordion accordion-programme\" id=\"prog\">\n\t\t\t\t\n\t\t\t\t\t\t\t\t\t\t\t\t\t\t\t\n\t\t\t\t\t\t\t\t\t\t\t\t\n\t\t\t\t\t\t\t\t<div class=\"card\">\n\t\t\t\t\t\n\t\t\t\t\t\t\t\t\t<div class=\"card-header\" id=\"heading1\">\n\t\t\t\t\t\t\n\t\t\t\t\t\t\t\t\t\t<button class=\"btn btn-link btn-block\" type=\"button\" data-toggle=\"collapse\" data-target=\"#collapse1\" aria-expanded=\"false\" aria-controls=\"collapse1\">\n\t\t\t\t\t\t\t\t\t\t\t\t\t\t\t\t\t\t\t\t\t\t\n\t\t\t\t\t\t\t\t\t\t<\/button>\n\t\t\n\t\t\t\t\t\t\t\t\t<\/div><!-- .card-header -->\n\t\t\t\t\t\n\t\t\t\t\t\t\t\t\t<div id=\"collapse1\" class=\"collapse\" aria-labelledby=\"heading1\" data-parent=\"#prog\">\n\t\t\t\t\t\t\t\t\t\t\n\t\t\t\t\t\t\t\t\t\t<div class=\"card-body\">\n\t\t\t\t\t\t\t\t\t\t\t\t\t\t\t\t\t\t\t\t\t<\/div><!-- .card-body -->\n\t\t\t\t\t\t\t\t\t\t\n\t\t\t\t\t\t\t\t\t<\/div><!-- .collapseID -->\n\t\t\t\t\t\t\t\t<\/div>\n\t\t\t\t\t\t\n\t\t\t\t\t\t\t\t\t\t\t\t\t\t\t\t\t\t\t\t\n\t\t\t\t\t\t<\/div>\n\t\t\t\t\t<\/div>\n\t\t\t\t<\/div>\n    \t\t<\/div>\n    \t<\/div>\n\t<\/div>\n<\/div>\n\n\n\n\n<section class=\"light block-benefits-4 py-6\">\n\t<div class=\"container\">\n\t\t<div class=\"row\">\n\t\t\t<div class=\"col-lg-12 col-md-12 col-sm-12\">\n\t\t\t\t<h2 class=\"text-center\">\n\t\t\t\t\tIHRE ERGEBNISSE SICHERN DURCH\t\t\t\t\t<span class=\"h2-subtitle\"><\/span>\n\t\t\t\t\t\n\t\t\t\t\t\n\t\t\t\t<\/h2>\n\t\t\t<\/div>\n\t\t<\/div>\n\t\t<div class=\"row\">\n\t\t\t\t\n\t\t\t\t\t\n\t\t\t\t\t<div class=\"col-lg-6 col-md-6 col-sm-12 mb-4\">\n\t\t\t\t\t\t<div class=\"row\">\n\t\t\t\t\t\t\t<div class=\"col-lg-2 col-sm-3 col-sm-12\">\n\t\t\t\t\t\t\t\t<img decoding=\"async\" class=\"fadeIn\" src=\"https:\/\/www.halifax-consulting.com\/de\/wp-content\/themes\/halifax\/library\/img\/halifax-consulting-benefits-icon.svg\" alt=\"icone benefices\" width=\"100%\" \/>\n\t\t\t\t\t\t\t<\/div>\n\t\t\t\t\t\t\t<div class=\"col-lg-10 col-sm-9 col-sm-12 fadeIn\">\n\t\t\t\t\t\t\t\t<h3 class=\"benef-title\">100 % operativ<\/h3>\n\t\t\t\t\t\t\t\t<p class=\"benef-content\">Unsere Berater sind in erster Linie ehemalige F\u00fchrungskr\u00e4fte im Vertrieb, die mit operativer Erfahrung und Sinn f\u00fcr das Praktische gesegnet sind. Wir bieten Ihnen einfache und effektive L\u00f6sungen zur Verbesserung Ihrer Verkaufsaktivit\u00e4ten.<br>\n\t\t\t\t\t\t\t\t\t\t\t\t\t\t\t\t\t<\/p>\n\t\t\t\t\t\t\t<\/div>\n\t\t\t\t\t\t<\/div>\n\t\t\t\t\t<\/div>\n\t\t\t\t\t\n\t\t\t\t\t\t\n\t\t\t\t\t\n\t\t\t\t\t<div class=\"col-lg-6 col-md-6 col-sm-12 mb-4\">\n\t\t\t\t\t\t<div class=\"row\">\n\t\t\t\t\t\t\t<div class=\"col-lg-2 col-sm-3 col-sm-12\">\n\t\t\t\t\t\t\t\t<img decoding=\"async\" class=\"fadeIn\" src=\"https:\/\/www.halifax-consulting.com\/de\/wp-content\/themes\/halifax\/library\/img\/halifax-consulting-benefits-icon.svg\" alt=\"icone benefices\" width=\"100%\" \/>\n\t\t\t\t\t\t\t<\/div>\n\t\t\t\t\t\t\t<div class=\"col-lg-10 col-sm-9 col-sm-12 fadeIn\">\n\t\t\t\t\t\t\t\t<h3 class=\"benef-title\">Ein und dasselbe Team von A bis Z<\/h3>\n\t\t\t\t\t\t\t\t<p class=\"benef-content\">Das Team, das Sie begleiten wird, ist das gleiche, von der anf\u00e4nglichen Entwicklungsphase bis zur abschlie\u00dfenden Phase des Kompetenzaufbaus und der Begleitung bei der Umsetzung der implementierten L\u00f6sungen.<br>\n\t\t\t\t\t\t\t\t\t\t\t\t\t\t\t\t\t<\/p>\n\t\t\t\t\t\t\t<\/div>\n\t\t\t\t\t\t<\/div>\n\t\t\t\t\t<\/div>\n\t\t\t\t\t\n\t\t\t\t\t\t\n\t\t\t\t\t\n\t\t\t\t\t<div class=\"col-lg-6 col-md-6 col-sm-12 mb-4\">\n\t\t\t\t\t\t<div class=\"row\">\n\t\t\t\t\t\t\t<div class=\"col-lg-2 col-sm-3 col-sm-12\">\n\t\t\t\t\t\t\t\t<img decoding=\"async\" class=\"fadeIn\" src=\"https:\/\/www.halifax-consulting.com\/de\/wp-content\/themes\/halifax\/library\/img\/halifax-consulting-benefits-icon.svg\" alt=\"icone benefices\" width=\"100%\" \/>\n\t\t\t\t\t\t\t<\/div>\n\t\t\t\t\t\t\t<div class=\"col-lg-10 col-sm-9 col-sm-12 fadeIn\">\n\t\t\t\t\t\t\t\t<h3 class=\"benef-title\">Kommerzielle Effizienz<\/h3>\n\t\t\t\t\t\t\t\t<p class=\"benef-content\">Wir konzentrieren uns auf die kommerziellen Ergebnisse der vorgeschlagenen &amp; umgesetzten L\u00f6sungen, die der einzige Indikator f\u00fcr unsere Leistung ist. Die Gesch\u00e4ftsergebnisse k\u00f6nnen auf unterschiedliche Weise gemessen werden: Eingang von Kundenauftr\u00e4gen, Gewinnspanne, Trefferquote, Volumen und Qualit\u00e4t des Gesch\u00e4fts-&#8220;Pipes&#8221;, Kundenzufriedenheit&#8230;<br>\n\t\t\t\t\t\t\t\t\t\t\t\t\t\t\t\t\t<\/p>\n\t\t\t\t\t\t\t<\/div>\n\t\t\t\t\t\t<\/div>\n\t\t\t\t\t<\/div>\n\t\t\t\t\t\n\t\t\t\t\t\t\n\t\t\t\t\t\n\t\t\t\t\t<div class=\"col-lg-6 col-md-6 col-sm-12 mb-4\">\n\t\t\t\t\t\t<div class=\"row\">\n\t\t\t\t\t\t\t<div class=\"col-lg-2 col-sm-3 col-sm-12\">\n\t\t\t\t\t\t\t\t<img decoding=\"async\" class=\"fadeIn\" src=\"https:\/\/www.halifax-consulting.com\/de\/wp-content\/themes\/halifax\/library\/img\/halifax-consulting-benefits-icon.svg\" alt=\"icone benefices\" width=\"100%\" \/>\n\t\t\t\t\t\t\t<\/div>\n\t\t\t\t\t\t\t<div class=\"col-lg-10 col-sm-9 col-sm-12 fadeIn\">\n\t\t\t\t\t\t\t\t<h3 class=\"benef-title\">100% ma\u00dfgeschneidert<\/h3>\n\t\t\t\t\t\t\t\t<p class=\"benef-content\">Wir kommen nicht mit vorgefertigten Ideen eines idealen Schemas von &#8220;Verkaufsans\u00e4tzen&#8221;, die unabh\u00e4ngig vom Kontext umgesetzt werden m\u00fcssen, oder versuchen, Ihnen ein magisches Werkzeug f\u00fcr Sales Tech&#8230; zu verkaufen. Wir bauen mit Ihnen eine einfache und effiziente Organisation auf, die Ihrer Strategie und Ihrer Kultur entspricht und die die verschiedenen Dimensionen der Verkaufsfunktion ber\u00fccksichtigt.<br>\n\t\t\t\t\t\t\t\t\t\t\t\t\t\t\t\t\t<\/p>\n\t\t\t\t\t\t\t<\/div>\n\t\t\t\t\t\t<\/div>\n\t\t\t\t\t<\/div>\n\t\t\t\t\t\n\t\t\t\t\t\t\t\t\n\t\t<\/div>\n\t<\/div>\n<\/section>\n\n<section class=\"success-single grey\">\n\t<div class=\"container-fluid\">\n\t\t<div class=\"row\">\n\t\t\t\t\t\t\t \n\t\t\t\t\t\t\t\t\t\t\n\t\t\t\t\t\t\t\t\t\t<div class=\"col-lg-7 col-md-6 col-sm-12 p-6\">\n\t\t\t\t\t\t<div>\n\t\t\t\t\t\t\t<h3>Erfolgsgeschichten: Veterin\u00e4rmedizisches Labor<\/h3>\n\t\t\t\t\t\t\t<p>Ziel war es, die Skills und Fachkenntnisse der Vertriebsmitarbeiter in Bezug auf eine Reihe von Produkten zu verbessern und zu unterst\u00fctzen.<\/p>\n\t\t\t\t\t\t\t<p>\n\t\t\t\t\t\t\t\t<a href=\"https:\/\/www.halifax-consulting.com\/de\/erfolgsgeschichten\/veterinarmedizisches-labor\/\" class=\"btn btn-hx btn-hx-ducky\">Weiterlesen<\/a>\n\t\t\t\t\t\t\t<\/p>\n\t\t\t\t\t\t<\/div>\n\t\t\t\t\t<\/div>\n\t\t\t\t\t<div class=\"col-lg-5 col-md-6 col-sm-12 p-0\">\n\t\t\t\t\t\t\t<figure class=\"\">\n<!-- \t\t\t\t\t\t\t\t<img decoding=\"async\" src=\"https:\/\/www.halifax-consulting.com\/de\/wp-content\/uploads\/sites\/8\/2020\/03\/halifax-consulting-success-story-Laboratoire-veterinaire.jpg\" alt=\"image success-story\" \/> -->\n\t\t\t\t\t\t\t\t<img decoding=\"async\" loading=\"lazy\" src=\"https:\/\/www.halifax-consulting.com\/de\/wp-content\/uploads\/sites\/8\/2020\/03\/halifax-consulting-success-story-Laboratoire-veterinaire.jpg\" alt=\"\" width=\"100%\" height=\"\" >\t\t\t\t\t\t\t<\/figure>\n\t\t\t\t\t<\/div>\n\t\t\t\t\t\t\t\t\t<\/div>\n\t<\/div>\n<\/section>\n","protected":false},"excerpt":{"rendered":"<p>Erst wirksam transformieren, dann schulen und f\u00fchren<\/p>\n","protected":false},"author":3,"featured_media":3090,"parent":543,"menu_order":0,"comment_status":"closed","ping_status":"closed","template":"","meta":[],"categories":[2],"acf":[],"yoast_head":"<!-- This site is optimized with the Yoast SEO plugin v19.9 - https:\/\/yoast.com\/wordpress\/plugins\/seo\/ -->\n<title>Beratung zur Vertriebsorganisation und KI im Vertrieb<\/title>\n<meta name=\"description\" content=\"Beratung zur Vertriebsorganisation und KI im Vertrieb\" \/>\n<link rel=\"canonical\" href=\"https:\/\/www.halifax-consulting.com\/de\/beratung\/beratung-zur-verkaufsorganisation\/\" \/>\n<meta property=\"og:locale\" content=\"de_DE\" \/>\n<meta property=\"og:type\" content=\"article\" \/>\n<meta property=\"og:title\" content=\"Beratung zur Vertriebsorganisation und KI im Vertrieb\" \/>\n<meta property=\"og:description\" content=\"Beratung zur Vertriebsorganisation und KI im Vertrieb\" \/>\n<meta property=\"og:url\" content=\"https:\/\/www.halifax-consulting.com\/de\/beratung\/beratung-zur-verkaufsorganisation\/\" \/>\n<meta property=\"og:site_name\" content=\"Halifax Consulting \u2013 DE\" \/>\n<meta property=\"article:modified_time\" content=\"2025-06-24T08:22:06+00:00\" \/>\n<meta property=\"og:image\" content=\"https:\/\/www.halifax-consulting.com\/de\/wp-content\/uploads\/sites\/8\/2024\/04\/Conseil-organisation-commerciale-IA.png\" \/>\n\t<meta property=\"og:image:width\" content=\"2500\" \/>\n\t<meta property=\"og:image:height\" content=\"400\" \/>\n\t<meta property=\"og:image:type\" content=\"image\/png\" \/>\n<meta name=\"twitter:card\" content=\"summary_large_image\" \/>\n<script type=\"application\/ld+json\" class=\"yoast-schema-graph\">{\"@context\":\"https:\/\/schema.org\",\"@graph\":[{\"@type\":\"WebPage\",\"@id\":\"https:\/\/www.halifax-consulting.com\/de\/beratung\/beratung-zur-verkaufsorganisation\/\",\"url\":\"https:\/\/www.halifax-consulting.com\/de\/beratung\/beratung-zur-verkaufsorganisation\/\",\"name\":\"Beratung zur Vertriebsorganisation und KI im Vertrieb\",\"isPartOf\":{\"@id\":\"https:\/\/www.halifax-consulting.com\/de\/#website\"},\"datePublished\":\"2019-12-30T17:55:19+00:00\",\"dateModified\":\"2025-06-24T08:22:06+00:00\",\"description\":\"Beratung zur Vertriebsorganisation und KI im Vertrieb\",\"breadcrumb\":{\"@id\":\"https:\/\/www.halifax-consulting.com\/de\/beratung\/beratung-zur-verkaufsorganisation\/#breadcrumb\"},\"inLanguage\":\"de-DE\",\"potentialAction\":[{\"@type\":\"ReadAction\",\"target\":[\"https:\/\/www.halifax-consulting.com\/de\/beratung\/beratung-zur-verkaufsorganisation\/\"]}]},{\"@type\":\"BreadcrumbList\",\"@id\":\"https:\/\/www.halifax-consulting.com\/de\/beratung\/beratung-zur-verkaufsorganisation\/#breadcrumb\",\"itemListElement\":[{\"@type\":\"ListItem\",\"position\":1,\"name\":\"Accueil\",\"item\":\"https:\/\/www.halifax-consulting.com\/de\/\"},{\"@type\":\"ListItem\",\"position\":2,\"name\":\"Beratung\",\"item\":\"https:\/\/www.halifax-consulting.com\/de\/beratung\/\"},{\"@type\":\"ListItem\",\"position\":3,\"name\":\"Beratung zur Vertriebsorganisation und KI im Vertrieb\"}]},{\"@type\":\"WebSite\",\"@id\":\"https:\/\/www.halifax-consulting.com\/de\/#website\",\"url\":\"https:\/\/www.halifax-consulting.com\/de\/\",\"name\":\"Halifax Consulting \u2013 DE\",\"description\":\"Halifax Consulting\",\"publisher\":{\"@id\":\"https:\/\/www.halifax-consulting.com\/de\/#organization\"},\"potentialAction\":[{\"@type\":\"SearchAction\",\"target\":{\"@type\":\"EntryPoint\",\"urlTemplate\":\"https:\/\/www.halifax-consulting.com\/de\/?s={search_term_string}\"},\"query-input\":\"required name=search_term_string\"}],\"inLanguage\":\"de-DE\"},{\"@type\":\"Organization\",\"@id\":\"https:\/\/www.halifax-consulting.com\/de\/#organization\",\"name\":\"Halifax Consulting\",\"url\":\"https:\/\/www.halifax-consulting.com\/de\/\",\"logo\":{\"@type\":\"ImageObject\",\"inLanguage\":\"de-DE\",\"@id\":\"https:\/\/www.halifax-consulting.com\/de\/#\/schema\/logo\/image\/\",\"url\":\"\",\"contentUrl\":\"\",\"caption\":\"Halifax Consulting\"},\"image\":{\"@id\":\"https:\/\/www.halifax-consulting.com\/de\/#\/schema\/logo\/image\/\"}}]}<\/script>\n<!-- \/ Yoast SEO plugin. -->","yoast_head_json":{"title":"Beratung zur Vertriebsorganisation und KI im Vertrieb","description":"Beratung zur Vertriebsorganisation und KI im Vertrieb","canonical":"https:\/\/www.halifax-consulting.com\/de\/beratung\/beratung-zur-verkaufsorganisation\/","og_locale":"de_DE","og_type":"article","og_title":"Beratung zur Vertriebsorganisation und KI im Vertrieb","og_description":"Beratung zur Vertriebsorganisation und KI im Vertrieb","og_url":"https:\/\/www.halifax-consulting.com\/de\/beratung\/beratung-zur-verkaufsorganisation\/","og_site_name":"Halifax Consulting \u2013 DE","article_modified_time":"2025-06-24T08:22:06+00:00","og_image":[{"width":2500,"height":400,"url":"https:\/\/www.halifax-consulting.com\/de\/wp-content\/uploads\/sites\/8\/2024\/04\/Conseil-organisation-commerciale-IA.png","type":"image\/png"}],"twitter_card":"summary_large_image","schema":{"@context":"https:\/\/schema.org","@graph":[{"@type":"WebPage","@id":"https:\/\/www.halifax-consulting.com\/de\/beratung\/beratung-zur-verkaufsorganisation\/","url":"https:\/\/www.halifax-consulting.com\/de\/beratung\/beratung-zur-verkaufsorganisation\/","name":"Beratung zur Vertriebsorganisation und KI im Vertrieb","isPartOf":{"@id":"https:\/\/www.halifax-consulting.com\/de\/#website"},"datePublished":"2019-12-30T17:55:19+00:00","dateModified":"2025-06-24T08:22:06+00:00","description":"Beratung zur Vertriebsorganisation und KI im Vertrieb","breadcrumb":{"@id":"https:\/\/www.halifax-consulting.com\/de\/beratung\/beratung-zur-verkaufsorganisation\/#breadcrumb"},"inLanguage":"de-DE","potentialAction":[{"@type":"ReadAction","target":["https:\/\/www.halifax-consulting.com\/de\/beratung\/beratung-zur-verkaufsorganisation\/"]}]},{"@type":"BreadcrumbList","@id":"https:\/\/www.halifax-consulting.com\/de\/beratung\/beratung-zur-verkaufsorganisation\/#breadcrumb","itemListElement":[{"@type":"ListItem","position":1,"name":"Accueil","item":"https:\/\/www.halifax-consulting.com\/de\/"},{"@type":"ListItem","position":2,"name":"Beratung","item":"https:\/\/www.halifax-consulting.com\/de\/beratung\/"},{"@type":"ListItem","position":3,"name":"Beratung zur Vertriebsorganisation und KI im Vertrieb"}]},{"@type":"WebSite","@id":"https:\/\/www.halifax-consulting.com\/de\/#website","url":"https:\/\/www.halifax-consulting.com\/de\/","name":"Halifax Consulting \u2013 DE","description":"Halifax Consulting","publisher":{"@id":"https:\/\/www.halifax-consulting.com\/de\/#organization"},"potentialAction":[{"@type":"SearchAction","target":{"@type":"EntryPoint","urlTemplate":"https:\/\/www.halifax-consulting.com\/de\/?s={search_term_string}"},"query-input":"required name=search_term_string"}],"inLanguage":"de-DE"},{"@type":"Organization","@id":"https:\/\/www.halifax-consulting.com\/de\/#organization","name":"Halifax Consulting","url":"https:\/\/www.halifax-consulting.com\/de\/","logo":{"@type":"ImageObject","inLanguage":"de-DE","@id":"https:\/\/www.halifax-consulting.com\/de\/#\/schema\/logo\/image\/","url":"","contentUrl":"","caption":"Halifax Consulting"},"image":{"@id":"https:\/\/www.halifax-consulting.com\/de\/#\/schema\/logo\/image\/"}}]}},"_links":{"self":[{"href":"https:\/\/www.halifax-consulting.com\/de\/wp-json\/wp\/v2\/pages\/183"}],"collection":[{"href":"https:\/\/www.halifax-consulting.com\/de\/wp-json\/wp\/v2\/pages"}],"about":[{"href":"https:\/\/www.halifax-consulting.com\/de\/wp-json\/wp\/v2\/types\/page"}],"author":[{"embeddable":true,"href":"https:\/\/www.halifax-consulting.com\/de\/wp-json\/wp\/v2\/users\/3"}],"replies":[{"embeddable":true,"href":"https:\/\/www.halifax-consulting.com\/de\/wp-json\/wp\/v2\/comments?post=183"}],"version-history":[{"count":13,"href":"https:\/\/www.halifax-consulting.com\/de\/wp-json\/wp\/v2\/pages\/183\/revisions"}],"predecessor-version":[{"id":3469,"href":"https:\/\/www.halifax-consulting.com\/de\/wp-json\/wp\/v2\/pages\/183\/revisions\/3469"}],"up":[{"embeddable":true,"href":"https:\/\/www.halifax-consulting.com\/de\/wp-json\/wp\/v2\/pages\/543"}],"wp:featuredmedia":[{"embeddable":true,"href":"https:\/\/www.halifax-consulting.com\/de\/wp-json\/wp\/v2\/media\/3090"}],"wp:attachment":[{"href":"https:\/\/www.halifax-consulting.com\/de\/wp-json\/wp\/v2\/media?parent=183"}],"wp:term":[{"taxonomy":"category","embeddable":true,"href":"https:\/\/www.halifax-consulting.com\/de\/wp-json\/wp\/v2\/categories?post=183"}],"curies":[{"name":"wp","href":"https:\/\/api.w.org\/{rel}","templated":true}]}}