{"id":206,"date":"2019-12-30T20:30:50","date_gmt":"2019-12-30T19:30:50","guid":{"rendered":"https:\/\/www.halifax-consulting.com\/?page_id=206"},"modified":"2025-06-24T09:41:01","modified_gmt":"2025-06-24T08:41:01","slug":"serious-game","status":"publish","type":"page","link":"https:\/\/www.halifax-consulting.com\/de\/digital-learning\/serious-game\/","title":{"rendered":"Serious Game"},"content":{"rendered":"<div class=\"container\">\n\t<div class=\"row\">\n\t\t<div class=\"col-lg-12 col-md-12 col-sm-12\">\n\t\t\t<h2 class=\"intro\">\n\t\t\t\t<strong class=\"intro-h2 d-block\">Spielen, verhandeln, verbessern<\/strong>\n\t\t\t\tEin Serious Game ist ein mitrei\u00dfendes Schulungsvideo, das die Teilnehmer in eine fiktive Welt entf\u00fchrt. Dort k\u00f6nnen Sie in vier Szenarien, in denen sie es mit vier verschiedenen Arten von Verhandlern zu tun bekommen, ihre Skills verfeinern.\n\nSerious Games sind eine spielerische Methode, Konzentration und Lernerfolg zu optimieren. Sie bieten bei jedem Schritt ein sofortiges Feedback.\t\t\t<\/h2>\n\t\t<\/div>\n\t<\/div>\n<\/div>\n\n\n<div class=\"container pb-6\">\n\t<div class=\"row\">\n\t\t<div class=\"col-lg-4 col-md-4 col-sm-12\">\n\t\t\t<h4 class=\"key\">4 x 15<\/h4>\n\t\t\t<p class=\"key-description\">Minuten voller Action!<\/p>\t\t\t\t\t\t\t\n\t\t<\/div>\n\t\t<div class=\"col-lg-4 col-md-4 col-sm-12\">\n\t\t\t<h4 class=\"key\">6<\/h4>\n\t\t\t<p class=\"key-description\">Sprachen abrufbar<\/p>\t\t\t\t\t\t\n\t\t<\/div>\n\t\t<div class=\"col-lg-4 col-md-4 col-sm-12\">\n\t\t\t<h4 class=\"key\">1<\/h4>\t\n\t\t\t<p class=\"key-description\">angeleiteter R\u00fcckblick auf die getroffenen Entscheidungen und Abgleich mit den richtigen Entscheidungen<\/p>\t\t\t\t\t\n\t\t<\/div>\n\t<\/div>\n<\/div>\n\n<section class=\"light py-6\">\n\t<div class=\"container\">\n\t\t<div class=\"row\">\n\t\t\t<div class=\"col-lg-12 col-md-12 col-sm-12\">\n\t\t\t\t<h2 class=\"text-center\">\n\t\t\t\t\tVorteile\t\t\t\t\t<span class=\"h2-subtitle\"><\/span>\n\t\t\t\t\t\n\t\t\t\t\t\n\t\t\t\t<\/h2>\n\t\t\t<\/div>\n\t\t<\/div>\n\t\t<div class=\"row\">\n\t\t\t\t\n\t\t\t\t\t\n\t\t\t\t\t<div class=\"col-lg-6 col-md-6 col-sm-12 mb-4\">\n\t\t\t\t\t\t<div class=\"row\">\n\t\t\t\t\t\t\t<div class=\"col-lg-2 col-sm-3 col-sm-12\">\n\t\t\t\t\t\t\t\t<img decoding=\"async\" class=\"wow fadeIn\" data-wow-delay=\"0s\" src=\"https:\/\/www.halifax-consulting.com\/de\/wp-content\/themes\/halifax\/library\/img\/halifax-consulting-benefits-icon.svg\" alt=\"icone benefices\" width=\"100%\" \/>\n\t\t\t\t\t\t\t<\/div>\n\t\t\t\t\t\t\t<div class=\"col-lg-10 col-sm-9 col-sm-12 wow fadeIn\" data-wow-delay=\"0s\">\n\t\t\t\t\t\t\t\t<h3 class=\"benef-title\">Rege Beteiligung und konstantes Feedback<\/h3>\n\t\t\t\t\t\t\t\t<p class=\"benef-content\"><p>Ermutigung zum spielerischen Lernen<\/p>\n<\/p>\n\t\t\t\t\t\t\t<\/div>\n\t\t\t\t\t\t<\/div>\n\t\t\t\t\t<\/div>\n\t\t\t\t\t\n\t\t\t\t\t\t\n\t\t\t\t\t\n\t\t\t\t\t<div class=\"col-lg-6 col-md-6 col-sm-12 mb-4\">\n\t\t\t\t\t\t<div class=\"row\">\n\t\t\t\t\t\t\t<div class=\"col-lg-2 col-sm-3 col-sm-12\">\n\t\t\t\t\t\t\t\t<img decoding=\"async\" class=\"wow fadeIn\" data-wow-delay=\"0.5s\" src=\"https:\/\/www.halifax-consulting.com\/de\/wp-content\/themes\/halifax\/library\/img\/halifax-consulting-benefits-icon.svg\" alt=\"icone benefices\" width=\"100%\" \/>\n\t\t\t\t\t\t\t<\/div>\n\t\t\t\t\t\t\t<div class=\"col-lg-10 col-sm-9 col-sm-12 wow fadeIn\" data-wow-delay=\"0.5s\">\n\t\t\t\t\t\t\t\t<h3 class=\"benef-title\">Herausforderung und Entwicklung<\/h3>\n\t\t\t\t\t\t\t\t<p class=\"benef-content\"><p>Realistische Szenarien, schnelle Dialoge und Inhalte, die die Spieler \u00fcberraschen und herausfordern<\/p>\n<\/p>\n\t\t\t\t\t\t\t<\/div>\n\t\t\t\t\t\t<\/div>\n\t\t\t\t\t<\/div>\n\t\t\t\t\t\n\t\t\t\t\t\t\t\t\n\t\t<\/div>\n\t<\/div>\n<\/section>\n\n<section class=\"navy py-6\">\n\t<div class=\"container\">\n\t\t<div class=\"row\">\n\t\t\t<div class=\"col-lg-12 col-md-12 col-sm-12\">\n\t\t\t\t\t\t\t\t<h2 class=\"text-center\">\n\t\t\t\t\tSzenarien f\u00fcr ein Serious Game\t\t\t\t<\/h2>\n\t\t\t<\/div>\n\t\t<\/div>\n\t\t<div class=\"row\">\n\t\t\t<div class=\"col-lg-12 col-md-12 col-sm-12\">\n\t\t\t\t<p class=\"benef-content pb-3\">\n\t\t\t\t\t<p>Halifax Consulting hat ein Serious Game f\u00fcr Vertriebsverhandlungen auf der Grundlage von vier Situationen f\u00fcr Verk\u00e4ufer, Key Account Manager, Vertriebsleiter und alle anderen funktions\u00fcbergreifenden Teams im Unternehmen entwickelt.<\/p>\n\t\t\t\t<\/p>\n\t\t\t<\/div>\n\t\t<\/div>\n\t\t<div class=\"row\">\n\t\t\t<div class=\"col-lg-3 col-md-3 col-sm-12\">\n\t\t\t\t<h5 class=\"text-center py-4\">Catirex-Kampagne<\/h5>\n\t\t\t\t<p class=\"benef-content\"><p>Ein junger Kollege bittet Sie um Rat, bevor er sich mit einem Kunden trifft, um einen Gro\u00dfauftrag abzuschlie\u00dfen. K\u00f6nnen Sie ihm die richtige Anleitung geben und erkl\u00e4ren, wie man sich effektiv auf die bevorstehende Verhandlung vorbereiten kann?<\/p>\n<\/p>\t\t\t\t\t\t\n\t\t\t<\/div>\n\t\t\t<div class=\"col-lg-3 col-md-3 col-sm-12\">\n\t\t\t\t<h5 class=\"text-center py-4\">Princess-Mission<\/h5>\n\t\t\t\t<p class=\"benef-content\"><p>Sie stecken in harten Verhandlungen mit einem Filmproduzenten, der f\u00fcr einen renommierten Regisseur an einem Film mit dem Titel &#8220;The Princess Mission&#8221; arbeitet. Sie m\u00fcssen zu einer Einigung kommen, aber Sie sind definitiv nicht auf der gleichen Wellenl\u00e4nge und Ihr Ansprechpartner ist etwas nerv\u00f6s.<\/p>\n<\/p>\t\t\t\t\t\t\n\t\t\t<\/div>\n\t\t\t<div class=\"col-lg-3 col-md-3 col-sm-12\">\n\t\t\t\t<h5 class=\"text-center py-4\">Beste W\u00fcnsche<\/h5>\n\t\t\t\t<p class=\"benef-content\"><p>Sie befinden sich in Gespr\u00e4chen mit einem jungen Paar. Die Verhandlungen scheinen gut zu laufen, aber wie verhandelt man mit zwei Personen gleichzeitig? Ist das so einfach?<\/p>\n<\/p>\t\t\t\t\t\t\n\t\t\t<\/div>\n\t\t\t<div class=\"col-lg-3 col-md-3 col-sm-12\">\n\t\t\t\t<h5 class=\"text-center py-4\">Lieber Bertrand \u2026<\/h5>\n\t\t\t\t<p class=\"benef-content\"><p>Sie treffen auf Ihren alten Bekannten Bertrand, der offensichtlich versucht, Ihre pers\u00f6nliche Bekanntschaft zu nutzen, um das Beste aus den Verhandlungen herauszuholen. Wie reagieren Sie?<\/p>\n<\/p>\t\t\t\t\t\t\n\t\t\t<\/div>\n\t\t<\/div>\n\t<\/div>\n<\/section>\n\n<section class=\"white py-6\">\n\t<div class=\"container\">\n\t\t<div class=\"row\">\n\t\t\t<div class=\"col-lg-12 col-md-12 col-sm-12\">\n\t\t\t\t<h2 class=\"text-center\">\n\t\t\t\t\tWie kann ein Serious Game Ihnen helfen?\t\t\t\t\t<span class=\"h2-subtitle\"><\/span>\n\t\t\t\t\t\n\t\t\t\t\t\n\t\t\t\t<\/h2>\n\t\t\t<\/div>\n\t\t<\/div>\n\t\t<div class=\"row\">\n\t\t\t\n\t\t\t<div class=\"col-lg-12 col-md-12 col-sm-12\">\n\t\t\t\t<div class=\"accordion\" id=\"accordionExample\">\n\t\t\t\t\t<div class=\"card\">\n\t\t\t\t\t    <div class=\"card-header\" id=\"headingOne\">\n\t\t\t\t\t\n\t\t\t\t\t        <button type=\"button\" data-toggle=\"collapse\" data-target=\"#collapseOne\" aria-expanded=\"true\" aria-controls=\"collapseOne\">\n\t\t\t\t\t        \tManagement\t\t\t\t\t        \t<i data-feather=\"chevron-down\"><\/i>\n\t\t\t\t\t        <\/button>\n\t\t\t\t\t\t\t\n\t\t\t\t\t    <\/div>\n\t\t\t\t\t\n\t\t\t\t\t    <div id=\"collapseOne\" class=\"collapse show\" aria-labelledby=\"headingOne\" data-parent=\"#accordionExample\">\n\t\t\t\t\t\t    <div class=\"card-body\">\n\t\t\t\t\t\t        <ul>\n<li>Studieren Sie die Daten, um den Prozess zu verfolgen.<\/li>\n<li>Gewinnen Sie eine wirkungsvolle Ressource, um die Verk\u00e4ufe anzukurbeln.<\/li>\n<li>Verfeinern Sie schnell Ihre Reflexe bei Vertriebsverhandlungen.<\/li>\n<\/ul>\n\t\t\t\t\t\t    <\/div>\n\t\t\t\t\t    <\/div>\n\t\t\t\t\t<\/div>\n\t\t\t\t\t<div class=\"card\">\n\t\t\t\t\t    <div class=\"card-header\" id=\"headingTwo\">\n\t\t\t\t\t      \n\t\t\t\t\t        <button class=\"btn btn-link collapsed\" type=\"button\" data-toggle=\"collapse\" data-target=\"#collapseTwo\" aria-expanded=\"false\" aria-controls=\"collapseTwo\">\n\t\t\t\t\t        \tAbstimmung\t\t\t\t\t        \t<i data-feather=\"chevron-down\"><\/i>\n\t\t\t\t\t        <\/button>\n\t\t\t\t\t    <\/div>\n\t\t\t\t\t    <div id=\"collapseTwo\" class=\"collapse\" aria-labelledby=\"headingTwo\" data-parent=\"#accordionExample\">\n\t\t\t\t\t      <div class=\"card-body\">\n\t\t\t\t\t        <ul>\n<li>Schnelle Involvierung aller Arten von Mitarbeitern<\/li>\n<li>Spielerische Fokussierung auf die Verbesserung aller Aspekte von Verhandlungen mit internen und externen Kunden<\/li>\n<li>Verschiedene Lern-Szenarien<\/li>\n<li>Einbauen von Best Practices zur Vermeidung ung\u00fcnstiger Alternativen<\/li>\n<\/ul>\n\t\t\t\t\t      <\/div>\n\t\t\t\t\t    <\/div>\n\t\t\t\t\t  <\/div>\n\t\t\t\t\t\t\t\t\t\t<div class=\"card\">\n\t\t\t\t\t    <div class=\"card-header\" id=\"headingThree\">\n\t\t\t\t\t      \n\t\t\t\t\t        <button class=\"btn btn-link collapsed\" type=\"button\" data-toggle=\"collapse\" data-target=\"#collapseThree\" aria-expanded=\"false\" aria-controls=\"collapseThree\">\n\t\t\t\t\t        \tMarketing\t\t\t\t\t        \t<i data-feather=\"chevron-down\"><\/i>\n\t\t\t\t\t        <\/button>\n\t\t\t\t\t    <\/div>\n\t\t\t\t\t    <div id=\"collapseThree\" class=\"collapse\" aria-labelledby=\"headingThree\" data-parent=\"#accordionExample\">\n\t\t\t\t\t      <div class=\"card-body\">\n\t\t\t\t\t        <ul>\n<li>Spielerisch zu mehr Leistung<\/li>\n<li>Besseres Behalten von Informationen<\/li>\n<li>Simulation von Meetings mit eigenwilligen Kunden<\/li>\n<\/ul>\n\t\t\t\t\t      <\/div>\n\t\t\t\t\t    <\/div>\n\t\t\t\t\t  <\/div>\t\n\t\t\t\t\t\t\t\t\t\t\t\t\t\t\t<div class=\"card\">\n\t\t\t\t\t    <div class=\"card-header\" id=\"headingFour\">\n\t\t\t\t\t      \n\t\t\t\t\t        <button class=\"btn btn-link collapsed\" type=\"button\" data-toggle=\"collapse\" data-target=\"#collapseFour\" aria-expanded=\"false\" aria-controls=\"collapseFour\">\n\t\t\t\t\t        \tHR\t\t\t\t\t        \t<i data-feather=\"chevron-down\"><\/i>\n\t\t\t\t\t        <\/button>\n\t\t\t\t\t    <\/div>\n\t\t\t\t\t    <div id=\"collapseFour\" class=\"collapse\" aria-labelledby=\"headingFour\" data-parent=\"#accordionExample\">\n\t\t\t\t\t      <div class=\"card-body\">\n\t\t\t\t\t        <ul>\n<li>G\u00fcltig f\u00fcr alle Typen von LMS<\/li>\n<li>Sehr hohes Beteiligungslevel<\/li>\n<\/ul>\n\t\t\t\t\t      <\/div>\n\t\t\t\t\t    <\/div>\n\t\t\t\t\t  <\/div>\t\n\t\t\t\t\t\t\t\t\t\t\t\t\t\t\t\t\t\t\t\t\t\t\t\t\t\t\t\t\t<\/div>\n\t\t\t<\/div>\n\t\t\t\n\t\t<\/div>\n\t<\/div>\n<\/section>","protected":false},"excerpt":{"rendered":"<p>Enhancing learning and skills development through gamification<\/p>\n","protected":false},"author":3,"featured_media":1462,"parent":549,"menu_order":10,"comment_status":"closed","ping_status":"closed","template":"page-generique-simple.php","meta":[],"categories":[],"acf":[],"yoast_head":"<!-- This site is optimized with the Yoast SEO plugin v19.9 - https:\/\/yoast.com\/wordpress\/plugins\/seo\/ -->\n<title>Serious Game<\/title>\n<meta name=\"description\" content=\"Serious Game\" \/>\n<link rel=\"canonical\" href=\"https:\/\/www.halifax-consulting.com\/de\/digital-learning\/serious-game\/\" \/>\n<meta property=\"og:locale\" content=\"de_DE\" \/>\n<meta property=\"og:type\" content=\"article\" \/>\n<meta property=\"og:title\" content=\"Serious Game\" \/>\n<meta property=\"og:description\" content=\"Serious Game\" \/>\n<meta property=\"og:url\" content=\"https:\/\/www.halifax-consulting.com\/de\/digital-learning\/serious-game\/\" \/>\n<meta property=\"og:site_name\" content=\"Halifax Consulting \u2013 DE\" \/>\n<meta property=\"article:modified_time\" content=\"2025-06-24T08:41:01+00:00\" \/>\n<meta property=\"og:image\" content=\"https:\/\/www.halifax-consulting.com\/de\/wp-content\/uploads\/sites\/8\/2020\/03\/halifax-consulting-digital-learning-serious-game.jpg\" \/>\n\t<meta property=\"og:image:width\" content=\"1000\" \/>\n\t<meta property=\"og:image:height\" content=\"360\" \/>\n\t<meta property=\"og:image:type\" content=\"image\/jpeg\" \/>\n<meta name=\"twitter:card\" content=\"summary_large_image\" \/>\n<script type=\"application\/ld+json\" class=\"yoast-schema-graph\">{\"@context\":\"https:\/\/schema.org\",\"@graph\":[{\"@type\":\"WebPage\",\"@id\":\"https:\/\/www.halifax-consulting.com\/de\/digital-learning\/serious-game\/\",\"url\":\"https:\/\/www.halifax-consulting.com\/de\/digital-learning\/serious-game\/\",\"name\":\"Serious Game\",\"isPartOf\":{\"@id\":\"https:\/\/www.halifax-consulting.com\/de\/#website\"},\"datePublished\":\"2019-12-30T19:30:50+00:00\",\"dateModified\":\"2025-06-24T08:41:01+00:00\",\"description\":\"Serious Game\",\"breadcrumb\":{\"@id\":\"https:\/\/www.halifax-consulting.com\/de\/digital-learning\/serious-game\/#breadcrumb\"},\"inLanguage\":\"de-DE\",\"potentialAction\":[{\"@type\":\"ReadAction\",\"target\":[\"https:\/\/www.halifax-consulting.com\/de\/digital-learning\/serious-game\/\"]}]},{\"@type\":\"BreadcrumbList\",\"@id\":\"https:\/\/www.halifax-consulting.com\/de\/digital-learning\/serious-game\/#breadcrumb\",\"itemListElement\":[{\"@type\":\"ListItem\",\"position\":1,\"name\":\"Accueil\",\"item\":\"https:\/\/www.halifax-consulting.com\/de\/\"},{\"@type\":\"ListItem\",\"position\":2,\"name\":\"Digital &amp; KI\",\"item\":\"https:\/\/www.halifax-consulting.com\/de\/digital-learning\/\"},{\"@type\":\"ListItem\",\"position\":3,\"name\":\"Serious Game\"}]},{\"@type\":\"WebSite\",\"@id\":\"https:\/\/www.halifax-consulting.com\/de\/#website\",\"url\":\"https:\/\/www.halifax-consulting.com\/de\/\",\"name\":\"Halifax Consulting \u2013 DE\",\"description\":\"Halifax Consulting\",\"publisher\":{\"@id\":\"https:\/\/www.halifax-consulting.com\/de\/#organization\"},\"potentialAction\":[{\"@type\":\"SearchAction\",\"target\":{\"@type\":\"EntryPoint\",\"urlTemplate\":\"https:\/\/www.halifax-consulting.com\/de\/?s={search_term_string}\"},\"query-input\":\"required name=search_term_string\"}],\"inLanguage\":\"de-DE\"},{\"@type\":\"Organization\",\"@id\":\"https:\/\/www.halifax-consulting.com\/de\/#organization\",\"name\":\"Halifax Consulting\",\"url\":\"https:\/\/www.halifax-consulting.com\/de\/\",\"logo\":{\"@type\":\"ImageObject\",\"inLanguage\":\"de-DE\",\"@id\":\"https:\/\/www.halifax-consulting.com\/de\/#\/schema\/logo\/image\/\",\"url\":\"\",\"contentUrl\":\"\",\"caption\":\"Halifax Consulting\"},\"image\":{\"@id\":\"https:\/\/www.halifax-consulting.com\/de\/#\/schema\/logo\/image\/\"}}]}<\/script>\n<!-- \/ Yoast SEO plugin. -->","yoast_head_json":{"title":"Serious Game","description":"Serious Game","canonical":"https:\/\/www.halifax-consulting.com\/de\/digital-learning\/serious-game\/","og_locale":"de_DE","og_type":"article","og_title":"Serious Game","og_description":"Serious Game","og_url":"https:\/\/www.halifax-consulting.com\/de\/digital-learning\/serious-game\/","og_site_name":"Halifax Consulting \u2013 DE","article_modified_time":"2025-06-24T08:41:01+00:00","og_image":[{"width":1000,"height":360,"url":"https:\/\/www.halifax-consulting.com\/de\/wp-content\/uploads\/sites\/8\/2020\/03\/halifax-consulting-digital-learning-serious-game.jpg","type":"image\/jpeg"}],"twitter_card":"summary_large_image","schema":{"@context":"https:\/\/schema.org","@graph":[{"@type":"WebPage","@id":"https:\/\/www.halifax-consulting.com\/de\/digital-learning\/serious-game\/","url":"https:\/\/www.halifax-consulting.com\/de\/digital-learning\/serious-game\/","name":"Serious Game","isPartOf":{"@id":"https:\/\/www.halifax-consulting.com\/de\/#website"},"datePublished":"2019-12-30T19:30:50+00:00","dateModified":"2025-06-24T08:41:01+00:00","description":"Serious Game","breadcrumb":{"@id":"https:\/\/www.halifax-consulting.com\/de\/digital-learning\/serious-game\/#breadcrumb"},"inLanguage":"de-DE","potentialAction":[{"@type":"ReadAction","target":["https:\/\/www.halifax-consulting.com\/de\/digital-learning\/serious-game\/"]}]},{"@type":"BreadcrumbList","@id":"https:\/\/www.halifax-consulting.com\/de\/digital-learning\/serious-game\/#breadcrumb","itemListElement":[{"@type":"ListItem","position":1,"name":"Accueil","item":"https:\/\/www.halifax-consulting.com\/de\/"},{"@type":"ListItem","position":2,"name":"Digital &amp; KI","item":"https:\/\/www.halifax-consulting.com\/de\/digital-learning\/"},{"@type":"ListItem","position":3,"name":"Serious Game"}]},{"@type":"WebSite","@id":"https:\/\/www.halifax-consulting.com\/de\/#website","url":"https:\/\/www.halifax-consulting.com\/de\/","name":"Halifax Consulting \u2013 DE","description":"Halifax Consulting","publisher":{"@id":"https:\/\/www.halifax-consulting.com\/de\/#organization"},"potentialAction":[{"@type":"SearchAction","target":{"@type":"EntryPoint","urlTemplate":"https:\/\/www.halifax-consulting.com\/de\/?s={search_term_string}"},"query-input":"required name=search_term_string"}],"inLanguage":"de-DE"},{"@type":"Organization","@id":"https:\/\/www.halifax-consulting.com\/de\/#organization","name":"Halifax Consulting","url":"https:\/\/www.halifax-consulting.com\/de\/","logo":{"@type":"ImageObject","inLanguage":"de-DE","@id":"https:\/\/www.halifax-consulting.com\/de\/#\/schema\/logo\/image\/","url":"","contentUrl":"","caption":"Halifax Consulting"},"image":{"@id":"https:\/\/www.halifax-consulting.com\/de\/#\/schema\/logo\/image\/"}}]}},"_links":{"self":[{"href":"https:\/\/www.halifax-consulting.com\/de\/wp-json\/wp\/v2\/pages\/206"}],"collection":[{"href":"https:\/\/www.halifax-consulting.com\/de\/wp-json\/wp\/v2\/pages"}],"about":[{"href":"https:\/\/www.halifax-consulting.com\/de\/wp-json\/wp\/v2\/types\/page"}],"author":[{"embeddable":true,"href":"https:\/\/www.halifax-consulting.com\/de\/wp-json\/wp\/v2\/users\/3"}],"replies":[{"embeddable":true,"href":"https:\/\/www.halifax-consulting.com\/de\/wp-json\/wp\/v2\/comments?post=206"}],"version-history":[{"count":5,"href":"https:\/\/www.halifax-consulting.com\/de\/wp-json\/wp\/v2\/pages\/206\/revisions"}],"predecessor-version":[{"id":3505,"href":"https:\/\/www.halifax-consulting.com\/de\/wp-json\/wp\/v2\/pages\/206\/revisions\/3505"}],"up":[{"embeddable":true,"href":"https:\/\/www.halifax-consulting.com\/de\/wp-json\/wp\/v2\/pages\/549"}],"wp:featuredmedia":[{"embeddable":true,"href":"https:\/\/www.halifax-consulting.com\/de\/wp-json\/wp\/v2\/media\/1462"}],"wp:attachment":[{"href":"https:\/\/www.halifax-consulting.com\/de\/wp-json\/wp\/v2\/media?parent=206"}],"wp:term":[{"taxonomy":"category","embeddable":true,"href":"https:\/\/www.halifax-consulting.com\/de\/wp-json\/wp\/v2\/categories?post=206"}],"curies":[{"name":"wp","href":"https:\/\/api.w.org\/{rel}","templated":true}]}}