{"id":271,"date":"2020-01-02T14:43:01","date_gmt":"2020-01-02T14:43:01","guid":{"rendered":"https:\/\/www.halifax-consulting.com\/?page_id=271"},"modified":"2021-09-29T15:03:00","modified_gmt":"2021-09-29T14:03:00","slug":"globales-tech-unternehmen","status":"publish","type":"page","link":"https:\/\/www.halifax-consulting.com\/de\/erfolgsgeschichten\/globales-tech-unternehmen\/","title":{"rendered":"Globales Tech-Unternehmen"},"content":{"rendered":"<div class=\"container\">\n\t<div class=\"row\">\n\t\t<div class=\"col-lg-12 col-md-12 col-sm-12\">\n\t\t\t<h2 class=\"intro\">\n\t\t\t\t<strong class=\"intro-h2 d-block\">Herausforderungen<\/strong>\n\t\t\t\tEin wachsendes globales Unternehmen, das hochmoderne technische L\u00f6sungen entwickelt und herstellt, war finanziell gesund und verf\u00fcgte \u00fcber ein solides Team von Spezialisten. Als Teil eines Transformationsprogramms f\u00fcr den Vertrieb zur Beschleunigung des Wachstums beschloss das Unternehmen die Einf\u00fchrung eines Schulungskurses f\u00fcr neue Verk\u00e4ufer, darunter Hochschulabsolventen, Neueinstellungen und Quereinsteiger. Der Kurs war so konzipiert, dass er den Teilnehmern helfen sollte, wichtige komplexe Verkaufstechniken und eine Auswahl kritischer Gesch\u00e4ftsprozesse des Unternehmens zu beherrschen. Das Programm wurde international eingef\u00fchrt. Die Schulung fand f\u00fcr franz\u00f6sische, deutsche, spanische, niederl\u00e4ndische und russische Vertriebsmitarbeiter in Frankreich statt; ihre chinesischen, koreanischen, japanischen, taiwanesischen und vietnamesischen Kollegen wurden in verschiedenen asiatischen L\u00e4ndern geschult.\t\t\t<\/h2>\n\t\t<\/div>\n\t<\/div>\n<\/div>\n\n\n<div class=\"container pb-6\">\n\t<div class=\"row\">\n\t\t<div class=\"col-lg-4 col-md-4 col-sm-12\">\n\t\t\t<h4 class=\"key\">3<\/h4>\n\t\t\t<p class=\"key-description\">Monate Schulung<\/p>\t\t\t\t\t\t\t\n\t\t<\/div>\n\t\t<div class=\"col-lg-4 col-md-4 col-sm-12\">\n\t\t\t<h4 class=\"key\">15<\/h4>\n\t\t\t<p class=\"key-description\">Nationalit\u00e4ten<\/p>\t\t\t\t\t\t\n\t\t<\/div>\n\t\t<div class=\"col-lg-4 col-md-4 col-sm-12\">\n\t\t\t<h4 class=\"key\">100<\/h4>\t\n\t\t\t<p class=\"key-description\">geschulte Personen im Jahr<\/p>\t\t\t\t\t\n\t\t<\/div>\n\t<\/div>\n<\/div>\n\n<section class=\"grey bloc-solution p-0\">\t\n\t<div class=\"container-fluid\">\n\t\t<div class=\"row\">\n\t\t\t<div class=\"col-lg-6 col-md-6 col-md-12 p-6\">\n\t\t\t\t<h3 class=\"success-single-titre\">Die L\u00f6sung von Halifax Consulting<\/h3>\n\t\t\t\t<p>Die Schulung bot einen innovativen Ansatz, der den unterschiedlichen Lernbed\u00fcrfnissen der Teilnehmer aus verschiedenen Herkunftsl\u00e4ndern Rechnung trug. Das Feedback war hervorragend. Die Schulung wurde in gro\u00dfem Umfang durchgef\u00fchrt und hat dazu beigetragen, ein besseres Bewusstsein f\u00fcr den Vertrieb zu f\u00f6rdern und sein Ansehen im Unternehmen zu verbessern.<\/p>\n\t\t\t<\/div>\n\t\t\t<div class=\"col-lg-6 col-md-6 col-md-12 p-0\">\n\t\t\t\t<figure>\n\t\t\t\t\t<!--<img decoding=\"async\" src=\"https:\/\/www.halifax-consulting.com\/de\/wp-content\/uploads\/sites\/8\/2020\/01\/halifax-consulting-success-story-an.jpg\" alt=\"photo success story Globales Tech-Unternehmen\" width=\"100%\" \/>-->\n\t\t\t\t\t<img decoding=\"async\" loading=\"lazy\" src=\"https:\/\/www.halifax-consulting.com\/de\/wp-content\/uploads\/sites\/8\/2020\/01\/halifax-consulting-success-story-an.jpg\" alt=\"\" width=\"100%\" height=\"\" >\t\t\t\t<\/figure>\n\t\t\t<\/div>\n\t\t<\/div>\n\t<\/div>\n<\/section>\n\n<section class=\"light py-6\">\n\t<div class=\"container\">\n\t\t<div class=\"row\">\n\t\t\t<div class=\"col-lg-12 col-md-12 col-sm-12\">\n\t\t\t\t<h2 class=\"text-center\">\n\t\t\t\t\tSchl\u00fcssel zum Erfolg\t\t\t\n\t\t\t\t<\/h2>\n\t\t\t<\/div>\n\t\t<\/div>\n\t\t<div class=\"row\">\n\t\t\t<div class=\"col-lg-12 col-md-12 col-sm-12 bloc-cles-success\">\n\t\t\t\t<ul>\n<li>Sehr gute Anpassbarkeit<\/li>\n<li>Extreme Interaktivit\u00e4t mit langfristigen Perspektiven<\/li>\n<li>Unternehmensf\u00fchrung aktiv an allen Kursen beteiligt<\/li>\n<li>Berater mit erheblicher internationaler Vertriebserfahrung f\u00fcr technische L\u00f6sungen<\/li>\n<\/ul>\n\t\t\t<\/div>\n\t\t<\/div>\n\t<\/div>\n<\/section>\n\n<section class=\"navy temoignage py-6\">\n\t<div class=\"container\">\n\t\t<div class=\"row\">\n\t\t\t<div class=\"col-lg-12 col-md-12 col-sm-12 bloc-cles-success\">\n\t\t\t\t<blockquote>\n\t\t\t\t\t<p>Die Einf\u00fchrung in die Grunds\u00e4tze durch den ersten E-Learning-Kurs sowie das t\u00e4gliche Quiz im Anschluss an die Schulung haben mir geholfen, Verkaufsmethoden zu lernen und in die Praxis umzusetzen.<\/p>\n\t\t\t\t\t\n\t\t\t\t\t\t\t\t\t\t\n\t\t\t\t<\/blockquote>\n\t\t\t<\/div>\n\t\t<\/div>\n\t<\/div>\n<\/section>","protected":false},"excerpt":{"rendered":"<p>Als Teil eines Transformationsprogramms f\u00fcr den Vertrieb zur Beschleunigung des Wachstums beschloss das Unternehmen die Einf\u00fchrung eines Schulungskurses f\u00fcr neue Verk\u00e4ufer, darunter Hochschulabsolventen und Neueinstellungen.<\/p>\n","protected":false},"author":3,"featured_media":111,"parent":547,"menu_order":0,"comment_status":"closed","ping_status":"closed","template":"page-success-single.php","meta":[],"categories":[2,6],"acf":[],"yoast_head":"<!-- This site is optimized with the Yoast SEO plugin v19.9 - https:\/\/yoast.com\/wordpress\/plugins\/seo\/ -->\n<title>Globales Tech-Unternehmen<\/title>\n<meta name=\"description\" content=\"Globales Tech-Unternehmen\" \/>\n<link rel=\"canonical\" href=\"https:\/\/www.halifax-consulting.com\/de\/erfolgsgeschichten\/globales-tech-unternehmen\/\" \/>\n<meta property=\"og:locale\" content=\"de_DE\" \/>\n<meta property=\"og:type\" content=\"article\" \/>\n<meta property=\"og:title\" content=\"Globales Tech-Unternehmen\" \/>\n<meta property=\"og:description\" content=\"Globales Tech-Unternehmen\" \/>\n<meta property=\"og:url\" content=\"https:\/\/www.halifax-consulting.com\/de\/erfolgsgeschichten\/globales-tech-unternehmen\/\" \/>\n<meta property=\"og:site_name\" content=\"Halifax Consulting \u2013 DE\" \/>\n<meta property=\"article:modified_time\" content=\"2021-09-29T14:03:00+00:00\" \/>\n<meta property=\"og:image\" content=\"https:\/\/www.halifax-consulting.com\/de\/wp-content\/uploads\/sites\/8\/2019\/12\/halifax-consulting-success-story-thales.jpg\" \/>\n\t<meta property=\"og:image:width\" content=\"1200\" \/>\n\t<meta property=\"og:image:height\" content=\"800\" \/>\n\t<meta property=\"og:image:type\" content=\"image\/jpeg\" \/>\n<meta name=\"twitter:card\" content=\"summary_large_image\" \/>\n<script type=\"application\/ld+json\" class=\"yoast-schema-graph\">{\"@context\":\"https:\/\/schema.org\",\"@graph\":[{\"@type\":\"WebPage\",\"@id\":\"https:\/\/www.halifax-consulting.com\/de\/erfolgsgeschichten\/globales-tech-unternehmen\/\",\"url\":\"https:\/\/www.halifax-consulting.com\/de\/erfolgsgeschichten\/globales-tech-unternehmen\/\",\"name\":\"Globales Tech-Unternehmen\",\"isPartOf\":{\"@id\":\"https:\/\/www.halifax-consulting.com\/de\/#website\"},\"datePublished\":\"2020-01-02T14:43:01+00:00\",\"dateModified\":\"2021-09-29T14:03:00+00:00\",\"description\":\"Globales Tech-Unternehmen\",\"breadcrumb\":{\"@id\":\"https:\/\/www.halifax-consulting.com\/de\/erfolgsgeschichten\/globales-tech-unternehmen\/#breadcrumb\"},\"inLanguage\":\"de-DE\",\"potentialAction\":[{\"@type\":\"ReadAction\",\"target\":[\"https:\/\/www.halifax-consulting.com\/de\/erfolgsgeschichten\/globales-tech-unternehmen\/\"]}]},{\"@type\":\"BreadcrumbList\",\"@id\":\"https:\/\/www.halifax-consulting.com\/de\/erfolgsgeschichten\/globales-tech-unternehmen\/#breadcrumb\",\"itemListElement\":[{\"@type\":\"ListItem\",\"position\":1,\"name\":\"Accueil\",\"item\":\"https:\/\/www.halifax-consulting.com\/de\/\"},{\"@type\":\"ListItem\",\"position\":2,\"name\":\"Erfolgsgeschichten\",\"item\":\"https:\/\/www.halifax-consulting.com\/de\/erfolgsgeschichten\/\"},{\"@type\":\"ListItem\",\"position\":3,\"name\":\"Globales Tech-Unternehmen\"}]},{\"@type\":\"WebSite\",\"@id\":\"https:\/\/www.halifax-consulting.com\/de\/#website\",\"url\":\"https:\/\/www.halifax-consulting.com\/de\/\",\"name\":\"Halifax Consulting \u2013 DE\",\"description\":\"Halifax Consulting\",\"publisher\":{\"@id\":\"https:\/\/www.halifax-consulting.com\/de\/#organization\"},\"potentialAction\":[{\"@type\":\"SearchAction\",\"target\":{\"@type\":\"EntryPoint\",\"urlTemplate\":\"https:\/\/www.halifax-consulting.com\/de\/?s={search_term_string}\"},\"query-input\":\"required name=search_term_string\"}],\"inLanguage\":\"de-DE\"},{\"@type\":\"Organization\",\"@id\":\"https:\/\/www.halifax-consulting.com\/de\/#organization\",\"name\":\"Halifax Consulting\",\"url\":\"https:\/\/www.halifax-consulting.com\/de\/\",\"logo\":{\"@type\":\"ImageObject\",\"inLanguage\":\"de-DE\",\"@id\":\"https:\/\/www.halifax-consulting.com\/de\/#\/schema\/logo\/image\/\",\"url\":\"\",\"contentUrl\":\"\",\"caption\":\"Halifax Consulting\"},\"image\":{\"@id\":\"https:\/\/www.halifax-consulting.com\/de\/#\/schema\/logo\/image\/\"}}]}<\/script>\n<!-- \/ Yoast SEO plugin. -->","yoast_head_json":{"title":"Globales Tech-Unternehmen","description":"Globales Tech-Unternehmen","canonical":"https:\/\/www.halifax-consulting.com\/de\/erfolgsgeschichten\/globales-tech-unternehmen\/","og_locale":"de_DE","og_type":"article","og_title":"Globales Tech-Unternehmen","og_description":"Globales Tech-Unternehmen","og_url":"https:\/\/www.halifax-consulting.com\/de\/erfolgsgeschichten\/globales-tech-unternehmen\/","og_site_name":"Halifax Consulting \u2013 DE","article_modified_time":"2021-09-29T14:03:00+00:00","og_image":[{"width":1200,"height":800,"url":"https:\/\/www.halifax-consulting.com\/de\/wp-content\/uploads\/sites\/8\/2019\/12\/halifax-consulting-success-story-thales.jpg","type":"image\/jpeg"}],"twitter_card":"summary_large_image","schema":{"@context":"https:\/\/schema.org","@graph":[{"@type":"WebPage","@id":"https:\/\/www.halifax-consulting.com\/de\/erfolgsgeschichten\/globales-tech-unternehmen\/","url":"https:\/\/www.halifax-consulting.com\/de\/erfolgsgeschichten\/globales-tech-unternehmen\/","name":"Globales Tech-Unternehmen","isPartOf":{"@id":"https:\/\/www.halifax-consulting.com\/de\/#website"},"datePublished":"2020-01-02T14:43:01+00:00","dateModified":"2021-09-29T14:03:00+00:00","description":"Globales Tech-Unternehmen","breadcrumb":{"@id":"https:\/\/www.halifax-consulting.com\/de\/erfolgsgeschichten\/globales-tech-unternehmen\/#breadcrumb"},"inLanguage":"de-DE","potentialAction":[{"@type":"ReadAction","target":["https:\/\/www.halifax-consulting.com\/de\/erfolgsgeschichten\/globales-tech-unternehmen\/"]}]},{"@type":"BreadcrumbList","@id":"https:\/\/www.halifax-consulting.com\/de\/erfolgsgeschichten\/globales-tech-unternehmen\/#breadcrumb","itemListElement":[{"@type":"ListItem","position":1,"name":"Accueil","item":"https:\/\/www.halifax-consulting.com\/de\/"},{"@type":"ListItem","position":2,"name":"Erfolgsgeschichten","item":"https:\/\/www.halifax-consulting.com\/de\/erfolgsgeschichten\/"},{"@type":"ListItem","position":3,"name":"Globales Tech-Unternehmen"}]},{"@type":"WebSite","@id":"https:\/\/www.halifax-consulting.com\/de\/#website","url":"https:\/\/www.halifax-consulting.com\/de\/","name":"Halifax Consulting \u2013 DE","description":"Halifax Consulting","publisher":{"@id":"https:\/\/www.halifax-consulting.com\/de\/#organization"},"potentialAction":[{"@type":"SearchAction","target":{"@type":"EntryPoint","urlTemplate":"https:\/\/www.halifax-consulting.com\/de\/?s={search_term_string}"},"query-input":"required name=search_term_string"}],"inLanguage":"de-DE"},{"@type":"Organization","@id":"https:\/\/www.halifax-consulting.com\/de\/#organization","name":"Halifax Consulting","url":"https:\/\/www.halifax-consulting.com\/de\/","logo":{"@type":"ImageObject","inLanguage":"de-DE","@id":"https:\/\/www.halifax-consulting.com\/de\/#\/schema\/logo\/image\/","url":"","contentUrl":"","caption":"Halifax Consulting"},"image":{"@id":"https:\/\/www.halifax-consulting.com\/de\/#\/schema\/logo\/image\/"}}]}},"_links":{"self":[{"href":"https:\/\/www.halifax-consulting.com\/de\/wp-json\/wp\/v2\/pages\/271"}],"collection":[{"href":"https:\/\/www.halifax-consulting.com\/de\/wp-json\/wp\/v2\/pages"}],"about":[{"href":"https:\/\/www.halifax-consulting.com\/de\/wp-json\/wp\/v2\/types\/page"}],"author":[{"embeddable":true,"href":"https:\/\/www.halifax-consulting.com\/de\/wp-json\/wp\/v2\/users\/3"}],"replies":[{"embeddable":true,"href":"https:\/\/www.halifax-consulting.com\/de\/wp-json\/wp\/v2\/comments?post=271"}],"version-history":[{"count":4,"href":"https:\/\/www.halifax-consulting.com\/de\/wp-json\/wp\/v2\/pages\/271\/revisions"}],"predecessor-version":[{"id":2531,"href":"https:\/\/www.halifax-consulting.com\/de\/wp-json\/wp\/v2\/pages\/271\/revisions\/2531"}],"up":[{"embeddable":true,"href":"https:\/\/www.halifax-consulting.com\/de\/wp-json\/wp\/v2\/pages\/547"}],"wp:featuredmedia":[{"embeddable":true,"href":"https:\/\/www.halifax-consulting.com\/de\/wp-json\/wp\/v2\/media\/111"}],"wp:attachment":[{"href":"https:\/\/www.halifax-consulting.com\/de\/wp-json\/wp\/v2\/media?parent=271"}],"wp:term":[{"taxonomy":"category","embeddable":true,"href":"https:\/\/www.halifax-consulting.com\/de\/wp-json\/wp\/v2\/categories?post=271"}],"curies":[{"name":"wp","href":"https:\/\/api.w.org\/{rel}","templated":true}]}}