{"id":2824,"date":"2023-04-12T11:12:24","date_gmt":"2023-04-12T10:12:24","guid":{"rendered":"https:\/\/www.halifax-consulting.com\/de\/?page_id=2824"},"modified":"2025-06-24T09:22:32","modified_gmt":"2025-06-24T08:22:32","slug":"diagnose-ihrer-vertreibsorganisation-segmentierung-kundenportfolios","status":"publish","type":"page","link":"https:\/\/www.halifax-consulting.com\/de\/beratung\/diagnose-ihrer-vertreibsorganisation-segmentierung-kundenportfolios\/","title":{"rendered":"Diagnose Ihrer Vertreibsorganisation und Segmentierung des Kundenportfolios"},"content":{"rendered":"<div class=\"container\">\n\t<div class=\"row\">\n\t\t<div class=\"col-lg-12 col-md-12 col-sm-12\">\n\t\t\t<h2 class=\"intro\">\n\t\t\t\t<strong class=\"intro-h2 d-block\">Eine umfassende Plattform, die die Dynamik Ihres Vertriebsteams durch ein optimales und strukturiertes strategisches Kundenmanagement lenkt.<\/strong>\n\t\t\t\t<p>Richten Sie die Bem&uuml;hungen Ihrer Verkaufsteams darauf aus, Ihre besten Kunden zu binden, den Wert von Kunden mit hohem Potenzial zu maximieren und potenzielle Kunden zu qualifizieren, indem Sie einen individuellen Plan zur Steigerung des Umsatzes erstellen.<\/p>\n<p>Venturi ist <strong>eine L&ouml;sung f&uuml;r das strategische Management Ihrer Kunden. <\/strong>Ein strukturierter Verkaufsplan, der sich auf die Kunden mit dem gr&ouml;&szlig;ten Potenzial konzentriert, ist der Schl&uuml;ssel zum Wachstum Ihres Unternehmens.<\/p>\n<p>Mit Venturi k&ouml;nnen Sie genau das tun. Dieses einfache Werkzeug <strong>verbindet sich direkt mit Ihrer CRM-Plattform <\/strong>(Customer Relationship Management) und hilft Ihnen beim Aufbau eines strukturierten Salesplans, den Ihr Team mithilfe von drei einfachen Schritten leicht nachverfolgen und umsetzen kann:<\/p>\n<ol>\n<li><strong>Analyse Ihrer Ums&auml;tze<\/strong><\/li>\n<li><strong>Automatisierte Kategorisierung Ihrer Kunden<\/strong><\/li>\n<li><strong>Planung von Verkaufsaktivit&auml;ten in den Terminkalendern Ihrer Vertriebsmannschaft.<\/strong><\/li>\n<\/ol>\n<p>Venturi bietet Ihnen auch <strong>eine Blitzdiagnose Ihrer Vertriebsorganisation anhand einer Studie mit 180 Kriterien an, <\/strong>die alle Ihre Vertriebsprozesse und Ihre &#8220;Sales Efficiency&#8221; oder Vertriebseffizienz analysiert.<\/p>\n<p>Diese Diagnose wird online im gemeinschaftlichen Format mit Ihren Managementteams durchgef&uuml;hrt und erm&ouml;glicht ein Benchmarking Ihrer Verkaufsorganisation.<\/p>\t\t\t<\/h2>\n\t\t<\/div>\n\t<\/div>\n<\/div>\n\n\n<section class=\"navy block-benefits-4 py-6\">\n\t<div class=\"container\">\n\t\t<div class=\"row\">\n\t\t\t<div class=\"col-lg-12 col-md-12 col-sm-12\">\n\t\t\t\t<h2 class=\"text-center\">\n\t\t\t\t\tVENTURI UMFASST MEHRERE ANWENDUNGEN ZUM:\t\t\t\t\t<span class=\"h2-subtitle\"><\/span>\n\t\t\t\t\t\n\t\t\t\t\t\n\t\t\t\t<\/h2>\n\t\t\t<\/div>\n\t\t<\/div>\n\t\t<div class=\"row\">\n\t\t\t\t\n\t\t\t\t\t\n\t\t\t\t\t<div class=\"col-lg-6 col-md-6 col-sm-12 mb-4\">\n\t\t\t\t\t\t<div class=\"row\">\n\t\t\t\t\t\t\t<div class=\"col-lg-2 col-sm-3 col-sm-12\">\n\t\t\t\t\t\t\t\t<img decoding=\"async\" class=\"fadeIn\" src=\"https:\/\/www.halifax-consulting.com\/de\/wp-content\/themes\/halifax\/library\/img\/halifax-consulting-benefits-icon.svg\" alt=\"icone benefices\" width=\"100%\" \/>\n\t\t\t\t\t\t\t<\/div>\n\t\t\t\t\t\t\t<div class=\"col-lg-10 col-sm-9 col-sm-12 fadeIn\">\n\t\t\t\t\t\t\t\t<h3 class=\"benef-title\">Analysieren<\/h3>\n\t\t\t\t\t\t\t\t<p class=\"benef-content\">Ihr Kundenportfolio gr\u00fcndlich analysieren<br>\n\t\t\t\t\t\t\t\t\t\t\t\t\t\t\t\t\t<\/p>\n\t\t\t\t\t\t\t<\/div>\n\t\t\t\t\t\t<\/div>\n\t\t\t\t\t<\/div>\n\t\t\t\t\t\n\t\t\t\t\t\t\n\t\t\t\t\t\n\t\t\t\t\t<div class=\"col-lg-6 col-md-6 col-sm-12 mb-4\">\n\t\t\t\t\t\t<div class=\"row\">\n\t\t\t\t\t\t\t<div class=\"col-lg-2 col-sm-3 col-sm-12\">\n\t\t\t\t\t\t\t\t<img decoding=\"async\" class=\"fadeIn\" src=\"https:\/\/www.halifax-consulting.com\/de\/wp-content\/themes\/halifax\/library\/img\/halifax-consulting-benefits-icon.svg\" alt=\"icone benefices\" width=\"100%\" \/>\n\t\t\t\t\t\t\t<\/div>\n\t\t\t\t\t\t\t<div class=\"col-lg-10 col-sm-9 col-sm-12 fadeIn\">\n\t\t\t\t\t\t\t\t<h3 class=\"benef-title\">Segmentieren<\/h3>\n\t\t\t\t\t\t\t\t<p class=\"benef-content\">Segmentieren Sie Ihre Kunden nach ihrem Potenzial<br>\n\t\t\t\t\t\t\t\t\t\t\t\t\t\t\t\t\t<\/p>\n\t\t\t\t\t\t\t<\/div>\n\t\t\t\t\t\t<\/div>\n\t\t\t\t\t<\/div>\n\t\t\t\t\t\n\t\t\t\t\t\t\n\t\t\t\t\t\n\t\t\t\t\t<div class=\"col-lg-6 col-md-6 col-sm-12 mb-4\">\n\t\t\t\t\t\t<div class=\"row\">\n\t\t\t\t\t\t\t<div class=\"col-lg-2 col-sm-3 col-sm-12\">\n\t\t\t\t\t\t\t\t<img decoding=\"async\" class=\"fadeIn\" src=\"https:\/\/www.halifax-consulting.com\/de\/wp-content\/themes\/halifax\/library\/img\/halifax-consulting-benefits-icon.svg\" alt=\"icone benefices\" width=\"100%\" \/>\n\t\t\t\t\t\t\t<\/div>\n\t\t\t\t\t\t\t<div class=\"col-lg-10 col-sm-9 col-sm-12 fadeIn\">\n\t\t\t\t\t\t\t\t<h3 class=\"benef-title\">Identifizieren<\/h3>\n\t\t\t\t\t\t\t\t<p class=\"benef-content\">Ermitteln Sie, welche Aktivit\u00e4ten und wie oft diese f\u00fcr Ihre Vertriebsmitarbeiter notwendig sind<br>\n\t\t\t\t\t\t\t\t\t\t\t\t\t\t\t\t\t<\/p>\n\t\t\t\t\t\t\t<\/div>\n\t\t\t\t\t\t<\/div>\n\t\t\t\t\t<\/div>\n\t\t\t\t\t\n\t\t\t\t\t\t\n\t\t\t\t\t\n\t\t\t\t\t<div class=\"col-lg-6 col-md-6 col-sm-12 mb-4\">\n\t\t\t\t\t\t<div class=\"row\">\n\t\t\t\t\t\t\t<div class=\"col-lg-2 col-sm-3 col-sm-12\">\n\t\t\t\t\t\t\t\t<img decoding=\"async\" class=\"fadeIn\" src=\"https:\/\/www.halifax-consulting.com\/de\/wp-content\/themes\/halifax\/library\/img\/halifax-consulting-benefits-icon.svg\" alt=\"icone benefices\" width=\"100%\" \/>\n\t\t\t\t\t\t\t<\/div>\n\t\t\t\t\t\t\t<div class=\"col-lg-10 col-sm-9 col-sm-12 fadeIn\">\n\t\t\t\t\t\t\t\t<h3 class=\"benef-title\">Priorit\u00e4ten setzen<\/h3>\n\t\t\t\t\t\t\t\t<p class=\"benef-content\">Priorisieren Sie die Vertriebsaktivit\u00e4ten im Terminkalender Ihres Teams<br>\n\t\t\t\t\t\t\t\t\t\t\t\t\t\t\t\t\t<\/p>\n\t\t\t\t\t\t\t<\/div>\n\t\t\t\t\t\t<\/div>\n\t\t\t\t\t<\/div>\n\t\t\t\t\t\n\t\t\t\t\t\t\t\t\n\t\t<\/div>\n\t<\/div>\n<\/section>\n\n<section class=\"light bloc-texte-image p-0\">\t\n\t<div class=\"container-fluid\">\n\t\t<div class=\"row\">\n\t\t\t\t\t\t<div class=\"col-lg-4 col-md-6 col-md-12 p-0\">\n\t\t\t\t<figure>\n<!-- \t\t\t\t\t<img decoding=\"async\" src=\"https:\/\/www.halifax-consulting.com\/de\/wp-content\/uploads\/sites\/8\/2020\/03\/halifax-consulting-formation-televente.jpg\" alt=\"photo\" width=\"100%\" \/> -->\n\t\t\t\t\t<img decoding=\"async\" loading=\"lazy\" src=\"https:\/\/www.halifax-consulting.com\/de\/wp-content\/uploads\/sites\/8\/2020\/03\/halifax-consulting-formation-televente.jpg\" alt=\"\" width=\"100%\" height=\"\" >\t\t\t\t<\/figure>\n\t\t\t<\/div>\n\t\t\t\t\t\t\n\t\t\t<div class=\"col-lg-8 col-md-6 col-md-12 p-6 bloc-texte-image--content\">\n\t\t\t\t<h4>IM VORFELD DER STRATEGISCHEN BETREUUNG IHRES KUNDENPORTFOLIOS BIETET VENTURI AUCH EINE DIAGNOSE IHRER VERTRIEBSORGANISATION AN<\/h4>\n\t\t\t\t<p>Ist Ihre Verkaufsmannschaft (Ziele, Struktur, Prozesse, Teammanagement, Kundenmanagement, H\u00e4ndlermanagement, Dashboard&#8230;) in der Lage, die Wahrscheinlichkeit zu erh\u00f6hen, dass Sie Ihre Verkaufsziele Jahr f\u00fcr Jahr erreichen? Identifizieren Sie mithilfe des Reifegradindex die Verbesserungen, die kurz- und mittelfristig die gr\u00f6\u00dften Auswirkungen auf das Erreichen Ihrer Ziele haben werden.<\/p>\n\t\t\t\t\t\t\t\t<p><a class=\"btn btn-hx btn-hx-orange\" href=\"https:\/\/forms.zohopublic.com\/andernagroup\/form\/decontact\/formperma\/XlIah4lncCRUOHcRkPqBjnowmSCTsFE8SVZgYrw4lQQ\">Ich m\u00f6chte mehr \u00fcber Venturi erfahren<\/a><\/p>\n\t\t\t\t\t\t\t<\/div>\n\t\t\t\n\t\t\t\t\t<\/div>\n\t<\/div>\n<\/section>\n\n<section class=\"success-single grey\">\n\t<div class=\"container-fluid\">\n\t\t<div class=\"row\">\n\t\t\t\t\t\t\t \n\t\t\t\t\t\t\t\t\t\t\n\t\t\t\t\t\t\t\t\t\t<div class=\"col-lg-7 col-md-6 col-sm-12 p-6\">\n\t\t\t\t\t\t<div>\n\t\t\t\t\t\t\t<h3>Erfolgsgeschichten: Medizinische Ausr\u00fcstung<\/h3>\n\t\t\t\t\t\t\t<p>Ein marktf\u00fchrendes Unternehmen in Afrika hatte sich ein ehrgeiziges Zwei-Jahres-Ziel f\u00fcr organisches Wachstum gesetzt.<\/p>\n\t\t\t\t\t\t\t<p>\n\t\t\t\t\t\t\t\t<a href=\"https:\/\/www.halifax-consulting.com\/de\/erfolgsgeschichten\/medizinische-ausrustung\/\" class=\"btn btn-hx btn-hx-ducky\">Weiterlesen<\/a>\n\t\t\t\t\t\t\t<\/p>\n\t\t\t\t\t\t<\/div>\n\t\t\t\t\t<\/div>\n\t\t\t\t\t<div class=\"col-lg-5 col-md-6 col-sm-12 p-0\">\n\t\t\t\t\t\t\t<figure class=\"\">\n<!-- \t\t\t\t\t\t\t\t<img decoding=\"async\" src=\"https:\/\/www.halifax-consulting.com\/de\/wp-content\/uploads\/sites\/8\/2020\/03\/halifax-consulting-success-story-fabricant-equipements-medicaux-2.jpg\" alt=\"image success-story\" \/> -->\n\t\t\t\t\t\t\t\t<img decoding=\"async\" loading=\"lazy\" src=\"https:\/\/www.halifax-consulting.com\/de\/wp-content\/uploads\/sites\/8\/2020\/03\/halifax-consulting-success-story-fabricant-equipements-medicaux-2.jpg\" alt=\"\" width=\"100%\" height=\"\" >\t\t\t\t\t\t\t<\/figure>\n\t\t\t\t\t<\/div>\n\t\t\t\t\t\t\t\t\t<\/div>\n\t<\/div>\n<\/section>\n","protected":false},"excerpt":{"rendered":"","protected":false},"author":17,"featured_media":985,"parent":543,"menu_order":0,"comment_status":"closed","ping_status":"closed","template":"","meta":[],"categories":[],"acf":[],"yoast_head":"<!-- This site is optimized with the Yoast SEO plugin v19.9 - https:\/\/yoast.com\/wordpress\/plugins\/seo\/ -->\n<title>Diagnose Ihrer Vertreibsorganisation und Segmentierung des Kundenportfolios<\/title>\n<meta name=\"description\" content=\"Diagnose Ihrer Vertreibsorganisation und Segmentierung des Kundenportfolios\" \/>\n<link rel=\"canonical\" href=\"https:\/\/www.halifax-consulting.com\/de\/beratung\/diagnose-ihrer-vertreibsorganisation-segmentierung-kundenportfolios\/\" \/>\n<meta property=\"og:locale\" content=\"de_DE\" \/>\n<meta property=\"og:type\" content=\"article\" \/>\n<meta property=\"og:title\" content=\"Diagnose Ihrer Vertreibsorganisation und Segmentierung des Kundenportfolios\" \/>\n<meta property=\"og:description\" content=\"Diagnose Ihrer Vertreibsorganisation und Segmentierung des Kundenportfolios\" \/>\n<meta property=\"og:url\" content=\"https:\/\/www.halifax-consulting.com\/de\/beratung\/diagnose-ihrer-vertreibsorganisation-segmentierung-kundenportfolios\/\" \/>\n<meta property=\"og:site_name\" content=\"Halifax Consulting \u2013 DE\" \/>\n<meta property=\"article:modified_time\" content=\"2025-06-24T08:22:32+00:00\" \/>\n<meta property=\"og:image\" content=\"https:\/\/www.halifax-consulting.com\/de\/wp-content\/uploads\/sites\/8\/2020\/03\/halifax-consulting-formation-2.jpg\" \/>\n\t<meta property=\"og:image:width\" content=\"1000\" \/>\n\t<meta property=\"og:image:height\" content=\"360\" \/>\n\t<meta property=\"og:image:type\" content=\"image\/jpeg\" \/>\n<meta name=\"twitter:card\" content=\"summary_large_image\" \/>\n<script type=\"application\/ld+json\" class=\"yoast-schema-graph\">{\"@context\":\"https:\/\/schema.org\",\"@graph\":[{\"@type\":\"WebPage\",\"@id\":\"https:\/\/www.halifax-consulting.com\/de\/beratung\/diagnose-ihrer-vertreibsorganisation-segmentierung-kundenportfolios\/\",\"url\":\"https:\/\/www.halifax-consulting.com\/de\/beratung\/diagnose-ihrer-vertreibsorganisation-segmentierung-kundenportfolios\/\",\"name\":\"Diagnose Ihrer Vertreibsorganisation und Segmentierung des Kundenportfolios\",\"isPartOf\":{\"@id\":\"https:\/\/www.halifax-consulting.com\/de\/#website\"},\"datePublished\":\"2023-04-12T10:12:24+00:00\",\"dateModified\":\"2025-06-24T08:22:32+00:00\",\"description\":\"Diagnose Ihrer Vertreibsorganisation und Segmentierung des Kundenportfolios\",\"breadcrumb\":{\"@id\":\"https:\/\/www.halifax-consulting.com\/de\/beratung\/diagnose-ihrer-vertreibsorganisation-segmentierung-kundenportfolios\/#breadcrumb\"},\"inLanguage\":\"de-DE\",\"potentialAction\":[{\"@type\":\"ReadAction\",\"target\":[\"https:\/\/www.halifax-consulting.com\/de\/beratung\/diagnose-ihrer-vertreibsorganisation-segmentierung-kundenportfolios\/\"]}]},{\"@type\":\"BreadcrumbList\",\"@id\":\"https:\/\/www.halifax-consulting.com\/de\/beratung\/diagnose-ihrer-vertreibsorganisation-segmentierung-kundenportfolios\/#breadcrumb\",\"itemListElement\":[{\"@type\":\"ListItem\",\"position\":1,\"name\":\"Accueil\",\"item\":\"https:\/\/www.halifax-consulting.com\/de\/\"},{\"@type\":\"ListItem\",\"position\":2,\"name\":\"Beratung\",\"item\":\"https:\/\/www.halifax-consulting.com\/de\/beratung\/\"},{\"@type\":\"ListItem\",\"position\":3,\"name\":\"Diagnose Ihrer Vertreibsorganisation und Segmentierung des Kundenportfolios\"}]},{\"@type\":\"WebSite\",\"@id\":\"https:\/\/www.halifax-consulting.com\/de\/#website\",\"url\":\"https:\/\/www.halifax-consulting.com\/de\/\",\"name\":\"Halifax Consulting \u2013 DE\",\"description\":\"Halifax Consulting\",\"publisher\":{\"@id\":\"https:\/\/www.halifax-consulting.com\/de\/#organization\"},\"potentialAction\":[{\"@type\":\"SearchAction\",\"target\":{\"@type\":\"EntryPoint\",\"urlTemplate\":\"https:\/\/www.halifax-consulting.com\/de\/?s={search_term_string}\"},\"query-input\":\"required name=search_term_string\"}],\"inLanguage\":\"de-DE\"},{\"@type\":\"Organization\",\"@id\":\"https:\/\/www.halifax-consulting.com\/de\/#organization\",\"name\":\"Halifax Consulting\",\"url\":\"https:\/\/www.halifax-consulting.com\/de\/\",\"logo\":{\"@type\":\"ImageObject\",\"inLanguage\":\"de-DE\",\"@id\":\"https:\/\/www.halifax-consulting.com\/de\/#\/schema\/logo\/image\/\",\"url\":\"\",\"contentUrl\":\"\",\"caption\":\"Halifax Consulting\"},\"image\":{\"@id\":\"https:\/\/www.halifax-consulting.com\/de\/#\/schema\/logo\/image\/\"}}]}<\/script>\n<!-- \/ Yoast SEO plugin. -->","yoast_head_json":{"title":"Diagnose Ihrer Vertreibsorganisation und Segmentierung des Kundenportfolios","description":"Diagnose Ihrer Vertreibsorganisation und Segmentierung des Kundenportfolios","canonical":"https:\/\/www.halifax-consulting.com\/de\/beratung\/diagnose-ihrer-vertreibsorganisation-segmentierung-kundenportfolios\/","og_locale":"de_DE","og_type":"article","og_title":"Diagnose Ihrer Vertreibsorganisation und Segmentierung des Kundenportfolios","og_description":"Diagnose Ihrer Vertreibsorganisation und Segmentierung des Kundenportfolios","og_url":"https:\/\/www.halifax-consulting.com\/de\/beratung\/diagnose-ihrer-vertreibsorganisation-segmentierung-kundenportfolios\/","og_site_name":"Halifax Consulting \u2013 DE","article_modified_time":"2025-06-24T08:22:32+00:00","og_image":[{"width":1000,"height":360,"url":"https:\/\/www.halifax-consulting.com\/de\/wp-content\/uploads\/sites\/8\/2020\/03\/halifax-consulting-formation-2.jpg","type":"image\/jpeg"}],"twitter_card":"summary_large_image","schema":{"@context":"https:\/\/schema.org","@graph":[{"@type":"WebPage","@id":"https:\/\/www.halifax-consulting.com\/de\/beratung\/diagnose-ihrer-vertreibsorganisation-segmentierung-kundenportfolios\/","url":"https:\/\/www.halifax-consulting.com\/de\/beratung\/diagnose-ihrer-vertreibsorganisation-segmentierung-kundenportfolios\/","name":"Diagnose Ihrer Vertreibsorganisation und Segmentierung des Kundenportfolios","isPartOf":{"@id":"https:\/\/www.halifax-consulting.com\/de\/#website"},"datePublished":"2023-04-12T10:12:24+00:00","dateModified":"2025-06-24T08:22:32+00:00","description":"Diagnose Ihrer Vertreibsorganisation und Segmentierung des Kundenportfolios","breadcrumb":{"@id":"https:\/\/www.halifax-consulting.com\/de\/beratung\/diagnose-ihrer-vertreibsorganisation-segmentierung-kundenportfolios\/#breadcrumb"},"inLanguage":"de-DE","potentialAction":[{"@type":"ReadAction","target":["https:\/\/www.halifax-consulting.com\/de\/beratung\/diagnose-ihrer-vertreibsorganisation-segmentierung-kundenportfolios\/"]}]},{"@type":"BreadcrumbList","@id":"https:\/\/www.halifax-consulting.com\/de\/beratung\/diagnose-ihrer-vertreibsorganisation-segmentierung-kundenportfolios\/#breadcrumb","itemListElement":[{"@type":"ListItem","position":1,"name":"Accueil","item":"https:\/\/www.halifax-consulting.com\/de\/"},{"@type":"ListItem","position":2,"name":"Beratung","item":"https:\/\/www.halifax-consulting.com\/de\/beratung\/"},{"@type":"ListItem","position":3,"name":"Diagnose Ihrer Vertreibsorganisation und Segmentierung des Kundenportfolios"}]},{"@type":"WebSite","@id":"https:\/\/www.halifax-consulting.com\/de\/#website","url":"https:\/\/www.halifax-consulting.com\/de\/","name":"Halifax Consulting \u2013 DE","description":"Halifax Consulting","publisher":{"@id":"https:\/\/www.halifax-consulting.com\/de\/#organization"},"potentialAction":[{"@type":"SearchAction","target":{"@type":"EntryPoint","urlTemplate":"https:\/\/www.halifax-consulting.com\/de\/?s={search_term_string}"},"query-input":"required name=search_term_string"}],"inLanguage":"de-DE"},{"@type":"Organization","@id":"https:\/\/www.halifax-consulting.com\/de\/#organization","name":"Halifax Consulting","url":"https:\/\/www.halifax-consulting.com\/de\/","logo":{"@type":"ImageObject","inLanguage":"de-DE","@id":"https:\/\/www.halifax-consulting.com\/de\/#\/schema\/logo\/image\/","url":"","contentUrl":"","caption":"Halifax Consulting"},"image":{"@id":"https:\/\/www.halifax-consulting.com\/de\/#\/schema\/logo\/image\/"}}]}},"_links":{"self":[{"href":"https:\/\/www.halifax-consulting.com\/de\/wp-json\/wp\/v2\/pages\/2824"}],"collection":[{"href":"https:\/\/www.halifax-consulting.com\/de\/wp-json\/wp\/v2\/pages"}],"about":[{"href":"https:\/\/www.halifax-consulting.com\/de\/wp-json\/wp\/v2\/types\/page"}],"author":[{"embeddable":true,"href":"https:\/\/www.halifax-consulting.com\/de\/wp-json\/wp\/v2\/users\/17"}],"replies":[{"embeddable":true,"href":"https:\/\/www.halifax-consulting.com\/de\/wp-json\/wp\/v2\/comments?post=2824"}],"version-history":[{"count":7,"href":"https:\/\/www.halifax-consulting.com\/de\/wp-json\/wp\/v2\/pages\/2824\/revisions"}],"predecessor-version":[{"id":3470,"href":"https:\/\/www.halifax-consulting.com\/de\/wp-json\/wp\/v2\/pages\/2824\/revisions\/3470"}],"up":[{"embeddable":true,"href":"https:\/\/www.halifax-consulting.com\/de\/wp-json\/wp\/v2\/pages\/543"}],"wp:featuredmedia":[{"embeddable":true,"href":"https:\/\/www.halifax-consulting.com\/de\/wp-json\/wp\/v2\/media\/985"}],"wp:attachment":[{"href":"https:\/\/www.halifax-consulting.com\/de\/wp-json\/wp\/v2\/media?parent=2824"}],"wp:term":[{"taxonomy":"category","embeddable":true,"href":"https:\/\/www.halifax-consulting.com\/de\/wp-json\/wp\/v2\/categories?post=2824"}],"curies":[{"name":"wp","href":"https:\/\/api.w.org\/{rel}","templated":true}]}}