{"id":2865,"date":"2023-04-06T16:02:55","date_gmt":"2023-04-06T15:02:55","guid":{"rendered":"https:\/\/www.halifax-consulting.com\/de\/?page_id=2865"},"modified":"2025-06-24T09:34:57","modified_gmt":"2025-06-24T08:34:57","slug":"unsere-anderen-kaufmaennischen-trainings","status":"publish","type":"page","link":"https:\/\/www.halifax-consulting.com\/de\/training\/unsere-anderen-kaufmaennischen-trainings\/","title":{"rendered":"Unsere anderen kaufm\u00e4nnischen Trainings"},"content":{"rendered":"<div class=\"container\">\n\t<div class=\"row\">\n\t\t<div class=\"col-lg-12 col-md-12 col-sm-12\">\n\t\t\t<h2 class=\"intro\">\n\t\t\t\t<strong class=\"intro-h2 d-block\">Je mehr ich trainiere, desto mehr Gl\u00fcck habe ich<\/strong>\n\t\t\t\t<p style=\"text-align: justify\">Halifax Consulting entwickelt speziell Trainingsprogramme f&uuml;r seine Kunden, die alle Vertriebsgruppen und alle Schl&uuml;sselmomente ihres Verkaufsprozesses betreffen.&nbsp; Dies geschieht sowohl durch Trainings wie unsere <strong>Bestseller<\/strong> als auch durch eher verwandten Trainings, die es Ihnen erm&ouml;glichen, alle Ihre Ziele in Bezug auf die Verkaufsleistung zu erreichen. Zu unseren h&auml;ufigsten Programmen geh&ouml;ren Social Selling, oder wie man besser &uuml;ber soziale Netzwerke akquiriert; Remote Selling, oder wie man besser &uuml;ber Videokonferenzen aus der Ferne verkauft; Vertriebspartnermanagement, oder wie man besser &uuml;ber die Animation von H&auml;ndlernetzen verkauft; Kundenbeziehungen, mit internen und externen Kunden; Verkaufsf&ouml;rderung durch Direktansprache; C-Level Selling, oder wie man an F&uuml;hrungskr&auml;fte verkauft und Luxury Selling, oder wie man mit den Codes der Luxusg&uuml;terindustrie verkauft.<\/p>\t\t\t<\/h2>\n\t\t<\/div>\n\t<\/div>\n<\/div>\n\n\n<!-- Bloc Formations -->\n<section class=\"navy py-6 formations\">\n\t\n\t<div class=\"container\">\n\t\t\n\t\t<div class=\"row\">\n\t\t\t\n\t\t\t<div class=\"col-lg-12 col-md-12 col-sm-12\">\n\t\t\t\t\n\t\t\t\t<h2 class=\"text-center\">\n\t\t\t\t\t\n\t\t\t\t\tDie anderen kaufm\u00e4nnischen Trainings von Halifax Consulting\t\t\n\t\t\t\t<\/h2>\n\t\t\t\t\n\t\t\t<\/div>\n\t\t\t\n\t\t<\/div>\n\t\t\n\t\t<div class=\"row\">\n\t\t\t\t\t\t\t\n\t\t\t\t\t\t\t\t\t\n\t\t\t\t\t\t\t\t\t\n\t\t\t\t\t<div class=\"col-lg-4 col-md-4 col-sm-12\">\n\t\t\t\t\t\t<div class=\"formation\">\n\t\t\t\t\t\t<h3 class=\"pb-1 formation__h3\">C-Level Selling Training <i class=\"fas fa-arrow-right\"><\/i><\/h3>\n\t\t\t\t\t\t<p><a class=\"stretched-link\" href=\"https:\/\/www.halifax-consulting.com\/de\/training\/unsere-anderen-kaufmaennischen-trainings\/c-level-selling-training\/\"><\/a><\/p>\n\t\t\t\t\t\t<\/div>\n\t\t\t\t\t<\/div>\n\t\t\t\t\t\n\t\t\t\t\t\t\t\t\t\n\t\t\t\t\t\t\t\t\t\n\t\t\t\t\t<div class=\"col-lg-4 col-md-4 col-sm-12\">\n\t\t\t\t\t\t<div class=\"formation\">\n\t\t\t\t\t\t<h3 class=\"pb-1 formation__h3\">Management von Vertriebspartnern Training <i class=\"fas fa-arrow-right\"><\/i><\/h3>\n\t\t\t\t\t\t<p><a class=\"stretched-link\" href=\"https:\/\/www.halifax-consulting.com\/de\/training\/unsere-anderen-kaufmaennischen-trainings\/management-von-vertriebspartnern-training\/\"><\/a><\/p>\n\t\t\t\t\t\t<\/div>\n\t\t\t\t\t<\/div>\n\t\t\t\t\t\n\t\t\t\t\t\t\t\t\t\n\t\t\t\t\t\t\t\t\t\n\t\t\t\t\t<div class=\"col-lg-4 col-md-4 col-sm-12\">\n\t\t\t\t\t\t<div class=\"formation\">\n\t\t\t\t\t\t<h3 class=\"pb-1 formation__h3\">Gesch\u00e4ftsanbahnung Training <i class=\"fas fa-arrow-right\"><\/i><\/h3>\n\t\t\t\t\t\t<p><a class=\"stretched-link\" href=\"https:\/\/www.halifax-consulting.com\/de\/training\/unsere-anderen-kaufmaennischen-trainings\/geschaeftliche-kundenwerbung-training\/\"><\/a><\/p>\n\t\t\t\t\t\t<\/div>\n\t\t\t\t\t<\/div>\n\t\t\t\t\t\n\t\t\t\t\t\t\t\t\t\n\t\t\t\t\t\t\t\t\t\n\t\t\t\t\t<div class=\"col-lg-4 col-md-4 col-sm-12\">\n\t\t\t\t\t\t<div class=\"formation\">\n\t\t\t\t\t\t<h3 class=\"pb-1 formation__h3\">Social Selling Training <i class=\"fas fa-arrow-right\"><\/i><\/h3>\n\t\t\t\t\t\t<p><a class=\"stretched-link\" href=\"https:\/\/www.halifax-consulting.com\/de\/training\/unsere-anderen-kaufmaennischen-trainings\/social-selling-training\/\"><\/a><\/p>\n\t\t\t\t\t\t<\/div>\n\t\t\t\t\t<\/div>\n\t\t\t\t\t\n\t\t\t\t\t\t\t\t\t\n\t\t\t\t\t\t\t\t\t\n\t\t\t\t\t<div class=\"col-lg-4 col-md-4 col-sm-12\">\n\t\t\t\t\t\t<div class=\"formation\">\n\t\t\t\t\t\t<h3 class=\"pb-1 formation__h3\">Remote Selling Training <i class=\"fas fa-arrow-right\"><\/i><\/h3>\n\t\t\t\t\t\t<p><a class=\"stretched-link\" href=\"https:\/\/www.halifax-consulting.com\/de\/training\/unsere-anderen-kaufmaennischen-trainings\/remote-selling-training\/\"><\/a><\/p>\n\t\t\t\t\t\t<\/div>\n\t\t\t\t\t<\/div>\n\t\t\t\t\t\n\t\t\t\t\t\t\t\t\t\n\t\t\t\t\t\t\t\t\t\n\t\t\t\t\t<div class=\"col-lg-4 col-md-4 col-sm-12\">\n\t\t\t\t\t\t<div class=\"formation\">\n\t\t\t\t\t\t<h3 class=\"pb-1 formation__h3\">Kundenbeziehung Training <i class=\"fas fa-arrow-right\"><\/i><\/h3>\n\t\t\t\t\t\t<p><a class=\"stretched-link\" href=\"https:\/\/www.halifax-consulting.com\/de\/training\/unsere-anderen-kaufmaennischen-trainings\/kundenbeziehung-training\/\"><\/a><\/p>\n\t\t\t\t\t\t<\/div>\n\t\t\t\t\t<\/div>\n\t\t\t\t\t\n\t\t\t\t\t\t\t\t\t\n\t\t\t\t\t\t\t\t\t\n\t\t\t\t\t<div class=\"col-lg-4 col-md-4 col-sm-12\">\n\t\t\t\t\t\t<div class=\"formation\">\n\t\t\t\t\t\t<h3 class=\"pb-1 formation__h3\">Luxury Selling Training <i class=\"fas fa-arrow-right\"><\/i><\/h3>\n\t\t\t\t\t\t<p><a class=\"stretched-link\" href=\"https:\/\/www.halifax-consulting.com\/de\/training\/unsere-anderen-kaufmaennischen-trainings\/luxury-selling-training\/\"><\/a><\/p>\n\t\t\t\t\t\t<\/div>\n\t\t\t\t\t<\/div>\n\t\t\t\t\t\n\t\t\t\t\t\n\t\t\t\t\n\t\t\t\t\t\t\n\t\t\t\t\t\t\n\t\t<\/div>\n\n<\/section>\n\n<section class=\"success-single grey\">\n\t<div class=\"container-fluid\">\n\t\t<div class=\"row\">\n\t\t\t\t\t\t\t \n\t\t\t\t\t\t\t\t\t\t\n\t\t\t\t\t\t\t\t\t\t<div class=\"col-lg-7 col-md-6 col-sm-12 p-6\">\n\t\t\t\t\t\t<div>\n\t\t\t\t\t\t\t<h3>Erfolgsgeschichten: Baumaschinen<\/h3>\n\t\t\t\t\t\t\t<p>Der Konzern strebte eine Neubelebung der Teams an und wollte das H\u00e4ndlernetz beim \u00dcbergang zum Verkauf von L\u00f6sungen und Dienstleistungen unterst\u00fctzen.<\/p>\n\t\t\t\t\t\t\t<p>\n\t\t\t\t\t\t\t\t<a href=\"https:\/\/www.halifax-consulting.com\/de\/erfolgsgeschichten\/baumaschinen\/\" class=\"btn btn-hx btn-hx-ducky\">Weiterlesen<\/a>\n\t\t\t\t\t\t\t<\/p>\n\t\t\t\t\t\t<\/div>\n\t\t\t\t\t<\/div>\n\t\t\t\t\t<div class=\"col-lg-5 col-md-6 col-sm-12 p-0\">\n\t\t\t\t\t\t\t<figure class=\"\">\n<!-- \t\t\t\t\t\t\t\t<img decoding=\"async\" src=\"https:\/\/www.halifax-consulting.com\/de\/wp-content\/uploads\/sites\/8\/2020\/03\/halifax-consulting-success-story-Manitou.jpg\" alt=\"image success-story\" \/> -->\n\t\t\t\t\t\t\t\t<img decoding=\"async\" loading=\"lazy\" src=\"https:\/\/www.halifax-consulting.com\/de\/wp-content\/uploads\/sites\/8\/2020\/03\/halifax-consulting-success-story-Manitou.jpg\" alt=\"\" width=\"100%\" height=\"\" >\t\t\t\t\t\t\t<\/figure>\n\t\t\t\t\t<\/div>\n\t\t\t\t\t\t\t\t\t<\/div>\n\t<\/div>\n<\/section>\n","protected":false},"excerpt":{"rendered":"","protected":false},"author":17,"featured_media":2841,"parent":545,"menu_order":35,"comment_status":"closed","ping_status":"closed","template":"","meta":[],"categories":[],"acf":[],"yoast_head":"<!-- This site is optimized with the Yoast SEO plugin v19.9 - https:\/\/yoast.com\/wordpress\/plugins\/seo\/ -->\n<title>Unsere anderen kaufm\u00e4nnischen Trainings<\/title>\n<meta name=\"description\" content=\"Unsere anderen kaufm\u00e4nnischen Trainings\" \/>\n<link rel=\"canonical\" href=\"https:\/\/www.halifax-consulting.com\/de\/training\/unsere-anderen-kaufmaennischen-trainings\/\" \/>\n<meta property=\"og:locale\" content=\"de_DE\" \/>\n<meta property=\"og:type\" content=\"article\" \/>\n<meta property=\"og:title\" content=\"Unsere anderen kaufm\u00e4nnischen Trainings\" \/>\n<meta property=\"og:description\" content=\"Unsere anderen kaufm\u00e4nnischen Trainings\" \/>\n<meta property=\"og:url\" content=\"https:\/\/www.halifax-consulting.com\/de\/training\/unsere-anderen-kaufmaennischen-trainings\/\" \/>\n<meta property=\"og:site_name\" content=\"Halifax Consulting \u2013 DE\" \/>\n<meta property=\"article:modified_time\" content=\"2025-06-24T08:34:57+00:00\" \/>\n<meta property=\"og:image\" content=\"https:\/\/www.halifax-consulting.com\/de\/wp-content\/uploads\/sites\/8\/2023\/04\/nos-autres-formations-commerciales-B2B.jpg\" \/>\n\t<meta property=\"og:image:width\" content=\"1920\" \/>\n\t<meta property=\"og:image:height\" content=\"545\" \/>\n\t<meta property=\"og:image:type\" content=\"image\/jpeg\" \/>\n<meta name=\"twitter:card\" content=\"summary_large_image\" \/>\n<script type=\"application\/ld+json\" class=\"yoast-schema-graph\">{\"@context\":\"https:\/\/schema.org\",\"@graph\":[{\"@type\":\"WebPage\",\"@id\":\"https:\/\/www.halifax-consulting.com\/de\/training\/unsere-anderen-kaufmaennischen-trainings\/\",\"url\":\"https:\/\/www.halifax-consulting.com\/de\/training\/unsere-anderen-kaufmaennischen-trainings\/\",\"name\":\"Unsere anderen kaufm\u00e4nnischen Trainings\",\"isPartOf\":{\"@id\":\"https:\/\/www.halifax-consulting.com\/de\/#website\"},\"datePublished\":\"2023-04-06T15:02:55+00:00\",\"dateModified\":\"2025-06-24T08:34:57+00:00\",\"description\":\"Unsere anderen kaufm\u00e4nnischen Trainings\",\"breadcrumb\":{\"@id\":\"https:\/\/www.halifax-consulting.com\/de\/training\/unsere-anderen-kaufmaennischen-trainings\/#breadcrumb\"},\"inLanguage\":\"de-DE\",\"potentialAction\":[{\"@type\":\"ReadAction\",\"target\":[\"https:\/\/www.halifax-consulting.com\/de\/training\/unsere-anderen-kaufmaennischen-trainings\/\"]}]},{\"@type\":\"BreadcrumbList\",\"@id\":\"https:\/\/www.halifax-consulting.com\/de\/training\/unsere-anderen-kaufmaennischen-trainings\/#breadcrumb\",\"itemListElement\":[{\"@type\":\"ListItem\",\"position\":1,\"name\":\"Accueil\",\"item\":\"https:\/\/www.halifax-consulting.com\/de\/\"},{\"@type\":\"ListItem\",\"position\":2,\"name\":\"Training\",\"item\":\"https:\/\/www.halifax-consulting.com\/de\/training\/\"},{\"@type\":\"ListItem\",\"position\":3,\"name\":\"Unsere anderen kaufm\u00e4nnischen Trainings\"}]},{\"@type\":\"WebSite\",\"@id\":\"https:\/\/www.halifax-consulting.com\/de\/#website\",\"url\":\"https:\/\/www.halifax-consulting.com\/de\/\",\"name\":\"Halifax Consulting \u2013 DE\",\"description\":\"Halifax Consulting\",\"publisher\":{\"@id\":\"https:\/\/www.halifax-consulting.com\/de\/#organization\"},\"potentialAction\":[{\"@type\":\"SearchAction\",\"target\":{\"@type\":\"EntryPoint\",\"urlTemplate\":\"https:\/\/www.halifax-consulting.com\/de\/?s={search_term_string}\"},\"query-input\":\"required name=search_term_string\"}],\"inLanguage\":\"de-DE\"},{\"@type\":\"Organization\",\"@id\":\"https:\/\/www.halifax-consulting.com\/de\/#organization\",\"name\":\"Halifax Consulting\",\"url\":\"https:\/\/www.halifax-consulting.com\/de\/\",\"logo\":{\"@type\":\"ImageObject\",\"inLanguage\":\"de-DE\",\"@id\":\"https:\/\/www.halifax-consulting.com\/de\/#\/schema\/logo\/image\/\",\"url\":\"\",\"contentUrl\":\"\",\"caption\":\"Halifax Consulting\"},\"image\":{\"@id\":\"https:\/\/www.halifax-consulting.com\/de\/#\/schema\/logo\/image\/\"}}]}<\/script>\n<!-- \/ Yoast SEO plugin. -->","yoast_head_json":{"title":"Unsere anderen kaufm\u00e4nnischen Trainings","description":"Unsere anderen kaufm\u00e4nnischen Trainings","canonical":"https:\/\/www.halifax-consulting.com\/de\/training\/unsere-anderen-kaufmaennischen-trainings\/","og_locale":"de_DE","og_type":"article","og_title":"Unsere anderen kaufm\u00e4nnischen Trainings","og_description":"Unsere anderen kaufm\u00e4nnischen Trainings","og_url":"https:\/\/www.halifax-consulting.com\/de\/training\/unsere-anderen-kaufmaennischen-trainings\/","og_site_name":"Halifax Consulting \u2013 DE","article_modified_time":"2025-06-24T08:34:57+00:00","og_image":[{"width":1920,"height":545,"url":"https:\/\/www.halifax-consulting.com\/de\/wp-content\/uploads\/sites\/8\/2023\/04\/nos-autres-formations-commerciales-B2B.jpg","type":"image\/jpeg"}],"twitter_card":"summary_large_image","schema":{"@context":"https:\/\/schema.org","@graph":[{"@type":"WebPage","@id":"https:\/\/www.halifax-consulting.com\/de\/training\/unsere-anderen-kaufmaennischen-trainings\/","url":"https:\/\/www.halifax-consulting.com\/de\/training\/unsere-anderen-kaufmaennischen-trainings\/","name":"Unsere anderen kaufm\u00e4nnischen Trainings","isPartOf":{"@id":"https:\/\/www.halifax-consulting.com\/de\/#website"},"datePublished":"2023-04-06T15:02:55+00:00","dateModified":"2025-06-24T08:34:57+00:00","description":"Unsere anderen kaufm\u00e4nnischen Trainings","breadcrumb":{"@id":"https:\/\/www.halifax-consulting.com\/de\/training\/unsere-anderen-kaufmaennischen-trainings\/#breadcrumb"},"inLanguage":"de-DE","potentialAction":[{"@type":"ReadAction","target":["https:\/\/www.halifax-consulting.com\/de\/training\/unsere-anderen-kaufmaennischen-trainings\/"]}]},{"@type":"BreadcrumbList","@id":"https:\/\/www.halifax-consulting.com\/de\/training\/unsere-anderen-kaufmaennischen-trainings\/#breadcrumb","itemListElement":[{"@type":"ListItem","position":1,"name":"Accueil","item":"https:\/\/www.halifax-consulting.com\/de\/"},{"@type":"ListItem","position":2,"name":"Training","item":"https:\/\/www.halifax-consulting.com\/de\/training\/"},{"@type":"ListItem","position":3,"name":"Unsere anderen kaufm\u00e4nnischen Trainings"}]},{"@type":"WebSite","@id":"https:\/\/www.halifax-consulting.com\/de\/#website","url":"https:\/\/www.halifax-consulting.com\/de\/","name":"Halifax Consulting \u2013 DE","description":"Halifax Consulting","publisher":{"@id":"https:\/\/www.halifax-consulting.com\/de\/#organization"},"potentialAction":[{"@type":"SearchAction","target":{"@type":"EntryPoint","urlTemplate":"https:\/\/www.halifax-consulting.com\/de\/?s={search_term_string}"},"query-input":"required name=search_term_string"}],"inLanguage":"de-DE"},{"@type":"Organization","@id":"https:\/\/www.halifax-consulting.com\/de\/#organization","name":"Halifax Consulting","url":"https:\/\/www.halifax-consulting.com\/de\/","logo":{"@type":"ImageObject","inLanguage":"de-DE","@id":"https:\/\/www.halifax-consulting.com\/de\/#\/schema\/logo\/image\/","url":"","contentUrl":"","caption":"Halifax Consulting"},"image":{"@id":"https:\/\/www.halifax-consulting.com\/de\/#\/schema\/logo\/image\/"}}]}},"_links":{"self":[{"href":"https:\/\/www.halifax-consulting.com\/de\/wp-json\/wp\/v2\/pages\/2865"}],"collection":[{"href":"https:\/\/www.halifax-consulting.com\/de\/wp-json\/wp\/v2\/pages"}],"about":[{"href":"https:\/\/www.halifax-consulting.com\/de\/wp-json\/wp\/v2\/types\/page"}],"author":[{"embeddable":true,"href":"https:\/\/www.halifax-consulting.com\/de\/wp-json\/wp\/v2\/users\/17"}],"replies":[{"embeddable":true,"href":"https:\/\/www.halifax-consulting.com\/de\/wp-json\/wp\/v2\/comments?post=2865"}],"version-history":[{"count":4,"href":"https:\/\/www.halifax-consulting.com\/de\/wp-json\/wp\/v2\/pages\/2865\/revisions"}],"predecessor-version":[{"id":3487,"href":"https:\/\/www.halifax-consulting.com\/de\/wp-json\/wp\/v2\/pages\/2865\/revisions\/3487"}],"up":[{"embeddable":true,"href":"https:\/\/www.halifax-consulting.com\/de\/wp-json\/wp\/v2\/pages\/545"}],"wp:featuredmedia":[{"embeddable":true,"href":"https:\/\/www.halifax-consulting.com\/de\/wp-json\/wp\/v2\/media\/2841"}],"wp:attachment":[{"href":"https:\/\/www.halifax-consulting.com\/de\/wp-json\/wp\/v2\/media?parent=2865"}],"wp:term":[{"taxonomy":"category","embeddable":true,"href":"https:\/\/www.halifax-consulting.com\/de\/wp-json\/wp\/v2\/categories?post=2865"}],"curies":[{"name":"wp","href":"https:\/\/api.w.org\/{rel}","templated":true}]}}