{"id":2871,"date":"2023-09-08T11:44:16","date_gmt":"2023-09-08T10:44:16","guid":{"rendered":"https:\/\/www.halifax-consulting.com\/de\/?page_id=2871"},"modified":"2025-06-24T09:35:30","modified_gmt":"2025-06-24T08:35:30","slug":"c-level-selling-training","status":"publish","type":"page","link":"https:\/\/www.halifax-consulting.com\/de\/training\/unsere-anderen-kaufmaennischen-trainings\/c-level-selling-training\/","title":{"rendered":"C-level Selling Training"},"content":{"rendered":"<div class=\"container\">\n\t<div class=\"row\">\n\t\t<div class=\"col-lg-12 col-md-12 col-sm-12\">\n\t\t\t<h2 class=\"intro\">\n\t\t\t\t<strong class=\"intro-h2 d-block\">Verkauf von bahnbrechenden Innovationen, Verkauf von hochkar\u00e4tiger Beratung, Gesch\u00e4ftsentwicklung und Allianzstrategie&#8230; Wie engagiert man die &#8220;C-Level&#8221;, d. h. die F\u00fchrungskr\u00e4fte auf Vorstandsebene?<\/strong>\n\t\t\t\t<p>Gesch&auml;ftsentwickler sind darauf fokussiert, bei ihren Kunden M&ouml;glichkeiten f&uuml;r Wachstum und gesch&auml;ftliche Differenzierung zu finden. H&auml;ufig werden die vorgeschlagenen L&ouml;sungen daher die Nutzung oder die Gewohnheiten der bestehenden Kundenorganisationen ver&auml;ndern und erfordern eine strategische Vision des Wandels. Die Entscheidungskette beim Kunden zur&uuml;ckzuverfolgen ist daher entscheidend f&uuml;r den Erfolg, d. h. zu wissen, wie man Gesch&auml;ftsgespr&auml;che mit F&uuml;hrungskr&auml;ften und Direktionsaussch&uuml;ssen auf der so genannten &#8220;C-Level&#8221;-Ebene initiiert und f&uuml;hrt.<\/p>\n<p>Dieses Trainings vermittelt die Schl&uuml;ssel zum Verst&auml;ndnis der Agenda einer F&uuml;hrungskraft, ihrer Arbeitsweise sowie der Themen, die f&uuml;r sie Priorit&auml;t haben. Unser C-Level-Selling-Ansatz ist &#8220;nicht mechanisch&#8221;, um Stereotypen zu vermeiden. Jeder Kunde, jeder Entscheidungstr&auml;ger ist in erster Linie ein Individuum. Wir versuchen, das Selbstvertrauen und die Durchsetzungsf&auml;higkeit zu f&ouml;rdern, die notwendig sind, um mit hochrangigen Entscheidungstr&auml;gern in Kontakt zu treten und eine zwischenmenschliche Beziehung aufzubauen, damit man seine Ideen besser verkaufen kann.<\/p>\t\t\t<\/h2>\n\t\t<\/div>\n\t<\/div>\n<\/div>\n\n\n<section class=\"grey p-6 essentiels\">\t\n\t\n\t<div class=\"container\">\n\t\t\n\t\t<div class=\"row\">\n\t\t\t\n\t\t\t<div class=\"col-lg-7 col-md-7 col-sm-12\">\n\t\t\t\t\n\t\t\t\t\t\t\t\t\t<h3>DIE ZIELE<\/h3>\n\t\t\t\t\t<ul>\n<li>Vertrauen in die eigene F&auml;higkeit schaffen, mit einer hochrangigen F&uuml;hrungskraft oder f&uuml;r einen selbst ungew&ouml;hnlichen Profilen zu interagieren.<\/li>\n<li>Wissen, wie man eine Beziehung aufbaut und Interesse weckt, um ein Verkaufsgespr&auml;ch zu er&ouml;ffnen<\/li>\n<li>Die richtigen Fragen zur Qualifizierung und Ideengenerierung identifizieren<\/li>\n<li>Die Sprachelemente und die Haltung je nach den verschiedenen Arten von F&uuml;hrungskr&auml;ften (CEO, DAF, Marketingleiter, HR-Leiter&#8230;) kennelernen<\/li>\n<li>Die richtige Haltung als &#8220;Gesch&auml;ftsberater&#8221; einnehmen<\/li>\n<\/ul>\t\t\t\t\t\t\t\t\n\t\t\t\t\t\t\t\t\t<h3>DIE PLUSPUNKTE DES TRAININGS<\/h3>\n\t\t\t\t\t<ul>\n<li>Ein Gleichgewicht zwischen individueller, kollektiver Zeit und praktischer Umsetzung (Coaching, Training, Simulation) in kurzen, aussagekr&auml;ftigen Zeitr&auml;umen.<\/li>\n<li>Dieser Weg kombiniert eine Bewusstseinsbildung &uuml;ber die individuellen Veranlagungen und Talente des Lernenden, eine Gruppensitzung, um die notwendigen Werkzeuge und Methoden zu erwerben, sowie eine Umsetzung in reale Situationen.<\/li>\n<li>Eine individuelle Begleitung zu den eigenen Talenten und den besten &Uuml;bereinstimmungen mit dem typischen Profil der Generaldirektion nach Kategorie (Generaldirektor, Finanzdirektor, Personalchef usw.) dank der fortschrittlichen L&ouml;sung unseres Partners AtmanCo (1 Stunde), dann ein Lernweg in Untergruppen (3 Stunden), der durch eine Umsetzung in reale Situationen (2 Stunden) unterbrochen wird.<\/li>\n<\/ul>\t\t\t\t\t\t\t\t\n\t\t\t\t\t\t\t\t\t<h3>AN WEN RICHTET SICH DIESE FORTBILDUNG?<\/h3>\n\t\t\t\t\t<p>Key Account Manager, Practice Manager, Senior Consultants, Development Manager, Sales Manager und generell alle Personen, die ein Profil auf Generaldirektionsebene kennenlernen und eine Beziehung zu ihm aufbauen m&uuml;ssen (PR, HR, strategische Partnerschaften&#8230;).<\/p>\n<p>Voraussetzungen: Beherrschung von Verkaufstechniken und Verkaufserfahrung auf hohem Niveau.<\/p>\t\t\t\t\t\t\t<\/div>\n\t\t\t\n\t\t\t<div class=\"col-lg-1 col-md-1 col-sm-12\">\t\t\t\n\t\t\t<\/div>\n\t\t\t\n\t\t\t<div class=\"col-lg-4 col-md-4 col-sm-12\">\n\t\t\t\n\t\t\t\t<!-- Notation CPF -->\n\t\t\t\t\t\t\t\t\n\t\t\t\t<div class=\"card\">\n\t\t\t\t\t\n\t\t\t\t\t<div class=\"card-header\">\n\t\t\t\t\t\n\t\t\t\t\t\tZufriedenheitsrate\t\t\t\t\t\t\n\t\t\t\t\t<\/div>\n\t\t\t\t\t\n\t\t\t\t\t\t\t\t\t\t\n\t\t\t\t\t<div class=\"satisfaction\">\n\t\t\t\t\t\t<label class=\"rating-label\">\n\t\t\t\t\t\t\t<input\n\t\t\t\t\t\t    class=\"rating\"\n\t\t\t\t\t\t    max=\"5\"\n\t\t\t\t\t\t    step=\"0.5\"\n\t\t\t\t\t\t    style=\"--value:4.5\"\n\t\t\t\t\t\t    type=\"range\"\n\t\t\t\t\t\t    value=\"4.5\">\n\t\t\t\t\t\t<\/label>\n\t\t\t\t\t\n\t\t\t\t\t\t\t\t\t\t\t\n\t\t\t\t\t\t<small class=\"text-left\"><em>Zu 208 Auswertungen<\/em><\/small>\n\t\t\t\t\t\n\t\t\t\t\t\t\t\t\t\t\n\t\t\t\t\t<\/div>\n\t\t\t\t\t\n\t\t\t\t<\/div>\n\t\t\t\t\n\t\t\t\t\n\t\t\t\t<!-- Bouton VOIR LE PROGRAMME -->\n\t\t\t\t\n\t\t\t\t<p class=\"mt-4\">\n\t\t\t\t\t\n\t\t\t\t\t\t\t\t\t\t<!-- true = ouverture lien externe -->\n\t\t\t\t\t<a class=\"btn btn-hx btn-hx-orange d-block\" href=\"https:\/\/forms.zohopublic.com\/andernagroup\/form\/decontact\/formperma\/XlIah4lncCRUOHcRkPqBjnowmSCTsFE8SVZgYrw4lQQ\" title=\"Kontaktieren Sie uns, um an dieser Training teilzunehmen\" target=\"_blank\">Kontaktieren Sie uns, um an dieser Training teilzunehmen<\/a>\n\t\t\t\t\t\n\t\t\t\t\t\t\t\t\t\t\n\t\t\t\t<\/p>\n\t\t\t<\/div>\n\t\t<\/div>\n\t<\/div>\n<\/section>\n\n<!-- MODALE -->\n\n\n\n<section class=\"block_texte_cta\">\n\t<div class=\"container\">\n\t\t<div class=\"row\">\n\t\t\n\t\t\t<div class=\"col-lg-6 col-md-6 col-sm-12 block_texte_cta--contenu\">\n\t\t\t\t\n\t\t\t\tHalifax Consulting bietet auch andere Gesch\u00e4ftstrainings an, die auf Ihre spezifischen Bed\u00fcrfnisse zugeschnitten sind.\t\t\t\t\n\t\t\t<\/div>\n\t\t\t<div class=\"col-lg-6 col-md-6 col-sm-12 block_texte_cta--bouton\">\n\t\t\t\t\n\t\t\t\t<a class=\"btn\" href=\"https:\/\/forms.zohopublic.com\/andernagroup\/form\/decontact\/formperma\/XlIah4lncCRUOHcRkPqBjnowmSCTsFE8SVZgYrw4lQQ\" title=\"Mehr erfahren\">Mehr erfahren<\/a>\n\t\t\t\t\n\t\t\t<\/div>\n\t\t\n\t\t<\/div>\n\t<\/div>\n\t\n<\/section>\n\n<section class=\"success-single grey\">\n\t<div class=\"container-fluid\">\n\t\t<div class=\"row\">\n\t\t\t\t\t\t\t \n\t\t\t\t\t\t\t\t\t\t\n\t\t\t\t\t\t\t\t\t\t<div class=\"col-lg-7 col-md-6 col-sm-12 p-6\">\n\t\t\t\t\t\t<div>\n\t\t\t\t\t\t\t<h3>Erfolgsgeschichten: Allianz<\/h3>\n\t\t\t\t\t\t\t<p>Versicherungsinspektoren sind immer eine wichtige Verbindungsstelle zwischen Kunden und Unternehmen gewesen. Inzwischen hat sich ihre Rolle mehr in Richtung Verkauf und Coaching verlagert.<\/p>\n\t\t\t\t\t\t\t<p>\n\t\t\t\t\t\t\t\t<a href=\"https:\/\/www.halifax-consulting.com\/de\/erfolgsgeschichten\/allianz\/\" class=\"btn btn-hx btn-hx-ducky\">Weiterlesen<\/a>\n\t\t\t\t\t\t\t<\/p>\n\t\t\t\t\t\t<\/div>\n\t\t\t\t\t<\/div>\n\t\t\t\t\t<div class=\"col-lg-5 col-md-6 col-sm-12 p-0\">\n\t\t\t\t\t\t\t<figure class=\"\">\n<!-- \t\t\t\t\t\t\t\t<img decoding=\"async\" src=\"https:\/\/www.halifax-consulting.com\/de\/wp-content\/uploads\/sites\/8\/2020\/01\/halifax-consulting-success-story-allianz.jpg\" alt=\"image success-story\" \/> -->\n\t\t\t\t\t\t\t\t<img decoding=\"async\" loading=\"lazy\" src=\"https:\/\/www.halifax-consulting.com\/de\/wp-content\/uploads\/sites\/8\/2020\/01\/halifax-consulting-success-story-allianz.jpg\" alt=\"\" width=\"100%\" height=\"\" >\t\t\t\t\t\t\t<\/figure>\n\t\t\t\t\t<\/div>\n\t\t\t\t\t\t\t\t\t<\/div>\n\t<\/div>\n<\/section>\n\n\n<section class=\"navy temoignage py-6\">\n\t<div class=\"container\">\n\t\t<div class=\"row\">\n\t\t\t<div class=\"col-lg-12 col-md-12 col-sm-12 bloc-cles-success\">\n\t\t\t\t<blockquote>\n\t\t\t\t\t<p>Ich hatte nie eine wirkliche kaufm\u00e4nnische Ausbildung, ich habe eher ein technisches Profil. Agysoft hat sich daher entschieden, mir die Halifax-Schulungen zukommen zu lassen, da sie in ganz Europa einen ausgezeichneten Ruf haben. Ich kann diese Schulung jedem, der mehr als nur kommerziellen Erfolg haben m\u00f6chte, w\u00e4rmstens empfehlen.<\/p>\n\t\t\t\t\t\n\t\t\t\t\t\t\t\t\t\t<cite>\n\t\t\t\t\t\tAubin VIART\t\t\t\t\t\t<small>Vertriebsingenieur, AGYSOFT<\/small>\n\t\t\t\t\t<\/cite>\n\t\t\t\t\t\n\t\t\t\t\t\t\t\t\t\t\n\t\t\t\t<\/blockquote>\n\t\t\t<\/div>\n\t\t<\/div>\n\t<\/div>\n<\/section>","protected":false},"excerpt":{"rendered":"","protected":false},"author":17,"featured_media":1450,"parent":2865,"menu_order":0,"comment_status":"closed","ping_status":"closed","template":"","meta":[],"categories":[],"acf":[],"yoast_head":"<!-- This site is optimized with the Yoast SEO plugin v19.9 - https:\/\/yoast.com\/wordpress\/plugins\/seo\/ -->\n<title>C-level Selling Training DE<\/title>\n<meta name=\"description\" content=\"Gesch\u00e4ftsentwickler sind darauf fokussiert, bei ihren Kunden M\u00f6glichkeiten f\u00fcr Wachstum und gesch\u00e4ftliche Differenzierung zu finden.\" \/>\n<link rel=\"canonical\" href=\"https:\/\/www.halifax-consulting.com\/de\/training\/unsere-anderen-kaufmaennischen-trainings\/c-level-selling-training\/\" \/>\n<meta property=\"og:locale\" content=\"de_DE\" \/>\n<meta property=\"og:type\" content=\"article\" \/>\n<meta property=\"og:title\" content=\"C-level Selling Training DE\" \/>\n<meta property=\"og:description\" content=\"Gesch\u00e4ftsentwickler sind darauf fokussiert, bei ihren Kunden M\u00f6glichkeiten f\u00fcr Wachstum und gesch\u00e4ftliche Differenzierung zu finden.\" \/>\n<meta property=\"og:url\" content=\"https:\/\/www.halifax-consulting.com\/de\/training\/unsere-anderen-kaufmaennischen-trainings\/c-level-selling-training\/\" \/>\n<meta property=\"og:site_name\" content=\"Halifax Consulting \u2013 DE\" \/>\n<meta property=\"article:modified_time\" content=\"2025-06-24T08:35:30+00:00\" \/>\n<meta property=\"og:image\" content=\"https:\/\/www.halifax-consulting.com\/de\/wp-content\/uploads\/sites\/8\/2020\/03\/halifax-consulting-conseil-optimising-sales-performance.jpg\" \/>\n\t<meta property=\"og:image:width\" content=\"1000\" \/>\n\t<meta property=\"og:image:height\" content=\"360\" \/>\n\t<meta property=\"og:image:type\" content=\"image\/jpeg\" \/>\n<meta name=\"twitter:card\" content=\"summary_large_image\" \/>\n<script type=\"application\/ld+json\" class=\"yoast-schema-graph\">{\"@context\":\"https:\/\/schema.org\",\"@graph\":[{\"@type\":\"WebPage\",\"@id\":\"https:\/\/www.halifax-consulting.com\/de\/training\/unsere-anderen-kaufmaennischen-trainings\/c-level-selling-training\/\",\"url\":\"https:\/\/www.halifax-consulting.com\/de\/training\/unsere-anderen-kaufmaennischen-trainings\/c-level-selling-training\/\",\"name\":\"C-level Selling Training DE\",\"isPartOf\":{\"@id\":\"https:\/\/www.halifax-consulting.com\/de\/#website\"},\"datePublished\":\"2023-09-08T10:44:16+00:00\",\"dateModified\":\"2025-06-24T08:35:30+00:00\",\"description\":\"Gesch\u00e4ftsentwickler sind darauf fokussiert, bei ihren Kunden M\u00f6glichkeiten f\u00fcr Wachstum und gesch\u00e4ftliche Differenzierung zu finden.\",\"breadcrumb\":{\"@id\":\"https:\/\/www.halifax-consulting.com\/de\/training\/unsere-anderen-kaufmaennischen-trainings\/c-level-selling-training\/#breadcrumb\"},\"inLanguage\":\"de-DE\",\"potentialAction\":[{\"@type\":\"ReadAction\",\"target\":[\"https:\/\/www.halifax-consulting.com\/de\/training\/unsere-anderen-kaufmaennischen-trainings\/c-level-selling-training\/\"]}]},{\"@type\":\"BreadcrumbList\",\"@id\":\"https:\/\/www.halifax-consulting.com\/de\/training\/unsere-anderen-kaufmaennischen-trainings\/c-level-selling-training\/#breadcrumb\",\"itemListElement\":[{\"@type\":\"ListItem\",\"position\":1,\"name\":\"Accueil\",\"item\":\"https:\/\/www.halifax-consulting.com\/de\/\"},{\"@type\":\"ListItem\",\"position\":2,\"name\":\"Training\",\"item\":\"https:\/\/www.halifax-consulting.com\/de\/training\/\"},{\"@type\":\"ListItem\",\"position\":3,\"name\":\"Unsere anderen kaufm\u00e4nnischen Trainings\",\"item\":\"https:\/\/www.halifax-consulting.com\/de\/training\/unsere-anderen-kaufmaennischen-trainings\/\"},{\"@type\":\"ListItem\",\"position\":4,\"name\":\"C-level Selling Training\"}]},{\"@type\":\"WebSite\",\"@id\":\"https:\/\/www.halifax-consulting.com\/de\/#website\",\"url\":\"https:\/\/www.halifax-consulting.com\/de\/\",\"name\":\"Halifax Consulting \u2013 DE\",\"description\":\"Halifax Consulting\",\"publisher\":{\"@id\":\"https:\/\/www.halifax-consulting.com\/de\/#organization\"},\"potentialAction\":[{\"@type\":\"SearchAction\",\"target\":{\"@type\":\"EntryPoint\",\"urlTemplate\":\"https:\/\/www.halifax-consulting.com\/de\/?s={search_term_string}\"},\"query-input\":\"required name=search_term_string\"}],\"inLanguage\":\"de-DE\"},{\"@type\":\"Organization\",\"@id\":\"https:\/\/www.halifax-consulting.com\/de\/#organization\",\"name\":\"Halifax Consulting\",\"url\":\"https:\/\/www.halifax-consulting.com\/de\/\",\"logo\":{\"@type\":\"ImageObject\",\"inLanguage\":\"de-DE\",\"@id\":\"https:\/\/www.halifax-consulting.com\/de\/#\/schema\/logo\/image\/\",\"url\":\"\",\"contentUrl\":\"\",\"caption\":\"Halifax Consulting\"},\"image\":{\"@id\":\"https:\/\/www.halifax-consulting.com\/de\/#\/schema\/logo\/image\/\"}}]}<\/script>\n<!-- \/ Yoast SEO plugin. -->","yoast_head_json":{"title":"C-level Selling Training DE","description":"Gesch\u00e4ftsentwickler sind darauf fokussiert, bei ihren Kunden M\u00f6glichkeiten f\u00fcr Wachstum und gesch\u00e4ftliche Differenzierung zu finden.","canonical":"https:\/\/www.halifax-consulting.com\/de\/training\/unsere-anderen-kaufmaennischen-trainings\/c-level-selling-training\/","og_locale":"de_DE","og_type":"article","og_title":"C-level Selling Training DE","og_description":"Gesch\u00e4ftsentwickler sind darauf fokussiert, bei ihren Kunden M\u00f6glichkeiten f\u00fcr Wachstum und gesch\u00e4ftliche Differenzierung zu finden.","og_url":"https:\/\/www.halifax-consulting.com\/de\/training\/unsere-anderen-kaufmaennischen-trainings\/c-level-selling-training\/","og_site_name":"Halifax Consulting \u2013 DE","article_modified_time":"2025-06-24T08:35:30+00:00","og_image":[{"width":1000,"height":360,"url":"https:\/\/www.halifax-consulting.com\/de\/wp-content\/uploads\/sites\/8\/2020\/03\/halifax-consulting-conseil-optimising-sales-performance.jpg","type":"image\/jpeg"}],"twitter_card":"summary_large_image","schema":{"@context":"https:\/\/schema.org","@graph":[{"@type":"WebPage","@id":"https:\/\/www.halifax-consulting.com\/de\/training\/unsere-anderen-kaufmaennischen-trainings\/c-level-selling-training\/","url":"https:\/\/www.halifax-consulting.com\/de\/training\/unsere-anderen-kaufmaennischen-trainings\/c-level-selling-training\/","name":"C-level Selling Training DE","isPartOf":{"@id":"https:\/\/www.halifax-consulting.com\/de\/#website"},"datePublished":"2023-09-08T10:44:16+00:00","dateModified":"2025-06-24T08:35:30+00:00","description":"Gesch\u00e4ftsentwickler sind darauf fokussiert, bei ihren Kunden M\u00f6glichkeiten f\u00fcr Wachstum und gesch\u00e4ftliche Differenzierung zu finden.","breadcrumb":{"@id":"https:\/\/www.halifax-consulting.com\/de\/training\/unsere-anderen-kaufmaennischen-trainings\/c-level-selling-training\/#breadcrumb"},"inLanguage":"de-DE","potentialAction":[{"@type":"ReadAction","target":["https:\/\/www.halifax-consulting.com\/de\/training\/unsere-anderen-kaufmaennischen-trainings\/c-level-selling-training\/"]}]},{"@type":"BreadcrumbList","@id":"https:\/\/www.halifax-consulting.com\/de\/training\/unsere-anderen-kaufmaennischen-trainings\/c-level-selling-training\/#breadcrumb","itemListElement":[{"@type":"ListItem","position":1,"name":"Accueil","item":"https:\/\/www.halifax-consulting.com\/de\/"},{"@type":"ListItem","position":2,"name":"Training","item":"https:\/\/www.halifax-consulting.com\/de\/training\/"},{"@type":"ListItem","position":3,"name":"Unsere anderen kaufm\u00e4nnischen Trainings","item":"https:\/\/www.halifax-consulting.com\/de\/training\/unsere-anderen-kaufmaennischen-trainings\/"},{"@type":"ListItem","position":4,"name":"C-level Selling Training"}]},{"@type":"WebSite","@id":"https:\/\/www.halifax-consulting.com\/de\/#website","url":"https:\/\/www.halifax-consulting.com\/de\/","name":"Halifax Consulting \u2013 DE","description":"Halifax Consulting","publisher":{"@id":"https:\/\/www.halifax-consulting.com\/de\/#organization"},"potentialAction":[{"@type":"SearchAction","target":{"@type":"EntryPoint","urlTemplate":"https:\/\/www.halifax-consulting.com\/de\/?s={search_term_string}"},"query-input":"required name=search_term_string"}],"inLanguage":"de-DE"},{"@type":"Organization","@id":"https:\/\/www.halifax-consulting.com\/de\/#organization","name":"Halifax Consulting","url":"https:\/\/www.halifax-consulting.com\/de\/","logo":{"@type":"ImageObject","inLanguage":"de-DE","@id":"https:\/\/www.halifax-consulting.com\/de\/#\/schema\/logo\/image\/","url":"","contentUrl":"","caption":"Halifax Consulting"},"image":{"@id":"https:\/\/www.halifax-consulting.com\/de\/#\/schema\/logo\/image\/"}}]}},"_links":{"self":[{"href":"https:\/\/www.halifax-consulting.com\/de\/wp-json\/wp\/v2\/pages\/2871"}],"collection":[{"href":"https:\/\/www.halifax-consulting.com\/de\/wp-json\/wp\/v2\/pages"}],"about":[{"href":"https:\/\/www.halifax-consulting.com\/de\/wp-json\/wp\/v2\/types\/page"}],"author":[{"embeddable":true,"href":"https:\/\/www.halifax-consulting.com\/de\/wp-json\/wp\/v2\/users\/17"}],"replies":[{"embeddable":true,"href":"https:\/\/www.halifax-consulting.com\/de\/wp-json\/wp\/v2\/comments?post=2871"}],"version-history":[{"count":7,"href":"https:\/\/www.halifax-consulting.com\/de\/wp-json\/wp\/v2\/pages\/2871\/revisions"}],"predecessor-version":[{"id":3489,"href":"https:\/\/www.halifax-consulting.com\/de\/wp-json\/wp\/v2\/pages\/2871\/revisions\/3489"}],"up":[{"embeddable":true,"href":"https:\/\/www.halifax-consulting.com\/de\/wp-json\/wp\/v2\/pages\/2865"}],"wp:featuredmedia":[{"embeddable":true,"href":"https:\/\/www.halifax-consulting.com\/de\/wp-json\/wp\/v2\/media\/1450"}],"wp:attachment":[{"href":"https:\/\/www.halifax-consulting.com\/de\/wp-json\/wp\/v2\/media?parent=2871"}],"wp:term":[{"taxonomy":"category","embeddable":true,"href":"https:\/\/www.halifax-consulting.com\/de\/wp-json\/wp\/v2\/categories?post=2871"}],"curies":[{"name":"wp","href":"https:\/\/api.w.org\/{rel}","templated":true}]}}