{"id":2885,"date":"2023-09-08T11:45:11","date_gmt":"2023-09-08T10:45:11","guid":{"rendered":"https:\/\/www.halifax-consulting.com\/de\/?page_id=2885"},"modified":"2025-06-24T09:37:49","modified_gmt":"2025-06-24T08:37:49","slug":"remote-selling-training","status":"publish","type":"page","link":"https:\/\/www.halifax-consulting.com\/de\/training\/unsere-anderen-kaufmaennischen-trainings\/remote-selling-training\/","title":{"rendered":"Remote Selling Training"},"content":{"rendered":"<div class=\"container\">\n\t<div class=\"row\">\n\t\t<div class=\"col-lg-12 col-md-12 col-sm-12\">\n\t\t\t<h2 class=\"intro\">\n\t\t\t\t<strong class=\"intro-h2 d-block\">Remote Selling Training: Vorbereitung von Verkaufsgespr\u00e4chen aus der Ferne, bessere Interaktion und Einbindung des Kunden in das Verkaufsgespr\u00e4ch per Videokonferenz, Fern\u00fcberwachung aller entscheidungsrelevanten Gespr\u00e4chspartner.<\/strong>\n\t\t\t\t<p>Der Fernabsatz hat sich ebenso wie die Telearbeit verbreitet. Die F&auml;higkeit, hinter einem Bildschirm zu verkaufen, &#8220;remote selling&#8221;, ist unumg&auml;nglich. Viele Kunden und Gespr&auml;chspartner schreiben dieses Format sogar ihren Lieferanten vor. Auch wenn die Verkaufstechniken im Wesentlichen gleich bleiben, gibt es neue Besonderheiten, die es zu beherrschen gilt. Sei es ein professionellerer Umgang mit den markt&uuml;blichen Fernabsatzinstrumenten (hard skills) oder eine andere Art der Interaktion auf Distanz (soft skills), die es zu beherrschen gilt.<\/p>\t\t\t<\/h2>\n\t\t<\/div>\n\t<\/div>\n<\/div>\n\n\n<section class=\"grey p-6 essentiels\">\t\n\t\n\t<div class=\"container\">\n\t\t\n\t\t<div class=\"row\">\n\t\t\t\n\t\t\t<div class=\"col-lg-7 col-md-7 col-sm-12\">\n\t\t\t\t\n\t\t\t\t\t\t\t\t\t<h3>DIE ZIELE<\/h3>\n\t\t\t\t\t<ul>\n<li>Proaktiv bei der Verbesserung des Verkaufsprozesses sein (die H&auml;ufigkeit der Kundeninteraktionen erh&ouml;hen, die Anzahl der Entscheidungstr&auml;ger in einem Gespr&auml;ch erh&ouml;hen, die Terminvereinbarungsrate steigern, die Verkaufsproduktivit&auml;t verbessern).<\/li>\n<li>Ihre Gesch&auml;ftstermine per Videokonferenz vorbereiten und den Inhalt mit Multimedia anreichern (Gamification, Videos und Soundtracks sowie visuelle Effekte)<\/li>\n<li>Aus der Ferne besser interagieren (die Herausforderung der Kamera)<\/li>\n<li>Die Art der Fragestellung im Verkauf an die Anzahl der Gespr&auml;chspartner anpassen<\/li>\n<li>Techniken des Fernabsatzes, um seine Gespr&auml;chspartner partizipativer und kollaborativer zu machen<\/li>\n<li>Wie man nach einem Verkaufsgespr&auml;ch aus der Ferne zum Abschluss kommt und Aktionspl&auml;ne in Gang setzt<\/li>\n<\/ul>\t\t\t\t\t\t\t\t\n\t\t\t\t\t\t\t\t\t<h3>DIE PLUSPUNKTE DES TRAININGS<\/h3>\n\t\t\t\t\t<p>Ein 100%iges Fernformat mit einer Gesamtdauer von 6 Stunden, mit E-Learning im Vorfeld (1 Stunde), virtuellen Klassenzimmern und individuellem Training (3 Stunden), das es erm&ouml;glicht, die Handelsausbildung auf die Erwartungen der Teilnehmer und ihre Schwierigkeiten im Alltag abzustimmen, sowie ein individuelles Coaching (2 Stunden).<\/p>\t\t\t\t\t\t\t\t\n\t\t\t\t\t\t\t\t\t<h3>AN WEN RICHTET SICH DIESE FORTBILDUNG?<\/h3>\n\t\t\t\t\t<p>Alle Arten von Vertriebsmitarbeitern und B2B-Vertriebsmanagern, die Kundengespr&auml;che aus der Ferne f&uuml;hren m&uuml;ssen, in den Formaten Prospektion, Pre-Sales und Verteidigung.<\/p>\n<p>Voraussetzung: Beherrschung der Verkaufstechniken und Erfahrung im Verkauf oder Marketing.<\/p>\t\t\t\t\t\t\t<\/div>\n\t\t\t\n\t\t\t<div class=\"col-lg-1 col-md-1 col-sm-12\">\t\t\t\n\t\t\t<\/div>\n\t\t\t\n\t\t\t<div class=\"col-lg-4 col-md-4 col-sm-12\">\n\t\t\t\n\t\t\t\t<!-- Notation CPF -->\n\t\t\t\t\t\t\t\t\n\t\t\t\t<div class=\"card\">\n\t\t\t\t\t\n\t\t\t\t\t<div class=\"card-header\">\n\t\t\t\t\t\n\t\t\t\t\t\tZufriedenheitsrate\t\t\t\t\t\t\n\t\t\t\t\t<\/div>\n\t\t\t\t\t\n\t\t\t\t\t\t\t\t\t\t\n\t\t\t\t\t<div class=\"satisfaction\">\n\t\t\t\t\t\t<label class=\"rating-label\">\n\t\t\t\t\t\t\t<input\n\t\t\t\t\t\t    class=\"rating\"\n\t\t\t\t\t\t    max=\"5\"\n\t\t\t\t\t\t    step=\"0.5\"\n\t\t\t\t\t\t    style=\"--value:4\"\n\t\t\t\t\t\t    type=\"range\"\n\t\t\t\t\t\t    value=\"4\">\n\t\t\t\t\t\t<\/label>\n\t\t\t\t\t\n\t\t\t\t\t\t\t\t\t\t\t\n\t\t\t\t\t\t<small class=\"text-left\"><em>Zu 128 Auswertungen<\/em><\/small>\n\t\t\t\t\t\n\t\t\t\t\t\t\t\t\t\t\n\t\t\t\t\t<\/div>\n\t\t\t\t\t\n\t\t\t\t<\/div>\n\t\t\t\t\n\t\t\t\t\n\t\t\t\t<!-- Bouton VOIR LE PROGRAMME -->\n\t\t\t\t\n\t\t\t\t<p class=\"mt-4\">\n\t\t\t\t\t\n\t\t\t\t\t\t\t\t\t\t<!-- true = ouverture lien externe -->\n\t\t\t\t\t<a class=\"btn btn-hx btn-hx-orange d-block\" href=\"https:\/\/forms.zohopublic.com\/andernagroup\/form\/decontact\/formperma\/XlIah4lncCRUOHcRkPqBjnowmSCTsFE8SVZgYrw4lQQ\" title=\"Kontaktieren Sie uns, um an dieser Training teilzunehmen\" target=\"_blank\">Kontaktieren Sie uns, um an dieser Training teilzunehmen<\/a>\n\t\t\t\t\t\n\t\t\t\t\t\t\t\t\t\t\n\t\t\t\t<\/p>\n\t\t\t<\/div>\n\t\t<\/div>\n\t<\/div>\n<\/section>\n\n<!-- MODALE -->\n\n<div class=\"modal fade\" id=\"programme\" tabindex=\"-1\" role=\"dialog\" aria-labelledby=\"programme\" aria-hidden=\"true\">\n\t\n\t<div class=\"modal-dialog modal-dialog-centered modal-lg modal-dialog-scrollable\" role=\"document\">\n    \t\n    \t<div class=\"modal-content\">\n\t\t\t\n\t\t\t<div class=\"modal-header\">\n\t\t\t\t\n\t\t\t\t<h5 class=\"modal-title\" id=\"prog\">Programme<\/h5>\n\t\t\t\t\n\t\t\t\t<button type=\"button\" class=\"close\" data-dismiss=\"modal\" aria-label=\"Close\" title=\"\">\n\t\t\t\t\t<span aria-hidden=\"true\">&times;<\/span>\n\t\t\t\t<\/button>\n\t\t\t\t\n    \t\t<\/div>\n\t\t\t\n\t\t\t<div class=\"modal-body\">\n\t\t\t\t\n\t\t\t\t<div class=\"row\">\n\t\t\t\t\n\t\t\t\t\t<div class=\"col-lg-12 col-md-9 col-sm-12\">\n\t\t\t\t\t\t\n\t\t\t\t\t\t<div class=\"accordion accordion-programme\" id=\"prog\">\n\t\t\t\t\n\t\t\t\t\t\t\t\t\t\t\t\t\t\t\t\n\t\t\t\t\t\t\t\t\t\t\t\t\n\t\t\t\t\t\t\t\t<div class=\"card\">\n\t\t\t\t\t\n\t\t\t\t\t\t\t\t\t<div class=\"card-header\" id=\"heading1\">\n\t\t\t\t\t\t\n\t\t\t\t\t\t\t\t\t\t<button class=\"btn btn-link btn-block\" type=\"button\" data-toggle=\"collapse\" data-target=\"#collapse1\" aria-expanded=\"false\" aria-controls=\"collapse1\">\n\t\t\t\t\t\t\t\t\t\t\t\t\t\t\t\t\t\t\t\t\t\t\n\t\t\t\t\t\t\t\t\t\t<\/button>\n\t\t\n\t\t\t\t\t\t\t\t\t<\/div><!-- .card-header -->\n\t\t\t\t\t\n\t\t\t\t\t\t\t\t\t<div id=\"collapse1\" class=\"collapse\" aria-labelledby=\"heading1\" data-parent=\"#prog\">\n\t\t\t\t\t\t\t\t\t\t\n\t\t\t\t\t\t\t\t\t\t<div class=\"card-body\">\n\t\t\t\t\t\t\t\t\t\t\t\t\t\t\t\t\t\t\t\t\t<\/div><!-- .card-body -->\n\t\t\t\t\t\t\t\t\t\t\n\t\t\t\t\t\t\t\t\t<\/div><!-- .collapseID -->\n\t\t\t\t\t\t\t\t<\/div>\n\t\t\t\t\t\t\n\t\t\t\t\t\t\t\t\t\t\t\t\t\t\t\t\t\t\t\t\n\t\t\t\t\t\t<\/div>\n\t\t\t\t\t<\/div>\n\t\t\t\t<\/div>\n    \t\t<\/div>\n    \t<\/div>\n\t<\/div>\n<\/div>\n\n\n\n\n<section class=\"block_texte_cta\">\n\t<div class=\"container\">\n\t\t<div class=\"row\">\n\t\t\n\t\t\t<div class=\"col-lg-6 col-md-6 col-sm-12 block_texte_cta--contenu\">\n\t\t\t\t\n\t\t\t\tHalifax Consulting bietet auch andere Gesch\u00e4ftstrainings an, die auf Ihre spezifischen Bed\u00fcrfnisse zugeschnitten sind \t\t\t\t\n\t\t\t<\/div>\n\t\t\t<div class=\"col-lg-6 col-md-6 col-sm-12 block_texte_cta--bouton\">\n\t\t\t\t\n\t\t\t\t<a class=\"btn\" href=\"https:\/\/forms.zohopublic.com\/andernagroup\/form\/decontact\/formperma\/XlIah4lncCRUOHcRkPqBjnowmSCTsFE8SVZgYrw4lQQ\" title=\"Mehr erfahren\">Mehr erfahren<\/a>\n\t\t\t\t\n\t\t\t<\/div>\n\t\t\n\t\t<\/div>\n\t<\/div>\n\t\n<\/section>\n\n<section class=\"success-single grey\">\n\t<div class=\"container-fluid\">\n\t\t<div class=\"row\">\n\t\t\t\t\t\t\t \n\t\t\t\t\t\t\t\t\t\t\n\t\t\t\t\t\t\t\t\t\t<div class=\"col-lg-7 col-md-6 col-sm-12 p-6\">\n\t\t\t\t\t\t<div>\n\t\t\t\t\t\t\t<h3>Erfolgsgeschichten: Dassault Syst\u00e8mes<\/h3>\n\t\t\t\t\t\t\t<p>Um das Wachstum zu beschleunigen, ist Dassault Syst\u00e8mes auch auf die Unterst\u00fctzung eines hochqualifizierten eigenen Vertriebsteams angewiesen.<\/p>\n\t\t\t\t\t\t\t<p>\n\t\t\t\t\t\t\t\t<a href=\"https:\/\/www.halifax-consulting.com\/de\/erfolgsgeschichten\/dassault-systemes\/\" class=\"btn btn-hx btn-hx-ducky\">Weiterlesen<\/a>\n\t\t\t\t\t\t\t<\/p>\n\t\t\t\t\t\t<\/div>\n\t\t\t\t\t<\/div>\n\t\t\t\t\t<div class=\"col-lg-5 col-md-6 col-sm-12 p-0\">\n\t\t\t\t\t\t\t<figure class=\"\">\n<!-- \t\t\t\t\t\t\t\t<img decoding=\"async\" src=\"https:\/\/www.halifax-consulting.com\/de\/wp-content\/uploads\/sites\/8\/2019\/12\/halifax-consulting-success-story-3DS.jpg\" alt=\"image success-story\" \/> -->\n\t\t\t\t\t\t\t\t<img decoding=\"async\" loading=\"lazy\" src=\"https:\/\/www.halifax-consulting.com\/de\/wp-content\/uploads\/sites\/8\/2019\/12\/halifax-consulting-success-story-3DS.jpg\" alt=\"\" width=\"100%\" height=\"\" >\t\t\t\t\t\t\t<\/figure>\n\t\t\t\t\t<\/div>\n\t\t\t\t\t\t\t\t\t<\/div>\n\t<\/div>\n<\/section>\n","protected":false},"excerpt":{"rendered":"","protected":false},"author":17,"featured_media":2845,"parent":2865,"menu_order":0,"comment_status":"closed","ping_status":"closed","template":"","meta":[],"categories":[],"acf":[],"yoast_head":"<!-- This site is optimized with the Yoast SEO plugin v19.9 - https:\/\/yoast.com\/wordpress\/plugins\/seo\/ -->\n<title>Remote Selling Training<\/title>\n<meta name=\"description\" content=\"Remote Selling Training\" \/>\n<link rel=\"canonical\" href=\"https:\/\/www.halifax-consulting.com\/de\/training\/unsere-anderen-kaufmaennischen-trainings\/remote-selling-training\/\" \/>\n<meta property=\"og:locale\" content=\"de_DE\" \/>\n<meta property=\"og:type\" content=\"article\" \/>\n<meta property=\"og:title\" content=\"Remote Selling Training\" \/>\n<meta property=\"og:description\" content=\"Remote Selling Training\" \/>\n<meta property=\"og:url\" content=\"https:\/\/www.halifax-consulting.com\/de\/training\/unsere-anderen-kaufmaennischen-trainings\/remote-selling-training\/\" \/>\n<meta property=\"og:site_name\" content=\"Halifax Consulting \u2013 DE\" \/>\n<meta property=\"article:modified_time\" content=\"2025-06-24T08:37:49+00:00\" \/>\n<meta property=\"og:image\" content=\"https:\/\/www.halifax-consulting.com\/de\/wp-content\/uploads\/sites\/8\/2023\/04\/Remote-selling.png\" \/>\n\t<meta property=\"og:image:width\" content=\"2114\" \/>\n\t<meta property=\"og:image:height\" content=\"390\" \/>\n\t<meta property=\"og:image:type\" content=\"image\/png\" \/>\n<meta name=\"twitter:card\" content=\"summary_large_image\" \/>\n<script type=\"application\/ld+json\" class=\"yoast-schema-graph\">{\"@context\":\"https:\/\/schema.org\",\"@graph\":[{\"@type\":\"WebPage\",\"@id\":\"https:\/\/www.halifax-consulting.com\/de\/training\/unsere-anderen-kaufmaennischen-trainings\/remote-selling-training\/\",\"url\":\"https:\/\/www.halifax-consulting.com\/de\/training\/unsere-anderen-kaufmaennischen-trainings\/remote-selling-training\/\",\"name\":\"Remote Selling Training\",\"isPartOf\":{\"@id\":\"https:\/\/www.halifax-consulting.com\/de\/#website\"},\"datePublished\":\"2023-09-08T10:45:11+00:00\",\"dateModified\":\"2025-06-24T08:37:49+00:00\",\"description\":\"Remote Selling Training\",\"breadcrumb\":{\"@id\":\"https:\/\/www.halifax-consulting.com\/de\/training\/unsere-anderen-kaufmaennischen-trainings\/remote-selling-training\/#breadcrumb\"},\"inLanguage\":\"de-DE\",\"potentialAction\":[{\"@type\":\"ReadAction\",\"target\":[\"https:\/\/www.halifax-consulting.com\/de\/training\/unsere-anderen-kaufmaennischen-trainings\/remote-selling-training\/\"]}]},{\"@type\":\"BreadcrumbList\",\"@id\":\"https:\/\/www.halifax-consulting.com\/de\/training\/unsere-anderen-kaufmaennischen-trainings\/remote-selling-training\/#breadcrumb\",\"itemListElement\":[{\"@type\":\"ListItem\",\"position\":1,\"name\":\"Accueil\",\"item\":\"https:\/\/www.halifax-consulting.com\/de\/\"},{\"@type\":\"ListItem\",\"position\":2,\"name\":\"Training\",\"item\":\"https:\/\/www.halifax-consulting.com\/de\/training\/\"},{\"@type\":\"ListItem\",\"position\":3,\"name\":\"Unsere anderen kaufm\u00e4nnischen Trainings\",\"item\":\"https:\/\/www.halifax-consulting.com\/de\/training\/unsere-anderen-kaufmaennischen-trainings\/\"},{\"@type\":\"ListItem\",\"position\":4,\"name\":\"Remote Selling Training\"}]},{\"@type\":\"WebSite\",\"@id\":\"https:\/\/www.halifax-consulting.com\/de\/#website\",\"url\":\"https:\/\/www.halifax-consulting.com\/de\/\",\"name\":\"Halifax Consulting \u2013 DE\",\"description\":\"Halifax Consulting\",\"publisher\":{\"@id\":\"https:\/\/www.halifax-consulting.com\/de\/#organization\"},\"potentialAction\":[{\"@type\":\"SearchAction\",\"target\":{\"@type\":\"EntryPoint\",\"urlTemplate\":\"https:\/\/www.halifax-consulting.com\/de\/?s={search_term_string}\"},\"query-input\":\"required name=search_term_string\"}],\"inLanguage\":\"de-DE\"},{\"@type\":\"Organization\",\"@id\":\"https:\/\/www.halifax-consulting.com\/de\/#organization\",\"name\":\"Halifax Consulting\",\"url\":\"https:\/\/www.halifax-consulting.com\/de\/\",\"logo\":{\"@type\":\"ImageObject\",\"inLanguage\":\"de-DE\",\"@id\":\"https:\/\/www.halifax-consulting.com\/de\/#\/schema\/logo\/image\/\",\"url\":\"\",\"contentUrl\":\"\",\"caption\":\"Halifax Consulting\"},\"image\":{\"@id\":\"https:\/\/www.halifax-consulting.com\/de\/#\/schema\/logo\/image\/\"}}]}<\/script>\n<!-- \/ Yoast SEO plugin. -->","yoast_head_json":{"title":"Remote Selling Training","description":"Remote Selling Training","canonical":"https:\/\/www.halifax-consulting.com\/de\/training\/unsere-anderen-kaufmaennischen-trainings\/remote-selling-training\/","og_locale":"de_DE","og_type":"article","og_title":"Remote Selling Training","og_description":"Remote Selling Training","og_url":"https:\/\/www.halifax-consulting.com\/de\/training\/unsere-anderen-kaufmaennischen-trainings\/remote-selling-training\/","og_site_name":"Halifax Consulting \u2013 DE","article_modified_time":"2025-06-24T08:37:49+00:00","og_image":[{"width":2114,"height":390,"url":"https:\/\/www.halifax-consulting.com\/de\/wp-content\/uploads\/sites\/8\/2023\/04\/Remote-selling.png","type":"image\/png"}],"twitter_card":"summary_large_image","schema":{"@context":"https:\/\/schema.org","@graph":[{"@type":"WebPage","@id":"https:\/\/www.halifax-consulting.com\/de\/training\/unsere-anderen-kaufmaennischen-trainings\/remote-selling-training\/","url":"https:\/\/www.halifax-consulting.com\/de\/training\/unsere-anderen-kaufmaennischen-trainings\/remote-selling-training\/","name":"Remote Selling Training","isPartOf":{"@id":"https:\/\/www.halifax-consulting.com\/de\/#website"},"datePublished":"2023-09-08T10:45:11+00:00","dateModified":"2025-06-24T08:37:49+00:00","description":"Remote Selling Training","breadcrumb":{"@id":"https:\/\/www.halifax-consulting.com\/de\/training\/unsere-anderen-kaufmaennischen-trainings\/remote-selling-training\/#breadcrumb"},"inLanguage":"de-DE","potentialAction":[{"@type":"ReadAction","target":["https:\/\/www.halifax-consulting.com\/de\/training\/unsere-anderen-kaufmaennischen-trainings\/remote-selling-training\/"]}]},{"@type":"BreadcrumbList","@id":"https:\/\/www.halifax-consulting.com\/de\/training\/unsere-anderen-kaufmaennischen-trainings\/remote-selling-training\/#breadcrumb","itemListElement":[{"@type":"ListItem","position":1,"name":"Accueil","item":"https:\/\/www.halifax-consulting.com\/de\/"},{"@type":"ListItem","position":2,"name":"Training","item":"https:\/\/www.halifax-consulting.com\/de\/training\/"},{"@type":"ListItem","position":3,"name":"Unsere anderen kaufm\u00e4nnischen Trainings","item":"https:\/\/www.halifax-consulting.com\/de\/training\/unsere-anderen-kaufmaennischen-trainings\/"},{"@type":"ListItem","position":4,"name":"Remote Selling Training"}]},{"@type":"WebSite","@id":"https:\/\/www.halifax-consulting.com\/de\/#website","url":"https:\/\/www.halifax-consulting.com\/de\/","name":"Halifax Consulting \u2013 DE","description":"Halifax Consulting","publisher":{"@id":"https:\/\/www.halifax-consulting.com\/de\/#organization"},"potentialAction":[{"@type":"SearchAction","target":{"@type":"EntryPoint","urlTemplate":"https:\/\/www.halifax-consulting.com\/de\/?s={search_term_string}"},"query-input":"required name=search_term_string"}],"inLanguage":"de-DE"},{"@type":"Organization","@id":"https:\/\/www.halifax-consulting.com\/de\/#organization","name":"Halifax Consulting","url":"https:\/\/www.halifax-consulting.com\/de\/","logo":{"@type":"ImageObject","inLanguage":"de-DE","@id":"https:\/\/www.halifax-consulting.com\/de\/#\/schema\/logo\/image\/","url":"","contentUrl":"","caption":"Halifax Consulting"},"image":{"@id":"https:\/\/www.halifax-consulting.com\/de\/#\/schema\/logo\/image\/"}}]}},"_links":{"self":[{"href":"https:\/\/www.halifax-consulting.com\/de\/wp-json\/wp\/v2\/pages\/2885"}],"collection":[{"href":"https:\/\/www.halifax-consulting.com\/de\/wp-json\/wp\/v2\/pages"}],"about":[{"href":"https:\/\/www.halifax-consulting.com\/de\/wp-json\/wp\/v2\/types\/page"}],"author":[{"embeddable":true,"href":"https:\/\/www.halifax-consulting.com\/de\/wp-json\/wp\/v2\/users\/17"}],"replies":[{"embeddable":true,"href":"https:\/\/www.halifax-consulting.com\/de\/wp-json\/wp\/v2\/comments?post=2885"}],"version-history":[{"count":3,"href":"https:\/\/www.halifax-consulting.com\/de\/wp-json\/wp\/v2\/pages\/2885\/revisions"}],"predecessor-version":[{"id":3499,"href":"https:\/\/www.halifax-consulting.com\/de\/wp-json\/wp\/v2\/pages\/2885\/revisions\/3499"}],"up":[{"embeddable":true,"href":"https:\/\/www.halifax-consulting.com\/de\/wp-json\/wp\/v2\/pages\/2865"}],"wp:featuredmedia":[{"embeddable":true,"href":"https:\/\/www.halifax-consulting.com\/de\/wp-json\/wp\/v2\/media\/2845"}],"wp:attachment":[{"href":"https:\/\/www.halifax-consulting.com\/de\/wp-json\/wp\/v2\/media?parent=2885"}],"wp:term":[{"taxonomy":"category","embeddable":true,"href":"https:\/\/www.halifax-consulting.com\/de\/wp-json\/wp\/v2\/categories?post=2885"}],"curies":[{"name":"wp","href":"https:\/\/api.w.org\/{rel}","templated":true}]}}