{"id":2898,"date":"2023-04-06T16:53:31","date_gmt":"2023-04-06T15:53:31","guid":{"rendered":"https:\/\/www.halifax-consulting.com\/de\/?page_id=2898"},"modified":"2025-06-24T09:39:49","modified_gmt":"2025-06-24T08:39:49","slug":"halifax-sales-bootcamp","status":"publish","type":"page","link":"https:\/\/www.halifax-consulting.com\/de\/digital-learning\/halifax-sales-bootcamp\/","title":{"rendered":"Halifax Sales Bootcamp"},"content":{"rendered":"<div class=\"container\">\n\t<div class=\"row\">\n\t\t<div class=\"col-lg-12 col-md-12 col-sm-12\">\n\t\t\t<h2 class=\"intro\">\n\t\t\t\t<strong class=\"intro-h2 d-block\">Eine digitale L\u00f6sung zur Bewertung der Kompetenzen Ihrer Manager und Vertriebsmitarbeiter!<\/strong>\n\t\t\t\t<p>Mit der Halifax Sales Bootcamp-L&ouml;sung k&ouml;nnen Sie individuelle und kollektive Berichte &uuml;ber das Niveau der Kompetenzen erstellen, die bei Verkaufs- oder Verhandlungssimulationen beobachtet wurden. Dank unserer Datenbank mit Tausenden von Vertriebsmitarbeitern k&ouml;nnen Sie auch Ihre Vertriebsmitarbeiter auf ihre starken und beherrschten Kompetenzen und auf die Kompetenzen, die von ihnen abweichen, kalibrieren.<\/p>\n<p>Die Bewertungen jeder Simulation werden in unserer digitalen L&ouml;sung Halifax Sales Bootcamp gespeichert.<\/p>\n<p>Die Halifax Sales Bootcamp-L&ouml;sung hebt hervor, welche F&auml;higkeiten beherrscht werden und welche Coaching-Ma&szlig;nahmen rechtfertigen.<\/p>\t\t\t<\/h2>\n\t\t<\/div>\n\t<\/div>\n<\/div>\n\n\n\n<section class=\"navy cartes py-6\">\n\t\n\t<div class=\"container\">\n\t\n\t\t\n\t<div class=\"row\">\n\t\t\n\t\t<div class=\"col-lg-12 col-md-12 col-sm-12\">\n\t\t\t\n\t\t\t<h2 class=\"text-center\">\n\t\t\t\t\n\t\t\t\tHSB BESTEHT AUS VIER COACHING- UND TRAININGSAKTIVIT\u00c4TEN:\t\n\t\t\t<\/h2>\n\t\t\t\n\t\t<\/div>\n\t\t\n\t<\/div>\n\t\n\t\t\n\t<div class=\"row\">\n\t\t\t\t\t\n\t\t\t\t\t\t\t\n\t\t\t\t\t\t\t\t\n\t\t\t\t\t\t\t\n\t\t\t\t<div class=\"col-lg-6 col-md-6 col-sm-12\">\n\t\t\t\t\t\n\t\t\t\t\t<div class=\"carte h-100\">\n\t\t\t\t\t\t\n\t\t\t\t\t\t<h3 class=\"pb-1 carte__h3\">AUTODIAG <\/h3>\n\t\t\t\t\t\t<div class=\"carte__content\">\n\t\t\t\t\t\t\t<p>Die Person bewertet sich selbst in Bezug auf die ausgew&auml;hlten Kompetenzen.<\/p>\t\t\t\t\t\t<\/div>\n\t\t\t\t\t\t\n\t\t\t\t\t\t\t\t\t\t\t\t\n\t\t\t\t\t<\/div>\n\t\t\t\t\t\n\t\t\t\t<\/div>\n\t\t\t\t\n\t\t\t\t\t\t\t\n\t\t\t\t\t\t\t\t\n\t\t\t\t\t\t\t\n\t\t\t\t<div class=\"col-lg-6 col-md-6 col-sm-12\">\n\t\t\t\t\t\n\t\t\t\t\t<div class=\"carte h-100\">\n\t\t\t\t\t\t\n\t\t\t\t\t\t<h3 class=\"pb-1 carte__h3\">Betreuung <\/h3>\n\t\t\t\t\t\t<div class=\"carte__content\">\n\t\t\t\t\t\t\t<p>Der Berater beobachtet und bewertet die F&auml;higkeiten anhand eines simulierten Verkaufsgespr&auml;chs.<\/p>\t\t\t\t\t\t<\/div>\n\t\t\t\t\t\t\n\t\t\t\t\t\t\t\t\t\t\t\t\n\t\t\t\t\t<\/div>\n\t\t\t\t\t\n\t\t\t\t<\/div>\n\t\t\t\t\n\t\t\t\t\t\t\t\n\t\t\t\t\t\t\t\t\n\t\t\t\t\t\t\t\n\t\t\t\t<div class=\"col-lg-6 col-md-6 col-sm-12\">\n\t\t\t\t\t\n\t\t\t\t\t<div class=\"carte h-100\">\n\t\t\t\t\t\t\n\t\t\t\t\t\t<h3 class=\"pb-1 carte__h3\">Video-Pitch <\/h3>\n\t\t\t\t\t\t<div class=\"carte__content\">\n\t\t\t\t\t\t\t<p>Asynchrone &Uuml;bung, bei der der Coachee einen Pitch aufnimmt, den der Berater oder sein Manager in einem zweiten Schritt debrieft.<\/p>\t\t\t\t\t\t<\/div>\n\t\t\t\t\t\t\n\t\t\t\t\t\t\t\t\t\t\t\t\n\t\t\t\t\t<\/div>\n\t\t\t\t\t\n\t\t\t\t<\/div>\n\t\t\t\t\n\t\t\t\t\t\t\t\n\t\t\t\t\t\t\t\t\n\t\t\t\t\t\t\t\n\t\t\t\t<div class=\"col-lg-6 col-md-6 col-sm-12\">\n\t\t\t\t\t\n\t\t\t\t\t<div class=\"carte h-100\">\n\t\t\t\t\t\t\n\t\t\t\t\t\t<h3 class=\"pb-1 carte__h3\">Business Case <\/h3>\n\t\t\t\t\t\t<div class=\"carte__content\">\n\t\t\t\t\t\t\t<p>Asynchrone &Uuml;bung, bei der der Coachee auf eine (schriftliche) Fragestellung antwortet, die Nachbesprechung findet in einem zweiten Schritt statt.<\/p>\t\t\t\t\t\t<\/div>\n\t\t\t\t\t\t\n\t\t\t\t\t\t\t\t\t\t\t\t\n\t\t\t\t\t<\/div>\n\t\t\t\t\t\n\t\t\t\t<\/div>\n\t\t\t\t\n\t\t\t\t\n\t\t\t\n\t\t\t\t\n\t\t\t\t\n\t<\/div>\n\t\n<\/section>\n\n\n\n<section class=\"light block-benefits-4 py-6\">\n\t\n\t<div class=\"container\">\n\t\t\n\t\t<div class=\"row\">\n\t\t\t\n\t\t\t<div class=\"col-lg-12 col-md-12 col-sm-12\">\n\t\t\t\t\n\t\t\t\t<h2 class=\"text-center\">PRINZIPIEN UND FUNKTIONEN DES VIDEOTRAININGS<\/h2>\n\t\t\t\t\n\t\t\t<\/div>\n\t\t\n\t\t<\/div>\n\t\t\n\t\t<div class=\"row\">\n\t\t\t \n\t\t\t\t\t\t\t\n\t\t\t\t\t\t\t\t \n\t\t\t\t\t\n\t\t\t\t\t<div class=\"col-lg-6 col-md-6 col-sm-12 mb-4\">\n\t\t\t\t\t\t\n\t\t\t\t\t\t<div class=\"row\">\n\t\t\t\t\t\t\t\n\t\t\t\t\t\t\t<div class=\"col-lg-2 col-sm-3 col-sm-12\">\n\t\t\t\t\t\t\t\t\n\t\t\t\t\t\t\t\t<img decoding=\"async\" class=\"fadeIn\" src=\"https:\/\/www.halifax-consulting.com\/de\/wp-content\/themes\/halifax\/library\/img\/halifax-consulting-benefits-icon.svg\" alt=\"icone benefices\" width=\"100%\" \/>\n\t\t\t\t\t\t\t<\/div>\n\t\t\t\t\t\t\t\n\t\t\t\t\t\t\t<div class=\"col-lg-10 col-sm-9 col-sm-12 fadeIn\">\n\t\t\t\t\t\t\t\t\n\t\t\t\t\t\t\t\t<h3 class=\"benef-title\">Die Forderung nach Video und Aufnahmen vor der Kamera<\/h3>\n\t\t\t\t\t\t\t\t\n\t\t\t\t\t\t\t\t<div class=\"benef-content\">\n\t\t\t\t\t\t\t\t\t<p>Um Fortschritte zu machen, muss man wiederholen: Im Durchschnitt werden Ihre Mitarbeiter 6 Aufnahmen machen, bevor sie ihre Antwort an den Coach schicken.<\/p>\t\t\t\t\t\t\t\t<\/div>\n\t\t\t\t\t\t\t\t\n\t\t\t\t\t\t\t<\/div>\n\t\t\t\t\t\t\t \n\t\t\t\t\t\t<\/div>\n\t\t\t\t\t\t\n\t\t\t\t\t<\/div>\n\n\t\t\t\t\t\t\t\t \n\t\t\t\t\t\n\t\t\t\t\t<div class=\"col-lg-6 col-md-6 col-sm-12 mb-4\">\n\t\t\t\t\t\t\n\t\t\t\t\t\t<div class=\"row\">\n\t\t\t\t\t\t\t\n\t\t\t\t\t\t\t<div class=\"col-lg-2 col-sm-3 col-sm-12\">\n\t\t\t\t\t\t\t\t\n\t\t\t\t\t\t\t\t<img decoding=\"async\" class=\"fadeIn\" src=\"https:\/\/www.halifax-consulting.com\/de\/wp-content\/themes\/halifax\/library\/img\/halifax-consulting-benefits-icon.svg\" alt=\"icone benefices\" width=\"100%\" \/>\n\t\t\t\t\t\t\t<\/div>\n\t\t\t\t\t\t\t\n\t\t\t\t\t\t\t<div class=\"col-lg-10 col-sm-9 col-sm-12 fadeIn\">\n\t\t\t\t\t\t\t\t\n\t\t\t\t\t\t\t\t<h3 class=\"benef-title\">Der Komfort einer pers\u00f6nlichen Lernblase um zu lernen<\/h3>\n\t\t\t\t\t\t\t\t\n\t\t\t\t\t\t\t\t<div class=\"benef-content\">\n\t\t\t\t\t\t\t\t\t<p>Der Vertriebsmitarbeiter wiederholt seine Argumente ohne Druck von der Gruppe oder von anderen, wann immer er will. Nur sein Coach gibt ihm ein Feedback.<\/p>\t\t\t\t\t\t\t\t<\/div>\n\t\t\t\t\t\t\t\t\n\t\t\t\t\t\t\t<\/div>\n\t\t\t\t\t\t\t \n\t\t\t\t\t\t<\/div>\n\t\t\t\t\t\t\n\t\t\t\t\t<\/div>\n\n\t\t\t\t\t\t\t\t \n\t\t\t\t\t\n\t\t\t\t\t<div class=\"col-lg-6 col-md-6 col-sm-12 mb-4\">\n\t\t\t\t\t\t\n\t\t\t\t\t\t<div class=\"row\">\n\t\t\t\t\t\t\t\n\t\t\t\t\t\t\t<div class=\"col-lg-2 col-sm-3 col-sm-12\">\n\t\t\t\t\t\t\t\t\n\t\t\t\t\t\t\t\t<img decoding=\"async\" class=\"fadeIn\" src=\"https:\/\/www.halifax-consulting.com\/de\/wp-content\/themes\/halifax\/library\/img\/halifax-consulting-benefits-icon.svg\" alt=\"icone benefices\" width=\"100%\" \/>\n\t\t\t\t\t\t\t<\/div>\n\t\t\t\t\t\t\t\n\t\t\t\t\t\t\t<div class=\"col-lg-10 col-sm-9 col-sm-12 fadeIn\">\n\t\t\t\t\t\t\t\t\n\t\t\t\t\t\t\t\t<h3 class=\"benef-title\">Eine Qualit\u00e4t von Feedback<\/h3>\n\t\t\t\t\t\t\t\t\n\t\t\t\t\t\t\t\t<div class=\"benef-content\">\n\t\t\t\t\t\t\t\t\t<p>Der Coach gibt nat&uuml;rlich sein genaues und qualitatives Feedback, bringt eine pers&ouml;nliche Nachbesprechung und einen Datenvergleich mit Tausenden von anderen Vertriebsmitarbeitern.<\/p>\t\t\t\t\t\t\t\t<\/div>\n\t\t\t\t\t\t\t\t\n\t\t\t\t\t\t\t<\/div>\n\t\t\t\t\t\t\t \n\t\t\t\t\t\t<\/div>\n\t\t\t\t\t\t\n\t\t\t\t\t<\/div>\n\n\t\t\t\t\t\n\t\t\t \n\t\t\t\t\t \n\t\t\t\t\t<\/div>\n\t\t\n\t<\/div>\n\t \n<\/section>\n\n<section class=\"block_texte_cta\">\n\t<div class=\"container\">\n\t\t<div class=\"row\">\n\t\t\n\t\t\t<div class=\"col-lg-6 col-md-6 col-sm-12 block_texte_cta--contenu\">\n\t\t\t\t\n\t\t\t\tErfahren Sie mehr \u00fcber unsere digitale L\u00f6sung Halifax Sales Bootcamp&#8230;\t\t\t\t\n\t\t\t<\/div>\n\t\t\t<div class=\"col-lg-6 col-md-6 col-sm-12 block_texte_cta--bouton\">\n\t\t\t\t\n\t\t\t\t<a class=\"btn\" href=\"https:\/\/forms.zohopublic.com\/andernagroup\/form\/decontact\/formperma\/XlIah4lncCRUOHcRkPqBjnowmSCTsFE8SVZgYrw4lQQ\" title=\"Kontaktieren Sie uns\">Kontaktieren Sie uns<\/a>\n\t\t\t\t\n\t\t\t<\/div>\n\t\t\n\t\t<\/div>\n\t<\/div>\n\t\n<\/section>\n\n<section class=\"navy py-6\">\n\t<div class=\"container\">\n\t\t<div class=\"row\">\n\t\t\t<div class=\"col-lg-12 col-md-12 col-sm-12\">\n\t\t\t\t\t\t\t\t<h2 class=\"text-center\">\n\t\t\t\t\t\t\t\t\t\tDAS VIDEOTRAINING IST F\u00dcR SIE, WENN SIE:\t\t\t\t\t\t\t\t\t\t\t\t\t\t\t\n\t\t\t\t\t\n\t\t\t\t<\/h2>\n\t\t\t\t\t\t\t<\/div>\n\t\t<\/div>\n\t\t<div class=\"row\">\n\t\t\t<div class=\"col-lg-12 col-md-12 col-sm-12\">\n\t\t\t\t<div class=\"accordion\" id=\"args\">\n\t\t\t\t\t\t\t\t\t\t\t\t\t\t\t\t<div class=\"card\">\n\t\t\t\t\t<div class=\"card-header\" id=\"heading-1\">\n\t\t\t\t\t\t<button  type=\"button\" data-toggle=\"collapse\" data-target=\"#collapse-1\" aria-expanded=\"true\" aria-controls=\"collapse-1\">\n\t\t\t\t\t\tManagement\t\t\t\t\t\t<i data-feather=\"chevron-down\"><\/i>\n\t\t\t\t\t\t<\/button>\n\t\t\t\t\t\t\t\t\t\t\t<\/div>\n\t\t\t\t\t<div id=\"collapse-1\" class=\"collapse show\" aria-labelledby=\"heading-1\" data-parent=\"#args\">\n\t\t\t\t\t\t<div class=\"card-body\">\n\t\t\t\t\t\t\t<p>Verdichten Sie die Coaching-Zeit Ihrer lokalen Vertriebsmanager. Sie sorgen f\u00fcr die Umsetzung Ihrer Gesch\u00e4ftsstrategie, von den Marketingkonzepten bis hin zu den &#8220;Muskeln&#8221; Ihrer Vertriebsmitarbeiter.<\/p>\n\t\t\t\t\t\t<\/div>\n\t\t\t\t\t<\/div>\n\t\t\t\t<\/div>\n\t\t\t\t\t\t\t\t\t\t\t\t\t\t\t\t\t\t\t\t<div class=\"card\">\n\t\t\t\t\t<div class=\"card-header\" id=\"heading-2\">\n\t\t\t\t\t\t<button class=\"btn btn-link collapsed\" type=\"button\" data-toggle=\"collapse\" data-target=\"#collapse-2\" aria-expanded=\"false\" aria-controls=\"collapse-2\">\n\t\t\t\t\t\tMarketing\t\t\t\t\t\t<i data-feather=\"chevron-down\"><\/i>\n\t\t\t\t\t\t<\/button>\n\t\t\t\t\t\t\t\t\t\t\t<\/div>\n\t\t\t\t\t<div id=\"collapse-2\" class=\"collapse \" aria-labelledby=\"heading-2\" data-parent=\"#args\">\n\t\t\t\t\t\t<div class=\"card-body\">\n\t\t\t\t\t\t\t<p>Modellieren Sie die besten Argumente, Einwandbehandlungen, Erfolgsgeschichten oder Produkte, die aus der Praxis kommen. Sie sorgen daf\u00fcr, dass komplexe, anspruchsvolle oder neue Produkte oder L\u00f6sungen richtig umgesetzt werden.<\/p>\n\t\t\t\t\t\t<\/div>\n\t\t\t\t\t<\/div>\n\t\t\t\t<\/div>\n\t\t\t\t\t\t\t\t\t\t\t\t\t\t\t\t\t\t\t\t<div class=\"card\">\n\t\t\t\t\t<div class=\"card-header\" id=\"heading-3\">\n\t\t\t\t\t\t<button class=\"btn btn-link collapsed\" type=\"button\" data-toggle=\"collapse\" data-target=\"#collapse-3\" aria-expanded=\"false\" aria-controls=\"collapse-3\">\n\t\t\t\t\t\tHR\t\t\t\t\t\t<i data-feather=\"chevron-down\"><\/i>\n\t\t\t\t\t\t<\/button>\n\t\t\t\t\t\t\t\t\t\t\t<\/div>\n\t\t\t\t\t<div id=\"collapse-3\" class=\"collapse \" aria-labelledby=\"heading-3\" data-parent=\"#args\">\n\t\t\t\t\t\t<div class=\"card-body\">\n\t\t\t\t\t\t\t<p>Teams im Laufe der Zeit zu bestimmten Themen, zur Gesch\u00e4ftshaltung, zum Savoir-vivre voranbringen. N\u00fctzlich f\u00fcr jedes Thema, bei dem es um das Sprechen geht, und zum \u00dcben.<\/p>\n\t\t\t\t\t\t<\/div>\n\t\t\t\t\t<\/div>\n\t\t\t\t<\/div>\n\t\t\t\t\t\t\t\t\t\t\t\t<\/div>\n\t\t\t<\/div>\n\t\t\t\n\t\t<\/div>\n\t<\/div>\n<\/section>\n","protected":false},"excerpt":{"rendered":"","protected":false},"author":17,"featured_media":1508,"parent":549,"menu_order":0,"comment_status":"closed","ping_status":"closed","template":"","meta":[],"categories":[],"acf":[],"yoast_head":"<!-- This site is optimized with the Yoast SEO plugin v19.9 - https:\/\/yoast.com\/wordpress\/plugins\/seo\/ -->\n<title>Halifax Sales Bootcamp<\/title>\n<meta name=\"description\" content=\"Halifax Sales Bootcamp\" \/>\n<link rel=\"canonical\" href=\"https:\/\/www.halifax-consulting.com\/de\/digital-learning\/halifax-sales-bootcamp\/\" \/>\n<meta property=\"og:locale\" content=\"de_DE\" \/>\n<meta property=\"og:type\" content=\"article\" \/>\n<meta property=\"og:title\" content=\"Halifax Sales Bootcamp\" \/>\n<meta property=\"og:description\" content=\"Halifax Sales Bootcamp\" \/>\n<meta property=\"og:url\" content=\"https:\/\/www.halifax-consulting.com\/de\/digital-learning\/halifax-sales-bootcamp\/\" \/>\n<meta property=\"og:site_name\" content=\"Halifax Consulting \u2013 DE\" \/>\n<meta property=\"article:modified_time\" content=\"2025-06-24T08:39:49+00:00\" \/>\n<meta property=\"og:image\" content=\"https:\/\/www.halifax-consulting.com\/de\/wp-content\/uploads\/sites\/8\/2020\/03\/halifax-consulting-digital-learning-video.jpg\" \/>\n\t<meta property=\"og:image:width\" content=\"1000\" \/>\n\t<meta property=\"og:image:height\" content=\"360\" \/>\n\t<meta property=\"og:image:type\" content=\"image\/jpeg\" \/>\n<meta name=\"twitter:card\" content=\"summary_large_image\" \/>\n<script type=\"application\/ld+json\" class=\"yoast-schema-graph\">{\"@context\":\"https:\/\/schema.org\",\"@graph\":[{\"@type\":\"WebPage\",\"@id\":\"https:\/\/www.halifax-consulting.com\/de\/digital-learning\/halifax-sales-bootcamp\/\",\"url\":\"https:\/\/www.halifax-consulting.com\/de\/digital-learning\/halifax-sales-bootcamp\/\",\"name\":\"Halifax Sales Bootcamp\",\"isPartOf\":{\"@id\":\"https:\/\/www.halifax-consulting.com\/de\/#website\"},\"datePublished\":\"2023-04-06T15:53:31+00:00\",\"dateModified\":\"2025-06-24T08:39:49+00:00\",\"description\":\"Halifax Sales Bootcamp\",\"breadcrumb\":{\"@id\":\"https:\/\/www.halifax-consulting.com\/de\/digital-learning\/halifax-sales-bootcamp\/#breadcrumb\"},\"inLanguage\":\"de-DE\",\"potentialAction\":[{\"@type\":\"ReadAction\",\"target\":[\"https:\/\/www.halifax-consulting.com\/de\/digital-learning\/halifax-sales-bootcamp\/\"]}]},{\"@type\":\"BreadcrumbList\",\"@id\":\"https:\/\/www.halifax-consulting.com\/de\/digital-learning\/halifax-sales-bootcamp\/#breadcrumb\",\"itemListElement\":[{\"@type\":\"ListItem\",\"position\":1,\"name\":\"Accueil\",\"item\":\"https:\/\/www.halifax-consulting.com\/de\/\"},{\"@type\":\"ListItem\",\"position\":2,\"name\":\"Digital &amp; KI\",\"item\":\"https:\/\/www.halifax-consulting.com\/de\/digital-learning\/\"},{\"@type\":\"ListItem\",\"position\":3,\"name\":\"Halifax Sales Bootcamp\"}]},{\"@type\":\"WebSite\",\"@id\":\"https:\/\/www.halifax-consulting.com\/de\/#website\",\"url\":\"https:\/\/www.halifax-consulting.com\/de\/\",\"name\":\"Halifax Consulting \u2013 DE\",\"description\":\"Halifax Consulting\",\"publisher\":{\"@id\":\"https:\/\/www.halifax-consulting.com\/de\/#organization\"},\"potentialAction\":[{\"@type\":\"SearchAction\",\"target\":{\"@type\":\"EntryPoint\",\"urlTemplate\":\"https:\/\/www.halifax-consulting.com\/de\/?s={search_term_string}\"},\"query-input\":\"required name=search_term_string\"}],\"inLanguage\":\"de-DE\"},{\"@type\":\"Organization\",\"@id\":\"https:\/\/www.halifax-consulting.com\/de\/#organization\",\"name\":\"Halifax Consulting\",\"url\":\"https:\/\/www.halifax-consulting.com\/de\/\",\"logo\":{\"@type\":\"ImageObject\",\"inLanguage\":\"de-DE\",\"@id\":\"https:\/\/www.halifax-consulting.com\/de\/#\/schema\/logo\/image\/\",\"url\":\"\",\"contentUrl\":\"\",\"caption\":\"Halifax Consulting\"},\"image\":{\"@id\":\"https:\/\/www.halifax-consulting.com\/de\/#\/schema\/logo\/image\/\"}}]}<\/script>\n<!-- \/ Yoast SEO plugin. -->","yoast_head_json":{"title":"Halifax Sales Bootcamp","description":"Halifax Sales Bootcamp","canonical":"https:\/\/www.halifax-consulting.com\/de\/digital-learning\/halifax-sales-bootcamp\/","og_locale":"de_DE","og_type":"article","og_title":"Halifax Sales Bootcamp","og_description":"Halifax Sales Bootcamp","og_url":"https:\/\/www.halifax-consulting.com\/de\/digital-learning\/halifax-sales-bootcamp\/","og_site_name":"Halifax Consulting \u2013 DE","article_modified_time":"2025-06-24T08:39:49+00:00","og_image":[{"width":1000,"height":360,"url":"https:\/\/www.halifax-consulting.com\/de\/wp-content\/uploads\/sites\/8\/2020\/03\/halifax-consulting-digital-learning-video.jpg","type":"image\/jpeg"}],"twitter_card":"summary_large_image","schema":{"@context":"https:\/\/schema.org","@graph":[{"@type":"WebPage","@id":"https:\/\/www.halifax-consulting.com\/de\/digital-learning\/halifax-sales-bootcamp\/","url":"https:\/\/www.halifax-consulting.com\/de\/digital-learning\/halifax-sales-bootcamp\/","name":"Halifax Sales Bootcamp","isPartOf":{"@id":"https:\/\/www.halifax-consulting.com\/de\/#website"},"datePublished":"2023-04-06T15:53:31+00:00","dateModified":"2025-06-24T08:39:49+00:00","description":"Halifax Sales Bootcamp","breadcrumb":{"@id":"https:\/\/www.halifax-consulting.com\/de\/digital-learning\/halifax-sales-bootcamp\/#breadcrumb"},"inLanguage":"de-DE","potentialAction":[{"@type":"ReadAction","target":["https:\/\/www.halifax-consulting.com\/de\/digital-learning\/halifax-sales-bootcamp\/"]}]},{"@type":"BreadcrumbList","@id":"https:\/\/www.halifax-consulting.com\/de\/digital-learning\/halifax-sales-bootcamp\/#breadcrumb","itemListElement":[{"@type":"ListItem","position":1,"name":"Accueil","item":"https:\/\/www.halifax-consulting.com\/de\/"},{"@type":"ListItem","position":2,"name":"Digital &amp; KI","item":"https:\/\/www.halifax-consulting.com\/de\/digital-learning\/"},{"@type":"ListItem","position":3,"name":"Halifax Sales Bootcamp"}]},{"@type":"WebSite","@id":"https:\/\/www.halifax-consulting.com\/de\/#website","url":"https:\/\/www.halifax-consulting.com\/de\/","name":"Halifax Consulting \u2013 DE","description":"Halifax Consulting","publisher":{"@id":"https:\/\/www.halifax-consulting.com\/de\/#organization"},"potentialAction":[{"@type":"SearchAction","target":{"@type":"EntryPoint","urlTemplate":"https:\/\/www.halifax-consulting.com\/de\/?s={search_term_string}"},"query-input":"required name=search_term_string"}],"inLanguage":"de-DE"},{"@type":"Organization","@id":"https:\/\/www.halifax-consulting.com\/de\/#organization","name":"Halifax Consulting","url":"https:\/\/www.halifax-consulting.com\/de\/","logo":{"@type":"ImageObject","inLanguage":"de-DE","@id":"https:\/\/www.halifax-consulting.com\/de\/#\/schema\/logo\/image\/","url":"","contentUrl":"","caption":"Halifax Consulting"},"image":{"@id":"https:\/\/www.halifax-consulting.com\/de\/#\/schema\/logo\/image\/"}}]}},"_links":{"self":[{"href":"https:\/\/www.halifax-consulting.com\/de\/wp-json\/wp\/v2\/pages\/2898"}],"collection":[{"href":"https:\/\/www.halifax-consulting.com\/de\/wp-json\/wp\/v2\/pages"}],"about":[{"href":"https:\/\/www.halifax-consulting.com\/de\/wp-json\/wp\/v2\/types\/page"}],"author":[{"embeddable":true,"href":"https:\/\/www.halifax-consulting.com\/de\/wp-json\/wp\/v2\/users\/17"}],"replies":[{"embeddable":true,"href":"https:\/\/www.halifax-consulting.com\/de\/wp-json\/wp\/v2\/comments?post=2898"}],"version-history":[{"count":3,"href":"https:\/\/www.halifax-consulting.com\/de\/wp-json\/wp\/v2\/pages\/2898\/revisions"}],"predecessor-version":[{"id":3503,"href":"https:\/\/www.halifax-consulting.com\/de\/wp-json\/wp\/v2\/pages\/2898\/revisions\/3503"}],"up":[{"embeddable":true,"href":"https:\/\/www.halifax-consulting.com\/de\/wp-json\/wp\/v2\/pages\/549"}],"wp:featuredmedia":[{"embeddable":true,"href":"https:\/\/www.halifax-consulting.com\/de\/wp-json\/wp\/v2\/media\/1508"}],"wp:attachment":[{"href":"https:\/\/www.halifax-consulting.com\/de\/wp-json\/wp\/v2\/media?parent=2898"}],"wp:term":[{"taxonomy":"category","embeddable":true,"href":"https:\/\/www.halifax-consulting.com\/de\/wp-json\/wp\/v2\/categories?post=2898"}],"curies":[{"name":"wp","href":"https:\/\/api.w.org\/{rel}","templated":true}]}}