{"id":309,"date":"2020-03-22T16:32:53","date_gmt":"2020-03-22T15:32:53","guid":{"rendered":"https:\/\/www.halifax-consulting.com\/?page_id=309"},"modified":"2023-03-23T14:48:12","modified_gmt":"2023-03-23T14:48:12","slug":"renault-nissan-mitsubishi","status":"publish","type":"page","link":"https:\/\/www.halifax-consulting.com\/de\/erfolgsgeschichten\/renault-nissan-mitsubishi\/","title":{"rendered":"Renault-Nissan-Mitsubishi"},"content":{"rendered":"<div class=\"container\">\n\t<div class=\"row\">\n\t\t<div class=\"col-lg-12 col-md-12 col-sm-12\">\n\t\t\t<h2 class=\"intro\">\n\t\t\t\t<strong class=\"intro-h2 d-block\">Herausforderungen<\/strong>\n\t\t\t\tRenault-Nissan wollte das Wachstum der B2B-Verk\u00e4ufe innerhalb der Gruppe unterst\u00fctzen, insbesondere mit Gro\u00dfkunden, die von speziellen Flottenverkaufsteams betreut werden. Solche Gro\u00dfkunden sind f\u00fcr die Herausforderungen der Mobilit\u00e4t, f\u00fcr eine nachhaltige Entwicklung und f\u00fcr die Kostenoptimierung von zentraler Bedeutung. Aufgrund von deren gut strukturierten Einkaufsorganisationen werden die Verhandlungen immer komplexer. Die Gruppe wollte ihren Elite-Vertriebsteams nachdr\u00fcckliche Unterst\u00fctzung f\u00fcr Verhandlungen mit Partnern auf der ganzen Welt bieten.\t\t\t<\/h2>\n\t\t<\/div>\n\t<\/div>\n<\/div>\n\n\n<div class=\"container pb-6\">\n\t<div class=\"row\">\n\t\t<div class=\"col-lg-4 col-md-4 col-sm-12\">\n\t\t\t<h4 class=\"key\">1<\/h4>\n\t\t\t<p class=\"key-description\">globale L\u00f6sung<\/p>\t\t\t\t\t\t\t\n\t\t<\/div>\n\t\t<div class=\"col-lg-4 col-md-4 col-sm-12\">\n\t\t\t<h4 class=\"key\">95 %<\/h4>\n\t\t\t<p class=\"key-description\">Zufriedenheitsrate<\/p>\t\t\t\t\t\t\n\t\t<\/div>\n\t\t<div class=\"col-lg-4 col-md-4 col-sm-12\">\n\t\t\t<h4 class=\"key\">2<\/h4>\t\n\t\t\t<p class=\"key-description\">Pilotprojekte in China<\/p>\t\t\t\t\t\n\t\t<\/div>\n\t<\/div>\n<\/div>\n\n<section class=\"grey bloc-solution p-0\">\t\n\t<div class=\"container-fluid\">\n\t\t<div class=\"row\">\n\t\t\t<div class=\"col-lg-6 col-md-6 col-md-12 p-6\">\n\t\t\t\t<h3 class=\"success-single-titre\">Die L\u00f6sung von Halifax Consulting<\/h3>\n\t\t\t\t<p>Die L\u00f6sung wurde zun\u00e4chst zentral entwickelt und dann durch einen Blended-Learning-Ansatz, der Schulungen in Fernkursen und solche in Seminarr\u00e4umen kombiniert, zusammen mit lokalen Fallstudien und einem Serious Game in verschiedenen Regionen eingef\u00fchrt.<\/p>\n\t\t\t<\/div>\n\t\t\t<div class=\"col-lg-6 col-md-6 col-md-12 p-0\">\n\t\t\t\t<figure>\n\t\t\t\t\t<!--<img decoding=\"async\" src=\"https:\/\/www.halifax-consulting.com\/de\/wp-content\/uploads\/sites\/8\/2020\/01\/halifax-consulting-success-story-renault-nissans-2.jpg\" alt=\"photo success story Renault-Nissan-Mitsubishi\" width=\"100%\" \/>-->\n\t\t\t\t\t<img decoding=\"async\" loading=\"lazy\" src=\"https:\/\/www.halifax-consulting.com\/de\/wp-content\/uploads\/sites\/8\/2020\/01\/halifax-consulting-success-story-renault-nissans-2.jpg\" alt=\"\" width=\"100%\" height=\"\" >\t\t\t\t<\/figure>\n\t\t\t<\/div>\n\t\t<\/div>\n\t<\/div>\n<\/section>\n\n<section class=\"light py-6\">\n\t<div class=\"container\">\n\t\t<div class=\"row\">\n\t\t\t<div class=\"col-lg-12 col-md-12 col-sm-12\">\n\t\t\t\t<h2 class=\"text-center\">\n\t\t\t\t\tSchl\u00fcssel zum Erfolg\t\t\t\n\t\t\t\t<\/h2>\n\t\t\t<\/div>\n\t\t<\/div>\n\t\t<div class=\"row\">\n\t\t\t<div class=\"col-lg-12 col-md-12 col-sm-12 bloc-cles-success\">\n\t\t\t\t<ul>\n<li>Lokalisierung, Anpassung und Fallstudien<\/li>\n<li>Verbindung von Ressourcen, Verhandlungsmethoden und technischen L\u00f6sungen<\/li>\n<li>Lokale, nach den Halifax-Methoden zertifizierte Berater<\/li>\n<\/ul>\n\t\t\t<\/div>\n\t\t<\/div>\n\t<\/div>\n<\/section>","protected":false},"excerpt":{"rendered":"<p>Renault-Nissan wollte das Wachstum der B2B-Verk\u00e4ufe innerhalb der Gruppe unterst\u00fctzen, insbesondere mit Gro\u00dfkunden, die von speziellen Flottenverkaufsteams betreut werden.<\/p>\n","protected":false},"author":3,"featured_media":67,"parent":547,"menu_order":0,"comment_status":"closed","ping_status":"closed","template":"page-success-single.php","meta":[],"categories":[3,6],"acf":[],"yoast_head":"<!-- This site is optimized with the Yoast SEO plugin v19.9 - https:\/\/yoast.com\/wordpress\/plugins\/seo\/ -->\n<title>Renault-Nissan-Mitsubishi<\/title>\n<meta name=\"description\" content=\"Renault-Nissan wollte das Wachstum der B2B-Verk\u00e4ufe innerhalb der Gruppe unterst\u00fctzen, insbesondere mit Gro\u00dfkunden, die von speziellen Flottenverkaufsteams betreut werden.\" \/>\n<link rel=\"canonical\" href=\"https:\/\/www.halifax-consulting.com\/de\/erfolgsgeschichten\/renault-nissan-mitsubishi\/\" \/>\n<meta property=\"og:locale\" content=\"de_DE\" \/>\n<meta property=\"og:type\" content=\"article\" \/>\n<meta property=\"og:title\" content=\"Renault-Nissan-Mitsubishi\" \/>\n<meta property=\"og:description\" content=\"Renault-Nissan wollte das Wachstum der B2B-Verk\u00e4ufe innerhalb der Gruppe unterst\u00fctzen, insbesondere mit Gro\u00dfkunden, die von speziellen Flottenverkaufsteams betreut werden.\" \/>\n<meta property=\"og:url\" content=\"https:\/\/www.halifax-consulting.com\/de\/erfolgsgeschichten\/renault-nissan-mitsubishi\/\" \/>\n<meta property=\"og:site_name\" content=\"Halifax Consulting \u2013 DE\" \/>\n<meta property=\"article:modified_time\" content=\"2023-03-23T14:48:12+00:00\" \/>\n<meta property=\"og:image\" content=\"https:\/\/www.halifax-consulting.com\/de\/wp-content\/uploads\/sites\/8\/2019\/12\/halifax-consulting-success-stories-renault.jpg\" \/>\n\t<meta property=\"og:image:width\" content=\"900\" \/>\n\t<meta property=\"og:image:height\" content=\"413\" \/>\n\t<meta property=\"og:image:type\" content=\"image\/jpeg\" \/>\n<meta name=\"twitter:card\" content=\"summary_large_image\" \/>\n<script type=\"application\/ld+json\" class=\"yoast-schema-graph\">{\"@context\":\"https:\/\/schema.org\",\"@graph\":[{\"@type\":\"WebPage\",\"@id\":\"https:\/\/www.halifax-consulting.com\/de\/erfolgsgeschichten\/renault-nissan-mitsubishi\/\",\"url\":\"https:\/\/www.halifax-consulting.com\/de\/erfolgsgeschichten\/renault-nissan-mitsubishi\/\",\"name\":\"Renault-Nissan-Mitsubishi\",\"isPartOf\":{\"@id\":\"https:\/\/www.halifax-consulting.com\/de\/#website\"},\"datePublished\":\"2020-03-22T15:32:53+00:00\",\"dateModified\":\"2023-03-23T14:48:12+00:00\",\"description\":\"Renault-Nissan wollte das Wachstum der B2B-Verk\u00e4ufe innerhalb der Gruppe unterst\u00fctzen, insbesondere mit Gro\u00dfkunden, die von speziellen Flottenverkaufsteams betreut werden.\",\"breadcrumb\":{\"@id\":\"https:\/\/www.halifax-consulting.com\/de\/erfolgsgeschichten\/renault-nissan-mitsubishi\/#breadcrumb\"},\"inLanguage\":\"de-DE\",\"potentialAction\":[{\"@type\":\"ReadAction\",\"target\":[\"https:\/\/www.halifax-consulting.com\/de\/erfolgsgeschichten\/renault-nissan-mitsubishi\/\"]}]},{\"@type\":\"BreadcrumbList\",\"@id\":\"https:\/\/www.halifax-consulting.com\/de\/erfolgsgeschichten\/renault-nissan-mitsubishi\/#breadcrumb\",\"itemListElement\":[{\"@type\":\"ListItem\",\"position\":1,\"name\":\"Accueil\",\"item\":\"https:\/\/www.halifax-consulting.com\/de\/\"},{\"@type\":\"ListItem\",\"position\":2,\"name\":\"Erfolgsgeschichten\",\"item\":\"https:\/\/www.halifax-consulting.com\/de\/erfolgsgeschichten\/\"},{\"@type\":\"ListItem\",\"position\":3,\"name\":\"Renault-Nissan-Mitsubishi\"}]},{\"@type\":\"WebSite\",\"@id\":\"https:\/\/www.halifax-consulting.com\/de\/#website\",\"url\":\"https:\/\/www.halifax-consulting.com\/de\/\",\"name\":\"Halifax Consulting \u2013 DE\",\"description\":\"Halifax Consulting\",\"publisher\":{\"@id\":\"https:\/\/www.halifax-consulting.com\/de\/#organization\"},\"potentialAction\":[{\"@type\":\"SearchAction\",\"target\":{\"@type\":\"EntryPoint\",\"urlTemplate\":\"https:\/\/www.halifax-consulting.com\/de\/?s={search_term_string}\"},\"query-input\":\"required name=search_term_string\"}],\"inLanguage\":\"de-DE\"},{\"@type\":\"Organization\",\"@id\":\"https:\/\/www.halifax-consulting.com\/de\/#organization\",\"name\":\"Halifax Consulting\",\"url\":\"https:\/\/www.halifax-consulting.com\/de\/\",\"logo\":{\"@type\":\"ImageObject\",\"inLanguage\":\"de-DE\",\"@id\":\"https:\/\/www.halifax-consulting.com\/de\/#\/schema\/logo\/image\/\",\"url\":\"\",\"contentUrl\":\"\",\"caption\":\"Halifax Consulting\"},\"image\":{\"@id\":\"https:\/\/www.halifax-consulting.com\/de\/#\/schema\/logo\/image\/\"}}]}<\/script>\n<!-- \/ Yoast SEO plugin. -->","yoast_head_json":{"title":"Renault-Nissan-Mitsubishi","description":"Renault-Nissan wollte das Wachstum der B2B-Verk\u00e4ufe innerhalb der Gruppe unterst\u00fctzen, insbesondere mit Gro\u00dfkunden, die von speziellen Flottenverkaufsteams betreut werden.","canonical":"https:\/\/www.halifax-consulting.com\/de\/erfolgsgeschichten\/renault-nissan-mitsubishi\/","og_locale":"de_DE","og_type":"article","og_title":"Renault-Nissan-Mitsubishi","og_description":"Renault-Nissan wollte das Wachstum der B2B-Verk\u00e4ufe innerhalb der Gruppe unterst\u00fctzen, insbesondere mit Gro\u00dfkunden, die von speziellen Flottenverkaufsteams betreut werden.","og_url":"https:\/\/www.halifax-consulting.com\/de\/erfolgsgeschichten\/renault-nissan-mitsubishi\/","og_site_name":"Halifax Consulting \u2013 DE","article_modified_time":"2023-03-23T14:48:12+00:00","og_image":[{"width":900,"height":413,"url":"https:\/\/www.halifax-consulting.com\/de\/wp-content\/uploads\/sites\/8\/2019\/12\/halifax-consulting-success-stories-renault.jpg","type":"image\/jpeg"}],"twitter_card":"summary_large_image","schema":{"@context":"https:\/\/schema.org","@graph":[{"@type":"WebPage","@id":"https:\/\/www.halifax-consulting.com\/de\/erfolgsgeschichten\/renault-nissan-mitsubishi\/","url":"https:\/\/www.halifax-consulting.com\/de\/erfolgsgeschichten\/renault-nissan-mitsubishi\/","name":"Renault-Nissan-Mitsubishi","isPartOf":{"@id":"https:\/\/www.halifax-consulting.com\/de\/#website"},"datePublished":"2020-03-22T15:32:53+00:00","dateModified":"2023-03-23T14:48:12+00:00","description":"Renault-Nissan wollte das Wachstum der B2B-Verk\u00e4ufe innerhalb der Gruppe unterst\u00fctzen, insbesondere mit Gro\u00dfkunden, die von speziellen Flottenverkaufsteams betreut werden.","breadcrumb":{"@id":"https:\/\/www.halifax-consulting.com\/de\/erfolgsgeschichten\/renault-nissan-mitsubishi\/#breadcrumb"},"inLanguage":"de-DE","potentialAction":[{"@type":"ReadAction","target":["https:\/\/www.halifax-consulting.com\/de\/erfolgsgeschichten\/renault-nissan-mitsubishi\/"]}]},{"@type":"BreadcrumbList","@id":"https:\/\/www.halifax-consulting.com\/de\/erfolgsgeschichten\/renault-nissan-mitsubishi\/#breadcrumb","itemListElement":[{"@type":"ListItem","position":1,"name":"Accueil","item":"https:\/\/www.halifax-consulting.com\/de\/"},{"@type":"ListItem","position":2,"name":"Erfolgsgeschichten","item":"https:\/\/www.halifax-consulting.com\/de\/erfolgsgeschichten\/"},{"@type":"ListItem","position":3,"name":"Renault-Nissan-Mitsubishi"}]},{"@type":"WebSite","@id":"https:\/\/www.halifax-consulting.com\/de\/#website","url":"https:\/\/www.halifax-consulting.com\/de\/","name":"Halifax Consulting \u2013 DE","description":"Halifax Consulting","publisher":{"@id":"https:\/\/www.halifax-consulting.com\/de\/#organization"},"potentialAction":[{"@type":"SearchAction","target":{"@type":"EntryPoint","urlTemplate":"https:\/\/www.halifax-consulting.com\/de\/?s={search_term_string}"},"query-input":"required name=search_term_string"}],"inLanguage":"de-DE"},{"@type":"Organization","@id":"https:\/\/www.halifax-consulting.com\/de\/#organization","name":"Halifax Consulting","url":"https:\/\/www.halifax-consulting.com\/de\/","logo":{"@type":"ImageObject","inLanguage":"de-DE","@id":"https:\/\/www.halifax-consulting.com\/de\/#\/schema\/logo\/image\/","url":"","contentUrl":"","caption":"Halifax Consulting"},"image":{"@id":"https:\/\/www.halifax-consulting.com\/de\/#\/schema\/logo\/image\/"}}]}},"_links":{"self":[{"href":"https:\/\/www.halifax-consulting.com\/de\/wp-json\/wp\/v2\/pages\/309"}],"collection":[{"href":"https:\/\/www.halifax-consulting.com\/de\/wp-json\/wp\/v2\/pages"}],"about":[{"href":"https:\/\/www.halifax-consulting.com\/de\/wp-json\/wp\/v2\/types\/page"}],"author":[{"embeddable":true,"href":"https:\/\/www.halifax-consulting.com\/de\/wp-json\/wp\/v2\/users\/3"}],"replies":[{"embeddable":true,"href":"https:\/\/www.halifax-consulting.com\/de\/wp-json\/wp\/v2\/comments?post=309"}],"version-history":[{"count":6,"href":"https:\/\/www.halifax-consulting.com\/de\/wp-json\/wp\/v2\/pages\/309\/revisions"}],"predecessor-version":[{"id":2795,"href":"https:\/\/www.halifax-consulting.com\/de\/wp-json\/wp\/v2\/pages\/309\/revisions\/2795"}],"up":[{"embeddable":true,"href":"https:\/\/www.halifax-consulting.com\/de\/wp-json\/wp\/v2\/pages\/547"}],"wp:featuredmedia":[{"embeddable":true,"href":"https:\/\/www.halifax-consulting.com\/de\/wp-json\/wp\/v2\/media\/67"}],"wp:attachment":[{"href":"https:\/\/www.halifax-consulting.com\/de\/wp-json\/wp\/v2\/media?parent=309"}],"wp:term":[{"taxonomy":"category","embeddable":true,"href":"https:\/\/www.halifax-consulting.com\/de\/wp-json\/wp\/v2\/categories?post=309"}],"curies":[{"name":"wp","href":"https:\/\/api.w.org\/{rel}","templated":true}]}}