{"id":312,"date":"2020-01-02T15:15:40","date_gmt":"2020-01-02T14:15:40","guid":{"rendered":"https:\/\/www.halifax-consulting.com\/?page_id=312"},"modified":"2023-04-17T16:29:31","modified_gmt":"2023-04-17T15:29:31","slug":"dassault-systemes","status":"publish","type":"page","link":"https:\/\/www.halifax-consulting.com\/de\/erfolgsgeschichten\/dassault-systemes\/","title":{"rendered":"Dassault Syst\u00e8mes"},"content":{"rendered":"<div class=\"container\">\n\t<div class=\"row\">\n\t\t<div class=\"col-lg-12 col-md-12 col-sm-12\">\n\t\t\t<h2 class=\"intro\">\n\t\t\t\t<strong class=\"intro-h2 d-block\">Herausforderungen<\/strong>\n\t\t\t\t<p>Dassault Syst&egrave;mes ist ein marktf&uuml;hrendes Unternehmen mit einem globalen Netz von Vertriebspartnern, die es bei der Umsatzsteigerung und bei der Implementierung technischer L&ouml;sungen unterst&uuml;tzt. Um das Wachstum zu beschleunigen, ist Dassault Syst&egrave;mes au&szlig;erdem auf die Unterst&uuml;tzung eines hochqualifizierten Teams f&uuml;r den Fernvertrieb angewiesen. Aufgrund der unterschiedlichen Gr&ouml;&szlig;e und der geografischen Verteilung seiner Vertriebspartner ben&ouml;tigte das Unternehmen Schulungsprogramme, die sofort Wirkung zeigen und trotz organisatorischer Herausforderungen leicht umzusetzen sind.<\/p>\t\t\t<\/h2>\n\t\t<\/div>\n\t<\/div>\n<\/div>\n\n\n<div class=\"container pb-6\">\n\t<div class=\"row\">\n\t\t<div class=\"col-lg-4 col-md-4 col-sm-12\">\n\t\t\t<h4 class=\"key\">100 %<\/h4>\n\t\t\t<p class=\"key-description\">Schulung durch Lernen auf Distanz mit Supervision<\/p>\t\t\t\t\t\t\t\n\t\t<\/div>\n\t\t<div class=\"col-lg-4 col-md-4 col-sm-12\">\n\t\t\t<h4 class=\"key\">5<\/h4>\n\t\t\t<p class=\"key-description\">Vertriebler pro Schulungsgruppe<\/p>\t\t\t\t\t\t\n\t\t<\/div>\n\t\t<div class=\"col-lg-4 col-md-4 col-sm-12\">\n\t\t\t<h4 class=\"key\">3<\/h4>\t\n\t\t\t<p class=\"key-description\">Kontinente durch die Kampagne abgedeckt<\/p>\t\t\t\t\t\n\t\t<\/div>\n\t<\/div>\n<\/div>\n\n<section class=\"grey bloc-solution p-0\">\t\n\t<div class=\"container-fluid\">\n\t\t<div class=\"row\">\n\t\t\t<div class=\"col-lg-6 col-md-6 col-md-12 p-6\">\n\t\t\t\t<h3 class=\"success-single-titre\">Die L\u00f6sung von Halifax Consulting<\/h3>\n\t\t\t\t<p>Nach erfolgreichen internen Versuchen wurde ein Pilotprojekt f\u00fcr einen wichtigen Distributor in Frankreich eingerichtet. Das Feedback der daran beteiligten Mitarbeiter und Manager ermutigte das Unternehmen, das Programm im gro\u00dfen Ma\u00dfstab einzuf\u00fchren, zun\u00e4chst in S\u00fcdkorea und einer Reihe von anderen asiatischen L\u00e4ndern.<\/p>\n\t\t\t<\/div>\n\t\t\t<div class=\"col-lg-6 col-md-6 col-md-12 p-0\">\n\t\t\t\t<figure>\n\t\t\t\t\t<!--<img decoding=\"async\" src=\"https:\/\/www.halifax-consulting.com\/de\/wp-content\/uploads\/sites\/8\/2020\/01\/halifax-consulting-success-story-3ds-2-1.jpg\" alt=\"photo success story Dassault Syst\u00e8mes\" width=\"100%\" \/>-->\n\t\t\t\t\t<img decoding=\"async\" loading=\"lazy\" src=\"https:\/\/www.halifax-consulting.com\/de\/wp-content\/uploads\/sites\/8\/2020\/01\/halifax-consulting-success-story-3ds-2-1.jpg\" alt=\"\" width=\"100%\" height=\"\" >\t\t\t\t<\/figure>\n\t\t\t<\/div>\n\t\t<\/div>\n\t<\/div>\n<\/section>\n\n<section class=\"light py-6\">\n\t<div class=\"container\">\n\t\t<div class=\"row\">\n\t\t\t<div class=\"col-lg-12 col-md-12 col-sm-12\">\n\t\t\t\t<h2 class=\"text-center\">\n\t\t\t\t\tSchl\u00fcssel zum Erfolg\t\t\t\n\t\t\t\t<\/h2>\n\t\t\t<\/div>\n\t\t<\/div>\n\t\t<div class=\"row\">\n\t\t\t<div class=\"col-lg-12 col-md-12 col-sm-12 bloc-cles-success\">\n\t\t\t\t<ul>\n<li>Ma\u00dfgeschneiderte Schulung<\/li>\n<li>Modulare Ressourcen, die ein flexibleres globales Roll-out erm\u00f6glichten<\/li>\n<li>Best\u00e4ndige Anleitung \u00fcber die gesamte Dauer des Projekts<\/li>\n<\/ul>\n\t\t\t<\/div>\n\t\t<\/div>\n\t<\/div>\n<\/section>","protected":false},"excerpt":{"rendered":"<p>Um das Wachstum zu beschleunigen, ist Dassault Syst\u00e8mes auch auf die Unterst\u00fctzung eines hochqualifizierten eigenen Vertriebsteams angewiesen.<\/p>\n","protected":false},"author":3,"featured_media":69,"parent":547,"menu_order":0,"comment_status":"closed","ping_status":"closed","template":"page-success-single.php","meta":[],"categories":[3,6],"acf":[],"yoast_head":"<!-- This site is optimized with the Yoast SEO plugin v19.9 - https:\/\/yoast.com\/wordpress\/plugins\/seo\/ -->\n<title>Dassault Syst\u00e8mes<\/title>\n<meta name=\"description\" content=\"Um das Wachstum zu beschleunigen, ist Dassault Syst\u00e8mes auf die Unterst\u00fctzung eines hochqualifizierten Teams f\u00fcr den Fernvertrieb angewiesen.\" \/>\n<link rel=\"canonical\" href=\"https:\/\/www.halifax-consulting.com\/de\/erfolgsgeschichten\/dassault-systemes\/\" \/>\n<meta property=\"og:locale\" content=\"de_DE\" \/>\n<meta property=\"og:type\" content=\"article\" \/>\n<meta property=\"og:title\" content=\"Dassault Syst\u00e8mes\" \/>\n<meta property=\"og:description\" content=\"Um das Wachstum zu beschleunigen, ist Dassault Syst\u00e8mes auf die Unterst\u00fctzung eines hochqualifizierten Teams f\u00fcr den Fernvertrieb angewiesen.\" \/>\n<meta property=\"og:url\" content=\"https:\/\/www.halifax-consulting.com\/de\/erfolgsgeschichten\/dassault-systemes\/\" \/>\n<meta property=\"og:site_name\" content=\"Halifax Consulting \u2013 DE\" \/>\n<meta property=\"article:modified_time\" content=\"2023-04-17T15:29:31+00:00\" \/>\n<meta property=\"og:image\" content=\"https:\/\/www.halifax-consulting.com\/de\/wp-content\/uploads\/sites\/8\/2019\/12\/halifax-consulting-success-story-3DS.jpg\" \/>\n\t<meta property=\"og:image:width\" content=\"1180\" \/>\n\t<meta property=\"og:image:height\" content=\"735\" \/>\n\t<meta property=\"og:image:type\" content=\"image\/jpeg\" \/>\n<meta name=\"twitter:card\" content=\"summary_large_image\" \/>\n<script type=\"application\/ld+json\" class=\"yoast-schema-graph\">{\"@context\":\"https:\/\/schema.org\",\"@graph\":[{\"@type\":\"WebPage\",\"@id\":\"https:\/\/www.halifax-consulting.com\/de\/erfolgsgeschichten\/dassault-systemes\/\",\"url\":\"https:\/\/www.halifax-consulting.com\/de\/erfolgsgeschichten\/dassault-systemes\/\",\"name\":\"Dassault Syst\u00e8mes\",\"isPartOf\":{\"@id\":\"https:\/\/www.halifax-consulting.com\/de\/#website\"},\"datePublished\":\"2020-01-02T14:15:40+00:00\",\"dateModified\":\"2023-04-17T15:29:31+00:00\",\"description\":\"Um das Wachstum zu beschleunigen, ist Dassault Syst\u00e8mes auf die Unterst\u00fctzung eines hochqualifizierten Teams f\u00fcr den Fernvertrieb angewiesen.\",\"breadcrumb\":{\"@id\":\"https:\/\/www.halifax-consulting.com\/de\/erfolgsgeschichten\/dassault-systemes\/#breadcrumb\"},\"inLanguage\":\"de-DE\",\"potentialAction\":[{\"@type\":\"ReadAction\",\"target\":[\"https:\/\/www.halifax-consulting.com\/de\/erfolgsgeschichten\/dassault-systemes\/\"]}]},{\"@type\":\"BreadcrumbList\",\"@id\":\"https:\/\/www.halifax-consulting.com\/de\/erfolgsgeschichten\/dassault-systemes\/#breadcrumb\",\"itemListElement\":[{\"@type\":\"ListItem\",\"position\":1,\"name\":\"Accueil\",\"item\":\"https:\/\/www.halifax-consulting.com\/de\/\"},{\"@type\":\"ListItem\",\"position\":2,\"name\":\"Erfolgsgeschichten\",\"item\":\"https:\/\/www.halifax-consulting.com\/de\/erfolgsgeschichten\/\"},{\"@type\":\"ListItem\",\"position\":3,\"name\":\"Dassault Syst\u00e8mes\"}]},{\"@type\":\"WebSite\",\"@id\":\"https:\/\/www.halifax-consulting.com\/de\/#website\",\"url\":\"https:\/\/www.halifax-consulting.com\/de\/\",\"name\":\"Halifax Consulting \u2013 DE\",\"description\":\"Halifax Consulting\",\"publisher\":{\"@id\":\"https:\/\/www.halifax-consulting.com\/de\/#organization\"},\"potentialAction\":[{\"@type\":\"SearchAction\",\"target\":{\"@type\":\"EntryPoint\",\"urlTemplate\":\"https:\/\/www.halifax-consulting.com\/de\/?s={search_term_string}\"},\"query-input\":\"required name=search_term_string\"}],\"inLanguage\":\"de-DE\"},{\"@type\":\"Organization\",\"@id\":\"https:\/\/www.halifax-consulting.com\/de\/#organization\",\"name\":\"Halifax Consulting\",\"url\":\"https:\/\/www.halifax-consulting.com\/de\/\",\"logo\":{\"@type\":\"ImageObject\",\"inLanguage\":\"de-DE\",\"@id\":\"https:\/\/www.halifax-consulting.com\/de\/#\/schema\/logo\/image\/\",\"url\":\"\",\"contentUrl\":\"\",\"caption\":\"Halifax Consulting\"},\"image\":{\"@id\":\"https:\/\/www.halifax-consulting.com\/de\/#\/schema\/logo\/image\/\"}}]}<\/script>\n<!-- \/ Yoast SEO plugin. -->","yoast_head_json":{"title":"Dassault Syst\u00e8mes","description":"Um das Wachstum zu beschleunigen, ist Dassault Syst\u00e8mes auf die Unterst\u00fctzung eines hochqualifizierten Teams f\u00fcr den Fernvertrieb angewiesen.","canonical":"https:\/\/www.halifax-consulting.com\/de\/erfolgsgeschichten\/dassault-systemes\/","og_locale":"de_DE","og_type":"article","og_title":"Dassault Syst\u00e8mes","og_description":"Um das Wachstum zu beschleunigen, ist Dassault Syst\u00e8mes auf die Unterst\u00fctzung eines hochqualifizierten Teams f\u00fcr den Fernvertrieb angewiesen.","og_url":"https:\/\/www.halifax-consulting.com\/de\/erfolgsgeschichten\/dassault-systemes\/","og_site_name":"Halifax Consulting \u2013 DE","article_modified_time":"2023-04-17T15:29:31+00:00","og_image":[{"width":1180,"height":735,"url":"https:\/\/www.halifax-consulting.com\/de\/wp-content\/uploads\/sites\/8\/2019\/12\/halifax-consulting-success-story-3DS.jpg","type":"image\/jpeg"}],"twitter_card":"summary_large_image","schema":{"@context":"https:\/\/schema.org","@graph":[{"@type":"WebPage","@id":"https:\/\/www.halifax-consulting.com\/de\/erfolgsgeschichten\/dassault-systemes\/","url":"https:\/\/www.halifax-consulting.com\/de\/erfolgsgeschichten\/dassault-systemes\/","name":"Dassault Syst\u00e8mes","isPartOf":{"@id":"https:\/\/www.halifax-consulting.com\/de\/#website"},"datePublished":"2020-01-02T14:15:40+00:00","dateModified":"2023-04-17T15:29:31+00:00","description":"Um das Wachstum zu beschleunigen, ist Dassault Syst\u00e8mes auf die Unterst\u00fctzung eines hochqualifizierten Teams f\u00fcr den Fernvertrieb angewiesen.","breadcrumb":{"@id":"https:\/\/www.halifax-consulting.com\/de\/erfolgsgeschichten\/dassault-systemes\/#breadcrumb"},"inLanguage":"de-DE","potentialAction":[{"@type":"ReadAction","target":["https:\/\/www.halifax-consulting.com\/de\/erfolgsgeschichten\/dassault-systemes\/"]}]},{"@type":"BreadcrumbList","@id":"https:\/\/www.halifax-consulting.com\/de\/erfolgsgeschichten\/dassault-systemes\/#breadcrumb","itemListElement":[{"@type":"ListItem","position":1,"name":"Accueil","item":"https:\/\/www.halifax-consulting.com\/de\/"},{"@type":"ListItem","position":2,"name":"Erfolgsgeschichten","item":"https:\/\/www.halifax-consulting.com\/de\/erfolgsgeschichten\/"},{"@type":"ListItem","position":3,"name":"Dassault Syst\u00e8mes"}]},{"@type":"WebSite","@id":"https:\/\/www.halifax-consulting.com\/de\/#website","url":"https:\/\/www.halifax-consulting.com\/de\/","name":"Halifax Consulting \u2013 DE","description":"Halifax Consulting","publisher":{"@id":"https:\/\/www.halifax-consulting.com\/de\/#organization"},"potentialAction":[{"@type":"SearchAction","target":{"@type":"EntryPoint","urlTemplate":"https:\/\/www.halifax-consulting.com\/de\/?s={search_term_string}"},"query-input":"required name=search_term_string"}],"inLanguage":"de-DE"},{"@type":"Organization","@id":"https:\/\/www.halifax-consulting.com\/de\/#organization","name":"Halifax Consulting","url":"https:\/\/www.halifax-consulting.com\/de\/","logo":{"@type":"ImageObject","inLanguage":"de-DE","@id":"https:\/\/www.halifax-consulting.com\/de\/#\/schema\/logo\/image\/","url":"","contentUrl":"","caption":"Halifax Consulting"},"image":{"@id":"https:\/\/www.halifax-consulting.com\/de\/#\/schema\/logo\/image\/"}}]}},"_links":{"self":[{"href":"https:\/\/www.halifax-consulting.com\/de\/wp-json\/wp\/v2\/pages\/312"}],"collection":[{"href":"https:\/\/www.halifax-consulting.com\/de\/wp-json\/wp\/v2\/pages"}],"about":[{"href":"https:\/\/www.halifax-consulting.com\/de\/wp-json\/wp\/v2\/types\/page"}],"author":[{"embeddable":true,"href":"https:\/\/www.halifax-consulting.com\/de\/wp-json\/wp\/v2\/users\/3"}],"replies":[{"embeddable":true,"href":"https:\/\/www.halifax-consulting.com\/de\/wp-json\/wp\/v2\/comments?post=312"}],"version-history":[{"count":6,"href":"https:\/\/www.halifax-consulting.com\/de\/wp-json\/wp\/v2\/pages\/312\/revisions"}],"predecessor-version":[{"id":2946,"href":"https:\/\/www.halifax-consulting.com\/de\/wp-json\/wp\/v2\/pages\/312\/revisions\/2946"}],"up":[{"embeddable":true,"href":"https:\/\/www.halifax-consulting.com\/de\/wp-json\/wp\/v2\/pages\/547"}],"wp:featuredmedia":[{"embeddable":true,"href":"https:\/\/www.halifax-consulting.com\/de\/wp-json\/wp\/v2\/media\/69"}],"wp:attachment":[{"href":"https:\/\/www.halifax-consulting.com\/de\/wp-json\/wp\/v2\/media?parent=312"}],"wp:term":[{"taxonomy":"category","embeddable":true,"href":"https:\/\/www.halifax-consulting.com\/de\/wp-json\/wp\/v2\/categories?post=312"}],"curies":[{"name":"wp","href":"https:\/\/api.w.org\/{rel}","templated":true}]}}