{"id":546,"date":"2019-12-11T15:11:00","date_gmt":"2019-12-11T15:11:00","guid":{"rendered":"https:\/\/www.halifax-consulting.com\/?page_id=9"},"modified":"2023-10-24T10:12:05","modified_gmt":"2023-10-24T09:12:05","slug":"kontakt","status":"publish","type":"page","link":"https:\/\/www.halifax-consulting.com\/de\/kontakt\/","title":{"rendered":"Kontakt"},"content":{"rendered":"<div class=\"container\">\n\t<div class=\"row\">\n\t\t<div class=\"col-lg-12 col-md-12 col-sm-12\">\n\t\t\t<h2 class=\"intro\">\n\t\t\t\t<strong class=\"intro-h2 d-block\">Sch\u00f6n, Sie kennenzulernen!<\/strong>\n\t\t\t\tErz\u00e4hlen Sie uns von Ihren Zielen f\u00fcr die Verbesserung Ihrer Performance und wir erarbeiten gemeinsam mit Ihnen die dazu passende L\u00f6sung. F\u00fcllen Sie das Formular unten aus, wenn Sie m\u00f6chten, dass einer unserer Halifax-Berater mit Ihnen Kontakt aufnimmt.\t\t\t<\/h2>\n\t\t<\/div>\n\t<\/div>\n<\/div>\n\n\n<section class=\"white pb-6\">\n\t<div class=\"container\">\n\t\t<div class=\"row\">\n\t\t\t<div class=\"col-lg-12 col-md-12 col-sm-12\">\n\t\t\t\t<div class=\"wpforms-container wpforms-container-full\" id=\"wpforms-3023\"><form id=\"wpforms-form-3023\" class=\"wpforms-validate wpforms-form wpforms-ajax-form\" data-formid=\"3023\" method=\"post\" enctype=\"multipart\/form-data\" action=\"\/de\/wp-json\/wp\/v2\/pages\/546\" data-token=\"5af1817eb9dcc4a17432cab13b6ab997\"><noscript class=\"wpforms-error-noscript\">Bitte aktiviere JavaScript in deinem Browser, um dieses Formular fertigzustellen.<\/noscript><div class=\"wpforms-field-container\"><div id=\"wpforms-3023-field_1-container\" class=\"wpforms-field wpforms-field-text form-control\" data-field-id=\"1\"><label class=\"wpforms-field-label\" for=\"wpforms-3023-field_1\">Unternehmen <span class=\"wpforms-required-label\">*<\/span><\/label><input type=\"text\" id=\"wpforms-3023-field_1\" class=\"wpforms-field-large wpforms-field-required\" name=\"wpforms[fields][1]\" required><\/div><div id=\"wpforms-3023-field_2-container\" class=\"wpforms-field wpforms-field-text form-control\" data-field-id=\"2\"><label class=\"wpforms-field-label\" for=\"wpforms-3023-field_2\">Name <span class=\"wpforms-required-label\">*<\/span><\/label><input type=\"text\" id=\"wpforms-3023-field_2\" class=\"wpforms-field-large wpforms-field-required\" name=\"wpforms[fields][2]\" required><\/div><div id=\"wpforms-3023-field_3-container\" class=\"wpforms-field wpforms-field-text form-control\" data-field-id=\"3\"><label class=\"wpforms-field-label\" for=\"wpforms-3023-field_3\">Vorname <span class=\"wpforms-required-label\">*<\/span><\/label><input type=\"text\" id=\"wpforms-3023-field_3\" class=\"wpforms-field-large wpforms-field-required\" name=\"wpforms[fields][3]\" required><\/div><div id=\"wpforms-3023-field_4-container\" class=\"wpforms-field wpforms-field-text form-control\" data-field-id=\"4\"><label class=\"wpforms-field-label\" for=\"wpforms-3023-field_4\">Funktion <span class=\"wpforms-required-label\">*<\/span><\/label><input type=\"text\" id=\"wpforms-3023-field_4\" class=\"wpforms-field-large wpforms-field-required\" name=\"wpforms[fields][4]\" required><\/div><div id=\"wpforms-3023-field_5-container\" class=\"wpforms-field wpforms-field-phone form-control\" data-field-id=\"5\"><label class=\"wpforms-field-label\" for=\"wpforms-3023-field_5\">Telefon <span class=\"wpforms-required-label\">*<\/span><\/label><input type=\"tel\" id=\"wpforms-3023-field_5\" class=\"wpforms-field-large wpforms-field-required wpforms-smart-phone-field\" data-rule-smart-phone-field=\"true\" name=\"wpforms[fields][5]\" required><\/div><div id=\"wpforms-3023-field_6-container\" class=\"wpforms-field wpforms-field-email form-control\" data-field-id=\"6\"><label class=\"wpforms-field-label\" for=\"wpforms-3023-field_6\">E-Mail <span class=\"wpforms-required-label\">*<\/span><\/label><input type=\"email\" id=\"wpforms-3023-field_6\" class=\"wpforms-field-large wpforms-field-required\" name=\"wpforms[fields][6]\" required><\/div><div id=\"wpforms-3023-field_7-container\" class=\"wpforms-field wpforms-field-textarea form-control\" data-field-id=\"7\"><label class=\"wpforms-field-label\" for=\"wpforms-3023-field_7\">Ihre Nachricht <span class=\"wpforms-required-label\">*<\/span><\/label><textarea id=\"wpforms-3023-field_7\" class=\"wpforms-field-large wpforms-field-required\" name=\"wpforms[fields][7]\" required><\/textarea><\/div><div id=\"wpforms-3023-field_8-container\" class=\"wpforms-field wpforms-field-checkbox form-check\" data-field-id=\"8\"><label class=\"wpforms-field-label wpforms-label-hide\" for=\"wpforms-3023-field_8\">RGPD<\/label><ul id=\"wpforms-3023-field_8\"><li class=\"choice-1 depth-1\"><input type=\"checkbox\" id=\"wpforms-3023-field_8_1\" name=\"wpforms[fields][8][]\" value=\"Indem ich dieses K\u00e4stchen anhake, erkl\u00e4re ich mich damit einverstanden, dass die Anderna Group als Herausgeberin der Webseite von Halifax Consulting meine personenbezogenen Daten speichert, um mir Informationen oder Werbung zukommen zu lassen und um Anfragen nach Informationen, Angeboten und \u00e4hnlichem von meiner Seite zu beantworten. \"  ><label class=\"wpforms-field-label-inline\" for=\"wpforms-3023-field_8_1\">Indem ich dieses K\u00e4stchen anhake, erkl\u00e4re ich mich damit einverstanden, dass die Anderna Group als Herausgeberin der Webseite von Halifax Consulting meine personenbezogenen Daten speichert, um mir Informationen oder Werbung zukommen zu lassen und um Anfragen nach Informationen, Angeboten und \u00e4hnlichem von meiner Seite zu beantworten. <\/label><\/li><\/ul><\/div><\/div><div class=\"wpforms-recaptcha-container wpforms-is-recaptcha\"><div class=\"g-recaptcha\" data-sitekey=\"6LcvGAAiAAAAAHsd-ZHmuzjyydsPguLuoNQvrIpg\" data-size=\"invisible\"><\/div><\/div><div class=\"wpforms-submit-container\"><input type=\"hidden\" name=\"wpforms[id]\" value=\"3023\"><input type=\"hidden\" name=\"wpforms[author]\" value=\"0\"><button type=\"submit\" name=\"wpforms[submit]\" id=\"wpforms-submit-3023\" class=\"wpforms-submit btn btn-hx btn-hx-orange\" data-alt-text=\"Senden\u2026\" data-submit-text=\"Abschicken\" aria-live=\"assertive\" value=\"wpforms-submit\">Abschicken<\/button><img decoding=\"async\" loading=\"lazy\" src=\"https:\/\/www.halifax-consulting.com\/de\/wp-content\/plugins\/wpforms\/assets\/images\/submit-spin.svg\" class=\"wpforms-submit-spinner\" style=\"display: none;\" width=\"26\" height=\"26\" alt=\"\"><\/div><\/form><\/div>  <!-- .wpforms-container -->\t\t\t<\/div>\n\t\t<\/div>\n\t<\/div>\n<\/section>","protected":false},"excerpt":{"rendered":"","protected":false},"author":3,"featured_media":353,"parent":0,"menu_order":50,"comment_status":"closed","ping_status":"closed","template":"","meta":[],"categories":[],"acf":[],"yoast_head":"<!-- This site is optimized with the Yoast SEO plugin v19.9 - https:\/\/yoast.com\/wordpress\/plugins\/seo\/ -->\n<title>Halifax Consulting \u2013 DE | Kontakt<\/title>\n<meta name=\"description\" content=\"Setzen Sie sich mit uns in Verbindung. Sprechen Sie mit uns \u00fcber Ihre Ziele im Bereich Gesch\u00e4ftsleistung und lassen Sie uns gemeinsam die L\u00f6sung aufbauen, die zu Ihnen passt.\" \/>\n<link rel=\"canonical\" href=\"https:\/\/www.halifax-consulting.com\/de\/kontakt\/\" \/>\n<meta property=\"og:locale\" content=\"de_DE\" \/>\n<meta property=\"og:type\" content=\"article\" \/>\n<meta property=\"og:title\" content=\"Halifax Consulting \u2013 DE | Kontakt\" \/>\n<meta property=\"og:description\" content=\"Setzen Sie sich mit uns in Verbindung. Sprechen Sie mit uns \u00fcber Ihre Ziele im Bereich Gesch\u00e4ftsleistung und lassen Sie uns gemeinsam die L\u00f6sung aufbauen, die zu Ihnen passt.\" \/>\n<meta property=\"og:url\" content=\"https:\/\/www.halifax-consulting.com\/de\/kontakt\/\" \/>\n<meta property=\"og:site_name\" content=\"Halifax Consulting \u2013 DE\" \/>\n<meta property=\"article:modified_time\" content=\"2023-10-24T09:12:05+00:00\" \/>\n<meta property=\"og:image\" content=\"https:\/\/www.halifax-consulting.com\/de\/wp-content\/uploads\/sites\/8\/2020\/01\/halifax-consulting-contact.jpg\" \/>\n\t<meta property=\"og:image:width\" content=\"1000\" \/>\n\t<meta property=\"og:image:height\" content=\"360\" \/>\n\t<meta property=\"og:image:type\" content=\"image\/jpeg\" \/>\n<meta name=\"twitter:card\" content=\"summary_large_image\" \/>\n<script type=\"application\/ld+json\" class=\"yoast-schema-graph\">{\"@context\":\"https:\/\/schema.org\",\"@graph\":[{\"@type\":\"WebPage\",\"@id\":\"https:\/\/www.halifax-consulting.com\/de\/kontakt\/\",\"url\":\"https:\/\/www.halifax-consulting.com\/de\/kontakt\/\",\"name\":\"Halifax Consulting \u2013 DE | Kontakt\",\"isPartOf\":{\"@id\":\"https:\/\/www.halifax-consulting.com\/de\/#website\"},\"datePublished\":\"2019-12-11T15:11:00+00:00\",\"dateModified\":\"2023-10-24T09:12:05+00:00\",\"description\":\"Setzen Sie sich mit uns in Verbindung. Sprechen Sie mit uns \u00fcber Ihre Ziele im Bereich Gesch\u00e4ftsleistung und lassen Sie uns gemeinsam die L\u00f6sung aufbauen, die zu Ihnen passt.\",\"breadcrumb\":{\"@id\":\"https:\/\/www.halifax-consulting.com\/de\/kontakt\/#breadcrumb\"},\"inLanguage\":\"de-DE\",\"potentialAction\":[{\"@type\":\"ReadAction\",\"target\":[\"https:\/\/www.halifax-consulting.com\/de\/kontakt\/\"]}]},{\"@type\":\"BreadcrumbList\",\"@id\":\"https:\/\/www.halifax-consulting.com\/de\/kontakt\/#breadcrumb\",\"itemListElement\":[{\"@type\":\"ListItem\",\"position\":1,\"name\":\"Accueil\",\"item\":\"https:\/\/www.halifax-consulting.com\/de\/\"},{\"@type\":\"ListItem\",\"position\":2,\"name\":\"Kontakt\"}]},{\"@type\":\"WebSite\",\"@id\":\"https:\/\/www.halifax-consulting.com\/de\/#website\",\"url\":\"https:\/\/www.halifax-consulting.com\/de\/\",\"name\":\"Halifax Consulting \u2013 DE\",\"description\":\"Halifax Consulting\",\"publisher\":{\"@id\":\"https:\/\/www.halifax-consulting.com\/de\/#organization\"},\"potentialAction\":[{\"@type\":\"SearchAction\",\"target\":{\"@type\":\"EntryPoint\",\"urlTemplate\":\"https:\/\/www.halifax-consulting.com\/de\/?s={search_term_string}\"},\"query-input\":\"required name=search_term_string\"}],\"inLanguage\":\"de-DE\"},{\"@type\":\"Organization\",\"@id\":\"https:\/\/www.halifax-consulting.com\/de\/#organization\",\"name\":\"Halifax Consulting\",\"url\":\"https:\/\/www.halifax-consulting.com\/de\/\",\"logo\":{\"@type\":\"ImageObject\",\"inLanguage\":\"de-DE\",\"@id\":\"https:\/\/www.halifax-consulting.com\/de\/#\/schema\/logo\/image\/\",\"url\":\"\",\"contentUrl\":\"\",\"caption\":\"Halifax Consulting\"},\"image\":{\"@id\":\"https:\/\/www.halifax-consulting.com\/de\/#\/schema\/logo\/image\/\"}}]}<\/script>\n<!-- \/ Yoast SEO plugin. -->","yoast_head_json":{"title":"Halifax Consulting \u2013 DE | Kontakt","description":"Setzen Sie sich mit uns in Verbindung. Sprechen Sie mit uns \u00fcber Ihre Ziele im Bereich Gesch\u00e4ftsleistung und lassen Sie uns gemeinsam die L\u00f6sung aufbauen, die zu Ihnen passt.","canonical":"https:\/\/www.halifax-consulting.com\/de\/kontakt\/","og_locale":"de_DE","og_type":"article","og_title":"Halifax Consulting \u2013 DE | Kontakt","og_description":"Setzen Sie sich mit uns in Verbindung. Sprechen Sie mit uns \u00fcber Ihre Ziele im Bereich Gesch\u00e4ftsleistung und lassen Sie uns gemeinsam die L\u00f6sung aufbauen, die zu Ihnen passt.","og_url":"https:\/\/www.halifax-consulting.com\/de\/kontakt\/","og_site_name":"Halifax Consulting \u2013 DE","article_modified_time":"2023-10-24T09:12:05+00:00","og_image":[{"width":1000,"height":360,"url":"https:\/\/www.halifax-consulting.com\/de\/wp-content\/uploads\/sites\/8\/2020\/01\/halifax-consulting-contact.jpg","type":"image\/jpeg"}],"twitter_card":"summary_large_image","schema":{"@context":"https:\/\/schema.org","@graph":[{"@type":"WebPage","@id":"https:\/\/www.halifax-consulting.com\/de\/kontakt\/","url":"https:\/\/www.halifax-consulting.com\/de\/kontakt\/","name":"Halifax Consulting \u2013 DE | Kontakt","isPartOf":{"@id":"https:\/\/www.halifax-consulting.com\/de\/#website"},"datePublished":"2019-12-11T15:11:00+00:00","dateModified":"2023-10-24T09:12:05+00:00","description":"Setzen Sie sich mit uns in Verbindung. Sprechen Sie mit uns \u00fcber Ihre Ziele im Bereich Gesch\u00e4ftsleistung und lassen Sie uns gemeinsam die L\u00f6sung aufbauen, die zu Ihnen passt.","breadcrumb":{"@id":"https:\/\/www.halifax-consulting.com\/de\/kontakt\/#breadcrumb"},"inLanguage":"de-DE","potentialAction":[{"@type":"ReadAction","target":["https:\/\/www.halifax-consulting.com\/de\/kontakt\/"]}]},{"@type":"BreadcrumbList","@id":"https:\/\/www.halifax-consulting.com\/de\/kontakt\/#breadcrumb","itemListElement":[{"@type":"ListItem","position":1,"name":"Accueil","item":"https:\/\/www.halifax-consulting.com\/de\/"},{"@type":"ListItem","position":2,"name":"Kontakt"}]},{"@type":"WebSite","@id":"https:\/\/www.halifax-consulting.com\/de\/#website","url":"https:\/\/www.halifax-consulting.com\/de\/","name":"Halifax Consulting \u2013 DE","description":"Halifax Consulting","publisher":{"@id":"https:\/\/www.halifax-consulting.com\/de\/#organization"},"potentialAction":[{"@type":"SearchAction","target":{"@type":"EntryPoint","urlTemplate":"https:\/\/www.halifax-consulting.com\/de\/?s={search_term_string}"},"query-input":"required name=search_term_string"}],"inLanguage":"de-DE"},{"@type":"Organization","@id":"https:\/\/www.halifax-consulting.com\/de\/#organization","name":"Halifax Consulting","url":"https:\/\/www.halifax-consulting.com\/de\/","logo":{"@type":"ImageObject","inLanguage":"de-DE","@id":"https:\/\/www.halifax-consulting.com\/de\/#\/schema\/logo\/image\/","url":"","contentUrl":"","caption":"Halifax Consulting"},"image":{"@id":"https:\/\/www.halifax-consulting.com\/de\/#\/schema\/logo\/image\/"}}]}},"_links":{"self":[{"href":"https:\/\/www.halifax-consulting.com\/de\/wp-json\/wp\/v2\/pages\/546"}],"collection":[{"href":"https:\/\/www.halifax-consulting.com\/de\/wp-json\/wp\/v2\/pages"}],"about":[{"href":"https:\/\/www.halifax-consulting.com\/de\/wp-json\/wp\/v2\/types\/page"}],"author":[{"embeddable":true,"href":"https:\/\/www.halifax-consulting.com\/de\/wp-json\/wp\/v2\/users\/3"}],"replies":[{"embeddable":true,"href":"https:\/\/www.halifax-consulting.com\/de\/wp-json\/wp\/v2\/comments?post=546"}],"version-history":[{"count":4,"href":"https:\/\/www.halifax-consulting.com\/de\/wp-json\/wp\/v2\/pages\/546\/revisions"}],"predecessor-version":[{"id":3037,"href":"https:\/\/www.halifax-consulting.com\/de\/wp-json\/wp\/v2\/pages\/546\/revisions\/3037"}],"wp:featuredmedia":[{"embeddable":true,"href":"https:\/\/www.halifax-consulting.com\/de\/wp-json\/wp\/v2\/media\/353"}],"wp:attachment":[{"href":"https:\/\/www.halifax-consulting.com\/de\/wp-json\/wp\/v2\/media?parent=546"}],"wp:term":[{"taxonomy":"category","embeddable":true,"href":"https:\/\/www.halifax-consulting.com\/de\/wp-json\/wp\/v2\/categories?post=546"}],"curies":[{"name":"wp","href":"https:\/\/api.w.org\/{rel}","templated":true}]}}