{"id":56,"date":"2019-12-13T14:58:14","date_gmt":"2019-12-13T14:58:14","guid":{"rendered":"https:\/\/www.halifax-consulting.com\/?page_id=56"},"modified":"2023-04-06T09:00:56","modified_gmt":"2023-04-06T08:00:56","slug":"sales-talent-assessment","status":"publish","type":"page","link":"https:\/\/www.halifax-consulting.com\/de\/digital-learning\/sales-talent-assessment\/","title":{"rendered":"Sales Talent Assessment"},"content":{"rendered":"<div class=\"container\">\n\t<div class=\"row\">\n\t\t<div class=\"col-lg-12 col-md-12 col-sm-12\">\n\t\t\t<h2 class=\"intro\">\n\t\t\t\t<strong class=\"intro-h2 d-block\">Vertriebstalente ausfindig machen<\/strong>\n\t\t\t\tUnsere L\u00f6sung f\u00fcr psychometrische Tests ist auf vertriebsbezogene Fragen zugeschnitten und st\u00fctzt sich auf gr\u00fcndliche Forschungen, die von Wissenschaftlern der Universit\u00e4t Montreal betreut werden. Die Online-Anwendung bietet auch eine Talentmanagement-L\u00f6sung, mit der sich Teams, Profile und Anforderungen besser kombinieren lassen. Dazu werden die Top-Performer Ihres Unternehmens oder Ihrer Organisation modelliert.\t\t\t<\/h2>\n\t\t<\/div>\n\t<\/div>\n<\/div>\n\n\n<div class=\"container pb-6\">\n\t<div class=\"row\">\n\t\t<div class=\"col-lg-4 col-md-4 col-sm-12\">\n\t\t\t<h4 class=\"key\">1<\/h4>\n\t\t\t<p class=\"key-description\">umfassende Online-L\u00f6sung f\u00fcr das Talentmanagement, die von der Identifikation \u00fcber die Anwerbung und Entwicklung bis zur Team-Integration reicht<\/p>\t\t\t\t\t\t\t\n\t\t<\/div>\n\t\t<div class=\"col-lg-4 col-md-4 col-sm-12\">\n\t\t\t<h4 class=\"key\">3<\/h4>\n\t\t\t<p class=\"key-description\">Sprachen abrufbar: Englisch, Franz\u00f6sisch und Spanisch<\/p>\t\t\t\t\t\t\n\t\t<\/div>\n\t\t<div class=\"col-lg-4 col-md-4 col-sm-12\">\n\t\t\t<h4 class=\"key\">mehr als 10<\/h4>\t\n\t\t\t<p class=\"key-description\">Jahre Erfahrung in Kanada und den USA<\/p>\t\t\t\t\t\n\t\t<\/div>\n\t<\/div>\n<\/div>\n\n<section class=\"light block-benefits-4 py-6\">\n\t<div class=\"container\">\n\t\t<div class=\"row\">\n\t\t\t<div class=\"col-lg-12 col-md-12 col-sm-12\">\n\t\t\t\t<h2 class=\"text-center\">\n\t\t\t\t\tVorteile\t\t\t\t\t<span class=\"h2-subtitle\"><\/span>\n\t\t\t\t\t\n\t\t\t\t\t\n\t\t\t\t<\/h2>\n\t\t\t<\/div>\n\t\t<\/div>\n\t\t<div class=\"row\">\n\t\t\t\t\n\t\t\t\t\t\n\t\t\t\t\t<div class=\"col-lg-6 col-md-6 col-sm-12 mb-4\">\n\t\t\t\t\t\t<div class=\"row\">\n\t\t\t\t\t\t\t<div class=\"col-lg-2 col-sm-3 col-sm-12\">\n\t\t\t\t\t\t\t\t<img decoding=\"async\" class=\"fadeIn\" src=\"https:\/\/www.halifax-consulting.com\/de\/wp-content\/themes\/halifax\/library\/img\/halifax-consulting-benefits-icon.svg\" alt=\"icone benefices\" width=\"100%\" \/>\n\t\t\t\t\t\t\t<\/div>\n\t\t\t\t\t\t\t<div class=\"col-lg-10 col-sm-9 col-sm-12 fadeIn\">\n\t\t\t\t\t\t\t\t<h3 class=\"benef-title\">Passend zum Job<\/h3>\n\t\t\t\t\t\t\t\t<p class=\"benef-content\">Stellen Sie ein Profil f\u00fcr den idealen Kandidaten auf &#8211; basierend auf Ihren Top-Performern und den Vertriebsanforderungen verschiedener Bereiche.<br>\n\t\t\t\t\t\t\t\t\t\t\t\t\t\t\t\t\t<\/p>\n\t\t\t\t\t\t\t<\/div>\n\t\t\t\t\t\t<\/div>\n\t\t\t\t\t<\/div>\n\t\t\t\t\t\n\t\t\t\t\t\t\n\t\t\t\t\t\n\t\t\t\t\t<div class=\"col-lg-6 col-md-6 col-sm-12 mb-4\">\n\t\t\t\t\t\t<div class=\"row\">\n\t\t\t\t\t\t\t<div class=\"col-lg-2 col-sm-3 col-sm-12\">\n\t\t\t\t\t\t\t\t<img decoding=\"async\" class=\"fadeIn\" src=\"https:\/\/www.halifax-consulting.com\/de\/wp-content\/themes\/halifax\/library\/img\/halifax-consulting-benefits-icon.svg\" alt=\"icone benefices\" width=\"100%\" \/>\n\t\t\t\t\t\t\t<\/div>\n\t\t\t\t\t\t\t<div class=\"col-lg-10 col-sm-9 col-sm-12 fadeIn\">\n\t\t\t\t\t\t\t\t<h3 class=\"benef-title\">Steigern Sie Ihre Rekrutierungserfolge<\/h3>\n\t\t\t\t\t\t\t\t<p class=\"benef-content\">Rekrutieren Sie effizienter und schneller und arbeiten Sie neue Mitarbeiter besser ein &#8211; und zwar in das Team, mit dem sie das Management am besten unterst\u00fctzen k\u00f6nnen.<br>\n\t\t\t\t\t\t\t\t\t\t\t\t\t\t\t\t\t<\/p>\n\t\t\t\t\t\t\t<\/div>\n\t\t\t\t\t\t<\/div>\n\t\t\t\t\t<\/div>\n\t\t\t\t\t\n\t\t\t\t\t\t\n\t\t\t\t\t\n\t\t\t\t\t<div class=\"col-lg-6 col-md-6 col-sm-12 mb-4\">\n\t\t\t\t\t\t<div class=\"row\">\n\t\t\t\t\t\t\t<div class=\"col-lg-2 col-sm-3 col-sm-12\">\n\t\t\t\t\t\t\t\t<img decoding=\"async\" class=\"fadeIn\" src=\"https:\/\/www.halifax-consulting.com\/de\/wp-content\/themes\/halifax\/library\/img\/halifax-consulting-benefits-icon.svg\" alt=\"icone benefices\" width=\"100%\" \/>\n\t\t\t\t\t\t\t<\/div>\n\t\t\t\t\t\t\t<div class=\"col-lg-10 col-sm-9 col-sm-12 fadeIn\">\n\t\t\t\t\t\t\t\t<h3 class=\"benef-title\">Treffen Sie die richtige Entscheidung<\/h3>\n\t\t\t\t\t\t\t\t<p class=\"benef-content\">Es gibt einige wichtige Faktoren, die Sie sich je nach Art der zu besetzenden Position genau anschauen sollten \u2013 auch dann, wenn ein Kandidat scheinbar \u00fcber solide Erfahrung auf dem betreffenden Gebiet verf\u00fcgt und einen guten Eindruck macht.<br>\n\t\t\t\t\t\t\t\t\t\t\t\t\t\t\t\t\t<\/p>\n\t\t\t\t\t\t\t<\/div>\n\t\t\t\t\t\t<\/div>\n\t\t\t\t\t<\/div>\n\t\t\t\t\t\n\t\t\t\t\t\t\n\t\t\t\t\t\n\t\t\t\t\t<div class=\"col-lg-6 col-md-6 col-sm-12 mb-4\">\n\t\t\t\t\t\t<div class=\"row\">\n\t\t\t\t\t\t\t<div class=\"col-lg-2 col-sm-3 col-sm-12\">\n\t\t\t\t\t\t\t\t<img decoding=\"async\" class=\"fadeIn\" src=\"https:\/\/www.halifax-consulting.com\/de\/wp-content\/themes\/halifax\/library\/img\/halifax-consulting-benefits-icon.svg\" alt=\"icone benefices\" width=\"100%\" \/>\n\t\t\t\t\t\t\t<\/div>\n\t\t\t\t\t\t\t<div class=\"col-lg-10 col-sm-9 col-sm-12 fadeIn\">\n\t\t\t\t\t\t\t\t<h3 class=\"benef-title\">Fokus auf dem Vertrieb<\/h3>\n\t\t\t\t\t\t\t\t<p class=\"benef-content\">Nutzen Sie eine umfassende Datenbank mit Zehntausenden von Profilen, die durch Recherchen in verschiedenen Bereichen des Vertriebs (Au\u00dfendienst, KAM, Teammanagement und Televertrieb) zusammengestellt wurden. Dabei wurden auch verschiedene Vertriebsprozesse (f\u00fcr Produkte, komplexe L\u00f6sungen, Dienstleistungen) und Herangehensweisen (Hunter, Farmer usw.) ber\u00fccksichtigt.<br>\n\t\t\t\t\t\t\t\t\t\t\t\t\t\t\t\t\t<\/p>\n\t\t\t\t\t\t\t<\/div>\n\t\t\t\t\t\t<\/div>\n\t\t\t\t\t<\/div>\n\t\t\t\t\t\n\t\t\t\t\t\t\t\t\n\t\t<\/div>\n\t<\/div>\n<\/section>\n\n<section class=\"navy py-6\">\n\t<div class=\"container\">\n\t\t<div class=\"row\">\n\t\t\t<div class=\"col-lg-12 col-md-12 col-sm-12\">\n\t\t\t\t<h2 class=\"text-center\">\n\t\t\t\t\tWie kann unsere Talentmanagement-L\u00f6sung Ihnen helfen?\t\t\t\t\t<span class=\"h2-subtitle\"><\/span>\n\t\t\t\t\t\n\t\t\t\t\t\n\t\t\t\t<\/h2>\n\t\t\t<\/div>\n\t\t<\/div>\n\t\t<div class=\"row\">\n\t\t\t\n\t\t\t<div class=\"col-lg-12 col-md-12 col-sm-12\">\n\t\t\t\t<div class=\"accordion\" id=\"accordionExample\">\n\t\t\t\t\t<div class=\"card\">\n\t\t\t\t\t    <div class=\"card-header\" id=\"headingOne\">\n\t\t\t\t\t\n\t\t\t\t\t        <button type=\"button\" data-toggle=\"collapse\" data-target=\"#collapseOne\" aria-expanded=\"true\" aria-controls=\"collapseOne\">\n\t\t\t\t\t        \tIn Ihrem Gesch\u00e4ft wird das passende Vertriebspersonal immer knapper und teurer in Rekrutierung und Ausbildung.\t\t\t\t\t        \t<i data-feather=\"chevron-down\"><\/i>\n\t\t\t\t\t        <\/button>\n\t\t\t\t\t\t\t\n\t\t\t\t\t    <\/div>\n\t\t\t\t\t\n\t\t\t\t\t    <div id=\"collapseOne\" class=\"collapse show\" aria-labelledby=\"headingOne\" data-parent=\"#accordionExample\">\n\t\t\t\t\t\t    <div class=\"card-body\">\n\t\t\t\t\t\t        <ul>\n<li> Sie m\u00fcssen die Methode verbessern, nach der Sie Talente identifizieren, Loyalit\u00e4t f\u00f6rdern, Mitarbeiter f\u00fchren und ihnen helfen, sich nach objektiven Kriterien zu entwickeln.<\/li>\n<li>Sie wollen mehr als einen Test. Sie suchen nach einer L\u00f6sung f\u00fcr das Talentmanagement, die speziell auf den Vertrieb zugeschnitten ist und von F\u00fchrungskr\u00e4ften und HR-Teams leicht genutzt werden kann.<\/li>\n<\/ul>\n\t\t\t\t\t\t    <\/div>\n\t\t\t\t\t    <\/div>\n\t\t\t\t\t<\/div>\n\t\t\t\t\t<div class=\"card\">\n\t\t\t\t\t    <div class=\"card-header\" id=\"headingTwo\">\n\t\t\t\t\t      \n\t\t\t\t\t        <button class=\"btn btn-link collapsed\" type=\"button\" data-toggle=\"collapse\" data-target=\"#collapseTwo\" aria-expanded=\"false\" aria-controls=\"collapseTwo\">\n\t\t\t\t\t        \tSie planen eine gr\u00f6\u00dfere Transformation des Vertriebs\t\t\t\t\t        \t<i data-feather=\"chevron-down\"><\/i>\n\t\t\t\t\t        <\/button>\n\t\t\t\t\t    <\/div>\n\t\t\t\t\t    <div id=\"collapseTwo\" class=\"collapse\" aria-labelledby=\"headingTwo\" data-parent=\"#accordionExample\">\n\t\t\t\t\t      <div class=\"card-body\">\n\t\t\t\t\t        <ul>\n<li>Ihre Rekrutierungspraktiken liefern nicht mehr die Ergebnisse, die Sie brauchen, um mit den neuen Herausforderungen Ihres Unternehmens und den Ver\u00e4nderungen bei Ihren L\u00f6sungen, Ans\u00e4tzen und Praktiken umgehen zu k\u00f6nnen. <\/li>\n<li>Sie wollen \u00fcberpr\u00fcfen, welche Profile Sie brauchen, und suchen nach einer M\u00f6glichkeit, Teams umzugestalten.<\/li>\n<\/ul>\n\t\t\t\t\t      <\/div>\n\t\t\t\t\t    <\/div>\n\t\t\t\t\t  <\/div>\n\t\t\t\t\t\t\t\t\t\t<div class=\"card\">\n\t\t\t\t\t    <div class=\"card-header\" id=\"headingThree\">\n\t\t\t\t\t      \n\t\t\t\t\t        <button class=\"btn btn-link collapsed\" type=\"button\" data-toggle=\"collapse\" data-target=\"#collapseThree\" aria-expanded=\"false\" aria-controls=\"collapseThree\">\n\t\t\t\t\t        \tIhr Unternehmen w\u00e4chst und Sie wollen das Talentmanagement verbessern\t\t\t\t\t        \t<i data-feather=\"chevron-down\"><\/i>\n\t\t\t\t\t        <\/button>\n\t\t\t\t\t    <\/div>\n\t\t\t\t\t    <div id=\"collapseThree\" class=\"collapse\" aria-labelledby=\"headingThree\" data-parent=\"#accordionExample\">\n\t\t\t\t\t      <div class=\"card-body\">\n\t\t\t\t\t        <p>Die Online-App und die Datenanalyse durch SaaS k\u00f6nnen Ihnen einen Wettbewerbsvorteil verschaffen. Die Investitionen f\u00fcr eine deutliche Beschleunigung der Gesch\u00e4ftsentwicklung sind gering.<\/p>\n\t\t\t\t\t      <\/div>\n\t\t\t\t\t    <\/div>\n\t\t\t\t\t  <\/div>\t\n\t\t\t\t\t\t\t\t\t\t\t\t\t\t\t\t\t\t\t\t\t\t\t\t\t\t\t\t\t\t\t\t\t\t<\/div>\n\t\t\t<\/div>\n\t\t\t\n\t\t<\/div>\n\t<\/div>\n<\/section>","protected":false},"excerpt":{"rendered":"<p>Psychometric tests designed specifically for sales<\/p>\n","protected":false},"author":3,"featured_media":1513,"parent":549,"menu_order":50,"comment_status":"closed","ping_status":"closed","template":"","meta":[],"categories":[],"acf":[],"yoast_head":"<!-- This site is optimized with the Yoast SEO plugin v19.9 - https:\/\/yoast.com\/wordpress\/plugins\/seo\/ -->\n<title>Sales Talent Assessment<\/title>\n<meta name=\"description\" content=\"Sales Talent Assessment\" \/>\n<link rel=\"canonical\" href=\"https:\/\/www.halifax-consulting.com\/de\/digital-learning\/sales-talent-assessment\/\" \/>\n<meta property=\"og:locale\" content=\"de_DE\" \/>\n<meta property=\"og:type\" content=\"article\" \/>\n<meta property=\"og:title\" content=\"Sales Talent Assessment\" \/>\n<meta property=\"og:description\" content=\"Sales Talent Assessment\" \/>\n<meta property=\"og:url\" content=\"https:\/\/www.halifax-consulting.com\/de\/digital-learning\/sales-talent-assessment\/\" \/>\n<meta property=\"og:site_name\" content=\"Halifax Consulting \u2013 DE\" \/>\n<meta property=\"article:modified_time\" content=\"2023-04-06T08:00:56+00:00\" \/>\n<meta property=\"og:image\" content=\"https:\/\/www.halifax-consulting.com\/de\/wp-content\/uploads\/sites\/8\/2020\/03\/halifax-consulting-digital-learning-sales-talent-assessment.jpg\" \/>\n\t<meta property=\"og:image:width\" content=\"1000\" \/>\n\t<meta property=\"og:image:height\" content=\"360\" \/>\n\t<meta property=\"og:image:type\" content=\"image\/jpeg\" \/>\n<meta name=\"twitter:card\" content=\"summary_large_image\" \/>\n<script type=\"application\/ld+json\" class=\"yoast-schema-graph\">{\"@context\":\"https:\/\/schema.org\",\"@graph\":[{\"@type\":\"WebPage\",\"@id\":\"https:\/\/www.halifax-consulting.com\/de\/digital-learning\/sales-talent-assessment\/\",\"url\":\"https:\/\/www.halifax-consulting.com\/de\/digital-learning\/sales-talent-assessment\/\",\"name\":\"Sales Talent Assessment\",\"isPartOf\":{\"@id\":\"https:\/\/www.halifax-consulting.com\/de\/#website\"},\"datePublished\":\"2019-12-13T14:58:14+00:00\",\"dateModified\":\"2023-04-06T08:00:56+00:00\",\"description\":\"Sales Talent Assessment\",\"breadcrumb\":{\"@id\":\"https:\/\/www.halifax-consulting.com\/de\/digital-learning\/sales-talent-assessment\/#breadcrumb\"},\"inLanguage\":\"de-DE\",\"potentialAction\":[{\"@type\":\"ReadAction\",\"target\":[\"https:\/\/www.halifax-consulting.com\/de\/digital-learning\/sales-talent-assessment\/\"]}]},{\"@type\":\"BreadcrumbList\",\"@id\":\"https:\/\/www.halifax-consulting.com\/de\/digital-learning\/sales-talent-assessment\/#breadcrumb\",\"itemListElement\":[{\"@type\":\"ListItem\",\"position\":1,\"name\":\"Accueil\",\"item\":\"https:\/\/www.halifax-consulting.com\/de\/\"},{\"@type\":\"ListItem\",\"position\":2,\"name\":\"Digital &amp; KI\",\"item\":\"https:\/\/www.halifax-consulting.com\/de\/digital-learning\/\"},{\"@type\":\"ListItem\",\"position\":3,\"name\":\"Sales Talent Assessment\"}]},{\"@type\":\"WebSite\",\"@id\":\"https:\/\/www.halifax-consulting.com\/de\/#website\",\"url\":\"https:\/\/www.halifax-consulting.com\/de\/\",\"name\":\"Halifax Consulting \u2013 DE\",\"description\":\"Halifax Consulting\",\"publisher\":{\"@id\":\"https:\/\/www.halifax-consulting.com\/de\/#organization\"},\"potentialAction\":[{\"@type\":\"SearchAction\",\"target\":{\"@type\":\"EntryPoint\",\"urlTemplate\":\"https:\/\/www.halifax-consulting.com\/de\/?s={search_term_string}\"},\"query-input\":\"required name=search_term_string\"}],\"inLanguage\":\"de-DE\"},{\"@type\":\"Organization\",\"@id\":\"https:\/\/www.halifax-consulting.com\/de\/#organization\",\"name\":\"Halifax Consulting\",\"url\":\"https:\/\/www.halifax-consulting.com\/de\/\",\"logo\":{\"@type\":\"ImageObject\",\"inLanguage\":\"de-DE\",\"@id\":\"https:\/\/www.halifax-consulting.com\/de\/#\/schema\/logo\/image\/\",\"url\":\"\",\"contentUrl\":\"\",\"caption\":\"Halifax Consulting\"},\"image\":{\"@id\":\"https:\/\/www.halifax-consulting.com\/de\/#\/schema\/logo\/image\/\"}}]}<\/script>\n<!-- \/ Yoast SEO plugin. -->","yoast_head_json":{"title":"Sales Talent Assessment","description":"Sales Talent Assessment","canonical":"https:\/\/www.halifax-consulting.com\/de\/digital-learning\/sales-talent-assessment\/","og_locale":"de_DE","og_type":"article","og_title":"Sales Talent Assessment","og_description":"Sales Talent Assessment","og_url":"https:\/\/www.halifax-consulting.com\/de\/digital-learning\/sales-talent-assessment\/","og_site_name":"Halifax Consulting \u2013 DE","article_modified_time":"2023-04-06T08:00:56+00:00","og_image":[{"width":1000,"height":360,"url":"https:\/\/www.halifax-consulting.com\/de\/wp-content\/uploads\/sites\/8\/2020\/03\/halifax-consulting-digital-learning-sales-talent-assessment.jpg","type":"image\/jpeg"}],"twitter_card":"summary_large_image","schema":{"@context":"https:\/\/schema.org","@graph":[{"@type":"WebPage","@id":"https:\/\/www.halifax-consulting.com\/de\/digital-learning\/sales-talent-assessment\/","url":"https:\/\/www.halifax-consulting.com\/de\/digital-learning\/sales-talent-assessment\/","name":"Sales Talent Assessment","isPartOf":{"@id":"https:\/\/www.halifax-consulting.com\/de\/#website"},"datePublished":"2019-12-13T14:58:14+00:00","dateModified":"2023-04-06T08:00:56+00:00","description":"Sales Talent Assessment","breadcrumb":{"@id":"https:\/\/www.halifax-consulting.com\/de\/digital-learning\/sales-talent-assessment\/#breadcrumb"},"inLanguage":"de-DE","potentialAction":[{"@type":"ReadAction","target":["https:\/\/www.halifax-consulting.com\/de\/digital-learning\/sales-talent-assessment\/"]}]},{"@type":"BreadcrumbList","@id":"https:\/\/www.halifax-consulting.com\/de\/digital-learning\/sales-talent-assessment\/#breadcrumb","itemListElement":[{"@type":"ListItem","position":1,"name":"Accueil","item":"https:\/\/www.halifax-consulting.com\/de\/"},{"@type":"ListItem","position":2,"name":"Digital &amp; KI","item":"https:\/\/www.halifax-consulting.com\/de\/digital-learning\/"},{"@type":"ListItem","position":3,"name":"Sales Talent Assessment"}]},{"@type":"WebSite","@id":"https:\/\/www.halifax-consulting.com\/de\/#website","url":"https:\/\/www.halifax-consulting.com\/de\/","name":"Halifax Consulting \u2013 DE","description":"Halifax Consulting","publisher":{"@id":"https:\/\/www.halifax-consulting.com\/de\/#organization"},"potentialAction":[{"@type":"SearchAction","target":{"@type":"EntryPoint","urlTemplate":"https:\/\/www.halifax-consulting.com\/de\/?s={search_term_string}"},"query-input":"required name=search_term_string"}],"inLanguage":"de-DE"},{"@type":"Organization","@id":"https:\/\/www.halifax-consulting.com\/de\/#organization","name":"Halifax Consulting","url":"https:\/\/www.halifax-consulting.com\/de\/","logo":{"@type":"ImageObject","inLanguage":"de-DE","@id":"https:\/\/www.halifax-consulting.com\/de\/#\/schema\/logo\/image\/","url":"","contentUrl":"","caption":"Halifax Consulting"},"image":{"@id":"https:\/\/www.halifax-consulting.com\/de\/#\/schema\/logo\/image\/"}}]}},"_links":{"self":[{"href":"https:\/\/www.halifax-consulting.com\/de\/wp-json\/wp\/v2\/pages\/56"}],"collection":[{"href":"https:\/\/www.halifax-consulting.com\/de\/wp-json\/wp\/v2\/pages"}],"about":[{"href":"https:\/\/www.halifax-consulting.com\/de\/wp-json\/wp\/v2\/types\/page"}],"author":[{"embeddable":true,"href":"https:\/\/www.halifax-consulting.com\/de\/wp-json\/wp\/v2\/users\/3"}],"replies":[{"embeddable":true,"href":"https:\/\/www.halifax-consulting.com\/de\/wp-json\/wp\/v2\/comments?post=56"}],"version-history":[{"count":5,"href":"https:\/\/www.halifax-consulting.com\/de\/wp-json\/wp\/v2\/pages\/56\/revisions"}],"predecessor-version":[{"id":2819,"href":"https:\/\/www.halifax-consulting.com\/de\/wp-json\/wp\/v2\/pages\/56\/revisions\/2819"}],"up":[{"embeddable":true,"href":"https:\/\/www.halifax-consulting.com\/de\/wp-json\/wp\/v2\/pages\/549"}],"wp:featuredmedia":[{"embeddable":true,"href":"https:\/\/www.halifax-consulting.com\/de\/wp-json\/wp\/v2\/media\/1513"}],"wp:attachment":[{"href":"https:\/\/www.halifax-consulting.com\/de\/wp-json\/wp\/v2\/media?parent=56"}],"wp:term":[{"taxonomy":"category","embeddable":true,"href":"https:\/\/www.halifax-consulting.com\/de\/wp-json\/wp\/v2\/categories?post=56"}],"curies":[{"name":"wp","href":"https:\/\/api.w.org\/{rel}","templated":true}]}}