{"id":59,"date":"2019-12-13T14:58:51","date_gmt":"2019-12-13T14:58:51","guid":{"rendered":"https:\/\/www.halifax-consulting.com\/?page_id=59"},"modified":"2023-04-06T09:01:15","modified_gmt":"2023-04-06T08:01:15","slug":"halifax-sales-academy","status":"publish","type":"page","link":"https:\/\/www.halifax-consulting.com\/de\/digital-learning\/halifax-sales-academy\/","title":{"rendered":"Halifax Sales Academy"},"content":{"rendered":"<div class=\"container\">\n\t<div class=\"row\">\n\t\t<div class=\"col-lg-12 col-md-12 col-sm-12\">\n\t\t\t<h2 class=\"intro\">\n\t\t\t\t<strong class=\"intro-h2 d-block\">Lernen Sie f\u00fcr sich<\/strong>\n\t\t\t\tUnternehmen sehen sich heute einer wachsenden Komplexit\u00e4t und einem immer sch\u00e4rferen Wettbewerb gegen\u00fcber. Das hat zu einem sprunghaften Anstieg der Nachfrage nach Mitarbeiterschulungen gef\u00fchrt. Gleichzeitig m\u00fcssen die Mitarbeiter selbst ihre Besch\u00e4ftigungsf\u00e4higkeit erhalten und die Verantwortung f\u00fcr ihre Weiterbildung \u00fcbernehmen. Um sich diesen neuen Herausforderungen zu stellen und die zur Erreichung der entsprechenden Ziele erforderliche Flexibilit\u00e4t zu gew\u00e4hrleisten, hat Halifax eine der besten Sammlungen von Schulungsressourcen in Europa entwickelt. Sie ist in sechs Sprachen abrufbar und konzentriert sich auf die Grundlagen der B2B-Gesch\u00e4ftsentwicklung.\t\t\t<\/h2>\n\t\t<\/div>\n\t<\/div>\n<\/div>\n\n\n<section class=\"light block-benefits-4 py-6\">\n\t<div class=\"container\">\n\t\t<div class=\"row\">\n\t\t\t<div class=\"col-lg-12 col-md-12 col-sm-12\">\n\t\t\t\t<h2 class=\"text-center\">\n\t\t\t\t\tVorteile\t\t\t\t\t<span class=\"h2-subtitle\"><\/span>\n\t\t\t\t\t\n\t\t\t\t\t\n\t\t\t\t<\/h2>\n\t\t\t<\/div>\n\t\t<\/div>\n\t\t<div class=\"row\">\n\t\t\t\t\n\t\t\t\t\t\n\t\t\t\t\t<div class=\"col-lg-6 col-md-6 col-sm-12 mb-4\">\n\t\t\t\t\t\t<div class=\"row\">\n\t\t\t\t\t\t\t<div class=\"col-lg-2 col-sm-3 col-sm-12\">\n\t\t\t\t\t\t\t\t<img decoding=\"async\" class=\"fadeIn\" src=\"https:\/\/www.halifax-consulting.com\/de\/wp-content\/themes\/halifax\/library\/img\/halifax-consulting-benefits-icon.svg\" alt=\"icone benefices\" width=\"100%\" \/>\n\t\t\t\t\t\t\t<\/div>\n\t\t\t\t\t\t\t<div class=\"col-lg-10 col-sm-9 col-sm-12 fadeIn\">\n\t\t\t\t\t\t\t\t<h3 class=\"benef-title\">Nach Bedarf<\/h3>\n\t\t\t\t\t\t\t\t<p class=\"benef-content\">Ermutigen Sie die Vertriebsteams, Online-Schulung mit ma\u00dfgeschneiderten Inhalten, Video-Beispielen und interaktiven \u00dcbungen durchzuf\u00fchren.<br>\n\t\t\t\t\t\t\t\t\t\t\t\t\t\t\t\t\t<\/p>\n\t\t\t\t\t\t\t<\/div>\n\t\t\t\t\t\t<\/div>\n\t\t\t\t\t<\/div>\n\t\t\t\t\t\n\t\t\t\t\t\t\n\t\t\t\t\t\n\t\t\t\t\t<div class=\"col-lg-6 col-md-6 col-sm-12 mb-4\">\n\t\t\t\t\t\t<div class=\"row\">\n\t\t\t\t\t\t\t<div class=\"col-lg-2 col-sm-3 col-sm-12\">\n\t\t\t\t\t\t\t\t<img decoding=\"async\" class=\"fadeIn\" src=\"https:\/\/www.halifax-consulting.com\/de\/wp-content\/themes\/halifax\/library\/img\/halifax-consulting-benefits-icon.svg\" alt=\"icone benefices\" width=\"100%\" \/>\n\t\t\t\t\t\t\t<\/div>\n\t\t\t\t\t\t\t<div class=\"col-lg-10 col-sm-9 col-sm-12 fadeIn\">\n\t\t\t\t\t\t\t\t<h3 class=\"benef-title\">Multimodal<\/h3>\n\t\t\t\t\t\t\t\t<p class=\"benef-content\">Die Halifax Academy kann auch in Schulungskurse f\u00fcr Vertriebsteams integriert werden. Sie ist Teil eines gemischten oder Blended-Learning-Ansatzes (eine Kombination von klassischer Schulung in Seminarr\u00e4umen auf der einen Seite und Lernen und Mentoring auf Distanz auf der anderen, durchgef\u00fchrt beim Kunden durch F\u00fchrungskr\u00e4fte, internes Schulungspersonal und \u00e4hnliches).<br>\n\t\t\t\t\t\t\t\t\t\t\t\t\t\t\t\t\t<\/p>\n\t\t\t\t\t\t\t<\/div>\n\t\t\t\t\t\t<\/div>\n\t\t\t\t\t<\/div>\n\t\t\t\t\t\n\t\t\t\t\t\t\n\t\t\t\t\t\n\t\t\t\t\t<div class=\"col-lg-6 col-md-6 col-sm-12 mb-4\">\n\t\t\t\t\t\t<div class=\"row\">\n\t\t\t\t\t\t\t<div class=\"col-lg-2 col-sm-3 col-sm-12\">\n\t\t\t\t\t\t\t\t<img decoding=\"async\" class=\"fadeIn\" src=\"https:\/\/www.halifax-consulting.com\/de\/wp-content\/themes\/halifax\/library\/img\/halifax-consulting-benefits-icon.svg\" alt=\"icone benefices\" width=\"100%\" \/>\n\t\t\t\t\t\t\t<\/div>\n\t\t\t\t\t\t\t<div class=\"col-lg-10 col-sm-9 col-sm-12 fadeIn\">\n\t\t\t\t\t\t\t\t<h3 class=\"benef-title\">Anpassbar<\/h3>\n\t\t\t\t\t\t\t\t<p class=\"benef-content\">Mit Online-Tools zur Selbsteinsch\u00e4tzung, ma\u00dfgeschneiderten \u00dcbungen und weiteren Extras k\u00f6nnen die passenden Schulungen f\u00fcr jeden Bedarf erstellt werden.<br>\n\t\t\t\t\t\t\t\t\t\t\t\t\t\t\t\t\t<\/p>\n\t\t\t\t\t\t\t<\/div>\n\t\t\t\t\t\t<\/div>\n\t\t\t\t\t<\/div>\n\t\t\t\t\t\n\t\t\t\t\t\t\n\t\t\t\t\t\n\t\t\t\t\t<div class=\"col-lg-6 col-md-6 col-sm-12 mb-4\">\n\t\t\t\t\t\t<div class=\"row\">\n\t\t\t\t\t\t\t<div class=\"col-lg-2 col-sm-3 col-sm-12\">\n\t\t\t\t\t\t\t\t<img decoding=\"async\" class=\"fadeIn\" src=\"https:\/\/www.halifax-consulting.com\/de\/wp-content\/themes\/halifax\/library\/img\/halifax-consulting-benefits-icon.svg\" alt=\"icone benefices\" width=\"100%\" \/>\n\t\t\t\t\t\t\t<\/div>\n\t\t\t\t\t\t\t<div class=\"col-lg-10 col-sm-9 col-sm-12 fadeIn\">\n\t\t\t\t\t\t\t\t<h3 class=\"benef-title\">Global und multilingual<\/h3>\n\t\t\t\t\t\t\t\t<p class=\"benef-content\">Eine breite Palette an Sprachen und lokalisierten Ressourcen macht die Halifax Academy zur perfekten L\u00f6sung f\u00fcr internationale und globale Projekte.<br>\n\t\t\t\t\t\t\t\t\t\t\t\t\t\t\t\t\t<\/p>\n\t\t\t\t\t\t\t<\/div>\n\t\t\t\t\t\t<\/div>\n\t\t\t\t\t<\/div>\n\t\t\t\t\t\n\t\t\t\t\t\t\t\t\n\t\t<\/div>\n\t<\/div>\n<\/section>\n\n<section class=\"navy py-6\">\n\t<div class=\"container\">\n\t\t<div class=\"row\">\n\t\t\t<div class=\"col-lg-12 col-md-12 col-sm-12\">\n\t\t\t\t<h2 class=\"text-center\">\n\t\t\t\t\tWie kann E-Learning nach Bedarf Ihnen helfen?\t\t\t\t\t<span class=\"h2-subtitle\"><\/span>\n\t\t\t\t\t\n\t\t\t\t\t\n\t\t\t\t<\/h2>\n\t\t\t<\/div>\n\t\t<\/div>\n\t\t<div class=\"row\">\n\t\t\t\n\t\t\t<div class=\"col-lg-12 col-md-12 col-sm-12\">\n\t\t\t\t<div class=\"accordion\" id=\"accordionExample\">\n\t\t\t\t\t<div class=\"card\">\n\t\t\t\t\t    <div class=\"card-header\" id=\"headingOne\">\n\t\t\t\t\t\n\t\t\t\t\t        <button type=\"button\" data-toggle=\"collapse\" data-target=\"#collapseOne\" aria-expanded=\"true\" aria-controls=\"collapseOne\">\n\t\t\t\t\t        \tVerbessern Sie Ihre Vertriebsf\u00fchrung\t\t\t\t\t        \t<i data-feather=\"chevron-down\"><\/i>\n\t\t\t\t\t        <\/button>\n\t\t\t\t\t\t\t\n\t\t\t\t\t    <\/div>\n\t\t\t\t\t\n\t\t\t\t\t    <div id=\"collapseOne\" class=\"collapse show\" aria-labelledby=\"headingOne\" data-parent=\"#accordionExample\">\n\t\t\t\t\t\t    <div class=\"card-body\">\n\t\t\t\t\t\t        <ul>\n<li>Bringen Sie Ihre Teams mit den besten Vertriebspraktiken in Schwung. Verwenden Sie dazu strukturierte Methoden anstatt ungenauer m\u00fcndlicher \u00dcbungen und Methoden, die nicht modelliert werden k\u00f6nnen.\n<\/li>\n<li>Geben Sie Ihrem Vertriebsmanagement neue Coaching-L\u00f6sungen f\u00fcr Einzelpersonen und Gruppen an die Hand, damit diese sich auf den Mehrwert auf ihrem jeweiligen Gebiet konzentrieren k\u00f6nnen. <\/li>\n<\/ul>\n\t\t\t\t\t\t    <\/div>\n\t\t\t\t\t    <\/div>\n\t\t\t\t\t<\/div>\n\t\t\t\t\t<div class=\"card\">\n\t\t\t\t\t    <div class=\"card-header\" id=\"headingTwo\">\n\t\t\t\t\t      \n\t\t\t\t\t        <button class=\"btn btn-link collapsed\" type=\"button\" data-toggle=\"collapse\" data-target=\"#collapseTwo\" aria-expanded=\"false\" aria-controls=\"collapseTwo\">\n\t\t\t\t\t        \tF\u00f6rdern Sie die digitale Transformation Ihres Unternehmens\t\t\t\t\t        \t<i data-feather=\"chevron-down\"><\/i>\n\t\t\t\t\t        <\/button>\n\t\t\t\t\t    <\/div>\n\t\t\t\t\t    <div id=\"collapseTwo\" class=\"collapse\" aria-labelledby=\"headingTwo\" data-parent=\"#accordionExample\">\n\t\t\t\t\t      <div class=\"card-body\">\n\t\t\t\t\t        <ul>\n<li>Vertriebsmitarbeiter m\u00fcssen zur Verbesserung des Kundendienstes frische und digitale L\u00f6sungen mitbringen und dabei lernen, digitale Ressourcen f\u00fcr die Weiterbildung zu nutzen.<\/li>\n<li>Au\u00dfendienstler haben oft Leerzeiten, wenn sie unterwegs sind, auf Termine warten oder \u00e4hnliches. Mit den richtigen Tools k\u00f6nnen sie diese Zeit f\u00fcr die Schulung nutzen, ohne dass das auf Kosten der Produktivit\u00e4t geht. <\/li>\n<li>40 % der konventionellen Schulungsbudgets werden gem\u00e4\u00df einer Studie von IBM f\u00fcr Reisen ausgegeben &#8211; ganz abgesehen davon, dass mehr Reisen auch mehr CO2-Emissionen bedeuten.  <\/li>\n<\/ul>\n\t\t\t\t\t      <\/div>\n\t\t\t\t\t    <\/div>\n\t\t\t\t\t  <\/div>\n\t\t\t\t\t\t\t\t\t\t<div class=\"card\">\n\t\t\t\t\t    <div class=\"card-header\" id=\"headingThree\">\n\t\t\t\t\t      \n\t\t\t\t\t        <button class=\"btn btn-link collapsed\" type=\"button\" data-toggle=\"collapse\" data-target=\"#collapseThree\" aria-expanded=\"false\" aria-controls=\"collapseThree\">\n\t\t\t\t\t        \tVerwenden Sie einen Glocal-Ansatz beim Teilen von Best Practices\t\t\t\t\t        \t<i data-feather=\"chevron-down\"><\/i>\n\t\t\t\t\t        <\/button>\n\t\t\t\t\t    <\/div>\n\t\t\t\t\t    <div id=\"collapseThree\" class=\"collapse\" aria-labelledby=\"headingThree\" data-parent=\"#accordionExample\">\n\t\t\t\t\t      <div class=\"card-body\">\n\t\t\t\t\t        <ul>\n<li>Ihr Unternehmen wird immer regionaler, globaler und multilingualer. Verwenden Sie die richtigen Tools, um Glocal-Projekte anzusto\u00dfen \u2013 mit globalen L\u00f6sungen, die bei Bedarf an lokale Anforderungen angepasst werden k\u00f6nnen. <\/li>\n<li>Greifen Sie auf agile Methoden zur\u00fcck und stellen Sie Ihren Mitarbeitern die richtigen Tools zur richtigen Zeit zur Verf\u00fcgung, wenn sie keinen Zugang dazu hatten oder fr\u00fchere Gelegenheiten ungenutzt verstrichen sind. <\/li>\n<\/ul>\n\t\t\t\t\t      <\/div>\n\t\t\t\t\t    <\/div>\n\t\t\t\t\t  <\/div>\t\n\t\t\t\t\t\t\t\t\t\t\t\t\t\t\t<div class=\"card\">\n\t\t\t\t\t    <div class=\"card-header\" id=\"headingFour\">\n\t\t\t\t\t      \n\t\t\t\t\t        <button class=\"btn btn-link collapsed\" type=\"button\" data-toggle=\"collapse\" data-target=\"#collapseFour\" aria-expanded=\"false\" aria-controls=\"collapseFour\">\n\t\t\t\t\t        \tF\u00f6rdern Sie eine Kultur des Wachstums\t\t\t\t\t        \t<i data-feather=\"chevron-down\"><\/i>\n\t\t\t\t\t        <\/button>\n\t\t\t\t\t    <\/div>\n\t\t\t\t\t    <div id=\"collapseFour\" class=\"collapse\" aria-labelledby=\"headingFour\" data-parent=\"#accordionExample\">\n\t\t\t\t\t      <div class=\"card-body\">\n\t\t\t\t\t        <ul>\n<li>Diejenigen unter unseren Kunden, die unsere Academy-L\u00f6sung am intensivsten nutzen, erzielen auch die besten Leistungen. Denn es sind immer die Besten, die noch besser werden wollen! Ermutigen Sie Ihre Mitarbeiter, genau das zu tun! <\/li>\n<li>Alter, berufliche Laufbahn und Position haben einen Einfluss darauf, wie gut jemand mit neuen und individuellen Schulungsl\u00f6sungen zurechtkommt. Geben Sie jedem Mitarbeiter die M\u00f6glichkeit, auf seine eigene Art zu lernen. <\/li>\n<\/ul>\n\t\t\t\t\t      <\/div>\n\t\t\t\t\t    <\/div>\n\t\t\t\t\t  <\/div>\t\n\t\t\t\t\t\t\t\t\t\t\t\t\t\t\t\t\t\t\t\t\t\t\t\t\t\t\t\t\t<\/div>\n\t\t\t<\/div>\n\t\t\t\n\t\t<\/div>\n\t<\/div>\n<\/section>","protected":false},"excerpt":{"rendered":"<p>Negotiation, sales and management techniques with turnkey modules<\/p>\n","protected":false},"author":3,"featured_media":1458,"parent":549,"menu_order":0,"comment_status":"closed","ping_status":"closed","template":"","meta":[],"categories":[],"acf":[],"yoast_head":"<!-- This site is optimized with the Yoast SEO plugin v19.9 - https:\/\/yoast.com\/wordpress\/plugins\/seo\/ -->\n<title>Halifax Sales Academy<\/title>\n<meta name=\"description\" content=\"Halifax Sales Academy\" \/>\n<link rel=\"canonical\" href=\"https:\/\/www.halifax-consulting.com\/de\/digital-learning\/halifax-sales-academy\/\" \/>\n<meta property=\"og:locale\" content=\"de_DE\" \/>\n<meta property=\"og:type\" content=\"article\" \/>\n<meta property=\"og:title\" content=\"Halifax Sales Academy\" \/>\n<meta property=\"og:description\" content=\"Halifax Sales Academy\" \/>\n<meta property=\"og:url\" content=\"https:\/\/www.halifax-consulting.com\/de\/digital-learning\/halifax-sales-academy\/\" \/>\n<meta property=\"og:site_name\" content=\"Halifax Consulting \u2013 DE\" \/>\n<meta property=\"article:modified_time\" content=\"2023-04-06T08:01:15+00:00\" \/>\n<meta property=\"og:image\" content=\"https:\/\/www.halifax-consulting.com\/de\/wp-content\/uploads\/sites\/8\/2020\/03\/halifax-consulting-digital-learning-elearning-academy.jpg\" \/>\n\t<meta property=\"og:image:width\" content=\"1000\" \/>\n\t<meta property=\"og:image:height\" content=\"360\" \/>\n\t<meta property=\"og:image:type\" content=\"image\/jpeg\" \/>\n<meta name=\"twitter:card\" content=\"summary_large_image\" \/>\n<script type=\"application\/ld+json\" class=\"yoast-schema-graph\">{\"@context\":\"https:\/\/schema.org\",\"@graph\":[{\"@type\":\"WebPage\",\"@id\":\"https:\/\/www.halifax-consulting.com\/de\/digital-learning\/halifax-sales-academy\/\",\"url\":\"https:\/\/www.halifax-consulting.com\/de\/digital-learning\/halifax-sales-academy\/\",\"name\":\"Halifax Sales Academy\",\"isPartOf\":{\"@id\":\"https:\/\/www.halifax-consulting.com\/de\/#website\"},\"datePublished\":\"2019-12-13T14:58:51+00:00\",\"dateModified\":\"2023-04-06T08:01:15+00:00\",\"description\":\"Halifax Sales Academy\",\"breadcrumb\":{\"@id\":\"https:\/\/www.halifax-consulting.com\/de\/digital-learning\/halifax-sales-academy\/#breadcrumb\"},\"inLanguage\":\"de-DE\",\"potentialAction\":[{\"@type\":\"ReadAction\",\"target\":[\"https:\/\/www.halifax-consulting.com\/de\/digital-learning\/halifax-sales-academy\/\"]}]},{\"@type\":\"BreadcrumbList\",\"@id\":\"https:\/\/www.halifax-consulting.com\/de\/digital-learning\/halifax-sales-academy\/#breadcrumb\",\"itemListElement\":[{\"@type\":\"ListItem\",\"position\":1,\"name\":\"Accueil\",\"item\":\"https:\/\/www.halifax-consulting.com\/de\/\"},{\"@type\":\"ListItem\",\"position\":2,\"name\":\"Digital &amp; KI\",\"item\":\"https:\/\/www.halifax-consulting.com\/de\/digital-learning\/\"},{\"@type\":\"ListItem\",\"position\":3,\"name\":\"Halifax Sales Academy\"}]},{\"@type\":\"WebSite\",\"@id\":\"https:\/\/www.halifax-consulting.com\/de\/#website\",\"url\":\"https:\/\/www.halifax-consulting.com\/de\/\",\"name\":\"Halifax Consulting \u2013 DE\",\"description\":\"Halifax Consulting\",\"publisher\":{\"@id\":\"https:\/\/www.halifax-consulting.com\/de\/#organization\"},\"potentialAction\":[{\"@type\":\"SearchAction\",\"target\":{\"@type\":\"EntryPoint\",\"urlTemplate\":\"https:\/\/www.halifax-consulting.com\/de\/?s={search_term_string}\"},\"query-input\":\"required name=search_term_string\"}],\"inLanguage\":\"de-DE\"},{\"@type\":\"Organization\",\"@id\":\"https:\/\/www.halifax-consulting.com\/de\/#organization\",\"name\":\"Halifax Consulting\",\"url\":\"https:\/\/www.halifax-consulting.com\/de\/\",\"logo\":{\"@type\":\"ImageObject\",\"inLanguage\":\"de-DE\",\"@id\":\"https:\/\/www.halifax-consulting.com\/de\/#\/schema\/logo\/image\/\",\"url\":\"\",\"contentUrl\":\"\",\"caption\":\"Halifax Consulting\"},\"image\":{\"@id\":\"https:\/\/www.halifax-consulting.com\/de\/#\/schema\/logo\/image\/\"}}]}<\/script>\n<!-- \/ Yoast SEO plugin. -->","yoast_head_json":{"title":"Halifax Sales Academy","description":"Halifax Sales Academy","canonical":"https:\/\/www.halifax-consulting.com\/de\/digital-learning\/halifax-sales-academy\/","og_locale":"de_DE","og_type":"article","og_title":"Halifax Sales Academy","og_description":"Halifax Sales Academy","og_url":"https:\/\/www.halifax-consulting.com\/de\/digital-learning\/halifax-sales-academy\/","og_site_name":"Halifax Consulting \u2013 DE","article_modified_time":"2023-04-06T08:01:15+00:00","og_image":[{"width":1000,"height":360,"url":"https:\/\/www.halifax-consulting.com\/de\/wp-content\/uploads\/sites\/8\/2020\/03\/halifax-consulting-digital-learning-elearning-academy.jpg","type":"image\/jpeg"}],"twitter_card":"summary_large_image","schema":{"@context":"https:\/\/schema.org","@graph":[{"@type":"WebPage","@id":"https:\/\/www.halifax-consulting.com\/de\/digital-learning\/halifax-sales-academy\/","url":"https:\/\/www.halifax-consulting.com\/de\/digital-learning\/halifax-sales-academy\/","name":"Halifax Sales Academy","isPartOf":{"@id":"https:\/\/www.halifax-consulting.com\/de\/#website"},"datePublished":"2019-12-13T14:58:51+00:00","dateModified":"2023-04-06T08:01:15+00:00","description":"Halifax Sales Academy","breadcrumb":{"@id":"https:\/\/www.halifax-consulting.com\/de\/digital-learning\/halifax-sales-academy\/#breadcrumb"},"inLanguage":"de-DE","potentialAction":[{"@type":"ReadAction","target":["https:\/\/www.halifax-consulting.com\/de\/digital-learning\/halifax-sales-academy\/"]}]},{"@type":"BreadcrumbList","@id":"https:\/\/www.halifax-consulting.com\/de\/digital-learning\/halifax-sales-academy\/#breadcrumb","itemListElement":[{"@type":"ListItem","position":1,"name":"Accueil","item":"https:\/\/www.halifax-consulting.com\/de\/"},{"@type":"ListItem","position":2,"name":"Digital &amp; KI","item":"https:\/\/www.halifax-consulting.com\/de\/digital-learning\/"},{"@type":"ListItem","position":3,"name":"Halifax Sales Academy"}]},{"@type":"WebSite","@id":"https:\/\/www.halifax-consulting.com\/de\/#website","url":"https:\/\/www.halifax-consulting.com\/de\/","name":"Halifax Consulting \u2013 DE","description":"Halifax Consulting","publisher":{"@id":"https:\/\/www.halifax-consulting.com\/de\/#organization"},"potentialAction":[{"@type":"SearchAction","target":{"@type":"EntryPoint","urlTemplate":"https:\/\/www.halifax-consulting.com\/de\/?s={search_term_string}"},"query-input":"required name=search_term_string"}],"inLanguage":"de-DE"},{"@type":"Organization","@id":"https:\/\/www.halifax-consulting.com\/de\/#organization","name":"Halifax Consulting","url":"https:\/\/www.halifax-consulting.com\/de\/","logo":{"@type":"ImageObject","inLanguage":"de-DE","@id":"https:\/\/www.halifax-consulting.com\/de\/#\/schema\/logo\/image\/","url":"","contentUrl":"","caption":"Halifax Consulting"},"image":{"@id":"https:\/\/www.halifax-consulting.com\/de\/#\/schema\/logo\/image\/"}}]}},"_links":{"self":[{"href":"https:\/\/www.halifax-consulting.com\/de\/wp-json\/wp\/v2\/pages\/59"}],"collection":[{"href":"https:\/\/www.halifax-consulting.com\/de\/wp-json\/wp\/v2\/pages"}],"about":[{"href":"https:\/\/www.halifax-consulting.com\/de\/wp-json\/wp\/v2\/types\/page"}],"author":[{"embeddable":true,"href":"https:\/\/www.halifax-consulting.com\/de\/wp-json\/wp\/v2\/users\/3"}],"replies":[{"embeddable":true,"href":"https:\/\/www.halifax-consulting.com\/de\/wp-json\/wp\/v2\/comments?post=59"}],"version-history":[{"count":5,"href":"https:\/\/www.halifax-consulting.com\/de\/wp-json\/wp\/v2\/pages\/59\/revisions"}],"predecessor-version":[{"id":2817,"href":"https:\/\/www.halifax-consulting.com\/de\/wp-json\/wp\/v2\/pages\/59\/revisions\/2817"}],"up":[{"embeddable":true,"href":"https:\/\/www.halifax-consulting.com\/de\/wp-json\/wp\/v2\/pages\/549"}],"wp:featuredmedia":[{"embeddable":true,"href":"https:\/\/www.halifax-consulting.com\/de\/wp-json\/wp\/v2\/media\/1458"}],"wp:attachment":[{"href":"https:\/\/www.halifax-consulting.com\/de\/wp-json\/wp\/v2\/media?parent=59"}],"wp:term":[{"taxonomy":"category","embeddable":true,"href":"https:\/\/www.halifax-consulting.com\/de\/wp-json\/wp\/v2\/categories?post=59"}],"curies":[{"name":"wp","href":"https:\/\/api.w.org\/{rel}","templated":true}]}}