{"id":120,"date":"2019-12-19T22:00:07","date_gmt":"2019-12-19T21:00:07","guid":{"rendered":"https:\/\/www.halifax-consulting.com\/?page_id=120"},"modified":"2025-05-14T14:40:27","modified_gmt":"2025-05-14T12:40:27","slug":"assessing-sales-teams-and-managers","status":"publish","type":"page","link":"https:\/\/www.halifax-consulting.com\/en\/consulting\/assessing-sales-teams-and-managers\/","title":{"rendered":"Assessing sales teams and managers"},"content":{"rendered":"<div class=\"container\">\n\t<div class=\"row\">\n\t\t<div class=\"col-lg-12 col-md-12 col-sm-12\">\n\t\t\t<h2 class=\"intro\">\n\t\t\t\t<strong class=\"intro-h2 d-block\">We help you target the right sales talent for your company<\/strong>\n\t\t\t\t<p style=\"text-align: justify\">When recruiting your sales teams, streamlining your sales department and bringing their skills up to speed, <strong>it can be helpful to conduct an in-depth, objective assessment of the profiles and skills of sales representatives and managers<\/strong>. We draw on extensive insight into the art of sales to offer a multifaceted approach to evaluations based on <strong>3 complementary components<\/strong>:<\/p>\n<ul style=\"text-align: justify\">\n<li><a href=\"https:\/\/atmanco.com\/\"><strong>ATMAN<\/strong> <\/a>psychometric tests, developed in partnership with the University of Montreal, to measure the potential and profiles of salespeople.<\/li>\n<li>A self-assessment platform to gauge skills, which can be adapted to the specific profiles of your sales teams to determine individual perceptions in relation to required capabilities.<\/li>\n<li>An array of roleplaying games and business cases that allow us to observe effective skills in action.<\/li>\n<\/ul>\n<p style=\"text-align: justify\">We also go to great lengths to <strong>debrief everyone tested<\/strong>, which is always an enlightening experience for everyone involved.<\/p>\t\t\t<\/h2>\n\t\t<\/div>\n\t<\/div>\n<\/div>\n\n\n<section class=\"light block-benefits-4 py-6\">\n\t<div class=\"container\">\n\t\t<div class=\"row\">\n\t\t\t<div class=\"col-lg-12 col-md-12 col-sm-12\">\n\t\t\t\t<h2 class=\"text-center\">\n\t\t\t\t\tBenefits\t\t\t\t\t<span class=\"h2-subtitle\"><\/span>\n\t\t\t\t\t\n\t\t\t\t\t\n\t\t\t\t<\/h2>\n\t\t\t<\/div>\n\t\t<\/div>\n\t\t<div class=\"row\">\n\t\t\t\t\n\t\t\t\t\t\n\t\t\t\t\t<div class=\"col-lg-6 col-md-6 col-sm-12 mb-4\">\n\t\t\t\t\t\t<div class=\"row\">\n\t\t\t\t\t\t\t<div class=\"col-lg-2 col-sm-3 col-sm-12\">\n\t\t\t\t\t\t\t\t<img decoding=\"async\" class=\"fadeIn\" src=\"https:\/\/www.halifax-consulting.com\/en\/wp-content\/themes\/halifax\/library\/img\/halifax-consulting-benefits-icon.svg\" alt=\"icone benefices\" width=\"100%\" \/>\n\t\t\t\t\t\t\t<\/div>\n\t\t\t\t\t\t\t<div class=\"col-lg-10 col-sm-9 col-sm-12 fadeIn\">\n\t\t\t\t\t\t\t\t<h3 class=\"benef-title\">Threefold focus<\/h3>\n\t\t\t\t\t\t\t\t<p class=\"benef-content\">People&#8217;s individual sales profiles are multifaceted and hard to define. We use a three-part approach based on psychometric testing, skills observation and self-assessment to compile a detailed breakdown of each salesperson&#8217;s profile and development needs.<br>\n\t\t\t\t\t\t\t\t\t\t\t\t\t\t\t\t\t<\/p>\n\t\t\t\t\t\t\t<\/div>\n\t\t\t\t\t\t<\/div>\n\t\t\t\t\t<\/div>\n\t\t\t\t\t\n\t\t\t\t\t\t\n\t\t\t\t\t\n\t\t\t\t\t<div class=\"col-lg-6 col-md-6 col-sm-12 mb-4\">\n\t\t\t\t\t\t<div class=\"row\">\n\t\t\t\t\t\t\t<div class=\"col-lg-2 col-sm-3 col-sm-12\">\n\t\t\t\t\t\t\t\t<img decoding=\"async\" class=\"fadeIn\" src=\"https:\/\/www.halifax-consulting.com\/en\/wp-content\/themes\/halifax\/library\/img\/halifax-consulting-benefits-icon.svg\" alt=\"icone benefices\" width=\"100%\" \/>\n\t\t\t\t\t\t\t<\/div>\n\t\t\t\t\t\t\t<div class=\"col-lg-10 col-sm-9 col-sm-12 fadeIn\">\n\t\t\t\t\t\t\t\t<h3 class=\"benef-title\">Hands-on expertise<\/h3>\n\t\t\t\t\t\t\t\t<p class=\"benef-content\">Our assessment methods are custom-made to profile sales teams and managers. Test results are reviewed by specialist consultants with first-hand experience in the field.<br>\n\t\t\t\t\t\t\t\t\t\t\t\t\t\t\t\t\t<\/p>\n\t\t\t\t\t\t\t<\/div>\n\t\t\t\t\t\t<\/div>\n\t\t\t\t\t<\/div>\n\t\t\t\t\t\n\t\t\t\t\t\t\n\t\t\t\t\t\n\t\t\t\t\t<div class=\"col-lg-6 col-md-6 col-sm-12 mb-4\">\n\t\t\t\t\t\t<div class=\"row\">\n\t\t\t\t\t\t\t<div class=\"col-lg-2 col-sm-3 col-sm-12\">\n\t\t\t\t\t\t\t\t<img decoding=\"async\" class=\"fadeIn\" src=\"https:\/\/www.halifax-consulting.com\/en\/wp-content\/themes\/halifax\/library\/img\/halifax-consulting-benefits-icon.svg\" alt=\"icone benefices\" width=\"100%\" \/>\n\t\t\t\t\t\t\t<\/div>\n\t\t\t\t\t\t\t<div class=\"col-lg-10 col-sm-9 col-sm-12 fadeIn\">\n\t\t\t\t\t\t\t\t<h3 class=\"benef-title\">100% distance-based<\/h3>\n\t\t\t\t\t\t\t\t<p class=\"benef-content\">Our psychometric tests and self-assessments can all be carried out remotely, with roleplaying games and business-case analyses conducted online, by phone or via videoconferencing.<br>\n\t\t\t\t\t\t\t\t\t\t\t\t\t\t\t\t\t<\/p>\n\t\t\t\t\t\t\t<\/div>\n\t\t\t\t\t\t<\/div>\n\t\t\t\t\t<\/div>\n\t\t\t\t\t\n\t\t\t\t\t\t\n\t\t\t\t\t\n\t\t\t\t\t<div class=\"col-lg-6 col-md-6 col-sm-12 mb-4\">\n\t\t\t\t\t\t<div class=\"row\">\n\t\t\t\t\t\t\t<div class=\"col-lg-2 col-sm-3 col-sm-12\">\n\t\t\t\t\t\t\t\t<img decoding=\"async\" class=\"fadeIn\" src=\"https:\/\/www.halifax-consulting.com\/en\/wp-content\/themes\/halifax\/library\/img\/halifax-consulting-benefits-icon.svg\" alt=\"icone benefices\" width=\"100%\" \/>\n\t\t\t\t\t\t\t<\/div>\n\t\t\t\t\t\t\t<div class=\"col-lg-10 col-sm-9 col-sm-12 fadeIn\">\n\t\t\t\t\t\t\t\t<h3 class=\"benef-title\">Made-to-measure <\/h3>\n\t\t\t\t\t\t\t\t<p class=\"benef-content\">We pair our sales expertise with cutting-edge resources including job fits, psychometric tests, self-assessments and custom roleplays to enable accurate assessments of people with specific profiles.<br>\n\t\t\t\t\t\t\t\t\t\t\t\t\t\t\t\t\t<\/p>\n\t\t\t\t\t\t\t<\/div>\n\t\t\t\t\t\t<\/div>\n\t\t\t\t\t<\/div>\n\t\t\t\t\t\n\t\t\t\t\t\t\t\t\n\t\t<\/div>\n\t<\/div>\n<\/section>\n\n<section class=\"block_texte_cta\">\n\t<div class=\"container\">\n\t\t<div class=\"row\">\n\t\t\n\t\t\t<div class=\"col-lg-6 col-md-6 col-sm-12 block_texte_cta--contenu\">\n\t\t\t\t\n\t\t\t\tWant to learn more regarding our sales and sales management assessment solutions?\t\t\t\t\n\t\t\t<\/div>\n\t\t\t<div class=\"col-lg-6 col-md-6 col-sm-12 block_texte_cta--bouton\">\n\t\t\t\t\n\t\t\t\t<a class=\"btn\" href=\"https:\/\/forms.zohopublic.com\/andernagroup\/form\/encontact\/formperma\/-3olIl8fJXYkv4805gAXuqUh1IPg5V-TOUg2oCpAqFw\" title=\"Contact us\">Contact us<\/a>\n\t\t\t\t\n\t\t\t<\/div>\n\t\t\n\t\t<\/div>\n\t<\/div>\n\t\n<\/section>\n\n\n<section class=\"white py-6\">\n\t\n\t<div class=\"container-fluid\">\n\t\t\n\t\t<div class=\"row\">\n\t\t\n\t\t\t<div class=\"col-lg-6 col-md-6 col-sm-12\">\n\t\t\t\t<!-- Livre blanc -->\n\t\t\t\t<div class=\"card--livre-blanc navy\">\n\t\t\t\t\t\n\t\t\t\t\t<div class=\"row p-0 m-0\">\n\t\t\t\t\t\t\n\t\t\t\t\t\t<div class=\"col-lg-5 col-md-5 col-sm-12 pl-0 pr-0\">\n\t\t\t\t\t\t\t\n\t\t\t\t\t\t\t<figure class=\"img-simple-success\">\n\t\n\t\t\t\t\t\t\t\t<img decoding=\"async\" loading=\"lazy\" src=\"https:\/\/www.halifax-consulting.com\/en\/wp-content\/uploads\/sites\/3\/2023\/01\/halifax-consulting-livre-blanc-kam.png\" alt=\"\" width=\"100%\" height=\"\" >\t\t\t\t\t\t\t\t\n\t\t\t\t\t\t\t<\/figure>\n\t\t\t\t\t\t\t\n\t\t\t\t\t\t<\/div>\n\t\t\t\t\t\t\n\t\t\t\t\t\t<div class=\"col-lg-7 col-md-7 col-sm-12 card--lb-content\">\n\t\t\t\t\t\t\t<small>eBook<\/small>\n\t\t\t\t\t\t\t\n\t\t\t\t\t\t\t\t\t\t\t\t\t\t\n\t\t\t\t\t\t\t\t<h3>Key Account Management<\/h3>\n\t\t\t\t\t\t\t\t\n\t\t\t\t\t\t\t\t\t\t\t\t\t\t\n\t\t\t\t\t\t\t\t\t\t\t\t\t\t\n\t\t\t\t\t\t\t<a href=\"https:\/\/www.halifax-consulting.com\/en\/download?b=kam-176287363\" title=\"Livre blanc Key Account Management\" class=\"btn btn-hx btn-hx-orange\">Download it<\/a>\n\t\t\t\t\t\t<\/div>\n\t\t\t\t\t<\/div>\n\t\t\t\t<\/div>\n\t\t\t\t\n\t\t\t<\/div>\n\t\t\t\n\t\t\t\n\t\t\t\t\t\t\t \n\t\t\t\t\t\t\t\t\t\t\n\t\t\t\t\t\t\t\t\n\t\t\t\n\t\t\t\n\t\t\t\n\t\t\t<div class=\"col-lg-6 col-md-6 col-sm-12\">\n\t\t\t\t<!-- Success story -->\n\t\t\t\t<div class=\"card--livre-blanc\">\n\t\t\t\t\t\n\t\t\t\t\t<div class=\"row p-0 m-0\">\n\t\t\t\t\t\t\n\t\t\t\t\t\t<div class=\"col-lg-5 col-md-5 col-sm-12 pl-0 pr-0\">\n\t\t\t\t\t\t\t\n\t\t\t\t\t\t\t<figure class=\"img-simple-success\">\n\t\n\t\t\t\t\t\t\t\t<img decoding=\"async\" loading=\"lazy\" src=\"https:\/\/www.halifax-consulting.com\/en\/wp-content\/uploads\/sites\/3\/2020\/03\/halifax-consulting-success-story-fabricant-equipements-medicaux-2.jpg\" alt=\"\" width=\"100%\" height=\"\" >\t\t\t\t\t\t\t\t\n\t\t\t\t\t\t\t<\/figure>\n\t\t\t\t\t\t\t\n\t\t\t\t\t\t<\/div>\n\t\t\t\t\t\t\n\t\t\t\t\t\t<div class=\"col-lg-7 col-md-7 col-sm-12 card--lb-content\">\n\t\t\t\t\t\t\t<small>Success story<\/small>\n\t\t\t\t\t\t\n\t\t\t\t\t\t\t<h3>Halifax Consulting supports Medical equipment<\/h3>\n<!-- \t\t\t\t\t\t\t<p>A market-leading company in Africa had set an ambitious two-year target for organic growth. <\/p>\n\t -->\n<!--\n\t\t\t\t\t\t\t<p>\n\t\t\t\t\t\t\t\tD\u00e9couvrez comment Halifax Consulting a accompagn\u00e9 Medical equipment sur le chemin de la r\u00e9ussite\n\t\t\t\t\t\t\t<\/p>\n-->\n\t\t\t\n\t\t\t\t\t\t\t\n\t\t\t\t\t\t\t<a href=\"https:\/\/www.halifax-consulting.com\/en\/success-stories\/medical-equipment\/\" class=\"btn btn-hx btn-hx-orange\" title=\"Read more\">Read more<\/a>\n\t\t\t\t\t\t\n\t\t\t\t\t\t<\/div>\n\t\t\t\t\t\t\n\t\t\t\t\t<\/div>\n\t\t\t\t\t\n\t\t\t\t<\/div>\n\t\t\t\t\n\t\t\t<\/div>\n\t\t\t\t\t\t\t\t\t\n\t\t<\/div>\n\t\t\n\t<\/div>\n\t\n<\/section>","protected":false},"excerpt":{"rendered":"<p>We help you target the right sales talent for your company<\/p>\n","protected":false},"author":4,"featured_media":2866,"parent":543,"menu_order":10,"comment_status":"closed","ping_status":"closed","template":"","meta":[],"categories":[],"acf":[],"yoast_head":"<!-- This site is optimized with the Yoast SEO plugin v19.9 - https:\/\/yoast.com\/wordpress\/plugins\/seo\/ -->\n<title>Assessing sales teams and managers - Halifax Consulting<\/title>\n<meta name=\"description\" content=\"Halifax Consulting helps you conduct an in-depth, objective assessment of the profiles and skills of sales representatives and managers.\" \/>\n<link rel=\"canonical\" href=\"https:\/\/www.halifax-consulting.com\/en\/consulting\/assessing-sales-teams-and-managers\/\" \/>\n<meta property=\"og:locale\" content=\"en_GB\" \/>\n<meta property=\"og:type\" content=\"article\" \/>\n<meta property=\"og:title\" content=\"Assessing sales teams and managers - Halifax Consulting\" \/>\n<meta property=\"og:description\" content=\"Halifax Consulting helps you conduct an in-depth, objective assessment of the profiles and skills of sales representatives and managers.\" \/>\n<meta property=\"og:url\" content=\"https:\/\/www.halifax-consulting.com\/en\/consulting\/assessing-sales-teams-and-managers\/\" \/>\n<meta property=\"og:site_name\" content=\"Halifax Consulting \u2013\u00a0EN\" \/>\n<meta property=\"article:modified_time\" content=\"2025-05-14T12:40:27+00:00\" \/>\n<meta property=\"og:image\" content=\"https:\/\/www.halifax-consulting.com\/en\/wp-content\/uploads\/sites\/3\/2023\/02\/MicrosoftTeams-image-9.png\" \/>\n\t<meta property=\"og:image:width\" content=\"8809\" \/>\n\t<meta property=\"og:image:height\" content=\"1621\" \/>\n\t<meta property=\"og:image:type\" content=\"image\/png\" \/>\n<meta name=\"twitter:card\" content=\"summary_large_image\" \/>\n<script type=\"application\/ld+json\" class=\"yoast-schema-graph\">{\"@context\":\"https:\/\/schema.org\",\"@graph\":[{\"@type\":\"WebPage\",\"@id\":\"https:\/\/www.halifax-consulting.com\/en\/consulting\/assessing-sales-teams-and-managers\/\",\"url\":\"https:\/\/www.halifax-consulting.com\/en\/consulting\/assessing-sales-teams-and-managers\/\",\"name\":\"Assessing sales teams and managers - Halifax Consulting\",\"isPartOf\":{\"@id\":\"https:\/\/www.halifax-consulting.com\/en\/#website\"},\"datePublished\":\"2019-12-19T21:00:07+00:00\",\"dateModified\":\"2025-05-14T12:40:27+00:00\",\"description\":\"Halifax Consulting helps you conduct an in-depth, objective assessment of the profiles and skills of sales representatives and managers.\",\"breadcrumb\":{\"@id\":\"https:\/\/www.halifax-consulting.com\/en\/consulting\/assessing-sales-teams-and-managers\/#breadcrumb\"},\"inLanguage\":\"en-GB\",\"potentialAction\":[{\"@type\":\"ReadAction\",\"target\":[\"https:\/\/www.halifax-consulting.com\/en\/consulting\/assessing-sales-teams-and-managers\/\"]}]},{\"@type\":\"BreadcrumbList\",\"@id\":\"https:\/\/www.halifax-consulting.com\/en\/consulting\/assessing-sales-teams-and-managers\/#breadcrumb\",\"itemListElement\":[{\"@type\":\"ListItem\",\"position\":1,\"name\":\"Accueil\",\"item\":\"https:\/\/www.halifax-consulting.com\/en\/\"},{\"@type\":\"ListItem\",\"position\":2,\"name\":\"Consulting\",\"item\":\"https:\/\/www.halifax-consulting.com\/en\/consulting\/\"},{\"@type\":\"ListItem\",\"position\":3,\"name\":\"Assessing sales teams and managers\"}]},{\"@type\":\"WebSite\",\"@id\":\"https:\/\/www.halifax-consulting.com\/en\/#website\",\"url\":\"https:\/\/www.halifax-consulting.com\/en\/\",\"name\":\"Halifax Consulting \u2013\u00a0EN\",\"description\":\"Un site utilisant Les sites de Halifax Consulting\",\"potentialAction\":[{\"@type\":\"SearchAction\",\"target\":{\"@type\":\"EntryPoint\",\"urlTemplate\":\"https:\/\/www.halifax-consulting.com\/en\/?s={search_term_string}\"},\"query-input\":\"required name=search_term_string\"}],\"inLanguage\":\"en-GB\"}]}<\/script>\n<!-- \/ Yoast SEO plugin. -->","yoast_head_json":{"title":"Assessing sales teams and managers - Halifax Consulting","description":"Halifax Consulting helps you conduct an in-depth, objective assessment of the profiles and skills of sales representatives and managers.","canonical":"https:\/\/www.halifax-consulting.com\/en\/consulting\/assessing-sales-teams-and-managers\/","og_locale":"en_GB","og_type":"article","og_title":"Assessing sales teams and managers - Halifax Consulting","og_description":"Halifax Consulting helps you conduct an in-depth, objective assessment of the profiles and skills of sales representatives and managers.","og_url":"https:\/\/www.halifax-consulting.com\/en\/consulting\/assessing-sales-teams-and-managers\/","og_site_name":"Halifax Consulting \u2013\u00a0EN","article_modified_time":"2025-05-14T12:40:27+00:00","og_image":[{"width":8809,"height":1621,"url":"https:\/\/www.halifax-consulting.com\/en\/wp-content\/uploads\/sites\/3\/2023\/02\/MicrosoftTeams-image-9.png","type":"image\/png"}],"twitter_card":"summary_large_image","schema":{"@context":"https:\/\/schema.org","@graph":[{"@type":"WebPage","@id":"https:\/\/www.halifax-consulting.com\/en\/consulting\/assessing-sales-teams-and-managers\/","url":"https:\/\/www.halifax-consulting.com\/en\/consulting\/assessing-sales-teams-and-managers\/","name":"Assessing sales teams and managers - Halifax Consulting","isPartOf":{"@id":"https:\/\/www.halifax-consulting.com\/en\/#website"},"datePublished":"2019-12-19T21:00:07+00:00","dateModified":"2025-05-14T12:40:27+00:00","description":"Halifax Consulting helps you conduct an in-depth, objective assessment of the profiles and skills of sales representatives and managers.","breadcrumb":{"@id":"https:\/\/www.halifax-consulting.com\/en\/consulting\/assessing-sales-teams-and-managers\/#breadcrumb"},"inLanguage":"en-GB","potentialAction":[{"@type":"ReadAction","target":["https:\/\/www.halifax-consulting.com\/en\/consulting\/assessing-sales-teams-and-managers\/"]}]},{"@type":"BreadcrumbList","@id":"https:\/\/www.halifax-consulting.com\/en\/consulting\/assessing-sales-teams-and-managers\/#breadcrumb","itemListElement":[{"@type":"ListItem","position":1,"name":"Accueil","item":"https:\/\/www.halifax-consulting.com\/en\/"},{"@type":"ListItem","position":2,"name":"Consulting","item":"https:\/\/www.halifax-consulting.com\/en\/consulting\/"},{"@type":"ListItem","position":3,"name":"Assessing sales teams and managers"}]},{"@type":"WebSite","@id":"https:\/\/www.halifax-consulting.com\/en\/#website","url":"https:\/\/www.halifax-consulting.com\/en\/","name":"Halifax Consulting \u2013\u00a0EN","description":"Un site utilisant Les sites de Halifax Consulting","potentialAction":[{"@type":"SearchAction","target":{"@type":"EntryPoint","urlTemplate":"https:\/\/www.halifax-consulting.com\/en\/?s={search_term_string}"},"query-input":"required name=search_term_string"}],"inLanguage":"en-GB"}]}},"_links":{"self":[{"href":"https:\/\/www.halifax-consulting.com\/en\/wp-json\/wp\/v2\/pages\/120"}],"collection":[{"href":"https:\/\/www.halifax-consulting.com\/en\/wp-json\/wp\/v2\/pages"}],"about":[{"href":"https:\/\/www.halifax-consulting.com\/en\/wp-json\/wp\/v2\/types\/page"}],"author":[{"embeddable":true,"href":"https:\/\/www.halifax-consulting.com\/en\/wp-json\/wp\/v2\/users\/4"}],"replies":[{"embeddable":true,"href":"https:\/\/www.halifax-consulting.com\/en\/wp-json\/wp\/v2\/comments?post=120"}],"version-history":[{"count":32,"href":"https:\/\/www.halifax-consulting.com\/en\/wp-json\/wp\/v2\/pages\/120\/revisions"}],"predecessor-version":[{"id":18868,"href":"https:\/\/www.halifax-consulting.com\/en\/wp-json\/wp\/v2\/pages\/120\/revisions\/18868"}],"up":[{"embeddable":true,"href":"https:\/\/www.halifax-consulting.com\/en\/wp-json\/wp\/v2\/pages\/543"}],"wp:featuredmedia":[{"embeddable":true,"href":"https:\/\/www.halifax-consulting.com\/en\/wp-json\/wp\/v2\/media\/2866"}],"wp:attachment":[{"href":"https:\/\/www.halifax-consulting.com\/en\/wp-json\/wp\/v2\/media?parent=120"}],"wp:term":[{"taxonomy":"category","embeddable":true,"href":"https:\/\/www.halifax-consulting.com\/en\/wp-json\/wp\/v2\/categories?post=120"}],"curies":[{"name":"wp","href":"https:\/\/api.w.org\/{rel}","templated":true}]}}