{"id":183,"date":"2019-12-30T17:55:19","date_gmt":"2019-12-30T16:55:19","guid":{"rendered":"https:\/\/www.halifax-consulting.com\/?page_id=183"},"modified":"2025-05-14T14:40:09","modified_gmt":"2025-05-14T12:40:09","slug":"optimizing-sales-performance","status":"publish","type":"page","link":"https:\/\/www.halifax-consulting.com\/en\/consulting\/optimizing-sales-performance\/","title":{"rendered":"Sales organization consulting and AI in Sales"},"content":{"rendered":"<div class=\"container\">\n\t<div class=\"row\">\n\t\t<div class=\"col-lg-12 col-md-12 col-sm-12\">\n\t\t\t<h2 class=\"intro\">\n\t\t\t\t<strong class=\"intro-h2 d-block\">Execute effectively before you train and manage<\/strong>\n\t\t\t\t<p>Sales execution is at the heart of our customers&#8217; concerns. The topics are numerous and can cover :<\/p>\n<ul>\n<li>integrating AI into sales processes,<\/li>\n<li>structuring the sales organization,<\/li>\n<li>the profile of people by market\/segment,<\/li>\n<li>their associated skills VS their sales role,<\/li>\n<li>sales, key account management and sales management processes,<\/li>\n<li>the tools at their disposal beyond CRM, the explosion of &#8220;sales acceleration software&#8221; applications&#8230;<\/li>\n<\/ul>\n<p>And now there&#8217;s a crucial new dimension: digital transformation via artificial intelligence. Our consultants, with their extensive operational experience, will support you in a structured, simple and concrete way, not only in your sales transformation, but also in the integration and optimization of AI tools specific to your business needs.<\/p>\n<ul>\n<li>360&deg; diagnosis of your sales organization from an AI perspective,<\/li>\n<li>team sales skills (prospecting, sedentary sales, solution sales, negotiation, sales management, etc.),<\/li>\n<li>sales management routines and processes, sales processes (prospecting, development&#8230;),<\/li>\n<li>sales support tools available to them (digital or otherwise), etc.<\/li>\n<li>identification and implementation of AI tools adapted to your specific needs,<\/li>\n<li>training and coaching your teams in these new technologies,<\/li>\n<li>measuring and optimizing sales effectiveness through AI.<\/li>\n<\/ul>\t\t\t<\/h2>\n\t\t<\/div>\n\t<\/div>\n<\/div>\n\n\n<section class=\"navy p-6 essentiels\">\t\n\t\n\t<div class=\"container\">\n\t\t\n\t\t<div class=\"row\">\n\t\t\t\n\t\t\t<div class=\"col-lg-7 col-md-7 col-sm-12\">\n\t\t\t\t\n\t\t\t\t\t\t\t\t\t<h3>The objectives<\/h3>\n\t\t\t\t\t<p>Helping your company transform its sales function with AI<\/p>\t\t\t\t\t\t\t\t\n\t\t\t\t\t\t\t\t\t<h3>The advantages<\/h3>\n\t\t\t\t\t<ul>\n<li>AI experts to support you<\/li>\n<li>Experienced sales support<\/li>\n<\/ul>\t\t\t\t\t\t\t\t\n\t\t\t\t\t\t\t\t\t<h3>Why Halifax?<\/h3>\n\t\t\t\t\t<p>For more than 20 years, we have been specializing in sales consulting and integrating digital &amp; AI tools.<\/p>\t\t\t\t\t\t\t<\/div>\n\t\t\t\n\t\t\t<div class=\"col-lg-1 col-md-1 col-sm-12\">\t\t\t\n\t\t\t<\/div>\n\t\t\t\n\t\t\t<div class=\"col-lg-4 col-md-4 col-sm-12\">\n\t\t\t\n\t\t\t\t<!-- Notation CPF -->\n\t\t\t\t\n\t\t\t\t\n\t\t\t\t<!-- Bouton VOIR LE PROGRAMME -->\n\t\t\t\t\n\t\t\t\t<p class=\"mt-4\">\n\t\t\t\t\t\n\t\t\t\t\t\t\t\t\t\t<!-- true = ouverture lien externe -->\n\t\t\t\t\t<a class=\"btn btn-hx btn-hx-orange d-block\" href=\"https:\/\/forms.zohopublic.com\/andernagroup\/form\/encontact\/formperma\/-3olIl8fJXYkv4805gAXuqUh1IPg5V-TOUg2oCpAqFw\" title=\"Contact us\" target=\"_blank\">Contact us<\/a>\n\t\t\t\t\t\n\t\t\t\t\t\t\t\t\t\t\n\t\t\t\t<\/p>\n\t\t\t<\/div>\n\t\t<\/div>\n\t<\/div>\n<\/section>\n\n<!-- MODALE -->\n\n<div class=\"modal fade\" id=\"programme\" tabindex=\"-1\" role=\"dialog\" aria-labelledby=\"programme\" aria-hidden=\"true\">\n\t\n\t<div class=\"modal-dialog modal-dialog-centered modal-lg modal-dialog-scrollable\" role=\"document\">\n    \t\n    \t<div class=\"modal-content\">\n\t\t\t\n\t\t\t<div class=\"modal-header\">\n\t\t\t\t\n\t\t\t\t<h5 class=\"modal-title\" id=\"prog\"><\/h5>\n\t\t\t\t\n\t\t\t\t<button type=\"button\" class=\"close\" data-dismiss=\"modal\" aria-label=\"Close\" title=\"\">\n\t\t\t\t\t<span aria-hidden=\"true\">&times;<\/span>\n\t\t\t\t<\/button>\n\t\t\t\t\n    \t\t<\/div>\n\t\t\t\n\t\t\t<div class=\"modal-body\">\n\t\t\t\t\n\t\t\t\t<div class=\"row\">\n\t\t\t\t\n\t\t\t\t\t<div class=\"col-lg-12 col-md-9 col-sm-12\">\n\t\t\t\t\t\t\n\t\t\t\t\t\t<div class=\"accordion accordion-programme\" id=\"prog\">\n\t\t\t\t\n\t\t\t\t\t\t\t\t\t\t\t\t\t\t\t\n\t\t\t\t\t\t\t\t\t\t\t\t\n\t\t\t\t\t\t\t\t<div class=\"card\">\n\t\t\t\t\t\n\t\t\t\t\t\t\t\t\t<div class=\"card-header\" id=\"heading1\">\n\t\t\t\t\t\t\n\t\t\t\t\t\t\t\t\t\t<button class=\"btn btn-link btn-block\" type=\"button\" data-toggle=\"collapse\" data-target=\"#collapse1\" aria-expanded=\"false\" aria-controls=\"collapse1\">\n\t\t\t\t\t\t\t\t\t\t\t\t\t\t\t\t\t\t\t\t\t\t\n\t\t\t\t\t\t\t\t\t\t<\/button>\n\t\t\n\t\t\t\t\t\t\t\t\t<\/div><!-- .card-header -->\n\t\t\t\t\t\n\t\t\t\t\t\t\t\t\t<div id=\"collapse1\" class=\"collapse\" aria-labelledby=\"heading1\" data-parent=\"#prog\">\n\t\t\t\t\t\t\t\t\t\t\n\t\t\t\t\t\t\t\t\t\t<div class=\"card-body\">\n\t\t\t\t\t\t\t\t\t\t\t\t\t\t\t\t\t\t\t\t\t<\/div><!-- .card-body -->\n\t\t\t\t\t\t\t\t\t\t\n\t\t\t\t\t\t\t\t\t<\/div><!-- .collapseID -->\n\t\t\t\t\t\t\t\t<\/div>\n\t\t\t\t\t\t\n\t\t\t\t\t\t\t\t\t\t\t\t\t\t\t\t\t\t\t\t\n\t\t\t\t\t\t<\/div>\n\t\t\t\t\t<\/div>\n\t\t\t\t<\/div>\n    \t\t<\/div>\n    \t<\/div>\n\t<\/div>\n<\/div>\n\n\n\n\n<section class=\"light block-benefits-4 py-6\">\n\t<div class=\"container\">\n\t\t<div class=\"row\">\n\t\t\t<div class=\"col-lg-12 col-md-12 col-sm-12\">\n\t\t\t\t<h2 class=\"text-center\">\n\t\t\t\t\tBenefits\t\t\t\t\t<span class=\"h2-subtitle\"><\/span>\n\t\t\t\t\t\n\t\t\t\t\t\n\t\t\t\t<\/h2>\n\t\t\t<\/div>\n\t\t<\/div>\n\t\t<div class=\"row\">\n\t\t\t\t\n\t\t\t\t\t\n\t\t\t\t\t<div class=\"col-lg-6 col-md-6 col-sm-12 mb-4\">\n\t\t\t\t\t\t<div class=\"row\">\n\t\t\t\t\t\t\t<div class=\"col-lg-2 col-sm-3 col-sm-12\">\n\t\t\t\t\t\t\t\t<img decoding=\"async\" class=\"fadeIn\" src=\"https:\/\/www.halifax-consulting.com\/en\/wp-content\/themes\/halifax\/library\/img\/halifax-consulting-benefits-icon.svg\" alt=\"icone benefices\" width=\"100%\" \/>\n\t\t\t\t\t\t\t<\/div>\n\t\t\t\t\t\t\t<div class=\"col-lg-10 col-sm-9 col-sm-12 fadeIn\">\n\t\t\t\t\t\t\t\t<h3 class=\"benef-title\">100% operational<\/h3>\n\t\t\t\t\t\t\t\t<p class=\"benef-content\">Our consultants are former sales executives with a wealth of hands-on experience and plenty of practical wisdom to share. Our solutions are simple and effective.<br>\n\t\t\t\t\t\t\t\t\t\t\t\t\t\t\t\t\t<\/p>\n\t\t\t\t\t\t\t<\/div>\n\t\t\t\t\t\t<\/div>\n\t\t\t\t\t<\/div>\n\t\t\t\t\t\n\t\t\t\t\t\t\n\t\t\t\t\t\n\t\t\t\t\t<div class=\"col-lg-6 col-md-6 col-sm-12 mb-4\">\n\t\t\t\t\t\t<div class=\"row\">\n\t\t\t\t\t\t\t<div class=\"col-lg-2 col-sm-3 col-sm-12\">\n\t\t\t\t\t\t\t\t<img decoding=\"async\" class=\"fadeIn\" src=\"https:\/\/www.halifax-consulting.com\/en\/wp-content\/themes\/halifax\/library\/img\/halifax-consulting-benefits-icon.svg\" alt=\"icone benefices\" width=\"100%\" \/>\n\t\t\t\t\t\t\t<\/div>\n\t\t\t\t\t\t\t<div class=\"col-lg-10 col-sm-9 col-sm-12 fadeIn\">\n\t\t\t\t\t\t\t\t<h3 class=\"benef-title\">The same team, from start to finish<\/h3>\n\t\t\t\t\t\t\t\t<p class=\"benef-content\">You&#8217;ll work with the same team from initial build-up through to skills development and support in rolling out relevant solutions.<br>\n\t\t\t\t\t\t\t\t\t\t\t\t\t\t\t\t\t<\/p>\n\t\t\t\t\t\t\t<\/div>\n\t\t\t\t\t\t<\/div>\n\t\t\t\t\t<\/div>\n\t\t\t\t\t\n\t\t\t\t\t\t\n\t\t\t\t\t\n\t\t\t\t\t<div class=\"col-lg-6 col-md-6 col-sm-12 mb-4\">\n\t\t\t\t\t\t<div class=\"row\">\n\t\t\t\t\t\t\t<div class=\"col-lg-2 col-sm-3 col-sm-12\">\n\t\t\t\t\t\t\t\t<img decoding=\"async\" class=\"fadeIn\" src=\"https:\/\/www.halifax-consulting.com\/en\/wp-content\/themes\/halifax\/library\/img\/halifax-consulting-benefits-icon.svg\" alt=\"icone benefices\" width=\"100%\" \/>\n\t\t\t\t\t\t\t<\/div>\n\t\t\t\t\t\t\t<div class=\"col-lg-10 col-sm-9 col-sm-12 fadeIn\">\n\t\t\t\t\t\t\t\t<h3 class=\"benef-title\">Effective sales<\/h3>\n\t\t\t\t\t\t\t\t<p class=\"benef-content\">We make sure the solutions we develop and deploy get you the results you need. The outcome is the only metric by which we judge our performance. These results can be measured in a variety of ways, using indicators such as order intake, margin, hit rate, pipeline size and quality, and client satisfaction.<br>\n\t\t\t\t\t\t\t\t\t\t\t\t\t\t\t\t\t<\/p>\n\t\t\t\t\t\t\t<\/div>\n\t\t\t\t\t\t<\/div>\n\t\t\t\t\t<\/div>\n\t\t\t\t\t\n\t\t\t\t\t\t\n\t\t\t\t\t\n\t\t\t\t\t<div class=\"col-lg-6 col-md-6 col-sm-12 mb-4\">\n\t\t\t\t\t\t<div class=\"row\">\n\t\t\t\t\t\t\t<div class=\"col-lg-2 col-sm-3 col-sm-12\">\n\t\t\t\t\t\t\t\t<img decoding=\"async\" class=\"fadeIn\" src=\"https:\/\/www.halifax-consulting.com\/en\/wp-content\/themes\/halifax\/library\/img\/halifax-consulting-benefits-icon.svg\" alt=\"icone benefices\" width=\"100%\" \/>\n\t\t\t\t\t\t\t<\/div>\n\t\t\t\t\t\t\t<div class=\"col-lg-10 col-sm-9 col-sm-12 fadeIn\">\n\t\t\t\t\t\t\t\t<h3 class=\"benef-title\">The perfect fit<\/h3>\n\t\t\t\t\t\t\t\t<p class=\"benef-content\">We don&#8217;t deal in cookie-cutter solutions loosely based on some ethereal, ideal scenario for sales. Instead, we build on our frontline experience, consulting expertise and solid methodology to hone in on different aspects of the job, working with you to shape a simple, effective organization in line with your business strategy and corporate culture.<br>\n\t\t\t\t\t\t\t\t\t\t\t\t\t\t\t\t\t<\/p>\n\t\t\t\t\t\t\t<\/div>\n\t\t\t\t\t\t<\/div>\n\t\t\t\t\t<\/div>\n\t\t\t\t\t\n\t\t\t\t\t\t\t\t\n\t\t<\/div>\n\t<\/div>\n<\/section>\n\n<section class=\"block_texte_cta\">\n\t<div class=\"container\">\n\t\t<div class=\"row\">\n\t\t\n\t\t\t<div class=\"col-lg-6 col-md-6 col-sm-12 block_texte_cta--contenu\">\n\t\t\t\t\n\t\t\t\tDiscover our VENTURI solution, a complete platform that focuses the energy of your sales teams through optimal and structured strategic customer management.\t\t\t\t\n\t\t\t<\/div>\n\t\t\t<div class=\"col-lg-6 col-md-6 col-sm-12 block_texte_cta--bouton\">\n\t\t\t\t\n\t\t\t\t<a class=\"btn\" href=\"https:\/\/www.halifax-consulting.com\/en\/consulting\/diagnosis-of-your-sales-organization-and-customer-portfolio-segmentation\/\" title=\"Learn more\">Learn more<\/a>\n\t\t\t\t\n\t\t\t<\/div>\n\t\t\n\t\t<\/div>\n\t<\/div>\n\t\n<\/section>\n\n\n<section class=\"white py-6\">\n\t\n\t<div class=\"container-fluid\">\n\t\t\n\t\t<div class=\"row\">\n\t\t\n\t\t\t<div class=\"col-lg-6 col-md-6 col-sm-12\">\n\t\t\t\t<!-- Livre blanc -->\n\t\t\t\t<div class=\"card--livre-blanc navy\">\n\t\t\t\t\t\n\t\t\t\t\t<div class=\"row p-0 m-0\">\n\t\t\t\t\t\t\n\t\t\t\t\t\t<div class=\"col-lg-5 col-md-5 col-sm-12 pl-0 pr-0\">\n\t\t\t\t\t\t\t\n\t\t\t\t\t\t\t<figure class=\"img-simple-success\">\n\t\n\t\t\t\t\t\t\t\t<img decoding=\"async\" loading=\"lazy\" src=\"https:\/\/www.halifax-consulting.com\/en\/wp-content\/uploads\/sites\/3\/2024\/04\/Brouillon-Test-1.png\" alt=\"\" width=\"100%\" height=\"\" >\t\t\t\t\t\t\t\t\n\t\t\t\t\t\t\t<\/figure>\n\t\t\t\t\t\t\t\n\t\t\t\t\t\t<\/div>\n\t\t\t\t\t\t\n\t\t\t\t\t\t<div class=\"col-lg-7 col-md-7 col-sm-12 card--lb-content\">\n\t\t\t\t\t\t\t<small>eBook<\/small>\n\t\t\t\t\t\t\t\n\t\t\t\t\t\t\t\t\t\t\t\t\t\t\n\t\t\t\t\t\t\t\t<h3>AI &amp; Sales Survey<\/h3>\n\t\t\t\t\t\t\t\t\n\t\t\t\t\t\t\t\t\t\t\t\t\t\t\n\t\t\t\t\t\t\t\t\t\t\t\t\t\t\n\t\t\t\t\t\t\t<a href=\"https:\/\/www.halifax-consulting.com\/en\/download?b=ai-1193883\" title=\"Livre blanc AI &amp; Sales Survey\" class=\"btn btn-hx btn-hx-orange\">Download it<\/a>\n\t\t\t\t\t\t<\/div>\n\t\t\t\t\t<\/div>\n\t\t\t\t<\/div>\n\t\t\t\t\n\t\t\t<\/div>\n\t\t\t\n\t\t\t\n\t\t\t\t\t\t\t \n\t\t\t\t\t\t\t\t\t\t\n\t\t\t\t\t\t\t\t\n\t\t\t\n\t\t\t\n\t\t\t\n\t\t\t<div class=\"col-lg-6 col-md-6 col-sm-12\">\n\t\t\t\t<!-- Success story -->\n\t\t\t\t<div class=\"card--livre-blanc\">\n\t\t\t\t\t\n\t\t\t\t\t<div class=\"row p-0 m-0\">\n\t\t\t\t\t\t\n\t\t\t\t\t\t<div class=\"col-lg-5 col-md-5 col-sm-12 pl-0 pr-0\">\n\t\t\t\t\t\t\t\n\t\t\t\t\t\t\t<figure class=\"img-simple-success\">\n\t\n\t\t\t\t\t\t\t\t<img decoding=\"async\" loading=\"lazy\" src=\"https:\/\/www.halifax-consulting.com\/en\/wp-content\/uploads\/sites\/3\/2020\/01\/halifax-consulting-success-story-allianz.jpg\" alt=\"\" width=\"100%\" height=\"\" >\t\t\t\t\t\t\t\t\n\t\t\t\t\t\t\t<\/figure>\n\t\t\t\t\t\t\t\n\t\t\t\t\t\t<\/div>\n\t\t\t\t\t\t\n\t\t\t\t\t\t<div class=\"col-lg-7 col-md-7 col-sm-12 card--lb-content\">\n\t\t\t\t\t\t\t<small>Success story<\/small>\n\t\t\t\t\t\t\n\t\t\t\t\t\t\t<h3>Halifax Consulting supports Allianz<\/h3>\n<!-- \t\t\t\t\t\t\t<p>Insurance inspectors have traditionally been a key link between customer and company but now see their role transitioning more toward sales and coaching.<\/p>\n\t -->\n<!--\n\t\t\t\t\t\t\t<p>\n\t\t\t\t\t\t\t\tD\u00e9couvrez comment Halifax Consulting a accompagn\u00e9 Allianz sur le chemin de la r\u00e9ussite\n\t\t\t\t\t\t\t<\/p>\n-->\n\t\t\t\n\t\t\t\t\t\t\t\n\t\t\t\t\t\t\t<a href=\"https:\/\/www.halifax-consulting.com\/en\/success-stories\/allianz\/\" class=\"btn btn-hx btn-hx-orange\" title=\"Read more\">Read more<\/a>\n\t\t\t\t\t\t\n\t\t\t\t\t\t<\/div>\n\t\t\t\t\t\t\n\t\t\t\t\t<\/div>\n\t\t\t\t\t\n\t\t\t\t<\/div>\n\t\t\t\t\n\t\t\t<\/div>\n\t\t\t\t\t\t\t\t\t\n\t\t<\/div>\n\t\t\n\t<\/div>\n\t\n<\/section>","protected":false},"excerpt":{"rendered":"<p>Execute effectively before you train and manage<\/p>\n","protected":false},"author":4,"featured_media":3370,"parent":543,"menu_order":0,"comment_status":"closed","ping_status":"closed","template":"","meta":[],"categories":[2],"acf":[],"yoast_head":"<!-- This site is optimized with the Yoast SEO plugin v19.9 - https:\/\/yoast.com\/wordpress\/plugins\/seo\/ -->\n<title>Optimizing Sales Performance - Halifax Consulting<\/title>\n<meta name=\"description\" content=\"Execute effectively before you train and manage, via Halifax Consulting sales optimization consulting services and training\" \/>\n<link rel=\"canonical\" href=\"https:\/\/www.halifax-consulting.com\/en\/consulting\/optimizing-sales-performance\/\" \/>\n<meta property=\"og:locale\" content=\"en_GB\" \/>\n<meta property=\"og:type\" content=\"article\" \/>\n<meta property=\"og:title\" content=\"Optimizing Sales Performance - Halifax Consulting\" \/>\n<meta property=\"og:description\" content=\"Execute effectively before you train and manage, via Halifax Consulting sales optimization consulting services and training\" \/>\n<meta property=\"og:url\" content=\"https:\/\/www.halifax-consulting.com\/en\/consulting\/optimizing-sales-performance\/\" \/>\n<meta property=\"og:site_name\" content=\"Halifax Consulting \u2013\u00a0EN\" \/>\n<meta property=\"article:modified_time\" content=\"2025-05-14T12:40:09+00:00\" \/>\n<meta property=\"og:image\" content=\"https:\/\/www.halifax-consulting.com\/en\/wp-content\/uploads\/sites\/3\/2024\/04\/Conseil-organisation-commerciale-IA.png\" \/>\n\t<meta property=\"og:image:width\" content=\"2500\" \/>\n\t<meta property=\"og:image:height\" content=\"400\" \/>\n\t<meta property=\"og:image:type\" content=\"image\/png\" \/>\n<meta name=\"twitter:card\" content=\"summary_large_image\" \/>\n<script type=\"application\/ld+json\" class=\"yoast-schema-graph\">{\"@context\":\"https:\/\/schema.org\",\"@graph\":[{\"@type\":\"WebPage\",\"@id\":\"https:\/\/www.halifax-consulting.com\/en\/consulting\/optimizing-sales-performance\/\",\"url\":\"https:\/\/www.halifax-consulting.com\/en\/consulting\/optimizing-sales-performance\/\",\"name\":\"Optimizing Sales Performance - Halifax Consulting\",\"isPartOf\":{\"@id\":\"https:\/\/www.halifax-consulting.com\/en\/#website\"},\"datePublished\":\"2019-12-30T16:55:19+00:00\",\"dateModified\":\"2025-05-14T12:40:09+00:00\",\"description\":\"Execute effectively before you train and manage, via Halifax Consulting sales optimization consulting services and training\",\"breadcrumb\":{\"@id\":\"https:\/\/www.halifax-consulting.com\/en\/consulting\/optimizing-sales-performance\/#breadcrumb\"},\"inLanguage\":\"en-GB\",\"potentialAction\":[{\"@type\":\"ReadAction\",\"target\":[\"https:\/\/www.halifax-consulting.com\/en\/consulting\/optimizing-sales-performance\/\"]}]},{\"@type\":\"BreadcrumbList\",\"@id\":\"https:\/\/www.halifax-consulting.com\/en\/consulting\/optimizing-sales-performance\/#breadcrumb\",\"itemListElement\":[{\"@type\":\"ListItem\",\"position\":1,\"name\":\"Accueil\",\"item\":\"https:\/\/www.halifax-consulting.com\/en\/\"},{\"@type\":\"ListItem\",\"position\":2,\"name\":\"Consulting\",\"item\":\"https:\/\/www.halifax-consulting.com\/en\/consulting\/\"},{\"@type\":\"ListItem\",\"position\":3,\"name\":\"Sales organization consulting and AI in Sales\"}]},{\"@type\":\"WebSite\",\"@id\":\"https:\/\/www.halifax-consulting.com\/en\/#website\",\"url\":\"https:\/\/www.halifax-consulting.com\/en\/\",\"name\":\"Halifax Consulting \u2013\u00a0EN\",\"description\":\"Un site utilisant Les sites de Halifax Consulting\",\"potentialAction\":[{\"@type\":\"SearchAction\",\"target\":{\"@type\":\"EntryPoint\",\"urlTemplate\":\"https:\/\/www.halifax-consulting.com\/en\/?s={search_term_string}\"},\"query-input\":\"required name=search_term_string\"}],\"inLanguage\":\"en-GB\"}]}<\/script>\n<!-- \/ Yoast SEO plugin. -->","yoast_head_json":{"title":"Optimizing Sales Performance - Halifax Consulting","description":"Execute effectively before you train and manage, via Halifax Consulting sales optimization consulting services and training","canonical":"https:\/\/www.halifax-consulting.com\/en\/consulting\/optimizing-sales-performance\/","og_locale":"en_GB","og_type":"article","og_title":"Optimizing Sales Performance - Halifax Consulting","og_description":"Execute effectively before you train and manage, via Halifax Consulting sales optimization consulting services and training","og_url":"https:\/\/www.halifax-consulting.com\/en\/consulting\/optimizing-sales-performance\/","og_site_name":"Halifax Consulting \u2013\u00a0EN","article_modified_time":"2025-05-14T12:40:09+00:00","og_image":[{"width":2500,"height":400,"url":"https:\/\/www.halifax-consulting.com\/en\/wp-content\/uploads\/sites\/3\/2024\/04\/Conseil-organisation-commerciale-IA.png","type":"image\/png"}],"twitter_card":"summary_large_image","schema":{"@context":"https:\/\/schema.org","@graph":[{"@type":"WebPage","@id":"https:\/\/www.halifax-consulting.com\/en\/consulting\/optimizing-sales-performance\/","url":"https:\/\/www.halifax-consulting.com\/en\/consulting\/optimizing-sales-performance\/","name":"Optimizing Sales Performance - Halifax Consulting","isPartOf":{"@id":"https:\/\/www.halifax-consulting.com\/en\/#website"},"datePublished":"2019-12-30T16:55:19+00:00","dateModified":"2025-05-14T12:40:09+00:00","description":"Execute effectively before you train and manage, via Halifax Consulting sales optimization consulting services and training","breadcrumb":{"@id":"https:\/\/www.halifax-consulting.com\/en\/consulting\/optimizing-sales-performance\/#breadcrumb"},"inLanguage":"en-GB","potentialAction":[{"@type":"ReadAction","target":["https:\/\/www.halifax-consulting.com\/en\/consulting\/optimizing-sales-performance\/"]}]},{"@type":"BreadcrumbList","@id":"https:\/\/www.halifax-consulting.com\/en\/consulting\/optimizing-sales-performance\/#breadcrumb","itemListElement":[{"@type":"ListItem","position":1,"name":"Accueil","item":"https:\/\/www.halifax-consulting.com\/en\/"},{"@type":"ListItem","position":2,"name":"Consulting","item":"https:\/\/www.halifax-consulting.com\/en\/consulting\/"},{"@type":"ListItem","position":3,"name":"Sales organization consulting and AI in Sales"}]},{"@type":"WebSite","@id":"https:\/\/www.halifax-consulting.com\/en\/#website","url":"https:\/\/www.halifax-consulting.com\/en\/","name":"Halifax Consulting \u2013\u00a0EN","description":"Un site utilisant Les sites de Halifax Consulting","potentialAction":[{"@type":"SearchAction","target":{"@type":"EntryPoint","urlTemplate":"https:\/\/www.halifax-consulting.com\/en\/?s={search_term_string}"},"query-input":"required name=search_term_string"}],"inLanguage":"en-GB"}]}},"_links":{"self":[{"href":"https:\/\/www.halifax-consulting.com\/en\/wp-json\/wp\/v2\/pages\/183"}],"collection":[{"href":"https:\/\/www.halifax-consulting.com\/en\/wp-json\/wp\/v2\/pages"}],"about":[{"href":"https:\/\/www.halifax-consulting.com\/en\/wp-json\/wp\/v2\/types\/page"}],"author":[{"embeddable":true,"href":"https:\/\/www.halifax-consulting.com\/en\/wp-json\/wp\/v2\/users\/4"}],"replies":[{"embeddable":true,"href":"https:\/\/www.halifax-consulting.com\/en\/wp-json\/wp\/v2\/comments?post=183"}],"version-history":[{"count":43,"href":"https:\/\/www.halifax-consulting.com\/en\/wp-json\/wp\/v2\/pages\/183\/revisions"}],"predecessor-version":[{"id":18867,"href":"https:\/\/www.halifax-consulting.com\/en\/wp-json\/wp\/v2\/pages\/183\/revisions\/18867"}],"up":[{"embeddable":true,"href":"https:\/\/www.halifax-consulting.com\/en\/wp-json\/wp\/v2\/pages\/543"}],"wp:featuredmedia":[{"embeddable":true,"href":"https:\/\/www.halifax-consulting.com\/en\/wp-json\/wp\/v2\/media\/3370"}],"wp:attachment":[{"href":"https:\/\/www.halifax-consulting.com\/en\/wp-json\/wp\/v2\/media?parent=183"}],"wp:term":[{"taxonomy":"category","embeddable":true,"href":"https:\/\/www.halifax-consulting.com\/en\/wp-json\/wp\/v2\/categories?post=183"}],"curies":[{"name":"wp","href":"https:\/\/api.w.org\/{rel}","templated":true}]}}