{"id":2683,"date":"2023-02-01T16:00:53","date_gmt":"2023-02-01T15:00:53","guid":{"rendered":"https:\/\/www.halifax-consulting.com\/en\/?page_id=2683"},"modified":"2023-06-05T15:48:01","modified_gmt":"2023-06-05T13:48:01","slug":"best-sellers-sales-training","status":"publish","type":"page","link":"https:\/\/www.halifax-consulting.com\/en\/training\/best-sellers-sales-training\/","title":{"rendered":"&#8220;Best Sellers&#8221; Sales Training"},"content":{"rendered":"<div class=\"container\">\n\t<div class=\"row\">\n\t\t<div class=\"col-lg-12 col-md-12 col-sm-12\">\n\t\t\t<h2 class=\"intro\">\n\t\t\t\t<strong class=\"intro-h2 d-block\">What is simple is complex to execute<\/strong>\n\t\t\t\t<p style=\"text-align: justify\">With 20 years&#8217; experience in sales performance, Halifax Consulting has made its mark with 200 active customers on 5 continents. Halifax Consulting can deliver its sales training, negotiation training and Key Account Manager training courses internationally and in the local language. We can support and coach your managers and sales people to increase your transformation and sales performance indicators. Halifax deploys Best-Selling methods dedicated to sales performance: Selling with THE LEAD METHOD&reg;, Negotiating with THE DEAL METHOD&reg;, Team Management with THE BOSS METHOD&reg; and Key Account Management with THE PAC$ METHOD&reg;.<\/p>\n<p style=\"text-align: justify\">The objectives of our methods are as follows:<\/p>\n<ul>\n<li style=\"text-align: justify\"><strong>Sales Training<\/strong>: better articulate your sales talks and master the levers of persuasion to win the purchasing decision, increase the success rate and the average amount of business.<\/li>\n<li style=\"text-align: justify\"><strong>Sales Negotiation Training<\/strong>: identify the different types of interlocutors, structure and prepare your B2B negotiations. Increase margins, succeed in price increase campaigns.<\/li>\n<li style=\"text-align: justify\"><strong>Sales Management Training<\/strong>: retain sales talent, monitor and measure the progress of your sales teams. Increase and measure the level of coaching and the link with performance.<\/li>\n<li style=\"text-align: justify\"><strong>Key Account Management Training<\/strong>: set up strategic account reviews, sell your ideas and mobilize your teams internally. Develop strategic sales with key customers.<\/li>\n<li style=\"text-align: justify\"><strong>Strategic Account Management Training<\/strong>: define a profitable customer strategy and align your company with your results ambition. Implement strategic initiatives.<\/li>\n<\/ul>\n<p style=\"text-align: justify\">Our sales trainings include 4 training methods created by Halifax Consulting. These are our <em><strong>Best Sellers<\/strong><\/em>, the result of many improvements with thousands of trained B2B sales people and integrating the latest coaching &amp; <a href=\"https:\/\/www.halifax-consulting.com\/en\/digital-learning\/\">digital learning<\/a> technologies for sales forces. We want to provide the best sales and sales management learning experience to make a difference in your market.<\/p>\t\t\t<\/h2>\n\t\t<\/div>\n\t<\/div>\n<\/div>\n\n\n<!-- Bloc Formations -->\n<section class=\"navy py-6 formations\">\n\t\n\t<div class=\"container\">\n\t\t\n\t\t<div class=\"row\">\n\t\t\t\n\t\t\t<div class=\"col-lg-12 col-md-12 col-sm-12\">\n\t\t\t\t\n\t\t\t\t<h2 class=\"text-center\">\n\t\t\t\t\t\n\t\t\t\t\tHalifax Consulting Best-Selling Sales Training\t\t\n\t\t\t\t<\/h2>\n\t\t\t\t\n\t\t\t<\/div>\n\t\t\t\n\t\t<\/div>\n\t\t\n\t\t<div class=\"row\">\n\t\t\t\t\t\t\t\n\t\t\t\t\t\t\t\t\t\n\t\t\t\t\t\t\t\t\t\n\t\t\t\t\t<div class=\"col-lg-4 col-md-4 col-sm-12\">\n\t\t\t\t\t\t<div class=\"formation\">\n\t\t\t\t\t\t<h3 class=\"pb-1 formation__h3\">Sales Training <i class=\"fas fa-arrow-right\"><\/i><\/h3>\n\t\t\t\t\t\t<p><a class=\"stretched-link\" href=\"https:\/\/www.halifax-consulting.com\/en\/training\/sales-training\/\"><\/a><\/p>\n\t\t\t\t\t\t<\/div>\n\t\t\t\t\t<\/div>\n\t\t\t\t\t\n\t\t\t\t\t\t\t\t\t\n\t\t\t\t\t\t\t\t\t\n\t\t\t\t\t<div class=\"col-lg-4 col-md-4 col-sm-12\">\n\t\t\t\t\t\t<div class=\"formation\">\n\t\t\t\t\t\t<h3 class=\"pb-1 formation__h3\">Sales Negotiation Training <i class=\"fas fa-arrow-right\"><\/i><\/h3>\n\t\t\t\t\t\t<p><a class=\"stretched-link\" href=\"https:\/\/www.halifax-consulting.com\/en\/training\/sales-negotiation-training\/\"><\/a><\/p>\n\t\t\t\t\t\t<\/div>\n\t\t\t\t\t<\/div>\n\t\t\t\t\t\n\t\t\t\t\t\t\t\t\t\n\t\t\t\t\t\t\t\t\t\n\t\t\t\t\t<div class=\"col-lg-4 col-md-4 col-sm-12\">\n\t\t\t\t\t\t<div class=\"formation\">\n\t\t\t\t\t\t<h3 class=\"pb-1 formation__h3\">Sales Management Training <i class=\"fas fa-arrow-right\"><\/i><\/h3>\n\t\t\t\t\t\t<p><a class=\"stretched-link\" href=\"https:\/\/www.halifax-consulting.com\/en\/training\/sales-management-training\/\"><\/a><\/p>\n\t\t\t\t\t\t<\/div>\n\t\t\t\t\t<\/div>\n\t\t\t\t\t\n\t\t\t\t\t\t\t\t\t\n\t\t\t\t\t\t\t\t\t\n\t\t\t\t\t<div class=\"col-lg-4 col-md-4 col-sm-12\">\n\t\t\t\t\t\t<div class=\"formation\">\n\t\t\t\t\t\t<h3 class=\"pb-1 formation__h3\">Key Account Management Training <i class=\"fas fa-arrow-right\"><\/i><\/h3>\n\t\t\t\t\t\t<p><a class=\"stretched-link\" href=\"https:\/\/www.halifax-consulting.com\/en\/training\/key-account-management-training\/\"><\/a><\/p>\n\t\t\t\t\t\t<\/div>\n\t\t\t\t\t<\/div>\n\t\t\t\t\t\n\t\t\t\t\t\t\t\t\t\n\t\t\t\t\t\t\t\t\t\n\t\t\t\t\t<div class=\"col-lg-4 col-md-4 col-sm-12\">\n\t\t\t\t\t\t<div class=\"formation\">\n\t\t\t\t\t\t<h3 class=\"pb-1 formation__h3\">Strategic Account Management Training <i class=\"fas fa-arrow-right\"><\/i><\/h3>\n\t\t\t\t\t\t<p><a class=\"stretched-link\" href=\"https:\/\/www.halifax-consulting.com\/en\/training\/strategic-account-management-training\/\"><\/a><\/p>\n\t\t\t\t\t\t<\/div>\n\t\t\t\t\t<\/div>\n\t\t\t\t\t\n\t\t\t\t\t\n\t\t\t\t\n\t\t\t\t\t\t\n\t\t\t\t\t\t\n\t\t<\/div>\n\n<\/section>\n\n\n<section class=\"white py-6\">\n\t\n\t<div class=\"container-fluid\">\n\t\t\n\t\t<div class=\"row\">\n\t\t\n\t\t\t<div class=\"col-lg-6 col-md-6 col-sm-12\">\n\t\t\t\t<!-- Livre blanc -->\n\t\t\t\t<div class=\"card--livre-blanc navy\">\n\t\t\t\t\t\n\t\t\t\t\t<div class=\"row p-0 m-0\">\n\t\t\t\t\t\t\n\t\t\t\t\t\t<div class=\"col-lg-5 col-md-5 col-sm-12 pl-0 pr-0\">\n\t\t\t\t\t\t\t\n\t\t\t\t\t\t\t<figure class=\"img-simple-success\">\n\t\n\t\t\t\t\t\t\t\t<img decoding=\"async\" loading=\"lazy\" src=\"https:\/\/www.halifax-consulting.com\/en\/wp-content\/uploads\/sites\/3\/2020\/12\/Halifax-consulting-ebook-cover.png\" alt=\"5 tips on selling via videoconference ebook\" width=\"100%\" height=\"\" >\t\t\t\t\t\t\t\t\n\t\t\t\t\t\t\t<\/figure>\n\t\t\t\t\t\t\t\n\t\t\t\t\t\t<\/div>\n\t\t\t\t\t\t\n\t\t\t\t\t\t<div class=\"col-lg-7 col-md-7 col-sm-12 card--lb-content\">\n\t\t\t\t\t\t\t<small>eBook<\/small>\n\t\t\t\t\t\t\t\n\t\t\t\t\t\t\t\t\t\t\t\t\t\t\n\t\t\t\t\t\t\t\t<h3>5 tips on selling via videoconferencing<\/h3>\n\t\t\t\t\t\t\t\t\n\t\t\t\t\t\t\t\t\t\t\t\t\t\t\n\t\t\t\t\t\t\t\t\t\t\t\t\t\t\n\t\t\t\t\t\t\t<a href=\"https:\/\/www.halifax-consulting.com\/en\/download?b=5cons-128376 \" title=\"Livre blanc 5 tips on selling via videoconferencing\" class=\"btn btn-hx btn-hx-orange\">Download it<\/a>\n\t\t\t\t\t\t<\/div>\n\t\t\t\t\t<\/div>\n\t\t\t\t<\/div>\n\t\t\t\t\n\t\t\t<\/div>\n\t\t\t\n\t\t\t\n\t\t\t\t\t\t\t \n\t\t\t\t\t\t\t\t\t\t\n\t\t\t\t\t\t\t\t\n\t\t\t\n\t\t\t\n\t\t\t\n\t\t\t<div class=\"col-lg-6 col-md-6 col-sm-12\">\n\t\t\t\t<!-- Success story -->\n\t\t\t\t<div class=\"card--livre-blanc\">\n\t\t\t\t\t\n\t\t\t\t\t<div class=\"row p-0 m-0\">\n\t\t\t\t\t\t\n\t\t\t\t\t\t<div class=\"col-lg-5 col-md-5 col-sm-12 pl-0 pr-0\">\n\t\t\t\t\t\t\t\n\t\t\t\t\t\t\t<figure class=\"img-simple-success\">\n\t\n\t\t\t\t\t\t\t\t<img decoding=\"async\" loading=\"lazy\" src=\"https:\/\/www.halifax-consulting.com\/en\/wp-content\/uploads\/sites\/3\/2021\/07\/halifax-consulting-success-story-AirLiquide.jpg\" alt=\"\" width=\"100%\" height=\"\" >\t\t\t\t\t\t\t\t\n\t\t\t\t\t\t\t<\/figure>\n\t\t\t\t\t\t\t\n\t\t\t\t\t\t<\/div>\n\t\t\t\t\t\t\n\t\t\t\t\t\t<div class=\"col-lg-7 col-md-7 col-sm-12 card--lb-content\">\n\t\t\t\t\t\t\t<small>Success story<\/small>\n\t\t\t\t\t\t\n\t\t\t\t\t\t\t<h3>Halifax Consulting supports Air Liquide<\/h3>\n<!-- \t\t\t\t\t\t\t<p>Air Liquide Industrie was aiming to level up all sales teams on the technical aspects of sales and negotiations, with the help of coaching from team managers<\/p>\n\t -->\n<!--\n\t\t\t\t\t\t\t<p>\n\t\t\t\t\t\t\t\tD\u00e9couvrez comment Halifax Consulting a accompagn\u00e9 Air Liquide sur le chemin de la r\u00e9ussite\n\t\t\t\t\t\t\t<\/p>\n-->\n\t\t\t\n\t\t\t\t\t\t\t\n\t\t\t\t\t\t\t<a href=\"https:\/\/www.halifax-consulting.com\/en\/success-stories\/air-liquide\/\" class=\"btn btn-hx btn-hx-orange\" title=\"Read more\">Read more<\/a>\n\t\t\t\t\t\t\n\t\t\t\t\t\t<\/div>\n\t\t\t\t\t\t\n\t\t\t\t\t<\/div>\n\t\t\t\t\t\n\t\t\t\t<\/div>\n\t\t\t\t\n\t\t\t<\/div>\n\t\t\t\t\t\t\t\t\t\n\t\t<\/div>\n\t\t\n\t<\/div>\n\t\n<\/section>","protected":false},"excerpt":{"rendered":"","protected":false},"author":17,"featured_media":2728,"parent":545,"menu_order":20,"comment_status":"closed","ping_status":"closed","template":"","meta":[],"categories":[],"acf":[],"yoast_head":"<!-- This site is optimized with the Yoast SEO plugin v19.9 - https:\/\/yoast.com\/wordpress\/plugins\/seo\/ -->\n<title>Our &quot;best sellers&quot; sales trainings - Halifax Consulting<\/title>\n<meta name=\"description\" content=\"Our sales trainings include 4 training methods created by Halifax Consulting. These are our Best Sellers, the result of many improvements with thousands of trained B2B sales people and integrating the latest coaching &amp; digital learning technologies for sales forces.\" \/>\n<link rel=\"canonical\" href=\"https:\/\/www.halifax-consulting.com\/en\/training\/best-sellers-sales-training\/\" \/>\n<meta property=\"og:locale\" content=\"en_GB\" \/>\n<meta property=\"og:type\" content=\"article\" \/>\n<meta property=\"og:title\" content=\"Our &quot;best sellers&quot; sales trainings - Halifax Consulting\" \/>\n<meta property=\"og:description\" content=\"Our sales trainings include 4 training methods created by Halifax Consulting. These are our Best Sellers, the result of many improvements with thousands of trained B2B sales people and integrating the latest coaching &amp; digital learning technologies for sales forces.\" \/>\n<meta property=\"og:url\" content=\"https:\/\/www.halifax-consulting.com\/en\/training\/best-sellers-sales-training\/\" \/>\n<meta property=\"og:site_name\" content=\"Halifax Consulting \u2013\u00a0EN\" \/>\n<meta property=\"article:modified_time\" content=\"2023-06-05T13:48:01+00:00\" \/>\n<meta property=\"og:image\" content=\"https:\/\/www.halifax-consulting.com\/en\/wp-content\/uploads\/sites\/3\/2023\/02\/nos-formations-commerciales-best-sellers.jpg\" \/>\n\t<meta property=\"og:image:width\" content=\"1920\" \/>\n\t<meta property=\"og:image:height\" content=\"545\" \/>\n\t<meta property=\"og:image:type\" content=\"image\/jpeg\" \/>\n<meta name=\"twitter:card\" content=\"summary_large_image\" \/>\n<script type=\"application\/ld+json\" class=\"yoast-schema-graph\">{\"@context\":\"https:\/\/schema.org\",\"@graph\":[{\"@type\":\"WebPage\",\"@id\":\"https:\/\/www.halifax-consulting.com\/en\/training\/best-sellers-sales-training\/\",\"url\":\"https:\/\/www.halifax-consulting.com\/en\/training\/best-sellers-sales-training\/\",\"name\":\"Our \\\"best sellers\\\" sales trainings - Halifax Consulting\",\"isPartOf\":{\"@id\":\"https:\/\/www.halifax-consulting.com\/en\/#website\"},\"datePublished\":\"2023-02-01T15:00:53+00:00\",\"dateModified\":\"2023-06-05T13:48:01+00:00\",\"description\":\"Our sales trainings include 4 training methods created by Halifax Consulting. These are our Best Sellers, the result of many improvements with thousands of trained B2B sales people and integrating the latest coaching & digital learning technologies for sales forces.\",\"breadcrumb\":{\"@id\":\"https:\/\/www.halifax-consulting.com\/en\/training\/best-sellers-sales-training\/#breadcrumb\"},\"inLanguage\":\"en-GB\",\"potentialAction\":[{\"@type\":\"ReadAction\",\"target\":[\"https:\/\/www.halifax-consulting.com\/en\/training\/best-sellers-sales-training\/\"]}]},{\"@type\":\"BreadcrumbList\",\"@id\":\"https:\/\/www.halifax-consulting.com\/en\/training\/best-sellers-sales-training\/#breadcrumb\",\"itemListElement\":[{\"@type\":\"ListItem\",\"position\":1,\"name\":\"Accueil\",\"item\":\"https:\/\/www.halifax-consulting.com\/en\/\"},{\"@type\":\"ListItem\",\"position\":2,\"name\":\"Training\",\"item\":\"https:\/\/www.halifax-consulting.com\/en\/training\/\"},{\"@type\":\"ListItem\",\"position\":3,\"name\":\"&#8220;Best Sellers&#8221; Sales Training\"}]},{\"@type\":\"WebSite\",\"@id\":\"https:\/\/www.halifax-consulting.com\/en\/#website\",\"url\":\"https:\/\/www.halifax-consulting.com\/en\/\",\"name\":\"Halifax Consulting \u2013\u00a0EN\",\"description\":\"Un site utilisant Les sites de Halifax Consulting\",\"potentialAction\":[{\"@type\":\"SearchAction\",\"target\":{\"@type\":\"EntryPoint\",\"urlTemplate\":\"https:\/\/www.halifax-consulting.com\/en\/?s={search_term_string}\"},\"query-input\":\"required name=search_term_string\"}],\"inLanguage\":\"en-GB\"}]}<\/script>\n<!-- \/ Yoast SEO plugin. -->","yoast_head_json":{"title":"Our \"best sellers\" sales trainings - Halifax Consulting","description":"Our sales trainings include 4 training methods created by Halifax Consulting. These are our Best Sellers, the result of many improvements with thousands of trained B2B sales people and integrating the latest coaching & digital learning technologies for sales forces.","canonical":"https:\/\/www.halifax-consulting.com\/en\/training\/best-sellers-sales-training\/","og_locale":"en_GB","og_type":"article","og_title":"Our \"best sellers\" sales trainings - Halifax Consulting","og_description":"Our sales trainings include 4 training methods created by Halifax Consulting. These are our Best Sellers, the result of many improvements with thousands of trained B2B sales people and integrating the latest coaching & digital learning technologies for sales forces.","og_url":"https:\/\/www.halifax-consulting.com\/en\/training\/best-sellers-sales-training\/","og_site_name":"Halifax Consulting \u2013\u00a0EN","article_modified_time":"2023-06-05T13:48:01+00:00","og_image":[{"width":1920,"height":545,"url":"https:\/\/www.halifax-consulting.com\/en\/wp-content\/uploads\/sites\/3\/2023\/02\/nos-formations-commerciales-best-sellers.jpg","type":"image\/jpeg"}],"twitter_card":"summary_large_image","schema":{"@context":"https:\/\/schema.org","@graph":[{"@type":"WebPage","@id":"https:\/\/www.halifax-consulting.com\/en\/training\/best-sellers-sales-training\/","url":"https:\/\/www.halifax-consulting.com\/en\/training\/best-sellers-sales-training\/","name":"Our \"best sellers\" sales trainings - Halifax Consulting","isPartOf":{"@id":"https:\/\/www.halifax-consulting.com\/en\/#website"},"datePublished":"2023-02-01T15:00:53+00:00","dateModified":"2023-06-05T13:48:01+00:00","description":"Our sales trainings include 4 training methods created by Halifax Consulting. These are our Best Sellers, the result of many improvements with thousands of trained B2B sales people and integrating the latest coaching & digital learning technologies for sales forces.","breadcrumb":{"@id":"https:\/\/www.halifax-consulting.com\/en\/training\/best-sellers-sales-training\/#breadcrumb"},"inLanguage":"en-GB","potentialAction":[{"@type":"ReadAction","target":["https:\/\/www.halifax-consulting.com\/en\/training\/best-sellers-sales-training\/"]}]},{"@type":"BreadcrumbList","@id":"https:\/\/www.halifax-consulting.com\/en\/training\/best-sellers-sales-training\/#breadcrumb","itemListElement":[{"@type":"ListItem","position":1,"name":"Accueil","item":"https:\/\/www.halifax-consulting.com\/en\/"},{"@type":"ListItem","position":2,"name":"Training","item":"https:\/\/www.halifax-consulting.com\/en\/training\/"},{"@type":"ListItem","position":3,"name":"&#8220;Best Sellers&#8221; Sales Training"}]},{"@type":"WebSite","@id":"https:\/\/www.halifax-consulting.com\/en\/#website","url":"https:\/\/www.halifax-consulting.com\/en\/","name":"Halifax Consulting \u2013\u00a0EN","description":"Un site utilisant Les sites de Halifax Consulting","potentialAction":[{"@type":"SearchAction","target":{"@type":"EntryPoint","urlTemplate":"https:\/\/www.halifax-consulting.com\/en\/?s={search_term_string}"},"query-input":"required name=search_term_string"}],"inLanguage":"en-GB"}]}},"_links":{"self":[{"href":"https:\/\/www.halifax-consulting.com\/en\/wp-json\/wp\/v2\/pages\/2683"}],"collection":[{"href":"https:\/\/www.halifax-consulting.com\/en\/wp-json\/wp\/v2\/pages"}],"about":[{"href":"https:\/\/www.halifax-consulting.com\/en\/wp-json\/wp\/v2\/types\/page"}],"author":[{"embeddable":true,"href":"https:\/\/www.halifax-consulting.com\/en\/wp-json\/wp\/v2\/users\/17"}],"replies":[{"embeddable":true,"href":"https:\/\/www.halifax-consulting.com\/en\/wp-json\/wp\/v2\/comments?post=2683"}],"version-history":[{"count":15,"href":"https:\/\/www.halifax-consulting.com\/en\/wp-json\/wp\/v2\/pages\/2683\/revisions"}],"predecessor-version":[{"id":3215,"href":"https:\/\/www.halifax-consulting.com\/en\/wp-json\/wp\/v2\/pages\/2683\/revisions\/3215"}],"up":[{"embeddable":true,"href":"https:\/\/www.halifax-consulting.com\/en\/wp-json\/wp\/v2\/pages\/545"}],"wp:featuredmedia":[{"embeddable":true,"href":"https:\/\/www.halifax-consulting.com\/en\/wp-json\/wp\/v2\/media\/2728"}],"wp:attachment":[{"href":"https:\/\/www.halifax-consulting.com\/en\/wp-json\/wp\/v2\/media?parent=2683"}],"wp:term":[{"taxonomy":"category","embeddable":true,"href":"https:\/\/www.halifax-consulting.com\/en\/wp-json\/wp\/v2\/categories?post=2683"}],"curies":[{"name":"wp","href":"https:\/\/api.w.org\/{rel}","templated":true}]}}