{"id":2734,"date":"2023-02-13T14:46:33","date_gmt":"2023-02-13T13:46:33","guid":{"rendered":"https:\/\/www.halifax-consulting.com\/en\/?page_id=2734"},"modified":"2023-06-13T10:36:57","modified_gmt":"2023-06-13T08:36:57","slug":"our-other-sales-trainings","status":"publish","type":"page","link":"https:\/\/www.halifax-consulting.com\/en\/training\/our-other-sales-trainings\/","title":{"rendered":"Our other sales trainings"},"content":{"rendered":"<div class=\"container\">\n\t<div class=\"row\">\n\t\t<div class=\"col-lg-12 col-md-12 col-sm-12\">\n\t\t\t<h2 class=\"intro\">\n\t\t\t\t<strong class=\"intro-h2 d-block\">The more I train, the better I get<\/strong>\n\t\t\t\t<p style=\"text-align: justify\">Halifax Consulting specifically designs training programs for our clients that address all sales populations and all key moments in their sales process. This includes both training such as our <strong><em>Best-Sellers<\/em> <\/strong>as well as more related training that will help you achieve all of your sales performance objectives.<\/p>\n<p style=\"text-align: justify\">Among our most frequent programs, <em>Social Selling<\/em>, or how to better prospect via social networks; <em>Remote Selling,<\/em> or how to better sell remotely via video; <em>Distributor Management<\/em>, or how to better sell via the animation of reseller networks; <em>Customer Relationship,<\/em> with both internal and external customers; <em>Sales Prospecting<\/em> by direct approach; <em>C-level Selling<\/em>, or how to sell to senior executives; and <em>Luxury Selling,<\/em> or how to sell with the codes of luxury.<\/p>\t\t\t<\/h2>\n\t\t<\/div>\n\t<\/div>\n<\/div>\n\n\n<!-- Bloc Formations -->\n<section class=\"navy py-6 formations\">\n\t\n\t<div class=\"container\">\n\t\t\n\t\t<div class=\"row\">\n\t\t\t\n\t\t\t<div class=\"col-lg-12 col-md-12 col-sm-12\">\n\t\t\t\t\n\t\t\t\t<h2 class=\"text-center\">\n\t\t\t\t\t\n\t\t\t\t\tOTHER HALIFAX CONSULTING SALES TRAININGS\t\t\n\t\t\t\t<\/h2>\n\t\t\t\t\n\t\t\t<\/div>\n\t\t\t\n\t\t<\/div>\n\t\t\n\t\t<div class=\"row\">\n\t\t\t\t\t\t\t\n\t\t\t\t\t\t\t\t\t\n\t\t\t\t\t\t\t\t\t\n\t\t\t\t\t<div class=\"col-lg-4 col-md-4 col-sm-12\">\n\t\t\t\t\t\t<div class=\"formation\">\n\t\t\t\t\t\t<h3 class=\"pb-1 formation__h3\">C-level Selling Training <i class=\"fas fa-arrow-right\"><\/i><\/h3>\n\t\t\t\t\t\t<p><a class=\"stretched-link\" href=\"https:\/\/www.halifax-consulting.com\/en\/training\/our-other-sales-trainings\/c-level-selling-training\/\"><\/a><\/p>\n\t\t\t\t\t\t<\/div>\n\t\t\t\t\t<\/div>\n\t\t\t\t\t\n\t\t\t\t\t\t\t\t\t\n\t\t\t\t\t\t\t\t\t\n\t\t\t\t\t<div class=\"col-lg-4 col-md-4 col-sm-12\">\n\t\t\t\t\t\t<div class=\"formation\">\n\t\t\t\t\t\t<h3 class=\"pb-1 formation__h3\">Distributor Management Training <i class=\"fas fa-arrow-right\"><\/i><\/h3>\n\t\t\t\t\t\t<p><a class=\"stretched-link\" href=\"https:\/\/www.halifax-consulting.com\/en\/training\/our-other-sales-trainings\/distributor-management-training\/\"><\/a><\/p>\n\t\t\t\t\t\t<\/div>\n\t\t\t\t\t<\/div>\n\t\t\t\t\t\n\t\t\t\t\t\t\t\t\t\n\t\t\t\t\t\t\t\t\t\n\t\t\t\t\t<div class=\"col-lg-4 col-md-4 col-sm-12\">\n\t\t\t\t\t\t<div class=\"formation\">\n\t\t\t\t\t\t<h3 class=\"pb-1 formation__h3\">Sales Prospecting Training <i class=\"fas fa-arrow-right\"><\/i><\/h3>\n\t\t\t\t\t\t<p><a class=\"stretched-link\" href=\"https:\/\/www.halifax-consulting.com\/en\/training\/our-other-sales-trainings\/sales-prospecting-training\/\"><\/a><\/p>\n\t\t\t\t\t\t<\/div>\n\t\t\t\t\t<\/div>\n\t\t\t\t\t\n\t\t\t\t\t\t\t\t\t\n\t\t\t\t\t\t\t\t\t\n\t\t\t\t\t<div class=\"col-lg-4 col-md-4 col-sm-12\">\n\t\t\t\t\t\t<div class=\"formation\">\n\t\t\t\t\t\t<h3 class=\"pb-1 formation__h3\">Social Selling Training <i class=\"fas fa-arrow-right\"><\/i><\/h3>\n\t\t\t\t\t\t<p><a class=\"stretched-link\" href=\"https:\/\/www.halifax-consulting.com\/en\/training\/our-other-sales-trainings\/social-selling-training\/\"><\/a><\/p>\n\t\t\t\t\t\t<\/div>\n\t\t\t\t\t<\/div>\n\t\t\t\t\t\n\t\t\t\t\t\t\t\t\t\n\t\t\t\t\t\t\t\t\t\n\t\t\t\t\t<div class=\"col-lg-4 col-md-4 col-sm-12\">\n\t\t\t\t\t\t<div class=\"formation\">\n\t\t\t\t\t\t<h3 class=\"pb-1 formation__h3\">Remote Selling Training <i class=\"fas fa-arrow-right\"><\/i><\/h3>\n\t\t\t\t\t\t<p><a class=\"stretched-link\" href=\"https:\/\/www.halifax-consulting.com\/en\/training\/our-other-sales-trainings\/remote-selling-training\/\"><\/a><\/p>\n\t\t\t\t\t\t<\/div>\n\t\t\t\t\t<\/div>\n\t\t\t\t\t\n\t\t\t\t\t\t\t\t\t\n\t\t\t\t\t\t\t\t\t\n\t\t\t\t\t<div class=\"col-lg-4 col-md-4 col-sm-12\">\n\t\t\t\t\t\t<div class=\"formation\">\n\t\t\t\t\t\t<h3 class=\"pb-1 formation__h3\">Customer Relationship Training <i class=\"fas fa-arrow-right\"><\/i><\/h3>\n\t\t\t\t\t\t<p><a class=\"stretched-link\" href=\"https:\/\/www.halifax-consulting.com\/en\/training\/our-other-sales-trainings\/customer-relationship-training\/\"><\/a><\/p>\n\t\t\t\t\t\t<\/div>\n\t\t\t\t\t<\/div>\n\t\t\t\t\t\n\t\t\t\t\t\t\t\t\t\n\t\t\t\t\t\t\t\t\t\n\t\t\t\t\t<div class=\"col-lg-4 col-md-4 col-sm-12\">\n\t\t\t\t\t\t<div class=\"formation\">\n\t\t\t\t\t\t<h3 class=\"pb-1 formation__h3\">Luxury Selling Training <i class=\"fas fa-arrow-right\"><\/i><\/h3>\n\t\t\t\t\t\t<p><a class=\"stretched-link\" href=\"https:\/\/www.halifax-consulting.com\/en\/training\/our-other-sales-trainings\/luxury-selling-training\/\"><\/a><\/p>\n\t\t\t\t\t\t<\/div>\n\t\t\t\t\t<\/div>\n\t\t\t\t\t\n\t\t\t\t\t\t\t\t\t\n\t\t\t\t\t\t\t\t\t\n\t\t\t\t\t<div class=\"col-lg-4 col-md-4 col-sm-12\">\n\t\t\t\t\t\t<div class=\"formation\">\n\t\t\t\t\t\t<h3 class=\"pb-1 formation__h3\">Sustainable Value Selling Training <i class=\"fas fa-arrow-right\"><\/i><\/h3>\n\t\t\t\t\t\t<p><a class=\"stretched-link\" href=\"https:\/\/www.halifax-consulting.com\/en\/training\/our-other-sales-trainings\/sustainable-value-selling\/\"><\/a><\/p>\n\t\t\t\t\t\t<\/div>\n\t\t\t\t\t<\/div>\n\t\t\t\t\t\n\t\t\t\t\t\n\t\t\t\t\n\t\t\t\t\t\t\n\t\t\t\t\t\t\n\t\t<\/div>\n\n<\/section>\n\n\n<section class=\"white py-6\">\n\t\n\t<div class=\"container-fluid\">\n\t\t\n\t\t<div class=\"row\">\n\t\t\n\t\t\t<div class=\"col-lg-6 col-md-6 col-sm-12\">\n\t\t\t\t<!-- Livre blanc -->\n\t\t\t\t<div class=\"card--livre-blanc navy\">\n\t\t\t\t\t\n\t\t\t\t\t<div class=\"row p-0 m-0\">\n\t\t\t\t\t\t\n\t\t\t\t\t\t<div class=\"col-lg-5 col-md-5 col-sm-12 pl-0 pr-0\">\n\t\t\t\t\t\t\t\n\t\t\t\t\t\t\t<figure class=\"img-simple-success\">\n\t\n\t\t\t\t\t\t\t\t<img decoding=\"async\" loading=\"lazy\" src=\"https:\/\/www.halifax-consulting.com\/en\/wp-content\/uploads\/sites\/3\/2020\/12\/Halifax-consulting-ebook-cover.png\" alt=\"5 tips on selling via videoconference ebook\" width=\"100%\" height=\"\" >\t\t\t\t\t\t\t\t\n\t\t\t\t\t\t\t<\/figure>\n\t\t\t\t\t\t\t\n\t\t\t\t\t\t<\/div>\n\t\t\t\t\t\t\n\t\t\t\t\t\t<div class=\"col-lg-7 col-md-7 col-sm-12 card--lb-content\">\n\t\t\t\t\t\t\t<small>eBook<\/small>\n\t\t\t\t\t\t\t\n\t\t\t\t\t\t\t\t\t\t\t\t\t\t\n\t\t\t\t\t\t\t\t<h3>5 tips on selling via videoconferencing<\/h3>\n\t\t\t\t\t\t\t\t\n\t\t\t\t\t\t\t\t\t\t\t\t\t\t\n\t\t\t\t\t\t\t\t\t\t\t\t\t\t\n\t\t\t\t\t\t\t<a href=\"https:\/\/www.halifax-consulting.com\/en\/download?b=5cons-128376 \" title=\"Livre blanc 5 tips on selling via videoconferencing\" class=\"btn btn-hx btn-hx-orange\">Download it<\/a>\n\t\t\t\t\t\t<\/div>\n\t\t\t\t\t<\/div>\n\t\t\t\t<\/div>\n\t\t\t\t\n\t\t\t<\/div>\n\t\t\t\n\t\t\t\n\t\t\t\t\t\t\t \n\t\t\t\t\t\t\t\t\t\t\n\t\t\t\t\t\t\t\t\n\t\t\t\n\t\t\t\n\t\t\t\n\t\t\t<div class=\"col-lg-6 col-md-6 col-sm-12\">\n\t\t\t\t<!-- Success story -->\n\t\t\t\t<div class=\"card--livre-blanc\">\n\t\t\t\t\t\n\t\t\t\t\t<div class=\"row p-0 m-0\">\n\t\t\t\t\t\t\n\t\t\t\t\t\t<div class=\"col-lg-5 col-md-5 col-sm-12 pl-0 pr-0\">\n\t\t\t\t\t\t\t\n\t\t\t\t\t\t\t<figure class=\"img-simple-success\">\n\t\n\t\t\t\t\t\t\t\t<img decoding=\"async\" loading=\"lazy\" src=\"https:\/\/www.halifax-consulting.com\/en\/wp-content\/uploads\/sites\/3\/2021\/07\/halifax-consulting-success-story-TotalEnergies.jpg\" alt=\"\" width=\"100%\" height=\"\" >\t\t\t\t\t\t\t\t\n\t\t\t\t\t\t\t<\/figure>\n\t\t\t\t\t\t\t\n\t\t\t\t\t\t<\/div>\n\t\t\t\t\t\t\n\t\t\t\t\t\t<div class=\"col-lg-7 col-md-7 col-sm-12 card--lb-content\">\n\t\t\t\t\t\t\t<small>Success story<\/small>\n\t\t\t\t\t\t\n\t\t\t\t\t\t\t<h3>Halifax Consulting supports TotalEnergies<\/h3>\n<!-- \t\t\t\t\t\t\t<p>TotalEnergies\u2019 Lubricants business is growing in the LATAM, APAC &#038; African region. The company was aiming to improve distributor management around the globe<\/p>\n\t -->\n<!--\n\t\t\t\t\t\t\t<p>\n\t\t\t\t\t\t\t\tD\u00e9couvrez comment Halifax Consulting a accompagn\u00e9 TotalEnergies sur le chemin de la r\u00e9ussite\n\t\t\t\t\t\t\t<\/p>\n-->\n\t\t\t\n\t\t\t\t\t\t\t\n\t\t\t\t\t\t\t<a href=\"https:\/\/www.halifax-consulting.com\/en\/success-stories\/totalenergies\/\" class=\"btn btn-hx btn-hx-orange\" title=\"Read more\">Read more<\/a>\n\t\t\t\t\t\t\n\t\t\t\t\t\t<\/div>\n\t\t\t\t\t\t\n\t\t\t\t\t<\/div>\n\t\t\t\t\t\n\t\t\t\t<\/div>\n\t\t\t\t\n\t\t\t<\/div>\n\t\t\t\t\t\t\t\t\t\n\t\t<\/div>\n\t\t\n\t<\/div>\n\t\n<\/section>","protected":false},"excerpt":{"rendered":"","protected":false},"author":17,"featured_media":2778,"parent":545,"menu_order":30,"comment_status":"closed","ping_status":"closed","template":"","meta":[],"categories":[],"acf":[],"yoast_head":"<!-- This site is optimized with the Yoast SEO plugin v19.9 - https:\/\/yoast.com\/wordpress\/plugins\/seo\/ -->\n<title>Our other sales trainings - Halifax Consulting<\/title>\n<meta name=\"description\" content=\"We specifically designs programs for our clients that address all sales populations and all key moments in their sales process.\" \/>\n<link rel=\"canonical\" href=\"https:\/\/www.halifax-consulting.com\/en\/training\/our-other-sales-trainings\/\" \/>\n<meta property=\"og:locale\" content=\"en_GB\" \/>\n<meta property=\"og:type\" content=\"article\" \/>\n<meta property=\"og:title\" content=\"Our other sales trainings - Halifax Consulting\" \/>\n<meta property=\"og:description\" content=\"We specifically designs programs for our clients that address all sales populations and all key moments in their sales process.\" \/>\n<meta property=\"og:url\" content=\"https:\/\/www.halifax-consulting.com\/en\/training\/our-other-sales-trainings\/\" \/>\n<meta property=\"og:site_name\" content=\"Halifax Consulting \u2013\u00a0EN\" \/>\n<meta property=\"article:modified_time\" content=\"2023-06-13T08:36:57+00:00\" \/>\n<meta property=\"og:image\" content=\"https:\/\/www.halifax-consulting.com\/en\/wp-content\/uploads\/sites\/3\/2023\/02\/autres-formations.jpg\" \/>\n\t<meta property=\"og:image:width\" content=\"1920\" \/>\n\t<meta property=\"og:image:height\" content=\"545\" \/>\n\t<meta property=\"og:image:type\" content=\"image\/jpeg\" \/>\n<meta name=\"twitter:card\" content=\"summary_large_image\" \/>\n<script type=\"application\/ld+json\" class=\"yoast-schema-graph\">{\"@context\":\"https:\/\/schema.org\",\"@graph\":[{\"@type\":\"WebPage\",\"@id\":\"https:\/\/www.halifax-consulting.com\/en\/training\/our-other-sales-trainings\/\",\"url\":\"https:\/\/www.halifax-consulting.com\/en\/training\/our-other-sales-trainings\/\",\"name\":\"Our other sales trainings - Halifax Consulting\",\"isPartOf\":{\"@id\":\"https:\/\/www.halifax-consulting.com\/en\/#website\"},\"datePublished\":\"2023-02-13T13:46:33+00:00\",\"dateModified\":\"2023-06-13T08:36:57+00:00\",\"description\":\"We specifically designs programs for our clients that address all sales populations and all key moments in their sales process.\",\"breadcrumb\":{\"@id\":\"https:\/\/www.halifax-consulting.com\/en\/training\/our-other-sales-trainings\/#breadcrumb\"},\"inLanguage\":\"en-GB\",\"potentialAction\":[{\"@type\":\"ReadAction\",\"target\":[\"https:\/\/www.halifax-consulting.com\/en\/training\/our-other-sales-trainings\/\"]}]},{\"@type\":\"BreadcrumbList\",\"@id\":\"https:\/\/www.halifax-consulting.com\/en\/training\/our-other-sales-trainings\/#breadcrumb\",\"itemListElement\":[{\"@type\":\"ListItem\",\"position\":1,\"name\":\"Accueil\",\"item\":\"https:\/\/www.halifax-consulting.com\/en\/\"},{\"@type\":\"ListItem\",\"position\":2,\"name\":\"Training\",\"item\":\"https:\/\/www.halifax-consulting.com\/en\/training\/\"},{\"@type\":\"ListItem\",\"position\":3,\"name\":\"Our other sales trainings\"}]},{\"@type\":\"WebSite\",\"@id\":\"https:\/\/www.halifax-consulting.com\/en\/#website\",\"url\":\"https:\/\/www.halifax-consulting.com\/en\/\",\"name\":\"Halifax Consulting \u2013\u00a0EN\",\"description\":\"Un site utilisant Les sites de Halifax Consulting\",\"potentialAction\":[{\"@type\":\"SearchAction\",\"target\":{\"@type\":\"EntryPoint\",\"urlTemplate\":\"https:\/\/www.halifax-consulting.com\/en\/?s={search_term_string}\"},\"query-input\":\"required name=search_term_string\"}],\"inLanguage\":\"en-GB\"}]}<\/script>\n<!-- \/ Yoast SEO plugin. -->","yoast_head_json":{"title":"Our other sales trainings - Halifax Consulting","description":"We specifically designs programs for our clients that address all sales populations and all key moments in their sales process.","canonical":"https:\/\/www.halifax-consulting.com\/en\/training\/our-other-sales-trainings\/","og_locale":"en_GB","og_type":"article","og_title":"Our other sales trainings - Halifax Consulting","og_description":"We specifically designs programs for our clients that address all sales populations and all key moments in their sales process.","og_url":"https:\/\/www.halifax-consulting.com\/en\/training\/our-other-sales-trainings\/","og_site_name":"Halifax Consulting \u2013\u00a0EN","article_modified_time":"2023-06-13T08:36:57+00:00","og_image":[{"width":1920,"height":545,"url":"https:\/\/www.halifax-consulting.com\/en\/wp-content\/uploads\/sites\/3\/2023\/02\/autres-formations.jpg","type":"image\/jpeg"}],"twitter_card":"summary_large_image","schema":{"@context":"https:\/\/schema.org","@graph":[{"@type":"WebPage","@id":"https:\/\/www.halifax-consulting.com\/en\/training\/our-other-sales-trainings\/","url":"https:\/\/www.halifax-consulting.com\/en\/training\/our-other-sales-trainings\/","name":"Our other sales trainings - Halifax Consulting","isPartOf":{"@id":"https:\/\/www.halifax-consulting.com\/en\/#website"},"datePublished":"2023-02-13T13:46:33+00:00","dateModified":"2023-06-13T08:36:57+00:00","description":"We specifically designs programs for our clients that address all sales populations and all key moments in their sales process.","breadcrumb":{"@id":"https:\/\/www.halifax-consulting.com\/en\/training\/our-other-sales-trainings\/#breadcrumb"},"inLanguage":"en-GB","potentialAction":[{"@type":"ReadAction","target":["https:\/\/www.halifax-consulting.com\/en\/training\/our-other-sales-trainings\/"]}]},{"@type":"BreadcrumbList","@id":"https:\/\/www.halifax-consulting.com\/en\/training\/our-other-sales-trainings\/#breadcrumb","itemListElement":[{"@type":"ListItem","position":1,"name":"Accueil","item":"https:\/\/www.halifax-consulting.com\/en\/"},{"@type":"ListItem","position":2,"name":"Training","item":"https:\/\/www.halifax-consulting.com\/en\/training\/"},{"@type":"ListItem","position":3,"name":"Our other sales trainings"}]},{"@type":"WebSite","@id":"https:\/\/www.halifax-consulting.com\/en\/#website","url":"https:\/\/www.halifax-consulting.com\/en\/","name":"Halifax Consulting \u2013\u00a0EN","description":"Un site utilisant Les sites de Halifax Consulting","potentialAction":[{"@type":"SearchAction","target":{"@type":"EntryPoint","urlTemplate":"https:\/\/www.halifax-consulting.com\/en\/?s={search_term_string}"},"query-input":"required name=search_term_string"}],"inLanguage":"en-GB"}]}},"_links":{"self":[{"href":"https:\/\/www.halifax-consulting.com\/en\/wp-json\/wp\/v2\/pages\/2734"}],"collection":[{"href":"https:\/\/www.halifax-consulting.com\/en\/wp-json\/wp\/v2\/pages"}],"about":[{"href":"https:\/\/www.halifax-consulting.com\/en\/wp-json\/wp\/v2\/types\/page"}],"author":[{"embeddable":true,"href":"https:\/\/www.halifax-consulting.com\/en\/wp-json\/wp\/v2\/users\/17"}],"replies":[{"embeddable":true,"href":"https:\/\/www.halifax-consulting.com\/en\/wp-json\/wp\/v2\/comments?post=2734"}],"version-history":[{"count":11,"href":"https:\/\/www.halifax-consulting.com\/en\/wp-json\/wp\/v2\/pages\/2734\/revisions"}],"predecessor-version":[{"id":3208,"href":"https:\/\/www.halifax-consulting.com\/en\/wp-json\/wp\/v2\/pages\/2734\/revisions\/3208"}],"up":[{"embeddable":true,"href":"https:\/\/www.halifax-consulting.com\/en\/wp-json\/wp\/v2\/pages\/545"}],"wp:featuredmedia":[{"embeddable":true,"href":"https:\/\/www.halifax-consulting.com\/en\/wp-json\/wp\/v2\/media\/2778"}],"wp:attachment":[{"href":"https:\/\/www.halifax-consulting.com\/en\/wp-json\/wp\/v2\/media?parent=2734"}],"wp:term":[{"taxonomy":"category","embeddable":true,"href":"https:\/\/www.halifax-consulting.com\/en\/wp-json\/wp\/v2\/categories?post=2734"}],"curies":[{"name":"wp","href":"https:\/\/api.w.org\/{rel}","templated":true}]}}