{"id":2737,"date":"2023-02-14T10:33:08","date_gmt":"2023-02-14T09:33:08","guid":{"rendered":"https:\/\/www.halifax-consulting.com\/en\/?page_id=2737"},"modified":"2025-05-14T14:47:49","modified_gmt":"2025-05-14T12:47:49","slug":"social-selling-training","status":"publish","type":"page","link":"https:\/\/www.halifax-consulting.com\/en\/training\/our-other-sales-trainings\/social-selling-training\/","title":{"rendered":"Social Selling Training"},"content":{"rendered":"<div class=\"container\">\n\t<div class=\"row\">\n\t\t<div class=\"col-lg-12 col-md-12 col-sm-12\">\n\t\t\t<h2 class=\"intro\">\n\t\t\t\t<strong class=\"intro-h2 d-block\">Social Selling Training: Prospecting with social networks, building an ecosystem of influence, generating appointments through social selling&#8230;<\/strong>\n\t\t\t\t<p style=\"text-align: justify\">The use of <strong>social networks<\/strong> and the <strong>Internet<\/strong> is now an integral part of our professional and personal lives. The number of connected people represents 60% of the world&#8217;s population with 5.7 billion individuals. Every minute, every day, millions of messages, videos and posts are exchanged on the main social networks such as LinkedIn, Facebook, Instagram, Tiktok, Club House&#8230;<\/p>\n<p style=\"text-align: justify\">This course aims to help sales people integrate these new means of communication into their sales process in order to <strong>network<\/strong>, or <strong>influence<\/strong>, to develop their personal reputation (<strong>personal branding<\/strong>), that of their company (<strong>lobbying<\/strong>), or that of their products and services (brand awareness). The course focuses mainly on professional networks, especially LinkedIn, to <strong>better prospect and sell.<\/strong><\/p>\t\t\t<\/h2>\n\t\t<\/div>\n\t<\/div>\n<\/div>\n\n\n<section class=\"grey p-6 essentiels\">\t\n\t\n\t<div class=\"container\">\n\t\t\n\t\t<div class=\"row\">\n\t\t\t\n\t\t\t<div class=\"col-lg-7 col-md-7 col-sm-12\">\n\t\t\t\t\n\t\t\t\t\t\t\t\t\t<h3>The objectives<\/h3>\n\t\t\t\t\t<ul>\n<li>To understand the role of social networks in the B2B prospecting and sales process,<\/li>\n<li>Evaluate your personal potential as a virtual networker,<\/li>\n<li>Build your commercial image and your customer acquisition presence on social networks,<\/li>\n<li>Expand your contact spectrum and know how to use the structural leap to better prospect,<\/li>\n<li>Make posts that generate reactions and increase the commercial visibility of your solutions.<\/li>\n<\/ul>\t\t\t\t\t\t\t\t\n\t\t\t\t\t\t\t\t\t<h3>The advantages of the training<\/h3>\n\t\t\t\t\t<ul>\n<li>A practical training with back and forth between principles, good practices and application on social networking platforms.<\/li>\n<li>Individualized coaching at the end of the course to help participants improve their LinkedIn profile and their social selling index (SSI), expand their network, make targeted publications, and get in touch with interesting prospects.<\/li>\n<li>A blended learning program of 5h30 (30min E-learning beforehand + 4h group virtual class + 1h individual coaching)<\/li>\n<\/ul>\t\t\t\t\t\t\t\t\n\t\t\t\t\t\t\t\t\t<h3>Who is this training for?<\/h3>\n\t\t\t\t\t<p>All types of sales people, SDR, BDR, pre-sales, key account managers, consultants, sales managers.<\/p>\t\t\t\t\t\t\t<\/div>\n\t\t\t\n\t\t\t<div class=\"col-lg-1 col-md-1 col-sm-12\">\t\t\t\n\t\t\t<\/div>\n\t\t\t\n\t\t\t<div class=\"col-lg-4 col-md-4 col-sm-12\">\n\t\t\t\n\t\t\t\t<!-- Notation CPF -->\n\t\t\t\t\t\t\t\t\n\t\t\t\t<div class=\"card\">\n\t\t\t\t\t\n\t\t\t\t\t<div class=\"card-header\">\n\t\t\t\t\t\n\t\t\t\t\t\tSatisfaction Rate\t\t\t\t\t\t\n\t\t\t\t\t<\/div>\n\t\t\t\t\t\n\t\t\t\t\t\t\t\t\t\t\n\t\t\t\t\t<div class=\"satisfaction\">\n\t\t\t\t\t\t<label class=\"rating-label\">\n\t\t\t\t\t\t\t<input\n\t\t\t\t\t\t    class=\"rating\"\n\t\t\t\t\t\t    max=\"5\"\n\t\t\t\t\t\t    step=\"0.5\"\n\t\t\t\t\t\t    style=\"--value:4.5\"\n\t\t\t\t\t\t    type=\"range\"\n\t\t\t\t\t\t    value=\"4.5\">\n\t\t\t\t\t\t<\/label>\n\t\t\t\t\t\n\t\t\t\t\t\t\t\t\t\t\t\n\t\t\t\t\t\t<small class=\"text-left\"><em>Out of 58 reviews<\/em><\/small>\n\t\t\t\t\t\n\t\t\t\t\t\t\t\t\t\t\n\t\t\t\t\t<\/div>\n\t\t\t\t\t\n\t\t\t\t<\/div>\n\t\t\t\t\n\t\t\t\t\n\t\t\t\t<!-- Bouton VOIR LE PROGRAMME -->\n\t\t\t\t\n\t\t\t\t<p class=\"mt-4\">\n\t\t\t\t\t\n\t\t\t\t\t\t\t\t\t\t<!-- true = ouverture lien externe -->\n\t\t\t\t\t<a class=\"btn btn-hx btn-hx-orange d-block\" href=\"https:\/\/forms.zohopublic.com\/andernagroup\/form\/encontact\/formperma\/-3olIl8fJXYkv4805gAXuqUh1IPg5V-TOUg2oCpAqFw\" title=\"Contact us to take this training\" target=\"_blank\">Contact us to take this training<\/a>\n\t\t\t\t\t\n\t\t\t\t\t\t\t\t\t\t\n\t\t\t\t<\/p>\n\t\t\t<\/div>\n\t\t<\/div>\n\t<\/div>\n<\/section>\n\n<!-- MODALE -->\n\n\n\n\n<section class=\"white py-6\">\n\t\n\t<div class=\"container-fluid\">\n\t\t\n\t\t<div class=\"row\">\n\t\t\n\t\t\t<div class=\"col-lg-6 col-md-6 col-sm-12\">\n\t\t\t\t<!-- Livre blanc -->\n\t\t\t\t<div class=\"card--livre-blanc navy\">\n\t\t\t\t\t\n\t\t\t\t\t<div class=\"row p-0 m-0\">\n\t\t\t\t\t\t\n\t\t\t\t\t\t<div class=\"col-lg-5 col-md-5 col-sm-12 pl-0 pr-0\">\n\t\t\t\t\t\t\t\n\t\t\t\t\t\t\t<figure class=\"img-simple-success\">\n\t\n\t\t\t\t\t\t\t\t<img decoding=\"async\" loading=\"lazy\" src=\"https:\/\/www.halifax-consulting.com\/en\/wp-content\/uploads\/sites\/3\/2022\/11\/halifax-consulting-ebook-education-metaverse.jpg\" alt=\"Education in the Metaverse ebook\" width=\"100%\" height=\"\" >\t\t\t\t\t\t\t\t\n\t\t\t\t\t\t\t<\/figure>\n\t\t\t\t\t\t\t\n\t\t\t\t\t\t<\/div>\n\t\t\t\t\t\t\n\t\t\t\t\t\t<div class=\"col-lg-7 col-md-7 col-sm-12 card--lb-content\">\n\t\t\t\t\t\t\t<small>eBook<\/small>\n\t\t\t\t\t\t\t\n\t\t\t\t\t\t\t\t\t\t\t\t\t\t\n\t\t\t\t\t\t\t\t<h3>Education in the Metaverse<\/h3>\n\t\t\t\t\t\t\t\t\n\t\t\t\t\t\t\t\t\t\t\t\t\t\t\n\t\t\t\t\t\t\t\t\t\t\t\t\t\t\n\t\t\t\t\t\t\t<a href=\"https:\/\/www.halifax-consulting.com\/en\/download?b=meta-7449815\" title=\"Livre blanc Education in the Metaverse\" class=\"btn btn-hx btn-hx-orange\">Download it<\/a>\n\t\t\t\t\t\t<\/div>\n\t\t\t\t\t<\/div>\n\t\t\t\t<\/div>\n\t\t\t\t\n\t\t\t<\/div>\n\t\t\t\n\t\t\t\n\t\t\t\t\t\t\t \n\t\t\t\t\t\t\t\t\t\t\n\t\t\t\t\t\t\t\t\n\t\t\t\n\t\t\t\n\t\t\t\n\t\t\t<div class=\"col-lg-6 col-md-6 col-sm-12\">\n\t\t\t\t<!-- Success story -->\n\t\t\t\t<div class=\"card--livre-blanc\">\n\t\t\t\t\t\n\t\t\t\t\t<div class=\"row p-0 m-0\">\n\t\t\t\t\t\t\n\t\t\t\t\t\t<div class=\"col-lg-5 col-md-5 col-sm-12 pl-0 pr-0\">\n\t\t\t\t\t\t\t\n\t\t\t\t\t\t\t<figure class=\"img-simple-success\">\n\t\n\t\t\t\t\t\t\t\t<img decoding=\"async\" loading=\"lazy\" src=\"https:\/\/www.halifax-consulting.com\/en\/wp-content\/uploads\/sites\/3\/2019\/12\/halifax-consulting-success-story-saint-gobain.jpg\" alt=\"\" width=\"100%\" height=\"\" >\t\t\t\t\t\t\t\t\n\t\t\t\t\t\t\t<\/figure>\n\t\t\t\t\t\t\t\n\t\t\t\t\t\t<\/div>\n\t\t\t\t\t\t\n\t\t\t\t\t\t<div class=\"col-lg-7 col-md-7 col-sm-12 card--lb-content\">\n\t\t\t\t\t\t\t<small>Success story<\/small>\n\t\t\t\t\t\t\n\t\t\t\t\t\t\t<h3>Halifax Consulting supports Construction materials<\/h3>\n<!-- \t\t\t\t\t\t\t<p>The company was seeking to streamline relations between its clients and administrative services. The goal was to automate the most mundane office tasks to free up staff to focus on sales while ensuring the same high level of professionalism across the board.<\/p>\n\t -->\n<!--\n\t\t\t\t\t\t\t<p>\n\t\t\t\t\t\t\t\tD\u00e9couvrez comment Halifax Consulting a accompagn\u00e9 Construction materials sur le chemin de la r\u00e9ussite\n\t\t\t\t\t\t\t<\/p>\n-->\n\t\t\t\n\t\t\t\t\t\t\t\n\t\t\t\t\t\t\t<a href=\"https:\/\/www.halifax-consulting.com\/en\/success-stories\/construction-materials\/\" class=\"btn btn-hx btn-hx-orange\" title=\"Read more\">Read more<\/a>\n\t\t\t\t\t\t\n\t\t\t\t\t\t<\/div>\n\t\t\t\t\t\t\n\t\t\t\t\t<\/div>\n\t\t\t\t\t\n\t\t\t\t<\/div>\n\t\t\t\t\n\t\t\t<\/div>\n\t\t\t\t\t\t\t\t\t\n\t\t<\/div>\n\t\t\n\t<\/div>\n\t\n<\/section>","protected":false},"excerpt":{"rendered":"","protected":false},"author":17,"featured_media":2775,"parent":2734,"menu_order":0,"comment_status":"closed","ping_status":"closed","template":"","meta":[],"categories":[],"acf":[],"yoast_head":"<!-- This site is optimized with the Yoast SEO plugin v19.9 - https:\/\/yoast.com\/wordpress\/plugins\/seo\/ -->\n<title>Social Selling Training - Halifax Consulting<\/title>\n<meta name=\"description\" content=\"Prospecting with social networks, building an ecosystem of influence, generating appointments through social selling...\" \/>\n<link rel=\"canonical\" href=\"https:\/\/www.halifax-consulting.com\/en\/training\/our-other-sales-trainings\/social-selling-training\/\" \/>\n<meta property=\"og:locale\" content=\"en_GB\" \/>\n<meta property=\"og:type\" content=\"article\" \/>\n<meta property=\"og:title\" content=\"Social Selling Training - Halifax Consulting\" \/>\n<meta property=\"og:description\" content=\"Prospecting with social networks, building an ecosystem of influence, generating appointments through social selling...\" \/>\n<meta property=\"og:url\" content=\"https:\/\/www.halifax-consulting.com\/en\/training\/our-other-sales-trainings\/social-selling-training\/\" \/>\n<meta property=\"og:site_name\" content=\"Halifax Consulting \u2013\u00a0EN\" \/>\n<meta property=\"article:modified_time\" content=\"2025-05-14T12:47:49+00:00\" \/>\n<meta property=\"og:image\" content=\"https:\/\/www.halifax-consulting.com\/en\/wp-content\/uploads\/sites\/3\/2023\/02\/social-selling.png\" \/>\n\t<meta property=\"og:image:width\" content=\"1920\" \/>\n\t<meta property=\"og:image:height\" content=\"545\" \/>\n\t<meta property=\"og:image:type\" content=\"image\/png\" \/>\n<meta name=\"twitter:card\" content=\"summary_large_image\" \/>\n<script type=\"application\/ld+json\" class=\"yoast-schema-graph\">{\"@context\":\"https:\/\/schema.org\",\"@graph\":[{\"@type\":\"WebPage\",\"@id\":\"https:\/\/www.halifax-consulting.com\/en\/training\/our-other-sales-trainings\/social-selling-training\/\",\"url\":\"https:\/\/www.halifax-consulting.com\/en\/training\/our-other-sales-trainings\/social-selling-training\/\",\"name\":\"Social Selling Training - Halifax Consulting\",\"isPartOf\":{\"@id\":\"https:\/\/www.halifax-consulting.com\/en\/#website\"},\"datePublished\":\"2023-02-14T09:33:08+00:00\",\"dateModified\":\"2025-05-14T12:47:49+00:00\",\"description\":\"Prospecting with social networks, building an ecosystem of influence, generating appointments through social selling...\",\"breadcrumb\":{\"@id\":\"https:\/\/www.halifax-consulting.com\/en\/training\/our-other-sales-trainings\/social-selling-training\/#breadcrumb\"},\"inLanguage\":\"en-GB\",\"potentialAction\":[{\"@type\":\"ReadAction\",\"target\":[\"https:\/\/www.halifax-consulting.com\/en\/training\/our-other-sales-trainings\/social-selling-training\/\"]}]},{\"@type\":\"BreadcrumbList\",\"@id\":\"https:\/\/www.halifax-consulting.com\/en\/training\/our-other-sales-trainings\/social-selling-training\/#breadcrumb\",\"itemListElement\":[{\"@type\":\"ListItem\",\"position\":1,\"name\":\"Accueil\",\"item\":\"https:\/\/www.halifax-consulting.com\/en\/\"},{\"@type\":\"ListItem\",\"position\":2,\"name\":\"Training\",\"item\":\"https:\/\/www.halifax-consulting.com\/en\/training\/\"},{\"@type\":\"ListItem\",\"position\":3,\"name\":\"Our other sales trainings\",\"item\":\"https:\/\/www.halifax-consulting.com\/en\/training\/our-other-sales-trainings\/\"},{\"@type\":\"ListItem\",\"position\":4,\"name\":\"Social Selling Training\"}]},{\"@type\":\"WebSite\",\"@id\":\"https:\/\/www.halifax-consulting.com\/en\/#website\",\"url\":\"https:\/\/www.halifax-consulting.com\/en\/\",\"name\":\"Halifax Consulting \u2013\u00a0EN\",\"description\":\"Un site utilisant Les sites de Halifax Consulting\",\"potentialAction\":[{\"@type\":\"SearchAction\",\"target\":{\"@type\":\"EntryPoint\",\"urlTemplate\":\"https:\/\/www.halifax-consulting.com\/en\/?s={search_term_string}\"},\"query-input\":\"required name=search_term_string\"}],\"inLanguage\":\"en-GB\"}]}<\/script>\n<!-- \/ Yoast SEO plugin. -->","yoast_head_json":{"title":"Social Selling Training - Halifax Consulting","description":"Prospecting with social networks, building an ecosystem of influence, generating appointments through social selling...","canonical":"https:\/\/www.halifax-consulting.com\/en\/training\/our-other-sales-trainings\/social-selling-training\/","og_locale":"en_GB","og_type":"article","og_title":"Social Selling Training - Halifax Consulting","og_description":"Prospecting with social networks, building an ecosystem of influence, generating appointments through social selling...","og_url":"https:\/\/www.halifax-consulting.com\/en\/training\/our-other-sales-trainings\/social-selling-training\/","og_site_name":"Halifax Consulting \u2013\u00a0EN","article_modified_time":"2025-05-14T12:47:49+00:00","og_image":[{"width":1920,"height":545,"url":"https:\/\/www.halifax-consulting.com\/en\/wp-content\/uploads\/sites\/3\/2023\/02\/social-selling.png","type":"image\/png"}],"twitter_card":"summary_large_image","schema":{"@context":"https:\/\/schema.org","@graph":[{"@type":"WebPage","@id":"https:\/\/www.halifax-consulting.com\/en\/training\/our-other-sales-trainings\/social-selling-training\/","url":"https:\/\/www.halifax-consulting.com\/en\/training\/our-other-sales-trainings\/social-selling-training\/","name":"Social Selling Training - Halifax Consulting","isPartOf":{"@id":"https:\/\/www.halifax-consulting.com\/en\/#website"},"datePublished":"2023-02-14T09:33:08+00:00","dateModified":"2025-05-14T12:47:49+00:00","description":"Prospecting with social networks, building an ecosystem of influence, generating appointments through social selling...","breadcrumb":{"@id":"https:\/\/www.halifax-consulting.com\/en\/training\/our-other-sales-trainings\/social-selling-training\/#breadcrumb"},"inLanguage":"en-GB","potentialAction":[{"@type":"ReadAction","target":["https:\/\/www.halifax-consulting.com\/en\/training\/our-other-sales-trainings\/social-selling-training\/"]}]},{"@type":"BreadcrumbList","@id":"https:\/\/www.halifax-consulting.com\/en\/training\/our-other-sales-trainings\/social-selling-training\/#breadcrumb","itemListElement":[{"@type":"ListItem","position":1,"name":"Accueil","item":"https:\/\/www.halifax-consulting.com\/en\/"},{"@type":"ListItem","position":2,"name":"Training","item":"https:\/\/www.halifax-consulting.com\/en\/training\/"},{"@type":"ListItem","position":3,"name":"Our other sales trainings","item":"https:\/\/www.halifax-consulting.com\/en\/training\/our-other-sales-trainings\/"},{"@type":"ListItem","position":4,"name":"Social Selling Training"}]},{"@type":"WebSite","@id":"https:\/\/www.halifax-consulting.com\/en\/#website","url":"https:\/\/www.halifax-consulting.com\/en\/","name":"Halifax Consulting \u2013\u00a0EN","description":"Un site utilisant Les sites de Halifax Consulting","potentialAction":[{"@type":"SearchAction","target":{"@type":"EntryPoint","urlTemplate":"https:\/\/www.halifax-consulting.com\/en\/?s={search_term_string}"},"query-input":"required name=search_term_string"}],"inLanguage":"en-GB"}]}},"_links":{"self":[{"href":"https:\/\/www.halifax-consulting.com\/en\/wp-json\/wp\/v2\/pages\/2737"}],"collection":[{"href":"https:\/\/www.halifax-consulting.com\/en\/wp-json\/wp\/v2\/pages"}],"about":[{"href":"https:\/\/www.halifax-consulting.com\/en\/wp-json\/wp\/v2\/types\/page"}],"author":[{"embeddable":true,"href":"https:\/\/www.halifax-consulting.com\/en\/wp-json\/wp\/v2\/users\/17"}],"replies":[{"embeddable":true,"href":"https:\/\/www.halifax-consulting.com\/en\/wp-json\/wp\/v2\/comments?post=2737"}],"version-history":[{"count":11,"href":"https:\/\/www.halifax-consulting.com\/en\/wp-json\/wp\/v2\/pages\/2737\/revisions"}],"predecessor-version":[{"id":18886,"href":"https:\/\/www.halifax-consulting.com\/en\/wp-json\/wp\/v2\/pages\/2737\/revisions\/18886"}],"up":[{"embeddable":true,"href":"https:\/\/www.halifax-consulting.com\/en\/wp-json\/wp\/v2\/pages\/2734"}],"wp:featuredmedia":[{"embeddable":true,"href":"https:\/\/www.halifax-consulting.com\/en\/wp-json\/wp\/v2\/media\/2775"}],"wp:attachment":[{"href":"https:\/\/www.halifax-consulting.com\/en\/wp-json\/wp\/v2\/media?parent=2737"}],"wp:term":[{"taxonomy":"category","embeddable":true,"href":"https:\/\/www.halifax-consulting.com\/en\/wp-json\/wp\/v2\/categories?post=2737"}],"curies":[{"name":"wp","href":"https:\/\/api.w.org\/{rel}","templated":true}]}}