{"id":2783,"date":"2023-02-13T14:41:34","date_gmt":"2023-02-13T13:41:34","guid":{"rendered":"https:\/\/www.halifax-consulting.com\/en\/?page_id=2783"},"modified":"2025-05-14T14:45:29","modified_gmt":"2025-05-14T12:45:29","slug":"certified-high-quality-trainings","status":"publish","type":"page","link":"https:\/\/www.halifax-consulting.com\/en\/training\/certified-high-quality-trainings\/","title":{"rendered":"Certified, high-quality trainings"},"content":{"rendered":"<div class=\"container\">\n\t<div class=\"row\">\n\t\t<div class=\"col-lg-12 col-md-12 col-sm-12\">\n\t\t\t<h2 class=\"intro\">\n\t\t\t\t<strong class=\"intro-h2 d-block\">A Certification? What for?<\/strong>\n\t\t\t\t<p style=\"text-align: justify\">Sales training is seen as the poor relation of higher education, both in Europe and around the world. Yet the field is increasingly complex and requires ever-greater sales expertise. People with a technical background whose skills are key to business development; product sales personnel keen to sell more complex solutions or move into key account management; young graduates aiming to pursue a career in marketing and management with a focus on sales specialization&hellip; All of these situations require longer courses adapted to specific needs. For this purpose, Halifax Consulting has developed partnerships with Business Schools for tailor-made certification and\/or diploma programs.<\/p>\t\t\t<\/h2>\n\t\t<\/div>\n\t<\/div>\n<\/div>\n\n\n<section class=\"light block-benefits-4 py-6\">\n\t<div class=\"container\">\n\t\t<div class=\"row\">\n\t\t\t<div class=\"col-lg-12 col-md-12 col-sm-12\">\n\t\t\t\t<h2 class=\"text-center\">\n\t\t\t\t\tThe advantages of our certification trainings\t\t\t\t\t<span class=\"h2-subtitle\"><\/span>\n\t\t\t\t\t\n\t\t\t\t\t\n\t\t\t\t<\/h2>\n\t\t\t<\/div>\n\t\t<\/div>\n\t\t<div class=\"row\">\n\t\t\t\t\n\t\t\t\t\t\n\t\t\t\t\t<div class=\"col-lg-6 col-md-6 col-sm-12 mb-4\">\n\t\t\t\t\t\t<div class=\"row\">\n\t\t\t\t\t\t\t<div class=\"col-lg-2 col-sm-3 col-sm-12\">\n\t\t\t\t\t\t\t\t<img decoding=\"async\" class=\"fadeIn\" src=\"https:\/\/www.halifax-consulting.com\/en\/wp-content\/themes\/halifax\/library\/img\/halifax-consulting-benefits-icon.svg\" alt=\"icone benefices\" width=\"100%\" \/>\n\t\t\t\t\t\t\t<\/div>\n\t\t\t\t\t\t\t<div class=\"col-lg-10 col-sm-9 col-sm-12 fadeIn\">\n\t\t\t\t\t\t\t\t<h3 class=\"benef-title\">The best of both worlds<\/h3>\n\t\t\t\t\t\t\t\t<p class=\"benef-content\">We draw on over 10 years of relations with the top business schools in Europe to provide work-study programs tailored to your specific requirements.<br>\n\t\t\t\t\t\t\t\t\t\t\t\t\t\t\t\t\t<\/p>\n\t\t\t\t\t\t\t<\/div>\n\t\t\t\t\t\t<\/div>\n\t\t\t\t\t<\/div>\n\t\t\t\t\t\n\t\t\t\t\t\t\n\t\t\t\t\t\n\t\t\t\t\t<div class=\"col-lg-6 col-md-6 col-sm-12 mb-4\">\n\t\t\t\t\t\t<div class=\"row\">\n\t\t\t\t\t\t\t<div class=\"col-lg-2 col-sm-3 col-sm-12\">\n\t\t\t\t\t\t\t\t<img decoding=\"async\" class=\"fadeIn\" src=\"https:\/\/www.halifax-consulting.com\/en\/wp-content\/themes\/halifax\/library\/img\/halifax-consulting-benefits-icon.svg\" alt=\"icone benefices\" width=\"100%\" \/>\n\t\t\t\t\t\t\t<\/div>\n\t\t\t\t\t\t\t<div class=\"col-lg-10 col-sm-9 col-sm-12 fadeIn\">\n\t\t\t\t\t\t\t\t<h3 class=\"benef-title\">A selection of shorter courses delivering certification<\/h3>\n\t\t\t\t\t\t\t\t<p class=\"benef-content\">We can help you find shorter courses ranging from around 50 to 300 hours a year to suit your availability and life commitments.<br>\n\t\t\t\t\t\t\t\t\t\t\t\t\t\t\t\t\t<\/p>\n\t\t\t\t\t\t\t<\/div>\n\t\t\t\t\t\t<\/div>\n\t\t\t\t\t<\/div>\n\t\t\t\t\t\n\t\t\t\t\t\t\n\t\t\t\t\t\n\t\t\t\t\t<div class=\"col-lg-6 col-md-6 col-sm-12 mb-4\">\n\t\t\t\t\t\t<div class=\"row\">\n\t\t\t\t\t\t\t<div class=\"col-lg-2 col-sm-3 col-sm-12\">\n\t\t\t\t\t\t\t\t<img decoding=\"async\" class=\"fadeIn\" src=\"https:\/\/www.halifax-consulting.com\/en\/wp-content\/themes\/halifax\/library\/img\/halifax-consulting-benefits-icon.svg\" alt=\"icone benefices\" width=\"100%\" \/>\n\t\t\t\t\t\t\t<\/div>\n\t\t\t\t\t\t\t<div class=\"col-lg-10 col-sm-9 col-sm-12 fadeIn\">\n\t\t\t\t\t\t\t\t<h3 class=\"benef-title\">Flexibility<\/h3>\n\t\t\t\t\t\t\t\t<p class=\"benef-content\">Our instructive online coaching and learning solutions will let you combine classroom and workplace sessions to get the best results.<br>\n\t\t\t\t\t\t\t\t\t\t\t\t\t\t\t\t\t<\/p>\n\t\t\t\t\t\t\t<\/div>\n\t\t\t\t\t\t<\/div>\n\t\t\t\t\t<\/div>\n\t\t\t\t\t\n\t\t\t\t\t\t\n\t\t\t\t\t\n\t\t\t\t\t<div class=\"col-lg-6 col-md-6 col-sm-12 mb-4\">\n\t\t\t\t\t\t<div class=\"row\">\n\t\t\t\t\t\t\t<div class=\"col-lg-2 col-sm-3 col-sm-12\">\n\t\t\t\t\t\t\t\t<img decoding=\"async\" class=\"fadeIn\" src=\"https:\/\/www.halifax-consulting.com\/en\/wp-content\/themes\/halifax\/library\/img\/halifax-consulting-benefits-icon.svg\" alt=\"icone benefices\" width=\"100%\" \/>\n\t\t\t\t\t\t\t<\/div>\n\t\t\t\t\t\t\t<div class=\"col-lg-10 col-sm-9 col-sm-12 fadeIn\">\n\t\t\t\t\t\t\t\t<h3 class=\"benef-title\">Accreditation of prior learning<\/h3>\n\t\t\t\t\t\t\t\t<p class=\"benef-content\">If you wish to use accreditation of prior learning towards your course, we will help you compile your capabilities, drawing on our professional sales experience to help you clarify the sales skills you have already acquired.<br>\n\t\t\t\t\t\t\t\t\t\t\t\t\t\t\t\t\t<\/p>\n\t\t\t\t\t\t\t<\/div>\n\t\t\t\t\t\t<\/div>\n\t\t\t\t\t<\/div>\n\t\t\t\t\t\n\t\t\t\t\t\t\t\t\n\t\t<\/div>\n\t<\/div>\n<\/section>\n\n<section class=\"white py-6\">\t\n\t<div class=\"container\">\n\t\t<div class=\"row\">\n\t\t\t<div class=\"col-lg-12 col-md-12 col-sm-12\">\n\t\t\t\t<h2 class=\"text-center\">Our education partners<\/h2>\n\t\t\t<\/div>\n\t\t<\/div>\n\t\t<div class=\"row\">\n\t\t\t<div class=\"col-lg-4 col-md-3 col-sm-12\">\n\t\t\t\t<img decoding=\"async\" src=\"https:\/\/www.halifax-consulting.com\/en\/wp-content\/uploads\/sites\/3\/2020\/01\/halifax-consulting-partenaire-enseignement-escp-europe-2.png\" width=\"100%\" alt=\"Logo 1\">\n\t\t\t<\/div>\n\t\t\t<div class=\"col-lg-4 col-md-3 col-sm-12\">\n\t\t\t\t<img decoding=\"async\" src=\"https:\/\/www.halifax-consulting.com\/en\/wp-content\/uploads\/sites\/3\/2020\/01\/halifax-consulting-partenaire-enseignement-neoma-1.png\" width=\"100%\" alt=\"Logo 2\">\n\t\t\t<\/div>\n\t\t\t<div class=\"col-lg-4 col-md-3 col-sm-12\">\n\t\t\t\t<img decoding=\"async\" src=\"https:\/\/www.halifax-consulting.com\/en\/wp-content\/uploads\/sites\/3\/2020\/01\/halifax-consulting-partenaire-enseignement-skema.png\" width=\"100%\" alt=\"Logo 3\">\n\t\t\t<\/div>\n\t\t<\/div>\n\t\t<div class=\"row\">\n\t\t\t<div class=\"col-lg-4 col-md-3 col-sm-12\">\n\t\t\t\t<img decoding=\"async\" src=\"\" width=\"100%\" alt=\"Logo 4\">\n\t\t\t<\/div>\n\t\t\t<div class=\"col-lg-4 col-md-3 col-sm-12\">\n\t\t\t\t<img decoding=\"async\" src=\"\" width=\"100%\" alt=\"Logo 5\">\n\t\t\t<\/div>\n\t\t\t<div class=\"col-lg-4 col-md-3 col-sm-12\">\n\t\t\t\t<img decoding=\"async\" src=\"\" width=\"100%\" alt=\"\">\n\t\t\t<\/div>\n\t\t<\/div>\n\t<\/div>\n<\/section>\n\n\n<section class=\"white py-6\">\n\t\n\t<div class=\"container-fluid\">\n\t\t\n\t\t<div class=\"row\">\n\t\t\n\t\t\t<div class=\"col-lg-6 col-md-6 col-sm-12\">\n\t\t\t\t<!-- Livre blanc -->\n\t\t\t\t<div class=\"card--livre-blanc navy\">\n\t\t\t\t\t\n\t\t\t\t\t<div class=\"row p-0 m-0\">\n\t\t\t\t\t\t\n\t\t\t\t\t\t<div class=\"col-lg-5 col-md-5 col-sm-12 pl-0 pr-0\">\n\t\t\t\t\t\t\t\n\t\t\t\t\t\t\t<figure class=\"img-simple-success\">\n\t\n\t\t\t\t\t\t\t\t<img decoding=\"async\" loading=\"lazy\" src=\"https:\/\/www.halifax-consulting.com\/en\/wp-content\/uploads\/sites\/3\/2023\/01\/halifax-consulting-livre-blanc-kam.png\" alt=\"\" width=\"100%\" height=\"\" >\t\t\t\t\t\t\t\t\n\t\t\t\t\t\t\t<\/figure>\n\t\t\t\t\t\t\t\n\t\t\t\t\t\t<\/div>\n\t\t\t\t\t\t\n\t\t\t\t\t\t<div class=\"col-lg-7 col-md-7 col-sm-12 card--lb-content\">\n\t\t\t\t\t\t\t<small>eBook<\/small>\n\t\t\t\t\t\t\t\n\t\t\t\t\t\t\t\t\t\t\t\t\t\t\n\t\t\t\t\t\t\t\t<h3>Key Account Management<\/h3>\n\t\t\t\t\t\t\t\t\n\t\t\t\t\t\t\t\t\t\t\t\t\t\t\n\t\t\t\t\t\t\t\t\t\t\t\t\t\t\n\t\t\t\t\t\t\t<a href=\"https:\/\/www.halifax-consulting.com\/en\/download?b=kam-176287363\" title=\"Livre blanc Key Account Management\" class=\"btn btn-hx btn-hx-orange\">Download it<\/a>\n\t\t\t\t\t\t<\/div>\n\t\t\t\t\t<\/div>\n\t\t\t\t<\/div>\n\t\t\t\t\n\t\t\t<\/div>\n\t\t\t\n\t\t\t\n\t\t\t\t\t\t\t \n\t\t\t\t\t\t\t\t\t\t\n\t\t\t\t\t\t\t\t\n\t\t\t\n\t\t\t\n\t\t\t\n\t\t\t<div class=\"col-lg-6 col-md-6 col-sm-12\">\n\t\t\t\t<!-- Success story -->\n\t\t\t\t<div class=\"card--livre-blanc\">\n\t\t\t\t\t\n\t\t\t\t\t<div class=\"row p-0 m-0\">\n\t\t\t\t\t\t\n\t\t\t\t\t\t<div class=\"col-lg-5 col-md-5 col-sm-12 pl-0 pr-0\">\n\t\t\t\t\t\t\t\n\t\t\t\t\t\t\t<figure class=\"img-simple-success\">\n\t\n\t\t\t\t\t\t\t\t<img decoding=\"async\" loading=\"lazy\" src=\"https:\/\/www.halifax-consulting.com\/en\/wp-content\/uploads\/sites\/3\/2020\/01\/halifax-consulting-success-story-laboratoire-pharmaceutique.jpg\" alt=\"\" width=\"100%\" height=\"\" >\t\t\t\t\t\t\t\t\n\t\t\t\t\t\t\t<\/figure>\n\t\t\t\t\t\t\t\n\t\t\t\t\t\t<\/div>\n\t\t\t\t\t\t\n\t\t\t\t\t\t<div class=\"col-lg-7 col-md-7 col-sm-12 card--lb-content\">\n\t\t\t\t\t\t\t<small>Success story<\/small>\n\t\t\t\t\t\t\n\t\t\t\t\t\t\t<h3>Halifax Consulting supports Pharmaceutical company<\/h3>\n<!-- \t\t\t\t\t\t\t<p>The company was seeking to revitalise sales by offering a bespoke information service for doctors using digital resources to assist with recommendations.<\/p>\n\t -->\n<!--\n\t\t\t\t\t\t\t<p>\n\t\t\t\t\t\t\t\tD\u00e9couvrez comment Halifax Consulting a accompagn\u00e9 Pharmaceutical company sur le chemin de la r\u00e9ussite\n\t\t\t\t\t\t\t<\/p>\n-->\n\t\t\t\n\t\t\t\t\t\t\t\n\t\t\t\t\t\t\t<a href=\"https:\/\/www.halifax-consulting.com\/en\/success-stories\/a-leading-generic-drug-company\/\" class=\"btn btn-hx btn-hx-orange\" title=\"Read more\">Read more<\/a>\n\t\t\t\t\t\t\n\t\t\t\t\t\t<\/div>\n\t\t\t\t\t\t\n\t\t\t\t\t<\/div>\n\t\t\t\t\t\n\t\t\t\t<\/div>\n\t\t\t\t\n\t\t\t<\/div>\n\t\t\t\t\t\t\t\t\t\n\t\t<\/div>\n\t\t\n\t<\/div>\n\t\n<\/section>","protected":false},"excerpt":{"rendered":"","protected":false},"author":17,"featured_media":2529,"parent":545,"menu_order":25,"comment_status":"closed","ping_status":"closed","template":"","meta":[],"categories":[],"acf":[],"yoast_head":"<!-- This site is optimized with the Yoast SEO plugin v19.9 - https:\/\/yoast.com\/wordpress\/plugins\/seo\/ -->\n<title>Certified, high-quality trainings - Halifax Consulting<\/title>\n<meta name=\"description\" content=\"Halifax Consulting has developed partnerships with Business Schools for tailor-made certification and\/or diploma programs.\" \/>\n<link rel=\"canonical\" href=\"https:\/\/www.halifax-consulting.com\/en\/training\/certified-high-quality-trainings\/\" \/>\n<meta property=\"og:locale\" content=\"en_GB\" \/>\n<meta property=\"og:type\" content=\"article\" \/>\n<meta property=\"og:title\" content=\"Certified, high-quality trainings - Halifax Consulting\" \/>\n<meta property=\"og:description\" content=\"Halifax Consulting has developed partnerships with Business Schools for tailor-made certification and\/or diploma programs.\" \/>\n<meta property=\"og:url\" content=\"https:\/\/www.halifax-consulting.com\/en\/training\/certified-high-quality-trainings\/\" \/>\n<meta property=\"og:site_name\" content=\"Halifax Consulting \u2013\u00a0EN\" \/>\n<meta property=\"article:modified_time\" content=\"2025-05-14T12:45:29+00:00\" \/>\n<meta property=\"og:image\" content=\"https:\/\/www.halifax-consulting.com\/en\/wp-content\/uploads\/sites\/3\/2022\/06\/banniere-watchlist22def.gif\" \/>\n\t<meta property=\"og:image:width\" content=\"2000\" \/>\n\t<meta property=\"og:image:height\" content=\"720\" \/>\n\t<meta property=\"og:image:type\" content=\"image\/gif\" \/>\n<meta name=\"twitter:card\" content=\"summary_large_image\" \/>\n<script type=\"application\/ld+json\" class=\"yoast-schema-graph\">{\"@context\":\"https:\/\/schema.org\",\"@graph\":[{\"@type\":\"WebPage\",\"@id\":\"https:\/\/www.halifax-consulting.com\/en\/training\/certified-high-quality-trainings\/\",\"url\":\"https:\/\/www.halifax-consulting.com\/en\/training\/certified-high-quality-trainings\/\",\"name\":\"Certified, high-quality trainings - Halifax Consulting\",\"isPartOf\":{\"@id\":\"https:\/\/www.halifax-consulting.com\/en\/#website\"},\"datePublished\":\"2023-02-13T13:41:34+00:00\",\"dateModified\":\"2025-05-14T12:45:29+00:00\",\"description\":\"Halifax Consulting has developed partnerships with Business Schools for tailor-made certification and\/or diploma programs.\",\"breadcrumb\":{\"@id\":\"https:\/\/www.halifax-consulting.com\/en\/training\/certified-high-quality-trainings\/#breadcrumb\"},\"inLanguage\":\"en-GB\",\"potentialAction\":[{\"@type\":\"ReadAction\",\"target\":[\"https:\/\/www.halifax-consulting.com\/en\/training\/certified-high-quality-trainings\/\"]}]},{\"@type\":\"BreadcrumbList\",\"@id\":\"https:\/\/www.halifax-consulting.com\/en\/training\/certified-high-quality-trainings\/#breadcrumb\",\"itemListElement\":[{\"@type\":\"ListItem\",\"position\":1,\"name\":\"Accueil\",\"item\":\"https:\/\/www.halifax-consulting.com\/en\/\"},{\"@type\":\"ListItem\",\"position\":2,\"name\":\"Training\",\"item\":\"https:\/\/www.halifax-consulting.com\/en\/training\/\"},{\"@type\":\"ListItem\",\"position\":3,\"name\":\"Certified, high-quality trainings\"}]},{\"@type\":\"WebSite\",\"@id\":\"https:\/\/www.halifax-consulting.com\/en\/#website\",\"url\":\"https:\/\/www.halifax-consulting.com\/en\/\",\"name\":\"Halifax Consulting \u2013\u00a0EN\",\"description\":\"Un site utilisant Les sites de Halifax Consulting\",\"potentialAction\":[{\"@type\":\"SearchAction\",\"target\":{\"@type\":\"EntryPoint\",\"urlTemplate\":\"https:\/\/www.halifax-consulting.com\/en\/?s={search_term_string}\"},\"query-input\":\"required name=search_term_string\"}],\"inLanguage\":\"en-GB\"}]}<\/script>\n<!-- \/ Yoast SEO plugin. -->","yoast_head_json":{"title":"Certified, high-quality trainings - Halifax Consulting","description":"Halifax Consulting has developed partnerships with Business Schools for tailor-made certification and\/or diploma programs.","canonical":"https:\/\/www.halifax-consulting.com\/en\/training\/certified-high-quality-trainings\/","og_locale":"en_GB","og_type":"article","og_title":"Certified, high-quality trainings - Halifax Consulting","og_description":"Halifax Consulting has developed partnerships with Business Schools for tailor-made certification and\/or diploma programs.","og_url":"https:\/\/www.halifax-consulting.com\/en\/training\/certified-high-quality-trainings\/","og_site_name":"Halifax Consulting \u2013\u00a0EN","article_modified_time":"2025-05-14T12:45:29+00:00","og_image":[{"width":2000,"height":720,"url":"https:\/\/www.halifax-consulting.com\/en\/wp-content\/uploads\/sites\/3\/2022\/06\/banniere-watchlist22def.gif","type":"image\/gif"}],"twitter_card":"summary_large_image","schema":{"@context":"https:\/\/schema.org","@graph":[{"@type":"WebPage","@id":"https:\/\/www.halifax-consulting.com\/en\/training\/certified-high-quality-trainings\/","url":"https:\/\/www.halifax-consulting.com\/en\/training\/certified-high-quality-trainings\/","name":"Certified, high-quality trainings - Halifax Consulting","isPartOf":{"@id":"https:\/\/www.halifax-consulting.com\/en\/#website"},"datePublished":"2023-02-13T13:41:34+00:00","dateModified":"2025-05-14T12:45:29+00:00","description":"Halifax Consulting has developed partnerships with Business Schools for tailor-made certification and\/or diploma programs.","breadcrumb":{"@id":"https:\/\/www.halifax-consulting.com\/en\/training\/certified-high-quality-trainings\/#breadcrumb"},"inLanguage":"en-GB","potentialAction":[{"@type":"ReadAction","target":["https:\/\/www.halifax-consulting.com\/en\/training\/certified-high-quality-trainings\/"]}]},{"@type":"BreadcrumbList","@id":"https:\/\/www.halifax-consulting.com\/en\/training\/certified-high-quality-trainings\/#breadcrumb","itemListElement":[{"@type":"ListItem","position":1,"name":"Accueil","item":"https:\/\/www.halifax-consulting.com\/en\/"},{"@type":"ListItem","position":2,"name":"Training","item":"https:\/\/www.halifax-consulting.com\/en\/training\/"},{"@type":"ListItem","position":3,"name":"Certified, high-quality trainings"}]},{"@type":"WebSite","@id":"https:\/\/www.halifax-consulting.com\/en\/#website","url":"https:\/\/www.halifax-consulting.com\/en\/","name":"Halifax Consulting \u2013\u00a0EN","description":"Un site utilisant Les sites de Halifax Consulting","potentialAction":[{"@type":"SearchAction","target":{"@type":"EntryPoint","urlTemplate":"https:\/\/www.halifax-consulting.com\/en\/?s={search_term_string}"},"query-input":"required name=search_term_string"}],"inLanguage":"en-GB"}]}},"_links":{"self":[{"href":"https:\/\/www.halifax-consulting.com\/en\/wp-json\/wp\/v2\/pages\/2783"}],"collection":[{"href":"https:\/\/www.halifax-consulting.com\/en\/wp-json\/wp\/v2\/pages"}],"about":[{"href":"https:\/\/www.halifax-consulting.com\/en\/wp-json\/wp\/v2\/types\/page"}],"author":[{"embeddable":true,"href":"https:\/\/www.halifax-consulting.com\/en\/wp-json\/wp\/v2\/users\/17"}],"replies":[{"embeddable":true,"href":"https:\/\/www.halifax-consulting.com\/en\/wp-json\/wp\/v2\/comments?post=2783"}],"version-history":[{"count":12,"href":"https:\/\/www.halifax-consulting.com\/en\/wp-json\/wp\/v2\/pages\/2783\/revisions"}],"predecessor-version":[{"id":18880,"href":"https:\/\/www.halifax-consulting.com\/en\/wp-json\/wp\/v2\/pages\/2783\/revisions\/18880"}],"up":[{"embeddable":true,"href":"https:\/\/www.halifax-consulting.com\/en\/wp-json\/wp\/v2\/pages\/545"}],"wp:featuredmedia":[{"embeddable":true,"href":"https:\/\/www.halifax-consulting.com\/en\/wp-json\/wp\/v2\/media\/2529"}],"wp:attachment":[{"href":"https:\/\/www.halifax-consulting.com\/en\/wp-json\/wp\/v2\/media?parent=2783"}],"wp:term":[{"taxonomy":"category","embeddable":true,"href":"https:\/\/www.halifax-consulting.com\/en\/wp-json\/wp\/v2\/categories?post=2783"}],"curies":[{"name":"wp","href":"https:\/\/api.w.org\/{rel}","templated":true}]}}