{"id":3206,"date":"2023-05-12T16:45:57","date_gmt":"2023-05-12T14:45:57","guid":{"rendered":"https:\/\/www.halifax-consulting.com\/en\/?page_id=3206"},"modified":"2025-05-14T14:48:02","modified_gmt":"2025-05-14T12:48:02","slug":"sustainable-value-selling","status":"publish","type":"page","link":"https:\/\/www.halifax-consulting.com\/en\/training\/our-other-sales-trainings\/sustainable-value-selling\/","title":{"rendered":"Sustainable Value Selling Training"},"content":{"rendered":"<div class=\"container\">\n\t<div class=\"row\">\n\t\t<div class=\"col-lg-12 col-md-12 col-sm-12\">\n\t\t\t<h2 class=\"intro\">\n\t\t\t\t<strong class=\"intro-h2 d-block\">Many clients invest heavily to link their corporate strategy directly to compliance with ESG criteria. On some of them, legislation even requires companies to act, for example on decarbonization. This creates new opportunities for innovative solutions but sales people are not always well prepared for these new conversations with their clients.<\/strong>\n\t\t\t\t<p>One cannot engage in high-level business conversations about ESG (Environmental, Social and Governance) criteria without a clear understanding of their definition. It is important to understand the history of commitments made, including by most major international accounts, and to know the state of the art of progress. Many companies, particularly French and European, no longer hesitate to indicate their carbon indicators at the same time as the publication of their financial statements. It is therefore important to take into account this new paradigm in its approach to selling solutions.<\/p>\n<p>This program allows you to revisit your sales process: Which new interlocutors to approach and how? Which pitch for sustainable innovation solutions? What questions to ask? How to calculate the value impact of these solutions?<\/p>\t\t\t<\/h2>\n\t\t<\/div>\n\t<\/div>\n<\/div>\n\n\n<section class=\"grey p-6 essentiels\">\t\n\t\n\t<div class=\"container\">\n\t\t\n\t\t<div class=\"row\">\n\t\t\t\n\t\t\t<div class=\"col-lg-7 col-md-7 col-sm-12\">\n\t\t\t\t\n\t\t\t\t\t\t\t\t\t<h3>The objectives<\/h3>\n\t\t\t\t\t<ul>\n<li>Integrate &#8220;Sustainability&#8221; criteria (durability, robustness, compatible environment) into its commercial approach to selling value at the same level as economic and financial demonstrations of performance<\/li>\n<li>Knowing how to create new thoughts and approaches in his client<\/li>\n<li>Know how to identify the client&#8217;s monitoring indicators (KPIs) on ESG criteria<\/li>\n<li>Adopt the right 360&deg; &#8220;business advisor&#8221; posture<\/li>\n<\/ul>\t\t\t\t\t\t\t\t\n\t\t\t\t\t\t\t\t\t<h3>The advantages of the training<\/h3>\n\t\t\t\t\t<p>A balance between individual and group time and practical application (coaching, training, simulation) in short, effective periods.<\/p>\n<p>This course combines an individual awareness of the predispositions to change for a &#8220;Sustainable Value Selling&#8221; approach as well as an appropriation of the techniques and methods necessary for a real situation.<\/p>\t\t\t\t\t\t\t\t\n\t\t\t\t\t\t\t\t\t<h3>Who is this training for?<\/h3>\n\t\t\t\t\t<p>Individual coaching on one&#8217;s own ecological balance sheet thanks to the advanced solution of our partner AtmanCo, followed by a training course in sub-groups punctuated by a real-life situation.<\/p>\n<p>Key account managers, practice managers, senior consultants, development managers, sales managers, and more generally any business developer or sales person who needs to accelerate the sale of sustainable solutions for their customers.<\/p>\n<p>Prerequisite: a mastery of sales techniques and value selling experience<\/p>\t\t\t\t\t\t\t<\/div>\n\t\t\t\n\t\t\t<div class=\"col-lg-1 col-md-1 col-sm-12\">\t\t\t\n\t\t\t<\/div>\n\t\t\t\n\t\t\t<div class=\"col-lg-4 col-md-4 col-sm-12\">\n\t\t\t\n\t\t\t\t<!-- Notation CPF -->\n\t\t\t\t\n\t\t\t\t\n\t\t\t\t<!-- Bouton VOIR LE PROGRAMME -->\n\t\t\t\t\n\t\t\t\t<p class=\"mt-4\">\n\t\t\t\t\t\n\t\t\t\t\t\t\t\t\t\t<!-- true = ouverture lien externe -->\n\t\t\t\t\t<a class=\"btn btn-hx btn-hx-orange d-block\" href=\"https:\/\/forms.zohopublic.com\/andernagroup\/form\/encontact\/formperma\/-3olIl8fJXYkv4805gAXuqUh1IPg5V-TOUg2oCpAqFw\" title=\"Contact us to take this training\" target=\"_blank\">Contact us to take this training<\/a>\n\t\t\t\t\t\n\t\t\t\t\t\t\t\t\t\t\n\t\t\t\t<\/p>\n\t\t\t<\/div>\n\t\t<\/div>\n\t<\/div>\n<\/section>\n\n<!-- MODALE -->\n\n\n\n\n<section class=\"white py-6\">\n\t\n\t<div class=\"container-fluid\">\n\t\t\n\t\t<div class=\"row\">\n\t\t\n\t\t\t<div class=\"col-lg-6 col-md-6 col-sm-12\">\n\t\t\t\t<!-- Livre blanc -->\n\t\t\t\t<div class=\"card--livre-blanc navy\">\n\t\t\t\t\t\n\t\t\t\t\t<div class=\"row p-0 m-0\">\n\t\t\t\t\t\t\n\t\t\t\t\t\t<div class=\"col-lg-5 col-md-5 col-sm-12 pl-0 pr-0\">\n\t\t\t\t\t\t\t\n\t\t\t\t\t\t\t<figure class=\"img-simple-success\">\n\t\n\t\t\t\t\t\t\t\t<img decoding=\"async\" loading=\"lazy\" src=\"https:\/\/www.halifax-consulting.com\/en\/wp-content\/uploads\/sites\/3\/2023\/01\/halifax-consulting-livre-blanc-kam.png\" alt=\"\" width=\"100%\" height=\"\" >\t\t\t\t\t\t\t\t\n\t\t\t\t\t\t\t<\/figure>\n\t\t\t\t\t\t\t\n\t\t\t\t\t\t<\/div>\n\t\t\t\t\t\t\n\t\t\t\t\t\t<div class=\"col-lg-7 col-md-7 col-sm-12 card--lb-content\">\n\t\t\t\t\t\t\t<small>eBook<\/small>\n\t\t\t\t\t\t\t\n\t\t\t\t\t\t\t\t\t\t\t\t\t\t\n\t\t\t\t\t\t\t\t<h3>Key Account Management<\/h3>\n\t\t\t\t\t\t\t\t\n\t\t\t\t\t\t\t\t\t\t\t\t\t\t\n\t\t\t\t\t\t\t\t\t\t\t\t\t\t\n\t\t\t\t\t\t\t<a href=\"https:\/\/www.halifax-consulting.com\/en\/download?b=kam-176287363\" title=\"Livre blanc Key Account Management\" class=\"btn btn-hx btn-hx-orange\">Download it<\/a>\n\t\t\t\t\t\t<\/div>\n\t\t\t\t\t<\/div>\n\t\t\t\t<\/div>\n\t\t\t\t\n\t\t\t<\/div>\n\t\t\t\n\t\t\t\n\t\t\t\t\t\t\t \n\t\t\t\t\t\t\t\t\t\t\n\t\t\t\t\t\t\t\t\n\t\t\t\n\t\t\t\n\t\t\t\n\t\t\t<div class=\"col-lg-6 col-md-6 col-sm-12\">\n\t\t\t\t<!-- Success story -->\n\t\t\t\t<div class=\"card--livre-blanc\">\n\t\t\t\t\t\n\t\t\t\t\t<div class=\"row p-0 m-0\">\n\t\t\t\t\t\t\n\t\t\t\t\t\t<div class=\"col-lg-5 col-md-5 col-sm-12 pl-0 pr-0\">\n\t\t\t\t\t\t\t\n\t\t\t\t\t\t\t<figure class=\"img-simple-success\">\n\t\n\t\t\t\t\t\t\t\t<img decoding=\"async\" loading=\"lazy\" src=\"https:\/\/www.halifax-consulting.com\/en\/wp-content\/uploads\/sites\/3\/2020\/03\/halifax-consulting-success-story-nexans-3.jpg\" alt=\"\" width=\"100%\" height=\"\" >\t\t\t\t\t\t\t\t\n\t\t\t\t\t\t\t<\/figure>\n\t\t\t\t\t\t\t\n\t\t\t\t\t\t<\/div>\n\t\t\t\t\t\t\n\t\t\t\t\t\t<div class=\"col-lg-7 col-md-7 col-sm-12 card--lb-content\">\n\t\t\t\t\t\t\t<small>Success story<\/small>\n\t\t\t\t\t\t\n\t\t\t\t\t\t\t<h3>Halifax Consulting supports Nexans Chili<\/h3>\n<!-- \t\t\t\t\t\t\t<p>Nexans was aiming to take advantage of the lack of players in the Chilean market to quickly boost market penetration for Freetox-Flex cables.<\/p>\n\t -->\n<!--\n\t\t\t\t\t\t\t<p>\n\t\t\t\t\t\t\t\tD\u00e9couvrez comment Halifax Consulting a accompagn\u00e9 Nexans Chili sur le chemin de la r\u00e9ussite\n\t\t\t\t\t\t\t<\/p>\n-->\n\t\t\t\n\t\t\t\t\t\t\t\n\t\t\t\t\t\t\t<a href=\"https:\/\/www.halifax-consulting.com\/en\/success-stories\/nexans-chili\/\" class=\"btn btn-hx btn-hx-orange\" title=\"Read more\">Read more<\/a>\n\t\t\t\t\t\t\n\t\t\t\t\t\t<\/div>\n\t\t\t\t\t\t\n\t\t\t\t\t<\/div>\n\t\t\t\t\t\n\t\t\t\t<\/div>\n\t\t\t\t\n\t\t\t<\/div>\n\t\t\t\t\t\t\t\t\t\n\t\t<\/div>\n\t\t\n\t<\/div>\n\t\n<\/section>","protected":false},"excerpt":{"rendered":"","protected":false},"author":17,"featured_media":3178,"parent":2734,"menu_order":0,"comment_status":"closed","ping_status":"closed","template":"","meta":[],"categories":[],"acf":[],"yoast_head":"<!-- This site is optimized with the Yoast SEO plugin v19.9 - https:\/\/yoast.com\/wordpress\/plugins\/seo\/ -->\n<title>Sustainable Value Selling Training - Halifax Consulting<\/title>\n<meta name=\"description\" content=\"Many companies, particularly French and European, no longer hesitate to indicate their carbon indicators...\" \/>\n<link rel=\"canonical\" href=\"https:\/\/www.halifax-consulting.com\/en\/training\/our-other-sales-trainings\/sustainable-value-selling\/\" \/>\n<meta property=\"og:locale\" content=\"en_GB\" \/>\n<meta property=\"og:type\" content=\"article\" \/>\n<meta property=\"og:title\" content=\"Sustainable Value Selling Training - Halifax Consulting\" \/>\n<meta property=\"og:description\" content=\"Many companies, particularly French and European, no longer hesitate to indicate their carbon indicators...\" \/>\n<meta property=\"og:url\" content=\"https:\/\/www.halifax-consulting.com\/en\/training\/our-other-sales-trainings\/sustainable-value-selling\/\" \/>\n<meta property=\"og:site_name\" content=\"Halifax Consulting \u2013\u00a0EN\" \/>\n<meta property=\"article:modified_time\" content=\"2025-05-14T12:48:02+00:00\" \/>\n<meta property=\"og:image\" content=\"https:\/\/www.halifax-consulting.com\/en\/wp-content\/uploads\/sites\/3\/2023\/04\/formation-emprunte-carbone.jpg\" \/>\n\t<meta property=\"og:image:width\" content=\"2048\" \/>\n\t<meta property=\"og:image:height\" content=\"878\" \/>\n\t<meta property=\"og:image:type\" content=\"image\/jpeg\" \/>\n<meta name=\"twitter:card\" content=\"summary_large_image\" \/>\n<script type=\"application\/ld+json\" class=\"yoast-schema-graph\">{\"@context\":\"https:\/\/schema.org\",\"@graph\":[{\"@type\":\"WebPage\",\"@id\":\"https:\/\/www.halifax-consulting.com\/en\/training\/our-other-sales-trainings\/sustainable-value-selling\/\",\"url\":\"https:\/\/www.halifax-consulting.com\/en\/training\/our-other-sales-trainings\/sustainable-value-selling\/\",\"name\":\"Sustainable Value Selling Training - Halifax Consulting\",\"isPartOf\":{\"@id\":\"https:\/\/www.halifax-consulting.com\/en\/#website\"},\"datePublished\":\"2023-05-12T14:45:57+00:00\",\"dateModified\":\"2025-05-14T12:48:02+00:00\",\"description\":\"Many companies, particularly French and European, no longer hesitate to indicate their carbon indicators...\",\"breadcrumb\":{\"@id\":\"https:\/\/www.halifax-consulting.com\/en\/training\/our-other-sales-trainings\/sustainable-value-selling\/#breadcrumb\"},\"inLanguage\":\"en-GB\",\"potentialAction\":[{\"@type\":\"ReadAction\",\"target\":[\"https:\/\/www.halifax-consulting.com\/en\/training\/our-other-sales-trainings\/sustainable-value-selling\/\"]}]},{\"@type\":\"BreadcrumbList\",\"@id\":\"https:\/\/www.halifax-consulting.com\/en\/training\/our-other-sales-trainings\/sustainable-value-selling\/#breadcrumb\",\"itemListElement\":[{\"@type\":\"ListItem\",\"position\":1,\"name\":\"Accueil\",\"item\":\"https:\/\/www.halifax-consulting.com\/en\/\"},{\"@type\":\"ListItem\",\"position\":2,\"name\":\"Training\",\"item\":\"https:\/\/www.halifax-consulting.com\/en\/training\/\"},{\"@type\":\"ListItem\",\"position\":3,\"name\":\"Our other sales trainings\",\"item\":\"https:\/\/www.halifax-consulting.com\/en\/training\/our-other-sales-trainings\/\"},{\"@type\":\"ListItem\",\"position\":4,\"name\":\"Sustainable Value Selling Training\"}]},{\"@type\":\"WebSite\",\"@id\":\"https:\/\/www.halifax-consulting.com\/en\/#website\",\"url\":\"https:\/\/www.halifax-consulting.com\/en\/\",\"name\":\"Halifax Consulting \u2013\u00a0EN\",\"description\":\"Un site utilisant Les sites de Halifax Consulting\",\"potentialAction\":[{\"@type\":\"SearchAction\",\"target\":{\"@type\":\"EntryPoint\",\"urlTemplate\":\"https:\/\/www.halifax-consulting.com\/en\/?s={search_term_string}\"},\"query-input\":\"required name=search_term_string\"}],\"inLanguage\":\"en-GB\"}]}<\/script>\n<!-- \/ Yoast SEO plugin. -->","yoast_head_json":{"title":"Sustainable Value Selling Training - Halifax Consulting","description":"Many companies, particularly French and European, no longer hesitate to indicate their carbon indicators...","canonical":"https:\/\/www.halifax-consulting.com\/en\/training\/our-other-sales-trainings\/sustainable-value-selling\/","og_locale":"en_GB","og_type":"article","og_title":"Sustainable Value Selling Training - Halifax Consulting","og_description":"Many companies, particularly French and European, no longer hesitate to indicate their carbon indicators...","og_url":"https:\/\/www.halifax-consulting.com\/en\/training\/our-other-sales-trainings\/sustainable-value-selling\/","og_site_name":"Halifax Consulting \u2013\u00a0EN","article_modified_time":"2025-05-14T12:48:02+00:00","og_image":[{"width":2048,"height":878,"url":"https:\/\/www.halifax-consulting.com\/en\/wp-content\/uploads\/sites\/3\/2023\/04\/formation-emprunte-carbone.jpg","type":"image\/jpeg"}],"twitter_card":"summary_large_image","schema":{"@context":"https:\/\/schema.org","@graph":[{"@type":"WebPage","@id":"https:\/\/www.halifax-consulting.com\/en\/training\/our-other-sales-trainings\/sustainable-value-selling\/","url":"https:\/\/www.halifax-consulting.com\/en\/training\/our-other-sales-trainings\/sustainable-value-selling\/","name":"Sustainable Value Selling Training - Halifax Consulting","isPartOf":{"@id":"https:\/\/www.halifax-consulting.com\/en\/#website"},"datePublished":"2023-05-12T14:45:57+00:00","dateModified":"2025-05-14T12:48:02+00:00","description":"Many companies, particularly French and European, no longer hesitate to indicate their carbon indicators...","breadcrumb":{"@id":"https:\/\/www.halifax-consulting.com\/en\/training\/our-other-sales-trainings\/sustainable-value-selling\/#breadcrumb"},"inLanguage":"en-GB","potentialAction":[{"@type":"ReadAction","target":["https:\/\/www.halifax-consulting.com\/en\/training\/our-other-sales-trainings\/sustainable-value-selling\/"]}]},{"@type":"BreadcrumbList","@id":"https:\/\/www.halifax-consulting.com\/en\/training\/our-other-sales-trainings\/sustainable-value-selling\/#breadcrumb","itemListElement":[{"@type":"ListItem","position":1,"name":"Accueil","item":"https:\/\/www.halifax-consulting.com\/en\/"},{"@type":"ListItem","position":2,"name":"Training","item":"https:\/\/www.halifax-consulting.com\/en\/training\/"},{"@type":"ListItem","position":3,"name":"Our other sales trainings","item":"https:\/\/www.halifax-consulting.com\/en\/training\/our-other-sales-trainings\/"},{"@type":"ListItem","position":4,"name":"Sustainable Value Selling Training"}]},{"@type":"WebSite","@id":"https:\/\/www.halifax-consulting.com\/en\/#website","url":"https:\/\/www.halifax-consulting.com\/en\/","name":"Halifax Consulting \u2013\u00a0EN","description":"Un site utilisant Les sites de Halifax Consulting","potentialAction":[{"@type":"SearchAction","target":{"@type":"EntryPoint","urlTemplate":"https:\/\/www.halifax-consulting.com\/en\/?s={search_term_string}"},"query-input":"required name=search_term_string"}],"inLanguage":"en-GB"}]}},"_links":{"self":[{"href":"https:\/\/www.halifax-consulting.com\/en\/wp-json\/wp\/v2\/pages\/3206"}],"collection":[{"href":"https:\/\/www.halifax-consulting.com\/en\/wp-json\/wp\/v2\/pages"}],"about":[{"href":"https:\/\/www.halifax-consulting.com\/en\/wp-json\/wp\/v2\/types\/page"}],"author":[{"embeddable":true,"href":"https:\/\/www.halifax-consulting.com\/en\/wp-json\/wp\/v2\/users\/17"}],"replies":[{"embeddable":true,"href":"https:\/\/www.halifax-consulting.com\/en\/wp-json\/wp\/v2\/comments?post=3206"}],"version-history":[{"count":5,"href":"https:\/\/www.halifax-consulting.com\/en\/wp-json\/wp\/v2\/pages\/3206\/revisions"}],"predecessor-version":[{"id":18887,"href":"https:\/\/www.halifax-consulting.com\/en\/wp-json\/wp\/v2\/pages\/3206\/revisions\/18887"}],"up":[{"embeddable":true,"href":"https:\/\/www.halifax-consulting.com\/en\/wp-json\/wp\/v2\/pages\/2734"}],"wp:featuredmedia":[{"embeddable":true,"href":"https:\/\/www.halifax-consulting.com\/en\/wp-json\/wp\/v2\/media\/3178"}],"wp:attachment":[{"href":"https:\/\/www.halifax-consulting.com\/en\/wp-json\/wp\/v2\/media?parent=3206"}],"wp:term":[{"taxonomy":"category","embeddable":true,"href":"https:\/\/www.halifax-consulting.com\/en\/wp-json\/wp\/v2\/categories?post=3206"}],"curies":[{"name":"wp","href":"https:\/\/api.w.org\/{rel}","templated":true}]}}