{"id":3376,"date":"2024-04-15T15:54:30","date_gmt":"2024-04-15T13:54:30","guid":{"rendered":"https:\/\/www.halifax-consulting.com\/en\/?page_id=3376"},"modified":"2024-04-15T16:38:52","modified_gmt":"2024-04-15T14:38:52","slug":"ai-lifax","status":"publish","type":"page","link":"https:\/\/www.halifax-consulting.com\/en\/digital-learning\/ai-lifax\/","title":{"rendered":"AI-lifax"},"content":{"rendered":"<div class=\"container\">\n\t<div class=\"row\">\n\t\t<div class=\"col-lg-12 col-md-12 col-sm-12\">\n\t\t\t<h2 class=\"intro\">\n\t\t\t\t<strong class=\"intro-h2 d-block\">What is AI-LIFAX?<\/strong>\n\t\t\t\t<p>AI LIFAX is a new integration of AI into our learning platform, a super assistant while you learn and improve your sales performance.<\/p>\n<ul>\n<li>You want to prepare an appointment: give it the context, the type of customer, its activity, the type of contact you&#8217;ve met&#8230; and ask it to advise you on the best way to approach the customer!<\/li>\n<li>You&#8217;d like to practice a sequence of the sales act: improve your pitch, ask the right questions, respond to objections, defend your price&#8230; do your training with AI, who will respond to you as if in a customer dialogue, and give you feedback at the end.<\/li>\n<li>And of course, if you&#8217;d like to remember any good sales and negotiation practices or methods, just ask!<\/li>\n<\/ul>\t\t\t<\/h2>\n\t\t<\/div>\n\t<\/div>\n<\/div>\n\n\n<section class=\"navy py-6\">\n\t<div class=\"container\">\n\t\t<div class=\"row\">\n\t\t\t<div class=\"col-lg-12 col-md-12 col-sm-12\">\n\t\t\t\t<h2 class=\"text-center\">AI-lifax<\/h2>\n\t\t\t<\/div>\n\t\t<\/div>\n\t\t\n\t\t<div class=\"row\">\n\t\t\t<div class=\"col-lg-12 col-md-12 col-sm-12\">\n\t\t\t\t<p>\n\t\t\t\t\t<h6>A closed generative engine that safely guides your sales staff into the world of AI while improving their presence and effectiveness in front of customers.<\/h6>\n<h6>Thanks to :<\/h6>\n<ul>\n<li>Closed AI environment for intellectual property and confidentiality benefits<\/li>\n<li>World-class sales effectiveness concepts from Halifax Consulting<\/li>\n<li>AI training by sales coaches specialized in improving sales performance<\/li>\n<\/ul>\t\t\t\t<\/p>\n\t\t\t\t\n\t\t\t<\/div>\n\n\t\t<\/div>\n\t<\/div>\n\t<\/section>\n\n<section class=\"light block-benefits-4 py-6\">\n\t<div class=\"container\">\n\t\t<div class=\"row\">\n\t\t\t<div class=\"col-lg-12 col-md-12 col-sm-12\">\n\t\t\t\t<h2 class=\"text-center\">\n\t\t\t\t\tThe benefits\t\t\t\t\t<span class=\"h2-subtitle\"><\/span>\n\t\t\t\t\t\n\t\t\t\t\t\n\t\t\t\t<\/h2>\n\t\t\t<\/div>\n\t\t<\/div>\n\t\t<div class=\"row\">\n\t\t\t\t\n\t\t\t\t\t\n\t\t\t\t\t<div class=\"col-lg-6 col-md-6 col-sm-12 mb-4\">\n\t\t\t\t\t\t<div class=\"row\">\n\t\t\t\t\t\t\t<div class=\"col-lg-2 col-sm-3 col-sm-12\">\n\t\t\t\t\t\t\t\t<img decoding=\"async\" class=\"fadeIn\" src=\"https:\/\/www.halifax-consulting.com\/en\/wp-content\/themes\/halifax\/library\/img\/halifax-consulting-benefits-icon.svg\" alt=\"icone benefices\" width=\"100%\" \/>\n\t\t\t\t\t\t\t<\/div>\n\t\t\t\t\t\t\t<div class=\"col-lg-10 col-sm-9 col-sm-12 fadeIn\">\n\t\t\t\t\t\t\t\t<h3 class=\"benef-title\">Available 24\/7<\/h3>\n\t\t\t\t\t\t\t\t<p class=\"benef-content\"><br>\n\t\t\t\t\t\t\t\t\t\t\t\t\t\t\t\t\t<\/p>\n\t\t\t\t\t\t\t<\/div>\n\t\t\t\t\t\t<\/div>\n\t\t\t\t\t<\/div>\n\t\t\t\t\t\n\t\t\t\t\t\t\n\t\t\t\t\t\n\t\t\t\t\t<div class=\"col-lg-6 col-md-6 col-sm-12 mb-4\">\n\t\t\t\t\t\t<div class=\"row\">\n\t\t\t\t\t\t\t<div class=\"col-lg-2 col-sm-3 col-sm-12\">\n\t\t\t\t\t\t\t\t<img decoding=\"async\" class=\"fadeIn\" src=\"https:\/\/www.halifax-consulting.com\/en\/wp-content\/themes\/halifax\/library\/img\/halifax-consulting-benefits-icon.svg\" alt=\"icone benefices\" width=\"100%\" \/>\n\t\t\t\t\t\t\t<\/div>\n\t\t\t\t\t\t\t<div class=\"col-lg-10 col-sm-9 col-sm-12 fadeIn\">\n\t\t\t\t\t\t\t\t<h3 class=\"benef-title\">Precise and reliable<\/h3>\n\t\t\t\t\t\t\t\t<p class=\"benef-content\">Response based on Halifax Consulting documentation and reference &#8211; the DEAL Method\u00ae and the LEAD Method\u00ae<br>\n\t\t\t\t\t\t\t\t\t\t\t\t\t\t\t\t\t<\/p>\n\t\t\t\t\t\t\t<\/div>\n\t\t\t\t\t\t<\/div>\n\t\t\t\t\t<\/div>\n\t\t\t\t\t\n\t\t\t\t\t\t\n\t\t\t\t\t\n\t\t\t\t\t<div class=\"col-lg-6 col-md-6 col-sm-12 mb-4\">\n\t\t\t\t\t\t<div class=\"row\">\n\t\t\t\t\t\t\t<div class=\"col-lg-2 col-sm-3 col-sm-12\">\n\t\t\t\t\t\t\t\t<img decoding=\"async\" class=\"fadeIn\" src=\"https:\/\/www.halifax-consulting.com\/en\/wp-content\/themes\/halifax\/library\/img\/halifax-consulting-benefits-icon.svg\" alt=\"icone benefices\" width=\"100%\" \/>\n\t\t\t\t\t\t\t<\/div>\n\t\t\t\t\t\t\t<div class=\"col-lg-10 col-sm-9 col-sm-12 fadeIn\">\n\t\t\t\t\t\t\t\t<h3 class=\"benef-title\">In all languages<\/h3>\n\t\t\t\t\t\t\t\t<p class=\"benef-content\">Instantly translated into your preferred language<br>\n\t\t\t\t\t\t\t\t\t\t\t\t\t\t\t\t\t<\/p>\n\t\t\t\t\t\t\t<\/div>\n\t\t\t\t\t\t<\/div>\n\t\t\t\t\t<\/div>\n\t\t\t\t\t\n\t\t\t\t\t\t\n\t\t\t\t\t\n\t\t\t\t\t<div class=\"col-lg-6 col-md-6 col-sm-12 mb-4\">\n\t\t\t\t\t\t<div class=\"row\">\n\t\t\t\t\t\t\t<div class=\"col-lg-2 col-sm-3 col-sm-12\">\n\t\t\t\t\t\t\t\t<img decoding=\"async\" class=\"fadeIn\" src=\"https:\/\/www.halifax-consulting.com\/en\/wp-content\/themes\/halifax\/library\/img\/halifax-consulting-benefits-icon.svg\" alt=\"icone benefices\" width=\"100%\" \/>\n\t\t\t\t\t\t\t<\/div>\n\t\t\t\t\t\t\t<div class=\"col-lg-10 col-sm-9 col-sm-12 fadeIn\">\n\t\t\t\t\t\t\t\t<h3 class=\"benef-title\">Personalized coaching<\/h3>\n\t\t\t\t\t\t\t\t<p class=\"benef-content\">Assistant but also coach, with several challenges to help you progress.<br>\n\t\t\t\t\t\t\t\t\t\t\t\t\t\t\t\t\t<\/p>\n\t\t\t\t\t\t\t<\/div>\n\t\t\t\t\t\t<\/div>\n\t\t\t\t\t<\/div>\n\t\t\t\t\t\n\t\t\t\t\t\t\t\t\n\t\t<\/div>\n\t<\/div>\n<\/section>\n\n\n<section class=\"navy cartes py-6\">\n\t\n\t<div class=\"container\">\n\t\n\t\t\n\t<div class=\"row\">\n\t\t\n\t\t<div class=\"col-lg-12 col-md-12 col-sm-12\">\n\t\t\t\n\t\t\t<h2 class=\"text-center\">\n\t\t\t\t\n\t\t\t\tOur support in AI\t\n\t\t\t<\/h2>\n\t\t\t\n\t\t<\/div>\n\t\t\n\t<\/div>\n\t\n\t\t\n\t<div class=\"row\">\n\t\t\t\t\t\n\t\t\t\t\t\t\t\n\t\t\t\t\t\t\t\t\n\t\t\t\t\t\t\t\n\t\t\t\t<div class=\"col-lg-6 col-md-6 col-sm-12\">\n\t\t\t\t\t\n\t\t\t\t\t<div class=\"carte h-100\">\n\t\t\t\t\t\t\n\t\t\t\t\t\t<h3 class=\"pb-1 carte__h3\">AI &amp; Sales Training <\/h3>\n\t\t\t\t\t\t<div class=\"carte__content\">\n\t\t\t\t\t\t\t<p>From novice to expert, learn AI from AI with our training!<\/p>\t\t\t\t\t\t<\/div>\n\t\t\t\t\t\t\n\t\t\t\t\t\t\t\t\t\t\t\t\n\t\t\t\t\t\t\t<a  class=\"stretched-link\" href=\"https:\/\/www.halifax-consulting.com\/en\/ai-sales\/\">Learn more <i data-feather=\"arrow-right\"><\/i><\/a>\n\t\t\t\t\t\t\t\n\t\t\t\t\t\n\t\t\t\t\t\t\t\t\t\t\t\t\n\t\t\t\t\t<\/div>\n\t\t\t\t\t\n\t\t\t\t<\/div>\n\t\t\t\t\n\t\t\t\t\t\t\t\n\t\t\t\t\t\t\t\t\n\t\t\t\t\t\t\t\n\t\t\t\t<div class=\"col-lg-6 col-md-6 col-sm-12\">\n\t\t\t\t\t\n\t\t\t\t\t<div class=\"carte h-100\">\n\t\t\t\t\t\t\n\t\t\t\t\t\t<h3 class=\"pb-1 carte__h3\">Sales organization consulting and AI in Sales <\/h3>\n\t\t\t\t\t\t<div class=\"carte__content\">\n\t\t\t\t\t\t\t<p>Support your company&#8217;s digital transformation with AI!<\/p>\t\t\t\t\t\t<\/div>\n\t\t\t\t\t\t\n\t\t\t\t\t\t\t\t\t\t\t\t\n\t\t\t\t\t\t\t<a  class=\"stretched-link\" href=\"https:\/\/www.halifax-consulting.com\/en\/optimizing-sales-performance\/\">Learn more <i data-feather=\"arrow-right\"><\/i><\/a>\n\t\t\t\t\t\t\t\n\t\t\t\t\t\n\t\t\t\t\t\t\t\t\t\t\t\t\n\t\t\t\t\t<\/div>\n\t\t\t\t\t\n\t\t\t\t<\/div>\n\t\t\t\t\n\t\t\t\t\n\t\t\t\n\t\t\t\t\n\t\t\t\t\n\t<\/div>\n\t\n<\/section>\n\n\n\n\n<section class=\"white py-6\">\n\t\n\t<div class=\"container-fluid\">\n\t\t\n\t\t<div class=\"row\">\n\t\t\n\t\t\t<div class=\"col-lg-6 col-md-6 col-sm-12\">\n\t\t\t\t<!-- Livre blanc -->\n\t\t\t\t<div class=\"card--livre-blanc navy\">\n\t\t\t\t\t\n\t\t\t\t\t<div class=\"row p-0 m-0\">\n\t\t\t\t\t\t\n\t\t\t\t\t\t<div class=\"col-lg-5 col-md-5 col-sm-12 pl-0 pr-0\">\n\t\t\t\t\t\t\t\n\t\t\t\t\t\t\t<figure class=\"img-simple-success\">\n\t\n\t\t\t\t\t\t\t\t<img decoding=\"async\" loading=\"lazy\" src=\"https:\/\/www.halifax-consulting.com\/en\/wp-content\/uploads\/sites\/3\/2024\/04\/Brouillon-Test-1.png\" alt=\"\" width=\"100%\" height=\"\" >\t\t\t\t\t\t\t\t\n\t\t\t\t\t\t\t<\/figure>\n\t\t\t\t\t\t\t\n\t\t\t\t\t\t<\/div>\n\t\t\t\t\t\t\n\t\t\t\t\t\t<div class=\"col-lg-7 col-md-7 col-sm-12 card--lb-content\">\n\t\t\t\t\t\t\t<small>eBook<\/small>\n\t\t\t\t\t\t\t\n\t\t\t\t\t\t\t\t\t\t\t\t\t\t\n\t\t\t\t\t\t\t\t<h3>AI &amp; Sales Survey<\/h3>\n\t\t\t\t\t\t\t\t\n\t\t\t\t\t\t\t\t\t\t\t\t\t\t\n\t\t\t\t\t\t\t\t\t\t\t\t\t\t\n\t\t\t\t\t\t\t<a href=\"https:\/\/www.halifax-consulting.com\/en\/download?b=ai-1193883\" title=\"Livre blanc AI &amp; Sales Survey\" class=\"btn btn-hx btn-hx-orange\">Download it<\/a>\n\t\t\t\t\t\t<\/div>\n\t\t\t\t\t<\/div>\n\t\t\t\t<\/div>\n\t\t\t\t\n\t\t\t<\/div>\n\t\t\t\n\t\t\t\n\t\t\t\t\t\t\t \n\t\t\t\t\t\t\t\t\t\t\n\t\t\t\t\t\t\t\t\n\t\t\t\n\t\t\t\n\t\t\t\n\t\t\t<div class=\"col-lg-6 col-md-6 col-sm-12\">\n\t\t\t\t<!-- Success story -->\n\t\t\t\t<div class=\"card--livre-blanc\">\n\t\t\t\t\t\n\t\t\t\t\t<div class=\"row p-0 m-0\">\n\t\t\t\t\t\t\n\t\t\t\t\t\t<div class=\"col-lg-5 col-md-5 col-sm-12 pl-0 pr-0\">\n\t\t\t\t\t\t\t\n\t\t\t\t\t\t\t<figure class=\"img-simple-success\">\n\t\n\t\t\t\t\t\t\t\t<img decoding=\"async\" loading=\"lazy\" src=\"https:\/\/www.halifax-consulting.com\/en\/wp-content\/uploads\/sites\/3\/2021\/07\/halifax-consulting-success-story-BioMerieux.jpg\" alt=\"\" width=\"100%\" height=\"\" >\t\t\t\t\t\t\t\t\n\t\t\t\t\t\t\t<\/figure>\n\t\t\t\t\t\t\t\n\t\t\t\t\t\t<\/div>\n\t\t\t\t\t\t\n\t\t\t\t\t\t<div class=\"col-lg-7 col-md-7 col-sm-12 card--lb-content\">\n\t\t\t\t\t\t\t<small>Success story<\/small>\n\t\t\t\t\t\t\n\t\t\t\t\t\t\t<h3>Halifax Consulting supports BioM\u00e9rieux<\/h3>\n<!-- \t\t\t\t\t\t\t<p>In adapting to the pandemic, the global specialist in medical testing and diagnostics was looking to prepare its sales teams to deal with the new focus on remote selling<\/p>\n\t -->\n<!--\n\t\t\t\t\t\t\t<p>\n\t\t\t\t\t\t\t\tD\u00e9couvrez comment Halifax Consulting a accompagn\u00e9 BioM\u00e9rieux sur le chemin de la r\u00e9ussite\n\t\t\t\t\t\t\t<\/p>\n-->\n\t\t\t\n\t\t\t\t\t\t\t\n\t\t\t\t\t\t\t<a href=\"https:\/\/www.halifax-consulting.com\/en\/success-stories\/biomerieux\/\" class=\"btn btn-hx btn-hx-orange\" title=\"Read more\">Read more<\/a>\n\t\t\t\t\t\t\n\t\t\t\t\t\t<\/div>\n\t\t\t\t\t\t\n\t\t\t\t\t<\/div>\n\t\t\t\t\t\n\t\t\t\t<\/div>\n\t\t\t\t\n\t\t\t<\/div>\n\t\t\t\t\t\t\t\t\t\n\t\t<\/div>\n\t\t\n\t<\/div>\n\t\n<\/section>","protected":false},"excerpt":{"rendered":"","protected":false},"author":17,"featured_media":3377,"parent":549,"menu_order":0,"comment_status":"closed","ping_status":"closed","template":"","meta":[],"categories":[],"acf":[],"yoast_head":"<!-- This site is optimized with the Yoast SEO plugin v19.9 - https:\/\/yoast.com\/wordpress\/plugins\/seo\/ -->\n<title>AI-lifax - Halifax Consulting \u2013\u00a0EN<\/title>\n<link rel=\"canonical\" href=\"https:\/\/www.halifax-consulting.com\/en\/digital-learning\/ai-lifax\/\" \/>\n<meta property=\"og:locale\" content=\"en_GB\" \/>\n<meta property=\"og:type\" content=\"article\" \/>\n<meta property=\"og:title\" content=\"AI-lifax - Halifax Consulting \u2013\u00a0EN\" \/>\n<meta property=\"og:url\" content=\"https:\/\/www.halifax-consulting.com\/en\/digital-learning\/ai-lifax\/\" \/>\n<meta property=\"og:site_name\" content=\"Halifax Consulting \u2013\u00a0EN\" \/>\n<meta property=\"article:modified_time\" content=\"2024-04-15T14:38:52+00:00\" \/>\n<meta property=\"og:image\" content=\"https:\/\/www.halifax-consulting.com\/en\/wp-content\/uploads\/sites\/3\/2024\/04\/Ai-lifax.png\" \/>\n\t<meta property=\"og:image:width\" content=\"2100\" \/>\n\t<meta property=\"og:image:height\" content=\"400\" \/>\n\t<meta property=\"og:image:type\" content=\"image\/png\" \/>\n<meta name=\"twitter:card\" content=\"summary_large_image\" \/>\n<script type=\"application\/ld+json\" class=\"yoast-schema-graph\">{\"@context\":\"https:\/\/schema.org\",\"@graph\":[{\"@type\":\"WebPage\",\"@id\":\"https:\/\/www.halifax-consulting.com\/en\/digital-learning\/ai-lifax\/\",\"url\":\"https:\/\/www.halifax-consulting.com\/en\/digital-learning\/ai-lifax\/\",\"name\":\"AI-lifax - Halifax Consulting \u2013\u00a0EN\",\"isPartOf\":{\"@id\":\"https:\/\/www.halifax-consulting.com\/en\/#website\"},\"datePublished\":\"2024-04-15T13:54:30+00:00\",\"dateModified\":\"2024-04-15T14:38:52+00:00\",\"breadcrumb\":{\"@id\":\"https:\/\/www.halifax-consulting.com\/en\/digital-learning\/ai-lifax\/#breadcrumb\"},\"inLanguage\":\"en-GB\",\"potentialAction\":[{\"@type\":\"ReadAction\",\"target\":[\"https:\/\/www.halifax-consulting.com\/en\/digital-learning\/ai-lifax\/\"]}]},{\"@type\":\"BreadcrumbList\",\"@id\":\"https:\/\/www.halifax-consulting.com\/en\/digital-learning\/ai-lifax\/#breadcrumb\",\"itemListElement\":[{\"@type\":\"ListItem\",\"position\":1,\"name\":\"Accueil\",\"item\":\"https:\/\/www.halifax-consulting.com\/en\/\"},{\"@type\":\"ListItem\",\"position\":2,\"name\":\"Digital &amp; AI\",\"item\":\"https:\/\/www.halifax-consulting.com\/en\/digital-learning\/\"},{\"@type\":\"ListItem\",\"position\":3,\"name\":\"AI-lifax\"}]},{\"@type\":\"WebSite\",\"@id\":\"https:\/\/www.halifax-consulting.com\/en\/#website\",\"url\":\"https:\/\/www.halifax-consulting.com\/en\/\",\"name\":\"Halifax Consulting \u2013\u00a0EN\",\"description\":\"Un site utilisant Les sites de Halifax Consulting\",\"potentialAction\":[{\"@type\":\"SearchAction\",\"target\":{\"@type\":\"EntryPoint\",\"urlTemplate\":\"https:\/\/www.halifax-consulting.com\/en\/?s={search_term_string}\"},\"query-input\":\"required name=search_term_string\"}],\"inLanguage\":\"en-GB\"}]}<\/script>\n<!-- \/ Yoast SEO plugin. -->","yoast_head_json":{"title":"AI-lifax - Halifax Consulting \u2013\u00a0EN","canonical":"https:\/\/www.halifax-consulting.com\/en\/digital-learning\/ai-lifax\/","og_locale":"en_GB","og_type":"article","og_title":"AI-lifax - Halifax Consulting \u2013\u00a0EN","og_url":"https:\/\/www.halifax-consulting.com\/en\/digital-learning\/ai-lifax\/","og_site_name":"Halifax Consulting \u2013\u00a0EN","article_modified_time":"2024-04-15T14:38:52+00:00","og_image":[{"width":2100,"height":400,"url":"https:\/\/www.halifax-consulting.com\/en\/wp-content\/uploads\/sites\/3\/2024\/04\/Ai-lifax.png","type":"image\/png"}],"twitter_card":"summary_large_image","schema":{"@context":"https:\/\/schema.org","@graph":[{"@type":"WebPage","@id":"https:\/\/www.halifax-consulting.com\/en\/digital-learning\/ai-lifax\/","url":"https:\/\/www.halifax-consulting.com\/en\/digital-learning\/ai-lifax\/","name":"AI-lifax - Halifax Consulting \u2013\u00a0EN","isPartOf":{"@id":"https:\/\/www.halifax-consulting.com\/en\/#website"},"datePublished":"2024-04-15T13:54:30+00:00","dateModified":"2024-04-15T14:38:52+00:00","breadcrumb":{"@id":"https:\/\/www.halifax-consulting.com\/en\/digital-learning\/ai-lifax\/#breadcrumb"},"inLanguage":"en-GB","potentialAction":[{"@type":"ReadAction","target":["https:\/\/www.halifax-consulting.com\/en\/digital-learning\/ai-lifax\/"]}]},{"@type":"BreadcrumbList","@id":"https:\/\/www.halifax-consulting.com\/en\/digital-learning\/ai-lifax\/#breadcrumb","itemListElement":[{"@type":"ListItem","position":1,"name":"Accueil","item":"https:\/\/www.halifax-consulting.com\/en\/"},{"@type":"ListItem","position":2,"name":"Digital &amp; AI","item":"https:\/\/www.halifax-consulting.com\/en\/digital-learning\/"},{"@type":"ListItem","position":3,"name":"AI-lifax"}]},{"@type":"WebSite","@id":"https:\/\/www.halifax-consulting.com\/en\/#website","url":"https:\/\/www.halifax-consulting.com\/en\/","name":"Halifax Consulting \u2013\u00a0EN","description":"Un site utilisant Les sites de Halifax Consulting","potentialAction":[{"@type":"SearchAction","target":{"@type":"EntryPoint","urlTemplate":"https:\/\/www.halifax-consulting.com\/en\/?s={search_term_string}"},"query-input":"required name=search_term_string"}],"inLanguage":"en-GB"}]}},"_links":{"self":[{"href":"https:\/\/www.halifax-consulting.com\/en\/wp-json\/wp\/v2\/pages\/3376"}],"collection":[{"href":"https:\/\/www.halifax-consulting.com\/en\/wp-json\/wp\/v2\/pages"}],"about":[{"href":"https:\/\/www.halifax-consulting.com\/en\/wp-json\/wp\/v2\/types\/page"}],"author":[{"embeddable":true,"href":"https:\/\/www.halifax-consulting.com\/en\/wp-json\/wp\/v2\/users\/17"}],"replies":[{"embeddable":true,"href":"https:\/\/www.halifax-consulting.com\/en\/wp-json\/wp\/v2\/comments?post=3376"}],"version-history":[{"count":5,"href":"https:\/\/www.halifax-consulting.com\/en\/wp-json\/wp\/v2\/pages\/3376\/revisions"}],"predecessor-version":[{"id":3384,"href":"https:\/\/www.halifax-consulting.com\/en\/wp-json\/wp\/v2\/pages\/3376\/revisions\/3384"}],"up":[{"embeddable":true,"href":"https:\/\/www.halifax-consulting.com\/en\/wp-json\/wp\/v2\/pages\/549"}],"wp:featuredmedia":[{"embeddable":true,"href":"https:\/\/www.halifax-consulting.com\/en\/wp-json\/wp\/v2\/media\/3377"}],"wp:attachment":[{"href":"https:\/\/www.halifax-consulting.com\/en\/wp-json\/wp\/v2\/media?parent=3376"}],"wp:term":[{"taxonomy":"category","embeddable":true,"href":"https:\/\/www.halifax-consulting.com\/en\/wp-json\/wp\/v2\/categories?post=3376"}],"curies":[{"name":"wp","href":"https:\/\/api.w.org\/{rel}","templated":true}]}}