{"id":1441,"date":"2019-12-10T22:44:41","date_gmt":"2019-12-10T22:44:41","guid":{"rendered":"https:\/\/www.halifax-consulting.com\/?page_id=2"},"modified":"2025-05-21T15:24:44","modified_gmt":"2025-05-21T14:24:44","slug":"consulenza","status":"publish","type":"page","link":"https:\/\/www.halifax-consulting.com\/it\/consulenza\/","title":{"rendered":"Consulenza"},"content":{"rendered":"<div class=\"container\">\n\t<div class=\"row\">\n\t\t<div class=\"col-lg-12 col-md-12 col-sm-12\">\n\t\t\t<h2 class=\"intro\">\n\t\t\t\t<strong class=\"intro-h2 d-block\">Trasformare le vendite<\/strong>\n\t\t\t\t<p>Halifax Consulting consiglia e assiste le aziende nella trasformazione delle loro vendite. Di fronte a modelli di business dirompenti, all&#8217;agguerrita concorrenza in un mercato globale e al cambiamento delle strategie dei clienti, molte organizzazioni devono riconsiderare il proprio mestiere e ritagliarsi un approccio pi&ugrave; distintivo alle vendite. Halifax Consulting copre l&#8217;intera gamma di soluzioni di consulenza per dare forma a una trasformazione delle vendite di successo, progettata per:<\/p>\n<ul>\n<li>Ottimizzate le prestazioni di vendita su diversi canali, prodotti e servizi.<\/li>\n<li>Stabilite i punti focali per i team di vendita e i manager.<\/li>\n<li>Sfruttate la potenza delle nuove tecnologie per i vostri team, che spesso devono proporre ai clienti i servizi digitali pi&ugrave; recenti.<\/li>\n<\/ul>\t\t\t<\/h2>\n\t\t<\/div>\n\t<\/div>\n<\/div>\n\n\n\n<p><\/p>\n\n\n<div class=\"container pb-6\">\n\t<div class=\"row\">\n\t\t<div class=\"col-lg-4 col-md-4 col-sm-12\">\n\t\t\t<h4 class=\"key\">+9%<\/h4>\n\t\t\t<p class=\"key-description\">crescita organica annuale<br> dei nostri clienti<\/p>\t\t\t\t\t\t\t\n\t\t<\/div>\n\t\t<div class=\"col-lg-4 col-md-4 col-sm-12\">\n\t\t\t<h4 class=\"key\">3000+<\/h4>\n\t\t\t<p class=\"key-description\">venditori valutati e formati<\/p>\t\t\t\t\t\t\n\t\t<\/div>\n\t\t<div class=\"col-lg-4 col-md-4 col-sm-12\">\n\t\t\t<h4 class=\"key\">120<\/h4>\t\n\t\t\t<p class=\"key-description\">competenze commerciali valutate<\/p>\t\t\t\t\t\n\t\t<\/div>\n\t<\/div>\n<\/div>\n\n<section class=\"light py-6 conseil\">\n\t\t<div class=\"container\">\n\t\t\t<div class=\"row\">\n\t\t\t\t<div class=\"col-lg-12 col-md-12 col-sm-12\">\n\t\t\t\t\t<h3 class=\"conseil__titre\">L&#8217;APPROCCIO DI HALIFAX CONSULTING ALLA TRASFORMAZIONE DELLE VENDITE<\/h3>\n\t\t\t\t<\/div>\n\t\t\t<\/div>\n\t\t\t\n\t\t\t<div class=\"row\">\n\t\t\t\t<div class=\"col-lg-12 col-md-12 col-sm-12\">\n\t\t\t\t\t\t\t\t\t<\/div>\n\t\t\t<\/div>\n\t\t\t\n\t\t\t<div class=\"row\">\n\t\t\t\t<div class=\"col-lg-3 col-md-3 col-sm-12 text-center\">\n\t\t\t\t\t<h4 class=\"conseil__method\">Consulenza<\/h4>\n\t\t\t\t\t<p class=\"text-center\"><img decoding=\"async\" src=\"https:\/\/www.halifax-consulting.com\/it\/wp-content\/themes\/halifax\/library\/img\/halifax-picto-1-conseiller.png\" alt=\"halifax-consulting-conseiller\" width=\"130\" \/><\/p>\n\t\t\t\t\t<p class=\"text-center\"><p>Trasformazione del team e gestione del cambiamento<\/p>\n<\/p>\n\t\t\t\t<\/div>\n\t\t\t\t<div class=\"col-lg-3 col-md-3 col-sm-12 text-center\">\n\t\t\t\t\t<h4 class=\"conseil__method\">Valutazione<\/h4>\n\t\t\t\t\t<p class=\"text-center\"><img decoding=\"async\" src=\"https:\/\/www.halifax-consulting.com\/it\/wp-content\/themes\/halifax\/library\/img\/halifax-picto-2-evaluer.png\" alt=\"halifax-consulting-conseiller\" width=\"130\" \/><\/p>\n\t\t\t\t\t<p class=\"text-center\"><p>Identificazione dei talenti e gestione delle competenze<\/p>\n<\/p>\n\t\t\t\t<\/div>\n\t\t\t\t<div class=\"col-lg-3 col-md-3 col-sm-12 text-center\">\n\t\t\t\t\t<h4 class=\"conseil__method\">Implementazione<\/h4>\n\t\t\t\t\t<p class=\"text-center\"><img decoding=\"async\" src=\"https:\/\/www.halifax-consulting.com\/it\/wp-content\/themes\/halifax\/library\/img\/halifax-picto-3-implementer.png\" alt=\"halifax-consulting-conseiller\" width=\"130\" \/><\/p>\n\t\t\t\t\t<p class=\"text-center\"><p>Corsi di blended-learning su misura per singoli e gruppi<\/p>\n<\/p>\n\t\t\t\t<\/div>\n\t\t\t\t<div class=\"col-lg-3 col-md-3 col-sm-12 text-center\">\n\t\t\t\t\t<h4 class=\"conseil__method\">Formazione<\/h4>\n\t\t\t\t\t<p class=\"text-center\"><img decoding=\"async\" src=\"https:\/\/www.halifax-consulting.com\/it\/wp-content\/themes\/halifax\/library\/img\/halifax-picto-4-former.png\" alt=\"halifax-consulting-conseiller\" width=\"130\" \/><\/p>\n\t\t\t\t\t<p class=\"text-center\"><p>Formazione e assistenza<\/p>\n<\/p>\n\t\t\t\t<\/div>\n\t\t\t<\/div>\n\t\t<\/div>\n\t<\/section>\n\n<section class=\"block_texte_cta\">\n\t<div class=\"container\">\n\t\t<div class=\"row\">\n\t\t\n\t\t\t<div class=\"col-lg-6 col-md-6 col-sm-12 block_texte_cta--contenu\">\n\t\t\t\t\n\t\t\t\tVolete saperne di pi\u00f9 sui servizi di consulenza di Halifax Consulting?\t\t\t\t\n\t\t\t<\/div>\n\t\t\t<div class=\"col-lg-6 col-md-6 col-sm-12 block_texte_cta--bouton\">\n\t\t\t\t\n\t\t\t\t<a class=\"btn\" href=\"https:\/\/forms.zohopublic.com\/andernagroup\/form\/itcontact\/formperma\/7aU524mdSz0_GeQBUhaX_4c_boaQoQFomRobjK-SuZI\" title=\"Contattateci \">Contattateci <\/a>\n\t\t\t\t\n\t\t\t<\/div>\n\t\t\n\t\t<\/div>\n\t<\/div>\n\t\n<\/section>\n\n<section class=\"success-single grey\">\n\t<div class=\"container-fluid\">\n\t\t<div class=\"row\">\n\t\t\t\t\t\t\t \n\t\t\t\t\t\t\t\t\t\t\n\t\t\t\t\t\t\t\t\t\t<div class=\"col-lg-7 col-md-6 col-sm-12 p-6\">\n\t\t\t\t\t\t<div>\n\t\t\t\t\t\t\t<h3>Storie di successo: Renault Nissan Mitsubishi<\/h3>\n\t\t\t\t\t\t\t<p>Il gruppo Renault Nissan vuole sostenere l&#8217;aumento delle vendite B2B in seno al gruppo, in particolare presso key account, di cui si occupano i commerciali &#8220;Flotte&#8221; dedicati<\/p>\n\t\t\t\t\t\t\t<p>\n\t\t\t\t\t\t\t\t<a href=\"https:\/\/www.halifax-consulting.com\/it\/storie-di-successo\/renault-nissan-mitsubishi\/\" class=\"btn btn-hx btn-hx-ducky\">Continua a leggere<\/a>\n\t\t\t\t\t\t\t<\/p>\n\t\t\t\t\t\t<\/div>\n\t\t\t\t\t<\/div>\n\t\t\t\t\t<div class=\"col-lg-5 col-md-6 col-sm-12 p-0\">\n\t\t\t\t\t\t\t<figure class=\"\">\n<!-- \t\t\t\t\t\t\t\t<img decoding=\"async\" src=\"https:\/\/www.halifax-consulting.com\/it\/wp-content\/uploads\/sites\/10\/2019\/12\/halifax-consulting-success-stories-renault.jpg\" alt=\"image success-story\" \/> -->\n\t\t\t\t\t\t\t\t<img decoding=\"async\" loading=\"lazy\" src=\"https:\/\/www.halifax-consulting.com\/it\/wp-content\/uploads\/sites\/10\/2019\/12\/halifax-consulting-success-stories-renault.jpg\" alt=\"\" width=\"100%\" height=\"\" >\t\t\t\t\t\t\t<\/figure>\n\t\t\t\t\t<\/div>\n\t\t\t\t\t\t\t\t\t<\/div>\n\t<\/div>\n<\/section>\n\n\n\n<section class=\"white py-6\">\n\t\n\t<div class=\"container-fluid\">\n\t\t\n\t\t<div class=\"row\">\n\t\t\n\t\t\t<div class=\"col-lg-6 col-md-6 col-sm-12\">\n\t\t\t\t<!-- Livre blanc -->\n\t\t\t\t<div class=\"card--livre-blanc navy\">\n\t\t\t\t\t\n\t\t\t\t\t<div class=\"row p-0 m-0\">\n\t\t\t\t\t\t\n\t\t\t\t\t\t<div class=\"col-lg-5 col-md-5 col-sm-12 pl-0 pr-0\">\n\t\t\t\t\t\t\t\n\t\t\t\t\t\t\t<figure class=\"img-simple-success\">\n\t\n\t\t\t\t\t\t\t\t<img decoding=\"async\" loading=\"lazy\" src=\"https:\/\/www.halifax-consulting.com\/?page_id=2\" alt=\"\" width=\"100%\" height=\"\" >\t\t\t\t\t\t\t\t\n\t\t\t\t\t\t\t<\/figure>\n\t\t\t\t\t\t\t\n\t\t\t\t\t\t<\/div>\n\t\t\t\t\t\t\n\t\t\t\t\t\t<div class=\"col-lg-7 col-md-7 col-sm-12 card--lb-content\">\n\t\t\t\t\t\t\t<small>Whitepaper<\/small>\n\t\t\t\t\t\t\t\n\t\t\t\t\t\t\t\t\t\t\t\t\t\t\n\t\t\t\t\t\t\t\t\t\t\t\t\t\t\n\t\t\t\t\t\t\t<a href=\"https:\/\/www.halifax-consulting.com\/it\/download?b=kam-176287363\" title=\"Livre blanc \" class=\"btn btn-hx btn-hx-orange\"><\/a>\n\t\t\t\t\t\t<\/div>\n\t\t\t\t\t<\/div>\n\t\t\t\t<\/div>\n\t\t\t\t\n\t\t\t<\/div>\n\t\t\t\n\t\t\t\n\t\t\t\t\t\t\t \n\t\t\t\t\t\t\t\t\t\t\n\t\t\t\t\t\t\t\t\n\t\t\t\n\t\t\t\n\t\t\t\n\t\t\t<div class=\"col-lg-6 col-md-6 col-sm-12\">\n\t\t\t\t<!-- Success story -->\n\t\t\t\t<div class=\"card--livre-blanc\">\n\t\t\t\t\t\n\t\t\t\t\t<div class=\"row p-0 m-0\">\n\t\t\t\t\t\t\n\t\t\t\t\t\t<div class=\"col-lg-5 col-md-5 col-sm-12 pl-0 pr-0\">\n\t\t\t\t\t\t\t\n\t\t\t\t\t\t\t<figure class=\"img-simple-success\">\n\t\n\t\t\t\t\t\t\t\t<img decoding=\"async\" loading=\"lazy\" src=\"https:\/\/www.halifax-consulting.com\/it\/wp-content\/uploads\/sites\/10\/2019\/12\/halifax-consulting-success-story-thales.jpg\" alt=\"\" width=\"100%\" height=\"\" >\t\t\t\t\t\t\t\t\n\t\t\t\t\t\t\t<\/figure>\n\t\t\t\t\t\t\t\n\t\t\t\t\t\t<\/div>\n\t\t\t\t\t\t\n\t\t\t\t\t\t<div class=\"col-lg-7 col-md-7 col-sm-12 card--lb-content\">\n\t\t\t\t\t\t\t<small>Storie di successo<\/small>\n\t\t\t\t\t\t\n\t\t\t\t\t\t\t<h3>Halifax Consulting supporta Soluzioni elettroniche high-tech<\/h3>\n<!-- \t\t\t\t\t\t\t<p>L\u2019azienda introduce un percorso di formazione internazionale ambizioso per i &#8220;nuovi commerciali&#8221;, giovani diplomandi e nuovi assunti interni<\/p>\n\t -->\n<!--\n\t\t\t\t\t\t\t<p>\n\t\t\t\t\t\t\t\tD\u00e9couvrez comment Halifax Consulting a accompagn\u00e9 Soluzioni elettroniche high-tech sur le chemin de la r\u00e9ussite\n\t\t\t\t\t\t\t<\/p>\n-->\n\t\t\t\n\t\t\t\t\t\t\t\n\t\t\t\t\t\t\t<a href=\"https:\/\/www.halifax-consulting.com\/it\/storie-di-successo\/soluzioni-elettroniche-high-tech-2\/\" class=\"btn btn-hx btn-hx-orange\" title=\"Continua a leggere\">Continua a leggere<\/a>\n\t\t\t\t\t\t\n\t\t\t\t\t\t<\/div>\n\t\t\t\t\t\t\n\t\t\t\t\t<\/div>\n\t\t\t\t\t\n\t\t\t\t<\/div>\n\t\t\t\t\n\t\t\t<\/div>\n\t\t\t\t\t\t\t\t\t\n\t\t<\/div>\n\t\t\n\t<\/div>\n\t\n<\/section>","protected":false},"excerpt":{"rendered":"","protected":false},"author":1,"featured_media":778,"parent":0,"menu_order":10,"comment_status":"closed","ping_status":"closed","template":"","meta":[],"categories":[],"acf":[],"yoast_head":"<!-- This site is optimized with the Yoast SEO plugin v19.9 - https:\/\/yoast.com\/wordpress\/plugins\/seo\/ -->\n<title>Consulenza nella trasformazione aziendale - Halifax Consulting<\/title>\n<meta name=\"description\" content=\"Halifax Consulting offre servizi di consulenza nella trasformazione aziendale. Numerose organizzazioni devono rivedere il loro modo di vendere per renderlo pi\u00f9 distintivo.\" \/>\n<link rel=\"canonical\" href=\"https:\/\/www.halifax-consulting.com\/it\/consulenza\/\" \/>\n<meta property=\"og:locale\" content=\"it_IT\" \/>\n<meta property=\"og:type\" content=\"article\" \/>\n<meta property=\"og:title\" content=\"Consulenza nella trasformazione aziendale - Halifax Consulting\" \/>\n<meta property=\"og:description\" content=\"Halifax Consulting offre servizi di consulenza nella trasformazione aziendale. Numerose organizzazioni devono rivedere il loro modo di vendere per renderlo pi\u00f9 distintivo.\" \/>\n<meta property=\"og:url\" content=\"https:\/\/www.halifax-consulting.com\/it\/consulenza\/\" \/>\n<meta property=\"og:site_name\" content=\"Halifax Consulting \u2013 IT\" \/>\n<meta property=\"article:modified_time\" content=\"2025-05-21T14:24:44+00:00\" \/>\n<meta property=\"og:image\" content=\"https:\/\/www.halifax-consulting.com\/it\/wp-content\/uploads\/sites\/10\/2020\/02\/halifax-consulting-conseil.jpg\" \/>\n\t<meta property=\"og:image:width\" content=\"1000\" \/>\n\t<meta property=\"og:image:height\" content=\"360\" \/>\n\t<meta property=\"og:image:type\" content=\"image\/jpeg\" \/>\n<meta name=\"twitter:card\" content=\"summary_large_image\" \/>\n<script type=\"application\/ld+json\" class=\"yoast-schema-graph\">{\"@context\":\"https:\/\/schema.org\",\"@graph\":[{\"@type\":\"WebPage\",\"@id\":\"https:\/\/www.halifax-consulting.com\/it\/consulenza\/\",\"url\":\"https:\/\/www.halifax-consulting.com\/it\/consulenza\/\",\"name\":\"Consulenza nella trasformazione aziendale - Halifax Consulting\",\"isPartOf\":{\"@id\":\"https:\/\/www.halifax-consulting.com\/it\/#website\"},\"datePublished\":\"2019-12-10T22:44:41+00:00\",\"dateModified\":\"2025-05-21T14:24:44+00:00\",\"description\":\"Halifax Consulting offre servizi di consulenza nella trasformazione aziendale. Numerose organizzazioni devono rivedere il loro modo di vendere per renderlo pi\u00f9 distintivo.\",\"breadcrumb\":{\"@id\":\"https:\/\/www.halifax-consulting.com\/it\/consulenza\/#breadcrumb\"},\"inLanguage\":\"it-IT\",\"potentialAction\":[{\"@type\":\"ReadAction\",\"target\":[\"https:\/\/www.halifax-consulting.com\/it\/consulenza\/\"]}]},{\"@type\":\"BreadcrumbList\",\"@id\":\"https:\/\/www.halifax-consulting.com\/it\/consulenza\/#breadcrumb\",\"itemListElement\":[{\"@type\":\"ListItem\",\"position\":1,\"name\":\"Accueil\",\"item\":\"https:\/\/www.halifax-consulting.com\/it\/\"},{\"@type\":\"ListItem\",\"position\":2,\"name\":\"Consulenza\"}]},{\"@type\":\"WebSite\",\"@id\":\"https:\/\/www.halifax-consulting.com\/it\/#website\",\"url\":\"https:\/\/www.halifax-consulting.com\/it\/\",\"name\":\"Halifax Consulting \u2013 IT\",\"description\":\"Halifax \u00e8 un societ\u00e0 di consulenza internazionale specializzata in negoziazione e performance commerciale. Disegniamo e organizziamo progetti di formazione su larga scala per i manager e le loro squadre dal 2003 grazie a una ingegneria pedagogica...\",\"publisher\":{\"@id\":\"https:\/\/www.halifax-consulting.com\/it\/#organization\"},\"potentialAction\":[{\"@type\":\"SearchAction\",\"target\":{\"@type\":\"EntryPoint\",\"urlTemplate\":\"https:\/\/www.halifax-consulting.com\/it\/?s={search_term_string}\"},\"query-input\":\"required name=search_term_string\"}],\"inLanguage\":\"it-IT\"},{\"@type\":\"Organization\",\"@id\":\"https:\/\/www.halifax-consulting.com\/it\/#organization\",\"name\":\"Halifax Consulting\",\"url\":\"https:\/\/www.halifax-consulting.com\/it\/\",\"logo\":{\"@type\":\"ImageObject\",\"inLanguage\":\"it-IT\",\"@id\":\"https:\/\/www.halifax-consulting.com\/it\/#\/schema\/logo\/image\/\",\"url\":\"https:\/\/www.halifax-consulting.com\/it\/wp-content\/uploads\/sites\/10\/2020\/06\/Halifax_logo_EN_Transp.png\",\"contentUrl\":\"https:\/\/www.halifax-consulting.com\/it\/wp-content\/uploads\/sites\/10\/2020\/06\/Halifax_logo_EN_Transp.png\",\"width\":886,\"height\":886,\"caption\":\"Halifax Consulting\"},\"image\":{\"@id\":\"https:\/\/www.halifax-consulting.com\/it\/#\/schema\/logo\/image\/\"}}]}<\/script>\n<!-- \/ Yoast SEO plugin. -->","yoast_head_json":{"title":"Consulenza nella trasformazione aziendale - Halifax Consulting","description":"Halifax Consulting offre servizi di consulenza nella trasformazione aziendale. Numerose organizzazioni devono rivedere il loro modo di vendere per renderlo pi\u00f9 distintivo.","canonical":"https:\/\/www.halifax-consulting.com\/it\/consulenza\/","og_locale":"it_IT","og_type":"article","og_title":"Consulenza nella trasformazione aziendale - Halifax Consulting","og_description":"Halifax Consulting offre servizi di consulenza nella trasformazione aziendale. Numerose organizzazioni devono rivedere il loro modo di vendere per renderlo pi\u00f9 distintivo.","og_url":"https:\/\/www.halifax-consulting.com\/it\/consulenza\/","og_site_name":"Halifax Consulting \u2013 IT","article_modified_time":"2025-05-21T14:24:44+00:00","og_image":[{"width":1000,"height":360,"url":"https:\/\/www.halifax-consulting.com\/it\/wp-content\/uploads\/sites\/10\/2020\/02\/halifax-consulting-conseil.jpg","type":"image\/jpeg"}],"twitter_card":"summary_large_image","schema":{"@context":"https:\/\/schema.org","@graph":[{"@type":"WebPage","@id":"https:\/\/www.halifax-consulting.com\/it\/consulenza\/","url":"https:\/\/www.halifax-consulting.com\/it\/consulenza\/","name":"Consulenza nella trasformazione aziendale - Halifax Consulting","isPartOf":{"@id":"https:\/\/www.halifax-consulting.com\/it\/#website"},"datePublished":"2019-12-10T22:44:41+00:00","dateModified":"2025-05-21T14:24:44+00:00","description":"Halifax Consulting offre servizi di consulenza nella trasformazione aziendale. Numerose organizzazioni devono rivedere il loro modo di vendere per renderlo pi\u00f9 distintivo.","breadcrumb":{"@id":"https:\/\/www.halifax-consulting.com\/it\/consulenza\/#breadcrumb"},"inLanguage":"it-IT","potentialAction":[{"@type":"ReadAction","target":["https:\/\/www.halifax-consulting.com\/it\/consulenza\/"]}]},{"@type":"BreadcrumbList","@id":"https:\/\/www.halifax-consulting.com\/it\/consulenza\/#breadcrumb","itemListElement":[{"@type":"ListItem","position":1,"name":"Accueil","item":"https:\/\/www.halifax-consulting.com\/it\/"},{"@type":"ListItem","position":2,"name":"Consulenza"}]},{"@type":"WebSite","@id":"https:\/\/www.halifax-consulting.com\/it\/#website","url":"https:\/\/www.halifax-consulting.com\/it\/","name":"Halifax Consulting \u2013 IT","description":"Halifax \u00e8 un societ\u00e0 di consulenza internazionale specializzata in negoziazione e performance commerciale. Disegniamo e organizziamo progetti di formazione su larga scala per i manager e le loro squadre dal 2003 grazie a una ingegneria pedagogica...","publisher":{"@id":"https:\/\/www.halifax-consulting.com\/it\/#organization"},"potentialAction":[{"@type":"SearchAction","target":{"@type":"EntryPoint","urlTemplate":"https:\/\/www.halifax-consulting.com\/it\/?s={search_term_string}"},"query-input":"required name=search_term_string"}],"inLanguage":"it-IT"},{"@type":"Organization","@id":"https:\/\/www.halifax-consulting.com\/it\/#organization","name":"Halifax Consulting","url":"https:\/\/www.halifax-consulting.com\/it\/","logo":{"@type":"ImageObject","inLanguage":"it-IT","@id":"https:\/\/www.halifax-consulting.com\/it\/#\/schema\/logo\/image\/","url":"https:\/\/www.halifax-consulting.com\/it\/wp-content\/uploads\/sites\/10\/2020\/06\/Halifax_logo_EN_Transp.png","contentUrl":"https:\/\/www.halifax-consulting.com\/it\/wp-content\/uploads\/sites\/10\/2020\/06\/Halifax_logo_EN_Transp.png","width":886,"height":886,"caption":"Halifax Consulting"},"image":{"@id":"https:\/\/www.halifax-consulting.com\/it\/#\/schema\/logo\/image\/"}}]}},"_links":{"self":[{"href":"https:\/\/www.halifax-consulting.com\/it\/wp-json\/wp\/v2\/pages\/1441"}],"collection":[{"href":"https:\/\/www.halifax-consulting.com\/it\/wp-json\/wp\/v2\/pages"}],"about":[{"href":"https:\/\/www.halifax-consulting.com\/it\/wp-json\/wp\/v2\/types\/page"}],"author":[{"embeddable":true,"href":"https:\/\/www.halifax-consulting.com\/it\/wp-json\/wp\/v2\/users\/1"}],"replies":[{"embeddable":true,"href":"https:\/\/www.halifax-consulting.com\/it\/wp-json\/wp\/v2\/comments?post=1441"}],"version-history":[{"count":19,"href":"https:\/\/www.halifax-consulting.com\/it\/wp-json\/wp\/v2\/pages\/1441\/revisions"}],"predecessor-version":[{"id":3411,"href":"https:\/\/www.halifax-consulting.com\/it\/wp-json\/wp\/v2\/pages\/1441\/revisions\/3411"}],"wp:featuredmedia":[{"embeddable":true,"href":"https:\/\/www.halifax-consulting.com\/it\/wp-json\/wp\/v2\/media\/778"}],"wp:attachment":[{"href":"https:\/\/www.halifax-consulting.com\/it\/wp-json\/wp\/v2\/media?parent=1441"}],"wp:term":[{"taxonomy":"category","embeddable":true,"href":"https:\/\/www.halifax-consulting.com\/it\/wp-json\/wp\/v2\/categories?post=1441"}],"curies":[{"name":"wp","href":"https:\/\/api.w.org\/{rel}","templated":true}]}}