{"id":20,"date":"2019-12-13T10:17:02","date_gmt":"2019-12-13T10:17:02","guid":{"rendered":"https:\/\/www.halifax-consulting.com\/?page_id=20"},"modified":"2025-05-26T15:44:24","modified_gmt":"2025-05-26T14:44:24","slug":"digital-learning","status":"publish","type":"page","link":"https:\/\/www.halifax-consulting.com\/it\/digital-learning\/","title":{"rendered":"Digital &amp; IA"},"content":{"rendered":"<div class=\"container\">\n\t<div class=\"row\">\n\t\t<div class=\"col-lg-12 col-md-12 col-sm-12\">\n\t\t\t<h2 class=\"intro\">\n\t\t\t\t<strong class=\"intro-h2 d-block\">Imparare di pi\u00f9, pi\u00f9 velocemente<\/strong>\n\t\t\t\t<p>L&rsquo;apprendimento digitale Halifax riunisce tutti gli strumenti tecnologici per aiutarvi a progredire nelle vendite e nella gestione delle vendite. Poich&eacute; tutti impariamo in modo diverso, Halifax include le pi&ugrave; recenti tecnologie di intelligenza artificiale per personalizzare i percorsi formativi e migliorare l&#8217;esperienza di apprendimento.<\/p>\t\t\t<\/h2>\n\t\t<\/div>\n\t<\/div>\n<\/div>\n\n\n<div class=\"container pb-6\">\n\t<div class=\"row\">\n\t\t<div class=\"col-lg-4 col-md-4 col-sm-12\">\n\t\t\t<h4 class=\"key\">120+<\/h4>\n\t\t\t<p class=\"key-description\">moduli e-learning pronti all&#8217;uso<\/p>\t\t\t\t\t\t\t\n\t\t<\/div>\n\t\t<div class=\"col-lg-4 col-md-4 col-sm-12\">\n\t\t\t<h4 class=\"key\">10<\/h4>\n\t\t\t<p class=\"key-description\">lingue supportate<\/p>\t\t\t\t\t\t\n\t\t<\/div>\n\t\t<div class=\"col-lg-4 col-md-4 col-sm-12\">\n\t\t\t<h4 class=\"key\">7<\/h4>\t\n\t\t\t<p class=\"key-description\">soluzioni specifiche per &#8220;Abilitazione alle vendite<\/p>\t\t\t\t\t\n\t\t<\/div>\n\t<\/div>\n<\/div>\n\n<section class=\"light py-6 bloc_benefices\">\n\t<div class=\"container\">\n\t\t<div class=\"row\">\n\t\t\t<div class=\"col-lg-12 col-md-12 col-sm-12\">\n\t\t\t\t<h2 class=\"text-center\">\n\t\t\t\t\tI VANTAGGI DELL&#8217;APPRENDIMENTO DIGITALE\t\t\t\t\t<span class=\"h2-subtitle\">Formare di pi\u00f9, pi\u00f9 velocemente, pi\u00f9 economicamente<\/span>\n\t\t\t\t\t\n\t\t\t\t\t\n\t\t\t\t<\/h2>\n\t\t\t<\/div>\n\t\t<\/div>\n\t\t<div class=\"row\">\n\t\t\t\t\n\t\t\t\t\t\n\t\t\t\t\t<div class=\"col-lg-6 col-md-6 col-sm-12 mb-4 benefice\">\n\t\t\t\t\t\t<div class=\"row\">\n\t\t\t\t\t\t\t<div class=\"col-lg-2 col-sm-3 col-sm-12 bloc_benefices--image\">\n\t\t\t\t\t\t\t\t<img decoding=\"async\" class=\"wow fadeIn\" data-wow-delay=\"0s\" src=\"https:\/\/www.halifax-consulting.com\/it\/wp-content\/themes\/halifax\/library\/img\/halifax-consulting-benefits-icon.svg\" alt=\"icone benefices\" width=\"100%\" \/>\n\t\t\t\t\t\t\t<\/div>\n\t\t\t\t\t\t\t<div class=\"col-lg-10 col-sm-9 col-sm-12 wow fadeIn\" data-wow-delay=\"0s\">\n\t\t\t\t\t\t\t\t<h3 class=\"benef-title\">Migliore tasso di fidelizzazione<\/h3>\n\t\t\t\t\t\t\t\t<p class=\"benef-content\">L&#8217;apprendimento digitale aumenta il tasso di ritenzione delle informazioni fornite fino al +170%.<\/p>\n\t\t\t\t\t\t\t<\/div>\n\t\t\t\t\t\t<\/div>\n\t\t\t\t\t<\/div>\n\t\t\t\t\t\n\t\t\t\t\t\t\n\t\t\t\t\t\n\t\t\t\t\t<div class=\"col-lg-6 col-md-6 col-sm-12 mb-4 benefice\">\n\t\t\t\t\t\t<div class=\"row\">\n\t\t\t\t\t\t\t<div class=\"col-lg-2 col-sm-3 col-sm-12 bloc_benefices--image\">\n\t\t\t\t\t\t\t\t<img decoding=\"async\" class=\"wow fadeIn\" data-wow-delay=\"0.5s\" src=\"https:\/\/www.halifax-consulting.com\/it\/wp-content\/themes\/halifax\/library\/img\/halifax-consulting-benefits-icon.svg\" alt=\"icone benefices\" width=\"100%\" \/>\n\t\t\t\t\t\t\t<\/div>\n\t\t\t\t\t\t\t<div class=\"col-lg-10 col-sm-9 col-sm-12 wow fadeIn\" data-wow-delay=\"0.5s\">\n\t\t\t\t\t\t\t\t<h3 class=\"benef-title\">Riduzione dei costi e sviluppo sostenibile<\/h3>\n\t\t\t\t\t\t\t\t<p class=\"benef-content\">I costi logistici e di viaggio possono rappresentare fino al 40% del budget di una formazione tradizionale, mentre si riducono a zero nella formazione a distanza. La riduzione degli spostamenti \u00e8 anche una questione di sviluppo sostenibile e riduce le emissioni di CO2.<\/p>\n\t\t\t\t\t\t\t<\/div>\n\t\t\t\t\t\t<\/div>\n\t\t\t\t\t<\/div>\n\t\t\t\t\t\n\t\t\t\t\t\t\n\t\t\t\t\t\n\t\t\t\t\t<div class=\"col-lg-6 col-md-6 col-sm-12 mb-4 benefice\">\n\t\t\t\t\t\t<div class=\"row\">\n\t\t\t\t\t\t\t<div class=\"col-lg-2 col-sm-3 col-sm-12 bloc_benefices--image\">\n\t\t\t\t\t\t\t\t<img decoding=\"async\" class=\"wow fadeIn\" data-wow-delay=\"1s\" src=\"https:\/\/www.halifax-consulting.com\/it\/wp-content\/themes\/halifax\/library\/img\/halifax-consulting-benefits-icon.svg\" alt=\"icone benefices\" width=\"100%\" \/>\n\t\t\t\t\t\t\t<\/div>\n\t\t\t\t\t\t\t<div class=\"col-lg-10 col-sm-9 col-sm-12 wow fadeIn\" data-wow-delay=\"1s\">\n\t\t\t\t\t\t\t\t<h3 class=\"benef-title\">Strumenti personalizzati<\/h3>\n\t\t\t\t\t\t\t\t<p class=\"benef-content\">Tracciare meglio gli indicatori di progresso individuale per una valutazione accurata delle competenze acquisite.<\/p>\n\t\t\t\t\t\t\t<\/div>\n\t\t\t\t\t\t<\/div>\n\t\t\t\t\t<\/div>\n\t\t\t\t\t\n\t\t\t\t\t\t\n\t\t\t\t\t\n\t\t\t\t\t<div class=\"col-lg-6 col-md-6 col-sm-12 mb-4 benefice\">\n\t\t\t\t\t\t<div class=\"row\">\n\t\t\t\t\t\t\t<div class=\"col-lg-2 col-sm-3 col-sm-12 bloc_benefices--image\">\n\t\t\t\t\t\t\t\t<img decoding=\"async\" class=\"wow fadeIn\" data-wow-delay=\"1.5s\" src=\"https:\/\/www.halifax-consulting.com\/it\/wp-content\/themes\/halifax\/library\/img\/halifax-consulting-benefits-icon.svg\" alt=\"icone benefices\" width=\"100%\" \/>\n\t\t\t\t\t\t\t<\/div>\n\t\t\t\t\t\t\t<div class=\"col-lg-10 col-sm-9 col-sm-12 wow fadeIn\" data-wow-delay=\"1.5s\">\n\t\t\t\t\t\t\t\t<h3 class=\"benef-title\">Flessibilit\u00e0 e infinite combinazioni<\/h3>\n\t\t\t\t\t\t\t\t<p class=\"benef-content\">La modularit\u00e0 delle soluzioni e degli strumenti consente di adattare o creare la combinazione appropriata al contesto di ciascuna organizzazione.<\/p>\n\t\t\t\t\t\t\t<\/div>\n\t\t\t\t\t\t<\/div>\n\t\t\t\t\t<\/div>\n\t\t\t\t\t\n\t\t\t\t\t\t\n\t\t\t\t\t\n\t\t\t\t\t<div class=\"col-lg-6 col-md-6 col-sm-12 mb-4 benefice\">\n\t\t\t\t\t\t<div class=\"row\">\n\t\t\t\t\t\t\t<div class=\"col-lg-2 col-sm-3 col-sm-12 bloc_benefices--image\">\n\t\t\t\t\t\t\t\t<img decoding=\"async\" class=\"wow fadeIn\" data-wow-delay=\"2s\" src=\"https:\/\/www.halifax-consulting.com\/it\/wp-content\/themes\/halifax\/library\/img\/halifax-consulting-benefits-icon.svg\" alt=\"icone benefices\" width=\"100%\" \/>\n\t\t\t\t\t\t\t<\/div>\n\t\t\t\t\t\t\t<div class=\"col-lg-10 col-sm-9 col-sm-12 wow fadeIn\" data-wow-delay=\"2s\">\n\t\t\t\t\t\t\t\t<h3 class=\"benef-title\">Risultati immediati<\/h3>\n\t\t\t\t\t\t\t\t<p class=\"benef-content\">Gli strumenti di apprendimento digitale forniscono dati in tempo reale e misurano l&#8217;efficacia dei progetti.<\/p>\n\t\t\t\t\t\t\t<\/div>\n\t\t\t\t\t\t<\/div>\n\t\t\t\t\t<\/div>\n\t\t\t\t\t\n\t\t\t\t\t\t\n\t\t\t\t\t\n\t\t\t\t\t<div class=\"col-lg-6 col-md-6 col-sm-12 mb-4 benefice\">\n\t\t\t\t\t\t<div class=\"row\">\n\t\t\t\t\t\t\t<div class=\"col-lg-2 col-sm-3 col-sm-12 bloc_benefices--image\">\n\t\t\t\t\t\t\t\t<img decoding=\"async\" class=\"wow fadeIn\" data-wow-delay=\"2.5s\" src=\"https:\/\/www.halifax-consulting.com\/it\/wp-content\/themes\/halifax\/library\/img\/halifax-consulting-benefits-icon.svg\" alt=\"icone benefices\" width=\"100%\" \/>\n\t\t\t\t\t\t\t<\/div>\n\t\t\t\t\t\t\t<div class=\"col-lg-10 col-sm-9 col-sm-12 wow fadeIn\" data-wow-delay=\"2.5s\">\n\t\t\t\t\t\t\t\t<h3 class=\"benef-title\">Adattarsi alle specificit\u00e0 dei discenti<\/h3>\n\t\t\t\t\t\t\t\t<p class=\"benef-content\">L&#8217;allievo diventa attore del suo apprendimento, procedendo coi propri ritmi.<\/p>\n\t\t\t\t\t\t\t<\/div>\n\t\t\t\t\t\t<\/div>\n\t\t\t\t\t<\/div>\n\t\t\t\t\t\n\t\t\t\t\t\t\t\t\n\t\t<\/div>\n\t<\/div>\n<\/section>\n\n<section class=\"light py-6\">\n\t<div class=\"container\">\n\t\t<div class=\"row\">\n\t\t\t<div class=\"col-lg-12 col-md-12 col-sm-12\">\n\t\t\t\t<h2 class=\"text-center\">\n\t\t\t\t\tL&#8217;APPRENDIMENTO DIGITALE DI HALIFAX FA AL CASO VOSTRO SE VOLETE:\t\t\t\t\t<span class=\"h2-subtitle\"><\/span>\n\t\t\t\t\t\n\t\t\t\t\t\n\t\t\t\t<\/h2>\n\t\t\t<\/div>\n\t\t<\/div>\n\t\t<div class=\"row\">\n\t\t\t\n\t\t\t<div class=\"col-lg-12 col-md-12 col-sm-12\">\n\t\t\t\t<div class=\"accordion\" id=\"accordionExample\">\n\t\t\t\t\t<div class=\"card\">\n\t\t\t\t\t    <div class=\"card-header\" id=\"headingOne\">\n\t\t\t\t\t\n\t\t\t\t\t        <button type=\"button\" data-toggle=\"collapse\" data-target=\"#collapseOne\" aria-expanded=\"true\" aria-controls=\"collapseOne\">\n\t\t\t\t\t        \tAZIENDA\t\t\t\t\t        \t<i data-feather=\"chevron-down\"><\/i>\n\t\t\t\t\t        <\/button>\n\t\t\t\t\t\t\t\n\t\t\t\t\t    <\/div>\n\t\t\t\t\t\n\t\t\t\t\t    <div id=\"collapseOne\" class=\"collapse show\" aria-labelledby=\"headingOne\" data-parent=\"#accordionExample\">\n\t\t\t\t\t\t    <div class=\"card-body\">\n\t\t\t\t\t\t        <p>\u25cf\tDisporre di una biblioteca di pubblicazioni di e-learning multilingue sulle vendite e sulla gestione<br \/>\n\u25cf\tMigliorare la qualit\u00e0 del reclutamento delle vendite<br \/>\n\u25cf\tAssicurarvi che i vostri team abbiano una perfetta padronanza degli argomenti tecnici, di prodotto e di business.<br \/>\n\u25cf\tOffrire ai manager uno strumento di formazione e coaching remoto e asincrono<br \/>\n\u25cf\tCreare piani di formazione personalizzati basati su quadri di competenze.<br \/>\n\u25cf\tOffrire ai vostri dipendenti corsi di formazione online completamente personalizzati<br \/>\n\u25cf\tImplementare soluzioni di coaching e formazione nel tempo, coinvolgendo i vostri manager o i formatori interni.<br \/>\n\u25cf\tMigliorare in modo significativo (durata e impatto) i vostri programmi di integrazione e onboarding per venditori e manager.<\/p>\n\t\t\t\t\t\t    <\/div>\n\t\t\t\t\t    <\/div>\n\t\t\t\t\t<\/div>\n\t\t\t\t\t<div class=\"card\">\n\t\t\t\t\t    <div class=\"card-header\" id=\"headingTwo\">\n\t\t\t\t\t      \n\t\t\t\t\t        <button class=\"btn btn-link collapsed\" type=\"button\" data-toggle=\"collapse\" data-target=\"#collapseTwo\" aria-expanded=\"false\" aria-controls=\"collapseTwo\">\n\t\t\t\t\t        \tRAPPRESENTANTI E RESPONSABILI DELLE VENDITE\t\t\t\t\t        \t<i data-feather=\"chevron-down\"><\/i>\n\t\t\t\t\t        <\/button>\n\t\t\t\t\t    <\/div>\n\t\t\t\t\t    <div id=\"collapseTwo\" class=\"collapse\" aria-labelledby=\"headingTwo\" data-parent=\"#accordionExample\">\n\t\t\t\t\t      <div class=\"card-body\">\n\t\t\t\t\t        <p>\u25cf\tProfessionalizzarsi nella vendita, nella negoziazione, nella gestione dei clienti chiave, nella gestione commerciale nel modo pi\u00f9 efficiente possibile.<br \/>\n\u25cf\tOttenere un Master specialistico  in Management dei clienti chiave da una scuola aziendale di primo piano<br \/>\n&#8211; Addetto alle vendite B to B senior<br \/>\n&#8211; Manager dei clienti chiave senior<br \/>\n&#8211; Tecniche di vendita e negoziazione nel B to B<br \/>\n\u25cf\tApprofittare di un corso di aggiornamento rapido, individualizzato, assistito, 100% a distanza, su un argomento specifico (prospezione, vendita, negoziazione, sviluppo commerciale per grandi clienti, gestione delle vendite).<\/p>\n\t\t\t\t\t      <\/div>\n\t\t\t\t\t    <\/div>\n\t\t\t\t\t  <\/div>\n\t\t\t\t\t\t\t\t\t\t\t\t\t\t\t\t\t\t\t\t\t\t\t\t\t\t\t\t\t\t\t\t\t\t<\/div>\n\t\t\t<\/div>\n\t\t\t\n\t\t<\/div>\n\t<\/div>\n<\/section>\n\n<section class=\"success-single grey\">\n\t<div class=\"container-fluid\">\n\t\t<div class=\"row\">\n\t\t\t\t\t\t\t \n\t\t\t\t\t\t\t\t\t\t\n\t\t\t\t\t\t\t\t\t\t<div class=\"col-lg-7 col-md-6 col-sm-12 p-6\">\n\t\t\t\t\t\t<div>\n\t\t\t\t\t\t\t<h3>Storie di successo: Dassault Systemes<\/h3>\n\t\t\t\t\t\t\t<p>Per accelerare il suo sviluppo, Dassault Systemes promuove lo sviluppo dei commerciali che si dedicano alla vendita a distanza con un alto livello di esperienza, in affiancamento ai commerciali sul campo<\/p>\n\t\t\t\t\t\t\t<p>\n\t\t\t\t\t\t\t\t<a href=\"https:\/\/www.halifax-consulting.com\/it\/storie-di-successo\/dassault-systemes\/\" class=\"btn btn-hx btn-hx-ducky\">Continua a leggere<\/a>\n\t\t\t\t\t\t\t<\/p>\n\t\t\t\t\t\t<\/div>\n\t\t\t\t\t<\/div>\n\t\t\t\t\t<div class=\"col-lg-5 col-md-6 col-sm-12 p-0\">\n\t\t\t\t\t\t\t<figure class=\"\">\n<!-- \t\t\t\t\t\t\t\t<img decoding=\"async\" src=\"https:\/\/www.halifax-consulting.com\/it\/wp-content\/uploads\/sites\/10\/2019\/12\/halifax-consulting-success-story-3DS.jpg\" alt=\"image success-story\" \/> -->\n\t\t\t\t\t\t\t\t<img decoding=\"async\" loading=\"lazy\" src=\"https:\/\/www.halifax-consulting.com\/it\/wp-content\/uploads\/sites\/10\/2019\/12\/halifax-consulting-success-story-3DS.jpg\" alt=\"\" width=\"100%\" height=\"\" >\t\t\t\t\t\t\t<\/figure>\n\t\t\t\t\t<\/div>\n\t\t\t\t\t\t\t\t\t<\/div>\n\t<\/div>\n<\/section>\n","protected":false},"excerpt":{"rendered":"","protected":false},"author":1,"featured_media":803,"parent":0,"menu_order":20,"comment_status":"closed","ping_status":"closed","template":"","meta":[],"categories":[],"acf":[],"yoast_head":"<!-- This site is optimized with the Yoast SEO plugin v19.9 - https:\/\/yoast.com\/wordpress\/plugins\/seo\/ -->\n<title>Formazione commerciale online - Halifax Consulting<\/title>\n<meta name=\"description\" content=\"Il digital learning Halifax raggruppa tutti gli strumenti tecnologici per fare migliori progressi nelle tematiche commerciali e di management commerciale.\" \/>\n<link rel=\"canonical\" href=\"https:\/\/www.halifax-consulting.com\/it\/digital-learning\/\" \/>\n<meta property=\"og:locale\" content=\"it_IT\" \/>\n<meta property=\"og:type\" content=\"article\" \/>\n<meta property=\"og:title\" content=\"Formazione commerciale online - Halifax Consulting\" \/>\n<meta property=\"og:description\" content=\"Il digital learning Halifax raggruppa tutti gli strumenti tecnologici per fare migliori progressi nelle tematiche commerciali e di management commerciale.\" \/>\n<meta property=\"og:url\" content=\"https:\/\/www.halifax-consulting.com\/it\/digital-learning\/\" \/>\n<meta property=\"og:site_name\" content=\"Halifax Consulting \u2013 IT\" \/>\n<meta property=\"article:modified_time\" content=\"2025-05-26T14:44:24+00:00\" \/>\n<meta property=\"og:image\" content=\"https:\/\/www.halifax-consulting.com\/it\/wp-content\/uploads\/sites\/10\/2020\/02\/halifax-consulting-digital-learning.jpg\" \/>\n\t<meta property=\"og:image:width\" content=\"1000\" \/>\n\t<meta property=\"og:image:height\" content=\"360\" \/>\n\t<meta property=\"og:image:type\" content=\"image\/jpeg\" \/>\n<meta name=\"twitter:card\" content=\"summary_large_image\" \/>\n<script type=\"application\/ld+json\" class=\"yoast-schema-graph\">{\"@context\":\"https:\/\/schema.org\",\"@graph\":[{\"@type\":\"WebPage\",\"@id\":\"https:\/\/www.halifax-consulting.com\/it\/digital-learning\/\",\"url\":\"https:\/\/www.halifax-consulting.com\/it\/digital-learning\/\",\"name\":\"Formazione commerciale online - Halifax Consulting\",\"isPartOf\":{\"@id\":\"https:\/\/www.halifax-consulting.com\/it\/#website\"},\"datePublished\":\"2019-12-13T10:17:02+00:00\",\"dateModified\":\"2025-05-26T14:44:24+00:00\",\"description\":\"Il digital learning Halifax raggruppa tutti gli strumenti tecnologici per fare migliori progressi nelle tematiche commerciali e di management commerciale.\",\"breadcrumb\":{\"@id\":\"https:\/\/www.halifax-consulting.com\/it\/digital-learning\/#breadcrumb\"},\"inLanguage\":\"it-IT\",\"potentialAction\":[{\"@type\":\"ReadAction\",\"target\":[\"https:\/\/www.halifax-consulting.com\/it\/digital-learning\/\"]}]},{\"@type\":\"BreadcrumbList\",\"@id\":\"https:\/\/www.halifax-consulting.com\/it\/digital-learning\/#breadcrumb\",\"itemListElement\":[{\"@type\":\"ListItem\",\"position\":1,\"name\":\"Accueil\",\"item\":\"https:\/\/www.halifax-consulting.com\/it\/\"},{\"@type\":\"ListItem\",\"position\":2,\"name\":\"Digital &amp; IA\"}]},{\"@type\":\"WebSite\",\"@id\":\"https:\/\/www.halifax-consulting.com\/it\/#website\",\"url\":\"https:\/\/www.halifax-consulting.com\/it\/\",\"name\":\"Halifax Consulting \u2013 IT\",\"description\":\"Halifax \u00e8 un societ\u00e0 di consulenza internazionale specializzata in negoziazione e performance commerciale. Disegniamo e organizziamo progetti di formazione su larga scala per i manager e le loro squadre dal 2003 grazie a una ingegneria pedagogica...\",\"publisher\":{\"@id\":\"https:\/\/www.halifax-consulting.com\/it\/#organization\"},\"potentialAction\":[{\"@type\":\"SearchAction\",\"target\":{\"@type\":\"EntryPoint\",\"urlTemplate\":\"https:\/\/www.halifax-consulting.com\/it\/?s={search_term_string}\"},\"query-input\":\"required name=search_term_string\"}],\"inLanguage\":\"it-IT\"},{\"@type\":\"Organization\",\"@id\":\"https:\/\/www.halifax-consulting.com\/it\/#organization\",\"name\":\"Halifax Consulting\",\"url\":\"https:\/\/www.halifax-consulting.com\/it\/\",\"logo\":{\"@type\":\"ImageObject\",\"inLanguage\":\"it-IT\",\"@id\":\"https:\/\/www.halifax-consulting.com\/it\/#\/schema\/logo\/image\/\",\"url\":\"https:\/\/www.halifax-consulting.com\/it\/wp-content\/uploads\/sites\/10\/2020\/06\/Halifax_logo_EN_Transp.png\",\"contentUrl\":\"https:\/\/www.halifax-consulting.com\/it\/wp-content\/uploads\/sites\/10\/2020\/06\/Halifax_logo_EN_Transp.png\",\"width\":886,\"height\":886,\"caption\":\"Halifax Consulting\"},\"image\":{\"@id\":\"https:\/\/www.halifax-consulting.com\/it\/#\/schema\/logo\/image\/\"}}]}<\/script>\n<!-- \/ Yoast SEO plugin. -->","yoast_head_json":{"title":"Formazione commerciale online - Halifax Consulting","description":"Il digital learning Halifax raggruppa tutti gli strumenti tecnologici per fare migliori progressi nelle tematiche commerciali e di management commerciale.","canonical":"https:\/\/www.halifax-consulting.com\/it\/digital-learning\/","og_locale":"it_IT","og_type":"article","og_title":"Formazione commerciale online - Halifax Consulting","og_description":"Il digital learning Halifax raggruppa tutti gli strumenti tecnologici per fare migliori progressi nelle tematiche commerciali e di management commerciale.","og_url":"https:\/\/www.halifax-consulting.com\/it\/digital-learning\/","og_site_name":"Halifax Consulting \u2013 IT","article_modified_time":"2025-05-26T14:44:24+00:00","og_image":[{"width":1000,"height":360,"url":"https:\/\/www.halifax-consulting.com\/it\/wp-content\/uploads\/sites\/10\/2020\/02\/halifax-consulting-digital-learning.jpg","type":"image\/jpeg"}],"twitter_card":"summary_large_image","schema":{"@context":"https:\/\/schema.org","@graph":[{"@type":"WebPage","@id":"https:\/\/www.halifax-consulting.com\/it\/digital-learning\/","url":"https:\/\/www.halifax-consulting.com\/it\/digital-learning\/","name":"Formazione commerciale online - Halifax Consulting","isPartOf":{"@id":"https:\/\/www.halifax-consulting.com\/it\/#website"},"datePublished":"2019-12-13T10:17:02+00:00","dateModified":"2025-05-26T14:44:24+00:00","description":"Il digital learning Halifax raggruppa tutti gli strumenti tecnologici per fare migliori progressi nelle tematiche commerciali e di management commerciale.","breadcrumb":{"@id":"https:\/\/www.halifax-consulting.com\/it\/digital-learning\/#breadcrumb"},"inLanguage":"it-IT","potentialAction":[{"@type":"ReadAction","target":["https:\/\/www.halifax-consulting.com\/it\/digital-learning\/"]}]},{"@type":"BreadcrumbList","@id":"https:\/\/www.halifax-consulting.com\/it\/digital-learning\/#breadcrumb","itemListElement":[{"@type":"ListItem","position":1,"name":"Accueil","item":"https:\/\/www.halifax-consulting.com\/it\/"},{"@type":"ListItem","position":2,"name":"Digital &amp; IA"}]},{"@type":"WebSite","@id":"https:\/\/www.halifax-consulting.com\/it\/#website","url":"https:\/\/www.halifax-consulting.com\/it\/","name":"Halifax Consulting \u2013 IT","description":"Halifax \u00e8 un societ\u00e0 di consulenza internazionale specializzata in negoziazione e performance commerciale. Disegniamo e organizziamo progetti di formazione su larga scala per i manager e le loro squadre dal 2003 grazie a una ingegneria pedagogica...","publisher":{"@id":"https:\/\/www.halifax-consulting.com\/it\/#organization"},"potentialAction":[{"@type":"SearchAction","target":{"@type":"EntryPoint","urlTemplate":"https:\/\/www.halifax-consulting.com\/it\/?s={search_term_string}"},"query-input":"required name=search_term_string"}],"inLanguage":"it-IT"},{"@type":"Organization","@id":"https:\/\/www.halifax-consulting.com\/it\/#organization","name":"Halifax Consulting","url":"https:\/\/www.halifax-consulting.com\/it\/","logo":{"@type":"ImageObject","inLanguage":"it-IT","@id":"https:\/\/www.halifax-consulting.com\/it\/#\/schema\/logo\/image\/","url":"https:\/\/www.halifax-consulting.com\/it\/wp-content\/uploads\/sites\/10\/2020\/06\/Halifax_logo_EN_Transp.png","contentUrl":"https:\/\/www.halifax-consulting.com\/it\/wp-content\/uploads\/sites\/10\/2020\/06\/Halifax_logo_EN_Transp.png","width":886,"height":886,"caption":"Halifax Consulting"},"image":{"@id":"https:\/\/www.halifax-consulting.com\/it\/#\/schema\/logo\/image\/"}}]}},"_links":{"self":[{"href":"https:\/\/www.halifax-consulting.com\/it\/wp-json\/wp\/v2\/pages\/20"}],"collection":[{"href":"https:\/\/www.halifax-consulting.com\/it\/wp-json\/wp\/v2\/pages"}],"about":[{"href":"https:\/\/www.halifax-consulting.com\/it\/wp-json\/wp\/v2\/types\/page"}],"author":[{"embeddable":true,"href":"https:\/\/www.halifax-consulting.com\/it\/wp-json\/wp\/v2\/users\/1"}],"replies":[{"embeddable":true,"href":"https:\/\/www.halifax-consulting.com\/it\/wp-json\/wp\/v2\/comments?post=20"}],"version-history":[{"count":15,"href":"https:\/\/www.halifax-consulting.com\/it\/wp-json\/wp\/v2\/pages\/20\/revisions"}],"predecessor-version":[{"id":3442,"href":"https:\/\/www.halifax-consulting.com\/it\/wp-json\/wp\/v2\/pages\/20\/revisions\/3442"}],"wp:featuredmedia":[{"embeddable":true,"href":"https:\/\/www.halifax-consulting.com\/it\/wp-json\/wp\/v2\/media\/803"}],"wp:attachment":[{"href":"https:\/\/www.halifax-consulting.com\/it\/wp-json\/wp\/v2\/media?parent=20"}],"wp:term":[{"taxonomy":"category","embeddable":true,"href":"https:\/\/www.halifax-consulting.com\/it\/wp-json\/wp\/v2\/categories?post=20"}],"curies":[{"name":"wp","href":"https:\/\/api.w.org\/{rel}","templated":true}]}}