{"id":2541,"date":"2023-05-02T14:18:09","date_gmt":"2023-05-02T13:18:09","guid":{"rendered":"https:\/\/www.halifax-consulting.com\/it\/?page_id=2541"},"modified":"2025-05-21T15:26:00","modified_gmt":"2025-05-21T14:26:00","slug":"gestione-dei-conti-chiave-dello-studio","status":"publish","type":"page","link":"https:\/\/www.halifax-consulting.com\/it\/consulenza\/gestione-dei-conti-chiave-dello-studio\/","title":{"rendered":"Gestione dei Key Account Manager"},"content":{"rendered":"\n<div class=\"wp-block-column is-layout-flow\" style=\"flex-basis:100%\"><div class=\"container\">\n\t<div class=\"row\">\n\t\t<div class=\"col-lg-12 col-md-12 col-sm-12\">\n\t\t\t<h2 class=\"intro\">\n\t\t\t\t<strong class=\"intro-h2 d-block\">Sviluppare i vostri key account strategici<\/strong>\n\t\t\t\t<p>Un programma per Key Account Manager di successo: date alla vostra azienda i mezzi per raggiungere le proprie ambizioni!<\/p>\n<p><strong>Un&#8217;epoca che cambia<\/strong><\/p>\n<p>In un mondo competitivo e incerto, la vostra azienda cerca di ottimizzare tutti i mezzi per raggiungere i propri obiettivi commerciali. Lo status quo non &egrave; pi&ugrave; un&#8217;opzione. Un programma di successo per <strong>i Key Account <\/strong>&egrave; un prerequisito nel B2B per ottenere risultati eccellenti nella crescita organica delle vendite.<\/p>\t\t\t<\/h2>\n\t\t<\/div>\n\t<\/div>\n<\/div>\n\n\n\n<section class=\"navy cartes py-6\">\n\t\n\t<div class=\"container\">\n\t\n\t\t\n\t<div class=\"row\">\n\t\t\n\t\t<div class=\"col-lg-12 col-md-12 col-sm-12\">\n\t\t\t\n\t\t\t<h2 class=\"text-center\">\n\t\t\t\t\n\t\t\t\tLE NOSTRE SOLUZIONI PER I KEY ACCOUNT MANAGER\t\n\t\t\t<\/h2>\n\t\t\t\n\t\t<\/div>\n\t\t\n\t<\/div>\n\t\n\t\t\n\t<div class=\"row\">\n\t\t\t\t\t\n\t\t\t\t\t\t\t\n\t\t\t\t\t\t\t\t\n\t\t\t\t\t\t\t\n\t\t\t\t<div class=\"col-lg-6 col-md-6 col-sm-12\">\n\t\t\t\t\t\n\t\t\t\t\t<div class=\"carte h-100\">\n\t\t\t\t\t\t\n\t\t\t\t\t\t<h3 class=\"pb-1 carte__h3\">CONSULENZA SULL&#8217;ORGANIZZAZIONE DELLE VENDITE PER KEY ACCOUNT MANAGER <\/h3>\n\t\t\t\t\t\t<div class=\"carte__content\">\n\t\t\t\t\t\t\t<p>Un Key Account Program a volte &egrave; pi&ugrave; uno slogan o un incantesimo organizzativo che una realt&agrave;. Tuttavia, i migliori Key Account Program dimostrano il contrario. I nostri consulenti non sono teorici o giovani, ma professionisti che hanno ricoperto posizioni di responsabilit&agrave; commerciale in questi settori e vi aiutano con la consulenza per l&#8217;esecuzione.<\/p>\t\t\t\t\t\t<\/div>\n\t\t\t\t\t\t\n\t\t\t\t\t\t\t\t\t\t\t\t\n\t\t\t\t\t<\/div>\n\t\t\t\t\t\n\t\t\t\t<\/div>\n\t\t\t\t\n\t\t\t\t\t\t\t\n\t\t\t\t\t\t\t\t\n\t\t\t\t\t\t\t\n\t\t\t\t<div class=\"col-lg-6 col-md-6 col-sm-12\">\n\t\t\t\t\t\n\t\t\t\t\t<div class=\"carte h-100\">\n\t\t\t\t\t\t\n\t\t\t\t\t\t<h3 class=\"pb-1 carte__h3\">VALUTAZIONE DEL KEY ACCOUNT MANAGER <\/h3>\n\t\t\t\t\t\t<div class=\"carte__content\">\n\t\t\t\t\t\t\t<p>Molti dei nostri clienti si interrogano seriamente sull&#8217;adeguatezza dei loro team che lavorano coi clienti chiave e sulle sfide che li attendono. I migliori potenziali dell&#8217;azienda in grado di ricoprire posizioni KAM: come identificarli e come personalizzare lo sviluppo delle loro competenze?<\/p>\t\t\t\t\t\t<\/div>\n\t\t\t\t\t\t\n\t\t\t\t\t\t\t\t\t\t\t\t\n\t\t\t\t\t<\/div>\n\t\t\t\t\t\n\t\t\t\t<\/div>\n\t\t\t\t\n\t\t\t\t\t\t\t\n\t\t\t\t\t\t\t\t\n\t\t\t\t\t\t\t\n\t\t\t\t<div class=\"col-lg-6 col-md-6 col-sm-12\">\n\t\t\t\t\t\n\t\t\t\t\t<div class=\"carte h-100\">\n\t\t\t\t\t\t\n\t\t\t\t\t\t<h3 class=\"pb-1 carte__h3\">FORMAZIONE KAM <\/h3>\n\t\t\t\t\t\t<div class=\"carte__content\">\n\t\t\t\t\t\t\t<p>I risultati ottenuti dai nostri clienti con la formazione sul Key Account Management non sono un caso. Halifax offre un approccio pratico per differenziarsi nei propri mercati.<\/p>\t\t\t\t\t\t<\/div>\n\t\t\t\t\t\t\n\t\t\t\t\t\t\t\t\t\t\t\t\n\t\t\t\t\t<\/div>\n\t\t\t\t\t\n\t\t\t\t<\/div>\n\t\t\t\t\n\t\t\t\t\t\t\t\n\t\t\t\t\t\t\t\t\n\t\t\t\t\t\t\t\n\t\t\t\t<div class=\"col-lg-6 col-md-6 col-sm-12\">\n\t\t\t\t\t\n\t\t\t\t\t<div class=\"carte h-100\">\n\t\t\t\t\t\t\n\t\t\t\t\t\t<h3 class=\"pb-1 carte__h3\">FORMAZIONE SAM <\/h3>\n\t\t\t\t\t\t<div class=\"carte__content\">\n\t\t\t\t\t\t\t<p>Il nostro programma KAM to SAM vi supporta in questo cambiamento fornendovi tutte le chiavi per passare da un ottimo &#8220;Account Manager&#8221; a uno &#8220;Strategic Account Manager&#8221;.<\/p>\t\t\t\t\t\t<\/div>\n\t\t\t\t\t\t\n\t\t\t\t\t\t\t\t\t\t\t\t\n\t\t\t\t\t<\/div>\n\t\t\t\t\t\n\t\t\t\t<\/div>\n\t\t\t\t\n\t\t\t\t\n\t\t\t\n\t\t\t\t\n\t\t\t\t\n\t<\/div>\n\t\n<\/section>\n\n\n\n<section class=\"light py-6\">\n\t<div class=\"container\">\n\t\t<div class=\"row\">\n\t\t\t<div class=\"col-lg-12 col-md-12 col-sm-12\">\n\t\t\t\t\t\t\t\t<h2 class=\"text-center\">\n\t\t\t\t\t\t\t\t\t\tLE 3 PROMESSE DI UN PROGRAMMA DI GESTIONE DEI KEY ACCOUNT\t\t\t\t\t\t\t\t\t\t\t\t\t\t\t\n\t\t\t\t\t\n\t\t\t\t<\/h2>\n\t\t\t\t\t\t\t<\/div>\n\t\t<\/div>\n\t\t<div class=\"row\">\n\t\t\t<div class=\"col-lg-12 col-md-12 col-sm-12\">\n\t\t\t\t<div class=\"accordion\" id=\"args\">\n\t\t\t\t\t\t\t\t\t\t\t\t\t\t\t\t<div class=\"card\">\n\t\t\t\t\t<div class=\"card-header\" id=\"heading-1\">\n\t\t\t\t\t\t<button  type=\"button\" data-toggle=\"collapse\" data-target=\"#collapse-1\" aria-expanded=\"true\" aria-controls=\"collapse-1\">\n\t\t\t\t\t\tCRESCITA X2\t\t\t\t\t\t<i data-feather=\"chevron-down\"><\/i>\n\t\t\t\t\t\t<\/button>\n\t\t\t\t\t\t\t\t\t\t\t<\/div>\n\t\t\t\t\t<div id=\"collapse-1\" class=\"collapse show\" aria-labelledby=\"heading-1\" data-parent=\"#args\">\n\t\t\t\t\t\t<div class=\"card-body\">\n\t\t\t\t\t\t\t<p>In media, i programmi per key account generano una crescita almeno doppia rispetto alla crescita media dell&#8217;azienda.<\/p>\n\t\t\t\t\t\t<\/div>\n\t\t\t\t\t<\/div>\n\t\t\t\t<\/div>\n\t\t\t\t\t\t\t\t\t\t\t\t\t\t\t\t\t\t\t\t<div class=\"card\">\n\t\t\t\t\t<div class=\"card-header\" id=\"heading-2\">\n\t\t\t\t\t\t<button class=\"btn btn-link collapsed\" type=\"button\" data-toggle=\"collapse\" data-target=\"#collapse-2\" aria-expanded=\"false\" aria-controls=\"collapse-2\">\n\t\t\t\t\t\tUN MARGINE DEL +21%: \t\t\t\t\t\t<i data-feather=\"chevron-down\"><\/i>\n\t\t\t\t\t\t<\/button>\n\t\t\t\t\t\t\t\t\t\t\t<\/div>\n\t\t\t\t\t<div id=\"collapse-2\" class=\"collapse \" aria-labelledby=\"heading-2\" data-parent=\"#args\">\n\t\t\t\t\t\t<div class=\"card-body\">\n\t\t\t\t\t\t\t<p>I programmi per key account maturi generano in media almeno il 21% di margine in pi\u00f9 rispetto ai programmi standard.<\/p>\n\t\t\t\t\t\t<\/div>\n\t\t\t\t\t<\/div>\n\t\t\t\t<\/div>\n\t\t\t\t\t\t\t\t\t\t\t\t\t\t\t\t\t\t\t\t<div class=\"card\">\n\t\t\t\t\t<div class=\"card-header\" id=\"heading-3\">\n\t\t\t\t\t\t<button class=\"btn btn-link collapsed\" type=\"button\" data-toggle=\"collapse\" data-target=\"#collapse-3\" aria-expanded=\"false\" aria-controls=\"collapse-3\">\n\t\t\t\t\t\tSODDISFAZIONE DEI CLIENTI IN AUMENTO PER IL 73% DELLE AZIENDE\t\t\t\t\t\t<i data-feather=\"chevron-down\"><\/i>\n\t\t\t\t\t\t<\/button>\n\t\t\t\t\t\t\t\t\t\t\t<\/div>\n\t\t\t\t\t<div id=\"collapse-3\" class=\"collapse \" aria-labelledby=\"heading-3\" data-parent=\"#args\">\n\t\t\t\t\t\t<div class=\"card-body\">\n\t\t\t\t\t\t\t<p>Il 73% delle aziende con un programma di key account riporta un aumento significativo della soddisfazione dei clienti. E un cliente soddisfatto \u00e8 il miglior indicatore di crescita.<\/p>\n\t\t\t\t\t\t<\/div>\n\t\t\t\t\t<\/div>\n\t\t\t\t<\/div>\n\t\t\t\t\t\t\t\t\t\t\t\t<\/div>\n\t\t\t<\/div>\n\t\t\t\n\t\t<\/div>\n\t<\/div>\n<\/section>\n\n\n<section class=\"white py-6\">\n\t<div class=\"container\">\n\t\t<div class=\"row\">\n\t\t\t<div class=\"col-lg-12 col-md-12 col-sm-12\">\n\t\t\t\t<h2 class=\"text-center\">ESPERIENZA INTERNAZIONALE NEI PROGRAMMI KEY ACCOUNT<\/h2>\n\t\t\t<\/div>\n\t\t<\/div>\n\t\t\n\t\t<div class=\"row\">\n\t\t\t<div class=\"col-lg-12 col-md-12 col-sm-12\">\n\t\t\t\t<p>\n\t\t\t\t\t<p>Halifax Consulting ha sviluppato un centro di competenza internazionale sui Key Account Programs, sia in termini di segmentazione, processi di gestione, strumenti di gestione e competenze di vendita e leadership.<\/p>\n<p>Stabilire, identificare e sviluppare solide relazioni di fiducia con i vostri clienti e partner chiave &egrave; un esercizio difficile, ma ha due conseguenze positive: i vostri clienti strategici sentono di essere trattati con rispetto e si impegnano in conversazioni di new business. I vostri key account manager o KAM non sono pi&ugrave; percepiti come &#8220;semplici&#8221; venditori, all&#8217;interno o all&#8217;esterno. Vengono invece visti come partner strategici nelle prestazioni dei loro clienti, come &#8220;consulenti aziendali&#8221;, il che genera anche nuove opportunit&agrave; di business.<\/p>\t\t\t\t<\/p>\n\t\t\t\t\n\t\t\t<\/div>\n\n\t\t<\/div>\n\t<\/div>\n\t<\/section>\n\n<section class=\"light block-benefits-4 py-6\">\n\t<div class=\"container\">\n\t\t<div class=\"row\">\n\t\t\t<div class=\"col-lg-12 col-md-12 col-sm-12\">\n\t\t\t\t<h2 class=\"text-center\">\n\t\t\t\t\t4 CASI IN CUI UN PROGRAMMA KAM \u00c8 ASSOLUTAMENTE FONDAMENTALE\t\t\t\t\t<span class=\"h2-subtitle\"><\/span>\n\t\t\t\t\t\n\t\t\t\t\t\n\t\t\t\t<\/h2>\n\t\t\t<\/div>\n\t\t<\/div>\n\t\t<div class=\"row\">\n\t\t\t\t\n\t\t\t\t\t\n\t\t\t\t\t<div class=\"col-lg-6 col-md-6 col-sm-12 mb-4\">\n\t\t\t\t\t\t<div class=\"row\">\n\t\t\t\t\t\t\t<div class=\"col-lg-2 col-sm-3 col-sm-12\">\n\t\t\t\t\t\t\t\t<img decoding=\"async\" class=\"fadeIn\" src=\"https:\/\/www.halifax-consulting.com\/it\/wp-content\/themes\/halifax\/library\/img\/halifax-consulting-benefits-icon.svg\" alt=\"icone benefices\" width=\"100%\" \/>\n\t\t\t\t\t\t\t<\/div>\n\t\t\t\t\t\t\t<div class=\"col-lg-10 col-sm-9 col-sm-12 fadeIn\">\n\t\t\t\t\t\t\t\t<h3 class=\"benef-title\">Avete clienti ad alto potenziale<\/h3>\n\t\t\t\t\t\t\t\t<p class=\"benef-content\">Non pensate solo al volume di affari generato da un cliente. Identificate l'&#8221;alto potenziale&#8221; dei clienti non ancora maturati. Il programma KAM vi permette di sviluppare un rapporto privilegiato e duraturo con questi clienti.<br>\n\t\t\t\t\t\t\t\t\t\t\t\t\t\t\t\t\t<\/p>\n\t\t\t\t\t\t\t<\/div>\n\t\t\t\t\t\t<\/div>\n\t\t\t\t\t<\/div>\n\t\t\t\t\t\n\t\t\t\t\t\t\n\t\t\t\t\t\n\t\t\t\t\t<div class=\"col-lg-6 col-md-6 col-sm-12 mb-4\">\n\t\t\t\t\t\t<div class=\"row\">\n\t\t\t\t\t\t\t<div class=\"col-lg-2 col-sm-3 col-sm-12\">\n\t\t\t\t\t\t\t\t<img decoding=\"async\" class=\"fadeIn\" src=\"https:\/\/www.halifax-consulting.com\/it\/wp-content\/themes\/halifax\/library\/img\/halifax-consulting-benefits-icon.svg\" alt=\"icone benefices\" width=\"100%\" \/>\n\t\t\t\t\t\t\t<\/div>\n\t\t\t\t\t\t\t<div class=\"col-lg-10 col-sm-9 col-sm-12 fadeIn\">\n\t\t\t\t\t\t\t\t<h3 class=\"benef-title\">Avete problemi di fidelizzazione dei clienti<\/h3>\n\t\t\t\t\t\t\t\t<p class=\"benef-content\">\u00c8 stato dimostrato che l&#8217;acquisizione di nuovi clienti \u00e8 molto pi\u00f9 costosa della fidelizzazione di quelli esistenti. Aumentare la fidelizzazione dei clienti del 5% pu\u00f2 aumentare i profitti del 25-95%. Eppure, solo il 18% delle aziende ha una strategia e un processo di fidelizzazione dei clienti. Con un programma sui clienti chiave, potete cambiare questa situazione, soprattutto con i clienti pi\u00f9 importanti!<br>\n\t\t\t\t\t\t\t\t\t\t\t\t\t\t\t\t\t<\/p>\n\t\t\t\t\t\t\t<\/div>\n\t\t\t\t\t\t<\/div>\n\t\t\t\t\t<\/div>\n\t\t\t\t\t\n\t\t\t\t\t\t\n\t\t\t\t\t\n\t\t\t\t\t<div class=\"col-lg-6 col-md-6 col-sm-12 mb-4\">\n\t\t\t\t\t\t<div class=\"row\">\n\t\t\t\t\t\t\t<div class=\"col-lg-2 col-sm-3 col-sm-12\">\n\t\t\t\t\t\t\t\t<img decoding=\"async\" class=\"fadeIn\" src=\"https:\/\/www.halifax-consulting.com\/it\/wp-content\/themes\/halifax\/library\/img\/halifax-consulting-benefits-icon.svg\" alt=\"icone benefices\" width=\"100%\" \/>\n\t\t\t\t\t\t\t<\/div>\n\t\t\t\t\t\t\t<div class=\"col-lg-10 col-sm-9 col-sm-12 fadeIn\">\n\t\t\t\t\t\t\t\t<h3 class=\"benef-title\">Avete degli opinion leader tra i vostri clienti<\/h3>\n\t\t\t\t\t\t\t\t<p class=\"benef-content\">Con un programma KAM, svilupperete o rafforzerete le relazioni con questi opinion leader. Contribuirete attivamente alle loro prestazioni. Il valore creato per questi leader, visibile al mercato, vi dar\u00e0 la legittimit\u00e0 necessaria per accedere a tutti gli attori di questo mercato.<br>\n\t\t\t\t\t\t\t\t\t\t\t\t\t\t\t\t\t<\/p>\n\t\t\t\t\t\t\t<\/div>\n\t\t\t\t\t\t<\/div>\n\t\t\t\t\t<\/div>\n\t\t\t\t\t\n\t\t\t\t\t\t\n\t\t\t\t\t\n\t\t\t\t\t<div class=\"col-lg-6 col-md-6 col-sm-12 mb-4\">\n\t\t\t\t\t\t<div class=\"row\">\n\t\t\t\t\t\t\t<div class=\"col-lg-2 col-sm-3 col-sm-12\">\n\t\t\t\t\t\t\t\t<img decoding=\"async\" class=\"fadeIn\" src=\"https:\/\/www.halifax-consulting.com\/it\/wp-content\/themes\/halifax\/library\/img\/halifax-consulting-benefits-icon.svg\" alt=\"icone benefices\" width=\"100%\" \/>\n\t\t\t\t\t\t\t<\/div>\n\t\t\t\t\t\t\t<div class=\"col-lg-10 col-sm-9 col-sm-12 fadeIn\">\n\t\t\t\t\t\t\t\t<h3 class=\"benef-title\">Siete un&#8217;azienda innovativa<\/h3>\n\t\t\t\t\t\t\t\t<p class=\"benef-content\">Un Key Account Program vi aiuter\u00e0 a convincere i vostri clienti della differenza che fanno le vostre innovazioni. Vendere innovazione rende la vendita pi\u00f9 complessa, a causa della dimensione necessaria per accompagnare l&#8217;organizzazione dei vostri clienti nel cambiamento.<br>\n\t\t\t\t\t\t\t\t\t\t\t\t\t\t\t\t\t<\/p>\n\t\t\t\t\t\t\t<\/div>\n\t\t\t\t\t\t<\/div>\n\t\t\t\t\t<\/div>\n\t\t\t\t\t\n\t\t\t\t\t\t\t\t\n\t\t<\/div>\n\t<\/div>\n<\/section>\n\n<section class=\"block_texte_cta\">\n\t<div class=\"container\">\n\t\t<div class=\"row\">\n\t\t\n\t\t\t<div class=\"col-lg-6 col-md-6 col-sm-12 block_texte_cta--contenu\">\n\t\t\t\t\n\t\t\t\tVolete saperne di pi\u00f9 sui nostri programmi di Key Account Management?\t\t\t\t\n\t\t\t<\/div>\n\t\t\t<div class=\"col-lg-6 col-md-6 col-sm-12 block_texte_cta--bouton\">\n\t\t\t\t\n\t\t\t\t<a class=\"btn\" href=\"https:\/\/forms.zohopublic.com\/andernagroup\/form\/itcontact\/formperma\/7aU524mdSz0_GeQBUhaX_4c_boaQoQFomRobjK-SuZI\" title=\"Contattateci\">Contattateci<\/a>\n\t\t\t\t\n\t\t\t<\/div>\n\t\t\n\t\t<\/div>\n\t<\/div>\n\t\n<\/section><\/div>\n\n\n<section class=\"success-single grey\">\n\t<div class=\"container-fluid\">\n\t\t<div class=\"row\">\n\t\t\t\t\t\t\t \n\t\t\t\t\t\t\t\t\t\t\n\t\t\t\t\t\t\t\t\t\t<div class=\"col-lg-7 col-md-6 col-sm-12 p-6\">\n\t\t\t\t\t\t<div>\n\t\t\t\t\t\t\t<h3>Storie di successo: Azienda di trattamento delle acque e dei rifiuti<\/h3>\n\t\t\t\t\t\t\t<p>Partner di imprese e collettivit\u00e0, l\u2019azienda ambisce a diventare produttore di risorse rinnovabili di riferimento in Francia<\/p>\n\t\t\t\t\t\t\t<p>\n\t\t\t\t\t\t\t\t<a href=\"https:\/\/www.halifax-consulting.com\/it\/storie-di-successo\/azienda-trattamento-acque-rifiuti\/\" class=\"btn btn-hx btn-hx-ducky\">Continua a leggere<\/a>\n\t\t\t\t\t\t\t<\/p>\n\t\t\t\t\t\t<\/div>\n\t\t\t\t\t<\/div>\n\t\t\t\t\t<div class=\"col-lg-5 col-md-6 col-sm-12 p-0\">\n\t\t\t\t\t\t\t<figure class=\"\">\n<!-- \t\t\t\t\t\t\t\t<img decoding=\"async\" src=\"https:\/\/www.halifax-consulting.com\/it\/wp-content\/uploads\/sites\/10\/2020\/04\/halifax-consulting-success-story-Veolia.jpg\" alt=\"image success-story\" \/> -->\n\t\t\t\t\t\t\t\t<img decoding=\"async\" loading=\"lazy\" src=\"https:\/\/www.halifax-consulting.com\/it\/wp-content\/uploads\/sites\/10\/2020\/04\/halifax-consulting-success-story-Veolia.jpg\" alt=\"\" width=\"100%\" height=\"\" >\t\t\t\t\t\t\t<\/figure>\n\t\t\t\t\t<\/div>\n\t\t\t\t\t\t\t\t\t<\/div>\n\t<\/div>\n<\/section>\n","protected":false},"excerpt":{"rendered":"","protected":false},"author":17,"featured_media":2543,"parent":1441,"menu_order":10,"comment_status":"closed","ping_status":"closed","template":"","meta":[],"categories":[],"acf":[],"yoast_head":"<!-- This site is optimized with the Yoast SEO plugin v19.9 - https:\/\/yoast.com\/wordpress\/plugins\/seo\/ -->\n<title>Gestione dei Key Account Manager | Halifax Consulting \u2013 IT<\/title>\n<meta name=\"description\" content=\"Un programma per Key Account Manager di successo: date alla vostra azienda i mezzi per raggiungere le proprie ambizioni!\" \/>\n<link rel=\"canonical\" href=\"https:\/\/www.halifax-consulting.com\/it\/consulenza\/gestione-dei-conti-chiave-dello-studio\/\" \/>\n<meta property=\"og:locale\" content=\"it_IT\" \/>\n<meta property=\"og:type\" content=\"article\" \/>\n<meta property=\"og:title\" content=\"Gestione dei Key Account Manager | Halifax Consulting \u2013 IT\" \/>\n<meta property=\"og:description\" content=\"Un programma per Key Account Manager di successo: date alla vostra azienda i mezzi per raggiungere le proprie ambizioni!\" \/>\n<meta property=\"og:url\" content=\"https:\/\/www.halifax-consulting.com\/it\/consulenza\/gestione-dei-conti-chiave-dello-studio\/\" \/>\n<meta property=\"og:site_name\" content=\"Halifax Consulting \u2013 IT\" \/>\n<meta property=\"article:modified_time\" content=\"2025-05-21T14:26:00+00:00\" \/>\n<meta property=\"og:image\" content=\"https:\/\/www.halifax-consulting.com\/it\/wp-content\/uploads\/sites\/10\/2023\/05\/formation-nego.jpg\" \/>\n\t<meta property=\"og:image:width\" content=\"1000\" \/>\n\t<meta property=\"og:image:height\" content=\"360\" \/>\n\t<meta property=\"og:image:type\" content=\"image\/jpeg\" \/>\n<meta name=\"twitter:card\" content=\"summary_large_image\" \/>\n<script type=\"application\/ld+json\" class=\"yoast-schema-graph\">{\"@context\":\"https:\/\/schema.org\",\"@graph\":[{\"@type\":\"WebPage\",\"@id\":\"https:\/\/www.halifax-consulting.com\/it\/consulenza\/gestione-dei-conti-chiave-dello-studio\/\",\"url\":\"https:\/\/www.halifax-consulting.com\/it\/consulenza\/gestione-dei-conti-chiave-dello-studio\/\",\"name\":\"Gestione dei Key Account Manager | Halifax Consulting \u2013 IT\",\"isPartOf\":{\"@id\":\"https:\/\/www.halifax-consulting.com\/it\/#website\"},\"datePublished\":\"2023-05-02T13:18:09+00:00\",\"dateModified\":\"2025-05-21T14:26:00+00:00\",\"description\":\"Un programma per Key Account Manager di successo: date alla vostra azienda i mezzi per raggiungere le proprie ambizioni!\",\"breadcrumb\":{\"@id\":\"https:\/\/www.halifax-consulting.com\/it\/consulenza\/gestione-dei-conti-chiave-dello-studio\/#breadcrumb\"},\"inLanguage\":\"it-IT\",\"potentialAction\":[{\"@type\":\"ReadAction\",\"target\":[\"https:\/\/www.halifax-consulting.com\/it\/consulenza\/gestione-dei-conti-chiave-dello-studio\/\"]}]},{\"@type\":\"BreadcrumbList\",\"@id\":\"https:\/\/www.halifax-consulting.com\/it\/consulenza\/gestione-dei-conti-chiave-dello-studio\/#breadcrumb\",\"itemListElement\":[{\"@type\":\"ListItem\",\"position\":1,\"name\":\"Accueil\",\"item\":\"https:\/\/www.halifax-consulting.com\/it\/\"},{\"@type\":\"ListItem\",\"position\":2,\"name\":\"Consulenza\",\"item\":\"https:\/\/www.halifax-consulting.com\/it\/consulenza\/\"},{\"@type\":\"ListItem\",\"position\":3,\"name\":\"Gestione dei Key Account Manager\"}]},{\"@type\":\"WebSite\",\"@id\":\"https:\/\/www.halifax-consulting.com\/it\/#website\",\"url\":\"https:\/\/www.halifax-consulting.com\/it\/\",\"name\":\"Halifax Consulting \u2013 IT\",\"description\":\"Halifax \u00e8 un societ\u00e0 di consulenza internazionale specializzata in negoziazione e performance commerciale. Disegniamo e organizziamo progetti di formazione su larga scala per i manager e le loro squadre dal 2003 grazie a una ingegneria pedagogica...\",\"publisher\":{\"@id\":\"https:\/\/www.halifax-consulting.com\/it\/#organization\"},\"potentialAction\":[{\"@type\":\"SearchAction\",\"target\":{\"@type\":\"EntryPoint\",\"urlTemplate\":\"https:\/\/www.halifax-consulting.com\/it\/?s={search_term_string}\"},\"query-input\":\"required name=search_term_string\"}],\"inLanguage\":\"it-IT\"},{\"@type\":\"Organization\",\"@id\":\"https:\/\/www.halifax-consulting.com\/it\/#organization\",\"name\":\"Halifax Consulting\",\"url\":\"https:\/\/www.halifax-consulting.com\/it\/\",\"logo\":{\"@type\":\"ImageObject\",\"inLanguage\":\"it-IT\",\"@id\":\"https:\/\/www.halifax-consulting.com\/it\/#\/schema\/logo\/image\/\",\"url\":\"https:\/\/www.halifax-consulting.com\/it\/wp-content\/uploads\/sites\/10\/2020\/06\/Halifax_logo_EN_Transp.png\",\"contentUrl\":\"https:\/\/www.halifax-consulting.com\/it\/wp-content\/uploads\/sites\/10\/2020\/06\/Halifax_logo_EN_Transp.png\",\"width\":886,\"height\":886,\"caption\":\"Halifax Consulting\"},\"image\":{\"@id\":\"https:\/\/www.halifax-consulting.com\/it\/#\/schema\/logo\/image\/\"}}]}<\/script>\n<!-- \/ Yoast SEO plugin. -->","yoast_head_json":{"title":"Gestione dei Key Account Manager | Halifax Consulting \u2013 IT","description":"Un programma per Key Account Manager di successo: date alla vostra azienda i mezzi per raggiungere le proprie ambizioni!","canonical":"https:\/\/www.halifax-consulting.com\/it\/consulenza\/gestione-dei-conti-chiave-dello-studio\/","og_locale":"it_IT","og_type":"article","og_title":"Gestione dei Key Account Manager | Halifax Consulting \u2013 IT","og_description":"Un programma per Key Account Manager di successo: date alla vostra azienda i mezzi per raggiungere le proprie ambizioni!","og_url":"https:\/\/www.halifax-consulting.com\/it\/consulenza\/gestione-dei-conti-chiave-dello-studio\/","og_site_name":"Halifax Consulting \u2013 IT","article_modified_time":"2025-05-21T14:26:00+00:00","og_image":[{"width":1000,"height":360,"url":"https:\/\/www.halifax-consulting.com\/it\/wp-content\/uploads\/sites\/10\/2023\/05\/formation-nego.jpg","type":"image\/jpeg"}],"twitter_card":"summary_large_image","schema":{"@context":"https:\/\/schema.org","@graph":[{"@type":"WebPage","@id":"https:\/\/www.halifax-consulting.com\/it\/consulenza\/gestione-dei-conti-chiave-dello-studio\/","url":"https:\/\/www.halifax-consulting.com\/it\/consulenza\/gestione-dei-conti-chiave-dello-studio\/","name":"Gestione dei Key Account Manager | Halifax Consulting \u2013 IT","isPartOf":{"@id":"https:\/\/www.halifax-consulting.com\/it\/#website"},"datePublished":"2023-05-02T13:18:09+00:00","dateModified":"2025-05-21T14:26:00+00:00","description":"Un programma per Key Account Manager di successo: date alla vostra azienda i mezzi per raggiungere le proprie ambizioni!","breadcrumb":{"@id":"https:\/\/www.halifax-consulting.com\/it\/consulenza\/gestione-dei-conti-chiave-dello-studio\/#breadcrumb"},"inLanguage":"it-IT","potentialAction":[{"@type":"ReadAction","target":["https:\/\/www.halifax-consulting.com\/it\/consulenza\/gestione-dei-conti-chiave-dello-studio\/"]}]},{"@type":"BreadcrumbList","@id":"https:\/\/www.halifax-consulting.com\/it\/consulenza\/gestione-dei-conti-chiave-dello-studio\/#breadcrumb","itemListElement":[{"@type":"ListItem","position":1,"name":"Accueil","item":"https:\/\/www.halifax-consulting.com\/it\/"},{"@type":"ListItem","position":2,"name":"Consulenza","item":"https:\/\/www.halifax-consulting.com\/it\/consulenza\/"},{"@type":"ListItem","position":3,"name":"Gestione dei Key Account Manager"}]},{"@type":"WebSite","@id":"https:\/\/www.halifax-consulting.com\/it\/#website","url":"https:\/\/www.halifax-consulting.com\/it\/","name":"Halifax Consulting \u2013 IT","description":"Halifax \u00e8 un societ\u00e0 di consulenza internazionale specializzata in negoziazione e performance commerciale. Disegniamo e organizziamo progetti di formazione su larga scala per i manager e le loro squadre dal 2003 grazie a una ingegneria pedagogica...","publisher":{"@id":"https:\/\/www.halifax-consulting.com\/it\/#organization"},"potentialAction":[{"@type":"SearchAction","target":{"@type":"EntryPoint","urlTemplate":"https:\/\/www.halifax-consulting.com\/it\/?s={search_term_string}"},"query-input":"required name=search_term_string"}],"inLanguage":"it-IT"},{"@type":"Organization","@id":"https:\/\/www.halifax-consulting.com\/it\/#organization","name":"Halifax Consulting","url":"https:\/\/www.halifax-consulting.com\/it\/","logo":{"@type":"ImageObject","inLanguage":"it-IT","@id":"https:\/\/www.halifax-consulting.com\/it\/#\/schema\/logo\/image\/","url":"https:\/\/www.halifax-consulting.com\/it\/wp-content\/uploads\/sites\/10\/2020\/06\/Halifax_logo_EN_Transp.png","contentUrl":"https:\/\/www.halifax-consulting.com\/it\/wp-content\/uploads\/sites\/10\/2020\/06\/Halifax_logo_EN_Transp.png","width":886,"height":886,"caption":"Halifax Consulting"},"image":{"@id":"https:\/\/www.halifax-consulting.com\/it\/#\/schema\/logo\/image\/"}}]}},"_links":{"self":[{"href":"https:\/\/www.halifax-consulting.com\/it\/wp-json\/wp\/v2\/pages\/2541"}],"collection":[{"href":"https:\/\/www.halifax-consulting.com\/it\/wp-json\/wp\/v2\/pages"}],"about":[{"href":"https:\/\/www.halifax-consulting.com\/it\/wp-json\/wp\/v2\/types\/page"}],"author":[{"embeddable":true,"href":"https:\/\/www.halifax-consulting.com\/it\/wp-json\/wp\/v2\/users\/17"}],"replies":[{"embeddable":true,"href":"https:\/\/www.halifax-consulting.com\/it\/wp-json\/wp\/v2\/comments?post=2541"}],"version-history":[{"count":4,"href":"https:\/\/www.halifax-consulting.com\/it\/wp-json\/wp\/v2\/pages\/2541\/revisions"}],"predecessor-version":[{"id":3414,"href":"https:\/\/www.halifax-consulting.com\/it\/wp-json\/wp\/v2\/pages\/2541\/revisions\/3414"}],"up":[{"embeddable":true,"href":"https:\/\/www.halifax-consulting.com\/it\/wp-json\/wp\/v2\/pages\/1441"}],"wp:featuredmedia":[{"embeddable":true,"href":"https:\/\/www.halifax-consulting.com\/it\/wp-json\/wp\/v2\/media\/2543"}],"wp:attachment":[{"href":"https:\/\/www.halifax-consulting.com\/it\/wp-json\/wp\/v2\/media?parent=2541"}],"wp:term":[{"taxonomy":"category","embeddable":true,"href":"https:\/\/www.halifax-consulting.com\/it\/wp-json\/wp\/v2\/categories?post=2541"}],"curies":[{"name":"wp","href":"https:\/\/api.w.org\/{rel}","templated":true}]}}