{"id":2544,"date":"2023-05-02T14:26:57","date_gmt":"2023-05-02T13:26:57","guid":{"rendered":"https:\/\/www.halifax-consulting.com\/it\/?page_id=2544"},"modified":"2025-05-21T15:27:34","modified_gmt":"2025-05-21T14:27:34","slug":"diagnosi-dellorganizzazione-di-vendita-e-segmentazione-del-portafoglio-clienti","status":"publish","type":"page","link":"https:\/\/www.halifax-consulting.com\/it\/consulenza\/diagnosi-dellorganizzazione-di-vendita-e-segmentazione-del-portafoglio-clienti\/","title":{"rendered":"Diagnosi dell&#8217;organizzazione di vendita e segmentazione del portafoglio clienti"},"content":{"rendered":"<div class=\"container\">\n\t<div class=\"row\">\n\t\t<div class=\"col-lg-12 col-md-12 col-sm-12\">\n\t\t\t<h2 class=\"intro\">\n\t\t\t\t<strong class=\"intro-h2 d-block\">Una piattaforma completa che riunisce le energie dei vostri team di vendita attraverso una gestione strategica dei clienti ottimale e strutturata.<\/strong>\n\t\t\t\t<p>Allineate gli sforzi dei vostri team di vendita per fidelizzare i clienti migliori, massimizzare il valore dei clienti ad alto potenziale e qualificare i potenziali clienti costruendo un piano di crescita delle vendite personalizzato.<\/p>\n<p>Venturi &egrave; una <strong>soluzione strategica per la gestione dei clienti.<\/strong><\/p>\n<p>Un piano di vendita strutturato, focalizzato sui clienti a pi&ugrave; alto potenziale, &egrave; la chiave per far crescere la vostra attivit&agrave;.<\/p>\n<p>Venturi vi permette di fare proprio questo. Questo semplice strumento <strong>si collega direttamente alla vostra <\/strong>piattaforma <strong>CRM <\/strong>(Customer Relationship Management) e vi aiuta a costruire un piano di vendita strutturato che il vostro team pu&ograve; facilmente monitorare ed eseguire in tre semplici passaggi:<\/p>\n<ol>\n<li><strong>Analizzare le vendite<\/strong><\/li>\n<li><strong>Categorizzazione automatica dei clienti<\/strong><\/li>\n<li><strong>Programmare le attivit&agrave; di vendita nell&#8217;agenda del team di vendita.<\/strong><\/li>\n<\/ol>\n<p>Venturi vi offre anche <strong>una diagnosi flash della vostra organizzazione di vendita, basata su uno studio di 180 criteri <\/strong>che analizza tutti i vostri processi di vendita e la vostra &#8220;efficienza di vendita&#8221;. Questa diagnosi viene effettuata online in un formato collaborativo con i vostri team di gestione e vi consente di effettuare un benchmark della vostra organizzazione di vendita.<\/p>\t\t\t<\/h2>\n\t\t<\/div>\n\t<\/div>\n<\/div>\n\n\n<section class=\"navy block-benefits-4 py-6\">\n\t<div class=\"container\">\n\t\t<div class=\"row\">\n\t\t\t<div class=\"col-lg-12 col-md-12 col-sm-12\">\n\t\t\t\t<h2 class=\"text-center\">\n\t\t\t\t\tVENTURI COMPRENDE DIVERSE APPLICAZIONI PER:\t\t\t\t\t<span class=\"h2-subtitle\"><\/span>\n\t\t\t\t\t\n\t\t\t\t\t\n\t\t\t\t<\/h2>\n\t\t\t<\/div>\n\t\t<\/div>\n\t\t<div class=\"row\">\n\t\t\t\t\n\t\t\t\t\t\n\t\t\t\t\t<div class=\"col-lg-6 col-md-6 col-sm-12 mb-4\">\n\t\t\t\t\t\t<div class=\"row\">\n\t\t\t\t\t\t\t<div class=\"col-lg-2 col-sm-3 col-sm-12\">\n\t\t\t\t\t\t\t\t<img decoding=\"async\" class=\"fadeIn\" src=\"https:\/\/www.halifax-consulting.com\/it\/wp-content\/themes\/halifax\/library\/img\/halifax-consulting-benefits-icon.svg\" alt=\"icone benefices\" width=\"100%\" \/>\n\t\t\t\t\t\t\t<\/div>\n\t\t\t\t\t\t\t<div class=\"col-lg-10 col-sm-9 col-sm-12 fadeIn\">\n\t\t\t\t\t\t\t\t<h3 class=\"benef-title\">Analizzare<\/h3>\n\t\t\t\t\t\t\t\t<p class=\"benef-content\">Analisi approfondita del vostro portafoglio clienti.<br>\n\t\t\t\t\t\t\t\t\t\t\t\t\t\t\t\t\t<\/p>\n\t\t\t\t\t\t\t<\/div>\n\t\t\t\t\t\t<\/div>\n\t\t\t\t\t<\/div>\n\t\t\t\t\t\n\t\t\t\t\t\t\n\t\t\t\t\t\n\t\t\t\t\t<div class=\"col-lg-6 col-md-6 col-sm-12 mb-4\">\n\t\t\t\t\t\t<div class=\"row\">\n\t\t\t\t\t\t\t<div class=\"col-lg-2 col-sm-3 col-sm-12\">\n\t\t\t\t\t\t\t\t<img decoding=\"async\" class=\"fadeIn\" src=\"https:\/\/www.halifax-consulting.com\/it\/wp-content\/themes\/halifax\/library\/img\/halifax-consulting-benefits-icon.svg\" alt=\"icone benefices\" width=\"100%\" \/>\n\t\t\t\t\t\t\t<\/div>\n\t\t\t\t\t\t\t<div class=\"col-lg-10 col-sm-9 col-sm-12 fadeIn\">\n\t\t\t\t\t\t\t\t<h3 class=\"benef-title\">Segmentare<\/h3>\n\t\t\t\t\t\t\t\t<p class=\"benef-content\">Segmentazione dei clienti in base al loro potenziale.<br>\n\t\t\t\t\t\t\t\t\t\t\t\t\t\t\t\t\t<\/p>\n\t\t\t\t\t\t\t<\/div>\n\t\t\t\t\t\t<\/div>\n\t\t\t\t\t<\/div>\n\t\t\t\t\t\n\t\t\t\t\t\t\n\t\t\t\t\t\n\t\t\t\t\t<div class=\"col-lg-6 col-md-6 col-sm-12 mb-4\">\n\t\t\t\t\t\t<div class=\"row\">\n\t\t\t\t\t\t\t<div class=\"col-lg-2 col-sm-3 col-sm-12\">\n\t\t\t\t\t\t\t\t<img decoding=\"async\" class=\"fadeIn\" src=\"https:\/\/www.halifax-consulting.com\/it\/wp-content\/themes\/halifax\/library\/img\/halifax-consulting-benefits-icon.svg\" alt=\"icone benefices\" width=\"100%\" \/>\n\t\t\t\t\t\t\t<\/div>\n\t\t\t\t\t\t\t<div class=\"col-lg-10 col-sm-9 col-sm-12 fadeIn\">\n\t\t\t\t\t\t\t\t<h3 class=\"benef-title\">Identificare<\/h3>\n\t\t\t\t\t\t\t\t<p class=\"benef-content\">Identificazione delle attivit\u00e0 e della loro frequenza necessarie per la vostra forza vendita.<br>\n\t\t\t\t\t\t\t\t\t\t\t\t\t\t\t\t\t<\/p>\n\t\t\t\t\t\t\t<\/div>\n\t\t\t\t\t\t<\/div>\n\t\t\t\t\t<\/div>\n\t\t\t\t\t\n\t\t\t\t\t\t\n\t\t\t\t\t\n\t\t\t\t\t<div class=\"col-lg-6 col-md-6 col-sm-12 mb-4\">\n\t\t\t\t\t\t<div class=\"row\">\n\t\t\t\t\t\t\t<div class=\"col-lg-2 col-sm-3 col-sm-12\">\n\t\t\t\t\t\t\t\t<img decoding=\"async\" class=\"fadeIn\" src=\"https:\/\/www.halifax-consulting.com\/it\/wp-content\/themes\/halifax\/library\/img\/halifax-consulting-benefits-icon.svg\" alt=\"icone benefices\" width=\"100%\" \/>\n\t\t\t\t\t\t\t<\/div>\n\t\t\t\t\t\t\t<div class=\"col-lg-10 col-sm-9 col-sm-12 fadeIn\">\n\t\t\t\t\t\t\t\t<h3 class=\"benef-title\">Definire le priorit\u00e0<\/h3>\n\t\t\t\t\t\t\t\t<p class=\"benef-content\">Dare priorit\u00e0 agli sforzi del team di vendita nella loro agenda.<br>\n\t\t\t\t\t\t\t\t\t\t\t\t\t\t\t\t\t<\/p>\n\t\t\t\t\t\t\t<\/div>\n\t\t\t\t\t\t<\/div>\n\t\t\t\t\t<\/div>\n\t\t\t\t\t\n\t\t\t\t\t\t\t\t\n\t\t<\/div>\n\t<\/div>\n<\/section>\n\n<section class=\"light bloc-texte-image p-0\">\t\n\t<div class=\"container-fluid\">\n\t\t<div class=\"row\">\n\t\t\t\t\t\t\n\t\t\t<div class=\"col-lg-8 col-md-6 col-md-12 p-6 bloc-texte-image--content\">\n\t\t\t\t<h4>A MONTE DELLA GESTIONE STRATEGICA DEL VOSTRO PORTAFOGLIO CLIENTI, VENTURI OFFRE ANCHE UNA DIAGNOSI DELLA VOSTRA ORGANIZZAZIONE DI VENDITA<\/h4>\n\t\t\t\t<p>La vostra funzione di vendita (obiettivi, struttura, processi, gestione del team, gestione dei clienti, gestione degli intermediari, pannello di controllo&#8230;) \u00e8 in grado di aumentare le possibilit\u00e0 di raggiungere gli obiettivi di vendita anno dopo anno? Identificate, grazie all&#8217;indice di maturit\u00e0, i miglioramenti che avranno il maggiore impatto a breve e medio termine sul raggiungimento dei vostri obiettivi.<\/p>\n\t\t\t\t\t\t\t\t<p><a class=\"btn btn-hx btn-hx-orange\" href=\"https:\/\/forms.zohopublic.com\/andernagroup\/form\/itcontact\/formperma\/7aU524mdSz0_GeQBUhaX_4c_boaQoQFomRobjK-SuZI\">Per saperne di pi\u00f9<\/a><\/p>\n\t\t\t\t\t\t\t<\/div>\n\t\t\t\n\t\t\t\t\t\t<div class=\"col-lg-4 col-md-6 col-md-12 p-0\">\n\t\t\t\t<figure>\n<!-- \t\t\t\t\t<img decoding=\"async\" src=\"https:\/\/www.halifax-consulting.com\/it\/wp-content\/uploads\/sites\/10\/2025\/02\/WatchList-Training-Industry-2025-Halifax-Consulting.jpg\" alt=\"photo\" width=\"100%\" \/> -->\n\t\t\t\t\t<img decoding=\"async\" loading=\"lazy\" src=\"https:\/\/www.halifax-consulting.com\/it\/wp-content\/uploads\/sites\/10\/2025\/02\/WatchList-Training-Industry-2025-Halifax-Consulting.jpg\" alt=\"\" width=\"100%\" height=\"\" >\t\t\t\t<\/figure>\n\t\t\t<\/div>\n\t\t\t\t\t<\/div>\n\t<\/div>\n<\/section>\n\n<section class=\"success-single grey\">\n\t<div class=\"container-fluid\">\n\t\t<div class=\"row\">\n\t\t\t\t\t\t\t \n\t\t\t\t\t\t\t\t\t\t\n\t\t\t\t\t\t\t\t\t\t<div class=\"col-lg-7 col-md-6 col-sm-12 p-6\">\n\t\t\t\t\t\t<div>\n\t\t\t\t\t\t\t<h3>Storie di successo: Airbus<\/h3>\n\t\t\t\t\t\t\t<p>Davanti alle sue sfide commerciali, Airbus deve trovare dei mezzi agili per sviluppare le competenze commerciali di numerose persone diverse, sparpagliate in tutto il mondo<\/p>\n\t\t\t\t\t\t\t<p>\n\t\t\t\t\t\t\t\t<a href=\"https:\/\/www.halifax-consulting.com\/it\/storie-di-successo\/airbus\/\" class=\"btn btn-hx btn-hx-ducky\">Continua a leggere<\/a>\n\t\t\t\t\t\t\t<\/p>\n\t\t\t\t\t\t<\/div>\n\t\t\t\t\t<\/div>\n\t\t\t\t\t<div class=\"col-lg-5 col-md-6 col-sm-12 p-0\">\n\t\t\t\t\t\t\t<figure class=\"\">\n<!-- \t\t\t\t\t\t\t\t<img decoding=\"async\" src=\"https:\/\/www.halifax-consulting.com\/it\/wp-content\/uploads\/sites\/10\/2020\/02\/halifax-consulting-success-story-Airbus-2-1.jpg\" alt=\"image success-story\" \/> -->\n\t\t\t\t\t\t\t\t<img decoding=\"async\" loading=\"lazy\" src=\"https:\/\/www.halifax-consulting.com\/it\/wp-content\/uploads\/sites\/10\/2020\/02\/halifax-consulting-success-story-Airbus-2-1.jpg\" alt=\"\" width=\"100%\" height=\"\" >\t\t\t\t\t\t\t<\/figure>\n\t\t\t\t\t<\/div>\n\t\t\t\t\t\t\t\t\t<\/div>\n\t<\/div>\n<\/section>\n","protected":false},"excerpt":{"rendered":"","protected":false},"author":17,"featured_media":2572,"parent":1441,"menu_order":40,"comment_status":"closed","ping_status":"closed","template":"","meta":[],"categories":[],"acf":[],"yoast_head":"<!-- This site is optimized with the Yoast SEO plugin v19.9 - https:\/\/yoast.com\/wordpress\/plugins\/seo\/ -->\n<title>Diagnosi dell&#039;organizzazione di vendita e segmentazione del portafoglio clienti | Halifax Consulting \u2013 IT<\/title>\n<meta name=\"description\" content=\"Una piattaforma completa che riunisce le energie dei vostri team di vendita attraverso una gestione strategica dei clienti ottimale...\" \/>\n<link rel=\"canonical\" href=\"https:\/\/www.halifax-consulting.com\/it\/consulenza\/diagnosi-dellorganizzazione-di-vendita-e-segmentazione-del-portafoglio-clienti\/\" \/>\n<meta property=\"og:locale\" content=\"it_IT\" \/>\n<meta property=\"og:type\" content=\"article\" \/>\n<meta property=\"og:title\" content=\"Diagnosi dell&#039;organizzazione di vendita e segmentazione del portafoglio clienti | Halifax Consulting \u2013 IT\" \/>\n<meta property=\"og:description\" content=\"Una piattaforma completa che riunisce le energie dei vostri team di vendita attraverso una gestione strategica dei clienti ottimale...\" \/>\n<meta property=\"og:url\" content=\"https:\/\/www.halifax-consulting.com\/it\/consulenza\/diagnosi-dellorganizzazione-di-vendita-e-segmentazione-del-portafoglio-clienti\/\" \/>\n<meta property=\"og:site_name\" content=\"Halifax Consulting \u2013 IT\" \/>\n<meta property=\"article:modified_time\" content=\"2025-05-21T14:27:34+00:00\" \/>\n<meta property=\"og:image\" content=\"https:\/\/www.halifax-consulting.com\/it\/wp-content\/uploads\/sites\/10\/2023\/05\/visuel-bandeaux-autres-formations_venturi.png\" \/>\n\t<meta property=\"og:image:width\" content=\"8809\" \/>\n\t<meta property=\"og:image:height\" content=\"1625\" \/>\n\t<meta property=\"og:image:type\" content=\"image\/png\" \/>\n<meta name=\"twitter:card\" content=\"summary_large_image\" \/>\n<script type=\"application\/ld+json\" class=\"yoast-schema-graph\">{\"@context\":\"https:\/\/schema.org\",\"@graph\":[{\"@type\":\"WebPage\",\"@id\":\"https:\/\/www.halifax-consulting.com\/it\/consulenza\/diagnosi-dellorganizzazione-di-vendita-e-segmentazione-del-portafoglio-clienti\/\",\"url\":\"https:\/\/www.halifax-consulting.com\/it\/consulenza\/diagnosi-dellorganizzazione-di-vendita-e-segmentazione-del-portafoglio-clienti\/\",\"name\":\"Diagnosi dell'organizzazione di vendita e segmentazione del portafoglio clienti | Halifax Consulting \u2013 IT\",\"isPartOf\":{\"@id\":\"https:\/\/www.halifax-consulting.com\/it\/#website\"},\"datePublished\":\"2023-05-02T13:26:57+00:00\",\"dateModified\":\"2025-05-21T14:27:34+00:00\",\"description\":\"Una piattaforma completa che riunisce le energie dei vostri team di vendita attraverso una gestione strategica dei clienti ottimale...\",\"breadcrumb\":{\"@id\":\"https:\/\/www.halifax-consulting.com\/it\/consulenza\/diagnosi-dellorganizzazione-di-vendita-e-segmentazione-del-portafoglio-clienti\/#breadcrumb\"},\"inLanguage\":\"it-IT\",\"potentialAction\":[{\"@type\":\"ReadAction\",\"target\":[\"https:\/\/www.halifax-consulting.com\/it\/consulenza\/diagnosi-dellorganizzazione-di-vendita-e-segmentazione-del-portafoglio-clienti\/\"]}]},{\"@type\":\"BreadcrumbList\",\"@id\":\"https:\/\/www.halifax-consulting.com\/it\/consulenza\/diagnosi-dellorganizzazione-di-vendita-e-segmentazione-del-portafoglio-clienti\/#breadcrumb\",\"itemListElement\":[{\"@type\":\"ListItem\",\"position\":1,\"name\":\"Accueil\",\"item\":\"https:\/\/www.halifax-consulting.com\/it\/\"},{\"@type\":\"ListItem\",\"position\":2,\"name\":\"Consulenza\",\"item\":\"https:\/\/www.halifax-consulting.com\/it\/consulenza\/\"},{\"@type\":\"ListItem\",\"position\":3,\"name\":\"Diagnosi dell&rsquo;organizzazione di vendita e segmentazione del portafoglio clienti\"}]},{\"@type\":\"WebSite\",\"@id\":\"https:\/\/www.halifax-consulting.com\/it\/#website\",\"url\":\"https:\/\/www.halifax-consulting.com\/it\/\",\"name\":\"Halifax Consulting \u2013 IT\",\"description\":\"Halifax \u00e8 un societ\u00e0 di consulenza internazionale specializzata in negoziazione e performance commerciale. Disegniamo e organizziamo progetti di formazione su larga scala per i manager e le loro squadre dal 2003 grazie a una ingegneria pedagogica...\",\"publisher\":{\"@id\":\"https:\/\/www.halifax-consulting.com\/it\/#organization\"},\"potentialAction\":[{\"@type\":\"SearchAction\",\"target\":{\"@type\":\"EntryPoint\",\"urlTemplate\":\"https:\/\/www.halifax-consulting.com\/it\/?s={search_term_string}\"},\"query-input\":\"required name=search_term_string\"}],\"inLanguage\":\"it-IT\"},{\"@type\":\"Organization\",\"@id\":\"https:\/\/www.halifax-consulting.com\/it\/#organization\",\"name\":\"Halifax Consulting\",\"url\":\"https:\/\/www.halifax-consulting.com\/it\/\",\"logo\":{\"@type\":\"ImageObject\",\"inLanguage\":\"it-IT\",\"@id\":\"https:\/\/www.halifax-consulting.com\/it\/#\/schema\/logo\/image\/\",\"url\":\"https:\/\/www.halifax-consulting.com\/it\/wp-content\/uploads\/sites\/10\/2020\/06\/Halifax_logo_EN_Transp.png\",\"contentUrl\":\"https:\/\/www.halifax-consulting.com\/it\/wp-content\/uploads\/sites\/10\/2020\/06\/Halifax_logo_EN_Transp.png\",\"width\":886,\"height\":886,\"caption\":\"Halifax Consulting\"},\"image\":{\"@id\":\"https:\/\/www.halifax-consulting.com\/it\/#\/schema\/logo\/image\/\"}}]}<\/script>\n<!-- \/ Yoast SEO plugin. -->","yoast_head_json":{"title":"Diagnosi dell'organizzazione di vendita e segmentazione del portafoglio clienti | Halifax Consulting \u2013 IT","description":"Una piattaforma completa che riunisce le energie dei vostri team di vendita attraverso una gestione strategica dei clienti ottimale...","canonical":"https:\/\/www.halifax-consulting.com\/it\/consulenza\/diagnosi-dellorganizzazione-di-vendita-e-segmentazione-del-portafoglio-clienti\/","og_locale":"it_IT","og_type":"article","og_title":"Diagnosi dell'organizzazione di vendita e segmentazione del portafoglio clienti | Halifax Consulting \u2013 IT","og_description":"Una piattaforma completa che riunisce le energie dei vostri team di vendita attraverso una gestione strategica dei clienti ottimale...","og_url":"https:\/\/www.halifax-consulting.com\/it\/consulenza\/diagnosi-dellorganizzazione-di-vendita-e-segmentazione-del-portafoglio-clienti\/","og_site_name":"Halifax Consulting \u2013 IT","article_modified_time":"2025-05-21T14:27:34+00:00","og_image":[{"width":8809,"height":1625,"url":"https:\/\/www.halifax-consulting.com\/it\/wp-content\/uploads\/sites\/10\/2023\/05\/visuel-bandeaux-autres-formations_venturi.png","type":"image\/png"}],"twitter_card":"summary_large_image","schema":{"@context":"https:\/\/schema.org","@graph":[{"@type":"WebPage","@id":"https:\/\/www.halifax-consulting.com\/it\/consulenza\/diagnosi-dellorganizzazione-di-vendita-e-segmentazione-del-portafoglio-clienti\/","url":"https:\/\/www.halifax-consulting.com\/it\/consulenza\/diagnosi-dellorganizzazione-di-vendita-e-segmentazione-del-portafoglio-clienti\/","name":"Diagnosi dell'organizzazione di vendita e segmentazione del portafoglio clienti | Halifax Consulting \u2013 IT","isPartOf":{"@id":"https:\/\/www.halifax-consulting.com\/it\/#website"},"datePublished":"2023-05-02T13:26:57+00:00","dateModified":"2025-05-21T14:27:34+00:00","description":"Una piattaforma completa che riunisce le energie dei vostri team di vendita attraverso una gestione strategica dei clienti ottimale...","breadcrumb":{"@id":"https:\/\/www.halifax-consulting.com\/it\/consulenza\/diagnosi-dellorganizzazione-di-vendita-e-segmentazione-del-portafoglio-clienti\/#breadcrumb"},"inLanguage":"it-IT","potentialAction":[{"@type":"ReadAction","target":["https:\/\/www.halifax-consulting.com\/it\/consulenza\/diagnosi-dellorganizzazione-di-vendita-e-segmentazione-del-portafoglio-clienti\/"]}]},{"@type":"BreadcrumbList","@id":"https:\/\/www.halifax-consulting.com\/it\/consulenza\/diagnosi-dellorganizzazione-di-vendita-e-segmentazione-del-portafoglio-clienti\/#breadcrumb","itemListElement":[{"@type":"ListItem","position":1,"name":"Accueil","item":"https:\/\/www.halifax-consulting.com\/it\/"},{"@type":"ListItem","position":2,"name":"Consulenza","item":"https:\/\/www.halifax-consulting.com\/it\/consulenza\/"},{"@type":"ListItem","position":3,"name":"Diagnosi dell&rsquo;organizzazione di vendita e segmentazione del portafoglio clienti"}]},{"@type":"WebSite","@id":"https:\/\/www.halifax-consulting.com\/it\/#website","url":"https:\/\/www.halifax-consulting.com\/it\/","name":"Halifax Consulting \u2013 IT","description":"Halifax \u00e8 un societ\u00e0 di consulenza internazionale specializzata in negoziazione e performance commerciale. Disegniamo e organizziamo progetti di formazione su larga scala per i manager e le loro squadre dal 2003 grazie a una ingegneria pedagogica...","publisher":{"@id":"https:\/\/www.halifax-consulting.com\/it\/#organization"},"potentialAction":[{"@type":"SearchAction","target":{"@type":"EntryPoint","urlTemplate":"https:\/\/www.halifax-consulting.com\/it\/?s={search_term_string}"},"query-input":"required name=search_term_string"}],"inLanguage":"it-IT"},{"@type":"Organization","@id":"https:\/\/www.halifax-consulting.com\/it\/#organization","name":"Halifax Consulting","url":"https:\/\/www.halifax-consulting.com\/it\/","logo":{"@type":"ImageObject","inLanguage":"it-IT","@id":"https:\/\/www.halifax-consulting.com\/it\/#\/schema\/logo\/image\/","url":"https:\/\/www.halifax-consulting.com\/it\/wp-content\/uploads\/sites\/10\/2020\/06\/Halifax_logo_EN_Transp.png","contentUrl":"https:\/\/www.halifax-consulting.com\/it\/wp-content\/uploads\/sites\/10\/2020\/06\/Halifax_logo_EN_Transp.png","width":886,"height":886,"caption":"Halifax Consulting"},"image":{"@id":"https:\/\/www.halifax-consulting.com\/it\/#\/schema\/logo\/image\/"}}]}},"_links":{"self":[{"href":"https:\/\/www.halifax-consulting.com\/it\/wp-json\/wp\/v2\/pages\/2544"}],"collection":[{"href":"https:\/\/www.halifax-consulting.com\/it\/wp-json\/wp\/v2\/pages"}],"about":[{"href":"https:\/\/www.halifax-consulting.com\/it\/wp-json\/wp\/v2\/types\/page"}],"author":[{"embeddable":true,"href":"https:\/\/www.halifax-consulting.com\/it\/wp-json\/wp\/v2\/users\/17"}],"replies":[{"embeddable":true,"href":"https:\/\/www.halifax-consulting.com\/it\/wp-json\/wp\/v2\/comments?post=2544"}],"version-history":[{"count":4,"href":"https:\/\/www.halifax-consulting.com\/it\/wp-json\/wp\/v2\/pages\/2544\/revisions"}],"predecessor-version":[{"id":3419,"href":"https:\/\/www.halifax-consulting.com\/it\/wp-json\/wp\/v2\/pages\/2544\/revisions\/3419"}],"up":[{"embeddable":true,"href":"https:\/\/www.halifax-consulting.com\/it\/wp-json\/wp\/v2\/pages\/1441"}],"wp:featuredmedia":[{"embeddable":true,"href":"https:\/\/www.halifax-consulting.com\/it\/wp-json\/wp\/v2\/media\/2572"}],"wp:attachment":[{"href":"https:\/\/www.halifax-consulting.com\/it\/wp-json\/wp\/v2\/media?parent=2544"}],"wp:term":[{"taxonomy":"category","embeddable":true,"href":"https:\/\/www.halifax-consulting.com\/it\/wp-json\/wp\/v2\/categories?post=2544"}],"curies":[{"name":"wp","href":"https:\/\/api.w.org\/{rel}","templated":true}]}}